{"id":257604,"date":"2026-04-07T17:51:11","date_gmt":"2026-04-07T15:51:11","guid":{"rendered":"https:\/\/r3i.org\/r3i-editorial-02-26\/"},"modified":"2026-04-07T17:55:25","modified_gmt":"2026-04-07T15:55:25","slug":"r3i-editorial-02-26","status":"publish","type":"page","link":"https:\/\/r3i.org\/es\/r3i-editorial-02-26\/","title":{"rendered":"R3i Editorial 02\/26"},"content":{"rendered":"<p>[et_pb_section fb_built=\u00bb1&#8243; admin_label=\u00bbHeader\u00bb _builder_version=\u00bb4.27.4&#8243; _module_preset=\u00bb35f37621-1062-4ae6-955d-76a3167a2aa8&#8243; background_image=\u00bbhttps:\/\/r3i.org\/wp-content\/uploads\/2024\/12\/pexels-pixabay-267582.jpg\u00bb parallax=\u00bbon\u00bb min_height=\u00bb280.8px\u00bb min_height_tablet=\u00bb367px\u00bb min_height_phone=\u00bb262.4px\u00bb min_height_last_edited=\u00bbon|phone\u00bb height=\u00bb289px\u00bb height_tablet=\u00bb289px\u00bb height_phone=\u00bb159px\u00bb height_last_edited=\u00bbon|phone\u00bb custom_margin_tablet=\u00bb\u00bb custom_margin_phone=\u00bb-17px||||false|false\u00bb custom_margin_last_edited=\u00bbon|phone\u00bb custom_padding=\u00bb0vw||0vw||true|false\u00bb collapsed=\u00bbon\u00bb global_colors_info=\u00bb{%22gcid-primary-color%22:%91%22quote_text_color%22,%22background_color_gradient_stops%22%93}\u00bb][et_pb_row _builder_version=\u00bb4.27.4&#8243; _module_preset=\u00bbdefault\u00bb global_colors_info=\u00bb{}\u00bb][et_pb_column type=\u00bb4_4&#8243; _builder_version=\u00bb4.27.0&#8243; _module_preset=\u00bbdefault\u00bb global_colors_info=\u00bb{}\u00bb][et_pb_text _builder_version=\u00bb4.27.4&#8243; _module_preset=\u00bbdefault\u00bb text_text_color=\u00bb#FFFFFF\u00bb header_2_text_color=\u00bb#FFFFFF\u00bb custom_padding=\u00bb1px|||||\u00bb global_colors_info=\u00bb{}\u00bb]<\/p>\n<h2>Editoriales R3i<\/h2>\n<p>[\/et_pb_text][et_pb_text _builder_version=\u00bb4.27.4&#8243; _module_preset=\u00bbdefault\u00bb text_text_color=\u00bb#FFFFFF\u00bb custom_margin=\u00bb-22px|||||\u00bb custom_margin_tablet=\u00bb-22px|||||\u00bb custom_margin_phone=\u00bb-35px||||false|false\u00bb custom_margin_last_edited=\u00bbon|phone\u00bb text_font_size_tablet=\u00bb\u00bb text_font_size_phone=\u00bb13px\u00bb text_font_size_last_edited=\u00bbon|phone\u00bb text_line_height_tablet=\u00bb\u00bb text_line_height_phone=\u00bb1.4em\u00bb text_line_height_last_edited=\u00bbon|phone\u00bb global_colors_info=\u00bb{}\u00bb]<\/p>\n<p><span data-sheets-root=\"1\">Los editoriales de R3i, creados por miembros de la junta de R3i, se centran en abordar los retos persistentes del riesgo cardiovascular residual. Estos editoriales sirven para educar a los profesionales sanitarios sobre los nuevos conocimientos y estrategias terap\u00e9uticas relacionados con los factores de riesgo lip\u00eddicos, como las lipoprote\u00ednas ricas en triglic\u00e9ridos y la lipoprote\u00edna(a). <\/span><\/p>\n<p>[\/et_pb_text][\/et_pb_column][\/et_pb_row][\/et_pb_section][et_pb_section fb_built=\u00bb1&#8243; _builder_version=\u00bb4.27.3&#8243; _module_preset=\u00bbdefault\u00bb custom_margin=\u00bb-49px|||||\u00bb custom_padding=\u00bb2px||40px|||\u00bb global_colors_info=\u00bb{}\u00bb][et_pb_row _builder_version=\u00bb4.27.4&#8243; _module_preset=\u00bbdefault\u00bb global_colors_info=\u00bb{}\u00bb][et_pb_column type=\u00bb4_4&#8243; _builder_version=\u00bb4.27.4&#8243; _module_preset=\u00bbdefault\u00bb global_colors_info=\u00bb{}\u00bb][et_pb_text _builder_version=\u00bb4.27.4&#8243; _module_preset=\u00bbdefault\u00bb header_2_text_color=\u00bbgcid-primary-color\u00bb custom_margin=\u00bb||-13px|||\u00bb custom_padding=\u00bb9px|||27px|false|false\u00bb global_colors_info=\u00bb{%22gcid-primary-color%22:%91%22quote_text_color%22,%22header_2_text_color%22%93}\u00bb]<\/p>\n<h2>\u00daltimo editorial<\/h2>\n<p>[\/et_pb_text][\/et_pb_column][\/et_pb_row][et_pb_row column_structure=\u00bb1_2,1_2&#8243; _builder_version=\u00bb4.27.4&#8243; _module_preset=\u00bbdefault\u00bb border_radii=\u00bboff|13px|13px|13px|13px\u00bb border_width_all=\u00bb4px\u00bb border_color_all=\u00bbgcid-b673dc17-1b2a-464e-affa-1bf1ab41c0fd\u00bb border_width_all_tablet=\u00bb4px\u00bb border_width_all_phone=\u00bb0px\u00bb border_width_all_last_edited=\u00bbon|phone\u00bb border_color_all_tablet=\u00bbgcid-b673dc17-1b2a-464e-affa-1bf1ab41c0fd\u00bb border_color_all_phone=\u00bbgcid-b673dc17-1b2a-464e-affa-1bf1ab41c0fd\u00bb border_color_all_last_edited=\u00bbon|phone\u00bb box_shadow_style=\u00bbpreset2&#8243; global_colors_info=\u00bb{%22gcid-b673dc17-1b2a-464e-affa-1bf1ab41c0fd%22:%91%22border_color_all%22%93}\u00bb][et_pb_column type=\u00bb1_2&#8243; _builder_version=\u00bb4.27.4&#8243; _module_preset=\u00bbdefault\u00bb global_colors_info=\u00bb{}\u00bb][et_pb_text _builder_version=\u00bb4.27.4&#8243; _module_preset=\u00bbdefault\u00bb text_font_size=\u00bb14px\u00bb header_5_text_color=\u00bbgcid-4907c8d4-9eff-49de-91ce-43a2d3a729cf\u00bb header_6_text_color=\u00bbgcid-secondary-color\u00bb inline_fonts=\u00bbAbyssinica SIL\u00bb global_colors_info=\u00bb{%22gcid-primary-color%22:%91%22quote_text_color%22,%22quote_text_color%22,%22quote_text_color%22%93,%22gcid-4907c8d4-9eff-49de-91ce-43a2d3a729cf%22:%91%22header_5_text_color%22%93,%22gcid-secondary-color%22:%91%22header_6_text_color%22%93}\u00bb]<\/p>\n<h5 style=\"text-align: center;\"><span style=\"font-family: 'Abyssinica SIL'; font-weight: normal; font-size: small;\">febrero de 2026<\/span><\/h5>\n<h5 style=\"text-align: center;\">\u00bfEl futuro es el riesgo residual personalizado?<\/h5>\n<h6 style=\"text-align: center;\"><span lang=\"EN-GB\"><a href=\"https:\/\/r3i.org\/peter-libby\/\">Prof. Peter Libby<\/a>, <\/span><span lang=\"EN-GB\"><a href=\"https:\/\/r3i.org\/michel-hermans\/\">Prof. Michel Hermans<\/a>, <a href=\"https:\/\/r3i.org\/pierre-amarenco\/\">Prof. Pierre Amarenco<\/a>, <a href=\"https:\/\/r3i.org\/lale-tokgozoglu\/\">Prof. Lale Tokg\u00f6zoglu <\/a><\/span> <\/h6>\n<p>A pesar de los avances en las estrategias intervencionistas y los tratamientos farmacol\u00f3gicos, el riesgo cardiovascular residual sigue siendo un importante desaf\u00edo cl\u00ednico. Nuevos conocimientos refuerzan la interacci\u00f3n entre la contribuci\u00f3n de m\u00faltiples factores y la necesidad de un enfoque personalizado del tratamiento, m\u00e1s all\u00e1 de los factores de riesgo tradicionales. <\/p>\n<p>Los l\u00edpidos contin\u00faan siendo un eje central en el abordaje del riesgo residual. La lipoprote\u00edna (a) [Lp(a)], un factor de riesgo gen\u00e9ticamente determinado, independiente y causal, que no se controla eficazmente mediante cambios en el estilo de vida ni con las terapias hipolipemiantes est\u00e1ndar actuales, ha cobrado creciente relevancia debido al desarrollo de nuevos f\u00e1rmacos capaces de reducir sustancialmente su concentraci\u00f3n (1). Las terapias basadas en ARN que act\u00faan espec\u00edficamente sobre la Lp(a), como el oligonucle\u00f3tido antisentido pelacarsen y los siRNA como olpasir\u00e1n, lepodisiran y zerlasiran, ofrecen reducciones potentes y sostenidas de la Lp(a) (2). Los indicios definitivos sobre el papel de la reducci\u00f3n de la Lp(a) en el riesgo residual depender\u00e1 de los resultados de los estudios de desenlaces cardiovasculares actualmente en curso, como HORIZON y OCEAN(a) (3,4). La Lp(a) tambi\u00e9n podr\u00eda desempe\u00f1ar un papel en el infarto de miocardio de inicio temprano (5) y participa de manera causal en la estenosis a\u00f3rtica, lo que sugiere otras afecciones que podr\u00edan mejorar gracias a terapias espec\u00edficas dirigidas a reducir la Lp(a). Asimismo, el colesterol remanente \u2014el colesterol presente en las lipoprote\u00ednas ricas en triglic\u00e9ridos\u2014 contin\u00faa siendo objeto de debate. Se est\u00e1n investigando nuevos tratamientos dirigidos a la apolipoprote\u00edna CIII (APOC3) o ANGPTL3 para evaluar su efecto en los desenlaces cardiovasculares (6,7).     <\/p>\n<p>M\u00e1s all\u00e1 de los l\u00edpidos, existe evidencia concluyente del riesgo inflamatorio residual, a menudo evaluado mediante la prote\u00edna C-reactiva de alta sensibilidad (hsCRP). Estudios como CANTOS, que evalu\u00f3 un agente antiinflamatorio que act\u00faa en un punto posterior de la v\u00eda del inflamasoma NLRP3, as\u00ed como los ensayos COLCOT y LoDoCo2 con colchicina, demostraron reducciones en los eventos cardiovasculares (8\u201310). M\u00e1s recientemente, ziltivekimab, un inhibidor de la interleucina-6, redujo la hsCRP hasta en un 92% en personas con hsCRP elevada y nefropat\u00eda cr\u00f3nica (11); el ensayo ZEUS evaluar\u00e1 si la reducci\u00f3n de la hsCRP con este agente disminuye los episodios cardiovasculares graves (12).  <\/p>\n<p>Si bien el manejo \u00f3ptimo del riesgo residual lip\u00eddico e inflamatorio es fundamental, no elimina por completo el riesgo de recurrencia de episodios cardiovasculares. Los estudios gen\u00e9ticos han sido claves para identificar la prote\u00edna de uni\u00f3n intercelular asociada a la arteriopat\u00eda coronaria (JCAD) como un locus de riesgo para la enfermedad coronaria (13,14). Estudios farmacodin\u00e1micos posteriores han implicado a esta prote\u00edna como un posible biomarcador de riesgo tromb\u00f3tico residual, dada su doble participaci\u00f3n en la aterosclerosis y la trombosis (15). El informe de Enfoque de este mes analiza los hallazgos provenientes de dos cohortes prospectivas de pacientes con s\u00edndrome coronario agudo (SCA) (16), que mostraron que niveles plasm\u00e1ticos m\u00e1s elevados de JCAD se asociaron de manera independiente y concordante con un  <\/p>\n<p>[\/et_pb_text][\/et_pb_column][et_pb_column type=\u00bb1_2&#8243; _builder_version=\u00bb4.27.4&#8243; _module_preset=\u00bbdefault\u00bb global_colors_info=\u00bb{}\u00bb][et_pb_text _builder_version=\u00bb4.27.4&#8243; _module_preset=\u00bbdefault\u00bb text_text_color=\u00bbgcid-4907c8d4-9eff-49de-91ce-43a2d3a729cf\u00bb text_font_size=\u00bb14px\u00bb global_colors_info=\u00bb{%22gcid-primary-color%22:%91%22quote_text_color%22,%22quote_text_color%22,%22quote_text_color%22%93,%22gcid-4907c8d4-9eff-49de-91ce-43a2d3a729cf%22:%91%22text_text_color%22%93}\u00bb]<\/p>\n<p>un mayor riesgo de episodios cardiovasculares graves recurrentes. Esta asociaci\u00f3n estuvo presente independientemente del riesgo residual lip\u00eddico o inflamatorio. Adem\u00e1s, el estudio mostr\u00f3 que niveles plasm\u00e1ticos elevados de JCAD se asociaron de forma independiente con concentraciones m\u00e1s altas de biomarcadores de mediadores protromb\u00f3ticos y con deterioro de la fibrin\u00f3lisis end\u00f3gena en pacientes con SCA. En conjunto, estos hallazgos respaldan el papel de JCAD como biomarcador de riesgo tromb\u00f3tico y sugieren una posible diana terap\u00e9utica para abordar el riesgo residual que persiste en pacientes con SCA pese a recibir estrategias preventivas recomendadas por los lineamientos.   <\/p>\n<p>&nbsp;<\/p>\n<p>Como ilustra el ejemplo de JCAD, una comprensi\u00f3n profunda de los mecanismos y de la sinergia entre las distintas v\u00edas es fundamental para identificar nuevas dianas terap\u00e9uticas para tratar el riesgo residual. El uso de modelos predictivos integrados que eval\u00faen la gravedad y la extensi\u00f3n de la arteriopat\u00eda coronaria, con el apoyo de inteligencia artificial, ofrece la posibilidad de una estratificaci\u00f3n precisa de los pacientes con SCA para identificar las estrategias preventivas \u00f3ptimas. Un enfoque personalizado para el manejo del riesgo residual multifactorial se perfila como el camino a seguir en el futuro.  <\/p>\n<p>[\/et_pb_text][et_pb_text _builder_version=\u00bb4.27.4&#8243; _module_preset=\u00bbdefault\u00bb text_font_size=\u00bb8px\u00bb global_colors_info=\u00bb{}\u00bb]<\/p>\n<p><b>Referencias<\/b><\/p>\n<ol>\n<li style=\"list-style-type: none;\">\n<ol>\n<li>\n<ol>\n<li>Kronenberg F, Bor\u00e9n J, Ray KK. 2025 focused update of the 2019 ESC\/EAS guidelines for the management of dyslipidemias &#8211; Advancing evidence-based care through innovation. Atherosclerosis. 2025; doi: 10.1016\/j.atherosclerosis.2025.120487.<\/li>\n<li>Pirillo A, Catapano AL. Lipoprotein (a): A new target for pharmacological research and an option for treatment. Eur J Intern Med 2025;139:106425.<\/li>\n<li>Cho L, Nicholls SJ, Nordestgaard BG, et al. Design and rationale of Lp(a)HORIZON Trial: assessing the effect of lipoprotein(a) lowering with pelacarsen on major cardiovascular events in patients with CVD and elevated Lp(a). Am Heart J 2025;287:1-9.  <\/li>\n<li>Olpasiran Trials of Cardiovascular Events and Lipoprotein(a) Reduction (OCEAN(a)) &#8211; Outcomes Trial. NCT05581303.<\/li>\n<li>Ardissino A, Roberts A, Maglietta G et al. Genetic predisposition to elevated lipoprotein(a) in early-onset myocardial infarction. Eur J Prev Cardiol 2026; doi: 10.1093\/eurjpc\/zwag056.  <\/li>\n<li>Ginsberg HN, Packard CJ, Chapman MJ, et al. Triglyceride-rich lipoproteins and their remnants: metabolic insights, role in atherosclerotic cardiovascular disease, and emerging therapeutic strategies-a consensus statement from the European atherosclerosis society. Eur Heart J 2021;42:4791\u2013806.  <\/li>\n<li>Li X, Li ZF, Wu NQ. Remnant cholesterol and residual risk of atherosclerotic cardiovascular disease. Rev Cardiovasc Med 2025; doi: 10.31083\/RCM25985.  <\/li>\n<li>Ridker PM, Everett BM, Thuren T, et al. Tratamiento antiinflamatorio con canakinumab para la enfermedad ateroscler\u00f3tica. N Engl J Med 2017;377:1119-31.  <\/li>\n<li>Nidorf SM, Fiolet ATLL, Mosterd A, et al. Colchicine in patients with chronic coronary disease. N Engl J Med 2020;383:1\u201310.  <\/li>\n<li>Tardif J-C, Kouz S, Waters DD, et al. Efficacy and safety of low-dose colchicine after myocardial infarction. N Engl J Med 2019;381: 2497\u2013505.  <\/li>\n<li>Ridker PM, Devalaraja M, Baeres FMM, et al. IL-6 inhibition with ziltivekimab in patients at high atherosclerotic risk (RESCUE): a double-blind, randomised, placebo-controlled, phase 2 trial. Lancet 2021;397:2060-9.  <\/li>\n<li>Ridker PM, Baeres FMM, Hveplund A, et al. Rationale, design, and baseline clinical characteristics of the Ziltivekimab Cardiovascular Outcomes Trial: Interleukin-6 inhibition and atherosclerotic event rate reduction. JAMA Cardiol 2025; doi: 10.1001\/jamacardio.2025.4491.  <\/li>\n<li>Erdmann J, Willenborg C, Nahrstaedt J, et al. Genome-wide association study identifies a new locus for coronary artery disease on chromosome 10p11.23. Eur Heart J 2011;32:158\u201368.  <\/li>\n<li>Coronary Artery Disease (C4D) Genetics Consortium. A genome-wide association study in Europeans and South Asians identifies five new loci for coronary artery disease. Nat Genet 2011;43:339\u201344.  <\/li>\n<li>Liberale L, Puspitasari YM, Ministrini S, et al. JCAD promotes arterial thrombosis through PI3K\/Akt modulation: a translational study. Eur Heart J 2023;44:1818\u201333.  <\/li>\n<li>Kraler S, Liberale L, Tirandi A, et al. The junctional protein associated with coronary artery disease predicts adverse cardiovascular events in patients with acute coronary syndromes at high residual risk. Eur Heart J 2025; doi.org\/10.1093\/eurheartj\/ehaf979.  <\/li>\n<\/ol>\n<p>&nbsp;<\/p>\n<p><em>Key words: Residual risk; Residual lipid risk; Residual inflammatory risk; Thrombotic risk; JCAD<\/em><\/p>\n<\/li>\n<\/ol>\n<\/li>\n<\/ol>\n<ol>\n<li style=\"list-style-type: none;\">\n<\/li>\n<\/ol>\n<p>[\/et_pb_text][\/et_pb_column][\/et_pb_row][\/et_pb_section]<\/p>\n","protected":false},"excerpt":{"rendered":"<p>Editoriales R3iLos editoriales de R3i, creados por miembros de la junta de R3i, se centran en abordar los retos persistentes del riesgo cardiovascular residual. Estos editoriales sirven para educar a los profesionales sanitarios sobre los nuevos conocimientos y estrategias terap\u00e9uticas relacionados con los factores de riesgo lip\u00eddicos, como las lipoprote\u00ednas ricas en triglic\u00e9ridos y la [&hellip;]<\/p>\n","protected":false},"author":258497325,"featured_media":0,"parent":0,"menu_order":0,"comment_status":"closed","ping_status":"closed","template":"","meta":{"_et_pb_use_builder":"on","_et_pb_old_content":"","_et_gb_content_width":"","_crdt_document":"","footnotes":""},"class_list":["post-257604","page","type-page","status-publish","hentry"],"yoast_head":"<!-- This site is optimized with the Yoast SEO plugin v27.4 - https:\/\/yoast.com\/product\/yoast-seo-wordpress\/ -->\n<title>R3i Editorial 02\/26 - R3I<\/title>\n<meta name=\"robots\" content=\"index, follow, max-snippet:-1, max-image-preview:large, max-video-preview:-1\" \/>\n<link rel=\"canonical\" href=\"https:\/\/r3i.org\/es\/r3i-editorial-02-26\/\" \/>\n<meta property=\"og:locale\" content=\"es_ES\" \/>\n<meta property=\"og:type\" content=\"article\" \/>\n<meta property=\"og:title\" content=\"R3i Editorial 02\/26 - R3I\" \/>\n<meta property=\"og:description\" content=\"Editoriales R3iLos editoriales de R3i, creados por miembros de la junta de R3i, se centran en abordar los retos persistentes del riesgo cardiovascular residual. Estos editoriales sirven para educar a los profesionales sanitarios sobre los nuevos conocimientos y estrategias terap\u00e9uticas relacionados con los factores de riesgo lip\u00eddicos, como las lipoprote\u00ednas ricas en triglic\u00e9ridos y la [&hellip;]\" \/>\n<meta property=\"og:url\" content=\"https:\/\/r3i.org\/es\/r3i-editorial-02-26\/\" \/>\n<meta property=\"og:site_name\" content=\"R3I\" \/>\n<meta property=\"article:modified_time\" content=\"2026-04-07T15:55:25+00:00\" \/>\n<meta name=\"twitter:card\" content=\"summary_large_image\" \/>\n<meta name=\"twitter:label1\" content=\"Tiempo de lectura\" \/>\n\t<meta name=\"twitter:data1\" content=\"9 minutos\" \/>\n<script type=\"application\/ld+json\" class=\"yoast-schema-graph\">{\"@context\":\"https:\\\/\\\/schema.org\",\"@graph\":[{\"@type\":\"WebPage\",\"@id\":\"https:\\\/\\\/r3i.org\\\/es\\\/r3i-editorial-02-26\\\/\",\"url\":\"https:\\\/\\\/r3i.org\\\/es\\\/r3i-editorial-02-26\\\/\",\"name\":\"R3i Editorial 02\\\/26 - R3I\",\"isPartOf\":{\"@id\":\"https:\\\/\\\/r3i.org\\\/es\\\/#website\"},\"datePublished\":\"2026-04-07T15:51:11+00:00\",\"dateModified\":\"2026-04-07T15:55:25+00:00\",\"breadcrumb\":{\"@id\":\"https:\\\/\\\/r3i.org\\\/es\\\/r3i-editorial-02-26\\\/#breadcrumb\"},\"inLanguage\":\"es\",\"potentialAction\":[{\"@type\":\"ReadAction\",\"target\":[\"https:\\\/\\\/r3i.org\\\/es\\\/r3i-editorial-02-26\\\/\"]}]},{\"@type\":\"BreadcrumbList\",\"@id\":\"https:\\\/\\\/r3i.org\\\/es\\\/r3i-editorial-02-26\\\/#breadcrumb\",\"itemListElement\":[{\"@type\":\"ListItem\",\"position\":1,\"name\":\"Home\",\"item\":\"https:\\\/\\\/r3i.org\\\/es\\\/\"},{\"@type\":\"ListItem\",\"position\":2,\"name\":\"R3i Editorial 02\\\/26\"}]},{\"@type\":\"WebSite\",\"@id\":\"https:\\\/\\\/r3i.org\\\/es\\\/#website\",\"url\":\"https:\\\/\\\/r3i.org\\\/es\\\/\",\"name\":\"R3I\",\"description\":\"Residual Risk Reduction Initiative\",\"publisher\":{\"@id\":\"https:\\\/\\\/r3i.org\\\/es\\\/#organization\"},\"potentialAction\":[{\"@type\":\"SearchAction\",\"target\":{\"@type\":\"EntryPoint\",\"urlTemplate\":\"https:\\\/\\\/r3i.org\\\/es\\\/?s={search_term_string}\"},\"query-input\":{\"@type\":\"PropertyValueSpecification\",\"valueRequired\":true,\"valueName\":\"search_term_string\"}}],\"inLanguage\":\"es\"},{\"@type\":\"Organization\",\"@id\":\"https:\\\/\\\/r3i.org\\\/es\\\/#organization\",\"name\":\"R3I\",\"url\":\"https:\\\/\\\/r3i.org\\\/es\\\/\",\"logo\":{\"@type\":\"ImageObject\",\"inLanguage\":\"es\",\"@id\":\"https:\\\/\\\/r3i.org\\\/es\\\/#\\\/schema\\\/logo\\\/image\\\/\",\"url\":\"https:\\\/\\\/i0.wp.com\\\/r3i.org\\\/wp-content\\\/uploads\\\/2024\\\/11\\\/r3i-logo-transp-1.png?fit=1601%2C834&ssl=1\",\"contentUrl\":\"https:\\\/\\\/i0.wp.com\\\/r3i.org\\\/wp-content\\\/uploads\\\/2024\\\/11\\\/r3i-logo-transp-1.png?fit=1601%2C834&ssl=1\",\"width\":1601,\"height\":834,\"caption\":\"R3I\"},\"image\":{\"@id\":\"https:\\\/\\\/r3i.org\\\/es\\\/#\\\/schema\\\/logo\\\/image\\\/\"}}]}<\/script>\n<!-- \/ Yoast SEO plugin. -->","yoast_head_json":{"title":"R3i Editorial 02\/26 - R3I","robots":{"index":"index","follow":"follow","max-snippet":"max-snippet:-1","max-image-preview":"max-image-preview:large","max-video-preview":"max-video-preview:-1"},"canonical":"https:\/\/r3i.org\/es\/r3i-editorial-02-26\/","og_locale":"es_ES","og_type":"article","og_title":"R3i Editorial 02\/26 - R3I","og_description":"Editoriales R3iLos editoriales de R3i, creados por miembros de la junta de R3i, se centran en abordar los retos persistentes del riesgo cardiovascular residual. Estos editoriales sirven para educar a los profesionales sanitarios sobre los nuevos conocimientos y estrategias terap\u00e9uticas relacionados con los factores de riesgo lip\u00eddicos, como las lipoprote\u00ednas ricas en triglic\u00e9ridos y la [&hellip;]","og_url":"https:\/\/r3i.org\/es\/r3i-editorial-02-26\/","og_site_name":"R3I","article_modified_time":"2026-04-07T15:55:25+00:00","twitter_card":"summary_large_image","twitter_misc":{"Tiempo de lectura":"9 minutos"},"schema":{"@context":"https:\/\/schema.org","@graph":[{"@type":"WebPage","@id":"https:\/\/r3i.org\/es\/r3i-editorial-02-26\/","url":"https:\/\/r3i.org\/es\/r3i-editorial-02-26\/","name":"R3i Editorial 02\/26 - R3I","isPartOf":{"@id":"https:\/\/r3i.org\/es\/#website"},"datePublished":"2026-04-07T15:51:11+00:00","dateModified":"2026-04-07T15:55:25+00:00","breadcrumb":{"@id":"https:\/\/r3i.org\/es\/r3i-editorial-02-26\/#breadcrumb"},"inLanguage":"es","potentialAction":[{"@type":"ReadAction","target":["https:\/\/r3i.org\/es\/r3i-editorial-02-26\/"]}]},{"@type":"BreadcrumbList","@id":"https:\/\/r3i.org\/es\/r3i-editorial-02-26\/#breadcrumb","itemListElement":[{"@type":"ListItem","position":1,"name":"Home","item":"https:\/\/r3i.org\/es\/"},{"@type":"ListItem","position":2,"name":"R3i Editorial 02\/26"}]},{"@type":"WebSite","@id":"https:\/\/r3i.org\/es\/#website","url":"https:\/\/r3i.org\/es\/","name":"R3I","description":"Residual Risk Reduction Initiative","publisher":{"@id":"https:\/\/r3i.org\/es\/#organization"},"potentialAction":[{"@type":"SearchAction","target":{"@type":"EntryPoint","urlTemplate":"https:\/\/r3i.org\/es\/?s={search_term_string}"},"query-input":{"@type":"PropertyValueSpecification","valueRequired":true,"valueName":"search_term_string"}}],"inLanguage":"es"},{"@type":"Organization","@id":"https:\/\/r3i.org\/es\/#organization","name":"R3I","url":"https:\/\/r3i.org\/es\/","logo":{"@type":"ImageObject","inLanguage":"es","@id":"https:\/\/r3i.org\/es\/#\/schema\/logo\/image\/","url":"https:\/\/i0.wp.com\/r3i.org\/wp-content\/uploads\/2024\/11\/r3i-logo-transp-1.png?fit=1601%2C834&ssl=1","contentUrl":"https:\/\/i0.wp.com\/r3i.org\/wp-content\/uploads\/2024\/11\/r3i-logo-transp-1.png?fit=1601%2C834&ssl=1","width":1601,"height":834,"caption":"R3I"},"image":{"@id":"https:\/\/r3i.org\/es\/#\/schema\/logo\/image\/"}}]}},"jetpack_likes_enabled":true,"jetpack_sharing_enabled":true,"jetpack_shortlink":"https:\/\/wp.me\/Pgbfv2-150U","jetpack-related-posts":[],"_links":{"self":[{"href":"https:\/\/r3i.org\/es\/wp-json\/wp\/v2\/pages\/257604","targetHints":{"allow":["GET"]}}],"collection":[{"href":"https:\/\/r3i.org\/es\/wp-json\/wp\/v2\/pages"}],"about":[{"href":"https:\/\/r3i.org\/es\/wp-json\/wp\/v2\/types\/page"}],"author":[{"embeddable":true,"href":"https:\/\/r3i.org\/es\/wp-json\/wp\/v2\/users\/258497325"}],"replies":[{"embeddable":true,"href":"https:\/\/r3i.org\/es\/wp-json\/wp\/v2\/comments?post=257604"}],"version-history":[{"count":2,"href":"https:\/\/r3i.org\/es\/wp-json\/wp\/v2\/pages\/257604\/revisions"}],"predecessor-version":[{"id":257606,"href":"https:\/\/r3i.org\/es\/wp-json\/wp\/v2\/pages\/257604\/revisions\/257606"}],"wp:attachment":[{"href":"https:\/\/r3i.org\/es\/wp-json\/wp\/v2\/media?parent=257604"}],"curies":[{"name":"wp","href":"https:\/\/api.w.org\/{rel}","templated":true}]}}