{"id":257434,"date":"2025-11-18T19:01:48","date_gmt":"2025-11-18T18:01:48","guid":{"rendered":"https:\/\/r3i.org\/hito-reduce-lo-el-icosapent-etilico-reduce-el-riesgo-cardiovascular-incluso-con-un-ldl-c-bajo\/"},"modified":"2026-03-05T18:02:55","modified_gmt":"2026-03-05T17:02:55","slug":"hito-reduce-lo-el-icosapent-etilico-reduce-el-riesgo-cardiovascular-incluso-con-un-ldl-c-bajo","status":"publish","type":"page","link":"https:\/\/r3i.org\/es\/hito-reduce-lo-el-icosapent-etilico-reduce-el-riesgo-cardiovascular-incluso-con-un-ldl-c-bajo\/","title":{"rendered":"Hito &#8211; REDUCE-LO: El Icosapent et\u00edlico reduce el riesgo cardiovascular incluso con un LDL-C bajo"},"content":{"rendered":"<p>[et_pb_section fb_built=\u00bb1&#8243; _builder_version=\u00bb4.27.4&#8243; _module_preset=\u00bbdefault\u00bb custom_padding=\u00bb1px|||||\u00bb global_colors_info=\u00bb{}\u00bb][et_pb_row _builder_version=\u00bb4.27.4&#8243; _module_preset=\u00bbdefault\u00bb global_colors_info=\u00bb{}\u00bb][et_pb_column type=\u00bb4_4&#8243; _builder_version=\u00bb4.27.4&#8243; _module_preset=\u00bbdefault\u00bb global_colors_info=\u00bb{}\u00bb][et_pb_text _builder_version=\u00bb4.27.4&#8243; _module_preset=\u00bbdefault\u00bb header_2_text_color=\u00bbgcid-primary-color\u00bb header_5_text_color=\u00bbgcid-secondary-color\u00bb text_orientation=\u00bbcenter\u00bb width=\u00bb99%\u00bb custom_margin=\u00bb|-147px||||\u00bb custom_padding=\u00bb|0px||||\u00bb hover_enabled=\u00bb0&#8243; global_colors_info=\u00bb{%22gcid-primary-color%22:%91%22quote_text_color%22,%22quote_text_color%22,%22quote_text_color%22,%22header_2_text_color%22%93,%22gcid-secondary-color%22:%91%22header_5_text_color%22%93}\u00bb sticky_enabled=\u00bb0&#8243;]<\/p>\n<h2>REDUCE-LO: El Icosapent et\u00edlico reduce el riesgo cardiovascular incluso con un LDL-C bajo<\/h2>\n<h5><span>August 2025<\/span><\/h5>\n<div class=\"summary\">\n<div class=\"summary\">\n<div class=\"summary\">\n<div class=\"summary\">\n<div class=\"summary\">\n<div class=\"summary\">\n<div class=\"summary\">\n<p><em>En este an\u00e1lisis de REDUCE-IT, las dosis altas de icosapent etilo redujeron los episodios cardiovasculares en un 34% entre los pacientes de alto riesgo cardiovascular con triglic\u00e9ridos elevados, incluso entre los que ten\u00edan niveles de colesterol de lipoprote\u00ednas de baja densidad por debajo de los objetivos recomendados por las directrices.<\/em><\/p>\n<p><em>Aggarwal R, Bhatt DL, Steg PG, et al. Cardiovascular outcomes with icosapent ethyl by baseline low-density lipoprotein cholesterol: a secondary analysis of the REDUCE-IT randomized trial. J Am Heart Assoc. 2025;14(5):e038656.    <\/em><\/p>\n<p><em> <\/em><\/p>\n<p><strong>RESUMEN DEL ESTUDIO<\/strong><\/p>\n<table width=\"641\">\n<tbody>\n<tr>\n<td width=\"93\">\n<p><strong>Objetivo<\/strong><\/p>\n<\/td>\n<td width=\"532\">\n<p>Determinar la eficacia del icosapent et\u00edlico en comparaci\u00f3n con el placebo para la reducci\u00f3n de los acontecimientos cardiovasculares entre los pacientes estratificados seg\u00fan el colesterol de lipoprote\u00ednas de baja densidad (LDL-C) basal.<\/p>\n<p>&nbsp;<\/p>\n<\/td>\n<td width=\"16\">\n<p>&nbsp;<\/p>\n<\/td>\n<\/tr>\n<tr>\n<td width=\"93\">\n<p><strong>Dise\u00f1o del estudio<\/strong><\/p>\n<\/td>\n<td width=\"532\">\n<p>REDUCE-IT (Reduction of Cardiovascular Events With Icosapent Ethyl-Intervention Trial) fue un ensayo doble ciego, aleatorizado y controlado con placebo en pacientes de alto riesgo cardiovascular (de edad \u226545 a\u00f1os con enfermedad cardiovascular o \u226550 a\u00f1os con diabetes y \u22651 factor de riesgo cardiovascular). Los pacientes deb\u00edan estar en tratamiento con estatinas durante al menos 4 semanas, y ten\u00edan niveles de triglic\u00e9ridos entre 135 y 499 mg\/dL y niveles de LDL- C entre 41 y 100 mg\/dL. Los pacientes elegibles fueron aleatorizados a icosapent et\u00edlico (2 g dos veces al d\u00eda) o placebo. En este informe se analiza un an\u00e1lisis secundario post hoc de REDUCE-IT.   <\/p>\n<p>&nbsp;<\/p>\n<\/td>\n<td width=\"16\">\n<p>&nbsp;<\/p>\n<\/td>\n<\/tr>\n<tr>\n<td width=\"93\">\n<p><strong>Variable principal del estudio<\/strong><\/p>\n<p><strong> <\/strong><\/p>\n<\/td>\n<td width=\"532\">\n<p>El objetivo primario fue una combinaci\u00f3n de muerte cardiovascular, infarto de miocardio no mortal, ictus no mortal, revascularizaci\u00f3n coronaria o angina inestable.<\/p>\n<p>&nbsp;<\/p>\n<\/td>\n<td width=\"16\">\n<p>&nbsp;<\/p>\n<\/td>\n<\/tr>\n<tr>\n<td width=\"93\">\n<p><strong>M\u00e9todos<\/strong><\/p>\n<\/td>\n<td colspan=\"2\" width=\"548\">\n<p>Se estratific\u00f3 a los pacientes seg\u00fan el LDL-C basal (&lt;55 mg\/dL o \u226555 mg\/dL), de acuerdo con los objetivos de LDL-C recomendados por las directrices para los pacientes de muy alto riesgo. Se determinaron los cocientes de riesgos (CRI) y los intervalos de confianza (IC) del 95% mediante un modelo de riesgos proporcionales de Cox para determinar el riesgo del punto final primario seg\u00fan el uso de icosapent et\u00edlico en comparaci\u00f3n con placebo. El modelo incluy\u00f3 un t\u00e9rmino de interacci\u00f3n para el grupo de LDL-C basal y el grupo de tratamiento.  <\/p>\n<p>&nbsp;<\/p>\n<\/td>\n<\/tr>\n<tr>\n<td width=\"93\">\n<p><strong>Principales resultados<\/strong><\/p>\n<\/td>\n<td colspan=\"2\" width=\"548\">\n<p>La poblaci\u00f3n del estudio incluy\u00f3 a 8175 pacientes, 7117 (87,1%) con un LDL-C basal \u226555 mg\/dL, y 1058 (12,9%) con un LDL-C &lt;55 mg\/dL. Las caracter\u00edsticas basales se resumen en <strong>la Tabla 1<\/strong>. <\/p>\n<p>&nbsp;<\/p>\n<p>&nbsp;<\/p>\n<p><strong>Tabla 1. Caracter\u00edsticas basales estratificadas por grupo de LDL-C basal  <\/strong><\/p>\n<table>\n<tbody>\n<tr>\n<td width=\"281\">\n<p>&nbsp;<\/p>\n<\/td>\n<td width=\"113\">\n<p>LDL-C \u226555 mg\/dL<\/p>\n<p>(n=7117)<\/p>\n<\/td>\n<td width=\"112\">\n<p>LDL-C &lt;55 mg\/dL<\/p>\n<p>(n=1058)<\/p>\n<\/td>\n<\/tr>\n<tr>\n<td width=\"281\">\n<p>&nbsp;<\/p>\n<\/td>\n<td width=\"113\">\n<p>&nbsp;<\/p>\n<\/td>\n<td width=\"112\">\n<p>&nbsp;<\/p>\n<\/td>\n<\/tr>\n<tr>\n<td width=\"281\">\n<p>Edad mediana (rango intercuart\u00edlico, RIQ), y<\/p>\n<\/td>\n<td width=\"113\">\n<p>64.0 (57.0-69.0)<\/p>\n<\/td>\n<td width=\"112\">\n<p>64.0 (58.0-70.0)<\/p>\n<\/td>\n<\/tr>\n<tr>\n<td width=\"281\">\n<p>Edad \u226565 a\u00f1os, n (%)<\/p>\n<\/td>\n<td width=\"113\">\n<p>3241 (45.5)<\/p>\n<\/td>\n<td width=\"112\">\n<p>521 (49.2)<\/p>\n<\/td>\n<\/tr>\n<tr>\n<td width=\"281\">\n<p>Mujer, n (%)<\/p>\n<\/td>\n<td width=\"113\">\n<p>2091 (29.4)<\/p>\n<\/td>\n<td width=\"112\">\n<p>265 (25.0)<\/p>\n<\/td>\n<\/tr>\n<tr>\n<td width=\"281\">\n<p>&nbsp;<\/p>\n<\/td>\n<td width=\"113\">\n<p>&nbsp;<\/p>\n<\/td>\n<td width=\"112\">\n<p>&nbsp;<\/p>\n<\/td>\n<\/tr>\n<tr>\n<td width=\"281\">\n<p>Prevenci\u00f3n secundaria, n (%)<\/p>\n<\/td>\n<td width=\"113\">\n<p>5055 (71.0)<\/p>\n<\/td>\n<td width=\"112\">\n<p>726 (68.6)<\/p>\n<\/td>\n<\/tr>\n<tr>\n<td width=\"281\">\n<p>Diabetes tipo 2, n (%)<\/p>\n<\/td>\n<td width=\"113\">\n<p>4042 (56.8)<\/p>\n<\/td>\n<td width=\"112\">\n<p>684 (64.7)<\/p>\n<\/td>\n<\/tr>\n<tr>\n<td width=\"281\">\n<p>Estatina de alta intensidad, n (%)<\/p>\n<\/td>\n<td width=\"113\">\n<p>2155 (30.3)<\/p>\n<\/td>\n<td width=\"112\">\n<p>359 (33.9)<\/p>\n<\/td>\n<\/tr>\n<tr>\n<td width=\"281\">\n<p>&nbsp;<\/p>\n<\/td>\n<td width=\"113\">\n<p>&nbsp;<\/p>\n<\/td>\n<td width=\"112\">\n<p>&nbsp;<\/p>\n<\/td>\n<\/tr>\n<tr>\n<td width=\"281\">\n<p>Triglic\u00e9ridos basales (mg\/dL), mediana (IQR)<\/p>\n<\/td>\n<td width=\"113\">\n<p>215.5 (175.0-270.0)<\/p>\n<\/td>\n<td width=\"112\">\n<p>228.0 (182.0-300.5)<\/p>\n<\/td>\n<\/tr>\n<tr>\n<td width=\"281\">\n<p>Triglic\u00e9ridos \u2265200 mg\/dL y HDL-C \u226435 mg\/dL, n (%)<\/p>\n<\/td>\n<td width=\"113\">\n<p>1302 (18.3)<\/p>\n<\/td>\n<td width=\"112\">\n<p>315 (29.8)<\/p>\n<\/td>\n<\/tr>\n<tr>\n<td width=\"281\">\n<p>LDL-C basal (mg\/dL), mediana (IQR)<\/p>\n<\/td>\n<td width=\"113\">\n<p>78.0 (67.0-91.0)<\/p>\n<\/td>\n<td width=\"112\">\n<p>47.5 (42.0-52.0)<\/p>\n<\/td>\n<\/tr>\n<\/tbody>\n<\/table>\n<p>&nbsp;<\/p>\n<p>El tratamiento con icosapent etilo fue igualmente eficaz en pacientes con un LDL-C basal \u226555 mg\/dL o un LDL-C &lt;55 mg\/dL. En los pacientes con LDL-C &lt;55 mg\/dL, el punto final compuesto primario se redujo en un 34% (incidencia del 16,2% con icosapent etilo frente al 22,8% con placebo, HR 0,66 [IC 95%, 0,50-0,87]). La reducci\u00f3n del riesgo absoluto (RRA) fue del 6,6% y el n\u00famero necesario a tratar (NNT) fue de 15 (p=0,003). Se observaron reducciones de riesgo relativas y absolutas similares en los pacientes con LDL-C \u226555 mg\/dL (17,4% frente a 21,9% con placebo, HR 0,76 [IC 95%, 0,69-0,85]), con una ARR de 4,5% y un NNT de 22 (p&lt;0,0001).   <\/p>\n<p>&nbsp;<\/p>\n<p>Entre los pacientes con enfermedad cardiovascular establecida, las reducciones del riesgo relativo y absoluto en el punto final primario con icosapent et\u00edlico frente a placebo fueron num\u00e9ricamente m\u00e1s pronunciadas entre los pacientes con LDL-C &lt;55 mg\/dL (HR 0,56 [IC 95% 0,41-0,77]; RRA 11,6%; p=0,0002) que en aquellos con LDL-C \u226555 mg\/dL (HR 0,75 [IC 95% 0,67-0,85]; RRA 5,4%; p&lt;0,0001).<\/p>\n<p>&nbsp;<\/p>\n<\/td>\n<\/tr>\n<tr>\n<td width=\"93\">\n<p><strong>Conclusiones del autor<\/strong><\/p>\n<\/td>\n<td colspan=\"2\" width=\"548\">\n<p>Entre los pacientes tratados con estatinas con triglic\u00e9ridos elevados y alto riesgo cardiovascular, el icosapent etil redujo la tasa de puntos finales cardiovasculares independientemente del LDL-C basal, incluso entre los pacientes elegibles con un control \u00f3ptimo del LDL-C.<\/p>\n<\/td>\n<\/tr>\n<\/tbody>\n<\/table>\n<p><strong>Comentario<\/strong><\/p>\n<p>Los resultados de este an\u00e1lisis secundario de REDUCE-IT muestran que el beneficio cardiovascular derivado del tratamiento con dosis altas de icosapent etil en pacientes de alto riesgo con triglic\u00e9ridos elevados fue constante incluso entre los que ten\u00edan niveles de LDL-C muy bien controlados, por debajo de los objetivos recomendados por las directrices (1,2). Los mecanismos subyacentes que contribuyen a este beneficio siguen siendo objeto de debate, aunque el consenso reciente implica v\u00edas no relacionadas con los triglic\u00e9ridos (3-5), especialmente dados los resultados neutros de otros estudios de resultados cardiovasculares que probaron terapias reductoras de los triglic\u00e9ridos en pacientes de alto riesgo cardiovascular, en particular PROMINENT y STRENGTH (6,7). Independientemente de las especificidades de estos mecanismos, los resultados de este an\u00e1lisis apoyan una estrategia de tratamiento lip\u00eddico integral del riesgo cardiovascular residual que persiste incluso entre los pacientes de alto riesgo cardiovascular con niveles de LDL-C muy bien controlados.  <\/p>\n<p>&nbsp;<\/p>\n<p>Hay que admitir que existen advertencias dado el dise\u00f1o post hoc de este an\u00e1lisis. Adem\u00e1s, en REDUCE-IT la aleatorizaci\u00f3n no se estratific\u00f3 seg\u00fan el LDL-C basal, lo que puede haber confundido los resultados. A pesar de ello, el mensaje que se desprende de este estudio es que el icosapent et\u00edlico tiene valor para reducir el riesgo cardiovascular residual, incluso entre los pacientes de alto riesgo cardiovascular que alcanzan los niveles de LDL-C recomendados por las directrices. Sin embargo, trasladar las recomendaciones de las directrices al \u00e1mbito cl\u00ednico sigue siendo problem\u00e1tico (8). De hecho, datos recientes del Registro CALLINICUS-Hellas (9) muestran que, entre los pacientes con un s\u00edndrome coronario agudo reciente, aproximadamente 1 de cada 4 que son elegibles para el tratamiento con icosapent etilo no reciben este tratamiento de forma rutinaria, lo que les deja en mayor riesgo de reinfarto de miocardio en un plazo de 12 meses. Es necesario mejorar la aplicaci\u00f3n de las directrices para contrarrestar esta baja aceptaci\u00f3n y mejorar el tratamiento del riesgo cardiovascular residual.     <\/p>\n<p>&nbsp;<\/p>\n<p><strong>Referencias<\/strong><\/p>\n<ol>\n<li>Mach F, Baigent C, Catapano AL, et al. 2019 ESC\/EAS guidelines for the management of dyslipidaemias: lipid modification to reduce cardiovascular risk: the task force for the management of dyslipidaemias of the European Society of Cardiology (ESC) and<\/li>\n<\/ol>\n<p>Sociedad Europea de Aterosclerosis (EAS). Eur Heart J 2020;41:111-88. <\/p>\n<ol start=\"2\">\n<li>Lloyd-Jones DM, Morris PB, Ballantyne CM, et al. ACC expert consensus decision pathway on the role of nonstatin therapies for LDL-cholesterol lowering in the management of atherosclerotic cardiovascular disease risk: a report of the American College of Cardiology Solution set Oversight Committee. J Am Coll Cardiol 2022;80:1366-418.  <\/li>\n<li>Bhatt DL, Steg PG, Miller M, et al. Reducci\u00f3n de los primeros episodios isqu\u00e9micos y de los episodios isqu\u00e9micos totales con icosapent et\u00edlico en todos los terciles de triglic\u00e9ridos basales. J Am Coll Cardiol 2019;74:1159-61.  <\/li>\n<li>Mason RP, Libby P, Bhatt DL. Mecanismos emergentes de protecci\u00f3n cardiovascular del \u00e1cido graso omega-3 eicosapentaenoico. Arterioscler Thromb Vasc Biol 2020;40:1135-47.  <\/li>\n<li>Sherratt SCR, Libby P, Budoff MJ, et al. Papel de los \u00e1cidos grasos omega-3 en las enfermedades cardiovasculares: el debate contin\u00faa. Curr Atheroscler Rep 2023;25:1-17.  <\/li>\n<li>Das Pradhan A, Glynn RJ, Fruchart J-C, et al. Disminuci\u00f3n de los triglic\u00e9ridos con pemafibrato para reducir el riesgo cardiovascular. N Engl J Med 2022;387:1923-34.  <\/li>\n<li>Nicholls SJ, Lincoff AM, Garcia M, et al. Efecto de las altas dosis de \u00e1cidos grasos omega-3 frente al aceite de ma\u00edz sobre los principales acontecimientos cardiovasculares adversos en pacientes con alto riesgo cardiovascular: ensayo cl\u00ednico aleatorizado STRENGTH. JAMA 2020;324:2268-80.  <\/li>\n<li>Gaba P, Bhatt DL, Boden WE. Icosapent et\u00edlico para la hipertrigliceridemia y la aterosclerosis: mayor RESPECT para un mayor uso terap\u00e9utico. Eur Heart J 2023;45:ehad668.  <\/li>\n<li>Rallidis LS, Tsamoulis D, Papathanasiou KA, et al. Elegibilidad para el icosapent et\u00edlico 1-3 meses despu\u00e9s del s\u00edndrome coronario agudo y el riesgo de reinfarto de miocardio: Datos del Registro CALLINICUS-Hellas. Int J Cardiol 2025; 440: 133684.  <\/li>\n<\/ol>\n<p><em>Palabras clave: REDUCE-IT; riesgo cardiovascular residual; triglic\u00e9ridos;<\/em><\/div>\n<\/div>\n<\/div>\n<\/div>\n<\/div>\n<\/div>\n<\/div>\n<p>[\/et_pb_text][\/et_pb_column][\/et_pb_row][\/et_pb_section]<\/p>\n","protected":false},"excerpt":{"rendered":"<p>REDUCE-LO: El Icosapent et\u00edlico reduce el riesgo cardiovascular incluso con un LDL-C bajo August 2025 En este an\u00e1lisis de REDUCE-IT, las dosis altas de icosapent etilo redujeron los episodios cardiovasculares en un 34% entre los pacientes de alto riesgo cardiovascular con triglic\u00e9ridos elevados, incluso entre los que ten\u00edan niveles de colesterol de lipoprote\u00ednas de baja [&hellip;]<\/p>\n","protected":false},"author":258497324,"featured_media":0,"parent":0,"menu_order":0,"comment_status":"closed","ping_status":"closed","template":"","meta":{"_et_pb_use_builder":"on","_et_pb_old_content":"","_et_gb_content_width":"","_crdt_document":"","footnotes":""},"class_list":["post-257434","page","type-page","status-publish","hentry"],"yoast_head":"<!-- This site is optimized with the Yoast SEO plugin v27.4 - https:\/\/yoast.com\/product\/yoast-seo-wordpress\/ -->\n<title>REDUCE-IT: Eficacia del Icosapent Etil en niveles bajos de LDL-C - R3i<\/title>\n<meta name=\"description\" content=\"Las dosis altas de icosapent etil redujeron los acontecimientos cardiovasculares en un 34% en pacientes con triglic\u00e9ridos elevados y LDL-C bajo. Accede al an\u00e1lisis REDUCE-IT sobre la reducci\u00f3n del riesgo m\u00e1s all\u00e1 de los objetivos de las directrices\" \/>\n<meta name=\"robots\" content=\"index, follow, max-snippet:-1, max-image-preview:large, max-video-preview:-1\" \/>\n<link rel=\"canonical\" href=\"https:\/\/r3i.org\/es\/hito-reduce-lo-el-icosapent-etilico-reduce-el-riesgo-cardiovascular-incluso-con-un-ldl-c-bajo\/\" \/>\n<meta property=\"og:locale\" content=\"es_ES\" \/>\n<meta property=\"og:type\" content=\"article\" \/>\n<meta property=\"og:title\" content=\"REDUCE-IT: Eficacia del Icosapent Etil en niveles bajos de LDL-C - R3i\" \/>\n<meta property=\"og:description\" content=\"Las dosis altas de icosapent etil redujeron los acontecimientos cardiovasculares en un 34% en pacientes con triglic\u00e9ridos elevados y LDL-C bajo. Accede al an\u00e1lisis REDUCE-IT sobre la reducci\u00f3n del riesgo m\u00e1s all\u00e1 de los objetivos de las directrices\" \/>\n<meta property=\"og:url\" content=\"https:\/\/r3i.org\/es\/hito-reduce-lo-el-icosapent-etilico-reduce-el-riesgo-cardiovascular-incluso-con-un-ldl-c-bajo\/\" \/>\n<meta property=\"og:site_name\" content=\"R3I\" \/>\n<meta property=\"article:modified_time\" content=\"2026-03-05T17:02:55+00:00\" \/>\n<meta name=\"twitter:card\" content=\"summary_large_image\" \/>\n<meta name=\"twitter:label1\" content=\"Tiempo de lectura\" \/>\n\t<meta name=\"twitter:data1\" content=\"7 minutos\" \/>\n<script type=\"application\/ld+json\" class=\"yoast-schema-graph\">{\"@context\":\"https:\\\/\\\/schema.org\",\"@graph\":[{\"@type\":\"WebPage\",\"@id\":\"https:\\\/\\\/r3i.org\\\/es\\\/hito-reduce-lo-el-icosapent-etilico-reduce-el-riesgo-cardiovascular-incluso-con-un-ldl-c-bajo\\\/\",\"url\":\"https:\\\/\\\/r3i.org\\\/es\\\/hito-reduce-lo-el-icosapent-etilico-reduce-el-riesgo-cardiovascular-incluso-con-un-ldl-c-bajo\\\/\",\"name\":\"REDUCE-IT: Eficacia del Icosapent Etil en niveles bajos de LDL-C - R3i\",\"isPartOf\":{\"@id\":\"https:\\\/\\\/r3i.org\\\/es\\\/#website\"},\"datePublished\":\"2025-11-18T18:01:48+00:00\",\"dateModified\":\"2026-03-05T17:02:55+00:00\",\"description\":\"Las dosis altas de icosapent etil redujeron los acontecimientos cardiovasculares en un 34% en pacientes con triglic\u00e9ridos elevados y LDL-C bajo. Accede al an\u00e1lisis REDUCE-IT sobre la reducci\u00f3n del riesgo m\u00e1s all\u00e1 de los objetivos de las directrices\",\"breadcrumb\":{\"@id\":\"https:\\\/\\\/r3i.org\\\/es\\\/hito-reduce-lo-el-icosapent-etilico-reduce-el-riesgo-cardiovascular-incluso-con-un-ldl-c-bajo\\\/#breadcrumb\"},\"inLanguage\":\"es\",\"potentialAction\":[{\"@type\":\"ReadAction\",\"target\":[\"https:\\\/\\\/r3i.org\\\/es\\\/hito-reduce-lo-el-icosapent-etilico-reduce-el-riesgo-cardiovascular-incluso-con-un-ldl-c-bajo\\\/\"]}]},{\"@type\":\"BreadcrumbList\",\"@id\":\"https:\\\/\\\/r3i.org\\\/es\\\/hito-reduce-lo-el-icosapent-etilico-reduce-el-riesgo-cardiovascular-incluso-con-un-ldl-c-bajo\\\/#breadcrumb\",\"itemListElement\":[{\"@type\":\"ListItem\",\"position\":1,\"name\":\"Home\",\"item\":\"https:\\\/\\\/r3i.org\\\/es\\\/\"},{\"@type\":\"ListItem\",\"position\":2,\"name\":\"Hito &#8211; REDUCE-LO: El Icosapent et\u00edlico reduce el riesgo cardiovascular incluso con un LDL-C bajo\"}]},{\"@type\":\"WebSite\",\"@id\":\"https:\\\/\\\/r3i.org\\\/es\\\/#website\",\"url\":\"https:\\\/\\\/r3i.org\\\/es\\\/\",\"name\":\"R3I\",\"description\":\"Residual Risk Reduction Initiative\",\"publisher\":{\"@id\":\"https:\\\/\\\/r3i.org\\\/es\\\/#organization\"},\"potentialAction\":[{\"@type\":\"SearchAction\",\"target\":{\"@type\":\"EntryPoint\",\"urlTemplate\":\"https:\\\/\\\/r3i.org\\\/es\\\/?s={search_term_string}\"},\"query-input\":{\"@type\":\"PropertyValueSpecification\",\"valueRequired\":true,\"valueName\":\"search_term_string\"}}],\"inLanguage\":\"es\"},{\"@type\":\"Organization\",\"@id\":\"https:\\\/\\\/r3i.org\\\/es\\\/#organization\",\"name\":\"R3I\",\"url\":\"https:\\\/\\\/r3i.org\\\/es\\\/\",\"logo\":{\"@type\":\"ImageObject\",\"inLanguage\":\"es\",\"@id\":\"https:\\\/\\\/r3i.org\\\/es\\\/#\\\/schema\\\/logo\\\/image\\\/\",\"url\":\"https:\\\/\\\/i0.wp.com\\\/r3i.org\\\/wp-content\\\/uploads\\\/2024\\\/11\\\/r3i-logo-transp-1.png?fit=1601%2C834&ssl=1\",\"contentUrl\":\"https:\\\/\\\/i0.wp.com\\\/r3i.org\\\/wp-content\\\/uploads\\\/2024\\\/11\\\/r3i-logo-transp-1.png?fit=1601%2C834&ssl=1\",\"width\":1601,\"height\":834,\"caption\":\"R3I\"},\"image\":{\"@id\":\"https:\\\/\\\/r3i.org\\\/es\\\/#\\\/schema\\\/logo\\\/image\\\/\"}}]}<\/script>\n<!-- \/ Yoast SEO plugin. -->","yoast_head_json":{"title":"REDUCE-IT: Eficacia del Icosapent Etil en niveles bajos de LDL-C - R3i","description":"Las dosis altas de icosapent etil redujeron los acontecimientos cardiovasculares en un 34% en pacientes con triglic\u00e9ridos elevados y LDL-C bajo. Accede al an\u00e1lisis REDUCE-IT sobre la reducci\u00f3n del riesgo m\u00e1s all\u00e1 de los objetivos de las directrices","robots":{"index":"index","follow":"follow","max-snippet":"max-snippet:-1","max-image-preview":"max-image-preview:large","max-video-preview":"max-video-preview:-1"},"canonical":"https:\/\/r3i.org\/es\/hito-reduce-lo-el-icosapent-etilico-reduce-el-riesgo-cardiovascular-incluso-con-un-ldl-c-bajo\/","og_locale":"es_ES","og_type":"article","og_title":"REDUCE-IT: Eficacia del Icosapent Etil en niveles bajos de LDL-C - R3i","og_description":"Las dosis altas de icosapent etil redujeron los acontecimientos cardiovasculares en un 34% en pacientes con triglic\u00e9ridos elevados y LDL-C bajo. Accede al an\u00e1lisis REDUCE-IT sobre la reducci\u00f3n del riesgo m\u00e1s all\u00e1 de los objetivos de las directrices","og_url":"https:\/\/r3i.org\/es\/hito-reduce-lo-el-icosapent-etilico-reduce-el-riesgo-cardiovascular-incluso-con-un-ldl-c-bajo\/","og_site_name":"R3I","article_modified_time":"2026-03-05T17:02:55+00:00","twitter_card":"summary_large_image","twitter_misc":{"Tiempo de lectura":"7 minutos"},"schema":{"@context":"https:\/\/schema.org","@graph":[{"@type":"WebPage","@id":"https:\/\/r3i.org\/es\/hito-reduce-lo-el-icosapent-etilico-reduce-el-riesgo-cardiovascular-incluso-con-un-ldl-c-bajo\/","url":"https:\/\/r3i.org\/es\/hito-reduce-lo-el-icosapent-etilico-reduce-el-riesgo-cardiovascular-incluso-con-un-ldl-c-bajo\/","name":"REDUCE-IT: Eficacia del Icosapent Etil en niveles bajos de LDL-C - R3i","isPartOf":{"@id":"https:\/\/r3i.org\/es\/#website"},"datePublished":"2025-11-18T18:01:48+00:00","dateModified":"2026-03-05T17:02:55+00:00","description":"Las dosis altas de icosapent etil redujeron los acontecimientos cardiovasculares en un 34% en pacientes con triglic\u00e9ridos elevados y LDL-C bajo. Accede al an\u00e1lisis REDUCE-IT sobre la reducci\u00f3n del riesgo m\u00e1s all\u00e1 de los objetivos de las directrices","breadcrumb":{"@id":"https:\/\/r3i.org\/es\/hito-reduce-lo-el-icosapent-etilico-reduce-el-riesgo-cardiovascular-incluso-con-un-ldl-c-bajo\/#breadcrumb"},"inLanguage":"es","potentialAction":[{"@type":"ReadAction","target":["https:\/\/r3i.org\/es\/hito-reduce-lo-el-icosapent-etilico-reduce-el-riesgo-cardiovascular-incluso-con-un-ldl-c-bajo\/"]}]},{"@type":"BreadcrumbList","@id":"https:\/\/r3i.org\/es\/hito-reduce-lo-el-icosapent-etilico-reduce-el-riesgo-cardiovascular-incluso-con-un-ldl-c-bajo\/#breadcrumb","itemListElement":[{"@type":"ListItem","position":1,"name":"Home","item":"https:\/\/r3i.org\/es\/"},{"@type":"ListItem","position":2,"name":"Hito &#8211; REDUCE-LO: El Icosapent et\u00edlico reduce el riesgo cardiovascular incluso con un LDL-C bajo"}]},{"@type":"WebSite","@id":"https:\/\/r3i.org\/es\/#website","url":"https:\/\/r3i.org\/es\/","name":"R3I","description":"Residual Risk Reduction Initiative","publisher":{"@id":"https:\/\/r3i.org\/es\/#organization"},"potentialAction":[{"@type":"SearchAction","target":{"@type":"EntryPoint","urlTemplate":"https:\/\/r3i.org\/es\/?s={search_term_string}"},"query-input":{"@type":"PropertyValueSpecification","valueRequired":true,"valueName":"search_term_string"}}],"inLanguage":"es"},{"@type":"Organization","@id":"https:\/\/r3i.org\/es\/#organization","name":"R3I","url":"https:\/\/r3i.org\/es\/","logo":{"@type":"ImageObject","inLanguage":"es","@id":"https:\/\/r3i.org\/es\/#\/schema\/logo\/image\/","url":"https:\/\/i0.wp.com\/r3i.org\/wp-content\/uploads\/2024\/11\/r3i-logo-transp-1.png?fit=1601%2C834&ssl=1","contentUrl":"https:\/\/i0.wp.com\/r3i.org\/wp-content\/uploads\/2024\/11\/r3i-logo-transp-1.png?fit=1601%2C834&ssl=1","width":1601,"height":834,"caption":"R3I"},"image":{"@id":"https:\/\/r3i.org\/es\/#\/schema\/logo\/image\/"}}]}},"jetpack_likes_enabled":true,"jetpack_sharing_enabled":true,"jetpack_shortlink":"https:\/\/wp.me\/Pgbfv2-14Ya","jetpack-related-posts":[],"_links":{"self":[{"href":"https:\/\/r3i.org\/es\/wp-json\/wp\/v2\/pages\/257434","targetHints":{"allow":["GET"]}}],"collection":[{"href":"https:\/\/r3i.org\/es\/wp-json\/wp\/v2\/pages"}],"about":[{"href":"https:\/\/r3i.org\/es\/wp-json\/wp\/v2\/types\/page"}],"author":[{"embeddable":true,"href":"https:\/\/r3i.org\/es\/wp-json\/wp\/v2\/users\/258497324"}],"replies":[{"embeddable":true,"href":"https:\/\/r3i.org\/es\/wp-json\/wp\/v2\/comments?post=257434"}],"version-history":[{"count":4,"href":"https:\/\/r3i.org\/es\/wp-json\/wp\/v2\/pages\/257434\/revisions"}],"predecessor-version":[{"id":257438,"href":"https:\/\/r3i.org\/es\/wp-json\/wp\/v2\/pages\/257434\/revisions\/257438"}],"wp:attachment":[{"href":"https:\/\/r3i.org\/es\/wp-json\/wp\/v2\/media?parent=257434"}],"curies":[{"name":"wp","href":"https:\/\/api.w.org\/{rel}","templated":true}]}}