{"id":257255,"date":"2025-12-13T19:30:09","date_gmt":"2025-12-13T18:30:09","guid":{"rendered":"https:\/\/r3i.org\/focus-una-nueva-estrategia-para-atacar-el-angptl3\/"},"modified":"2026-03-04T21:26:16","modified_gmt":"2026-03-04T20:26:16","slug":"focus-una-nueva-estrategia-para-atacar-el-angptl3","status":"publish","type":"page","link":"https:\/\/r3i.org\/es\/focus-una-nueva-estrategia-para-atacar-el-angptl3\/","title":{"rendered":"Focus &#8211; \u00bfUna nueva estrategia para atacar el ANGPTL3?"},"content":{"rendered":"<p>[et_pb_section fb_built=\u00bb1&#8243; _builder_version=\u00bb4.27.4&#8243; _module_preset=\u00bbdefault\u00bb custom_padding=\u00bb1px|||||\u00bb global_colors_info=\u00bb{}\u00bb][et_pb_row _builder_version=\u00bb4.27.4&#8243; _module_preset=\u00bbdefault\u00bb global_colors_info=\u00bb{}\u00bb][et_pb_column type=\u00bb4_4&#8243; _builder_version=\u00bb4.27.4&#8243; _module_preset=\u00bbdefault\u00bb global_colors_info=\u00bb{}\u00bb][et_pb_text _builder_version=\u00bb4.27.4&#8243; _module_preset=\u00bbdefault\u00bb header_2_text_color=\u00bbgcid-primary-color\u00bb header_5_text_color=\u00bbgcid-secondary-color\u00bb text_orientation=\u00bbcenter\u00bb width=\u00bb99%\u00bb custom_margin=\u00bb|-147px||||\u00bb custom_padding=\u00bb|0px||||\u00bb global_colors_info=\u00bb{%22gcid-primary-color%22:%91%22quote_text_color%22,%22quote_text_color%22,%22quote_text_color%22,%22header_2_text_color%22%93,%22gcid-secondary-color%22:%91%22header_5_text_color%22%93}\u00bb]<\/p>\n<h2>\u00bfUna nueva estrategia para dirigir el objetivo terap\u00e9utico hacia ANGPTL3?<\/h2>\n<h5><span>Noviembre 2025<\/span><\/h5>\n<p><em>Un ensayo de fase I mostr\u00f3 el potencial de la edici\u00f3n gen\u00e9tica de ANGPTL3, que codifica la angiopoyetina-like 3, utilizando la tecnolog\u00eda CRISPR-Cas9 en pacientes con dislipidemia refractaria.<\/em><\/p>\n<p><em>Laffin LJ, Nicholls SJ, Scott RS, et al. Phase 1 trial of CRISPR-Cas9 gene editing targeting ANGPTL3. N Engl J Med 2025; DOI: 10.1056\/NEJMoa2511778  <\/em><\/p>\n<p><strong>RESUMEN DEL ESTUDIO<\/strong><\/p>\n<table width=\"655\">\n<tbody>\n<tr>\n<td width=\"123\">\n<p><strong>Objetivo<\/strong><\/p>\n<\/td>\n<td width=\"519\">\n<p>Investigar la seguridad, el perfil de efectos secundarios y la eficacia de dosis \u00fanicas ascendentes de CTX310, una formulaci\u00f3n encapsulada en nanopart\u00edculas lip\u00eddicas de componentes CRISPR-Cas9 (repeticiones palindr\u00f3micas cortas agrupadas y regularmente interespaciadas-Endonucleasa Cas9) para la edici\u00f3n g\u00e9nica in vivo del gen diana, <em>ANGPTL3.<\/em><\/p>\n<p>&nbsp;<\/p>\n<\/td>\n<td width=\"14\">\n<p>&nbsp;<\/p>\n<\/td>\n<\/tr>\n<tr>\n<td width=\"123\">\n<p><strong>Dise\u00f1o del estudio<\/strong><\/p>\n<\/td>\n<td width=\"519\">\n<p>Ensayo de fase 1A, multic\u00e9ntrico, abierto, de dosis \u00fanicas ascendentes de CTX310.<\/p>\n<p>&nbsp;<\/p>\n<\/td>\n<td width=\"14\">\n<p>&nbsp;<\/p>\n<\/td>\n<\/tr>\n<tr>\n<td width=\"123\">\n<p><strong>Poblaci\u00f3n del estudio  <\/strong><\/p>\n<\/td>\n<td width=\"519\">\n<p>Adultos de 18 a 75 a\u00f1os con diagn\u00f3stico de hipercolesterolemia no controlada, hipertrigliceridemia de moderada a grave o dislipidemia mixta. Los sujetos eran refractarios a las dosis m\u00e1ximas toleradas de tratamientos hipolipemiantes, definidos por al menos uno de los siguientes criterios: un nivel s\u00e9rico de triglic\u00e9ridos (TG) en ayunas &gt;150 mg\/dL (1,7 mmol\/L), colesterol de lipoprote\u00ednas de baja densidad (LDL-C) &gt;100 mg\/dL (2.6 mmol\/L) o &gt;70 mg\/dL (1,8 mmol\/L) en sujetos con enfermedad cardiovascular ateroscler\u00f3tica, apolipoprote\u00edna B &gt;100 mg\/dL, o colesterol de lipoprote\u00ednas no de alta densidad (colesterol no HDL-C) &gt;160 mg\/dL (4,1 mmol\/L). Los principales criterios de exclusi\u00f3n fueron las mujeres en edad f\u00e9rtil, los individuos con s\u00edndrome de quilomicronemia familiar con &lt;5% de actividad de lipoprote\u00edna lipasa, o los individuos con una tasa de filtraci\u00f3n glomerular estimada &lt;60 ml\/minuto\/1,73<sup>m2<\/sup> de superficie corporal.  <\/p>\n<p>&nbsp;<\/p>\n<\/td>\n<td width=\"14\">\n<p>&nbsp;<\/p>\n<\/td>\n<\/tr>\n<tr>\n<td width=\"123\">\n<p><strong>Principales variables del estudio<\/strong><\/p>\n<p><strong> <\/strong><\/p>\n<\/td>\n<td width=\"519\">\n<p>&#8211; <strong>Criterios de valoraci\u00f3n primarios de seguridad<\/strong>: Incidencia de acontecimientos adversos evaluados por los investigadores, incluidos los efectos t\u00f3xicos limitantes de la dosis, que se clasificaron seg\u00fan los Criterios Terminol\u00f3gicos Comunes para los Acontecimientos Adversos (CTCAE), versi\u00f3n 5.0, del Instituto Nacional del C\u00e1ncer. Los acontecimientos se calificaron de 1 a 5, siendo un grado m\u00e1s alto indicativo de mayor gravedad. Los efectos t\u00f3xicos limitantes de la dosis se definieron como cualquiera de los siguientes: un aumento de los niveles de aminotransferasa hep\u00e1tica hasta el grado 3 o superior del CTCAE, con aumentos persistentes durante m\u00e1s de 14 d\u00edas tras la infusi\u00f3n; un aumento de los niveles de bilirrubina o del cociente internacional normalizado hasta el grado 3 o superior del CTCAE; cualquier resultado an\u00f3malo evaluado en laboratorio de grado 3 persistente durante 7 d\u00edas o m\u00e1s; o cualquier resultado an\u00f3malo evaluado en laboratorio de gravedad igual al grado 4 del CTCAE.  <\/p>\n<p>&#8211; <strong>Criterios secundarios de seguridad<\/strong>: Frecuencia y gravedad de los acontecimientos adversos, incluidos los acontecimientos adversos de especial inter\u00e9s (reacciones relacionadas con la infusi\u00f3n, hemorragias anormales, acontecimientos tromb\u00f3ticos o acontecimientos hemorr\u00e1gicos; aumentos de los niveles de aminotransferasas; reacciones al\u00e9rgicas o localizadas; o nueva afecci\u00f3n maligna).<\/p>\n<p>&#8211; <strong>Criterios secundarios de eficacia<\/strong>: Porcentaje de cambio respecto al valor basal a lo largo del tiempo en LDL-C, TG, apolipoprote\u00edna B, HDL-C y no HDL-C.<\/p>\n<p>&nbsp;<\/p>\n<\/td>\n<td width=\"14\">\n<p>&nbsp;<\/p>\n<\/td>\n<\/tr>\n<tr>\n<td width=\"123\">\n<p><strong>M\u00e9todos<\/strong><\/p>\n<\/td>\n<td colspan=\"2\" width=\"533\">\n<p>Los sujetos se inscribieron inicialmente en una de las cuatro cohortes de dosis ascendentes de CTX310 (0,1 mg\/kg, 0,3 mg\/kg, 0,6 mg\/kg o 0,8 mg\/kg). Las dosis se calcularon por la cantidad total de ARN administrada y se basaron en el peso corporal magro estimado. CTX310 se administr\u00f3 como infusi\u00f3n intravenosa \u00fanica. El escalado de las dosis fue aprobado por el comit\u00e9 de revisi\u00f3n de seguridad despu\u00e9s de que un m\u00ednimo de tres sujetos fueran tratados en cada nivel de dosis y completaran al menos 30 d\u00edas de seguimiento. Posteriormente, se a\u00f1adi\u00f3 una cohorte que recibi\u00f3 0,7 mg\/kg, y la cohorte que recibi\u00f3 0,8 mg\/kg se ampli\u00f3 despu\u00e9s de que los tres primeros sujetos completaran la infusi\u00f3n de CTX310, para definir mejor la relaci\u00f3n dosis-respuesta.    <\/p>\n<p>&nbsp;<\/p>\n<p>Se observ\u00f3 a todos los sujetos durante al menos 24 horas despu\u00e9s de la infusi\u00f3n, con evaluaciones diarias de seguridad durante 3 d\u00edas despu\u00e9s del tratamiento, seguimiento semanal durante los primeros 30 d\u00edas despu\u00e9s del tratamiento y visitas posteriores programadas a los d\u00edas 60, 90, 180, 270 y 360. En el momento de la publicaci\u00f3n, todos los sujetos hab\u00edan completado al menos 60 d\u00edas de seguimiento. <\/p>\n<\/td>\n<\/tr>\n<\/tbody>\n<\/table>\n<p>&nbsp;<\/p>\n<table width=\"643\">\n<tbody>\n<tr>\n<td width=\"123\">\n<p><strong>Results<\/strong><\/p>\n<\/td>\n<td width=\"520\">\n<p>De los 27 individuos seleccionados, 15 fueron elegibles y recibieron CTX310 (3 a dosis de 0,1 mg\/kg, 0,3 mg\/kg o 0,6 mg\/kg, 2 a 0,7 mg\/kg y 4 a 0,8 mg\/kg). La mediana de edad de la cohorte del estudio era de 53 a\u00f1os (rango, 31 a 68 a\u00f1os); 6 (40%) ten\u00edan enfermedad cardiovascular ateroscler\u00f3tica, y 6 (40%) ten\u00edan un diagn\u00f3stico cl\u00ednico de hipercolesterolemia familiar, incluidos 5 con mutaciones gen\u00e9ticas patog\u00e9nicas confirmadas. La media (\u00b1 desviaci\u00f3n est\u00e1ndar) del LDL-C antes del tratamiento era de 155\u00b179 mg\/dL y la mediana del nivel de TG era de 192 mg\/dL (intervalo intercuart\u00edlico, 109 a 252 mg\/dL).  <\/p>\n<p>La infusi\u00f3n de dosis \u00fanica de CTX310 se asoci\u00f3 a pocos acontecimientos adversos<strong>(Tabla 1<\/strong>).<\/p>\n<p>Los niveles de ANGPLT3 se redujeron en una media del 32,7% con la dosis de 0,6 mg\/kg, llegando al 79,7% con la dosis de 0,7 mg\/kg y al 73,2% con la dosis de 0,8 mg\/kg. Los niveles de LDL-C y TG se redujeron a dosis de 0,6 mg\/kg o superiores, hasta un 50% y hasta un 60%, respectivamente. Las reducciones de estos par\u00e1metros lip\u00eddicos aparecieron en las dos primeras semanas de tratamiento y se mantuvieron durante al menos 60 d\u00edas, los \u00faltimos datos de seguimiento incluidos en este an\u00e1lisis.  <\/p>\n<p><strong> <\/strong><\/p>\n<p><strong>Tabla 1. Principales resultados de seguridad<\/strong><\/p>\n<table>\n<tbody>\n<tr>\n<td width=\"295\">\n<p><strong>Acontecimiento adverso<\/strong><\/p>\n<\/td>\n<td width=\"95\">\n<p><strong>N\u00ba (%) de sujetos<\/strong><\/p>\n<\/td>\n<\/tr>\n<tr>\n<td width=\"295\">\n<p>Efectos t\u00f3xicos limitantes de la dosis relacionados con CTX310<\/p>\n<\/td>\n<td width=\"95\">\n<p>0<\/p>\n<\/td>\n<\/tr>\n<tr>\n<td width=\"295\">\n<p>Cualquier acontecimiento adverso grave<\/p>\n<\/td>\n<td width=\"95\">\n<p>2 (13)*<\/p>\n<\/td>\n<\/tr>\n<tr>\n<td width=\"295\">\n<p> Muerte<\/p>\n<\/td>\n<td width=\"95\">\n<p>1 (7)<\/p>\n<\/td>\n<\/tr>\n<tr>\n<td width=\"295\">\n<p>Acontecimiento adverso de especial inter\u00e9s relacionado con CTX310<\/p>\n<\/td>\n<td width=\"95\">\n<p>4 (27)<\/p>\n<\/td>\n<\/tr>\n<tr>\n<td width=\"295\">\n<p>  Reacci\u00f3n relacionada con la infusi\u00f3n<\/p>\n<\/td>\n<td width=\"95\">\n<p>3 (20)**<\/p>\n<\/td>\n<\/tr>\n<tr>\n<td width=\"295\">\n<p>  Reacci\u00f3n al\u00e9rgica o localizada<\/p>\n<\/td>\n<td width=\"95\">\n<p>1 (7)<\/p>\n<\/td>\n<\/tr>\n<tr>\n<td width=\"295\">\n<p>  Elevaci\u00f3n de AST o ALT<\/p>\n<\/td>\n<td width=\"95\">\n<p>1 (7)<\/p>\n<\/td>\n<\/tr>\n<\/tbody>\n<\/table>\n<p>* Un sujeto recibi\u00f3 CTX310 0,3 mg\/kg y fue hospitalizado por una hernia discal espinal 7 meses despu\u00e9s del tratamiento, y un sujeto muri\u00f3 179 d\u00edas despu\u00e9s de la administraci\u00f3n de CTX310 0,1 mg\/kg<\/p>\n<p>** Dos sujetos que recibieron CTX310 0,6 mg\/kg y uno que recibi\u00f3 CTX310 0,8 mg\/kg<\/p>\n<\/td>\n<\/tr>\n<tr>\n<td width=\"123\">\n<p><strong>Conclusiones del autor<\/strong><\/p>\n<\/td>\n<td width=\"520\">\n<p>La edici\u00f3n de ANGPTL3 se asoci\u00f3 a pocos acontecimientos adversos y dio lugar a reducciones de los niveles de ANGPTL3 con respecto al valor basal.<\/p>\n<\/td>\n<\/tr>\n<\/tbody>\n<\/table>\n<p><strong>Comentario<\/strong><\/p>\n<p>Rara vez se destaca un ensayo de fase I en un informe Focus. Sin embargo, los resultados de este estudio no tienen precedentes, ya que una \u00fanica infusi\u00f3n de CTX310 produjo una reducci\u00f3n sustancial de los niveles de LDL-C y TG. Estos resultados son prometedores para una nueva estrategia de tratamiento de los pacientes con dislipidemia refractarios al tratamiento hipolipemiante.  <\/p>\n<p>Es comprensible que, trat\u00e1ndose de un primer estudio en humanos, el objetivo principal fuera la seguridad. En esta peque\u00f1a cohorte, la infusi\u00f3n intravenosa \u00fanica de CTX310 se asoci\u00f3 a pocos acontecimientos adversos. La supervisi\u00f3n de la seguridad contin\u00faa; hasta 12 meses en el ensayo y con un seguimiento adicional de la seguridad a largo plazo durante 15 a\u00f1os, como recomienda la FDA para todas las terapias basadas en CRISPR.  <\/p>\n<p>&nbsp;<\/p>\n<p>El ANGPTL3 inhibe la lipoprote\u00edna lipasa y la lipasa endotelial, que desempe\u00f1an funciones clave en la regulaci\u00f3n lip\u00eddica (1). Los estudios gen\u00e9ticos demostraron que la portaci\u00f3n de variantes de <em>ANGPTL3 <\/em>con p\u00e9rdida de funci\u00f3n produc\u00eda reducciones de por vida en los niveles de LDL-C y TG, y tambi\u00e9n se asociaba a un menor riesgo de enfermedad cardiovascular ateroscler\u00f3tica (2), lo que impuls\u00f3 la investigaci\u00f3n de posibles modos de inhibici\u00f3n farmacol\u00f3gica de esta diana. Los ensayos cl\u00ednicos demostraron que dirigirse al ANGPTL3 con el anticuerpo monoclonal evinacumab o con ARN terap\u00e9utico era eficaz para reducir las lipoprote\u00ednas aterog\u00e9nicas (3-5). Sin embargo, la reducci\u00f3n del cumplimiento terap\u00e9utico es un problema bien conocido en la administraci\u00f3n a largo plazo de un tratamiento hipolipemiante. As\u00ed pues, la posibilidad de utilizar la edici\u00f3n g\u00e9nica \u00abde una vez por todas\u00bb para inducir una mutaci\u00f3n permanente de p\u00e9rdida de funci\u00f3n en el ANGPTL3 con el fin de reducir tanto los niveles de LDL-C como de TG es una perspectiva apasionante que podr\u00eda transformar el tratamiento cl\u00ednico de las personas con trastornos lip\u00eddicos de por vida.    <\/p>\n<p>&nbsp;<\/p>\n<p><strong>Referencias<\/strong><\/p>\n<ol>\n<li>1. Kersten S. ANGPTL3 como diana terap\u00e9utica. Curr Opin Lipidol 2021; 32: 335-41. <\/li>\n<li>Dewey FE, Gusarova V, Dunbar RL, et al. Inactivaci\u00f3n gen\u00e9tica y farmacol\u00f3gica de ANGPTL3 y enfermedad cardiovascular. N Engl J Med 2017; 377: 211-21.  <\/li>\n<li>Raal FJ, Rosenson RS, Reeskamp LF, et al. Evinacumab para la hipercolesterolemia familiar homocig\u00f3tica. N Engl J Med 2020; 383: 711-20.  <\/li>\n<li>Rosenson RS, Gaudet D, Hegele RA, et al. Zodasiran, un ARNi terap\u00e9utico dirigido a ANGPTL3, para la hiperlipidemia mixta. N Engl J Med 2024; 391: 913-25.  <\/li>\n<li>Ray KK, Oru E, Rosenson RS, et al. Durabilidad y eficacia del solbinsiran, un ARNsi conjugado con GalNAc dirigido a ANGPTL3, en adultos con dislipidemia mixta (PROLONG-ANG3): un ensayo doble ciego, aleatorizado, controlado con placebo, de fase 2. Lancet 2025; 405: 1594-607.  <\/li>\n<\/ol>\n<p><em>Palabras clave: ANGPTL3; edici\u00f3n g\u00e9nica; dislipidemia refractaria; triglic\u00e9ridos<\/em><\/p>\n<p>[\/et_pb_text][\/et_pb_column][\/et_pb_row][\/et_pb_section]<\/p>\n","protected":false},"excerpt":{"rendered":"<p>\u00bfUna nueva estrategia para dirigir el objetivo terap\u00e9utico hacia ANGPTL3? Noviembre 2025 Un ensayo de fase I mostr\u00f3 el potencial de la edici\u00f3n gen\u00e9tica de ANGPTL3, que codifica la angiopoyetina-like 3, utilizando la tecnolog\u00eda CRISPR-Cas9 en pacientes con dislipidemia refractaria. Laffin LJ, Nicholls SJ, Scott RS, et al. Phase 1 trial of CRISPR-Cas9 gene editing [&hellip;]<\/p>\n","protected":false},"author":258497325,"featured_media":0,"parent":0,"menu_order":0,"comment_status":"closed","ping_status":"closed","template":"","meta":{"_et_pb_use_builder":"on","_et_pb_old_content":"","_et_gb_content_width":"","_crdt_document":"","footnotes":""},"class_list":["post-257255","page","type-page","status-publish","hentry"],"yoast_head":"<!-- This site is optimized with the Yoast SEO plugin v27.6 - https:\/\/yoast.com\/product\/yoast-seo-wordpress\/ -->\n<title>Focus - \u00bfUna nueva estrategia para atacar el ANGPTL3? - R3I<\/title>\n<meta name=\"robots\" content=\"index, follow, max-snippet:-1, max-image-preview:large, max-video-preview:-1\" \/>\n<link rel=\"canonical\" href=\"https:\/\/r3i.org\/es\/focus-una-nueva-estrategia-para-atacar-el-angptl3\/\" \/>\n<meta property=\"og:locale\" content=\"es_ES\" \/>\n<meta property=\"og:type\" content=\"article\" \/>\n<meta property=\"og:title\" content=\"Focus - \u00bfUna nueva estrategia para atacar el ANGPTL3? - R3I\" \/>\n<meta property=\"og:description\" content=\"\u00bfUna nueva estrategia para dirigir el objetivo terap\u00e9utico hacia ANGPTL3? Noviembre 2025 Un ensayo de fase I mostr\u00f3 el potencial de la edici\u00f3n gen\u00e9tica de ANGPTL3, que codifica la angiopoyetina-like 3, utilizando la tecnolog\u00eda CRISPR-Cas9 en pacientes con dislipidemia refractaria. Laffin LJ, Nicholls SJ, Scott RS, et al. Phase 1 trial of CRISPR-Cas9 gene editing [&hellip;]\" \/>\n<meta property=\"og:url\" content=\"https:\/\/r3i.org\/es\/focus-una-nueva-estrategia-para-atacar-el-angptl3\/\" \/>\n<meta property=\"og:site_name\" content=\"R3I\" \/>\n<meta property=\"article:modified_time\" content=\"2026-03-04T20:26:16+00:00\" \/>\n<meta name=\"twitter:card\" content=\"summary_large_image\" \/>\n<meta name=\"twitter:label1\" content=\"Tiempo de lectura\" \/>\n\t<meta name=\"twitter:data1\" content=\"8 minutos\" \/>\n<script type=\"application\/ld+json\" class=\"yoast-schema-graph\">{\"@context\":\"https:\\\/\\\/schema.org\",\"@graph\":[{\"@type\":\"WebPage\",\"@id\":\"https:\\\/\\\/r3i.org\\\/es\\\/focus-una-nueva-estrategia-para-atacar-el-angptl3\\\/\",\"url\":\"https:\\\/\\\/r3i.org\\\/es\\\/focus-una-nueva-estrategia-para-atacar-el-angptl3\\\/\",\"name\":\"Focus - \u00bfUna nueva estrategia para atacar el ANGPTL3? - R3I\",\"isPartOf\":{\"@id\":\"https:\\\/\\\/r3i.org\\\/es\\\/#website\"},\"datePublished\":\"2025-12-13T18:30:09+00:00\",\"dateModified\":\"2026-03-04T20:26:16+00:00\",\"breadcrumb\":{\"@id\":\"https:\\\/\\\/r3i.org\\\/es\\\/focus-una-nueva-estrategia-para-atacar-el-angptl3\\\/#breadcrumb\"},\"inLanguage\":\"es\",\"potentialAction\":[{\"@type\":\"ReadAction\",\"target\":[\"https:\\\/\\\/r3i.org\\\/es\\\/focus-una-nueva-estrategia-para-atacar-el-angptl3\\\/\"]}]},{\"@type\":\"BreadcrumbList\",\"@id\":\"https:\\\/\\\/r3i.org\\\/es\\\/focus-una-nueva-estrategia-para-atacar-el-angptl3\\\/#breadcrumb\",\"itemListElement\":[{\"@type\":\"ListItem\",\"position\":1,\"name\":\"Home\",\"item\":\"https:\\\/\\\/r3i.org\\\/es\\\/\"},{\"@type\":\"ListItem\",\"position\":2,\"name\":\"Focus &#8211; \u00bfUna nueva estrategia para atacar el ANGPTL3?\"}]},{\"@type\":\"WebSite\",\"@id\":\"https:\\\/\\\/r3i.org\\\/es\\\/#website\",\"url\":\"https:\\\/\\\/r3i.org\\\/es\\\/\",\"name\":\"R3I\",\"description\":\"Residual Risk Reduction Initiative\",\"publisher\":{\"@id\":\"https:\\\/\\\/r3i.org\\\/es\\\/#organization\"},\"potentialAction\":[{\"@type\":\"SearchAction\",\"target\":{\"@type\":\"EntryPoint\",\"urlTemplate\":\"https:\\\/\\\/r3i.org\\\/es\\\/?s={search_term_string}\"},\"query-input\":{\"@type\":\"PropertyValueSpecification\",\"valueRequired\":true,\"valueName\":\"search_term_string\"}}],\"inLanguage\":\"es\"},{\"@type\":\"Organization\",\"@id\":\"https:\\\/\\\/r3i.org\\\/es\\\/#organization\",\"name\":\"R3I\",\"url\":\"https:\\\/\\\/r3i.org\\\/es\\\/\",\"logo\":{\"@type\":\"ImageObject\",\"inLanguage\":\"es\",\"@id\":\"https:\\\/\\\/r3i.org\\\/es\\\/#\\\/schema\\\/logo\\\/image\\\/\",\"url\":\"https:\\\/\\\/i0.wp.com\\\/r3i.org\\\/wp-content\\\/uploads\\\/2024\\\/11\\\/r3i-logo-transp-1.png?fit=1601%2C834&ssl=1\",\"contentUrl\":\"https:\\\/\\\/i0.wp.com\\\/r3i.org\\\/wp-content\\\/uploads\\\/2024\\\/11\\\/r3i-logo-transp-1.png?fit=1601%2C834&ssl=1\",\"width\":1601,\"height\":834,\"caption\":\"R3I\"},\"image\":{\"@id\":\"https:\\\/\\\/r3i.org\\\/es\\\/#\\\/schema\\\/logo\\\/image\\\/\"}}]}<\/script>\n<!-- \/ Yoast SEO plugin. -->","yoast_head_json":{"title":"Focus - \u00bfUna nueva estrategia para atacar el ANGPTL3? - R3I","robots":{"index":"index","follow":"follow","max-snippet":"max-snippet:-1","max-image-preview":"max-image-preview:large","max-video-preview":"max-video-preview:-1"},"canonical":"https:\/\/r3i.org\/es\/focus-una-nueva-estrategia-para-atacar-el-angptl3\/","og_locale":"es_ES","og_type":"article","og_title":"Focus - \u00bfUna nueva estrategia para atacar el ANGPTL3? - R3I","og_description":"\u00bfUna nueva estrategia para dirigir el objetivo terap\u00e9utico hacia ANGPTL3? Noviembre 2025 Un ensayo de fase I mostr\u00f3 el potencial de la edici\u00f3n gen\u00e9tica de ANGPTL3, que codifica la angiopoyetina-like 3, utilizando la tecnolog\u00eda CRISPR-Cas9 en pacientes con dislipidemia refractaria. Laffin LJ, Nicholls SJ, Scott RS, et al. Phase 1 trial of CRISPR-Cas9 gene editing [&hellip;]","og_url":"https:\/\/r3i.org\/es\/focus-una-nueva-estrategia-para-atacar-el-angptl3\/","og_site_name":"R3I","article_modified_time":"2026-03-04T20:26:16+00:00","twitter_card":"summary_large_image","twitter_misc":{"Tiempo de lectura":"8 minutos"},"schema":{"@context":"https:\/\/schema.org","@graph":[{"@type":"WebPage","@id":"https:\/\/r3i.org\/es\/focus-una-nueva-estrategia-para-atacar-el-angptl3\/","url":"https:\/\/r3i.org\/es\/focus-una-nueva-estrategia-para-atacar-el-angptl3\/","name":"Focus - \u00bfUna nueva estrategia para atacar el ANGPTL3? - R3I","isPartOf":{"@id":"https:\/\/r3i.org\/es\/#website"},"datePublished":"2025-12-13T18:30:09+00:00","dateModified":"2026-03-04T20:26:16+00:00","breadcrumb":{"@id":"https:\/\/r3i.org\/es\/focus-una-nueva-estrategia-para-atacar-el-angptl3\/#breadcrumb"},"inLanguage":"es","potentialAction":[{"@type":"ReadAction","target":["https:\/\/r3i.org\/es\/focus-una-nueva-estrategia-para-atacar-el-angptl3\/"]}]},{"@type":"BreadcrumbList","@id":"https:\/\/r3i.org\/es\/focus-una-nueva-estrategia-para-atacar-el-angptl3\/#breadcrumb","itemListElement":[{"@type":"ListItem","position":1,"name":"Home","item":"https:\/\/r3i.org\/es\/"},{"@type":"ListItem","position":2,"name":"Focus &#8211; \u00bfUna nueva estrategia para atacar el ANGPTL3?"}]},{"@type":"WebSite","@id":"https:\/\/r3i.org\/es\/#website","url":"https:\/\/r3i.org\/es\/","name":"R3I","description":"Residual Risk Reduction Initiative","publisher":{"@id":"https:\/\/r3i.org\/es\/#organization"},"potentialAction":[{"@type":"SearchAction","target":{"@type":"EntryPoint","urlTemplate":"https:\/\/r3i.org\/es\/?s={search_term_string}"},"query-input":{"@type":"PropertyValueSpecification","valueRequired":true,"valueName":"search_term_string"}}],"inLanguage":"es"},{"@type":"Organization","@id":"https:\/\/r3i.org\/es\/#organization","name":"R3I","url":"https:\/\/r3i.org\/es\/","logo":{"@type":"ImageObject","inLanguage":"es","@id":"https:\/\/r3i.org\/es\/#\/schema\/logo\/image\/","url":"https:\/\/i0.wp.com\/r3i.org\/wp-content\/uploads\/2024\/11\/r3i-logo-transp-1.png?fit=1601%2C834&ssl=1","contentUrl":"https:\/\/i0.wp.com\/r3i.org\/wp-content\/uploads\/2024\/11\/r3i-logo-transp-1.png?fit=1601%2C834&ssl=1","width":1601,"height":834,"caption":"R3I"},"image":{"@id":"https:\/\/r3i.org\/es\/#\/schema\/logo\/image\/"}}]}},"jetpack_likes_enabled":true,"jetpack_sharing_enabled":true,"jetpack_shortlink":"https:\/\/wp.me\/Pgbfv2-14Vh","jetpack-related-posts":[],"_links":{"self":[{"href":"https:\/\/r3i.org\/es\/wp-json\/wp\/v2\/pages\/257255","targetHints":{"allow":["GET"]}}],"collection":[{"href":"https:\/\/r3i.org\/es\/wp-json\/wp\/v2\/pages"}],"about":[{"href":"https:\/\/r3i.org\/es\/wp-json\/wp\/v2\/types\/page"}],"author":[{"embeddable":true,"href":"https:\/\/r3i.org\/es\/wp-json\/wp\/v2\/users\/258497325"}],"replies":[{"embeddable":true,"href":"https:\/\/r3i.org\/es\/wp-json\/wp\/v2\/comments?post=257255"}],"version-history":[{"count":6,"href":"https:\/\/r3i.org\/es\/wp-json\/wp\/v2\/pages\/257255\/revisions"}],"predecessor-version":[{"id":257277,"href":"https:\/\/r3i.org\/es\/wp-json\/wp\/v2\/pages\/257255\/revisions\/257277"}],"wp:attachment":[{"href":"https:\/\/r3i.org\/es\/wp-json\/wp\/v2\/media?parent=257255"}],"curies":[{"name":"wp","href":"https:\/\/api.w.org\/{rel}","templated":true}]}}