{"id":257209,"date":"2025-07-30T23:09:54","date_gmt":"2025-07-30T21:09:54","guid":{"rendered":"https:\/\/r3i.org\/editoriales-r3i\/editorial-25-06-niveles-de-trigliceridos-en-los-ensayos-clinicos-debemos-apuntar-mas-alto\/"},"modified":"2026-03-05T18:02:55","modified_gmt":"2026-03-05T17:02:55","slug":"editorial-25-06-niveles-de-trigliceridos-en-los-ensayos-clinicos-debemos-apuntar-mas-alto","status":"publish","type":"page","link":"https:\/\/r3i.org\/es\/editoriales-r3i\/editorial-25-06-niveles-de-trigliceridos-en-los-ensayos-clinicos-debemos-apuntar-mas-alto\/","title":{"rendered":"Editorial 25\/06- Niveles de triglic\u00e9ridos en los ensayos cl\u00ednicos: \u00bfdebemos apuntar m\u00e1s alto?"},"content":{"rendered":"<p>[et_pb_section fb_built=\u00bb1&#8243; admin_label=\u00bbHeader\u00bb _builder_version=\u00bb4.27.4&#8243; _module_preset=\u00bb35f37621-1062-4ae6-955d-76a3167a2aa8&#8243; background_image=\u00bbhttps:\/\/r3i.org\/wp-content\/uploads\/2024\/12\/pexels-pixabay-267582.jpg\u00bb parallax=\u00bbon\u00bb min_height=\u00bb280.8px\u00bb min_height_tablet=\u00bb367px\u00bb min_height_phone=\u00bb262.4px\u00bb min_height_last_edited=\u00bbon|phone\u00bb height=\u00bb289px\u00bb height_tablet=\u00bb289px\u00bb height_phone=\u00bb159px\u00bb height_last_edited=\u00bbon|phone\u00bb custom_margin_tablet=\u00bb\u00bb custom_margin_phone=\u00bb-17px||||false|false\u00bb custom_margin_last_edited=\u00bbon|phone\u00bb custom_padding=\u00bb0vw||0vw||true|false\u00bb collapsed=\u00bbon\u00bb global_colors_info=\u00bb{%22gcid-primary-color%22:%91%22quote_text_color%22,%22background_color_gradient_stops%22%93}\u00bb][et_pb_row _builder_version=\u00bb4.27.4&#8243; _module_preset=\u00bbdefault\u00bb global_colors_info=\u00bb{}\u00bb][et_pb_column type=\u00bb4_4&#8243; _builder_version=\u00bb4.27.0&#8243; _module_preset=\u00bbdefault\u00bb global_colors_info=\u00bb{}\u00bb][et_pb_text _builder_version=\u00bb4.27.4&#8243; _module_preset=\u00bbdefault\u00bb text_text_color=\u00bb#FFFFFF\u00bb header_2_text_color=\u00bb#FFFFFF\u00bb custom_padding=\u00bb1px|||||\u00bb global_colors_info=\u00bb{}\u00bb]<\/p>\n<h2>Editoriales R3i<\/h2>\n<p>[\/et_pb_text][et_pb_text _builder_version=\u00bb4.27.4&#8243; _module_preset=\u00bbdefault\u00bb text_text_color=\u00bb#FFFFFF\u00bb custom_margin=\u00bb-22px|||||\u00bb custom_margin_tablet=\u00bb-22px|||||\u00bb custom_margin_phone=\u00bb-35px||||false|false\u00bb custom_margin_last_edited=\u00bbon|phone\u00bb text_font_size_tablet=\u00bb\u00bb text_font_size_phone=\u00bb13px\u00bb text_font_size_last_edited=\u00bbon|phone\u00bb text_line_height_tablet=\u00bb\u00bb text_line_height_phone=\u00bb1.4em\u00bb text_line_height_last_edited=\u00bbon|phone\u00bb global_colors_info=\u00bb{}\u00bb]<\/p>\n<p><span data-sheets-root=\"1\">Los editoriales de R3i, creados por miembros de la junta de R3i, se centran en abordar los retos persistentes del riesgo cardiovascular residual. Estos editoriales sirven para educar a los profesionales sanitarios sobre los nuevos conocimientos y estrategias terap\u00e9uticas relacionados con los factores de riesgo lip\u00eddicos, como las lipoprote\u00ednas ricas en triglic\u00e9ridos y la lipoprote\u00edna(a). <\/span><\/p>\n<p>[\/et_pb_text][\/et_pb_column][\/et_pb_row][\/et_pb_section][et_pb_section fb_built=\u00bb1&#8243; _builder_version=\u00bb4.27.3&#8243; _module_preset=\u00bbdefault\u00bb custom_margin=\u00bb-49px|||||\u00bb custom_padding=\u00bb2px||40px|||\u00bb global_colors_info=\u00bb{}\u00bb][et_pb_row column_structure=\u00bb1_2,1_2&#8243; _builder_version=\u00bb4.27.4&#8243; _module_preset=\u00bbdefault\u00bb border_radii=\u00bboff|13px|13px|13px|13px\u00bb border_width_all=\u00bb4px\u00bb border_color_all=\u00bbgcid-b673dc17-1b2a-464e-affa-1bf1ab41c0fd\u00bb border_width_all_tablet=\u00bb4px\u00bb border_width_all_phone=\u00bb0px\u00bb border_width_all_last_edited=\u00bbon|phone\u00bb border_color_all_tablet=\u00bbgcid-b673dc17-1b2a-464e-affa-1bf1ab41c0fd\u00bb border_color_all_phone=\u00bbgcid-b673dc17-1b2a-464e-affa-1bf1ab41c0fd\u00bb border_color_all_last_edited=\u00bbon|phone\u00bb box_shadow_style=\u00bbpreset2&#8243; global_colors_info=\u00bb{%22gcid-b673dc17-1b2a-464e-affa-1bf1ab41c0fd%22:%91%22border_color_all%22%93}\u00bb][et_pb_column type=\u00bb1_2&#8243; _builder_version=\u00bb4.27.4&#8243; _module_preset=\u00bbdefault\u00bb global_colors_info=\u00bb{}\u00bb][et_pb_text _builder_version=\u00bb4.27.4&#8243; _module_preset=\u00bbdefault\u00bb text_font_size=\u00bb14px\u00bb header_5_text_color=\u00bbgcid-4907c8d4-9eff-49de-91ce-43a2d3a729cf\u00bb header_6_text_color=\u00bbgcid-secondary-color\u00bb hover_enabled=\u00bb0&#8243; inline_fonts=\u00bbAbyssinica SIL\u00bb global_colors_info=\u00bb{%22gcid-primary-color%22:%91%22quote_text_color%22,%22quote_text_color%22,%22quote_text_color%22%93,%22gcid-4907c8d4-9eff-49de-91ce-43a2d3a729cf%22:%91%22header_5_text_color%22%93,%22gcid-secondary-color%22:%91%22header_6_text_color%22%93}\u00bb sticky_enabled=\u00bb0&#8243;]<\/p>\n<h5 style=\"text-align: center\"><span style=\"font-family: 'Abyssinica SIL';font-weight: normal;font-size: small\">Abril 2025<\/span><\/h5>\n<h5 style=\"text-align: center\">\u00bfDeber\u00eda ser mayor el objetivo para los niveles de triglic\u00e9ridos en los ensayos cl\u00ednicos?<\/h5>\n<h6 style=\"text-align: center\"><a href=\"https:\/\/r3i.org\/peter-libby\/\">Pro<span lang=\"EN-GB\">f. Peter Libby<\/span> <\/a>Prof. <a href=\"https:\/\/r3i.org\/michel-hermans\/\">Michel Herman<\/a>s, <a href=\"https:\/\/r3i.org\/pierre-amarenco\/\">Prof. Pierre Amarenco<\/a><\/h6>\n<p><span style=\"font-weight: 400\">Existen numerosas pruebas procedentes de estudios observacionales realizados a lo largo de d\u00e9cadas que relacionan los triglic\u00e9ridos (TG) plasm\u00e1ticos elevados, un sustituto de las lipoprote\u00ednas ricas en TG y sus restos, con un mayor riesgo cardiovascular (1). M\u00e1s recientemente, los estudios gen\u00e9ticos han respaldado el probable papel causal de las lipoprote\u00ednas ricas en TG en la ASCVD (1,2). Sin embargo, persiste una laguna cr\u00edtica en la evidencia, es decir, si la reducci\u00f3n de los niveles de TG se traduce en una reducci\u00f3n de los eventos cardiovasculares. Hasta la fecha, s\u00f3lo el ensayo REDUCE-IT (Reduction of Cardiovascular Events with Icosapent Ethyl-Intervention Trial) (3) ha demostrado un beneficio cardiovascular significativo de la reducci\u00f3n de los niveles de TG con el <a href=\"https:\/\/r3i.org\/es\/hito-reduce-lo-el-icosapent-etilico-reduce-el-riesgo-cardiovascular-incluso-con-un-ldl-c-bajo\/\">tratamiento con dosis altas de icosapent etil<\/a>, en un contexto de terapia contempor\u00e1nea basada en la evidencia que incluye el tratamiento con estatinas. En cambio, otros dos ensayos importantes &#8211; PROMINENT (Pemafibrate to Reduce Cardiovascular Outcomes by Reducing Triglycerides in Patients with Diabetes) y STRENGTH (Long-Term Outcomes Study to Assess Statin Residual Risk with Epanova in High Cardiovascular Risk Patients with Hypertriglyceridemia) &#8211; fueron neutros a pesar de reducir los niveles de TG en un 26% y un 19% (corregidos por el control), respectivamente (4,5). Aunque se ha hablado mucho de las diferencias en las caracter\u00edsticas basales de las poblaciones de pacientes de estos ensayos, incluida la intensidad del tratamiento de base con estatinas, la proporci\u00f3n de diabetes mellitus y el grado de riesgo inflamatorio residual (6), debe tenerse en cuenta que cada ensayo se dirigi\u00f3 a pacientes con hipertrigliceridemia moderada en el momento del cribado. Los niveles de TG en el cribado eran en general comparables: 1,5 &#8211; 5,6 mmol\/L en REDUCE-IT, y 2,0-6,2 mmol\/L en PROMINENT y STRENGTH (3-5).        <\/span><\/p>\n<p><span style=\"font-weight: 400\">Estos datos contradictorios son desconcertantes. Un estudio reciente de Nordestgaard   <\/span><i><span style=\"font-weight: 400\">y otros<\/span><\/i><span style=\"font-weight: 400\">  (7) ofrece una visi\u00f3n de este enigma al investigar si el riesgo cardiovascular difiere seg\u00fan la gama de niveles de TG. Los investigadores evaluaron el riesgo cardiovascular en una amplia gama de niveles de TG en el Estudio de la Poblaci\u00f3n General de Copenhague (n=119 573). A continuaci\u00f3n, se compar\u00f3 con el riesgo cardiovascular en dos cohortes con niveles basales de TG entre 2,3 y 5,6 mmol\/L (el Estudio de Poblaci\u00f3n General de Copenhague y las cohortes del Estudio de Salud de la Mujer, n=27.757), as\u00ed como las poblaciones de los ensayos PROMINENT, REDUCE-IT y STRENGTH.    <\/span><\/p>\n<p><span style=\"font-weight: 400\">Hab\u00eda pruebas claras de que el aumento de los niveles de TG de 0,3 a 11,2 mmol\/L se asociaba a un aumento del riesgo de eventos cardiovasculares mayores. En particular, en comparaci\u00f3n con la referencia (TG &lt;1,0 mmol\/L), los individuos con niveles de TG \u22657,0 mmol\/L ten\u00edan un riesgo m\u00e1s de 2 veces superior de sufrir acontecimientos cardiovasculares (cociente de riesgos 2,03; intervalo de confianza [IC] del 95%: 1,66-2,53).   <\/span><\/p>\n<p>[\/et_pb_text][\/et_pb_column][et_pb_column type=\u00bb1_2&#8243; _builder_version=\u00bb4.27.4&#8243; _module_preset=\u00bbdefault\u00bb global_colors_info=\u00bb{}\u00bb][et_pb_text _builder_version=\u00bb4.27.4&#8243; _module_preset=\u00bbdefault\u00bb text_text_color=\u00bbgcid-4907c8d4-9eff-49de-91ce-43a2d3a729cf\u00bb text_font_size=\u00bb14px\u00bb hover_enabled=\u00bb0&#8243; global_colors_info=\u00bb{%22gcid-primary-color%22:%91%22quote_text_color%22,%22quote_text_color%22,%22quote_text_color%22%93,%22gcid-4907c8d4-9eff-49de-91ce-43a2d3a729cf%22:%91%22text_text_color%22%93}\u00bb sticky_enabled=\u00bb0&#8243;]<\/p>\n<p><span style=\"font-weight: 400\">Entre los individuos de las cohortes del estudio de la Poblaci\u00f3n General de Copenhague y del Estudio de la Salud de la Mujer con hipertrigliceridemia moderada, el riesgo cardiovascular no aument\u00f3 en el intervalo de 2,5 a &lt;3,0 mmol\/L (Hazard ratio 0,95, intervalo de confianza del 95% 0.87-1,04) y s\u00f3lo aument\u00f3 un 4% en los niveles de TG de 3,0 a &lt;3,6 mmol\/L (Hazard ratio 1,04, IC 95% 0,95-1,13) y un 13% en los niveles de TG \u2265 3,6 mmol\/L (Hazard ratio 1,13, IC 95% 1,04-1,23), en comparaci\u00f3n con el cuartil de referencia (&lt;2,5 mmol\/L) (5). A niveles de TG superiores a 5,6 mmol\/L, aumentaba la fuerza de la asociaci\u00f3n con el riesgo cardiovascular. Los resultados de las poblaciones de los ensayos PROMINENT, REDUCE-IT y STRENGTH fueron coherentes con estas observaciones, y el riesgo cardiovascular s\u00f3lo aument\u00f3 un 9% (Hazard ratio 1,09; IC del 95%: 1,00-1,19) con niveles de TG superiores a 3,9, 3,1 y 3,5 mmol\/L, respectivamente (7). Los autores sugirieron que la falta de coherencia entre estos ensayos puede estar relacionada con un aumento s\u00f3lo modesto del riesgo cardiovascular asociado a la hipertrigliceridemia moderada. Para solucionarlo, propusieron que los futuros ensayos de terapias reductoras de los TG consideraran una gama m\u00e1s amplia de niveles de TG para la inscripci\u00f3n, con la condici\u00f3n de excluir a los pacientes con antecedentes de pancreatitis o ingesta excesiva de alcohol (7). En un editorial adjunto, Watts y Chan (8) sugirieron que no se estableciera un l\u00edmite superior para los niveles de TG en los estudios de resultados cardiovasculares en los que se probaran tratamientos hipotensores, pero reconocieron la necesidad de evitar la pancreatitis en los pacientes con s\u00edndrome de quilomicronemia multifactorial, que tambi\u00e9n suelen tener un mayor riesgo de ECVA (9).       <\/span><\/p>\n<p><span style=\"font-weight: 400\">Estos debates son muy relevantes, ya que se est\u00e1n desarrollando cl\u00ednicamente varias terapias novedosas para reducir las TG. Las terapias de silenciamiento del ARN dirigidas a <a href=\"https:\/\/r3i.org\/es\/enfoque-r3i\/enfoque-potencial-de-la-terapia-combinada-dirigida-a-apoc3-y-ldl-c\/\">APOC3 <\/a>o <a href=\"https:\/\/r3i.org\/es\/focus-una-nueva-estrategia-para-atacar-el-angptl3\/\">ANGPTL3<\/a> son un foco clave de inter\u00e9s, con pruebas de un beneficio sustancial en los contextos de hipertrigliceridemia moderada y grave (10-13). El dise\u00f1o de los estudios de resultados cardiovasculares para estos nuevos agentes sigue siendo objeto de gran debate. A pesar de ello, Watts y Chan (8) se\u00f1alaron que los planes iniciales de un ensayo con <a href=\"https:\/\/r3i.org\/es\/enfoque-plozasiran-un-nuevo-arnsi-apoc3-en-la-hiperlipidemia-mixta\/\">plozasiran<\/a> (anteriormente denominado ARO-APOC3) incluyen a pacientes en prevenci\u00f3n secundaria con niveles de TG entre 2 y 10 mmol\/L (y colesterol no unido a lipoprote\u00ednas de alta densidad [colesterol no unido a lipoprote\u00ednas de alta densidad] &gt;2,6 mmol\/L) y a pacientes en prevenci\u00f3n primaria con niveles de TG entre 2,8 y 9,0 mmol\/L (colesterol no unido a lipoprote\u00ednas de alta densidad &gt;3,4 mmol\/L), aunque el dise\u00f1o del ensayo a\u00fan no se ha finalizado. Sin embargo, es poco probable que los futuros ensayos superen un l\u00edmite superior de niveles de TG de 10,0 mmol\/L, debido al riesgo de pancreatitis aguda para los pacientes del grupo placebo.      <\/span><\/p>\n<p><span style=\"font-weight: 400\">Identificar a qu\u00e9 nivel de TG aumenta el riesgo cardiovascular -y el riesgo cardiovascular residual- es un objetivo importante para la prevenci\u00f3n de la ASCVD. El informe de Nordestgaard y colaboradores repercutir\u00e1 sin duda en el dise\u00f1o de futuros estudios de resultados cardiovasculares para nuevos tratamientos reductores de los TG. La b\u00fasqueda para abordar la falta de pruebas que persiste para confirmar el papel de las lipoprote\u00ednas ricas en TG y su carga de colesterol en el riesgo cardiovascular contin\u00faa de nuevo.    <\/span><\/p>\n<p>[\/et_pb_text][et_pb_text _builder_version=\u00bb4.27.4&#8243; _module_preset=\u00bbdefault\u00bb text_font_size=\u00bb8px\u00bb global_colors_info=\u00bb{}\u00bb]<\/p>\n<p style=\"font-weight: 400\"><strong>Referencias<\/strong><\/p>\n<ol>\n<li style=\"font-weight: 400\">Nordestgaard BG. Lipoprote\u00ednas ricas en triglic\u00e9ridos y enfermedad cardiovascular ateroscler\u00f3tica. Insights from epidemiology, genetics, and biology, Circ Res 2016;118:547-63.<br \/>2. Ginsberg HN, Packard CJ, Chapman MJ, et al. Triglyceride-rich lipoproteins and their remnants: metabolic insights, role in atherosclerotic cardiovascular disease, and emerging therapeutic strategies-a consensus statement from the European Atherosclerosis Society. Eur Heart J 2021; 42:4791-806.<br \/>3. Bhatt DL, Steg PG, Miller M, et al. Reducci\u00f3n del riesgo cardiovascular con icosapent etil para la hipertrigliceridemia. N Engl J Med 2019; 380:11-22.<br \/>4. Das Pradhan A, Glynn RJ, Fruchart JC, et al. Disminuci\u00f3n de los triglic\u00e9ridos con pemafibrato para reducir el riesgo cardiovascular. N Engl J Med 2022; 387:1923-34.<br \/>5. Nicholls SJ, Lincoff AM, Garcia M, et al. Efecto de las altas dosis de \u00e1cidos grasos omega-3 frente al aceite de ma\u00edz sobre los principales acontecimientos cardiovasculares adversos en pacientes con alto riesgo cardiovascular: ensayo cl\u00ednico aleatorizado STRENGTH. JAMA 2020; 324:2268-80.<br \/>6. Fruchart JC, Fruchart-Najib J, Yamashita S, et al. Lecciones de PROMINENT y perspectivas<br \/>para el pemafibrato. Cardiovasc Diabetol 2024; 23:279.<br \/>7. Nordestgaard AT, Pradhan AD, Everett BM, et al. Ampliaci\u00f3n del intervalo de triglic\u00e9ridos en los ensayos cl\u00ednicos: oportunidades terap\u00e9uticas. Eur Heart J 2025; doi: 10.1093\/eurheartj\/ehaf074. <br \/>8. Watts GF, Chan DC. Alcanzar las estrellas: una perspectiva m\u00e1s amplia para dise\u00f1ar futuros ensayos de resultados cardiovasculares de terapias para reducir los triglic\u00e9ridos. Eur Heart J 2025; doi.org\/10.1093\/eurheartj\/ehae931. <br \/>9. Chait A. Hipertrigliceridemia. Endocrinol Metab Clin North Am 2022; 51:539-55.<br \/>10. Bergmark BA, Marston NA, Prohaska TA, et al. Olezarsen para la hipertrigliceridemia en pacientes con alto riesgo cardiovascular. N Engl J Med 2024; 390:1770-80.<br \/>11. Rosenson RS, Gaudet D, Hegele RA, et al. Zodasiran, un ARNi terap\u00e9utico dirigido a ANGPTL3, para la hiperlipidemia mixta. N Engl J Med 2024; 391:913-25.<br \/>12. Ballantyne CM, Vasas S, Azizad M, et al. Plozasiran, un agente de ARN de interferencia dirigido a APOC3, para la hiperlipidemia mixta. N Engl J Med 2024; 391:899-912.<br \/>13. Gaudet D, Pall D, Watts GF, et al. Plozasiran (ARO-APOC3) para la hipertrigliceridemia grave: ensayo cl\u00ednico aleatorizado SHASTA-2. JAMA Cardiol 2024; 9:620-30.                         <\/li>\n<\/ol>\n<p>[\/et_pb_text][\/et_pb_column][\/et_pb_row][\/et_pb_section]<\/p>\n","protected":false},"excerpt":{"rendered":"<p>Editoriales R3iLos editoriales de R3i, creados por miembros de la junta de R3i, se centran en abordar los retos persistentes del riesgo cardiovascular residual. Estos editoriales sirven para educar a los profesionales sanitarios sobre los nuevos conocimientos y estrategias terap\u00e9uticas relacionados con los factores de riesgo lip\u00eddicos, como las lipoprote\u00ednas ricas en triglic\u00e9ridos y la [&hellip;]<\/p>\n","protected":false},"author":258497324,"featured_media":0,"parent":252805,"menu_order":0,"comment_status":"closed","ping_status":"closed","template":"","meta":{"_et_pb_use_builder":"on","_et_pb_old_content":"","_et_gb_content_width":"","_crdt_document":"","footnotes":""},"class_list":["post-257209","page","type-page","status-publish","hentry"],"yoast_head":"<!-- This site is optimized with the Yoast SEO plugin v27.6 - https:\/\/yoast.com\/product\/yoast-seo-wordpress\/ -->\n<title>Los triglic\u00e9ridos en los ensayos cl\u00ednicos: \u00bfDebemos aspirar a m\u00e1s? - R3i<\/title>\n<meta name=\"description\" content=\"Por qu\u00e9 los ensayos de resultados en hipertrigliceridemia moderada fueron inconsistentes y si unos umbrales de TG m\u00e1s altos deber\u00edan guiar los futuros estudios cardiovasculares.\" \/>\n<meta name=\"robots\" content=\"index, follow, max-snippet:-1, max-image-preview:large, max-video-preview:-1\" \/>\n<link rel=\"canonical\" href=\"https:\/\/r3i.org\/es\/editoriales-r3i\/editorial-25-06-niveles-de-trigliceridos-en-los-ensayos-clinicos-debemos-apuntar-mas-alto\/\" \/>\n<meta property=\"og:locale\" content=\"es_ES\" \/>\n<meta property=\"og:type\" content=\"article\" \/>\n<meta property=\"og:title\" content=\"Los triglic\u00e9ridos en los ensayos cl\u00ednicos: \u00bfDebemos aspirar a m\u00e1s? - R3i\" \/>\n<meta property=\"og:description\" content=\"Por qu\u00e9 los ensayos de resultados en hipertrigliceridemia moderada fueron inconsistentes y si unos umbrales de TG m\u00e1s altos deber\u00edan guiar los futuros estudios cardiovasculares.\" \/>\n<meta property=\"og:url\" content=\"https:\/\/r3i.org\/es\/editoriales-r3i\/editorial-25-06-niveles-de-trigliceridos-en-los-ensayos-clinicos-debemos-apuntar-mas-alto\/\" \/>\n<meta property=\"og:site_name\" content=\"R3I\" \/>\n<meta property=\"article:modified_time\" content=\"2026-03-05T17:02:55+00:00\" \/>\n<meta name=\"twitter:card\" content=\"summary_large_image\" \/>\n<meta name=\"twitter:label1\" content=\"Tiempo de lectura\" \/>\n\t<meta name=\"twitter:data1\" content=\"10 minutos\" \/>\n<script type=\"application\/ld+json\" class=\"yoast-schema-graph\">{\"@context\":\"https:\\\/\\\/schema.org\",\"@graph\":[{\"@type\":\"WebPage\",\"@id\":\"https:\\\/\\\/r3i.org\\\/es\\\/editoriales-r3i\\\/editorial-25-06-niveles-de-trigliceridos-en-los-ensayos-clinicos-debemos-apuntar-mas-alto\\\/\",\"url\":\"https:\\\/\\\/r3i.org\\\/es\\\/editoriales-r3i\\\/editorial-25-06-niveles-de-trigliceridos-en-los-ensayos-clinicos-debemos-apuntar-mas-alto\\\/\",\"name\":\"Los triglic\u00e9ridos en los ensayos cl\u00ednicos: \u00bfDebemos aspirar a m\u00e1s? - R3i\",\"isPartOf\":{\"@id\":\"https:\\\/\\\/r3i.org\\\/es\\\/#website\"},\"datePublished\":\"2025-07-30T21:09:54+00:00\",\"dateModified\":\"2026-03-05T17:02:55+00:00\",\"description\":\"Por qu\u00e9 los ensayos de resultados en hipertrigliceridemia moderada fueron inconsistentes y si unos umbrales de TG m\u00e1s altos deber\u00edan guiar los futuros estudios cardiovasculares.\",\"breadcrumb\":{\"@id\":\"https:\\\/\\\/r3i.org\\\/es\\\/editoriales-r3i\\\/editorial-25-06-niveles-de-trigliceridos-en-los-ensayos-clinicos-debemos-apuntar-mas-alto\\\/#breadcrumb\"},\"inLanguage\":\"es\",\"potentialAction\":[{\"@type\":\"ReadAction\",\"target\":[\"https:\\\/\\\/r3i.org\\\/es\\\/editoriales-r3i\\\/editorial-25-06-niveles-de-trigliceridos-en-los-ensayos-clinicos-debemos-apuntar-mas-alto\\\/\"]}]},{\"@type\":\"BreadcrumbList\",\"@id\":\"https:\\\/\\\/r3i.org\\\/es\\\/editoriales-r3i\\\/editorial-25-06-niveles-de-trigliceridos-en-los-ensayos-clinicos-debemos-apuntar-mas-alto\\\/#breadcrumb\",\"itemListElement\":[{\"@type\":\"ListItem\",\"position\":1,\"name\":\"Home\",\"item\":\"https:\\\/\\\/r3i.org\\\/es\\\/\"},{\"@type\":\"ListItem\",\"position\":2,\"name\":\"Editoriales R3i\",\"item\":\"https:\\\/\\\/r3i.org\\\/es\\\/editoriales-r3i\\\/\"},{\"@type\":\"ListItem\",\"position\":3,\"name\":\"Editorial 25\\\/06- Niveles de triglic\u00e9ridos en los ensayos cl\u00ednicos: \u00bfdebemos apuntar m\u00e1s alto?\"}]},{\"@type\":\"WebSite\",\"@id\":\"https:\\\/\\\/r3i.org\\\/es\\\/#website\",\"url\":\"https:\\\/\\\/r3i.org\\\/es\\\/\",\"name\":\"R3I\",\"description\":\"Residual Risk Reduction Initiative\",\"publisher\":{\"@id\":\"https:\\\/\\\/r3i.org\\\/es\\\/#organization\"},\"potentialAction\":[{\"@type\":\"SearchAction\",\"target\":{\"@type\":\"EntryPoint\",\"urlTemplate\":\"https:\\\/\\\/r3i.org\\\/es\\\/?s={search_term_string}\"},\"query-input\":{\"@type\":\"PropertyValueSpecification\",\"valueRequired\":true,\"valueName\":\"search_term_string\"}}],\"inLanguage\":\"es\"},{\"@type\":\"Organization\",\"@id\":\"https:\\\/\\\/r3i.org\\\/es\\\/#organization\",\"name\":\"R3I\",\"url\":\"https:\\\/\\\/r3i.org\\\/es\\\/\",\"logo\":{\"@type\":\"ImageObject\",\"inLanguage\":\"es\",\"@id\":\"https:\\\/\\\/r3i.org\\\/es\\\/#\\\/schema\\\/logo\\\/image\\\/\",\"url\":\"https:\\\/\\\/i0.wp.com\\\/r3i.org\\\/wp-content\\\/uploads\\\/2024\\\/11\\\/r3i-logo-transp-1.png?fit=1601%2C834&ssl=1\",\"contentUrl\":\"https:\\\/\\\/i0.wp.com\\\/r3i.org\\\/wp-content\\\/uploads\\\/2024\\\/11\\\/r3i-logo-transp-1.png?fit=1601%2C834&ssl=1\",\"width\":1601,\"height\":834,\"caption\":\"R3I\"},\"image\":{\"@id\":\"https:\\\/\\\/r3i.org\\\/es\\\/#\\\/schema\\\/logo\\\/image\\\/\"}}]}<\/script>\n<!-- \/ Yoast SEO plugin. -->","yoast_head_json":{"title":"Los triglic\u00e9ridos en los ensayos cl\u00ednicos: \u00bfDebemos aspirar a m\u00e1s? - R3i","description":"Por qu\u00e9 los ensayos de resultados en hipertrigliceridemia moderada fueron inconsistentes y si unos umbrales de TG m\u00e1s altos deber\u00edan guiar los futuros estudios cardiovasculares.","robots":{"index":"index","follow":"follow","max-snippet":"max-snippet:-1","max-image-preview":"max-image-preview:large","max-video-preview":"max-video-preview:-1"},"canonical":"https:\/\/r3i.org\/es\/editoriales-r3i\/editorial-25-06-niveles-de-trigliceridos-en-los-ensayos-clinicos-debemos-apuntar-mas-alto\/","og_locale":"es_ES","og_type":"article","og_title":"Los triglic\u00e9ridos en los ensayos cl\u00ednicos: \u00bfDebemos aspirar a m\u00e1s? - R3i","og_description":"Por qu\u00e9 los ensayos de resultados en hipertrigliceridemia moderada fueron inconsistentes y si unos umbrales de TG m\u00e1s altos deber\u00edan guiar los futuros estudios cardiovasculares.","og_url":"https:\/\/r3i.org\/es\/editoriales-r3i\/editorial-25-06-niveles-de-trigliceridos-en-los-ensayos-clinicos-debemos-apuntar-mas-alto\/","og_site_name":"R3I","article_modified_time":"2026-03-05T17:02:55+00:00","twitter_card":"summary_large_image","twitter_misc":{"Tiempo de lectura":"10 minutos"},"schema":{"@context":"https:\/\/schema.org","@graph":[{"@type":"WebPage","@id":"https:\/\/r3i.org\/es\/editoriales-r3i\/editorial-25-06-niveles-de-trigliceridos-en-los-ensayos-clinicos-debemos-apuntar-mas-alto\/","url":"https:\/\/r3i.org\/es\/editoriales-r3i\/editorial-25-06-niveles-de-trigliceridos-en-los-ensayos-clinicos-debemos-apuntar-mas-alto\/","name":"Los triglic\u00e9ridos en los ensayos cl\u00ednicos: \u00bfDebemos aspirar a m\u00e1s? - R3i","isPartOf":{"@id":"https:\/\/r3i.org\/es\/#website"},"datePublished":"2025-07-30T21:09:54+00:00","dateModified":"2026-03-05T17:02:55+00:00","description":"Por qu\u00e9 los ensayos de resultados en hipertrigliceridemia moderada fueron inconsistentes y si unos umbrales de TG m\u00e1s altos deber\u00edan guiar los futuros estudios cardiovasculares.","breadcrumb":{"@id":"https:\/\/r3i.org\/es\/editoriales-r3i\/editorial-25-06-niveles-de-trigliceridos-en-los-ensayos-clinicos-debemos-apuntar-mas-alto\/#breadcrumb"},"inLanguage":"es","potentialAction":[{"@type":"ReadAction","target":["https:\/\/r3i.org\/es\/editoriales-r3i\/editorial-25-06-niveles-de-trigliceridos-en-los-ensayos-clinicos-debemos-apuntar-mas-alto\/"]}]},{"@type":"BreadcrumbList","@id":"https:\/\/r3i.org\/es\/editoriales-r3i\/editorial-25-06-niveles-de-trigliceridos-en-los-ensayos-clinicos-debemos-apuntar-mas-alto\/#breadcrumb","itemListElement":[{"@type":"ListItem","position":1,"name":"Home","item":"https:\/\/r3i.org\/es\/"},{"@type":"ListItem","position":2,"name":"Editoriales R3i","item":"https:\/\/r3i.org\/es\/editoriales-r3i\/"},{"@type":"ListItem","position":3,"name":"Editorial 25\/06- Niveles de triglic\u00e9ridos en los ensayos cl\u00ednicos: \u00bfdebemos apuntar m\u00e1s alto?"}]},{"@type":"WebSite","@id":"https:\/\/r3i.org\/es\/#website","url":"https:\/\/r3i.org\/es\/","name":"R3I","description":"Residual Risk Reduction Initiative","publisher":{"@id":"https:\/\/r3i.org\/es\/#organization"},"potentialAction":[{"@type":"SearchAction","target":{"@type":"EntryPoint","urlTemplate":"https:\/\/r3i.org\/es\/?s={search_term_string}"},"query-input":{"@type":"PropertyValueSpecification","valueRequired":true,"valueName":"search_term_string"}}],"inLanguage":"es"},{"@type":"Organization","@id":"https:\/\/r3i.org\/es\/#organization","name":"R3I","url":"https:\/\/r3i.org\/es\/","logo":{"@type":"ImageObject","inLanguage":"es","@id":"https:\/\/r3i.org\/es\/#\/schema\/logo\/image\/","url":"https:\/\/i0.wp.com\/r3i.org\/wp-content\/uploads\/2024\/11\/r3i-logo-transp-1.png?fit=1601%2C834&ssl=1","contentUrl":"https:\/\/i0.wp.com\/r3i.org\/wp-content\/uploads\/2024\/11\/r3i-logo-transp-1.png?fit=1601%2C834&ssl=1","width":1601,"height":834,"caption":"R3I"},"image":{"@id":"https:\/\/r3i.org\/es\/#\/schema\/logo\/image\/"}}]}},"jetpack_likes_enabled":true,"jetpack_sharing_enabled":true,"jetpack_shortlink":"https:\/\/wp.me\/Pgbfv2-14Ux","jetpack-related-posts":[],"_links":{"self":[{"href":"https:\/\/r3i.org\/es\/wp-json\/wp\/v2\/pages\/257209","targetHints":{"allow":["GET"]}}],"collection":[{"href":"https:\/\/r3i.org\/es\/wp-json\/wp\/v2\/pages"}],"about":[{"href":"https:\/\/r3i.org\/es\/wp-json\/wp\/v2\/types\/page"}],"author":[{"embeddable":true,"href":"https:\/\/r3i.org\/es\/wp-json\/wp\/v2\/users\/258497324"}],"replies":[{"embeddable":true,"href":"https:\/\/r3i.org\/es\/wp-json\/wp\/v2\/comments?post=257209"}],"version-history":[{"count":7,"href":"https:\/\/r3i.org\/es\/wp-json\/wp\/v2\/pages\/257209\/revisions"}],"predecessor-version":[{"id":257439,"href":"https:\/\/r3i.org\/es\/wp-json\/wp\/v2\/pages\/257209\/revisions\/257439"}],"up":[{"embeddable":true,"href":"https:\/\/r3i.org\/es\/wp-json\/wp\/v2\/pages\/252805"}],"wp:attachment":[{"href":"https:\/\/r3i.org\/es\/wp-json\/wp\/v2\/media?parent=257209"}],"curies":[{"name":"wp","href":"https:\/\/api.w.org\/{rel}","templated":true}]}}