{"id":257194,"date":"2025-09-12T16:14:26","date_gmt":"2025-09-12T14:14:26","guid":{"rendered":"https:\/\/r3i.org\/editoriales-r3i\/editoriales-25-07-nuevos-enfoques-para-reducir-los-trigliceridos-vuelta-al-futuro-con-el-angptl4\/"},"modified":"2026-03-04T18:43:41","modified_gmt":"2026-03-04T17:43:41","slug":"editoriales-25-07-nuevos-enfoques-para-reducir-los-trigliceridos-vuelta-al-futuro-con-el-angptl4","status":"publish","type":"page","link":"https:\/\/r3i.org\/es\/editoriales-r3i\/editoriales-25-07-nuevos-enfoques-para-reducir-los-trigliceridos-vuelta-al-futuro-con-el-angptl4\/","title":{"rendered":"Editoriales 25\/07 &#8211; Nuevos enfoques para reducir los triglic\u00e9ridos: \u00bfvuelta al futuro con el ANGPTL4?"},"content":{"rendered":"<p>[et_pb_section fb_built=\u00bb1&#8243; admin_label=\u00bbHeader\u00bb _builder_version=\u00bb4.27.4&#8243; _module_preset=\u00bb35f37621-1062-4ae6-955d-76a3167a2aa8&#8243; background_image=\u00bbhttps:\/\/r3i.org\/wp-content\/uploads\/2024\/12\/pexels-pixabay-267582.jpg\u00bb parallax=\u00bbon\u00bb min_height=\u00bb280.8px\u00bb min_height_tablet=\u00bb367px\u00bb min_height_phone=\u00bb262.4px\u00bb min_height_last_edited=\u00bbon|phone\u00bb height=\u00bb289px\u00bb height_tablet=\u00bb289px\u00bb height_phone=\u00bb159px\u00bb height_last_edited=\u00bbon|phone\u00bb custom_margin_tablet=\u00bb\u00bb custom_margin_phone=\u00bb-17px||||false|false\u00bb custom_margin_last_edited=\u00bbon|phone\u00bb custom_padding=\u00bb0vw||0vw||true|false\u00bb collapsed=\u00bbon\u00bb global_colors_info=\u00bb{%22gcid-primary-color%22:%91%22quote_text_color%22,%22background_color_gradient_stops%22%93}\u00bb][et_pb_row _builder_version=\u00bb4.27.4&#8243; _module_preset=\u00bbdefault\u00bb global_colors_info=\u00bb{}\u00bb][et_pb_column type=\u00bb4_4&#8243; _builder_version=\u00bb4.27.0&#8243; _module_preset=\u00bbdefault\u00bb global_colors_info=\u00bb{}\u00bb][et_pb_text _builder_version=\u00bb4.27.4&#8243; _module_preset=\u00bbdefault\u00bb text_text_color=\u00bb#FFFFFF\u00bb header_2_text_color=\u00bb#FFFFFF\u00bb custom_padding=\u00bb1px|||||\u00bb global_colors_info=\u00bb{}\u00bb]<\/p>\n<h2>Editoriales R3i<\/h2>\n<p>[\/et_pb_text][et_pb_text _builder_version=\u00bb4.27.4&#8243; _module_preset=\u00bbdefault\u00bb text_text_color=\u00bb#FFFFFF\u00bb custom_margin=\u00bb-22px|||||\u00bb custom_margin_tablet=\u00bb-22px|||||\u00bb custom_margin_phone=\u00bb-35px||||false|false\u00bb custom_margin_last_edited=\u00bbon|phone\u00bb text_font_size_tablet=\u00bb\u00bb text_font_size_phone=\u00bb13px\u00bb text_font_size_last_edited=\u00bbon|phone\u00bb text_line_height_tablet=\u00bb\u00bb text_line_height_phone=\u00bb1.4em\u00bb text_line_height_last_edited=\u00bbon|phone\u00bb global_colors_info=\u00bb{}\u00bb]<\/p>\n<p><span data-sheets-root=\"1\">Los editoriales de R3i, creados por miembros de la junta de R3i, se centran en abordar los retos persistentes del riesgo cardiovascular residual. Estos editoriales sirven para educar a los profesionales sanitarios sobre los nuevos conocimientos y estrategias terap\u00e9uticas relacionados con los factores de riesgo lip\u00eddicos, como las lipoprote\u00ednas ricas en triglic\u00e9ridos y la lipoprote\u00edna(a). <\/span><\/p>\n<p>[\/et_pb_text][\/et_pb_column][\/et_pb_row][\/et_pb_section][et_pb_section fb_built=\u00bb1&#8243; _builder_version=\u00bb4.27.3&#8243; _module_preset=\u00bbdefault\u00bb custom_margin=\u00bb-49px|||||\u00bb custom_padding=\u00bb2px||40px|||\u00bb global_colors_info=\u00bb{}\u00bb][et_pb_row column_structure=\u00bb1_2,1_2&#8243; _builder_version=\u00bb4.27.4&#8243; _module_preset=\u00bbdefault\u00bb border_radii=\u00bboff|13px|13px|13px|13px\u00bb border_width_all=\u00bb4px\u00bb border_color_all=\u00bbgcid-b673dc17-1b2a-464e-affa-1bf1ab41c0fd\u00bb border_width_all_tablet=\u00bb4px\u00bb border_width_all_phone=\u00bb0px\u00bb border_width_all_last_edited=\u00bbon|phone\u00bb border_color_all_tablet=\u00bbgcid-b673dc17-1b2a-464e-affa-1bf1ab41c0fd\u00bb border_color_all_phone=\u00bbgcid-b673dc17-1b2a-464e-affa-1bf1ab41c0fd\u00bb border_color_all_last_edited=\u00bbon|phone\u00bb box_shadow_style=\u00bbpreset2&#8243; global_colors_info=\u00bb{%22gcid-b673dc17-1b2a-464e-affa-1bf1ab41c0fd%22:%91%22border_color_all%22%93}\u00bb][et_pb_column type=\u00bb1_2&#8243; _builder_version=\u00bb4.27.4&#8243; _module_preset=\u00bbdefault\u00bb global_colors_info=\u00bb{}\u00bb][et_pb_text _builder_version=\u00bb4.27.4&#8243; _module_preset=\u00bbdefault\u00bb text_font_size=\u00bb14px\u00bb header_5_text_color=\u00bbgcid-4907c8d4-9eff-49de-91ce-43a2d3a729cf\u00bb header_6_text_color=\u00bbgcid-secondary-color\u00bb hover_enabled=\u00bb0&#8243; inline_fonts=\u00bbAbyssinica SIL\u00bb global_colors_info=\u00bb{%22gcid-primary-color%22:%91%22quote_text_color%22,%22quote_text_color%22,%22quote_text_color%22%93,%22gcid-4907c8d4-9eff-49de-91ce-43a2d3a729cf%22:%91%22header_5_text_color%22%93,%22gcid-secondary-color%22:%91%22header_6_text_color%22%93}\u00bb sticky_enabled=\u00bb0&#8243;]<\/p>\n<h5 style=\"text-align: center;\"><span style=\"font-family: 'Abyssinica SIL'; font-weight: normal; font-size: small;\">Julio de 2025<\/span><\/h5>\n<h5 style=\"text-align: center;\"><b>Nuevos enfoques para reducir los triglic\u00e9ridos: \u00bfvuelta al futuro con ANGPTL4?  <\/b><\/h5>\n<h6 style=\"text-align: center;\"><a href=\"https:\/\/r3i.org\/peter-libby\/\">Pro<span lang=\"EN-GB\">f. Peter Libby<\/span> <\/a>Prof. <a href=\"https:\/\/r3i.org\/michel-hermans\/\">Michel Herman<\/a>s, <a href=\"https:\/\/r3i.org\/pierre-amarenco\/\">Prof. Pierre Amarenco<\/a><\/h6>\n<p><span style=\"font-weight: 400;\">La enfermedad cardiovascular ateroscler\u00f3tica (ECVA) es la principal causa de morbilidad y mortalidad en todo el mundo (1). Adem\u00e1s, con el aumento de la obesidad, sobre todo entre los m\u00e1s j\u00f3venes (2), la ASCVD seguir\u00e1 siendo un reto mundial. Los avances en el tratamiento del colesterol de lipoprote\u00ednas de baja densidad han sido bienvenidos; sin embargo, incluso con el mejor tratamiento basado en la evidencia, los individuos de alto riesgo tienen un riesgo cardiovascular residual persistente. Los factores cruciales de este riesgo son las concentraciones elevadas de <a href=\"https:\/\/r3i.org\/es\/folleto-lipoproteinas-ricas-en-trigliceridos-y-enfermedad-cardiovascular-aterosclerotica\/\">lipoprote\u00ednas ricas en triglic\u00e9ridos<\/a> y el colesterol residual (3). Los estudios mecan\u00edsticos y gen\u00e9ticos han identificado objetivos clave en la regulaci\u00f3n del metabolismo de las lipoprote\u00ednas ricas en triglic\u00e9ridos que ofrecen enfoques prometedores para abordar la dislipidemia aterog\u00e9nica y el riesgo residual asociado (3).      <\/span><\/p>\n<p><span style=\"font-weight: 400;\">La prote\u00edna 4 similar a la angiopoyetina (ANGPTL4) es una diana que despert\u00f3 un inter\u00e9s temprano. Predominantemente expresada en el tejido adiposo y el h\u00edgado, la ANGPTL4 desempe\u00f1a un papel crucial en la regulaci\u00f3n del metabolismo lip\u00eddico, a trav\u00e9s de su efecto inhibidor sobre la lipoprote\u00edna lipasa, y tambi\u00e9n puede mejorar la eliminaci\u00f3n de la circulaci\u00f3n de las lipoprote\u00ednas ricas en triglic\u00e9ridos (4). Los estudios gen\u00e9ticos apoyan el potencial de esta diana, demostrando que los portadores de mutaciones de p\u00e9rdida de funci\u00f3n en    <\/span><i><span style=\"font-weight: 400;\">ANGPTL4<\/span><\/i><span style=\"font-weight: 400;\">  presentan niveles m\u00e1s bajos de triglic\u00e9ridos, colesterol remanente y apolipoprote\u00edna B, as\u00ed como un menor riesgo de ASCVD (5-7). A pesar de ello, el entusiasmo por la inhibici\u00f3n de la ANGPTL4 como enfoque terap\u00e9utico ha deca\u00eddo ante la evidencia de que los ratones knockout de Angptl4 alimentados con una dieta rica en grasas saturadas presentaban acumulaci\u00f3n de l\u00edpidos en los ganglios linf\u00e1ticos mesent\u00e9ricos e inflamaci\u00f3n sist\u00e9mica, as\u00ed como una menor supervivencia (8,9).   <\/span><\/p>\n<p><span style=\"font-weight: 400;\">En este contexto, los primeros resultados con un nuevo anticuerpo monoclonal ANGPLT4 promueven una reevaluaci\u00f3n de la utilidad de esta diana terap\u00e9utica. Presentado por primera vez como novedad tard\u00eda en el reciente Congreso Anual de la Sociedad Europea de Aterosclerosis celebrado en Glasgow y publicado ahora en   <\/span><i><span style=\"font-weight: 400;\">The Lancet<\/span><\/i><span style=\"font-weight: 400;\"> (10), los primeros datos en humanos con MAR001 disipan las preocupaciones previas sobre la seguridad de la inhibici\u00f3n de ANGPTL4. <\/span> <\/p>\n<p>[\/et_pb_text][\/et_pb_column][et_pb_column type=\u00bb1_2&#8243; _builder_version=\u00bb4.27.4&#8243; _module_preset=\u00bbdefault\u00bb global_colors_info=\u00bb{}\u00bb][et_pb_text _builder_version=\u00bb4.27.4&#8243; _module_preset=\u00bbdefault\u00bb text_text_color=\u00bbgcid-4907c8d4-9eff-49de-91ce-43a2d3a729cf\u00bb text_font_size=\u00bb14px\u00bb global_colors_info=\u00bb{%22gcid-primary-color%22:%91%22quote_text_color%22,%22quote_text_color%22,%22quote_text_color%22%93,%22gcid-4907c8d4-9eff-49de-91ce-43a2d3a729cf%22:%91%22text_text_color%22%93}\u00bb]<\/p>\n<p><span style=\"font-weight: 400;\">Brevemente, este \u00faltimo informe analiza los resultados de los primeros estudios de dosis \u00fanica con MAR001 en adultos sanos (15 mg, 50 mg, 150 mg o 450 mg), as\u00ed como de dosis m\u00faltiples (150 mg, 300 mg o 450 mg cada 2 semanas) en adultos con hipertrigliceridemia (\u22651,7 mmol\/L y \u22645,6 mmol\/L en el momento del cribado) y evidencia de disfunci\u00f3n metab\u00f3lica (diabetes de tipo 2, o HOMA-IR &gt;2,2 y obesidad abdominal). El objetivo primario del estudio era evaluar la seguridad del MAR001. Tras 12 semanas, no se observ\u00f3 ninguna se\u00f1al adversa de seguridad con el tratamiento con MAR001, incluida la ausencia de cambios en el tama\u00f1o de los ganglios linf\u00e1ticos mesent\u00e9ricos o de inflamaci\u00f3n. Adem\u00e1s, en el r\u00e9gimen de dosis m\u00e1s alta, el MAR001 redujo a m\u00e1s de la mitad los triglic\u00e9ridos y el colesterol remanente (con reducciones del 52,7% y el 52,5%, respectivamente). Estos resultados justifican el desarrollo cl\u00ednico ulterior de este nuevo tratamiento.      <\/span><\/p>\n<p><span style=\"font-weight: 400;\">Junto con los hallazgos precl\u00ednicos (11), estos resultados se alinean con los efectos de la inhibici\u00f3n del ANGPTL4 basados en la gen\u00e9tica humana y apoyan el desarrollo ulterior del MAR001 como opci\u00f3n prometedora para el tratamiento de los triglic\u00e9ridos elevados y el colesterol remanente en pacientes con dislipidemia aterog\u00e9nica. Tras un comienzo titubeante, esperamos con inter\u00e9s nuevos conocimientos sobre el potencial terap\u00e9utico de la inhibici\u00f3n de ANGPTL4 para abordar el riesgo cardiovascular residual asociado a esta dislipidemia com\u00fan.   <\/span><\/p>\n<p>[\/et_pb_text][et_pb_text _builder_version=\u00bb4.27.4&#8243; _module_preset=\u00bbdefault\u00bb text_font_size=\u00bb8px\u00bb global_colors_info=\u00bb{}\u00bb]<\/p>\n<p><b>Referencias<\/b><\/p>\n<ol>\n<li style=\"list-style-type: none;\">\n<ol>\n<li><span style=\"font-weight: 400;\">  Vaduganathan M, Mensah GA, Turco JV, et al. La carga mundial de enfermedades y riesgos cardiovasculares: una br\u00fajula para la salud futura. JACC 2022; 80: 2361-71.  <\/span><\/li>\n<li><span style=\"font-weight: 400;\">  Colaboradores de GBD 2021 Adolescent BMI. Prevalencia mundial, regional y nacional del sobrepeso y la obesidad en ni\u00f1os y adolescentes, 1990-2021, con previsiones hasta 2050: un estudio de previsi\u00f3n para el Estudio sobre la Carga Mundial de Morbilidad 2021. Lancet 2025;405:785-812.  <\/span><\/li>\n<li><span style=\"font-weight: 400;\">  Ginsberg HN, Packard CJ, Chapman MJ, et al. Triglyceride-rich lipoproteins and their remnants: metabolic insights, role in atherosclerotic cardiovascular disease, and emerging therapeutic strategies-a consensus statement from the European Atherosclerosis Society. Eur Heart J 2021; 42:4791-806.  <\/span><\/li>\n<li><span style=\"font-weight: 400;\">  Kersten S. Papel y mecanismo de acci\u00f3n de la prote\u00edna similar a la angiopoyetina ANGPTL4 en el metabolismo de los l\u00edpidos plasm\u00e1ticos. J lipid Res 2021;62: 100150. <\/span><\/li>\n<li><span style=\"font-weight: 400;\">  Landfors F, Henneman P, Chorell E, et al. El an\u00e1lisis de aleatorizaci\u00f3n mendeliana de objetivos farmacol\u00f3gicos respalda la reducci\u00f3n de los niveles plasm\u00e1ticos de ANGPTL3, ANGPTL4 y APOC3 como estrategias para reducir el riesgo de enfermedad cardiovascular. Eur Hear J Open 2024;4:oeae035.  <\/span><\/li>\n<li><span style=\"font-weight: 400;\">  Dewey FE, Gusarova V, O&#8217;Dushlaine C, et al. Variantes inactivadoras en ANGPTL4 y riesgo de enfermedad arterial coronaria. New Engl J Medicine. 2016;374:1123-33.   <\/span><\/li>\n<li><span style=\"font-weight: 400;\">  Gagnon E, Bourgault J, Gobeil \u00c9, et al. Impacto de la p\u00e9rdida de funci\u00f3n de la angiopoyetina-like 4 en el fenoma humano. Atherosclerosis 2024;393:117558.  <\/span><\/li>\n<li><span style=\"font-weight: 400;\">  Lichtenstein L, Mattijssen F, de Wit NJ, et al. La Angptl4 protege contra los graves efectos proinflamatorios de las grasas saturadas inhibiendo la captaci\u00f3n de \u00e1cidos grasos en los macr\u00f3fagos de los ganglios linf\u00e1ticos mesent\u00e9ricos. Cell Metab 2010;12:580-92.  <\/span><\/li>\n<li><span style=\"font-weight: 400;\">  Desai U, Lee E-C, Chung K, et al. Los efectos hipolipemiantes del anticuerpo anti-angiopoietina-like 4 recapitulan el fenotipo lip\u00eddico encontrado en ratones knockout de angiopoietina-like 4. Proc Natl Acad Sci USA. 2007;104:11766-71.   <\/span><\/li>\n<li><span style=\"font-weight: 400;\">  Cummings BB, Joing MP, Bouchard PR, et al. Seguridad y eficacia de un nuevo anticuerpo inhibidor de ANGPTL4 para la reducci\u00f3n de l\u00edpidos: resultados de estudios cl\u00ednicos de fase 1 y fase 1b\/2a. Lancet 2025; doi: 10.1016\/S0140-6736(25)00825-6.    <\/span><\/li>\n<li><span style=\"font-weight: 400;\">  Cummings BB , Bouchard PR , Milton MN, et al. Un anticuerpo inhibidor de ANGPTL4 mejora con seguridad los perfiles lip\u00eddicos en primates no humanos. BioMedicina 2025; doi: 10.1016\/j.ebiom.2025.105748.  <\/span><\/li>\n<\/ol>\n<\/li>\n<\/ol>\n<p>[\/et_pb_text][\/et_pb_column][\/et_pb_row][\/et_pb_section]<\/p>\n","protected":false},"excerpt":{"rendered":"<p>Editoriales R3iLos editoriales de R3i, creados por miembros de la junta de R3i, se centran en abordar los retos persistentes del riesgo cardiovascular residual. Estos editoriales sirven para educar a los profesionales sanitarios sobre los nuevos conocimientos y estrategias terap\u00e9uticas relacionados con los factores de riesgo lip\u00eddicos, como las lipoprote\u00ednas ricas en triglic\u00e9ridos y la [&hellip;]<\/p>\n","protected":false},"author":258497324,"featured_media":0,"parent":252805,"menu_order":0,"comment_status":"closed","ping_status":"closed","template":"","meta":{"_et_pb_use_builder":"on","_et_pb_old_content":"","_et_gb_content_width":"","_crdt_document":"","footnotes":""},"class_list":["post-257194","page","type-page","status-publish","hentry"],"yoast_head":"<!-- This site is optimized with the Yoast SEO plugin v27.6 - https:\/\/yoast.com\/product\/yoast-seo-wordpress\/ -->\n<title>ANGPTL4 y nuevas estrategias para reducir los triglic\u00e9ridos<\/title>\n<meta name=\"description\" content=\"Editorial que explora el ANGPTL4 como diana terap\u00e9utica para la reducci\u00f3n de los triglic\u00e9ridos y su papel potencial en el riesgo cardiovascular residual.\" \/>\n<meta name=\"robots\" content=\"index, follow, max-snippet:-1, max-image-preview:large, max-video-preview:-1\" \/>\n<link rel=\"canonical\" href=\"https:\/\/r3i.org\/es\/editoriales-r3i\/editoriales-25-07-nuevos-enfoques-para-reducir-los-trigliceridos-vuelta-al-futuro-con-el-angptl4\/\" \/>\n<meta property=\"og:locale\" content=\"es_ES\" \/>\n<meta property=\"og:type\" content=\"article\" \/>\n<meta property=\"og:title\" content=\"ANGPTL4 y nuevas estrategias para reducir los triglic\u00e9ridos\" \/>\n<meta property=\"og:description\" content=\"Editorial que explora el ANGPTL4 como diana terap\u00e9utica para la reducci\u00f3n de los triglic\u00e9ridos y su papel potencial en el riesgo cardiovascular residual.\" \/>\n<meta property=\"og:url\" content=\"https:\/\/r3i.org\/es\/editoriales-r3i\/editoriales-25-07-nuevos-enfoques-para-reducir-los-trigliceridos-vuelta-al-futuro-con-el-angptl4\/\" \/>\n<meta property=\"og:site_name\" content=\"R3I\" \/>\n<meta property=\"article:modified_time\" content=\"2026-03-04T17:43:41+00:00\" \/>\n<meta name=\"twitter:card\" content=\"summary_large_image\" \/>\n<meta name=\"twitter:label1\" content=\"Tiempo de lectura\" \/>\n\t<meta name=\"twitter:data1\" content=\"8 minutos\" \/>\n<script type=\"application\/ld+json\" class=\"yoast-schema-graph\">{\"@context\":\"https:\\\/\\\/schema.org\",\"@graph\":[{\"@type\":\"WebPage\",\"@id\":\"https:\\\/\\\/r3i.org\\\/es\\\/editoriales-r3i\\\/editoriales-25-07-nuevos-enfoques-para-reducir-los-trigliceridos-vuelta-al-futuro-con-el-angptl4\\\/\",\"url\":\"https:\\\/\\\/r3i.org\\\/es\\\/editoriales-r3i\\\/editoriales-25-07-nuevos-enfoques-para-reducir-los-trigliceridos-vuelta-al-futuro-con-el-angptl4\\\/\",\"name\":\"ANGPTL4 y nuevas estrategias para reducir los triglic\u00e9ridos\",\"isPartOf\":{\"@id\":\"https:\\\/\\\/r3i.org\\\/es\\\/#website\"},\"datePublished\":\"2025-09-12T14:14:26+00:00\",\"dateModified\":\"2026-03-04T17:43:41+00:00\",\"description\":\"Editorial que explora el ANGPTL4 como diana terap\u00e9utica para la reducci\u00f3n de los triglic\u00e9ridos y su papel potencial en el riesgo cardiovascular residual.\",\"breadcrumb\":{\"@id\":\"https:\\\/\\\/r3i.org\\\/es\\\/editoriales-r3i\\\/editoriales-25-07-nuevos-enfoques-para-reducir-los-trigliceridos-vuelta-al-futuro-con-el-angptl4\\\/#breadcrumb\"},\"inLanguage\":\"es\",\"potentialAction\":[{\"@type\":\"ReadAction\",\"target\":[\"https:\\\/\\\/r3i.org\\\/es\\\/editoriales-r3i\\\/editoriales-25-07-nuevos-enfoques-para-reducir-los-trigliceridos-vuelta-al-futuro-con-el-angptl4\\\/\"]}]},{\"@type\":\"BreadcrumbList\",\"@id\":\"https:\\\/\\\/r3i.org\\\/es\\\/editoriales-r3i\\\/editoriales-25-07-nuevos-enfoques-para-reducir-los-trigliceridos-vuelta-al-futuro-con-el-angptl4\\\/#breadcrumb\",\"itemListElement\":[{\"@type\":\"ListItem\",\"position\":1,\"name\":\"Home\",\"item\":\"https:\\\/\\\/r3i.org\\\/es\\\/\"},{\"@type\":\"ListItem\",\"position\":2,\"name\":\"Editoriales R3i\",\"item\":\"https:\\\/\\\/r3i.org\\\/es\\\/editoriales-r3i\\\/\"},{\"@type\":\"ListItem\",\"position\":3,\"name\":\"Editoriales 25\\\/07 &#8211; Nuevos enfoques para reducir los triglic\u00e9ridos: \u00bfvuelta al futuro con el ANGPTL4?\"}]},{\"@type\":\"WebSite\",\"@id\":\"https:\\\/\\\/r3i.org\\\/es\\\/#website\",\"url\":\"https:\\\/\\\/r3i.org\\\/es\\\/\",\"name\":\"R3I\",\"description\":\"Residual Risk Reduction Initiative\",\"publisher\":{\"@id\":\"https:\\\/\\\/r3i.org\\\/es\\\/#organization\"},\"potentialAction\":[{\"@type\":\"SearchAction\",\"target\":{\"@type\":\"EntryPoint\",\"urlTemplate\":\"https:\\\/\\\/r3i.org\\\/es\\\/?s={search_term_string}\"},\"query-input\":{\"@type\":\"PropertyValueSpecification\",\"valueRequired\":true,\"valueName\":\"search_term_string\"}}],\"inLanguage\":\"es\"},{\"@type\":\"Organization\",\"@id\":\"https:\\\/\\\/r3i.org\\\/es\\\/#organization\",\"name\":\"R3I\",\"url\":\"https:\\\/\\\/r3i.org\\\/es\\\/\",\"logo\":{\"@type\":\"ImageObject\",\"inLanguage\":\"es\",\"@id\":\"https:\\\/\\\/r3i.org\\\/es\\\/#\\\/schema\\\/logo\\\/image\\\/\",\"url\":\"https:\\\/\\\/i0.wp.com\\\/r3i.org\\\/wp-content\\\/uploads\\\/2024\\\/11\\\/r3i-logo-transp-1.png?fit=1601%2C834&ssl=1\",\"contentUrl\":\"https:\\\/\\\/i0.wp.com\\\/r3i.org\\\/wp-content\\\/uploads\\\/2024\\\/11\\\/r3i-logo-transp-1.png?fit=1601%2C834&ssl=1\",\"width\":1601,\"height\":834,\"caption\":\"R3I\"},\"image\":{\"@id\":\"https:\\\/\\\/r3i.org\\\/es\\\/#\\\/schema\\\/logo\\\/image\\\/\"}}]}<\/script>\n<!-- \/ Yoast SEO plugin. -->","yoast_head_json":{"title":"ANGPTL4 y nuevas estrategias para reducir los triglic\u00e9ridos","description":"Editorial que explora el ANGPTL4 como diana terap\u00e9utica para la reducci\u00f3n de los triglic\u00e9ridos y su papel potencial en el riesgo cardiovascular residual.","robots":{"index":"index","follow":"follow","max-snippet":"max-snippet:-1","max-image-preview":"max-image-preview:large","max-video-preview":"max-video-preview:-1"},"canonical":"https:\/\/r3i.org\/es\/editoriales-r3i\/editoriales-25-07-nuevos-enfoques-para-reducir-los-trigliceridos-vuelta-al-futuro-con-el-angptl4\/","og_locale":"es_ES","og_type":"article","og_title":"ANGPTL4 y nuevas estrategias para reducir los triglic\u00e9ridos","og_description":"Editorial que explora el ANGPTL4 como diana terap\u00e9utica para la reducci\u00f3n de los triglic\u00e9ridos y su papel potencial en el riesgo cardiovascular residual.","og_url":"https:\/\/r3i.org\/es\/editoriales-r3i\/editoriales-25-07-nuevos-enfoques-para-reducir-los-trigliceridos-vuelta-al-futuro-con-el-angptl4\/","og_site_name":"R3I","article_modified_time":"2026-03-04T17:43:41+00:00","twitter_card":"summary_large_image","twitter_misc":{"Tiempo de lectura":"8 minutos"},"schema":{"@context":"https:\/\/schema.org","@graph":[{"@type":"WebPage","@id":"https:\/\/r3i.org\/es\/editoriales-r3i\/editoriales-25-07-nuevos-enfoques-para-reducir-los-trigliceridos-vuelta-al-futuro-con-el-angptl4\/","url":"https:\/\/r3i.org\/es\/editoriales-r3i\/editoriales-25-07-nuevos-enfoques-para-reducir-los-trigliceridos-vuelta-al-futuro-con-el-angptl4\/","name":"ANGPTL4 y nuevas estrategias para reducir los triglic\u00e9ridos","isPartOf":{"@id":"https:\/\/r3i.org\/es\/#website"},"datePublished":"2025-09-12T14:14:26+00:00","dateModified":"2026-03-04T17:43:41+00:00","description":"Editorial que explora el ANGPTL4 como diana terap\u00e9utica para la reducci\u00f3n de los triglic\u00e9ridos y su papel potencial en el riesgo cardiovascular residual.","breadcrumb":{"@id":"https:\/\/r3i.org\/es\/editoriales-r3i\/editoriales-25-07-nuevos-enfoques-para-reducir-los-trigliceridos-vuelta-al-futuro-con-el-angptl4\/#breadcrumb"},"inLanguage":"es","potentialAction":[{"@type":"ReadAction","target":["https:\/\/r3i.org\/es\/editoriales-r3i\/editoriales-25-07-nuevos-enfoques-para-reducir-los-trigliceridos-vuelta-al-futuro-con-el-angptl4\/"]}]},{"@type":"BreadcrumbList","@id":"https:\/\/r3i.org\/es\/editoriales-r3i\/editoriales-25-07-nuevos-enfoques-para-reducir-los-trigliceridos-vuelta-al-futuro-con-el-angptl4\/#breadcrumb","itemListElement":[{"@type":"ListItem","position":1,"name":"Home","item":"https:\/\/r3i.org\/es\/"},{"@type":"ListItem","position":2,"name":"Editoriales R3i","item":"https:\/\/r3i.org\/es\/editoriales-r3i\/"},{"@type":"ListItem","position":3,"name":"Editoriales 25\/07 &#8211; Nuevos enfoques para reducir los triglic\u00e9ridos: \u00bfvuelta al futuro con el ANGPTL4?"}]},{"@type":"WebSite","@id":"https:\/\/r3i.org\/es\/#website","url":"https:\/\/r3i.org\/es\/","name":"R3I","description":"Residual Risk Reduction Initiative","publisher":{"@id":"https:\/\/r3i.org\/es\/#organization"},"potentialAction":[{"@type":"SearchAction","target":{"@type":"EntryPoint","urlTemplate":"https:\/\/r3i.org\/es\/?s={search_term_string}"},"query-input":{"@type":"PropertyValueSpecification","valueRequired":true,"valueName":"search_term_string"}}],"inLanguage":"es"},{"@type":"Organization","@id":"https:\/\/r3i.org\/es\/#organization","name":"R3I","url":"https:\/\/r3i.org\/es\/","logo":{"@type":"ImageObject","inLanguage":"es","@id":"https:\/\/r3i.org\/es\/#\/schema\/logo\/image\/","url":"https:\/\/i0.wp.com\/r3i.org\/wp-content\/uploads\/2024\/11\/r3i-logo-transp-1.png?fit=1601%2C834&ssl=1","contentUrl":"https:\/\/i0.wp.com\/r3i.org\/wp-content\/uploads\/2024\/11\/r3i-logo-transp-1.png?fit=1601%2C834&ssl=1","width":1601,"height":834,"caption":"R3I"},"image":{"@id":"https:\/\/r3i.org\/es\/#\/schema\/logo\/image\/"}}]}},"jetpack_likes_enabled":true,"jetpack_sharing_enabled":true,"jetpack_shortlink":"https:\/\/wp.me\/Pgbfv2-14Ui","jetpack-related-posts":[],"_links":{"self":[{"href":"https:\/\/r3i.org\/es\/wp-json\/wp\/v2\/pages\/257194","targetHints":{"allow":["GET"]}}],"collection":[{"href":"https:\/\/r3i.org\/es\/wp-json\/wp\/v2\/pages"}],"about":[{"href":"https:\/\/r3i.org\/es\/wp-json\/wp\/v2\/types\/page"}],"author":[{"embeddable":true,"href":"https:\/\/r3i.org\/es\/wp-json\/wp\/v2\/users\/258497324"}],"replies":[{"embeddable":true,"href":"https:\/\/r3i.org\/es\/wp-json\/wp\/v2\/comments?post=257194"}],"version-history":[{"count":4,"href":"https:\/\/r3i.org\/es\/wp-json\/wp\/v2\/pages\/257194\/revisions"}],"predecessor-version":[{"id":257207,"href":"https:\/\/r3i.org\/es\/wp-json\/wp\/v2\/pages\/257194\/revisions\/257207"}],"up":[{"embeddable":true,"href":"https:\/\/r3i.org\/es\/wp-json\/wp\/v2\/pages\/252805"}],"wp:attachment":[{"href":"https:\/\/r3i.org\/es\/wp-json\/wp\/v2\/media?parent=257194"}],"curies":[{"name":"wp","href":"https:\/\/api.w.org\/{rel}","templated":true}]}}