{"id":252976,"date":"2025-01-03T21:07:23","date_gmt":"2025-01-03T20:07:23","guid":{"rendered":"https:\/\/r3i.org\/editoriales-r3i\/editorial-18-11-riesgo-cardiovascular-residual-el-metabolismo-de-los-trigliceridos-y-la-genetica-proporcionan-una-clave\/"},"modified":"2025-02-05T22:50:08","modified_gmt":"2025-02-05T21:50:08","slug":"editorial-18-11-riesgo-cardiovascular-residual-el-metabolismo-de-los-trigliceridos-y-la-genetica-proporcionan-una-clave","status":"publish","type":"page","link":"https:\/\/r3i.org\/es\/editoriales-r3i\/editorial-18-11-riesgo-cardiovascular-residual-el-metabolismo-de-los-trigliceridos-y-la-genetica-proporcionan-una-clave\/","title":{"rendered":"Editorial 18\/11 &#8211; Riesgo cardiovascular residual: el metabolismo de los triglic\u00e9ridos y la gen\u00e9tica proporcionan una clave"},"content":{"rendered":"<p>[et_pb_section fb_built=\u00bb1&#8243; admin_label=\u00bbHeader\u00bb _builder_version=\u00bb4.27.4&#8243; _module_preset=\u00bb35f37621-1062-4ae6-955d-76a3167a2aa8&#8243; background_image=\u00bbhttps:\/\/r3i.org\/wp-content\/uploads\/2024\/12\/pexels-pixabay-267582.jpg\u00bb parallax=\u00bbon\u00bb min_height=\u00bb157.9px\u00bb min_height_tablet=\u00bb100px\u00bb min_height_phone=\u00bb100px\u00bb min_height_last_edited=\u00bbon|phone\u00bb height=\u00bb116px\u00bb height_tablet=\u00bb153px\u00bb height_phone=\u00bb130px\u00bb height_last_edited=\u00bbon|phone\u00bb custom_margin_tablet=\u00bb\u00bb custom_margin_phone=\u00bb-17px||||false|false\u00bb custom_margin_last_edited=\u00bbon|phone\u00bb custom_padding=\u00bb0vw||0vw||true|false\u00bb collapsed=\u00bbon\u00bb global_colors_info=\u00bb{%22gcid-primary-color%22:%91%22quote_text_color%22,%22background_color_gradient_stops%22%93}\u00bb][et_pb_row _builder_version=\u00bb4.27.4&#8243; _module_preset=\u00bbdefault\u00bb global_colors_info=\u00bb{}\u00bb][et_pb_column type=\u00bb4_4&#8243; _builder_version=\u00bb4.27.0&#8243; _module_preset=\u00bbdefault\u00bb global_colors_info=\u00bb{}\u00bb][et_pb_text _builder_version=\u00bb4.27.4&#8243; _module_preset=\u00bbdefault\u00bb text_text_color=\u00bb#FFFFFF\u00bb header_2_text_color=\u00bb#FFFFFF\u00bb custom_padding=\u00bb1px|||||\u00bb global_colors_info=\u00bb{}\u00bb]<\/p>\n<h2>Editoriales R3i<\/h2>\n<p>[\/et_pb_text][\/et_pb_column][\/et_pb_row][\/et_pb_section][et_pb_section fb_built=\u00bb1&#8243; _builder_version=\u00bb4.27.3&#8243; _module_preset=\u00bbdefault\u00bb custom_margin=\u00bb-49px|||||\u00bb custom_padding=\u00bb2px||40px|||\u00bb global_colors_info=\u00bb{}\u00bb][et_pb_row column_structure=\u00bb1_2,1_2&#8243; _builder_version=\u00bb4.27.4&#8243; _module_preset=\u00bbdefault\u00bb border_radii=\u00bboff|13px|13px|13px|13px\u00bb border_width_all=\u00bb4px\u00bb border_color_all=\u00bbgcid-b673dc17-1b2a-464e-affa-1bf1ab41c0fd\u00bb border_width_all_tablet=\u00bb4px\u00bb border_width_all_phone=\u00bb0px\u00bb border_width_all_last_edited=\u00bbon|phone\u00bb border_color_all_tablet=\u00bbgcid-b673dc17-1b2a-464e-affa-1bf1ab41c0fd\u00bb border_color_all_phone=\u00bbgcid-b673dc17-1b2a-464e-affa-1bf1ab41c0fd\u00bb border_color_all_last_edited=\u00bbon|phone\u00bb box_shadow_style=\u00bbpreset2&#8243; global_colors_info=\u00bb{%22gcid-b673dc17-1b2a-464e-affa-1bf1ab41c0fd%22:%91%22border_color_all%22%93}\u00bb][et_pb_column type=\u00bb1_2&#8243; _builder_version=\u00bb4.27.4&#8243; _module_preset=\u00bbdefault\u00bb global_colors_info=\u00bb{}\u00bb][et_pb_text _builder_version=\u00bb4.27.4&#8243; _module_preset=\u00bbdefault\u00bb text_font_size=\u00bb14px\u00bb header_5_text_color=\u00bbgcid-4907c8d4-9eff-49de-91ce-43a2d3a729cf\u00bb header_6_text_color=\u00bbgcid-secondary-color\u00bb hover_enabled=\u00bb0&#8243; global_colors_info=\u00bb{%22gcid-primary-color%22:%91%22quote_text_color%22,%22quote_text_color%22,%22quote_text_color%22%93,%22gcid-4907c8d4-9eff-49de-91ce-43a2d3a729cf%22:%91%22header_5_text_color%22%93,%22gcid-secondary-color%22:%91%22header_6_text_color%22%93}\u00bb sticky_enabled=\u00bb0&#8243;]<\/p>\n<h5 style=\"text-align: center;\"><span>Riesgo cardiovascular residual: el metabolismo de los triglic\u00e9ridos y la gen\u00e9tica proporcionan una clave<\/span><\/h5>\n<h6 style=\"text-align: center;\"><span lang=\"EN-GB\">Prof. Michel Hermans, Prof. Pierre Amarenco<\/span><\/h6>\n<p style=\"font-weight: 400; text-align: left;\"><span>Comprender los principales factores que contribuyen al riesgo cardiovascular residual ha sido una tarea tediosa. Con el fracaso de estudios importantes como AIM-HIGH con niacina, y dal-OUTCOMES y ACCELERATE con los inhibidores de la prote\u00edna de transferencia de \u00e9steres de colesterol dalcetrapib y evacetrapib, la relevancia del colesterol de lipoprote\u00ednas de alta densidad (HDL-C) ha pasado a la historia. En su lugar, los investigadores han vuelto a centrar su atenci\u00f3n en los triglic\u00e9ridos (TG), dadas las pruebas que existen desde hace tiempo de su asociaci\u00f3n con un mayor riesgo de enfermedad cardiovascular (ECV). Sin embargo, dado que los TG son metabolizados por la mayor\u00eda de las c\u00e9lulas del organismo, lo m\u00e1s relevante es lo que representan.   <\/span><\/p>\n<p><span>El informe Focus de este mes hace hincapi\u00e9 en esta cuesti\u00f3n.<\/span><sup>1<\/sup><span>  Los TG elevados son en realidad un sustituto de los niveles elevados de lipoprote\u00ednas ricas en TG y sus remanentes. El aumento de la producci\u00f3n y el retraso del catabolismo de las lipoprote\u00ednas ricas en TG conducen a un aumento de los remanentes enriquecidos en TG, as\u00ed como del colesterol remanente. Las lipasas, sus activadores (como la apolipoprote\u00edna [apo] CII y la apoAV ) y sus inhibidores (como la apoCIII y la prote\u00edna similar a la angiopoyetina    [ANGPTL] <\/span><sup>4<\/sup><span>) y los ligandos de los receptores implicados en la eliminaci\u00f3n de las lipoprote\u00ednas ricas en TG (apoB y apoE) desempe\u00f1an un papel importante en el metabolismo de los triglic\u00e9ridos. De hecho, los estudios gen\u00e9ticos han contribuido a \u00abdesmitificar\u00bb la importancia del metabolismo de las lipoprote\u00ednas ricas en TG para el riesgo cardiovascular. <\/span><\/p>\n<p><span>Gran parte de esta renovada atenci\u00f3n se ha centrado en el potencial aterog\u00e9nico del colesterol lipoproteico remanente. Las pruebas acumuladas de estudios observacionales y de aleatorizaci\u00f3n mendeliana apoyan claramente una asociaci\u00f3n causal entre el colesterol remanente y el riesgo de enfermedad cardiovascular ateroscler\u00f3tica.(2-5) Sin embargo, como sugieren los investigadores del estudio ARIC (Atherosclerosis Risk In Communities), otras lipoprote\u00ednas enriquecidas en TG pueden ser relevantes. En particular, los investigadores del ARIC han proporcionado resultados que sugieren que la lipoprote\u00edna de baja densidad enriquecida en TG (LDL-TG), procedente de la transferencia de TG mediada por la prote\u00edna de transferencia de \u00e9steres de colesterol de los quilomicrones y la lipoprote\u00edna de muy baja densidad a las LDL, a cambio de \u00e9steres de colesterol, tambi\u00e9n puede desempe\u00f1ar un papel.<\/span><\/p>\n<p>[\/et_pb_text][\/et_pb_column][et_pb_column type=\u00bb1_2&#8243; _builder_version=\u00bb4.27.4&#8243; _module_preset=\u00bbdefault\u00bb global_colors_info=\u00bb{}\u00bb][et_pb_text _builder_version=\u00bb4.27.4&#8243; _module_preset=\u00bbdefault\u00bb text_text_color=\u00bbgcid-4907c8d4-9eff-49de-91ce-43a2d3a729cf\u00bb text_font_size=\u00bb14px\u00bb hover_enabled=\u00bb0&#8243; global_colors_info=\u00bb{%22gcid-primary-color%22:%91%22quote_text_color%22,%22quote_text_color%22,%22quote_text_color%22%93,%22gcid-4907c8d4-9eff-49de-91ce-43a2d3a729cf%22:%91%22text_text_color%22%93}\u00bb sticky_enabled=\u00bb0&#8243;]<\/p>\n<p><span>Hasta hace poco, la medici\u00f3n de la LDL-TG ha sido compleja, por lo que la investigaci\u00f3n de su relevancia para el riesgo cardiovascular ha tenido resultados dispares.<\/span><sup>6,7<\/sup><span>  La novedad del estudio ARIC son unos datos alentadores que muestran una asociaci\u00f3n significativa de la LDL-TG con los acontecimientos de ictus isqu\u00e9mico y cardiopat\u00eda coronaria, incluso despu\u00e9s de ajustar los factores de riesgo tradicionales, incluidos los l\u00edpidos. Los investigadores del ARIC sugieren que, aunque tanto el colesterol remanente como la LDL-TG son marcadores del metabolismo de las lipoprote\u00ednas remanentes, la LDL-TG puede representar un indicador preferible del metabolismo remanente alterado aterog\u00e9nico. De hecho, la semivida m\u00e1s corta de los quilomicrones y las VLDL remanentes, comparada con la de las LDL, refuerza esta sugerencia. Por tanto, en un contexto de prevenci\u00f3n primaria, como en la poblaci\u00f3n ARIC, la inclusi\u00f3n de la medici\u00f3n de LDL-TG puede ofrecer informaci\u00f3n adicional para la predicci\u00f3n del riesgo.   <\/span><\/p>\n<p><span>Aunque los resultados del ARIC requieren corroboraci\u00f3n, es evidente que invitan a la reflexi\u00f3n. \u00bfEs la LDL-TG causal de la enfermedad cardiovascular? \u00bfDeber\u00edamos considerar tambi\u00e9n la LDL-TG en la evaluaci\u00f3n del riesgo, o como un objetivo potencial para la intervenci\u00f3n terap\u00e9utica? Est\u00e1 claro que queda mucho por hacer para dilucidar las respuestas a estas preguntas pertinentes. Mientras tanto, siguen reforz\u00e1ndose las pruebas del papel de los restos de lipoprote\u00ednas ricas en TG y del colesterol remanente en el riesgo cardiovascular residual; ahora esperamos respuestas definitivas sobre si el tratamiento de estos par\u00e1metros puede reducir los acontecimientos cardiovasculares en estudios de resultados como PROMINENT con pemafibrato, un modulador selectivo del receptor alfa activado por el proliferador de peroxisomas (SPPARM), el primero de su clase.    <\/span><sup>8<\/sup><span>  De hecho, los datos iniciales del estudio REDUCE-IT9, que muestran una reducci\u00f3n del 25% de los principales episodios cardiovasculares con dosis altas de \u00e1cido eicosapentaenoico, son fundamentales para respaldar el argumento de que las lipoprote\u00ednas ricas en TG son un factor clave del riesgo cardiovascular residual. Todos los o\u00eddos estar\u00e1n atentos a las pr\u00f3ximas Sesiones Cient\u00edficas de la Asociaci\u00f3n Americana del Coraz\u00f3n, que se celebrar\u00e1n en noviembre, para conocer todos los detalles de este importante estudio. <\/span><\/p>\n<p>[\/et_pb_text][et_pb_text _builder_version=\u00bb4.27.4&#8243; _module_preset=\u00bbdefault\u00bb text_font_size=\u00bb8px\u00bb hover_enabled=\u00bb0&#8243; global_colors_info=\u00bb{}\u00bb sticky_enabled=\u00bb0&#8243;]<\/p>\n<p style=\"font-weight: 400;\"><strong>Referencias<\/strong><\/p>\n<ol>\n<li style=\"font-weight: 400;\"><span>Saeed A, Feofanova EV, Yu B et al. Colesterol de part\u00edculas remanentes, triglic\u00e9ridos de lipoprote\u00ednas de baja densidad y enfermedad cardiovascular incidente. J Am Coll Cardiol 2018;72:156-69.  <\/span><br \/><span class=\"ref ref2\">2.<\/span><span>  Varbo A, Benn M, Nordestgaard BG. El colesterol remanente como causa de cardiopat\u00eda isqu\u00e9mica: pruebas, definici\u00f3n, medici\u00f3n, aterogenicidad, pacientes de alto riesgo y tratamiento actual y futuro. Pharmacol Ther 2014;141:358-67.  <\/span><br \/><span class=\"ref ref3\">3.<\/span><span>  Varbo A, Nordestgaard BG. Colesterol remanente y lipoprote\u00ednas ricas en triglic\u00e9ridos en la progresi\u00f3n de la aterosclerosis y la enfermedad cardiovascular. Arterioscler Thromb Vasc Biol 2016;36:2133-5.  <\/span><br \/><span class=\"ref ref4\">4.<\/span><span>  Varbo A, Benn M, Tybjaerg-Hansen A et al. El colesterol remanente como factor de riesgo causal de cardiopat\u00eda isqu\u00e9mica. J Am Coll Cardiol 2013;61:427-36.  <\/span><br \/><span class=\"ref ref5\">5.<\/span><span>  Joshi PH, Khokhar AA, Massaro JM, et al. Colesterol de lipoprote\u00ednas remanentes y cardiopat\u00eda coronaria incidente: estudios de cohortes Jackson Heart y Framingham Offspring. J Am Heart Assoc 2016;5:e002765.  <\/span><br \/><span class=\"ref ref6\">6.<\/span><span>  Albers JJ, Slee A, Fleg JL et al. Relaci\u00f3n de las subclases basales de HDL, LDL denso peque\u00f1o y triglic\u00e9ridos LDL con los eventos cardiovasculares en el ensayo cl\u00ednico AIM-HIGH. Atherosclerosis 2016;251:454\u20139.  <\/span><br \/><span class=\"ref ref7\">7.<\/span><span>  Marz W, Scharnagl H, Winkler K, et al. Triglic\u00e9ridos de lipoprote\u00ednas de baja densidad asociados a inflamaci\u00f3n sist\u00e9mica de bajo grado, mol\u00e9culas de adhesi\u00f3n y enfermedad coronaria angiogr\u00e1fica: estudio Ludwigshafen Risk and Cardiovascular Health. Circulation 2004;110:3068-74.  <\/span><br \/><span class=\"ref ref8\">8.<\/span><span>  PEMAFIBRATO PARA REDUCIR LOS RESULTADOS CARDIOVASCULARES MEDIANTE LA REDUCCI\u00d3N DE LOS TRIGLIC\u00c9RIDOS EN PACIENTES CON DIABETES (PROMINENT) (PROMINENT). <a href=\"https:\/\/clinicaltrials.gov\/ct2\/show\/NCT03071692\" rel=\"nofollow\">https:\/\/clinicaltrials.gov\/ct2\/show\/NCT03071692<\/a> <\/span><br \/><span class=\"ref ref9\">9.<\/span><span>  El estudio de resultados cardiovasculares REDUCE-IT\u2122 de Vascepa\u00ae (icosapent etil) C\u00e1psulas alcanz\u00f3 el criterio de valoraci\u00f3n principal. Comunicado de prensa del 24 de septiembre de 2018. <a href=\"http:\/\/investor.amarincorp.com\/news-releases\/news-release-details\/reduce-ittm-cardiovascular-outcomes-study-vascepar-icosapent\" rel=\"nofollow\">http:\/\/investor.amarincorp.com\/news-releases\/news-release-details\/reduce-ittm-cardiovascular-outcomes-study-vascepar-icosapent<\/a>  <\/span><\/li>\n<\/ol>\n<p>[\/et_pb_text][\/et_pb_column][\/et_pb_row][\/et_pb_section]<\/p>\n","protected":false},"excerpt":{"rendered":"<p>Editoriales R3iRiesgo cardiovascular residual: el metabolismo de los triglic\u00e9ridos y la gen\u00e9tica proporcionan una clave Prof. Michel Hermans, Prof. Pierre Amarenco Comprender los principales factores que contribuyen al riesgo cardiovascular residual ha sido una tarea tediosa. Con el fracaso de estudios importantes como AIM-HIGH con niacina, y dal-OUTCOMES y ACCELERATE con los inhibidores de la [&hellip;]<\/p>\n","protected":false},"author":258497324,"featured_media":0,"parent":252805,"menu_order":0,"comment_status":"closed","ping_status":"closed","template":"","meta":{"_et_pb_use_builder":"on","_et_pb_old_content":"","_et_gb_content_width":"","_crdt_document":"","jetpack_post_was_ever_published":false,"footnotes":""},"class_list":["post-252976","page","type-page","status-publish","hentry"],"yoast_head":"<!-- This site is optimized with the Yoast SEO plugin v27.1.1 - https:\/\/yoast.com\/product\/yoast-seo-wordpress\/ -->\n<title>Editorial 18\/11 - Riesgo cardiovascular residual: el metabolismo de los triglic\u00e9ridos y la gen\u00e9tica proporcionan una clave - R3I<\/title>\n<meta name=\"robots\" content=\"index, follow, max-snippet:-1, max-image-preview:large, max-video-preview:-1\" \/>\n<link rel=\"canonical\" href=\"https:\/\/r3i.org\/es\/editoriales-r3i\/editorial-18-11-riesgo-cardiovascular-residual-el-metabolismo-de-los-trigliceridos-y-la-genetica-proporcionan-una-clave\/\" \/>\n<meta property=\"og:locale\" content=\"es_ES\" \/>\n<meta property=\"og:type\" content=\"article\" \/>\n<meta property=\"og:title\" content=\"Editorial 18\/11 - Riesgo cardiovascular residual: el metabolismo de los triglic\u00e9ridos y la gen\u00e9tica proporcionan una clave - R3I\" \/>\n<meta property=\"og:description\" content=\"Editoriales R3iRiesgo cardiovascular residual: el metabolismo de los triglic\u00e9ridos y la gen\u00e9tica proporcionan una clave Prof. Michel Hermans, Prof. Pierre Amarenco Comprender los principales factores que contribuyen al riesgo cardiovascular residual ha sido una tarea tediosa. Con el fracaso de estudios importantes como AIM-HIGH con niacina, y dal-OUTCOMES y ACCELERATE con los inhibidores de la [&hellip;]\" \/>\n<meta property=\"og:url\" content=\"https:\/\/r3i.org\/es\/editoriales-r3i\/editorial-18-11-riesgo-cardiovascular-residual-el-metabolismo-de-los-trigliceridos-y-la-genetica-proporcionan-una-clave\/\" \/>\n<meta property=\"og:site_name\" content=\"R3I\" \/>\n<meta property=\"article:modified_time\" content=\"2025-02-05T21:50:08+00:00\" \/>\n<meta name=\"twitter:card\" content=\"summary_large_image\" \/>\n<meta name=\"twitter:label1\" content=\"Tiempo de lectura\" \/>\n\t<meta name=\"twitter:data1\" content=\"8 minutos\" \/>\n<script type=\"application\/ld+json\" class=\"yoast-schema-graph\">{\"@context\":\"https:\/\/schema.org\",\"@graph\":[{\"@type\":\"WebPage\",\"@id\":\"https:\/\/r3i.org\/es\/editoriales-r3i\/editorial-18-11-riesgo-cardiovascular-residual-el-metabolismo-de-los-trigliceridos-y-la-genetica-proporcionan-una-clave\/\",\"url\":\"https:\/\/r3i.org\/es\/editoriales-r3i\/editorial-18-11-riesgo-cardiovascular-residual-el-metabolismo-de-los-trigliceridos-y-la-genetica-proporcionan-una-clave\/\",\"name\":\"Editorial 18\/11 - Riesgo cardiovascular residual: el metabolismo de los triglic\u00e9ridos y la gen\u00e9tica proporcionan una clave - R3I\",\"isPartOf\":{\"@id\":\"https:\/\/r3i.org\/es\/#website\"},\"datePublished\":\"2025-01-03T20:07:23+00:00\",\"dateModified\":\"2025-02-05T21:50:08+00:00\",\"breadcrumb\":{\"@id\":\"https:\/\/r3i.org\/es\/editoriales-r3i\/editorial-18-11-riesgo-cardiovascular-residual-el-metabolismo-de-los-trigliceridos-y-la-genetica-proporcionan-una-clave\/#breadcrumb\"},\"inLanguage\":\"es\",\"potentialAction\":[{\"@type\":\"ReadAction\",\"target\":[\"https:\/\/r3i.org\/es\/editoriales-r3i\/editorial-18-11-riesgo-cardiovascular-residual-el-metabolismo-de-los-trigliceridos-y-la-genetica-proporcionan-una-clave\/\"]}]},{\"@type\":\"BreadcrumbList\",\"@id\":\"https:\/\/r3i.org\/es\/editoriales-r3i\/editorial-18-11-riesgo-cardiovascular-residual-el-metabolismo-de-los-trigliceridos-y-la-genetica-proporcionan-una-clave\/#breadcrumb\",\"itemListElement\":[{\"@type\":\"ListItem\",\"position\":1,\"name\":\"Home\",\"item\":\"https:\/\/r3i.org\/es\/\"},{\"@type\":\"ListItem\",\"position\":2,\"name\":\"Editoriales R3i\",\"item\":\"https:\/\/r3i.org\/es\/editoriales-r3i\/\"},{\"@type\":\"ListItem\",\"position\":3,\"name\":\"Editorial 18\/11 &#8211; Riesgo cardiovascular residual: el metabolismo de los triglic\u00e9ridos y la gen\u00e9tica proporcionan una clave\"}]},{\"@type\":\"WebSite\",\"@id\":\"https:\/\/r3i.org\/es\/#website\",\"url\":\"https:\/\/r3i.org\/es\/\",\"name\":\"R3I\",\"description\":\"Residual Risk Reduction Initiative\",\"publisher\":{\"@id\":\"https:\/\/r3i.org\/es\/#organization\"},\"potentialAction\":[{\"@type\":\"SearchAction\",\"target\":{\"@type\":\"EntryPoint\",\"urlTemplate\":\"https:\/\/r3i.org\/es\/?s={search_term_string}\"},\"query-input\":{\"@type\":\"PropertyValueSpecification\",\"valueRequired\":true,\"valueName\":\"search_term_string\"}}],\"inLanguage\":\"es\"},{\"@type\":\"Organization\",\"@id\":\"https:\/\/r3i.org\/es\/#organization\",\"name\":\"R3I\",\"url\":\"https:\/\/r3i.org\/es\/\",\"logo\":{\"@type\":\"ImageObject\",\"inLanguage\":\"es\",\"@id\":\"https:\/\/r3i.org\/es\/#\/schema\/logo\/image\/\",\"url\":\"https:\/\/i0.wp.com\/r3i.org\/wp-content\/uploads\/2024\/11\/r3i-logo-transp-1.png?fit=1601%2C834&ssl=1\",\"contentUrl\":\"https:\/\/i0.wp.com\/r3i.org\/wp-content\/uploads\/2024\/11\/r3i-logo-transp-1.png?fit=1601%2C834&ssl=1\",\"width\":1601,\"height\":834,\"caption\":\"R3I\"},\"image\":{\"@id\":\"https:\/\/r3i.org\/es\/#\/schema\/logo\/image\/\"}}]}<\/script>\n<!-- \/ Yoast SEO plugin. -->","yoast_head_json":{"title":"Editorial 18\/11 - Riesgo cardiovascular residual: el metabolismo de los triglic\u00e9ridos y la gen\u00e9tica proporcionan una clave - R3I","robots":{"index":"index","follow":"follow","max-snippet":"max-snippet:-1","max-image-preview":"max-image-preview:large","max-video-preview":"max-video-preview:-1"},"canonical":"https:\/\/r3i.org\/es\/editoriales-r3i\/editorial-18-11-riesgo-cardiovascular-residual-el-metabolismo-de-los-trigliceridos-y-la-genetica-proporcionan-una-clave\/","og_locale":"es_ES","og_type":"article","og_title":"Editorial 18\/11 - Riesgo cardiovascular residual: el metabolismo de los triglic\u00e9ridos y la gen\u00e9tica proporcionan una clave - R3I","og_description":"Editoriales R3iRiesgo cardiovascular residual: el metabolismo de los triglic\u00e9ridos y la gen\u00e9tica proporcionan una clave Prof. Michel Hermans, Prof. Pierre Amarenco Comprender los principales factores que contribuyen al riesgo cardiovascular residual ha sido una tarea tediosa. Con el fracaso de estudios importantes como AIM-HIGH con niacina, y dal-OUTCOMES y ACCELERATE con los inhibidores de la [&hellip;]","og_url":"https:\/\/r3i.org\/es\/editoriales-r3i\/editorial-18-11-riesgo-cardiovascular-residual-el-metabolismo-de-los-trigliceridos-y-la-genetica-proporcionan-una-clave\/","og_site_name":"R3I","article_modified_time":"2025-02-05T21:50:08+00:00","twitter_card":"summary_large_image","twitter_misc":{"Tiempo de lectura":"8 minutos"},"schema":{"@context":"https:\/\/schema.org","@graph":[{"@type":"WebPage","@id":"https:\/\/r3i.org\/es\/editoriales-r3i\/editorial-18-11-riesgo-cardiovascular-residual-el-metabolismo-de-los-trigliceridos-y-la-genetica-proporcionan-una-clave\/","url":"https:\/\/r3i.org\/es\/editoriales-r3i\/editorial-18-11-riesgo-cardiovascular-residual-el-metabolismo-de-los-trigliceridos-y-la-genetica-proporcionan-una-clave\/","name":"Editorial 18\/11 - Riesgo cardiovascular residual: el metabolismo de los triglic\u00e9ridos y la gen\u00e9tica proporcionan una clave - R3I","isPartOf":{"@id":"https:\/\/r3i.org\/es\/#website"},"datePublished":"2025-01-03T20:07:23+00:00","dateModified":"2025-02-05T21:50:08+00:00","breadcrumb":{"@id":"https:\/\/r3i.org\/es\/editoriales-r3i\/editorial-18-11-riesgo-cardiovascular-residual-el-metabolismo-de-los-trigliceridos-y-la-genetica-proporcionan-una-clave\/#breadcrumb"},"inLanguage":"es","potentialAction":[{"@type":"ReadAction","target":["https:\/\/r3i.org\/es\/editoriales-r3i\/editorial-18-11-riesgo-cardiovascular-residual-el-metabolismo-de-los-trigliceridos-y-la-genetica-proporcionan-una-clave\/"]}]},{"@type":"BreadcrumbList","@id":"https:\/\/r3i.org\/es\/editoriales-r3i\/editorial-18-11-riesgo-cardiovascular-residual-el-metabolismo-de-los-trigliceridos-y-la-genetica-proporcionan-una-clave\/#breadcrumb","itemListElement":[{"@type":"ListItem","position":1,"name":"Home","item":"https:\/\/r3i.org\/es\/"},{"@type":"ListItem","position":2,"name":"Editoriales R3i","item":"https:\/\/r3i.org\/es\/editoriales-r3i\/"},{"@type":"ListItem","position":3,"name":"Editorial 18\/11 &#8211; Riesgo cardiovascular residual: el metabolismo de los triglic\u00e9ridos y la gen\u00e9tica proporcionan una clave"}]},{"@type":"WebSite","@id":"https:\/\/r3i.org\/es\/#website","url":"https:\/\/r3i.org\/es\/","name":"R3I","description":"Residual Risk Reduction Initiative","publisher":{"@id":"https:\/\/r3i.org\/es\/#organization"},"potentialAction":[{"@type":"SearchAction","target":{"@type":"EntryPoint","urlTemplate":"https:\/\/r3i.org\/es\/?s={search_term_string}"},"query-input":{"@type":"PropertyValueSpecification","valueRequired":true,"valueName":"search_term_string"}}],"inLanguage":"es"},{"@type":"Organization","@id":"https:\/\/r3i.org\/es\/#organization","name":"R3I","url":"https:\/\/r3i.org\/es\/","logo":{"@type":"ImageObject","inLanguage":"es","@id":"https:\/\/r3i.org\/es\/#\/schema\/logo\/image\/","url":"https:\/\/i0.wp.com\/r3i.org\/wp-content\/uploads\/2024\/11\/r3i-logo-transp-1.png?fit=1601%2C834&ssl=1","contentUrl":"https:\/\/i0.wp.com\/r3i.org\/wp-content\/uploads\/2024\/11\/r3i-logo-transp-1.png?fit=1601%2C834&ssl=1","width":1601,"height":834,"caption":"R3I"},"image":{"@id":"https:\/\/r3i.org\/es\/#\/schema\/logo\/image\/"}}]}},"jetpack_likes_enabled":true,"jetpack_sharing_enabled":true,"jetpack_shortlink":"https:\/\/wp.me\/Pgbfv2-13Og","jetpack-related-posts":[],"_links":{"self":[{"href":"https:\/\/r3i.org\/es\/wp-json\/wp\/v2\/pages\/252976","targetHints":{"allow":["GET"]}}],"collection":[{"href":"https:\/\/r3i.org\/es\/wp-json\/wp\/v2\/pages"}],"about":[{"href":"https:\/\/r3i.org\/es\/wp-json\/wp\/v2\/types\/page"}],"author":[{"embeddable":true,"href":"https:\/\/r3i.org\/es\/wp-json\/wp\/v2\/users\/258497324"}],"replies":[{"embeddable":true,"href":"https:\/\/r3i.org\/es\/wp-json\/wp\/v2\/comments?post=252976"}],"version-history":[{"count":1,"href":"https:\/\/r3i.org\/es\/wp-json\/wp\/v2\/pages\/252976\/revisions"}],"predecessor-version":[{"id":252979,"href":"https:\/\/r3i.org\/es\/wp-json\/wp\/v2\/pages\/252976\/revisions\/252979"}],"up":[{"embeddable":true,"href":"https:\/\/r3i.org\/es\/wp-json\/wp\/v2\/pages\/252805"}],"wp:attachment":[{"href":"https:\/\/r3i.org\/es\/wp-json\/wp\/v2\/media?parent=252976"}],"curies":[{"name":"wp","href":"https:\/\/api.w.org\/{rel}","templated":true}]}}