{"id":252973,"date":"2024-12-30T17:48:03","date_gmt":"2024-12-30T16:48:03","guid":{"rendered":"https:\/\/r3i.org\/editoriales-r3i\/editorial-21-11-la-nueva-guia-del-acc-aborda-las-necesidades-clinicas-no-cubiertas-de-los-pacientes-de-alto-riesgo-con-hipertrigliceridemia-de-leve-a-moderada\/"},"modified":"2025-02-15T00:03:02","modified_gmt":"2025-02-14T23:03:02","slug":"editorial-21-11-la-nueva-guia-del-acc-aborda-las-necesidades-clinicas-no-cubiertas-de-los-pacientes-de-alto-riesgo-con-hipertrigliceridemia-de-leve-a-moderada","status":"publish","type":"page","link":"https:\/\/r3i.org\/es\/editoriales-r3i\/editorial-21-11-la-nueva-guia-del-acc-aborda-las-necesidades-clinicas-no-cubiertas-de-los-pacientes-de-alto-riesgo-con-hipertrigliceridemia-de-leve-a-moderada\/","title":{"rendered":"Editorial 21\/11 &#8211; La nueva gu\u00eda del ACC aborda las necesidades cl\u00ednicas no cubiertas de los pacientes de alto riesgo con hipertrigliceridemia de leve a moderada"},"content":{"rendered":"<p>[et_pb_section fb_built=\u00bb1&#8243; admin_label=\u00bbHeader\u00bb _builder_version=\u00bb4.27.4&#8243; _module_preset=\u00bb35f37621-1062-4ae6-955d-76a3167a2aa8&#8243; background_image=\u00bbhttps:\/\/r3i.org\/wp-content\/uploads\/2024\/12\/pexels-pixabay-267582.jpg\u00bb parallax=\u00bbon\u00bb min_height=\u00bb157.9px\u00bb min_height_tablet=\u00bb100px\u00bb min_height_phone=\u00bb100px\u00bb min_height_last_edited=\u00bbon|phone\u00bb height=\u00bb116px\u00bb height_tablet=\u00bb153px\u00bb height_phone=\u00bb130px\u00bb height_last_edited=\u00bbon|phone\u00bb custom_margin_tablet=\u00bb\u00bb custom_margin_phone=\u00bb-17px||||false|false\u00bb custom_margin_last_edited=\u00bbon|phone\u00bb custom_padding=\u00bb0vw||0vw||true|false\u00bb collapsed=\u00bbon\u00bb global_colors_info=\u00bb{%22gcid-primary-color%22:%91%22quote_text_color%22,%22background_color_gradient_stops%22%93}\u00bb][et_pb_row _builder_version=\u00bb4.27.4&#8243; _module_preset=\u00bbdefault\u00bb global_colors_info=\u00bb{}\u00bb][et_pb_column type=\u00bb4_4&#8243; _builder_version=\u00bb4.27.0&#8243; _module_preset=\u00bbdefault\u00bb global_colors_info=\u00bb{}\u00bb][et_pb_text _builder_version=\u00bb4.27.4&#8243; _module_preset=\u00bbdefault\u00bb text_text_color=\u00bb#FFFFFF\u00bb header_2_text_color=\u00bb#FFFFFF\u00bb custom_padding=\u00bb1px|||||\u00bb global_colors_info=\u00bb{}\u00bb]<\/p>\n<h2>Editoriales R3i<\/h2>\n<p>[\/et_pb_text][\/et_pb_column][\/et_pb_row][\/et_pb_section][et_pb_section fb_built=\u00bb1&#8243; _builder_version=\u00bb4.27.3&#8243; _module_preset=\u00bbdefault\u00bb custom_margin=\u00bb-49px|||||\u00bb custom_padding=\u00bb2px||40px|||\u00bb global_colors_info=\u00bb{}\u00bb][et_pb_row column_structure=\u00bb1_2,1_2&#8243; _builder_version=\u00bb4.27.4&#8243; _module_preset=\u00bbdefault\u00bb border_radii=\u00bboff|13px|13px|13px|13px\u00bb border_width_all=\u00bb4px\u00bb border_color_all=\u00bbgcid-b673dc17-1b2a-464e-affa-1bf1ab41c0fd\u00bb border_width_all_tablet=\u00bb4px\u00bb border_width_all_phone=\u00bb0px\u00bb border_width_all_last_edited=\u00bbon|phone\u00bb border_color_all_tablet=\u00bbgcid-b673dc17-1b2a-464e-affa-1bf1ab41c0fd\u00bb border_color_all_phone=\u00bbgcid-b673dc17-1b2a-464e-affa-1bf1ab41c0fd\u00bb border_color_all_last_edited=\u00bbon|phone\u00bb box_shadow_style=\u00bbpreset2&#8243; global_colors_info=\u00bb{%22gcid-b673dc17-1b2a-464e-affa-1bf1ab41c0fd%22:%91%22border_color_all%22%93}\u00bb][et_pb_column type=\u00bb1_2&#8243; _builder_version=\u00bb4.27.4&#8243; _module_preset=\u00bbdefault\u00bb global_colors_info=\u00bb{}\u00bb][et_pb_text _builder_version=\u00bb4.27.4&#8243; _module_preset=\u00bbdefault\u00bb text_font_size=\u00bb14px\u00bb header_5_text_color=\u00bbgcid-4907c8d4-9eff-49de-91ce-43a2d3a729cf\u00bb header_6_text_color=\u00bbgcid-secondary-color\u00bb global_colors_info=\u00bb{%22gcid-primary-color%22:%91%22quote_text_color%22,%22quote_text_color%22,%22quote_text_color%22%93,%22gcid-4907c8d4-9eff-49de-91ce-43a2d3a729cf%22:%91%22header_5_text_color%22%93,%22gcid-secondary-color%22:%91%22header_6_text_color%22%93}\u00bb inline_fonts=\u00bbAbyssinica SIL\u00bb]<\/p>\n<h5 style=\"text-align: center;\"><span style=\"font-family: 'Abyssinica SIL'; font-weight: normal; font-size: small;\">Noviembre 2021<\/span><\/h5>\n<h5 style=\"text-align: center;\">La gu\u00eda nueva del Colegio Americano de Cardiolog\u00eda (ACC) aborda los problemas m\u00e9dicos sin resolver de los pacientes de alto riesgo con hipertrigliceridemia leve a moderada<\/h5>\n<h6 style=\"text-align: center;\"><span lang=\"EN-GB\">Prof. Jean-Charles Fruchart, Prof. Michel Hermans, Prof. Pierre Amarenco<\/span><\/h6>\n<p>Durante demasiado tiempo, los triglic\u00e9ridos (TG) han estado relegados al olvido en el abordaje de la enfermedad cardiovascular ateroescler\u00f3tica (ASCVD). Los tiempos est\u00e1n cambiando. Hay datos valiosos de encuestas epidemiol\u00f3gicas y estudios con aleatorizaci\u00f3n mendeliana que establecen el rol de los TG en el trayecto causal de la ASCVD 1,2. Asimismo, REDUCE-IT (Ensayo de Intervenci\u00f3n para la Reducci\u00f3n de Episodios Cardiovasculares con Etilo de Icosapento) demostr\u00f3 que disminuir los TG elevados con una dosis alta de etilo de icosapento \u2014un \u00e9ster et\u00edlico de \u00e1cido eicosapentaenoico (EPA)\u2014 reduc\u00eda de manera considerable los episodios cardiovasculares en pacientes de alto riesgo 3. La controversia persiste, sin embargo, dado que otros ensayos cl\u00ednicos, incluido STRENGTH (Estudio de Resultados para Evaluar la Reducci\u00f3n del Riesgo Residual con Estatina con Epanova en Pacientes con Alto Riesgo Cardiovascular con Hipertrigliceridemia), con una formulaci\u00f3n mixta de \u00e1cidos grasos omega-3 4, no demostr\u00f3 ning\u00fan beneficio cardiovascular por la disminuci\u00f3n de los TG. No obstante, tanto los grupos de los lineamientos europeos como los norteamericanos reconocen que los TG elevados contribuyen a un aumento del riesgo cardiovascular. Por ejemplo, antes de REDUCE-IT, los lineamientos conjuntos para el colesterol de la Asociaci\u00f3n Americana del Coraz\u00f3n y el Colegio Americano de Cardiolog\u00eda categorizaban a los TG elevados como un \u00abfactor de aumento del riesgo\u00bb 5. Los lineamientos sobre dislipidemia de 2019 de la Sociedad Europea de Cardiolog\u00eda y la Sociedad Europea de Aterosclerosis (ESC\/EAS) tambi\u00e9n recomendaban valores de TG deseables en el tratamiento de los TG elevados 6.<\/p>\n<p>El ACC public\u00f3 recientemente un consenso de expertos para la toma de decisiones referido al abordaje de la reducci\u00f3n del riesgo de ASCVD en pacientes con hipertrigliceridemia persistente 7, para tratar las brechas en el tratamiento de los pacientes de alto riesgo con hipertrigliceridemia leve a moderada (definida como TG en ayunas \u2265150 mg\/dl o TG sin ayuno \u2265175 mg\/d y &lt;500 mg\/dl). En particular, se enfatizaron los enfoques terap\u00e9uticos para los casos en los que la intervenci\u00f3n con un modo de vida recomendado por los lineamientos y una dosis estable m\u00e1xima tolerada de estatina no logran bajar los TG elevados. En el caso de los pacientes con ASCVD con hipertrigliceridemia persistente leve a moderada, las estrategias de tratamiento se diferencian seg\u00fan las concentraciones de C-LDL. En el caso de quienes tienen concentraciones de C-LDL &lt;70 mg\/dl con estatina, se recomienda un abordaje basado en el riesgo por los TG, con el uso de etilo de icosapento en dosis elevada. En cambio, en el caso de los pacientes con valores de C-LDL \u2265100 mg\/dl, el abordaje se basa en el C-LDL, con la optimizaci\u00f3n del tratamiento con estatina y la consideraci\u00f3n de opciones de disminuci\u00f3n del LDL sin estatinas. Se recomienda una estrategia conjunta si los niveles de C-LDL est\u00e1n entre 70 y 99 mg\/dl. Este documento de consenso tambi\u00e9n consider\u00f3 la atenci\u00f3n de los pacientes en prevenci\u00f3n primaria con diabetes mellitus e hipertrigliceridemia persistente, adem\u00e1s de aquellos sin ASCVD ni diabetes mellitus y valores de TG elevados. Aunque hay concordancia con las recomendaciones europeas, estas \u00faltimas tambi\u00e9n tienen en cuenta el potencial de beneficios microvasculares de otros tratamientos para la disminuci\u00f3n de los TG 6,8.<\/p>\n<p>[\/et_pb_text][\/et_pb_column][et_pb_column type=\u00bb1_2&#8243; _builder_version=\u00bb4.27.4&#8243; _module_preset=\u00bbdefault\u00bb global_colors_info=\u00bb{}\u00bb][et_pb_text _builder_version=\u00bb4.27.4&#8243; _module_preset=\u00bbdefault\u00bb text_text_color=\u00bbgcid-4907c8d4-9eff-49de-91ce-43a2d3a729cf\u00bb text_font_size=\u00bb14px\u00bb global_colors_info=\u00bb{%22gcid-primary-color%22:%91%22quote_text_color%22,%22quote_text_color%22,%22quote_text_color%22%93,%22gcid-4907c8d4-9eff-49de-91ce-43a2d3a729cf%22:%91%22text_text_color%22%93}\u00bb]<\/p>\n<p style=\"font-weight: 400;\">\u00bfPor qu\u00e9 es importante esta gu\u00eda nueva? Este documento aborda muchas incertidumbres que los m\u00e9dicos cl\u00ednicos tienen en su atenci\u00f3n diaria de pacientes con hipertrigliceridemia leve a moderada. Los editores agradecen la claridad sobre el manejo de los TG elevados, dado el desarrollo cl\u00ednico continuo de varios agentes nuevos que disminuyen los TG. Estos no incluyen solamente al pemafibrato \u2014agonista de receptores alfa selectivos activados por proliferadores peroxisomales\u2014, que actualmente est\u00e1 siendo probado en el estudio PROMINENT (Pemafibrato para Reducir Resultados Cardiovasculares mediante la Reducci\u00f3n de los Triglic\u00e9ridos en Pacientes Diab\u00e9ticos) 9, sino tambi\u00e9n a terapias con ARN de interferencia (oligonucle\u00f3tidos antisentido y peque\u00f1os ARN de interferencia) y tratamiento con anticuerpos monoclonales espec\u00edficos que act\u00faan de manera espec\u00edfica en el metabolismo de los TG. Los resultados de estos ensayos ser\u00e1n cruciales para precisar la contribuci\u00f3n de los TG elevados \u2014un marcador indirecto de las lipoprote\u00ednas ricas en TG y sus remanentes\u2014 en el riesgo cardiovascular residual.<\/p>\n<p>[\/et_pb_text][et_pb_text _builder_version=\u00bb4.27.4&#8243; _module_preset=\u00bbdefault\u00bb text_font_size=\u00bb8px\u00bb global_colors_info=\u00bb{}\u00bb]<\/p>\n<p style=\"font-weight: 400;\"><strong>Referencias<\/strong><\/p>\n<ol>\n<li style=\"font-weight: 400;\"><span>Do R, Willer CJ, Schmidt EM, et al. Common variants associated with plasma triglycerides and risk for coronary artery disease. Nat Genet 2013;45:1345\u201352.<\/span><br \/><span class=\"ref ref2\">2.<\/span><span>\u00a0Nordestgaard BG. Triglyceride-rich lipoproteins and atherosclerotic cardiovascular disease: new insights from epidemiology, genetics, and biology. Circ Res 2016;118:547-63.<\/span><br \/><span class=\"ref ref3\">3.<\/span><span>\u00a0Bhatt DL, Steg PG, Miller M, et al. Cardiovascular risk reduction with icosapent ethyl for hypertriglyceridemia. N Engl J Med 2019;380:11\u201322.<\/span><br \/><span class=\"ref ref4\">4.<\/span><span>\u00a0Nicholls SJ, Lincoff AM, Garcia M, et al. Effect of high-dose omega-3 fatty acids vs corn oil on major adverse cardiovascular events in patients at high cardiovascular risk: the STRENGTH randomized clinical trial. JAMA 2020;324:2268\u201380.<\/span><br \/><span class=\"ref ref5\">5.<\/span><span>\u00a0Grundy SM, Stone NJ, Bailey AL, et al. 2018 AHA\/ACC\/AACVPR\/AAPA\/ABC\/ACPM\/ADA\/AGS\/APhA\/ASPC\/NLA\/PCNA guideline on the management of blood cholesterol: a report of the American College of Cardiology\/American Heart Association Task Force on Clinical Practice Guidelines. J Am Coll Cardiol 2019;73:e285\u2013e350.<\/span><br \/><span class=\"ref ref6\">6.<\/span><span>\u00a0Mach F, Baigent C, Catapano AL, et al. 2019 ESC\/EAS Guidelines for the management of dyslipidaemias: lipid modification to reduce cardiovascular risk. Eur Heart J 2020;41:111-88.<\/span><br \/><span class=\"ref ref7\">7.<\/span><span>\u00a0Virani SS, Morris PB, Agarwala A et al. 2021 ACC Expert Consensus Decision Pathway on the Management of ASCVD Risk Reduction in Patients With Persistent Hypertriglyceridemia. A Report of the American College of Cardiology Solution Set Oversight Committee. J Am Coll Cardiol 2021:S0735-1097<\/span><sup>21<\/sup><span>05323-<\/span><span class=\"ref ref7\">7.<\/span><span>\u00a0doi: 10.1016\/j.jacc.2021.06.011.<\/span><br \/><span class=\"ref ref8\">8.<\/span><span>\u00a0Averna M, Banach M, Bruckert E, et al. Practical guidance for combination lipid-modifying therapy in high- and very-high-risk patients: A statement from a European Atherosclerosis Society Task Force. Atherosclerosis 2021;325:99-109.<\/span><br \/><span class=\"ref ref9\">9.<\/span><span>\u00a0Pradhan AD, Paynter NP, Everett BM, et al. Rationale and design of the Pemafibrate to Reduce Cardiovascular Outcomes by Reducing Triglycerides in Patients with Diabetes (PROMINENT) study. Am Heart J 2018;206:80-93.<\/span><\/li>\n<\/ol>\n<p>[\/et_pb_text][\/et_pb_column][\/et_pb_row][\/et_pb_section]<\/p>\n","protected":false},"excerpt":{"rendered":"<p>Editoriales R3iNoviembre 2021 La gu\u00eda nueva del Colegio Americano de Cardiolog\u00eda (ACC) aborda los problemas m\u00e9dicos sin resolver de los pacientes de alto riesgo con hipertrigliceridemia leve a moderada Prof. Jean-Charles Fruchart, Prof. Michel Hermans, Prof. Pierre Amarenco Durante demasiado tiempo, los triglic\u00e9ridos (TG) han estado relegados al olvido en el abordaje de la enfermedad [&hellip;]<\/p>\n","protected":false},"author":258497324,"featured_media":0,"parent":252805,"menu_order":0,"comment_status":"closed","ping_status":"closed","template":"","meta":{"_et_pb_use_builder":"on","_et_pb_old_content":"","_et_gb_content_width":"","_crdt_document":"","jetpack_post_was_ever_published":false,"footnotes":""},"class_list":["post-252973","page","type-page","status-publish","hentry"],"yoast_head":"<!-- This site is optimized with the Yoast SEO plugin v27.3 - https:\/\/yoast.com\/product\/yoast-seo-wordpress\/ -->\n<title>Editorial 21\/11 - La nueva gu\u00eda del ACC aborda las necesidades cl\u00ednicas no cubiertas de los pacientes de alto riesgo con hipertrigliceridemia de leve a moderada - R3I<\/title>\n<meta name=\"robots\" content=\"index, follow, max-snippet:-1, max-image-preview:large, max-video-preview:-1\" \/>\n<link rel=\"canonical\" href=\"https:\/\/r3i.org\/es\/editoriales-r3i\/editorial-21-11-la-nueva-guia-del-acc-aborda-las-necesidades-clinicas-no-cubiertas-de-los-pacientes-de-alto-riesgo-con-hipertrigliceridemia-de-leve-a-moderada\/\" \/>\n<meta property=\"og:locale\" content=\"es_ES\" \/>\n<meta property=\"og:type\" content=\"article\" \/>\n<meta property=\"og:title\" content=\"Editorial 21\/11 - La nueva gu\u00eda del ACC aborda las necesidades cl\u00ednicas no cubiertas de los pacientes de alto riesgo con hipertrigliceridemia de leve a moderada - R3I\" \/>\n<meta property=\"og:description\" content=\"Editoriales R3iNoviembre 2021 La gu\u00eda nueva del Colegio Americano de Cardiolog\u00eda (ACC) aborda los problemas m\u00e9dicos sin resolver de los pacientes de alto riesgo con hipertrigliceridemia leve a moderada Prof. Jean-Charles Fruchart, Prof. Michel Hermans, Prof. Pierre Amarenco Durante demasiado tiempo, los triglic\u00e9ridos (TG) han estado relegados al olvido en el abordaje de la enfermedad [&hellip;]\" \/>\n<meta property=\"og:url\" content=\"https:\/\/r3i.org\/es\/editoriales-r3i\/editorial-21-11-la-nueva-guia-del-acc-aborda-las-necesidades-clinicas-no-cubiertas-de-los-pacientes-de-alto-riesgo-con-hipertrigliceridemia-de-leve-a-moderada\/\" \/>\n<meta property=\"og:site_name\" content=\"R3I\" \/>\n<meta property=\"article:modified_time\" content=\"2025-02-14T23:03:02+00:00\" \/>\n<meta name=\"twitter:card\" content=\"summary_large_image\" \/>\n<meta name=\"twitter:label1\" content=\"Tiempo de lectura\" \/>\n\t<meta name=\"twitter:data1\" content=\"8 minutos\" \/>\n<script type=\"application\/ld+json\" class=\"yoast-schema-graph\">{\"@context\":\"https:\\\/\\\/schema.org\",\"@graph\":[{\"@type\":\"WebPage\",\"@id\":\"https:\\\/\\\/r3i.org\\\/es\\\/editoriales-r3i\\\/editorial-21-11-la-nueva-guia-del-acc-aborda-las-necesidades-clinicas-no-cubiertas-de-los-pacientes-de-alto-riesgo-con-hipertrigliceridemia-de-leve-a-moderada\\\/\",\"url\":\"https:\\\/\\\/r3i.org\\\/es\\\/editoriales-r3i\\\/editorial-21-11-la-nueva-guia-del-acc-aborda-las-necesidades-clinicas-no-cubiertas-de-los-pacientes-de-alto-riesgo-con-hipertrigliceridemia-de-leve-a-moderada\\\/\",\"name\":\"Editorial 21\\\/11 - La nueva gu\u00eda del ACC aborda las necesidades cl\u00ednicas no cubiertas de los pacientes de alto riesgo con hipertrigliceridemia de leve a moderada - R3I\",\"isPartOf\":{\"@id\":\"https:\\\/\\\/r3i.org\\\/es\\\/#website\"},\"datePublished\":\"2024-12-30T16:48:03+00:00\",\"dateModified\":\"2025-02-14T23:03:02+00:00\",\"breadcrumb\":{\"@id\":\"https:\\\/\\\/r3i.org\\\/es\\\/editoriales-r3i\\\/editorial-21-11-la-nueva-guia-del-acc-aborda-las-necesidades-clinicas-no-cubiertas-de-los-pacientes-de-alto-riesgo-con-hipertrigliceridemia-de-leve-a-moderada\\\/#breadcrumb\"},\"inLanguage\":\"es\",\"potentialAction\":[{\"@type\":\"ReadAction\",\"target\":[\"https:\\\/\\\/r3i.org\\\/es\\\/editoriales-r3i\\\/editorial-21-11-la-nueva-guia-del-acc-aborda-las-necesidades-clinicas-no-cubiertas-de-los-pacientes-de-alto-riesgo-con-hipertrigliceridemia-de-leve-a-moderada\\\/\"]}]},{\"@type\":\"BreadcrumbList\",\"@id\":\"https:\\\/\\\/r3i.org\\\/es\\\/editoriales-r3i\\\/editorial-21-11-la-nueva-guia-del-acc-aborda-las-necesidades-clinicas-no-cubiertas-de-los-pacientes-de-alto-riesgo-con-hipertrigliceridemia-de-leve-a-moderada\\\/#breadcrumb\",\"itemListElement\":[{\"@type\":\"ListItem\",\"position\":1,\"name\":\"Home\",\"item\":\"https:\\\/\\\/r3i.org\\\/es\\\/\"},{\"@type\":\"ListItem\",\"position\":2,\"name\":\"Editoriales R3i\",\"item\":\"https:\\\/\\\/r3i.org\\\/es\\\/editoriales-r3i\\\/\"},{\"@type\":\"ListItem\",\"position\":3,\"name\":\"Editorial 21\\\/11 &#8211; La nueva gu\u00eda del ACC aborda las necesidades cl\u00ednicas no cubiertas de los pacientes de alto riesgo con hipertrigliceridemia de leve a moderada\"}]},{\"@type\":\"WebSite\",\"@id\":\"https:\\\/\\\/r3i.org\\\/es\\\/#website\",\"url\":\"https:\\\/\\\/r3i.org\\\/es\\\/\",\"name\":\"R3I\",\"description\":\"Residual Risk Reduction Initiative\",\"publisher\":{\"@id\":\"https:\\\/\\\/r3i.org\\\/es\\\/#organization\"},\"potentialAction\":[{\"@type\":\"SearchAction\",\"target\":{\"@type\":\"EntryPoint\",\"urlTemplate\":\"https:\\\/\\\/r3i.org\\\/es\\\/?s={search_term_string}\"},\"query-input\":{\"@type\":\"PropertyValueSpecification\",\"valueRequired\":true,\"valueName\":\"search_term_string\"}}],\"inLanguage\":\"es\"},{\"@type\":\"Organization\",\"@id\":\"https:\\\/\\\/r3i.org\\\/es\\\/#organization\",\"name\":\"R3I\",\"url\":\"https:\\\/\\\/r3i.org\\\/es\\\/\",\"logo\":{\"@type\":\"ImageObject\",\"inLanguage\":\"es\",\"@id\":\"https:\\\/\\\/r3i.org\\\/es\\\/#\\\/schema\\\/logo\\\/image\\\/\",\"url\":\"https:\\\/\\\/i0.wp.com\\\/r3i.org\\\/wp-content\\\/uploads\\\/2024\\\/11\\\/r3i-logo-transp-1.png?fit=1601%2C834&ssl=1\",\"contentUrl\":\"https:\\\/\\\/i0.wp.com\\\/r3i.org\\\/wp-content\\\/uploads\\\/2024\\\/11\\\/r3i-logo-transp-1.png?fit=1601%2C834&ssl=1\",\"width\":1601,\"height\":834,\"caption\":\"R3I\"},\"image\":{\"@id\":\"https:\\\/\\\/r3i.org\\\/es\\\/#\\\/schema\\\/logo\\\/image\\\/\"}}]}<\/script>\n<!-- \/ Yoast SEO plugin. -->","yoast_head_json":{"title":"Editorial 21\/11 - La nueva gu\u00eda del ACC aborda las necesidades cl\u00ednicas no cubiertas de los pacientes de alto riesgo con hipertrigliceridemia de leve a moderada - R3I","robots":{"index":"index","follow":"follow","max-snippet":"max-snippet:-1","max-image-preview":"max-image-preview:large","max-video-preview":"max-video-preview:-1"},"canonical":"https:\/\/r3i.org\/es\/editoriales-r3i\/editorial-21-11-la-nueva-guia-del-acc-aborda-las-necesidades-clinicas-no-cubiertas-de-los-pacientes-de-alto-riesgo-con-hipertrigliceridemia-de-leve-a-moderada\/","og_locale":"es_ES","og_type":"article","og_title":"Editorial 21\/11 - La nueva gu\u00eda del ACC aborda las necesidades cl\u00ednicas no cubiertas de los pacientes de alto riesgo con hipertrigliceridemia de leve a moderada - R3I","og_description":"Editoriales R3iNoviembre 2021 La gu\u00eda nueva del Colegio Americano de Cardiolog\u00eda (ACC) aborda los problemas m\u00e9dicos sin resolver de los pacientes de alto riesgo con hipertrigliceridemia leve a moderada Prof. Jean-Charles Fruchart, Prof. Michel Hermans, Prof. Pierre Amarenco Durante demasiado tiempo, los triglic\u00e9ridos (TG) han estado relegados al olvido en el abordaje de la enfermedad [&hellip;]","og_url":"https:\/\/r3i.org\/es\/editoriales-r3i\/editorial-21-11-la-nueva-guia-del-acc-aborda-las-necesidades-clinicas-no-cubiertas-de-los-pacientes-de-alto-riesgo-con-hipertrigliceridemia-de-leve-a-moderada\/","og_site_name":"R3I","article_modified_time":"2025-02-14T23:03:02+00:00","twitter_card":"summary_large_image","twitter_misc":{"Tiempo de lectura":"8 minutos"},"schema":{"@context":"https:\/\/schema.org","@graph":[{"@type":"WebPage","@id":"https:\/\/r3i.org\/es\/editoriales-r3i\/editorial-21-11-la-nueva-guia-del-acc-aborda-las-necesidades-clinicas-no-cubiertas-de-los-pacientes-de-alto-riesgo-con-hipertrigliceridemia-de-leve-a-moderada\/","url":"https:\/\/r3i.org\/es\/editoriales-r3i\/editorial-21-11-la-nueva-guia-del-acc-aborda-las-necesidades-clinicas-no-cubiertas-de-los-pacientes-de-alto-riesgo-con-hipertrigliceridemia-de-leve-a-moderada\/","name":"Editorial 21\/11 - La nueva gu\u00eda del ACC aborda las necesidades cl\u00ednicas no cubiertas de los pacientes de alto riesgo con hipertrigliceridemia de leve a moderada - R3I","isPartOf":{"@id":"https:\/\/r3i.org\/es\/#website"},"datePublished":"2024-12-30T16:48:03+00:00","dateModified":"2025-02-14T23:03:02+00:00","breadcrumb":{"@id":"https:\/\/r3i.org\/es\/editoriales-r3i\/editorial-21-11-la-nueva-guia-del-acc-aborda-las-necesidades-clinicas-no-cubiertas-de-los-pacientes-de-alto-riesgo-con-hipertrigliceridemia-de-leve-a-moderada\/#breadcrumb"},"inLanguage":"es","potentialAction":[{"@type":"ReadAction","target":["https:\/\/r3i.org\/es\/editoriales-r3i\/editorial-21-11-la-nueva-guia-del-acc-aborda-las-necesidades-clinicas-no-cubiertas-de-los-pacientes-de-alto-riesgo-con-hipertrigliceridemia-de-leve-a-moderada\/"]}]},{"@type":"BreadcrumbList","@id":"https:\/\/r3i.org\/es\/editoriales-r3i\/editorial-21-11-la-nueva-guia-del-acc-aborda-las-necesidades-clinicas-no-cubiertas-de-los-pacientes-de-alto-riesgo-con-hipertrigliceridemia-de-leve-a-moderada\/#breadcrumb","itemListElement":[{"@type":"ListItem","position":1,"name":"Home","item":"https:\/\/r3i.org\/es\/"},{"@type":"ListItem","position":2,"name":"Editoriales R3i","item":"https:\/\/r3i.org\/es\/editoriales-r3i\/"},{"@type":"ListItem","position":3,"name":"Editorial 21\/11 &#8211; La nueva gu\u00eda del ACC aborda las necesidades cl\u00ednicas no cubiertas de los pacientes de alto riesgo con hipertrigliceridemia de leve a moderada"}]},{"@type":"WebSite","@id":"https:\/\/r3i.org\/es\/#website","url":"https:\/\/r3i.org\/es\/","name":"R3I","description":"Residual Risk Reduction Initiative","publisher":{"@id":"https:\/\/r3i.org\/es\/#organization"},"potentialAction":[{"@type":"SearchAction","target":{"@type":"EntryPoint","urlTemplate":"https:\/\/r3i.org\/es\/?s={search_term_string}"},"query-input":{"@type":"PropertyValueSpecification","valueRequired":true,"valueName":"search_term_string"}}],"inLanguage":"es"},{"@type":"Organization","@id":"https:\/\/r3i.org\/es\/#organization","name":"R3I","url":"https:\/\/r3i.org\/es\/","logo":{"@type":"ImageObject","inLanguage":"es","@id":"https:\/\/r3i.org\/es\/#\/schema\/logo\/image\/","url":"https:\/\/i0.wp.com\/r3i.org\/wp-content\/uploads\/2024\/11\/r3i-logo-transp-1.png?fit=1601%2C834&ssl=1","contentUrl":"https:\/\/i0.wp.com\/r3i.org\/wp-content\/uploads\/2024\/11\/r3i-logo-transp-1.png?fit=1601%2C834&ssl=1","width":1601,"height":834,"caption":"R3I"},"image":{"@id":"https:\/\/r3i.org\/es\/#\/schema\/logo\/image\/"}}]}},"jetpack_likes_enabled":true,"jetpack_sharing_enabled":true,"jetpack_shortlink":"https:\/\/wp.me\/Pgbfv2-13Od","jetpack-related-posts":[],"_links":{"self":[{"href":"https:\/\/r3i.org\/es\/wp-json\/wp\/v2\/pages\/252973","targetHints":{"allow":["GET"]}}],"collection":[{"href":"https:\/\/r3i.org\/es\/wp-json\/wp\/v2\/pages"}],"about":[{"href":"https:\/\/r3i.org\/es\/wp-json\/wp\/v2\/types\/page"}],"author":[{"embeddable":true,"href":"https:\/\/r3i.org\/es\/wp-json\/wp\/v2\/users\/258497324"}],"replies":[{"embeddable":true,"href":"https:\/\/r3i.org\/es\/wp-json\/wp\/v2\/comments?post=252973"}],"version-history":[{"count":6,"href":"https:\/\/r3i.org\/es\/wp-json\/wp\/v2\/pages\/252973\/revisions"}],"predecessor-version":[{"id":253479,"href":"https:\/\/r3i.org\/es\/wp-json\/wp\/v2\/pages\/252973\/revisions\/253479"}],"up":[{"embeddable":true,"href":"https:\/\/r3i.org\/es\/wp-json\/wp\/v2\/pages\/252805"}],"wp:attachment":[{"href":"https:\/\/r3i.org\/es\/wp-json\/wp\/v2\/media?parent=252973"}],"curies":[{"name":"wp","href":"https:\/\/api.w.org\/{rel}","templated":true}]}}