{"id":252970,"date":"2025-01-04T16:59:32","date_gmt":"2025-01-04T15:59:32","guid":{"rendered":"https:\/\/r3i.org\/editoriales-r3i\/editorial-11-15-riesgo-cardiovascular-residual-no-son-solo-los-lipidos\/"},"modified":"2025-02-05T22:48:58","modified_gmt":"2025-02-05T21:48:58","slug":"editorial-11-15-riesgo-cardiovascular-residual-no-son-solo-los-lipidos","status":"publish","type":"page","link":"https:\/\/r3i.org\/es\/editoriales-r3i\/editorial-11-15-riesgo-cardiovascular-residual-no-son-solo-los-lipidos\/","title":{"rendered":"Editorial 11\/15 &#8211; Riesgo cardiovascular residual: \u00a1no son s\u00f3lo los l\u00edpidos!"},"content":{"rendered":"<p>[et_pb_section fb_built=\u00bb1&#8243; admin_label=\u00bbHeader\u00bb _builder_version=\u00bb4.27.4&#8243; _module_preset=\u00bb35f37621-1062-4ae6-955d-76a3167a2aa8&#8243; background_image=\u00bbhttps:\/\/r3i.org\/wp-content\/uploads\/2024\/12\/pexels-pixabay-267582.jpg\u00bb parallax=\u00bbon\u00bb min_height=\u00bb157.9px\u00bb min_height_tablet=\u00bb100px\u00bb min_height_phone=\u00bb100px\u00bb min_height_last_edited=\u00bbon|phone\u00bb height=\u00bb116px\u00bb height_tablet=\u00bb153px\u00bb height_phone=\u00bb130px\u00bb height_last_edited=\u00bbon|phone\u00bb custom_margin_tablet=\u00bb\u00bb custom_margin_phone=\u00bb-17px||||false|false\u00bb custom_margin_last_edited=\u00bbon|phone\u00bb custom_padding=\u00bb0vw||0vw||true|false\u00bb collapsed=\u00bbon\u00bb global_colors_info=\u00bb{%22gcid-primary-color%22:%91%22quote_text_color%22,%22background_color_gradient_stops%22%93}\u00bb][et_pb_row _builder_version=\u00bb4.27.4&#8243; _module_preset=\u00bbdefault\u00bb global_colors_info=\u00bb{}\u00bb][et_pb_column type=\u00bb4_4&#8243; _builder_version=\u00bb4.27.0&#8243; _module_preset=\u00bbdefault\u00bb global_colors_info=\u00bb{}\u00bb][et_pb_text _builder_version=\u00bb4.27.4&#8243; _module_preset=\u00bbdefault\u00bb text_text_color=\u00bb#FFFFFF\u00bb header_2_text_color=\u00bb#FFFFFF\u00bb custom_padding=\u00bb1px|||||\u00bb global_colors_info=\u00bb{}\u00bb]<\/p>\n<h2>Editoriales R3i<\/h2>\n<p>[\/et_pb_text][\/et_pb_column][\/et_pb_row][\/et_pb_section][et_pb_section fb_built=\u00bb1&#8243; _builder_version=\u00bb4.27.3&#8243; _module_preset=\u00bbdefault\u00bb custom_margin=\u00bb-49px|||||\u00bb custom_padding=\u00bb2px||40px|||\u00bb global_colors_info=\u00bb{}\u00bb][et_pb_row column_structure=\u00bb1_2,1_2&#8243; _builder_version=\u00bb4.27.4&#8243; _module_preset=\u00bbdefault\u00bb border_radii=\u00bboff|13px|13px|13px|13px\u00bb border_width_all=\u00bb4px\u00bb border_color_all=\u00bbgcid-b673dc17-1b2a-464e-affa-1bf1ab41c0fd\u00bb border_width_all_tablet=\u00bb4px\u00bb border_width_all_phone=\u00bb0px\u00bb border_width_all_last_edited=\u00bbon|phone\u00bb border_color_all_tablet=\u00bbgcid-b673dc17-1b2a-464e-affa-1bf1ab41c0fd\u00bb border_color_all_phone=\u00bbgcid-b673dc17-1b2a-464e-affa-1bf1ab41c0fd\u00bb border_color_all_last_edited=\u00bbon|phone\u00bb box_shadow_style=\u00bbpreset2&#8243; global_colors_info=\u00bb{%22gcid-b673dc17-1b2a-464e-affa-1bf1ab41c0fd%22:%91%22border_color_all%22%93}\u00bb][et_pb_column type=\u00bb1_2&#8243; _builder_version=\u00bb4.27.4&#8243; _module_preset=\u00bbdefault\u00bb global_colors_info=\u00bb{}\u00bb][et_pb_text _builder_version=\u00bb4.27.4&#8243; _module_preset=\u00bbdefault\u00bb text_font_size=\u00bb14px\u00bb header_5_text_color=\u00bbgcid-4907c8d4-9eff-49de-91ce-43a2d3a729cf\u00bb header_6_text_color=\u00bbgcid-secondary-color\u00bb hover_enabled=\u00bb0&#8243; global_colors_info=\u00bb{%22gcid-primary-color%22:%91%22quote_text_color%22,%22quote_text_color%22,%22quote_text_color%22%93,%22gcid-4907c8d4-9eff-49de-91ce-43a2d3a729cf%22:%91%22header_5_text_color%22%93,%22gcid-secondary-color%22:%91%22header_6_text_color%22%93}\u00bb sticky_enabled=\u00bb0&#8243;]<\/p>\n<h5 style=\"text-align: center;\"><span>Riesgo cardiovascular residual: \u00a1no son s\u00f3lo los l\u00edpidos!<\/span><\/h5>\n<h6 style=\"text-align: center;\"><span lang=\"EN-GB\">Prof. Michel Hermans, Prof. Pierre Amarenco<\/span><\/h6>\n<p><span>\u00bfQu\u00e9 contribuye al riesgo cardiovascular residual? Sin duda, los factores de riesgo lip\u00eddicos y lipoproteicos son importantes. Gran parte de la atenci\u00f3n de la Iniciativa para la Reducci\u00f3n del Riesgo Residual (R3i) se ha centrado en el tratamiento de los triglic\u00e9ridos elevados, con o sin niveles circulantes bajos de colesterol de lipoprote\u00ednas de alta densidad (HDL-C). En un metaan\u00e1lisis clave de los principales ensayos con fibratos, el tratamiento de la dislipidemia aterog\u00e9nica se asoci\u00f3 a una reducci\u00f3n relativa del 35% del riesgo cardiovascular, frente al 6% en los individuos sin esta dislipidemia. La reducci\u00f3n de los episodios coronarios fue el principal factor de este beneficio.      <\/span><sup>1,2<\/sup><span>. En 2015, se ha elaborado el enfoque. Mientras que la acumulaci\u00f3n de pruebas presenta ahora un argumento s\u00f3lido para tener en cuenta en las directrices las lipoprote\u00ednas ricas en triglic\u00e9ridos elevadas y sus restos (de las que los triglic\u00e9ridos plasm\u00e1ticos son un marcador), el inter\u00e9s por centrarse en el HDL-C total como factor de riesgo convencional ha disminuido. De hecho, aunque una concentraci\u00f3n plasm\u00e1tica baja de HDL C es sin duda un marcador de riesgo cardiovascular, como reconocen las directrices     <\/span><sup>3<\/sup><span>Sin embargo, se ha ignorado en gran medida la importancia de las terapias dirigidas a las HDL, especialmente los enfoques no selectivos que no se dirig\u00edan espec\u00edficamente a los subtipos de HDL ateroprotectores. M\u00e1s recientemente, el ensayo de resultados con el inhibidor de la prote\u00edna de transferencia de \u00e9steres de colesterol (CETP) evacetrapib (ACCELERATE) ha finalizado por falta de eficacia.   <\/span><sup>4<\/sup><span>. Sin embargo, este agente no s\u00f3lo elev\u00f3 notablemente la concentraci\u00f3n plasm\u00e1tica de HDL-C, sino que tambi\u00e9n redujo el colesterol de lipoprote\u00ednas de baja densidad (LDL-C) en un 40% aproximadamente   <\/span><sup>5<\/sup><span>. Es plausible que la falta de eficacia pueda atribuirse en gran medida a la poblaci\u00f3n de pacientes del ACCELERATE (pacientes con s\u00edndrome coronario agudo que reciben el tratamiento est\u00e1ndar), aunque debemos esperar a la publicaci\u00f3n completa de los resultados del ensayo para discernir las verdaderas causas. De hecho, se ha planteado que entre los pacientes de alto riesgo cardiovascular que reciben la mejor medicina basada en la evidencia no es factible conseguir una mayor reducci\u00f3n significativa de los resultados cl\u00ednicos, posiblemente debido al efecto del tratamiento a largo plazo con estatinas sobre la morfolog\u00eda de la placa    <\/span><sup>6<\/sup><span>aunque los an\u00e1lisis exploratorios con los anticuerpos monoclonales PCSK9 alirocumab y evolocumab contradicen esta afirmaci\u00f3n <\/span><sup>7,8<\/sup><span>. Una vez m\u00e1s, debemos esperar los resultados definitivos de los estudios de resultados en curso con estos agentes. <\/span><\/p>\n<p><em>M\u00e1s all\u00e1 del riesgo cardiovascular residual relacionado con los l\u00edpidos<\/em><span><\/span><br \/><span>M\u00e1s adelante, los resultados del estudio EMPA-REG OUTCOME con empagliflozina, un inhibidor selectivo del cotransportador sodio-glucosa 2 (SGLT2), indican claramente la relevancia de los factores de riesgo no lip\u00eddicos <\/span><sup>9<\/sup><span>. Es la primera vez que un f\u00e1rmaco hipoglucemiante ha demostrado superioridad en un ensayo de resultados cardiovasculares, con una reducci\u00f3n del criterio de valoraci\u00f3n cardiovascular primario compuesto impulsada en gran medida por una disminuci\u00f3n de la mortalidad cardiovascular (en un 38%) en ausencia de un beneficio sobre el infarto de miocardio o la angina inestable en pacientes con enfermedad CV establecida. Es importante se\u00f1alar que esta reducci\u00f3n se consigui\u00f3 en un contexto de atenci\u00f3n est\u00e1ndar, incluido el tratamiento recomendado por las directrices de la presi\u00f3n arterial, la glucemia y la dislipidemia. As\u00ed pues, en 2015 contamos con un ensayo positivo que demuestra la importancia de considerar los factores de riesgo no lip\u00eddicos para el riesgo cardiovascular residual.   <\/span><br \/><span>Mirando en una bola de cristal, \u00bfcambiar\u00e1n estos hallazgos las directrices? Sin duda, para los pacientes diab\u00e9ticos de tipo 2 con enfermedad CV, aunque sigue habiendo dudas sobre el mecanismo o mecanismos de este beneficio y sobre si existe tambi\u00e9n en pacientes no diab\u00e9ticos o en pacientes diab\u00e9ticos en prevenci\u00f3n primaria CV. A falta de los resultados de este ensayo, el R3i cree que ha llegado el momento de adoptar un enfoque integral para controlar el riesgo cardiovascular residual, que incluya tanto los factores lip\u00eddicos como los no lip\u00eddicos que contribuyen al riesgo en los pacientes con diabetes tipo 2 en el contexto de la prevenci\u00f3n secundaria.  <\/span><\/p>\n<p>[\/et_pb_text][\/et_pb_column][et_pb_column type=\u00bb1_2&#8243; _builder_version=\u00bb4.27.4&#8243; _module_preset=\u00bbdefault\u00bb global_colors_info=\u00bb{}\u00bb][et_pb_text _builder_version=\u00bb4.27.4&#8243; _module_preset=\u00bbdefault\u00bb text_text_color=\u00bbgcid-4907c8d4-9eff-49de-91ce-43a2d3a729cf\u00bb text_font_size=\u00bb14px\u00bb hover_enabled=\u00bb0&#8243; global_colors_info=\u00bb{%22gcid-primary-color%22:%91%22quote_text_color%22,%22quote_text_color%22,%22quote_text_color%22%93,%22gcid-4907c8d4-9eff-49de-91ce-43a2d3a729cf%22:%91%22text_text_color%22%93}\u00bb sticky_enabled=\u00bb0&#8243;]<\/p>\n<p><em>Riesgo microvascular residual m\u00e1s all\u00e1 de los l\u00edpidos<\/em><span><\/span><br \/><span>Por \u00faltimo, tambi\u00e9n se est\u00e1n acumulando pruebas que implican factores de riesgo no lip\u00eddicos en el riesgo microvascular residual. No s\u00f3lo para la retinopat\u00eda diab\u00e9tica, como se observa con el fenofibrato, sino que tambi\u00e9n est\u00e1n apareciendo datos que sugieren un posible efecto renoprotector con los inhibidores de SGLT2 en modelos animales   <\/span><sup>10,11<\/sup><span>. Esto ya est\u00e1 siendo objeto de seguimiento en ensayos cl\u00ednicos   <\/span><sup>12,13<\/sup><span>.<\/span><\/p>\n<p><span>La R3i cree que el concepto de riesgo vascular residual es a\u00fan m\u00e1s relevante en 2015 que en 2008, cuando se cre\u00f3 la Fundaci\u00f3n. En el futuro, los enfoques terap\u00e9uticos dirigidos a los factores de riesgo lip\u00eddicos y no lip\u00eddicos se convertir\u00e1n potencialmente en la norma para la gesti\u00f3n del riesgo residual tanto cardiovascular como microvascular. \u00bfEst\u00e1 realmente a nuestro alcance la eliminaci\u00f3n del riesgo vascular residual, el \u00absanto grial\u00bb para los m\u00e9dicos?  <\/span><\/p>\n<p>[\/et_pb_text][et_pb_text _builder_version=\u00bb4.27.4&#8243; _module_preset=\u00bbdefault\u00bb text_font_size=\u00bb8px\u00bb hover_enabled=\u00bb0&#8243; global_colors_info=\u00bb{}\u00bb sticky_enabled=\u00bb0&#8243;]<\/p>\n<p style=\"font-weight: 400;\"><strong>Referencias<\/strong><\/p>\n<ol>\n<li style=\"font-weight: 400;\"><span>Sacks FM, Carey VJ, Fruchart JC. Tratamiento lip\u00eddico combinado en la diabetes de tipo 2. N Engl J Med 2010,363:692-684.  <\/span><br \/><span class=\"ref ref2\">2.<\/span><span>  Jun M, Foote C, Lv J et al. Efectos de los fibratos en los resultados cardiovasculares: una revisi\u00f3n sistem\u00e1tica y metaan\u00e1lisis. Lancet 2010,375:1875-84.  <\/span><br \/><span class=\"ref ref3\">3.<\/span><span>  Reiner Z, Catapano AL, De Backer G et al. ESC\/EAS Guidelines for the management of dyslipidaemias: the Task Force for the management of dyslipidaemias of the European Society of Cardiology (ESC) and the European Atherosclerosis Society (EAS). Eur Heart J 2011;32:1769-818.  <\/span><br \/><span class=\"ref ref4\">4.<\/span><span>  Lilly interrumpir\u00e1 el desarrollo de Evacetrapib para la enfermedad cardiovascular ateroscler\u00f3tica de alto riesgo. <a href=\"https:\/\/investor.lilly.com\/releasedetail.cfm?ReleaseID=936130\" rel=\"nofollow\">https:\/\/investor.lilly.com\/releasedetail.cfm?ReleaseID=936130<\/a> <\/span><br \/><span class=\"ref ref5\">5.<\/span><span>  Nicholls SJ, Brewer HB, Kastelein JJ et al. Efectos del inhibidor de CETP evacetrapib administrado como monoterapia o en combinaci\u00f3n con estatinas sobre el colesterol HDL y LDL: un ensayo controlado aleatorizado. JAMA 2011;306:2099-109.  <\/span><br \/><span class=\"ref ref6\">6.<\/span><span>  Hikita H, Kuroda S, Oosaka Y et al. Impacto del uso de estatinas antes del inicio del infarto agudo de miocardio en la morfolog\u00eda de la placa coronaria de la lesi\u00f3n culpable. Angiolog\u00eda 2013;64:375-8.  <\/span><br \/><span class=\"ref ref7\">7.<\/span><span>  Sabatine MS, Giugliano RP, Wiviott SD et al. Eficacia y seguridad del evolocumab en la reducci\u00f3n de l\u00edpidos y eventos cardiovasculares. N Engl J Med 2015;372:1500-9.  <\/span><br \/><span class=\"ref ref8\">8.<\/span><span>  Robinson JG, Farnier M, Krempf M et al. Eficacia y seguridad del alirocumab en la reducci\u00f3n de l\u00edpidos y eventos cardiovasculares. N Engl J Med 2015;372:1489-99.  <\/span><br \/><span class=\"ref ref9\">9.<\/span><span>  Zinman B, Wanner C, Lachin JM et al. Empagliflozina, resultados cardiovasculares y mortalidad en la diabetes tipo 2. N Engl J Med 2015; DOI: 10.1056\/NEJMoa1504720.  <\/span><br \/><span class=\"ref ref10\">10.<\/span><span>  Kojima N, Williams JM, Slaughter TN et al. Efectos renoprotectores del tratamiento combinado con SGLT2 e inhibidores de la ECA en ratas Dahl S diab\u00e9ticas. Physiol Rep 2015;3(7). pii: e12436.   <\/span><br \/><span class=\"ref ref11\">11.<\/span><span>  Kojima N, Williams JM, Takahashi T et al. Efectos de un nuevo inhibidor de SGLT2, la luseogliflozina, sobre la nefropat\u00eda diab\u00e9tica en ratas T2DN. J Pharmacol Exp Ther 2013;345:464-72.  <\/span><\/li>\n<\/ol>\n<p>[\/et_pb_text][\/et_pb_column][\/et_pb_row][\/et_pb_section]<\/p>\n","protected":false},"excerpt":{"rendered":"<p>Editoriales R3iRiesgo cardiovascular residual: \u00a1no son s\u00f3lo los l\u00edpidos! Prof. Michel Hermans, Prof. Pierre Amarenco \u00bfQu\u00e9 contribuye al riesgo cardiovascular residual? Sin duda, los factores de riesgo lip\u00eddicos y lipoproteicos son importantes. Gran parte de la atenci\u00f3n de la Iniciativa para la Reducci\u00f3n del Riesgo Residual (R3i) se ha centrado en el tratamiento de los [&hellip;]<\/p>\n","protected":false},"author":258497324,"featured_media":0,"parent":252805,"menu_order":0,"comment_status":"closed","ping_status":"closed","template":"","meta":{"_et_pb_use_builder":"on","_et_pb_old_content":"","_et_gb_content_width":"","_crdt_document":"","jetpack_post_was_ever_published":false,"footnotes":""},"class_list":["post-252970","page","type-page","status-publish","hentry"],"yoast_head":"<!-- This site is optimized with the Yoast SEO plugin v27.3 - https:\/\/yoast.com\/product\/yoast-seo-wordpress\/ -->\n<title>Editorial 11\/15 - Riesgo cardiovascular residual: \u00a1no son s\u00f3lo los l\u00edpidos! - R3I<\/title>\n<meta name=\"robots\" content=\"index, follow, max-snippet:-1, max-image-preview:large, max-video-preview:-1\" \/>\n<link rel=\"canonical\" href=\"https:\/\/r3i.org\/es\/editoriales-r3i\/editorial-11-15-riesgo-cardiovascular-residual-no-son-solo-los-lipidos\/\" \/>\n<meta property=\"og:locale\" content=\"es_ES\" \/>\n<meta property=\"og:type\" content=\"article\" \/>\n<meta property=\"og:title\" content=\"Editorial 11\/15 - Riesgo cardiovascular residual: \u00a1no son s\u00f3lo los l\u00edpidos! - R3I\" \/>\n<meta property=\"og:description\" content=\"Editoriales R3iRiesgo cardiovascular residual: \u00a1no son s\u00f3lo los l\u00edpidos! Prof. Michel Hermans, Prof. Pierre Amarenco \u00bfQu\u00e9 contribuye al riesgo cardiovascular residual? Sin duda, los factores de riesgo lip\u00eddicos y lipoproteicos son importantes. Gran parte de la atenci\u00f3n de la Iniciativa para la Reducci\u00f3n del Riesgo Residual (R3i) se ha centrado en el tratamiento de los [&hellip;]\" \/>\n<meta property=\"og:url\" content=\"https:\/\/r3i.org\/es\/editoriales-r3i\/editorial-11-15-riesgo-cardiovascular-residual-no-son-solo-los-lipidos\/\" \/>\n<meta property=\"og:site_name\" content=\"R3I\" \/>\n<meta property=\"article:modified_time\" content=\"2025-02-05T21:48:58+00:00\" \/>\n<meta name=\"twitter:card\" content=\"summary_large_image\" \/>\n<meta name=\"twitter:label1\" content=\"Tiempo de lectura\" \/>\n\t<meta name=\"twitter:data1\" content=\"8 minutos\" \/>\n<script type=\"application\/ld+json\" class=\"yoast-schema-graph\">{\"@context\":\"https:\\\/\\\/schema.org\",\"@graph\":[{\"@type\":\"WebPage\",\"@id\":\"https:\\\/\\\/r3i.org\\\/es\\\/editoriales-r3i\\\/editorial-11-15-riesgo-cardiovascular-residual-no-son-solo-los-lipidos\\\/\",\"url\":\"https:\\\/\\\/r3i.org\\\/es\\\/editoriales-r3i\\\/editorial-11-15-riesgo-cardiovascular-residual-no-son-solo-los-lipidos\\\/\",\"name\":\"Editorial 11\\\/15 - Riesgo cardiovascular residual: \u00a1no son s\u00f3lo los l\u00edpidos! - R3I\",\"isPartOf\":{\"@id\":\"https:\\\/\\\/r3i.org\\\/es\\\/#website\"},\"datePublished\":\"2025-01-04T15:59:32+00:00\",\"dateModified\":\"2025-02-05T21:48:58+00:00\",\"breadcrumb\":{\"@id\":\"https:\\\/\\\/r3i.org\\\/es\\\/editoriales-r3i\\\/editorial-11-15-riesgo-cardiovascular-residual-no-son-solo-los-lipidos\\\/#breadcrumb\"},\"inLanguage\":\"es\",\"potentialAction\":[{\"@type\":\"ReadAction\",\"target\":[\"https:\\\/\\\/r3i.org\\\/es\\\/editoriales-r3i\\\/editorial-11-15-riesgo-cardiovascular-residual-no-son-solo-los-lipidos\\\/\"]}]},{\"@type\":\"BreadcrumbList\",\"@id\":\"https:\\\/\\\/r3i.org\\\/es\\\/editoriales-r3i\\\/editorial-11-15-riesgo-cardiovascular-residual-no-son-solo-los-lipidos\\\/#breadcrumb\",\"itemListElement\":[{\"@type\":\"ListItem\",\"position\":1,\"name\":\"Home\",\"item\":\"https:\\\/\\\/r3i.org\\\/es\\\/\"},{\"@type\":\"ListItem\",\"position\":2,\"name\":\"Editoriales R3i\",\"item\":\"https:\\\/\\\/r3i.org\\\/es\\\/editoriales-r3i\\\/\"},{\"@type\":\"ListItem\",\"position\":3,\"name\":\"Editorial 11\\\/15 &#8211; Riesgo cardiovascular residual: \u00a1no son s\u00f3lo los l\u00edpidos!\"}]},{\"@type\":\"WebSite\",\"@id\":\"https:\\\/\\\/r3i.org\\\/es\\\/#website\",\"url\":\"https:\\\/\\\/r3i.org\\\/es\\\/\",\"name\":\"R3I\",\"description\":\"Residual Risk Reduction Initiative\",\"publisher\":{\"@id\":\"https:\\\/\\\/r3i.org\\\/es\\\/#organization\"},\"potentialAction\":[{\"@type\":\"SearchAction\",\"target\":{\"@type\":\"EntryPoint\",\"urlTemplate\":\"https:\\\/\\\/r3i.org\\\/es\\\/?s={search_term_string}\"},\"query-input\":{\"@type\":\"PropertyValueSpecification\",\"valueRequired\":true,\"valueName\":\"search_term_string\"}}],\"inLanguage\":\"es\"},{\"@type\":\"Organization\",\"@id\":\"https:\\\/\\\/r3i.org\\\/es\\\/#organization\",\"name\":\"R3I\",\"url\":\"https:\\\/\\\/r3i.org\\\/es\\\/\",\"logo\":{\"@type\":\"ImageObject\",\"inLanguage\":\"es\",\"@id\":\"https:\\\/\\\/r3i.org\\\/es\\\/#\\\/schema\\\/logo\\\/image\\\/\",\"url\":\"https:\\\/\\\/i0.wp.com\\\/r3i.org\\\/wp-content\\\/uploads\\\/2024\\\/11\\\/r3i-logo-transp-1.png?fit=1601%2C834&ssl=1\",\"contentUrl\":\"https:\\\/\\\/i0.wp.com\\\/r3i.org\\\/wp-content\\\/uploads\\\/2024\\\/11\\\/r3i-logo-transp-1.png?fit=1601%2C834&ssl=1\",\"width\":1601,\"height\":834,\"caption\":\"R3I\"},\"image\":{\"@id\":\"https:\\\/\\\/r3i.org\\\/es\\\/#\\\/schema\\\/logo\\\/image\\\/\"}}]}<\/script>\n<!-- \/ Yoast SEO plugin. -->","yoast_head_json":{"title":"Editorial 11\/15 - Riesgo cardiovascular residual: \u00a1no son s\u00f3lo los l\u00edpidos! - R3I","robots":{"index":"index","follow":"follow","max-snippet":"max-snippet:-1","max-image-preview":"max-image-preview:large","max-video-preview":"max-video-preview:-1"},"canonical":"https:\/\/r3i.org\/es\/editoriales-r3i\/editorial-11-15-riesgo-cardiovascular-residual-no-son-solo-los-lipidos\/","og_locale":"es_ES","og_type":"article","og_title":"Editorial 11\/15 - Riesgo cardiovascular residual: \u00a1no son s\u00f3lo los l\u00edpidos! - R3I","og_description":"Editoriales R3iRiesgo cardiovascular residual: \u00a1no son s\u00f3lo los l\u00edpidos! Prof. Michel Hermans, Prof. Pierre Amarenco \u00bfQu\u00e9 contribuye al riesgo cardiovascular residual? Sin duda, los factores de riesgo lip\u00eddicos y lipoproteicos son importantes. Gran parte de la atenci\u00f3n de la Iniciativa para la Reducci\u00f3n del Riesgo Residual (R3i) se ha centrado en el tratamiento de los [&hellip;]","og_url":"https:\/\/r3i.org\/es\/editoriales-r3i\/editorial-11-15-riesgo-cardiovascular-residual-no-son-solo-los-lipidos\/","og_site_name":"R3I","article_modified_time":"2025-02-05T21:48:58+00:00","twitter_card":"summary_large_image","twitter_misc":{"Tiempo de lectura":"8 minutos"},"schema":{"@context":"https:\/\/schema.org","@graph":[{"@type":"WebPage","@id":"https:\/\/r3i.org\/es\/editoriales-r3i\/editorial-11-15-riesgo-cardiovascular-residual-no-son-solo-los-lipidos\/","url":"https:\/\/r3i.org\/es\/editoriales-r3i\/editorial-11-15-riesgo-cardiovascular-residual-no-son-solo-los-lipidos\/","name":"Editorial 11\/15 - Riesgo cardiovascular residual: \u00a1no son s\u00f3lo los l\u00edpidos! - R3I","isPartOf":{"@id":"https:\/\/r3i.org\/es\/#website"},"datePublished":"2025-01-04T15:59:32+00:00","dateModified":"2025-02-05T21:48:58+00:00","breadcrumb":{"@id":"https:\/\/r3i.org\/es\/editoriales-r3i\/editorial-11-15-riesgo-cardiovascular-residual-no-son-solo-los-lipidos\/#breadcrumb"},"inLanguage":"es","potentialAction":[{"@type":"ReadAction","target":["https:\/\/r3i.org\/es\/editoriales-r3i\/editorial-11-15-riesgo-cardiovascular-residual-no-son-solo-los-lipidos\/"]}]},{"@type":"BreadcrumbList","@id":"https:\/\/r3i.org\/es\/editoriales-r3i\/editorial-11-15-riesgo-cardiovascular-residual-no-son-solo-los-lipidos\/#breadcrumb","itemListElement":[{"@type":"ListItem","position":1,"name":"Home","item":"https:\/\/r3i.org\/es\/"},{"@type":"ListItem","position":2,"name":"Editoriales R3i","item":"https:\/\/r3i.org\/es\/editoriales-r3i\/"},{"@type":"ListItem","position":3,"name":"Editorial 11\/15 &#8211; Riesgo cardiovascular residual: \u00a1no son s\u00f3lo los l\u00edpidos!"}]},{"@type":"WebSite","@id":"https:\/\/r3i.org\/es\/#website","url":"https:\/\/r3i.org\/es\/","name":"R3I","description":"Residual Risk Reduction Initiative","publisher":{"@id":"https:\/\/r3i.org\/es\/#organization"},"potentialAction":[{"@type":"SearchAction","target":{"@type":"EntryPoint","urlTemplate":"https:\/\/r3i.org\/es\/?s={search_term_string}"},"query-input":{"@type":"PropertyValueSpecification","valueRequired":true,"valueName":"search_term_string"}}],"inLanguage":"es"},{"@type":"Organization","@id":"https:\/\/r3i.org\/es\/#organization","name":"R3I","url":"https:\/\/r3i.org\/es\/","logo":{"@type":"ImageObject","inLanguage":"es","@id":"https:\/\/r3i.org\/es\/#\/schema\/logo\/image\/","url":"https:\/\/i0.wp.com\/r3i.org\/wp-content\/uploads\/2024\/11\/r3i-logo-transp-1.png?fit=1601%2C834&ssl=1","contentUrl":"https:\/\/i0.wp.com\/r3i.org\/wp-content\/uploads\/2024\/11\/r3i-logo-transp-1.png?fit=1601%2C834&ssl=1","width":1601,"height":834,"caption":"R3I"},"image":{"@id":"https:\/\/r3i.org\/es\/#\/schema\/logo\/image\/"}}]}},"jetpack_likes_enabled":true,"jetpack_sharing_enabled":true,"jetpack_shortlink":"https:\/\/wp.me\/Pgbfv2-13Oa","jetpack-related-posts":[],"_links":{"self":[{"href":"https:\/\/r3i.org\/es\/wp-json\/wp\/v2\/pages\/252970","targetHints":{"allow":["GET"]}}],"collection":[{"href":"https:\/\/r3i.org\/es\/wp-json\/wp\/v2\/pages"}],"about":[{"href":"https:\/\/r3i.org\/es\/wp-json\/wp\/v2\/types\/page"}],"author":[{"embeddable":true,"href":"https:\/\/r3i.org\/es\/wp-json\/wp\/v2\/users\/258497324"}],"replies":[{"embeddable":true,"href":"https:\/\/r3i.org\/es\/wp-json\/wp\/v2\/comments?post=252970"}],"version-history":[{"count":2,"href":"https:\/\/r3i.org\/es\/wp-json\/wp\/v2\/pages\/252970\/revisions"}],"predecessor-version":[{"id":252972,"href":"https:\/\/r3i.org\/es\/wp-json\/wp\/v2\/pages\/252970\/revisions\/252972"}],"up":[{"embeddable":true,"href":"https:\/\/r3i.org\/es\/wp-json\/wp\/v2\/pages\/252805"}],"wp:attachment":[{"href":"https:\/\/r3i.org\/es\/wp-json\/wp\/v2\/media?parent=252970"}],"curies":[{"name":"wp","href":"https:\/\/api.w.org\/{rel}","templated":true}]}}