{"id":252961,"date":"2025-01-03T21:59:58","date_gmt":"2025-01-03T20:59:58","guid":{"rendered":"https:\/\/r3i.org\/editoriales-r3i\/editorial-10-16-remanentes-relacionados-con-la-disfuncion-miocardica-diabetica\/"},"modified":"2025-02-05T22:46:49","modified_gmt":"2025-02-05T21:46:49","slug":"editorial-10-16-remanentes-relacionados-con-la-disfuncion-miocardica-diabetica","status":"publish","type":"page","link":"https:\/\/r3i.org\/es\/editoriales-r3i\/editorial-10-16-remanentes-relacionados-con-la-disfuncion-miocardica-diabetica\/","title":{"rendered":"Editorial 10\/16 &#8211; Remanentes relacionados con la disfunci\u00f3n mioc\u00e1rdica diab\u00e9tica"},"content":{"rendered":"<p>[et_pb_section fb_built=\u00bb1&#8243; admin_label=\u00bbHeader\u00bb _builder_version=\u00bb4.27.4&#8243; _module_preset=\u00bb35f37621-1062-4ae6-955d-76a3167a2aa8&#8243; background_image=\u00bbhttps:\/\/r3i.org\/wp-content\/uploads\/2024\/12\/pexels-pixabay-267582.jpg\u00bb parallax=\u00bbon\u00bb min_height=\u00bb157.9px\u00bb min_height_tablet=\u00bb100px\u00bb min_height_phone=\u00bb100px\u00bb min_height_last_edited=\u00bbon|phone\u00bb height=\u00bb116px\u00bb height_tablet=\u00bb153px\u00bb height_phone=\u00bb130px\u00bb height_last_edited=\u00bbon|phone\u00bb custom_margin_tablet=\u00bb\u00bb custom_margin_phone=\u00bb-17px||||false|false\u00bb custom_margin_last_edited=\u00bbon|phone\u00bb custom_padding=\u00bb0vw||0vw||true|false\u00bb collapsed=\u00bbon\u00bb global_colors_info=\u00bb{%22gcid-primary-color%22:%91%22quote_text_color%22,%22background_color_gradient_stops%22%93}\u00bb][et_pb_row _builder_version=\u00bb4.27.4&#8243; _module_preset=\u00bbdefault\u00bb global_colors_info=\u00bb{}\u00bb][et_pb_column type=\u00bb4_4&#8243; _builder_version=\u00bb4.27.0&#8243; _module_preset=\u00bbdefault\u00bb global_colors_info=\u00bb{}\u00bb][et_pb_text _builder_version=\u00bb4.27.4&#8243; _module_preset=\u00bbdefault\u00bb text_text_color=\u00bb#FFFFFF\u00bb header_2_text_color=\u00bb#FFFFFF\u00bb custom_padding=\u00bb1px|||||\u00bb global_colors_info=\u00bb{}\u00bb]<\/p>\n<h2>Editoriales R3i<\/h2>\n<p>[\/et_pb_text][\/et_pb_column][\/et_pb_row][\/et_pb_section][et_pb_section fb_built=\u00bb1&#8243; _builder_version=\u00bb4.27.3&#8243; _module_preset=\u00bbdefault\u00bb custom_margin=\u00bb-49px|||||\u00bb custom_padding=\u00bb2px||40px|||\u00bb global_colors_info=\u00bb{}\u00bb][et_pb_row column_structure=\u00bb1_2,1_2&#8243; _builder_version=\u00bb4.27.4&#8243; _module_preset=\u00bbdefault\u00bb border_radii=\u00bboff|13px|13px|13px|13px\u00bb border_width_all=\u00bb4px\u00bb border_color_all=\u00bbgcid-b673dc17-1b2a-464e-affa-1bf1ab41c0fd\u00bb border_width_all_tablet=\u00bb4px\u00bb border_width_all_phone=\u00bb0px\u00bb border_width_all_last_edited=\u00bbon|phone\u00bb border_color_all_tablet=\u00bbgcid-b673dc17-1b2a-464e-affa-1bf1ab41c0fd\u00bb border_color_all_phone=\u00bbgcid-b673dc17-1b2a-464e-affa-1bf1ab41c0fd\u00bb border_color_all_last_edited=\u00bbon|phone\u00bb box_shadow_style=\u00bbpreset2&#8243; global_colors_info=\u00bb{%22gcid-b673dc17-1b2a-464e-affa-1bf1ab41c0fd%22:%91%22border_color_all%22%93}\u00bb][et_pb_column type=\u00bb1_2&#8243; _builder_version=\u00bb4.27.4&#8243; _module_preset=\u00bbdefault\u00bb global_colors_info=\u00bb{}\u00bb][et_pb_text _builder_version=\u00bb4.27.4&#8243; _module_preset=\u00bbdefault\u00bb text_font_size=\u00bb14px\u00bb header_5_text_color=\u00bbgcid-4907c8d4-9eff-49de-91ce-43a2d3a729cf\u00bb header_6_text_color=\u00bbgcid-secondary-color\u00bb hover_enabled=\u00bb0&#8243; global_colors_info=\u00bb{%22gcid-primary-color%22:%91%22quote_text_color%22,%22quote_text_color%22,%22quote_text_color%22%93,%22gcid-4907c8d4-9eff-49de-91ce-43a2d3a729cf%22:%91%22header_5_text_color%22%93,%22gcid-secondary-color%22:%91%22header_6_text_color%22%93}\u00bb sticky_enabled=\u00bb0&#8243;]<\/p>\n<h5 style=\"text-align: center;\"><span>Restos relacionados con la disfunci\u00f3n mioc\u00e1rdica diab\u00e9tica<\/span><\/h5>\n<h6 style=\"text-align: center;\"><span lang=\"EN-GB\">Prof. Michel Hermans, Prof. Pierre Amarenco<\/span><\/h6>\n<p><span>Los remanentes ricos en colesterol son los productos de la degradaci\u00f3n de las lipoprote\u00ednas de muy baja densidad (secretadas por el h\u00edgado) y los quilomicrones (secretados por el intestino). El nivel plasm\u00e1tico de colesterol remanente, una medida de las lipoprote\u00ednas remanentes, est\u00e1 altamente correlacionado con los niveles circulantes de triglic\u00e9ridos, un componente clave de la dislipidemia aterog\u00e9nica que es un factor de riesgo cardiovascular . <\/span><br \/><span>De hecho, teniendo en cuenta que el contenido de colesterol de estas lipoprote\u00ednas remanentes es unas cinco veces superior al del colesterol de lipoprote\u00ednas de baja densidad (LDL-C), quiz\u00e1 no sea sorprendente que las pruebas acumuladas de estudios observacionales, gen\u00e9ticos y mecan\u00edsticos muestren que los niveles elevados de colesterol remanente son causales de la enfermedad vascular ateroscler\u00f3tica.<\/span><sup>1<\/sup><span><\/span><\/p>\n<p><span>Adem\u00e1s, el art\u00edculo Focus de este mes<\/span><sup>2<\/sup><span>  sugiere que los restos ricos en colesterol pueden tener efectos perjudiciales sobre la funci\u00f3n ventricular en individuos con diabetes tipo 2, influyendo espec\u00edficamente en medidas sensibles de la funci\u00f3n mioc\u00e1rdica longitudinal que no se detectan en la ecocardiograf\u00eda rutinaria. En un estudio de cohortes amplio y bien caracterizado, J\u00f8rgensen y sus colegas evaluaron una serie de par\u00e1metros diferentes de la estructura cardiaca y la funci\u00f3n sist\u00f3lica y diast\u00f3lica, evaluados mediante ecocardiograf\u00eda exhaustiva, incluida la ecocardiograf\u00eda de rastreo de puntos en 2D, que es sensible a los cambios sutiles de la funci\u00f3n cardiaca. El colesterol remanente calculado se defini\u00f3 como colesterol total &#8211; colesterol de lipoprote\u00ednas de alta densidad &#8211; LDL-C. Los autores demostraron que una duplicaci\u00f3n del colesterol remanente se asociaba a cambios significativos en la deformaci\u00f3n longitudinal global (en un 0,33%, p=0,02) y el desplazamiento longitudinal (?0,25 mm, p= 0,01). Es importante destacar que estas asociaciones tambi\u00e9n estaban presentes en sujetos con diabetes tipo 2 con niveles de LDL-C bien controlados con tratamiento de estatinas, lo que a\u00f1ade m\u00e1s apoyo al papel de los restos ricos en colesterol como contribuyentes al riesgo cardiovascular residual relacionado con los l\u00edpidos.    <\/span><\/p>\n<p><span>\u00bfCu\u00e1l es el mecanismo o mecanismos que subyacen al efecto del colesterol remanente sobre la funci\u00f3n ventricular? Puede que la acumulaci\u00f3n de estas lipoprote\u00ednas ricas en colesterol provoque disfunci\u00f3n mioc\u00e1rdica (lipotoxicidad cardiaca), como se ha propuesto recientemente. <\/span><sup>3<\/sup><span> En su apoyo, existen pruebas procedentes de estudios en animales de que unos niveles m\u00e1s elevados de colesterol influyen en la funci\u00f3n diast\u00f3lica y sist\u00f3lica.<\/span><sup>4,5<\/sup><span> Esto sugiere que los niveles elevados de colesterol remanente no s\u00f3lo est\u00e1n asociados a la aterosclerosis subcl\u00ednica, sino que tambi\u00e9n provocan cambios perjudiciales sutiles en la funci\u00f3n ventricular en la diabetes tipo 2, posiblemente a trav\u00e9s de efectos microvasculares.<\/span><sup>6<\/sup><span> Todas las posibilidades pueden estar implicadas en el desarrollo de la disfunci\u00f3n diab\u00e9tica que se observa t\u00edpicamente en estos individuos.<\/span><\/p>\n<p>[\/et_pb_text][\/et_pb_column][et_pb_column type=\u00bb1_2&#8243; _builder_version=\u00bb4.27.4&#8243; _module_preset=\u00bbdefault\u00bb global_colors_info=\u00bb{}\u00bb][et_pb_text _builder_version=\u00bb4.27.4&#8243; _module_preset=\u00bbdefault\u00bb text_text_color=\u00bbgcid-4907c8d4-9eff-49de-91ce-43a2d3a729cf\u00bb text_font_size=\u00bb14px\u00bb hover_enabled=\u00bb0&#8243; global_colors_info=\u00bb{%22gcid-primary-color%22:%91%22quote_text_color%22,%22quote_text_color%22,%22quote_text_color%22%93,%22gcid-4907c8d4-9eff-49de-91ce-43a2d3a729cf%22:%91%22text_text_color%22%93}\u00bb sticky_enabled=\u00bb0&#8243;]<\/p>\n<p><span>Dada la acumulaci\u00f3n de pruebas que apoyan que el colesterol remanente contribuye al riesgo cardiovascular residual,<\/span><sup>1,7<\/sup><span>  \u00bfcu\u00e1l es la mejor forma de dirigir este par\u00e1metro? En debates anteriores en el sitio web de R3i, se ha destacado el potencial del agonismo selectivo de los receptores activados por proliferadores de peroxisomas (SPPARM). En un reciente estudio de fase II, se demostr\u00f3 que el novedoso SPPARM? pemafibrato (K-877) reduce los triglic\u00e9ridos plasm\u00e1ticos hasta un 43% y el colesterol remanente hasta un 50%.<\/span><sup>8<\/sup><span>  Adem\u00e1s, como se comenta en el estudio Landmark de este mes, los an\u00e1lisis post hoc del estudio ANCHOR, en pacientes tratados con estatinas y con hipertrigliceridemia residual (?2,26 y &lt;5,65 mmol\/L), la adici\u00f3n de icosapent etil (\u00e9ster et\u00edlico del \u00e1cido eicosapentaenoico) redujo el colesterol remanente en aproximadamente un 30%.<\/span><sup>9<\/sup><span><\/span><\/p>\n<p><span>Si la reducci\u00f3n del colesterol remanente con estos tratamientos se traduce en una reducci\u00f3n del riesgo cardiovascular residual relacionado con los l\u00edpidos, est\u00e1 a la espera de los resultados de los estudios de resultados cardiovasculares en curso. As\u00ed pues, en un futuro no muy lejano, \u00bftendr\u00e1n los m\u00e9dicos dentro de su arsenal terap\u00e9utico posibilidades de abordar el riesgo cardiovascular residual? Tendremos que esperar y ver&#8230;  <\/span><\/p>\n<p>[\/et_pb_text][et_pb_text _builder_version=\u00bb4.27.4&#8243; _module_preset=\u00bbdefault\u00bb text_font_size=\u00bb8px\u00bb hover_enabled=\u00bb0&#8243; global_colors_info=\u00bb{}\u00bb sticky_enabled=\u00bb0&#8243;]<\/p>\n<p style=\"font-weight: 400;\"><strong>Referencias<\/strong><\/p>\n<ol>\n<li style=\"font-weight: 400;\"><span>Varbo A, Benn M, Nordestgaard BG. El colesterol remanente como causa de cardiopat\u00eda isqu\u00e9mica: pruebas, definici\u00f3n, medici\u00f3n, aterogenicidad, pacientes de alto riesgo y tratamiento actual y futuro. Pharmacol Ther 2014;141:358-67.  <\/span><br \/><span class=\"ref ref2\">2.<\/span><span>  J\u00f8rgensen PG, Jensen MT, S\u00f8rensen TB et al. Los restos de colesterol y los triglic\u00e9ridos se asocian a una disminuci\u00f3n de la funci\u00f3n mioc\u00e1rdica en pacientes con diabetes tipo 2. Cardiovasc Diabetol 2016;15:137.  <\/span><br \/><span class=\"ref ref3\">3.<\/span><span>  Schulze PC, Drosatos K, Goldberg IJ. Uso y abuso de l\u00edpidos por el coraz\u00f3n. Circ Res 2016;118:1736-51.  <\/span><br \/><span class=\"ref ref4\">4.<\/span><span>  Liu L, Mu Y, Han W, Wang C. Asociaci\u00f3n de la hipercolesterolemia y la funci\u00f3n cardiaca evaluada mediante ecocardiograf\u00eda de seguimiento de motas en un modelo de conejo. L\u00edpidos Salud Dis 2014;13:128. <\/span><br \/><span class=\"ref ref5\">5.<\/span><span>  Mochizuki Y, Tanaka H, Matsumoto K et al. Caracter\u00edsticas cl\u00ednicas de la disfunci\u00f3n sist\u00f3lica ventricular izquierda subcl\u00ednica en pacientes con diabetes mellitus. Cardiovasc Diabetol. 2015;14:37.   <\/span><br \/><span class=\"ref ref6\">6.<\/span><span>  Wei J, Nelson MD, Szczepaniak EW et al. La esteatosis mioc\u00e1rdica como posible v\u00ednculo mecanicista entre la disfunci\u00f3n diast\u00f3lica y la disfunci\u00f3n microvascular coronaria en las mujeres. Am J Physiol Heart Circ Physiol 2016;310:H14-9.  <\/span><br \/><span class=\"ref ref7\">7.<\/span><span>  Fruchart JC, Davignon J, Hermans MP et al. Riesgo macrovascular residual en 2013: \u00bfqu\u00e9 hemos aprendido? Cardiovasc Diabetol;13:26  <\/span><br \/><span class=\"ref ref8\">8.<\/span><span>  Ishibashi S, Yamashita S, Arai H et al. Efectos del K-877, un nuevo modulador selectivo de PPAR? (SPPARM?), en pacientes dislipid\u00e9micos: Un ensayo de fase 2 aleatorizado, doble ciego, activo y controlado con placebo. Atherosclerosis 2016;249:36-43.   <\/span><br \/><span class=\"ref ref9\">9.<\/span><span>  Ballantyne CM, Bays HE, Philip S et al. Icosapent etil (\u00e9ster et\u00edlico del \u00e1cido eicosapentaenoico): Efectos sobre el colesterol de part\u00edculas remanentes de la MARINA y la ANCHOR. Aterosclerosis 2016;253:81-7.  <\/span><\/li>\n<\/ol>\n<p>[\/et_pb_text][\/et_pb_column][\/et_pb_row][\/et_pb_section]<\/p>\n","protected":false},"excerpt":{"rendered":"<p>Editoriales R3iRestos relacionados con la disfunci\u00f3n mioc\u00e1rdica diab\u00e9tica Prof. Michel Hermans, Prof. Pierre Amarenco Los remanentes ricos en colesterol son los productos de la degradaci\u00f3n de las lipoprote\u00ednas de muy baja densidad (secretadas por el h\u00edgado) y los quilomicrones (secretados por el intestino). El nivel plasm\u00e1tico de colesterol remanente, una medida de las lipoprote\u00ednas remanentes, [&hellip;]<\/p>\n","protected":false},"author":258497324,"featured_media":0,"parent":252805,"menu_order":0,"comment_status":"closed","ping_status":"closed","template":"","meta":{"_et_pb_use_builder":"on","_et_pb_old_content":"","_et_gb_content_width":"","_crdt_document":"","jetpack_post_was_ever_published":false,"footnotes":""},"class_list":["post-252961","page","type-page","status-publish","hentry"],"yoast_head":"<!-- This site is optimized with the Yoast SEO plugin v27.3 - https:\/\/yoast.com\/product\/yoast-seo-wordpress\/ -->\n<title>Editorial 10\/16 - Remanentes relacionados con la disfunci\u00f3n mioc\u00e1rdica diab\u00e9tica - R3I<\/title>\n<meta name=\"robots\" content=\"index, follow, max-snippet:-1, max-image-preview:large, max-video-preview:-1\" \/>\n<link rel=\"canonical\" href=\"https:\/\/r3i.org\/es\/editoriales-r3i\/editorial-10-16-remanentes-relacionados-con-la-disfuncion-miocardica-diabetica\/\" \/>\n<meta property=\"og:locale\" content=\"es_ES\" \/>\n<meta property=\"og:type\" content=\"article\" \/>\n<meta property=\"og:title\" content=\"Editorial 10\/16 - Remanentes relacionados con la disfunci\u00f3n mioc\u00e1rdica diab\u00e9tica - R3I\" \/>\n<meta property=\"og:description\" content=\"Editoriales R3iRestos relacionados con la disfunci\u00f3n mioc\u00e1rdica diab\u00e9tica Prof. Michel Hermans, Prof. Pierre Amarenco Los remanentes ricos en colesterol son los productos de la degradaci\u00f3n de las lipoprote\u00ednas de muy baja densidad (secretadas por el h\u00edgado) y los quilomicrones (secretados por el intestino). El nivel plasm\u00e1tico de colesterol remanente, una medida de las lipoprote\u00ednas remanentes, [&hellip;]\" \/>\n<meta property=\"og:url\" content=\"https:\/\/r3i.org\/es\/editoriales-r3i\/editorial-10-16-remanentes-relacionados-con-la-disfuncion-miocardica-diabetica\/\" \/>\n<meta property=\"og:site_name\" content=\"R3I\" \/>\n<meta property=\"article:modified_time\" content=\"2025-02-05T21:46:49+00:00\" \/>\n<meta name=\"twitter:card\" content=\"summary_large_image\" \/>\n<meta name=\"twitter:label1\" content=\"Tiempo de lectura\" \/>\n\t<meta name=\"twitter:data1\" content=\"7 minutos\" \/>\n<script type=\"application\/ld+json\" class=\"yoast-schema-graph\">{\"@context\":\"https:\\\/\\\/schema.org\",\"@graph\":[{\"@type\":\"WebPage\",\"@id\":\"https:\\\/\\\/r3i.org\\\/es\\\/editoriales-r3i\\\/editorial-10-16-remanentes-relacionados-con-la-disfuncion-miocardica-diabetica\\\/\",\"url\":\"https:\\\/\\\/r3i.org\\\/es\\\/editoriales-r3i\\\/editorial-10-16-remanentes-relacionados-con-la-disfuncion-miocardica-diabetica\\\/\",\"name\":\"Editorial 10\\\/16 - Remanentes relacionados con la disfunci\u00f3n mioc\u00e1rdica diab\u00e9tica - R3I\",\"isPartOf\":{\"@id\":\"https:\\\/\\\/r3i.org\\\/es\\\/#website\"},\"datePublished\":\"2025-01-03T20:59:58+00:00\",\"dateModified\":\"2025-02-05T21:46:49+00:00\",\"breadcrumb\":{\"@id\":\"https:\\\/\\\/r3i.org\\\/es\\\/editoriales-r3i\\\/editorial-10-16-remanentes-relacionados-con-la-disfuncion-miocardica-diabetica\\\/#breadcrumb\"},\"inLanguage\":\"es\",\"potentialAction\":[{\"@type\":\"ReadAction\",\"target\":[\"https:\\\/\\\/r3i.org\\\/es\\\/editoriales-r3i\\\/editorial-10-16-remanentes-relacionados-con-la-disfuncion-miocardica-diabetica\\\/\"]}]},{\"@type\":\"BreadcrumbList\",\"@id\":\"https:\\\/\\\/r3i.org\\\/es\\\/editoriales-r3i\\\/editorial-10-16-remanentes-relacionados-con-la-disfuncion-miocardica-diabetica\\\/#breadcrumb\",\"itemListElement\":[{\"@type\":\"ListItem\",\"position\":1,\"name\":\"Home\",\"item\":\"https:\\\/\\\/r3i.org\\\/es\\\/\"},{\"@type\":\"ListItem\",\"position\":2,\"name\":\"Editoriales R3i\",\"item\":\"https:\\\/\\\/r3i.org\\\/es\\\/editoriales-r3i\\\/\"},{\"@type\":\"ListItem\",\"position\":3,\"name\":\"Editorial 10\\\/16 &#8211; Remanentes relacionados con la disfunci\u00f3n mioc\u00e1rdica diab\u00e9tica\"}]},{\"@type\":\"WebSite\",\"@id\":\"https:\\\/\\\/r3i.org\\\/es\\\/#website\",\"url\":\"https:\\\/\\\/r3i.org\\\/es\\\/\",\"name\":\"R3I\",\"description\":\"Residual Risk Reduction Initiative\",\"publisher\":{\"@id\":\"https:\\\/\\\/r3i.org\\\/es\\\/#organization\"},\"potentialAction\":[{\"@type\":\"SearchAction\",\"target\":{\"@type\":\"EntryPoint\",\"urlTemplate\":\"https:\\\/\\\/r3i.org\\\/es\\\/?s={search_term_string}\"},\"query-input\":{\"@type\":\"PropertyValueSpecification\",\"valueRequired\":true,\"valueName\":\"search_term_string\"}}],\"inLanguage\":\"es\"},{\"@type\":\"Organization\",\"@id\":\"https:\\\/\\\/r3i.org\\\/es\\\/#organization\",\"name\":\"R3I\",\"url\":\"https:\\\/\\\/r3i.org\\\/es\\\/\",\"logo\":{\"@type\":\"ImageObject\",\"inLanguage\":\"es\",\"@id\":\"https:\\\/\\\/r3i.org\\\/es\\\/#\\\/schema\\\/logo\\\/image\\\/\",\"url\":\"https:\\\/\\\/i0.wp.com\\\/r3i.org\\\/wp-content\\\/uploads\\\/2024\\\/11\\\/r3i-logo-transp-1.png?fit=1601%2C834&ssl=1\",\"contentUrl\":\"https:\\\/\\\/i0.wp.com\\\/r3i.org\\\/wp-content\\\/uploads\\\/2024\\\/11\\\/r3i-logo-transp-1.png?fit=1601%2C834&ssl=1\",\"width\":1601,\"height\":834,\"caption\":\"R3I\"},\"image\":{\"@id\":\"https:\\\/\\\/r3i.org\\\/es\\\/#\\\/schema\\\/logo\\\/image\\\/\"}}]}<\/script>\n<!-- \/ Yoast SEO plugin. -->","yoast_head_json":{"title":"Editorial 10\/16 - Remanentes relacionados con la disfunci\u00f3n mioc\u00e1rdica diab\u00e9tica - R3I","robots":{"index":"index","follow":"follow","max-snippet":"max-snippet:-1","max-image-preview":"max-image-preview:large","max-video-preview":"max-video-preview:-1"},"canonical":"https:\/\/r3i.org\/es\/editoriales-r3i\/editorial-10-16-remanentes-relacionados-con-la-disfuncion-miocardica-diabetica\/","og_locale":"es_ES","og_type":"article","og_title":"Editorial 10\/16 - Remanentes relacionados con la disfunci\u00f3n mioc\u00e1rdica diab\u00e9tica - R3I","og_description":"Editoriales R3iRestos relacionados con la disfunci\u00f3n mioc\u00e1rdica diab\u00e9tica Prof. Michel Hermans, Prof. Pierre Amarenco Los remanentes ricos en colesterol son los productos de la degradaci\u00f3n de las lipoprote\u00ednas de muy baja densidad (secretadas por el h\u00edgado) y los quilomicrones (secretados por el intestino). El nivel plasm\u00e1tico de colesterol remanente, una medida de las lipoprote\u00ednas remanentes, [&hellip;]","og_url":"https:\/\/r3i.org\/es\/editoriales-r3i\/editorial-10-16-remanentes-relacionados-con-la-disfuncion-miocardica-diabetica\/","og_site_name":"R3I","article_modified_time":"2025-02-05T21:46:49+00:00","twitter_card":"summary_large_image","twitter_misc":{"Tiempo de lectura":"7 minutos"},"schema":{"@context":"https:\/\/schema.org","@graph":[{"@type":"WebPage","@id":"https:\/\/r3i.org\/es\/editoriales-r3i\/editorial-10-16-remanentes-relacionados-con-la-disfuncion-miocardica-diabetica\/","url":"https:\/\/r3i.org\/es\/editoriales-r3i\/editorial-10-16-remanentes-relacionados-con-la-disfuncion-miocardica-diabetica\/","name":"Editorial 10\/16 - Remanentes relacionados con la disfunci\u00f3n mioc\u00e1rdica diab\u00e9tica - R3I","isPartOf":{"@id":"https:\/\/r3i.org\/es\/#website"},"datePublished":"2025-01-03T20:59:58+00:00","dateModified":"2025-02-05T21:46:49+00:00","breadcrumb":{"@id":"https:\/\/r3i.org\/es\/editoriales-r3i\/editorial-10-16-remanentes-relacionados-con-la-disfuncion-miocardica-diabetica\/#breadcrumb"},"inLanguage":"es","potentialAction":[{"@type":"ReadAction","target":["https:\/\/r3i.org\/es\/editoriales-r3i\/editorial-10-16-remanentes-relacionados-con-la-disfuncion-miocardica-diabetica\/"]}]},{"@type":"BreadcrumbList","@id":"https:\/\/r3i.org\/es\/editoriales-r3i\/editorial-10-16-remanentes-relacionados-con-la-disfuncion-miocardica-diabetica\/#breadcrumb","itemListElement":[{"@type":"ListItem","position":1,"name":"Home","item":"https:\/\/r3i.org\/es\/"},{"@type":"ListItem","position":2,"name":"Editoriales R3i","item":"https:\/\/r3i.org\/es\/editoriales-r3i\/"},{"@type":"ListItem","position":3,"name":"Editorial 10\/16 &#8211; Remanentes relacionados con la disfunci\u00f3n mioc\u00e1rdica diab\u00e9tica"}]},{"@type":"WebSite","@id":"https:\/\/r3i.org\/es\/#website","url":"https:\/\/r3i.org\/es\/","name":"R3I","description":"Residual Risk Reduction Initiative","publisher":{"@id":"https:\/\/r3i.org\/es\/#organization"},"potentialAction":[{"@type":"SearchAction","target":{"@type":"EntryPoint","urlTemplate":"https:\/\/r3i.org\/es\/?s={search_term_string}"},"query-input":{"@type":"PropertyValueSpecification","valueRequired":true,"valueName":"search_term_string"}}],"inLanguage":"es"},{"@type":"Organization","@id":"https:\/\/r3i.org\/es\/#organization","name":"R3I","url":"https:\/\/r3i.org\/es\/","logo":{"@type":"ImageObject","inLanguage":"es","@id":"https:\/\/r3i.org\/es\/#\/schema\/logo\/image\/","url":"https:\/\/i0.wp.com\/r3i.org\/wp-content\/uploads\/2024\/11\/r3i-logo-transp-1.png?fit=1601%2C834&ssl=1","contentUrl":"https:\/\/i0.wp.com\/r3i.org\/wp-content\/uploads\/2024\/11\/r3i-logo-transp-1.png?fit=1601%2C834&ssl=1","width":1601,"height":834,"caption":"R3I"},"image":{"@id":"https:\/\/r3i.org\/es\/#\/schema\/logo\/image\/"}}]}},"jetpack_likes_enabled":true,"jetpack_sharing_enabled":true,"jetpack_shortlink":"https:\/\/wp.me\/Pgbfv2-13O1","jetpack-related-posts":[],"_links":{"self":[{"href":"https:\/\/r3i.org\/es\/wp-json\/wp\/v2\/pages\/252961","targetHints":{"allow":["GET"]}}],"collection":[{"href":"https:\/\/r3i.org\/es\/wp-json\/wp\/v2\/pages"}],"about":[{"href":"https:\/\/r3i.org\/es\/wp-json\/wp\/v2\/types\/page"}],"author":[{"embeddable":true,"href":"https:\/\/r3i.org\/es\/wp-json\/wp\/v2\/users\/258497324"}],"replies":[{"embeddable":true,"href":"https:\/\/r3i.org\/es\/wp-json\/wp\/v2\/comments?post=252961"}],"version-history":[{"count":2,"href":"https:\/\/r3i.org\/es\/wp-json\/wp\/v2\/pages\/252961\/revisions"}],"predecessor-version":[{"id":252963,"href":"https:\/\/r3i.org\/es\/wp-json\/wp\/v2\/pages\/252961\/revisions\/252963"}],"up":[{"embeddable":true,"href":"https:\/\/r3i.org\/es\/wp-json\/wp\/v2\/pages\/252805"}],"wp:attachment":[{"href":"https:\/\/r3i.org\/es\/wp-json\/wp\/v2\/media?parent=252961"}],"curies":[{"name":"wp","href":"https:\/\/api.w.org\/{rel}","templated":true}]}}