{"id":252958,"date":"2025-01-04T17:03:56","date_gmt":"2025-01-04T16:03:56","guid":{"rendered":"https:\/\/r3i.org\/editoriales-r3i\/editorial-10-15-abordar-el-riesgo-vascular-residual-mas-alla-de-la-farmacoterapia\/"},"modified":"2025-02-05T22:46:04","modified_gmt":"2025-02-05T21:46:04","slug":"editorial-10-15-abordar-el-riesgo-vascular-residual-mas-alla-de-la-farmacoterapia","status":"publish","type":"page","link":"https:\/\/r3i.org\/es\/editoriales-r3i\/editorial-10-15-abordar-el-riesgo-vascular-residual-mas-alla-de-la-farmacoterapia\/","title":{"rendered":"Editorial 10\/15 &#8211; Abordar el riesgo vascular residual: m\u00e1s all\u00e1 de la farmacoterapia"},"content":{"rendered":"<p>[et_pb_section fb_built=\u00bb1&#8243; admin_label=\u00bbHeader\u00bb _builder_version=\u00bb4.27.4&#8243; _module_preset=\u00bb35f37621-1062-4ae6-955d-76a3167a2aa8&#8243; background_image=\u00bbhttps:\/\/r3i.org\/wp-content\/uploads\/2024\/12\/pexels-pixabay-267582.jpg\u00bb parallax=\u00bbon\u00bb min_height=\u00bb157.9px\u00bb min_height_tablet=\u00bb100px\u00bb min_height_phone=\u00bb100px\u00bb min_height_last_edited=\u00bbon|phone\u00bb height=\u00bb116px\u00bb height_tablet=\u00bb153px\u00bb height_phone=\u00bb130px\u00bb height_last_edited=\u00bbon|phone\u00bb custom_margin_tablet=\u00bb\u00bb custom_margin_phone=\u00bb-17px||||false|false\u00bb custom_margin_last_edited=\u00bbon|phone\u00bb custom_padding=\u00bb0vw||0vw||true|false\u00bb collapsed=\u00bbon\u00bb global_colors_info=\u00bb{%22gcid-primary-color%22:%91%22quote_text_color%22,%22background_color_gradient_stops%22%93}\u00bb][et_pb_row _builder_version=\u00bb4.27.4&#8243; _module_preset=\u00bbdefault\u00bb global_colors_info=\u00bb{}\u00bb][et_pb_column type=\u00bb4_4&#8243; _builder_version=\u00bb4.27.0&#8243; _module_preset=\u00bbdefault\u00bb global_colors_info=\u00bb{}\u00bb][et_pb_text _builder_version=\u00bb4.27.4&#8243; _module_preset=\u00bbdefault\u00bb text_text_color=\u00bb#FFFFFF\u00bb header_2_text_color=\u00bb#FFFFFF\u00bb custom_padding=\u00bb1px|||||\u00bb global_colors_info=\u00bb{}\u00bb]<\/p>\n<h2>Editoriales R3i<\/h2>\n<p>[\/et_pb_text][\/et_pb_column][\/et_pb_row][\/et_pb_section][et_pb_section fb_built=\u00bb1&#8243; _builder_version=\u00bb4.27.3&#8243; _module_preset=\u00bbdefault\u00bb custom_margin=\u00bb-49px|||||\u00bb custom_padding=\u00bb2px||40px|||\u00bb global_colors_info=\u00bb{}\u00bb][et_pb_row column_structure=\u00bb1_2,1_2&#8243; _builder_version=\u00bb4.27.4&#8243; _module_preset=\u00bbdefault\u00bb border_radii=\u00bboff|13px|13px|13px|13px\u00bb border_width_all=\u00bb4px\u00bb border_color_all=\u00bbgcid-b673dc17-1b2a-464e-affa-1bf1ab41c0fd\u00bb border_width_all_tablet=\u00bb4px\u00bb border_width_all_phone=\u00bb0px\u00bb border_width_all_last_edited=\u00bbon|phone\u00bb border_color_all_tablet=\u00bbgcid-b673dc17-1b2a-464e-affa-1bf1ab41c0fd\u00bb border_color_all_phone=\u00bbgcid-b673dc17-1b2a-464e-affa-1bf1ab41c0fd\u00bb border_color_all_last_edited=\u00bbon|phone\u00bb box_shadow_style=\u00bbpreset2&#8243; global_colors_info=\u00bb{%22gcid-b673dc17-1b2a-464e-affa-1bf1ab41c0fd%22:%91%22border_color_all%22%93}\u00bb][et_pb_column type=\u00bb1_2&#8243; _builder_version=\u00bb4.27.4&#8243; _module_preset=\u00bbdefault\u00bb global_colors_info=\u00bb{}\u00bb][et_pb_text _builder_version=\u00bb4.27.4&#8243; _module_preset=\u00bbdefault\u00bb text_font_size=\u00bb14px\u00bb header_5_text_color=\u00bbgcid-4907c8d4-9eff-49de-91ce-43a2d3a729cf\u00bb header_6_text_color=\u00bbgcid-secondary-color\u00bb hover_enabled=\u00bb0&#8243; global_colors_info=\u00bb{%22gcid-primary-color%22:%91%22quote_text_color%22,%22quote_text_color%22,%22quote_text_color%22%93,%22gcid-4907c8d4-9eff-49de-91ce-43a2d3a729cf%22:%91%22header_5_text_color%22%93,%22gcid-secondary-color%22:%91%22header_6_text_color%22%93}\u00bb sticky_enabled=\u00bb0&#8243;]<\/p>\n<h5 style=\"text-align: center;\">Abordar el riesgo vascular residual: m\u00e1s all\u00e1 de la farmacoterapia<span><\/span><\/h5>\n<h6 style=\"text-align: center;\"><span lang=\"EN-GB\">Prof. Michel Hermans, Prof. Pierre Amarenco<\/span><\/h6>\n<p><span>Reducir el riesgo vascular residual en los pacientes tratados con estatinas que han alcanzado los objetivos lip\u00eddicos basados en la evidencia sigue siendo una misi\u00f3n permanente de la Iniciativa de Riesgo Residual (R3i). Se ha prestado mucha atenci\u00f3n a la reducci\u00f3n del riesgo macrovascular residual con la adici\u00f3n de nuevos agentes modificadores de los l\u00edpidos a las estatinas. M\u00e1s all\u00e1 de un papel para la reducci\u00f3n adicional del colesterol de lipoprote\u00ednas de baja densidad (LDL-C) con ezetimiba en IMPROVE-IT    <\/span><sup>1<\/sup><span>y los alentadores resultados preliminares de los an\u00e1lisis exploratorios de los ensayos con la terapia de anticuerpos monoclonales PCSK9 <\/span><sup>2,3<\/sup><span>Sin embargo, los resultados de otros ensayos han sido algo decepcionantes.<\/span><\/p>\n<p><span>El microbioma intestinal: \u00bfcontribuye al riesgo vascular residual?<\/span><br \/><span>El art\u00edculo de Enfoque de este mes sugiere un enfoque novedoso de esta cuesti\u00f3n: centrarse en el microbioma intestinal. Las pruebas emergentes implican al microbioma intestinal en el desarrollo de enfermedades cardiovasculares, con estudios mecanicistas que demuestran que la interacci\u00f3n hu\u00e9sped-microbio desempe\u00f1a un papel en la regulaci\u00f3n de las v\u00edas inmunitarias y metab\u00f3licas.   <\/span><sup>4<\/sup><span>. Se ha sugerido que el desequilibrio de la microbiota intestinal puede influir en los procesos celulares que afectan directamente a la susceptibilidad del organismo a la aterog\u00e9nesis. Por ejemplo, el aumento de los niveles de ciertos productos bacterianos puede inducir una inflamaci\u00f3n cr\u00f3nica de bajo grado, predisponiendo a la aterog\u00e9nesis, as\u00ed como influir en la sensibilidad a la insulina y en las v\u00edas lip\u00eddicas    <\/span><sup>5,6<\/sup><span>. Por lo tanto, el microbioma intestinal puede ser un nuevo factor que contribuye a los niveles de l\u00edpidos y lipoprote\u00ednas, una propuesta confirmada por este estudio. <\/span><\/p>\n<p><span>Fu y colegas <\/span><sup>7<\/sup><span>  realizaron un an\u00e1lisis sistem\u00e1tico del genoma del hu\u00e9sped, el microbioma intestinal, el \u00edndice de masa corporal (IMC) y los l\u00edpidos sangu\u00edneos en 893 sujetos de la cohorte holandesa de poblaci\u00f3n general LifeLines-DEEP. Utilizando un modelo de dos partes para el an\u00e1lisis de asociaci\u00f3n a fin de tener en cuenta las complicadas caracter\u00edsticas de los datos microbianos, demostraron que la composici\u00f3n de la microbiota intestinal puede explicar hasta el 6% de la variaci\u00f3n de los triglic\u00e9ridos y el 4% de las lipoprote\u00ednas de alta densidad (HDL), independientemente de la edad, el sexo y la gen\u00e9tica del hu\u00e9sped. Adem\u00e1s, este resultado no se deb\u00eda a confusi\u00f3n, ya que incluso cuando se inclu\u00eda el IMC en el modelo de riesgo, el microbioma intestinal segu\u00eda contribuyendo significativamente a los niveles plasm\u00e1ticos de triglic\u00e9ridos y HDL.  <\/span><\/p>\n<p><span>Estos hallazgos plantean una pregunta: \u00bfpodr\u00eda el tratamiento del microbioma intestinal ofrecer un enfoque novedoso para abordar el riesgo vascular residual, m\u00e1s all\u00e1 de los efectos de la farmacoterapia? Un enfoque podr\u00eda ser la intervenci\u00f3n diet\u00e9tica, de la que se sabe que influye en el microbioma intestinal. Tambi\u00e9n merece la pena investigar si el uso de terapia antimicrobiana o probi\u00f3ticos puede ofrecer potencial. Tambi\u00e9n se necesitan estudios mecan\u00edsticos sobre el microbioma intestinal en humanos.   <\/span><\/p>\n<p>[\/et_pb_text][\/et_pb_column][et_pb_column type=\u00bb1_2&#8243; _builder_version=\u00bb4.27.4&#8243; _module_preset=\u00bbdefault\u00bb global_colors_info=\u00bb{}\u00bb][et_pb_text _builder_version=\u00bb4.27.4&#8243; _module_preset=\u00bbdefault\u00bb text_text_color=\u00bbgcid-4907c8d4-9eff-49de-91ce-43a2d3a729cf\u00bb text_font_size=\u00bb14px\u00bb hover_enabled=\u00bb0&#8243; global_colors_info=\u00bb{%22gcid-primary-color%22:%91%22quote_text_color%22,%22quote_text_color%22,%22quote_text_color%22%93,%22gcid-4907c8d4-9eff-49de-91ce-43a2d3a729cf%22:%91%22text_text_color%22%93}\u00bb sticky_enabled=\u00bb0&#8243;]<\/p>\n<p><span>No olvides la dieta y el estilo de vida<\/span><br \/><span>El estilo de vida, sobre todo la intervenci\u00f3n diet\u00e9tica, tambi\u00e9n puede ser un factor para contrarrestar el riesgo microvascular residual, seg\u00fan los resultados de dos estudios comentados este mes. El Estudio de Resultados del Programa de Prevenci\u00f3n de la Diabetes (DPP), que incluye un seguimiento de 15 a\u00f1os de 2.776 sujetos con alto riesgo de desarrollar diabetes, demostr\u00f3 la importancia de prevenir la diabetes, y que el estilo de vida desempe\u00f1a un papel clave.   <\/span><sup>8<\/sup><span>. Es importante destacar que la prevalencia de complicaciones microvasculares fue un 28% menor en los individuos que no desarrollaron diabetes que en los que s\u00ed la desarrollaron. Dado que el tratamiento de las complicaciones microvasculares conlleva un coste sustancial, que aumenta a medida que avanza la gravedad de la enfermedad, estos resultados subrayan claramente la importancia de la intervenci\u00f3n en el estilo de vida como componente clave para prevenir la enfermedad cardiometab\u00f3lica y las complicaciones vasculares asociadas.  <\/span><\/p>\n<p><span>Adem\u00e1s, el estudio PREDIMED ha revelado que la dieta mediterr\u00e1nea no s\u00f3lo tiene un efecto beneficioso en la reducci\u00f3n de los acontecimientos macrovasculares en pacientes de alto riesgo, sino que, cuando se complementa con aceite de oliva virgen extra, puede ser beneficiosa para reducir la retinopat\u00eda incidente en ancianos con diabetes de tipo 2. <\/span><sup>9,10<\/sup><span>. Durante una mediana de 6 a\u00f1os de seguimiento, una dieta mediterr\u00e1nea m\u00e1s aceite de oliva virgen extra redujo el riesgo de retinopat\u00eda diab\u00e9tica en un 43% en esta cohorte PREDIMED, en comparaci\u00f3n con una dieta de control baja en grasas. Adem\u00e1s, tambi\u00e9n se produjo una reducci\u00f3n del 38% del riesgo de retinopat\u00eda diab\u00e9tica con una dieta mediterr\u00e1nea suplementada con frutos secos mixtos, aunque este efecto no fue estad\u00edsticamente significativo. Sin embargo, ninguna de las dos intervenciones tuvo efecto alguno sobre la nefropat\u00eda diab\u00e9tica. Aunque existen las t\u00edpicas limitaciones inherentes a un an\u00e1lisis post hoc, las conclusiones de este estudio abogan por considerar el perfil diet\u00e9tico como una intervenci\u00f3n adicional para reducir el riesgo microvascular residual en los pacientes diab\u00e9ticos.    <\/span><\/p>\n<p><span>En conclusi\u00f3n, los art\u00edculos destacados de este mes abogan por considerar intervenciones m\u00e1s all\u00e1 de la farmacoterapia para reducir el riesgo vascular residual. El microbioma intestinal es un objetivo potencial, dadas las pruebas de que contribuye a la variaci\u00f3n de los niveles plasm\u00e1ticos de triglic\u00e9ridos y colesterol HDL, independientemente del \u00edndice de masa corporal. Adem\u00e1s, el estilo de vida, sobre todo la dieta mediterr\u00e1nea, tiene un valor potencial para reducir los resultados microvasculares relacionados con la diabetes, en particular la retinopat\u00eda diab\u00e9tica. En conjunto, estos hallazgos tienen importantes implicaciones para la salud p\u00fablica a la hora de abordar el reto actual del riesgo cardiovascular y microvascular residual.   <\/span><\/p>\n<p>[\/et_pb_text][et_pb_text _builder_version=\u00bb4.27.4&#8243; _module_preset=\u00bbdefault\u00bb text_font_size=\u00bb8px\u00bb hover_enabled=\u00bb0&#8243; global_colors_info=\u00bb{}\u00bb sticky_enabled=\u00bb0&#8243;]<\/p>\n<p style=\"font-weight: 400;\"><strong>Referencias<\/strong><\/p>\n<ol>\n<li style=\"font-weight: 400;\"><span>Cannon CP, Blazing MA, Giugliano RP et al. Ezetimiba a\u00f1adida al tratamiento con estatinas tras s\u00edndromes coronarios agudos. N Engl J Med 2015;372:2387-97.  <\/span><br \/><span class=\"ref ref2\">2.<\/span><span>  Sabatine MS, Giugliano RP, Wiviott SD et al. Eficacia y seguridad del evolocumab en la reducci\u00f3n de l\u00edpidos y eventos cardiovasculares. N Engl J Med 2015;372:1500-9.  <\/span><br \/><span class=\"ref ref3\">3.<\/span><span>  Robinson JG, Farnier M, Krempf M et al. Eficacia y seguridad del alirocumab en la reducci\u00f3n de l\u00edpidos y eventos cardiovasculares. N Engl J Med 2015;372:1489-99.  <\/span><br \/><span class=\"ref ref4\">4.<\/span><span> Tremaroli V, B\u00e4ckhed F. Interacciones funcionales entre la microbiota intestinal y el metabolismo del hu\u00e9sped.<\/span><br \/><span>Nature. 2012;489:242-9.. <\/span><br \/><span class=\"ref ref5\">5.<\/span><span>  Karlsson FH, Tremaroli V, Nookaew I et al. Metagenoma intestinal en mujeres europeas con control de la glucosa normal, alterado y diab\u00e9ticas. Nature 2013;498:99-103.  <\/span><br \/><span class=\"ref ref6\">6.<\/span><span>  Kau AL, Ahern PP, Griffin NW et al. Nutrici\u00f3n humana, microbioma intestinal y sistema inmunitario: vislumbrando el futuro. Nature. 2012;474:327-36.   <\/span><br \/><span class=\"ref ref7\">7.<\/span><span>  Fu J, Bonder MJ, Cenit MC et al. El microbioma intestinal contribuye a una proporci\u00f3n sustancial de la variaci\u00f3n de los l\u00edpidos sangu\u00edneos. Circ Res 2015; DOI: 10.1161\/CIRCRESAHA.115.306807.  <\/span><br \/><span class=\"ref ref8\">8.<\/span><span>  Grupo de Investigaci\u00f3n del Programa de Prevenci\u00f3n de la Diabetes. Efectos a largo plazo de la intervenci\u00f3n sobre el estilo de vida o la metformina en el desarrollo de la diabetes y las complicaciones microvasculares durante 15 a\u00f1os de seguimiento: Estudio de Resultados del Programa de Prevenci\u00f3n de la Diabetes. Lancet Diabetes Endocrinol 2015; Publicado en l\u00ednea el 14 de septiembre de 2015.  <\/span><br \/><span class=\"ref ref9\">9.<\/span><span>  Estruch R, Ros E, Salas-Salvado J et al. Investigadores del Estudio PREDIMED. Prevenci\u00f3n primaria de la enfermedad cardiovascular con dieta mediterr\u00e1nea. N Engl J Med 2013;368:1279-90.   <\/span><br \/><span class=\"ref ref10\">10.<\/span><span> D\u00edaz-L\u00f3pez A, Babio N, Mart\u00ednez-Gonz\u00e1lez MA et al. Dieta mediterr\u00e1nea, retinopat\u00eda, nefropat\u00eda y complicaciones microvasculares de la diabetes: Un an\u00e1lisis post hoc de un ensayo aleatorizado. Diabetes Care 2015; Epub ahead of print.<\/span><\/li>\n<\/ol>\n<p>[\/et_pb_text][\/et_pb_column][\/et_pb_row][\/et_pb_section]<\/p>\n","protected":false},"excerpt":{"rendered":"<p>Editoriales R3iAbordar el riesgo vascular residual: m\u00e1s all\u00e1 de la farmacoterapia Prof. Michel Hermans, Prof. Pierre Amarenco Reducir el riesgo vascular residual en los pacientes tratados con estatinas que han alcanzado los objetivos lip\u00eddicos basados en la evidencia sigue siendo una misi\u00f3n permanente de la Iniciativa de Riesgo Residual (R3i). Se ha prestado mucha atenci\u00f3n [&hellip;]<\/p>\n","protected":false},"author":258497324,"featured_media":0,"parent":252805,"menu_order":0,"comment_status":"closed","ping_status":"closed","template":"","meta":{"_et_pb_use_builder":"on","_et_pb_old_content":"","_et_gb_content_width":"","_crdt_document":"","footnotes":""},"class_list":["post-252958","page","type-page","status-publish","hentry"],"yoast_head":"<!-- This site is optimized with the Yoast SEO plugin v27.6 - https:\/\/yoast.com\/product\/yoast-seo-wordpress\/ -->\n<title>Editorial 10\/15 - Abordar el riesgo vascular residual: m\u00e1s all\u00e1 de la farmacoterapia - R3I<\/title>\n<meta name=\"robots\" content=\"index, follow, max-snippet:-1, max-image-preview:large, max-video-preview:-1\" \/>\n<link rel=\"canonical\" href=\"https:\/\/r3i.org\/es\/editoriales-r3i\/editorial-10-15-abordar-el-riesgo-vascular-residual-mas-alla-de-la-farmacoterapia\/\" \/>\n<meta property=\"og:locale\" content=\"es_ES\" \/>\n<meta property=\"og:type\" content=\"article\" \/>\n<meta property=\"og:title\" content=\"Editorial 10\/15 - Abordar el riesgo vascular residual: m\u00e1s all\u00e1 de la farmacoterapia - R3I\" \/>\n<meta property=\"og:description\" content=\"Editoriales R3iAbordar el riesgo vascular residual: m\u00e1s all\u00e1 de la farmacoterapia Prof. Michel Hermans, Prof. Pierre Amarenco Reducir el riesgo vascular residual en los pacientes tratados con estatinas que han alcanzado los objetivos lip\u00eddicos basados en la evidencia sigue siendo una misi\u00f3n permanente de la Iniciativa de Riesgo Residual (R3i). Se ha prestado mucha atenci\u00f3n [&hellip;]\" \/>\n<meta property=\"og:url\" content=\"https:\/\/r3i.org\/es\/editoriales-r3i\/editorial-10-15-abordar-el-riesgo-vascular-residual-mas-alla-de-la-farmacoterapia\/\" \/>\n<meta property=\"og:site_name\" content=\"R3I\" \/>\n<meta property=\"article:modified_time\" content=\"2025-02-05T21:46:04+00:00\" \/>\n<meta name=\"twitter:card\" content=\"summary_large_image\" \/>\n<meta name=\"twitter:label1\" content=\"Tiempo de lectura\" \/>\n\t<meta name=\"twitter:data1\" content=\"9 minutos\" \/>\n<script type=\"application\/ld+json\" class=\"yoast-schema-graph\">{\"@context\":\"https:\\\/\\\/schema.org\",\"@graph\":[{\"@type\":\"WebPage\",\"@id\":\"https:\\\/\\\/r3i.org\\\/es\\\/editoriales-r3i\\\/editorial-10-15-abordar-el-riesgo-vascular-residual-mas-alla-de-la-farmacoterapia\\\/\",\"url\":\"https:\\\/\\\/r3i.org\\\/es\\\/editoriales-r3i\\\/editorial-10-15-abordar-el-riesgo-vascular-residual-mas-alla-de-la-farmacoterapia\\\/\",\"name\":\"Editorial 10\\\/15 - Abordar el riesgo vascular residual: m\u00e1s all\u00e1 de la farmacoterapia - R3I\",\"isPartOf\":{\"@id\":\"https:\\\/\\\/r3i.org\\\/es\\\/#website\"},\"datePublished\":\"2025-01-04T16:03:56+00:00\",\"dateModified\":\"2025-02-05T21:46:04+00:00\",\"breadcrumb\":{\"@id\":\"https:\\\/\\\/r3i.org\\\/es\\\/editoriales-r3i\\\/editorial-10-15-abordar-el-riesgo-vascular-residual-mas-alla-de-la-farmacoterapia\\\/#breadcrumb\"},\"inLanguage\":\"es\",\"potentialAction\":[{\"@type\":\"ReadAction\",\"target\":[\"https:\\\/\\\/r3i.org\\\/es\\\/editoriales-r3i\\\/editorial-10-15-abordar-el-riesgo-vascular-residual-mas-alla-de-la-farmacoterapia\\\/\"]}]},{\"@type\":\"BreadcrumbList\",\"@id\":\"https:\\\/\\\/r3i.org\\\/es\\\/editoriales-r3i\\\/editorial-10-15-abordar-el-riesgo-vascular-residual-mas-alla-de-la-farmacoterapia\\\/#breadcrumb\",\"itemListElement\":[{\"@type\":\"ListItem\",\"position\":1,\"name\":\"Home\",\"item\":\"https:\\\/\\\/r3i.org\\\/es\\\/\"},{\"@type\":\"ListItem\",\"position\":2,\"name\":\"Editoriales R3i\",\"item\":\"https:\\\/\\\/r3i.org\\\/es\\\/editoriales-r3i\\\/\"},{\"@type\":\"ListItem\",\"position\":3,\"name\":\"Editorial 10\\\/15 &#8211; Abordar el riesgo vascular residual: m\u00e1s all\u00e1 de la farmacoterapia\"}]},{\"@type\":\"WebSite\",\"@id\":\"https:\\\/\\\/r3i.org\\\/es\\\/#website\",\"url\":\"https:\\\/\\\/r3i.org\\\/es\\\/\",\"name\":\"R3I\",\"description\":\"Residual Risk Reduction Initiative\",\"publisher\":{\"@id\":\"https:\\\/\\\/r3i.org\\\/es\\\/#organization\"},\"potentialAction\":[{\"@type\":\"SearchAction\",\"target\":{\"@type\":\"EntryPoint\",\"urlTemplate\":\"https:\\\/\\\/r3i.org\\\/es\\\/?s={search_term_string}\"},\"query-input\":{\"@type\":\"PropertyValueSpecification\",\"valueRequired\":true,\"valueName\":\"search_term_string\"}}],\"inLanguage\":\"es\"},{\"@type\":\"Organization\",\"@id\":\"https:\\\/\\\/r3i.org\\\/es\\\/#organization\",\"name\":\"R3I\",\"url\":\"https:\\\/\\\/r3i.org\\\/es\\\/\",\"logo\":{\"@type\":\"ImageObject\",\"inLanguage\":\"es\",\"@id\":\"https:\\\/\\\/r3i.org\\\/es\\\/#\\\/schema\\\/logo\\\/image\\\/\",\"url\":\"https:\\\/\\\/i0.wp.com\\\/r3i.org\\\/wp-content\\\/uploads\\\/2024\\\/11\\\/r3i-logo-transp-1.png?fit=1601%2C834&ssl=1\",\"contentUrl\":\"https:\\\/\\\/i0.wp.com\\\/r3i.org\\\/wp-content\\\/uploads\\\/2024\\\/11\\\/r3i-logo-transp-1.png?fit=1601%2C834&ssl=1\",\"width\":1601,\"height\":834,\"caption\":\"R3I\"},\"image\":{\"@id\":\"https:\\\/\\\/r3i.org\\\/es\\\/#\\\/schema\\\/logo\\\/image\\\/\"}}]}<\/script>\n<!-- \/ Yoast SEO plugin. -->","yoast_head_json":{"title":"Editorial 10\/15 - Abordar el riesgo vascular residual: m\u00e1s all\u00e1 de la farmacoterapia - R3I","robots":{"index":"index","follow":"follow","max-snippet":"max-snippet:-1","max-image-preview":"max-image-preview:large","max-video-preview":"max-video-preview:-1"},"canonical":"https:\/\/r3i.org\/es\/editoriales-r3i\/editorial-10-15-abordar-el-riesgo-vascular-residual-mas-alla-de-la-farmacoterapia\/","og_locale":"es_ES","og_type":"article","og_title":"Editorial 10\/15 - Abordar el riesgo vascular residual: m\u00e1s all\u00e1 de la farmacoterapia - R3I","og_description":"Editoriales R3iAbordar el riesgo vascular residual: m\u00e1s all\u00e1 de la farmacoterapia Prof. Michel Hermans, Prof. Pierre Amarenco Reducir el riesgo vascular residual en los pacientes tratados con estatinas que han alcanzado los objetivos lip\u00eddicos basados en la evidencia sigue siendo una misi\u00f3n permanente de la Iniciativa de Riesgo Residual (R3i). Se ha prestado mucha atenci\u00f3n [&hellip;]","og_url":"https:\/\/r3i.org\/es\/editoriales-r3i\/editorial-10-15-abordar-el-riesgo-vascular-residual-mas-alla-de-la-farmacoterapia\/","og_site_name":"R3I","article_modified_time":"2025-02-05T21:46:04+00:00","twitter_card":"summary_large_image","twitter_misc":{"Tiempo de lectura":"9 minutos"},"schema":{"@context":"https:\/\/schema.org","@graph":[{"@type":"WebPage","@id":"https:\/\/r3i.org\/es\/editoriales-r3i\/editorial-10-15-abordar-el-riesgo-vascular-residual-mas-alla-de-la-farmacoterapia\/","url":"https:\/\/r3i.org\/es\/editoriales-r3i\/editorial-10-15-abordar-el-riesgo-vascular-residual-mas-alla-de-la-farmacoterapia\/","name":"Editorial 10\/15 - Abordar el riesgo vascular residual: m\u00e1s all\u00e1 de la farmacoterapia - R3I","isPartOf":{"@id":"https:\/\/r3i.org\/es\/#website"},"datePublished":"2025-01-04T16:03:56+00:00","dateModified":"2025-02-05T21:46:04+00:00","breadcrumb":{"@id":"https:\/\/r3i.org\/es\/editoriales-r3i\/editorial-10-15-abordar-el-riesgo-vascular-residual-mas-alla-de-la-farmacoterapia\/#breadcrumb"},"inLanguage":"es","potentialAction":[{"@type":"ReadAction","target":["https:\/\/r3i.org\/es\/editoriales-r3i\/editorial-10-15-abordar-el-riesgo-vascular-residual-mas-alla-de-la-farmacoterapia\/"]}]},{"@type":"BreadcrumbList","@id":"https:\/\/r3i.org\/es\/editoriales-r3i\/editorial-10-15-abordar-el-riesgo-vascular-residual-mas-alla-de-la-farmacoterapia\/#breadcrumb","itemListElement":[{"@type":"ListItem","position":1,"name":"Home","item":"https:\/\/r3i.org\/es\/"},{"@type":"ListItem","position":2,"name":"Editoriales R3i","item":"https:\/\/r3i.org\/es\/editoriales-r3i\/"},{"@type":"ListItem","position":3,"name":"Editorial 10\/15 &#8211; Abordar el riesgo vascular residual: m\u00e1s all\u00e1 de la farmacoterapia"}]},{"@type":"WebSite","@id":"https:\/\/r3i.org\/es\/#website","url":"https:\/\/r3i.org\/es\/","name":"R3I","description":"Residual Risk Reduction Initiative","publisher":{"@id":"https:\/\/r3i.org\/es\/#organization"},"potentialAction":[{"@type":"SearchAction","target":{"@type":"EntryPoint","urlTemplate":"https:\/\/r3i.org\/es\/?s={search_term_string}"},"query-input":{"@type":"PropertyValueSpecification","valueRequired":true,"valueName":"search_term_string"}}],"inLanguage":"es"},{"@type":"Organization","@id":"https:\/\/r3i.org\/es\/#organization","name":"R3I","url":"https:\/\/r3i.org\/es\/","logo":{"@type":"ImageObject","inLanguage":"es","@id":"https:\/\/r3i.org\/es\/#\/schema\/logo\/image\/","url":"https:\/\/i0.wp.com\/r3i.org\/wp-content\/uploads\/2024\/11\/r3i-logo-transp-1.png?fit=1601%2C834&ssl=1","contentUrl":"https:\/\/i0.wp.com\/r3i.org\/wp-content\/uploads\/2024\/11\/r3i-logo-transp-1.png?fit=1601%2C834&ssl=1","width":1601,"height":834,"caption":"R3I"},"image":{"@id":"https:\/\/r3i.org\/es\/#\/schema\/logo\/image\/"}}]}},"jetpack_likes_enabled":true,"jetpack_sharing_enabled":true,"jetpack_shortlink":"https:\/\/wp.me\/Pgbfv2-13NY","jetpack-related-posts":[],"_links":{"self":[{"href":"https:\/\/r3i.org\/es\/wp-json\/wp\/v2\/pages\/252958","targetHints":{"allow":["GET"]}}],"collection":[{"href":"https:\/\/r3i.org\/es\/wp-json\/wp\/v2\/pages"}],"about":[{"href":"https:\/\/r3i.org\/es\/wp-json\/wp\/v2\/types\/page"}],"author":[{"embeddable":true,"href":"https:\/\/r3i.org\/es\/wp-json\/wp\/v2\/users\/258497324"}],"replies":[{"embeddable":true,"href":"https:\/\/r3i.org\/es\/wp-json\/wp\/v2\/comments?post=252958"}],"version-history":[{"count":2,"href":"https:\/\/r3i.org\/es\/wp-json\/wp\/v2\/pages\/252958\/revisions"}],"predecessor-version":[{"id":252960,"href":"https:\/\/r3i.org\/es\/wp-json\/wp\/v2\/pages\/252958\/revisions\/252960"}],"up":[{"embeddable":true,"href":"https:\/\/r3i.org\/es\/wp-json\/wp\/v2\/pages\/252805"}],"wp:attachment":[{"href":"https:\/\/r3i.org\/es\/wp-json\/wp\/v2\/media?parent=252958"}],"curies":[{"name":"wp","href":"https:\/\/api.w.org\/{rel}","templated":true}]}}