{"id":252955,"date":"2024-12-27T18:24:19","date_gmt":"2024-12-27T17:24:19","guid":{"rendered":"https:\/\/r3i.org\/editoriales-r3i\/editorial-23-09-colesterol-remanente-evolucion-de-las-pruebas\/"},"modified":"2025-02-15T01:54:02","modified_gmt":"2025-02-15T00:54:02","slug":"editorial-23-09-colesterol-remanente-evolucion-de-las-pruebas","status":"publish","type":"page","link":"https:\/\/r3i.org\/es\/editoriales-r3i\/editorial-23-09-colesterol-remanente-evolucion-de-las-pruebas\/","title":{"rendered":"Editorial 23\/09 &#8211; Colesterol remanente &#8211; Evoluci\u00f3n de las pruebas"},"content":{"rendered":"<p>[et_pb_section fb_built=\u00bb1&#8243; admin_label=\u00bbHeader\u00bb _builder_version=\u00bb4.27.4&#8243; _module_preset=\u00bb35f37621-1062-4ae6-955d-76a3167a2aa8&#8243; background_image=\u00bbhttps:\/\/r3i.org\/wp-content\/uploads\/2024\/12\/pexels-pixabay-267582.jpg\u00bb parallax=\u00bbon\u00bb min_height=\u00bb157.9px\u00bb min_height_tablet=\u00bb100px\u00bb min_height_phone=\u00bb100px\u00bb min_height_last_edited=\u00bbon|phone\u00bb height=\u00bb116px\u00bb height_tablet=\u00bb153px\u00bb height_phone=\u00bb130px\u00bb height_last_edited=\u00bbon|phone\u00bb custom_margin_tablet=\u00bb\u00bb custom_margin_phone=\u00bb-17px||||false|false\u00bb custom_margin_last_edited=\u00bbon|phone\u00bb custom_padding=\u00bb0vw||0vw||true|false\u00bb collapsed=\u00bbon\u00bb global_colors_info=\u00bb{%22gcid-primary-color%22:%91%22quote_text_color%22,%22background_color_gradient_stops%22%93}\u00bb][et_pb_row _builder_version=\u00bb4.27.4&#8243; _module_preset=\u00bbdefault\u00bb global_colors_info=\u00bb{}\u00bb][et_pb_column type=\u00bb4_4&#8243; _builder_version=\u00bb4.27.0&#8243; _module_preset=\u00bbdefault\u00bb global_colors_info=\u00bb{}\u00bb][et_pb_text _builder_version=\u00bb4.27.4&#8243; _module_preset=\u00bbdefault\u00bb text_text_color=\u00bb#FFFFFF\u00bb header_2_text_color=\u00bb#FFFFFF\u00bb custom_padding=\u00bb1px|||||\u00bb global_colors_info=\u00bb{}\u00bb]<\/p>\n<h2>Editoriales R3i<\/h2>\n<p>[\/et_pb_text][\/et_pb_column][\/et_pb_row][\/et_pb_section][et_pb_section fb_built=\u00bb1&#8243; _builder_version=\u00bb4.27.3&#8243; _module_preset=\u00bbdefault\u00bb custom_margin=\u00bb-49px|||||\u00bb custom_padding=\u00bb2px||40px|||\u00bb global_colors_info=\u00bb{}\u00bb][et_pb_row column_structure=\u00bb1_2,1_2&#8243; _builder_version=\u00bb4.27.4&#8243; _module_preset=\u00bbdefault\u00bb border_radii=\u00bboff|13px|13px|13px|13px\u00bb border_width_all=\u00bb4px\u00bb border_color_all=\u00bbgcid-b673dc17-1b2a-464e-affa-1bf1ab41c0fd\u00bb border_width_all_tablet=\u00bb4px\u00bb border_width_all_phone=\u00bb0px\u00bb border_width_all_last_edited=\u00bbon|phone\u00bb border_color_all_tablet=\u00bbgcid-b673dc17-1b2a-464e-affa-1bf1ab41c0fd\u00bb border_color_all_phone=\u00bbgcid-b673dc17-1b2a-464e-affa-1bf1ab41c0fd\u00bb border_color_all_last_edited=\u00bbon|phone\u00bb box_shadow_style=\u00bbpreset2&#8243; global_colors_info=\u00bb{%22gcid-b673dc17-1b2a-464e-affa-1bf1ab41c0fd%22:%91%22border_color_all%22%93}\u00bb][et_pb_column type=\u00bb1_2&#8243; _builder_version=\u00bb4.27.4&#8243; _module_preset=\u00bbdefault\u00bb global_colors_info=\u00bb{}\u00bb][et_pb_text _builder_version=\u00bb4.27.4&#8243; _module_preset=\u00bbdefault\u00bb text_font_size=\u00bb14px\u00bb header_5_text_color=\u00bbgcid-4907c8d4-9eff-49de-91ce-43a2d3a729cf\u00bb header_6_text_color=\u00bbgcid-secondary-color\u00bb inline_fonts=\u00bbAbyssinica SIL\u00bb global_colors_info=\u00bb{%22gcid-primary-color%22:%91%22quote_text_color%22,%22quote_text_color%22,%22quote_text_color%22%93,%22gcid-4907c8d4-9eff-49de-91ce-43a2d3a729cf%22:%91%22header_5_text_color%22%93,%22gcid-secondary-color%22:%91%22header_6_text_color%22%93}\u00bb]<\/p>\n<p style=\"text-align: center;\"><span style=\"font-family: 'Abyssinica SIL'; font-weight: normal; font-size: small;\">Septiembre 2023<\/span><\/p>\n<h5 style=\"text-align: center;\">Colesterol remanente, evoluci\u00f3n de los datos<\/h5>\n<h6 style=\"text-align: center;\"><span lang=\"EN-GB\">Prof. Jean-Charles Fruchart, Prof. Michel Hermans, Prof. Pierre Amarenco<\/span><\/h6>\n<p>El colesterol remanente sigue atrayendo la atenci\u00f3n como diana para reducir el riesgo cardiovascular residual. Convencionalmente, el colesterol remanente se define como el colesterol ubicado en las part\u00edculas de lipoprote\u00ednas remanentes, es decir, las lipoprote\u00ednas de muy baja densidad metabolizadas y las lipoprote\u00ednas de densidad intermedia en ayunas, a las que se a\u00f1ade el colesterol en los remanentes de quilomicr\u00f3n en el estado postprandial 1. Hay pruebas s\u00f3lidas de estudios farmacodin\u00e1micos, observacionales y gen\u00e9ticos que sustentan una relaci\u00f3n causal entre el colesterol remanente y el riesgo de enfermedad cardiovascular ateroscler\u00f3tica (ASCVD) 1,2. El estudio de referencia de este mes se suma a estos datos. En un estudio con aleatorizaci\u00f3n mendeliana con m\u00e1s de 900 000 participantes, cada 1 desviaci\u00f3n est\u00e1ndar de aumento del colesterol remanente aumentaba el riesgo de infarto de miocardio en m\u00e1s del 50 %, independientemente del colesterol de lipoprote\u00edna de baja densidad 3. Adem\u00e1s, los resultados de un an\u00e1lisis de cohorte prospectivo chino, analizados en el Enfoque de este mes 4, dejan entrever que los m\u00e9dicos cl\u00ednicos deben concentrarse tanto en tratar los valores del colesterol remanente como en reducir la variabilidad en los valores entre consultas.<\/p>\n<p>El interrogante que sigue en pie es si disminuir los valores de colesterol remanente se traduce en una reducci\u00f3n de los episodios cardiovasculares en los pacientes de alto riesgo. Los ensayos cl\u00ednicos de diferentes enfoques terap\u00e9uticos han generado resultados dispares, y tambi\u00e9n involucran la intensidad del tratamiento de base con estatina como factor de confusi\u00f3n (5-7). Adem\u00e1s, los resultados positivos de REDUCE-IT pueden relacionarse con otros factores adem\u00e1s de los triglic\u00e9ridos (TG) en plasma, dada la falta de relaci\u00f3n entre el valor de TG en el momento basal (un marcador del colesterol remanente) y el riesgo de ASCVD 8. Con datos insuficientes de ensayos cl\u00ednicos, los lineamientos actuales para abordar la dislipidemia no recomiendan dianas de tratamiento para los TG en los pacientes de alto riesgo 9.<\/p>\n<p>[\/et_pb_text][\/et_pb_column][et_pb_column type=\u00bb1_2&#8243; _builder_version=\u00bb4.27.4&#8243; _module_preset=\u00bbdefault\u00bb global_colors_info=\u00bb{}\u00bb][et_pb_text _builder_version=\u00bb4.27.4&#8243; _module_preset=\u00bbdefault\u00bb text_text_color=\u00bbgcid-4907c8d4-9eff-49de-91ce-43a2d3a729cf\u00bb text_font_size=\u00bb14px\u00bb global_colors_info=\u00bb{%22gcid-primary-color%22:%91%22quote_text_color%22,%22quote_text_color%22,%22quote_text_color%22%93,%22gcid-4907c8d4-9eff-49de-91ce-43a2d3a729cf%22:%91%22text_text_color%22%93}\u00bb]<\/p>\n<p style=\"font-weight: 400;\">Las apreciaciones gen\u00e9ticas han sido cr\u00edticas para identificar dianas nuevas para disminuir el colesterol remanente. Evinacumab, un anticuerpo monoclonal que se une a la prote\u00edna 3 similar a la angiopoyetina (ANGPTL3) que es el primero en su clase, ya fue aprobado por los organismos regulatorios estadounidenses y europeos para el tratamiento de la hipercolesterolemia familiar. Los ensayos tambi\u00e9n han demostrado beneficio cl\u00ednico en el tratamiento de pacientes con hipertrigliceridemia (10). Otros f\u00e1rmacos en desarrollo incluyen los tratamientos con ARN antisentido que act\u00faan sobre la apolipoprote\u00edna (apo) C-III y ANGPTL3. Olezarsen, un oligonucle\u00f3tido antisentido que act\u00faa sobre apoC-III, ha demostrado que disminuye en m\u00e1s de la mitad los valores de TG en ensayos en fase II\/III 11. Adem\u00e1s, el siRNA ARO-APOC3 dio como resultado la reducci\u00f3n media m\u00e1xima de los valores de TG del 74 % al 92 % en un ensayo en fase I (12 ). Sin embargo, m\u00e1s all\u00e1 de la eficacia, la seguridad a largo plazo es una consideraci\u00f3n importante, y claramente es necesaria una mayor evaluaci\u00f3n de estos f\u00e1rmacos nuevos.<\/p>\n<p>La heterogeneidad de las part\u00edculas de lipoprote\u00edna remanente y su funci\u00f3n espec\u00edfica e impacto en la aterosclerosis es una consideraci\u00f3n importante 1. Es posible que ensayos cl\u00ednicos recientes hayan originado m\u00e1s preguntas que respuestas, lo que refleja el hecho de que el efecto de estos tratamientos sobre los valores de colesterol remanente puede relacionarse con los efectos sobre diversos procesos metab\u00f3licos, m\u00e1s o menos relacionados con la aterosclerosis. Los estudios en curso con f\u00e1rmacos nuevos ser\u00e1n cr\u00edticos para definir la mejor manera de tratar el colesterol remanente elevado, con el fin \u00faltimo de reducir los episodios cardiovasculares en pacientes de alto riesgo que reciben el tratamiento \u00f3ptimo con estatinas.<\/p>\n<p>[\/et_pb_text][et_pb_text _builder_version=\u00bb4.27.4&#8243; _module_preset=\u00bbdefault\u00bb text_font_size=\u00bb8px\u00bb global_colors_info=\u00bb{}\u00bb]<\/p>\n<p style=\"font-weight: 400;\"><strong>Referencias<\/strong><\/p>\n<ol>\n<li style=\"font-weight: 400;\">Ginsberg HN, Packard CJ, Chapman MJ, et al. Triglyceride-rich lipoproteins and their remnants: metabolic insights, role in atherosclerotic cardiovascular disease, and emerging therapeutic strategies-a consensus statement from the European Atherosclerosis Society. Eur Heart J 2021; 42:4791\u2013806.<br \/>2. Nordestgaard BG. Triglyceride-rich lipoproteins and atherosclerotic cardiovascular disease: new insights from epidemiology, genetics, and biology. Circ Res 2016;118:547-63.<br \/>Yang XH, Zhang BL, Cheng Y, Fu SK, Jin HM. Association of remnant cholesterol with risk of cardiovascular disease events, stroke, and mortality: A systemic review and meta-analysis. Atherosclerosis 2023;371:21-31.<br \/>3. Navarese EP, Vine D, Proctor S, et al. Independent causal effect of remnant cholesterol on atherosclerotic cardiovascular outcomes: a Mendelian Randomization Study. Arterioscler Thromb Vasc Biol 2023; doi: 10.1161\/ATVBAHA.123.319297<br \/>4. Wang J, Jin R, Jin X, et al. Separate and joint associations of remnant cholesterol accumulation and variability with carotid atherosclerosis: a prospective cohort study. J Am Heart Assoc 2023;12:e029352.<br \/>5. Bhatt DL, Steg PG, Miller M, et al. Cardiovascular risk reduction with icosapent ethyl for hypertriglyceridemia. N Engl J Med 2019; 380: 11\u201322.<br \/>6. Nicholls SJ, Lincoff AM, Garcia M, et al. Effect of high-dose omega-3 fatty acids vs corn oil on major adverse cardiovascular events in patients at high cardiovascular risk: the STRENGTH randomized clinical trial. JAMA 2020; 324: 2268\u201380.<br \/>7. Das Pradhan A, Glynn RJ, Fruchart JC, et al. Triglyceride lowering with pemafibrate to reduce cardiovascular risk. N Engl J Med 2022; 387: 1923\u201334.<br \/>8. Bhatt DL, Steg PG, Miller M, Brinton EA, et al; REDUCE-IT Investigators. Reduction in first and total ischemic events with icosapent ethyl across baseline triglyceride tertiles. J Am Coll Cardiol 2019;74:1159-61.<br \/>9. Mach F, Baigent C, Catapano AL, et al. 2019 ESC\/EAS Guidelines for the management of dyslipidaemias: lipid modification to reduce cardiovascular risk. Eur Heart J 2020;41:111-88.<br \/>10. Rosenson RS, Gaudet D, Ballantyne CM, et al. Evinacumab in severe hypertriglyceridemia with or without lipoprotein lipase pathway mutations: a phase 2 randomized trial. Nat Med 2023;29:729-37.<br \/>11. Tardif JC, Karwatowska-Prokopczuk E, Amour ES, et al. Apolipoprotein C-III reduction in subjects with moderate hypertriglyceridaemia and at high cardiovascular risk. Eur. Heart J 2022;43:1401\u201312.<br \/>12. Alexander VJ, Xia S, Hurh E, et al. N-acetyl galactosamine-conjugated antisense drug to APOC3 mRNA, triglycerides and atherogenic lipoprotein levels. Eur Heart J 2019;40:2785\u201396.<\/li>\n<\/ol>\n<p>[\/et_pb_text][\/et_pb_column][\/et_pb_row][\/et_pb_section]<\/p>\n","protected":false},"excerpt":{"rendered":"<p>Editoriales R3iSeptiembre 2023 Colesterol remanente, evoluci\u00f3n de los datos Prof. Jean-Charles Fruchart, Prof. Michel Hermans, Prof. Pierre Amarenco El colesterol remanente sigue atrayendo la atenci\u00f3n como diana para reducir el riesgo cardiovascular residual. Convencionalmente, el colesterol remanente se define como el colesterol ubicado en las part\u00edculas de lipoprote\u00ednas remanentes, es decir, las lipoprote\u00ednas de muy [&hellip;]<\/p>\n","protected":false},"author":258497324,"featured_media":0,"parent":252805,"menu_order":0,"comment_status":"closed","ping_status":"closed","template":"","meta":{"_et_pb_use_builder":"on","_et_pb_old_content":"","_et_gb_content_width":"","_crdt_document":"","advanced_seo_description":"","jetpack_seo_html_title":"","jetpack_seo_noindex":false,"jetpack_post_was_ever_published":false,"footnotes":""},"class_list":["post-252955","page","type-page","status-publish","hentry"],"jetpack_likes_enabled":true,"jetpack_sharing_enabled":true,"jetpack_shortlink":"https:\/\/wp.me\/Pgbfv2-13NV","jetpack-related-posts":[],"_links":{"self":[{"href":"https:\/\/r3i.org\/es\/wp-json\/wp\/v2\/pages\/252955","targetHints":{"allow":["GET"]}}],"collection":[{"href":"https:\/\/r3i.org\/es\/wp-json\/wp\/v2\/pages"}],"about":[{"href":"https:\/\/r3i.org\/es\/wp-json\/wp\/v2\/types\/page"}],"author":[{"embeddable":true,"href":"https:\/\/r3i.org\/es\/wp-json\/wp\/v2\/users\/258497324"}],"replies":[{"embeddable":true,"href":"https:\/\/r3i.org\/es\/wp-json\/wp\/v2\/comments?post=252955"}],"version-history":[{"count":5,"href":"https:\/\/r3i.org\/es\/wp-json\/wp\/v2\/pages\/252955\/revisions"}],"predecessor-version":[{"id":253536,"href":"https:\/\/r3i.org\/es\/wp-json\/wp\/v2\/pages\/252955\/revisions\/253536"}],"up":[{"embeddable":true,"href":"https:\/\/r3i.org\/es\/wp-json\/wp\/v2\/pages\/252805"}],"wp:attachment":[{"href":"https:\/\/r3i.org\/es\/wp-json\/wp\/v2\/media?parent=252955"}],"curies":[{"name":"wp","href":"https:\/\/api.w.org\/{rel}","templated":true}]}}