{"id":252949,"date":"2024-12-30T18:10:52","date_gmt":"2024-12-30T17:10:52","guid":{"rendered":"https:\/\/r3i.org\/editoriales-r3i\/editorial-21-09-riesgo-vascular-residual-que-importa\/"},"modified":"2025-02-15T00:20:29","modified_gmt":"2025-02-14T23:20:29","slug":"editorial-21-09-riesgo-vascular-residual-que-importa","status":"publish","type":"page","link":"https:\/\/r3i.org\/es\/editoriales-r3i\/editorial-21-09-riesgo-vascular-residual-que-importa\/","title":{"rendered":"Editorial 21\/09 &#8211; Riesgo vascular residual: \u00bfQu\u00e9 importa?"},"content":{"rendered":"<p>[et_pb_section fb_built=\u00bb1&#8243; admin_label=\u00bbHeader\u00bb _builder_version=\u00bb4.27.4&#8243; _module_preset=\u00bb35f37621-1062-4ae6-955d-76a3167a2aa8&#8243; background_image=\u00bbhttps:\/\/r3i.org\/wp-content\/uploads\/2024\/12\/pexels-pixabay-267582.jpg\u00bb parallax=\u00bbon\u00bb min_height=\u00bb157.9px\u00bb min_height_tablet=\u00bb100px\u00bb min_height_phone=\u00bb100px\u00bb min_height_last_edited=\u00bbon|phone\u00bb height=\u00bb116px\u00bb height_tablet=\u00bb153px\u00bb height_phone=\u00bb130px\u00bb height_last_edited=\u00bbon|phone\u00bb custom_margin_tablet=\u00bb\u00bb custom_margin_phone=\u00bb-17px||||false|false\u00bb custom_margin_last_edited=\u00bbon|phone\u00bb custom_padding=\u00bb0vw||0vw||true|false\u00bb collapsed=\u00bbon\u00bb global_colors_info=\u00bb{%22gcid-primary-color%22:%91%22quote_text_color%22,%22background_color_gradient_stops%22%93}\u00bb][et_pb_row _builder_version=\u00bb4.27.4&#8243; _module_preset=\u00bbdefault\u00bb global_colors_info=\u00bb{}\u00bb][et_pb_column type=\u00bb4_4&#8243; _builder_version=\u00bb4.27.0&#8243; _module_preset=\u00bbdefault\u00bb global_colors_info=\u00bb{}\u00bb][et_pb_text _builder_version=\u00bb4.27.4&#8243; _module_preset=\u00bbdefault\u00bb text_text_color=\u00bb#FFFFFF\u00bb header_2_text_color=\u00bb#FFFFFF\u00bb custom_padding=\u00bb1px|||||\u00bb global_colors_info=\u00bb{}\u00bb]<\/p>\n<h2>Editoriales R3i<\/h2>\n<p>[\/et_pb_text][\/et_pb_column][\/et_pb_row][\/et_pb_section][et_pb_section fb_built=\u00bb1&#8243; _builder_version=\u00bb4.27.3&#8243; _module_preset=\u00bbdefault\u00bb custom_margin=\u00bb-49px|||||\u00bb custom_padding=\u00bb2px||40px|||\u00bb global_colors_info=\u00bb{}\u00bb][et_pb_row column_structure=\u00bb1_2,1_2&#8243; _builder_version=\u00bb4.27.4&#8243; _module_preset=\u00bbdefault\u00bb border_radii=\u00bboff|13px|13px|13px|13px\u00bb border_width_all=\u00bb4px\u00bb border_color_all=\u00bbgcid-b673dc17-1b2a-464e-affa-1bf1ab41c0fd\u00bb border_width_all_tablet=\u00bb4px\u00bb border_width_all_phone=\u00bb0px\u00bb border_width_all_last_edited=\u00bbon|phone\u00bb border_color_all_tablet=\u00bbgcid-b673dc17-1b2a-464e-affa-1bf1ab41c0fd\u00bb border_color_all_phone=\u00bbgcid-b673dc17-1b2a-464e-affa-1bf1ab41c0fd\u00bb border_color_all_last_edited=\u00bbon|phone\u00bb box_shadow_style=\u00bbpreset2&#8243; global_colors_info=\u00bb{%22gcid-b673dc17-1b2a-464e-affa-1bf1ab41c0fd%22:%91%22border_color_all%22%93}\u00bb][et_pb_column type=\u00bb1_2&#8243; _builder_version=\u00bb4.27.4&#8243; _module_preset=\u00bbdefault\u00bb global_colors_info=\u00bb{}\u00bb][et_pb_text _builder_version=\u00bb4.27.4&#8243; _module_preset=\u00bbdefault\u00bb text_font_size=\u00bb14px\u00bb header_5_text_color=\u00bbgcid-4907c8d4-9eff-49de-91ce-43a2d3a729cf\u00bb header_6_text_color=\u00bbgcid-secondary-color\u00bb inline_fonts=\u00bbAbyssinica SIL\u00bb global_colors_info=\u00bb{%22gcid-primary-color%22:%91%22quote_text_color%22,%22quote_text_color%22,%22quote_text_color%22%93,%22gcid-4907c8d4-9eff-49de-91ce-43a2d3a729cf%22:%91%22header_5_text_color%22%93,%22gcid-secondary-color%22:%91%22header_6_text_color%22%93}\u00bb]<\/p>\n<h5 style=\"text-align: center;\"><span style=\"font-family: 'Abyssinica SIL'; font-weight: normal; font-size: small;\">Septiembre 2021<\/span><\/h5>\n<h5 style=\"text-align: center;\">Riesgo vascular residual: \u00bfqu\u00e9 es lo importante?<\/h5>\n<h6 style=\"text-align: center;\"><span lang=\"EN-GB\">Prof. Jean-Charles Fruchart, Prof. Michel Hermans, Prof. Pierre Amarenco<\/span><\/h6>\n<p>La Iniciativa de Reducci\u00f3n de Riesgo Residual (R3i) ha sido l\u00edder en cuanto a resaltar la importancia del riesgo vascular residual 1,2. El riesgo abarca tanto el riesgo residual macrovascular como microvascular, este \u00faltimo de mucha importancia para el manejo de las complicaciones microvasculares diab\u00e9ticas, tales como la retinopat\u00eda, la nefropat\u00eda y la amputaci\u00f3n debido a complicaciones en las extremidades inferiores, lo que confiere una carga sustancial de enfermedad. Con el riesgo vascular residual ahora establecido en el repertorio de la comunidad cl\u00ednica 3, el momento es oportuno para dar un paso atr\u00e1s y repasar lo que sabemos \u2014y lo que nos resta saber\u2014 sobre los factores que contribuyen a este riesgo.<\/p>\n<p>Gran parte de la atenci\u00f3n est\u00e1 puesta en el riesgo cardiovascular residual, espec\u00edficamente en la identificaci\u00f3n de los factores que contribuyen a este riesgo, m\u00e1s all\u00e1 del colesterol de lipoprote\u00edna de baja densidad (C-LDL). La dislipidemia aterog\u00e9nica, caracterizada por triglic\u00e9ridos (TG) plasm\u00e1ticos elevados, concentraci\u00f3n plasm\u00e1tica baja de colesterol de lipoprote\u00edna de alta densidad (C-HDL) y una preponderancia de part\u00edculas peque\u00f1as y densas de LDL, est\u00e1 presente en entre el 10 % y el 15 % de las personas de alto riesgo, especialmente en aquellas con diabetes mellitus tipo 2 4-6 Aunque la atenci\u00f3n en un primer momento se centr\u00f3 en el C-HDL, dado que una concentraci\u00f3n plasm\u00e1tica baja de C-HDL es un marcador de riesgo cardiovascular y se incluy\u00f3 en la evaluaci\u00f3n de riesgo SCORE 7, el fracaso de los estudios de resultados de tratamientos nuevos dirigidos al HDL y una falta de vinculaci\u00f3n demostrada en los estudios gen\u00e9ticos 2, cambi\u00f3 el rumbo en favor de los TG. No obstante, es importante observar que los TG son un marcador indirecto de los posibles culpables: las lipoprote\u00ednas ricas en TG y sus remanentes, con frecuencia medidos usando el colesterol remanente 8.<\/p>\n<p>Es dif\u00edcil establecer la causalidad de los TG (o las lipoprote\u00ednas ricas en TG y sus remanentes) dado que el metabolismo relacionado con los TG es m\u00e1s complejo que el de las LDL. Tambi\u00e9n se observaron dificultades en los estudios de resultados cardiovasculares, espec\u00edficamente para reclutar pacientes con TG suficientemente elevados, en un contexto de niveles de C-LDL bien controlados, como se ejemplifica en ACCORD Lipid 6. A pesar de estos obst\u00e1culos, existe un c\u00famulo de datos que sugieren que las lipoprote\u00ednas ricas en TG tienen un rol en el trayecto causal de la enfermedad cardiovascular ateroscler\u00f3tica 9. Los estudios gen\u00e9ticos que eval\u00faan las variantes que afectan la expresi\u00f3n de diversas prote\u00ednas involucradas en la regulaci\u00f3n de la concentraci\u00f3n de TG han brindado sustento fundamental (10), adem\u00e1s de impulsar el desarrollo de estrategias terap\u00e9uticas nuevas para el manejo de la hipertrigliceridemia.<\/p>\n<p>[\/et_pb_text][\/et_pb_column][et_pb_column type=\u00bb1_2&#8243; _builder_version=\u00bb4.27.4&#8243; _module_preset=\u00bbdefault\u00bb global_colors_info=\u00bb{}\u00bb][et_pb_text _builder_version=\u00bb4.27.4&#8243; _module_preset=\u00bbdefault\u00bb text_text_color=\u00bbgcid-4907c8d4-9eff-49de-91ce-43a2d3a729cf\u00bb text_font_size=\u00bb14px\u00bb global_colors_info=\u00bb{%22gcid-primary-color%22:%91%22quote_text_color%22,%22quote_text_color%22,%22quote_text_color%22%93,%22gcid-4907c8d4-9eff-49de-91ce-43a2d3a729cf%22:%91%22text_text_color%22%93}\u00bb]<\/p>\n<p>Las preguntas claves siguen sin respuesta, en particular para definir el nivel al cual los TG elevados adquieren trascendencia cl\u00ednica. Al respecto, son \u00fatiles las apreciaciones recientes del estudio PESA (Progresi\u00f3n de la Aterosclerosis Subcl\u00ednica Temprana), que muestran un aumento de la aparici\u00f3n de aterosclerosis subcl\u00ednica a partir de una concentraci\u00f3n de TG de 150 mg\/dl (1,7 mmol\/l), como se analiz\u00f3 en el Enfoque de este mes 11. No obstante, los lineamientos no han definido una meta para los TG debido a la insuficiencia de los datos de estudios de resultados cardiovasculares que indiquen que la reducci\u00f3n de los TG elevados \u2014en un contexto de concentraciones de C-LDL bien controladas\u2014 reduzca los episodios cardiovasculares 7. PROMINENT (Pemafibrato para Reducir Resultados Cardiovasculares mediante la Baja de los Triglic\u00e9ridos en Pacientes Diab\u00e9ticos) ser\u00e1 fundamental para resolver esta incertidumbre 12.<\/p>\n<p>M\u00e1s all\u00e1 de los TG, hay otros factores que contribuyen al riesgo cardiovascular residual. Claramente, es importante actuar sobre el riesgo inflamatorio residual, que afecta hasta el 25 % de las personas con riesgo alto, como se observ\u00f3 en el estudio demostrativo CANTOS (Estudio de Resultados Antiinflamatorios en la Trombosis con Canakinumab) 13,14. El riesgo tromb\u00f3tico residual es otra consideraci\u00f3n, respaldada por el ensayo COMPASS (Resultados Cardiovasculares para Personas que usan Estrategias de Anticoagulaci\u00f3n), en el cual una dosis baja de rivaroxab\u00e1n m\u00e1s aspirina redujo significativamente los episodios cardiovasculares y las complicaciones graves en las extremidades en pacientes con enfermedad cardiovascular ateroescler\u00f3tica estable 15. Pueden estar implicadas otras lipoprote\u00ednas y l\u00edpidos; la lipoprote\u00edna (a) es un factor contribuyente potencial, que actualmente se est\u00e1 evaluando en el ensayo HORIZON.<\/p>\n<p>Finalmente, se necesita con urgencia un posterior estudio de los factores que contribuyen al riesgo microvascular residual, ante la pandemia en aumento de la obesidad y la diabetes mellitus tipo 2. Los TG plasm\u00e1ticos pueden ser de inter\u00e9s para la nefropat\u00eda diab\u00e9tica, y posiblemente para la retinopat\u00eda 16. Es esencial comprender los mecanismos moleculares subyacentes. Por ejemplo, los hallazgos nuevos indican un rol en la desregulaci\u00f3n de los ARN largos no codificantes en la modulaci\u00f3n de la expresi\u00f3n de genes inflamatorios claves y genes fibr\u00f3ticos asociados con las complicaciones vasculares diab\u00e9ticas, que pueden ofrecer una direcci\u00f3n para una futura innovaci\u00f3n terap\u00e9utica 17.<\/p>\n<p>Nos enfrentamos a dificultades permanentes para reducir el riesgo vascular residual elevado, que persiste a pesar del mejor tratamiento basado en evidencia. La carga de la enfermedad cardiovascular y las complicaciones diab\u00e9ticas microvasculares contin\u00faa aumentando a nivel global, especialmente en pa\u00edses con ingresos bajos y medios. R3i continuar\u00e1 su misi\u00f3n de educaci\u00f3n y defensa en pos de reducir el riesgo vascular residual.<\/p>\n<p>[\/et_pb_text][et_pb_text _builder_version=\u00bb4.27.4&#8243; _module_preset=\u00bbdefault\u00bb text_font_size=\u00bb8px\u00bb global_colors_info=\u00bb{}\u00bb]<\/p>\n<p style=\"font-weight: 400;\"><strong>Referencias<\/strong><\/p>\n<ol>\n<li style=\"font-weight: 400;\"><span>Fruchart JC, Sacks F, Hermans MP, et al. The Residual Risk Reduction Initiative: a call to action to reduce residual vascular risk in patients with dyslipidemia. Am J Cardiol 2008;102(10 Suppl):1K-34K. <\/span><br \/><span class=\"ref ref2\">2.<\/span><span>\u00a0Fruchart JC, Davignon J, Hermans MP, et al. Residual macrovascular risk in 2013: what have we learned? Cardiovasc Diabetol 2014;13:26.<\/span><br \/><span class=\"ref ref3\">3.<\/span><span>\u00a0Patel KV, Pandey A, de Lemos JA. Conceptual framework for addressing residual atherosclerotic cardiovascular disease risk in the era of precision medicine. Circulation 2018;137:2551\u20133.<\/span><br \/><span class=\"ref ref4\">4.<\/span><span>\u00a0Halcox JP, Banegas JR, Roy C, et al. Prevalence and treatment of atherogenic dyslipidemia in the primary prevention of cardiovascular disease in Europe: EURIKA, a cross-sectional observational study. BMC Cardiovasc Disord. 2017;17:160<\/span><br \/><span class=\"ref ref5\">5.<\/span><span>\u00a0Reiner \u017d, De Bacquer D, Kotseva K, et al. Treatment potential for dyslipidaemia management in patients with coronary heart disease across Europe: findings from the EUROASPIRE III survey. Atherosclerosis. 2013;231:300\u20137<\/span><br \/><span class=\"ref ref6\">6.<\/span><span>\u00a0ACCORD Study Group, Ginsberg HN, Elam MB, Lovato LC, et al. Effects of combination lipid therapy in type 2 diabetes mellitus. N Eng J Med. 2010;362:1563\u201374.<\/span><br \/><span class=\"ref ref7\">7.<\/span><span>\u00a0Mach F, Baigent C, Catapano AL, et al. 2019 ESC\/EAS Guidelines for the management of dyslipidaemias: lipid modification to reduce cardiovascular risk. Eur Heart J 2020;41:111-88.<\/span><br \/><span class=\"ref ref8\">8.<\/span><span>\u00a0Nordestgaard BG, Langlois MR, Langsted A, et al. Quantifying atherogenic lipoproteins for lipid-lowering strategies: Consensus-based recommendations from EAS and EFLM. Atherosclerosis 2020;294:46-61.<\/span><br \/><span class=\"ref ref9\">9.<\/span><span>\u00a0Sandesara PB, Virani SS, Fazio S, Shapiro MD. The forgotten lipids: triglycerides, remnant cholesterol, and atherosclerotic cardiovascular disease risk. Endocr Rev 2019;40:537-57.<\/span><br \/><span class=\"ref ref10\">10.<\/span><span>\u00a0Nordestgaard BG. Triglyceride-rich lipoproteins and atherosclerotic cardiovascular disease: new insights from epidemiology, genetics, and biology. Circ Res 2016;118:547\u201363.<\/span><br \/><span class=\"ref ref11\">11.<\/span><span>\u00a0Raposeiras-Roubin S, Rossell\u00f3 X, Oliva B et al. Triglycerides and residual atherosclerotic risk. J Am Coll Cardiol 2021;22: 3031 \u2013 41.<\/span><br \/><span class=\"ref ref12\">12.<\/span><span>\u00a0Pradhan AD, Paynter NP, Everett BM, et al. Rationale and design of the Pemafibrate to Reduce Cardiovascular Outcomes by Reducing Triglycerides in Patients with Diabetes (PROMINENT) study. Am Heart J 2018;206:80-93.<\/span><br \/><span class=\"ref ref13\">13.<\/span><span>\u00a0Klingenberg R, Aghlmandi S, Gencer B, et al. Residual inflammatory risk at 12 months after acute coronary syndromes is frequent and associated with combined adverse events. Atherosclerosis 2021;320:31-7.<\/span><br \/><span class=\"ref ref14\">14.<\/span><span>\u00a0Ridker PM, Everett BM, Thuren T, et al. Antiinflammatory therapy with canakinumab for atherosclerotic disease. N Engl J Med 2017;377:1119-31.<\/span><br \/><span class=\"ref ref15\">15.<\/span><span>\u00a0Anand SS, Bosch J, Eikelboom JW, et al. Rivaroxaban with or without aspirin in patients with stable peripheral or carotid artery disease: an international, randomised, double-blind, placebo-controlled trial. Lancet 2018;391:219\u201329.<\/span><br \/><span class=\"ref ref16\">16.<\/span><span>\u00a0Sacks FM, Hermans MP, Fioretto P, et al. Association between plasma triglycerides and high-density lipoprotein cholesterol and microvascular kidney disease and retinopathy in type 2 diabetes mellitus: a global case-control study in 13 countries. Circulation 2014;129:999-1008.<\/span><br \/><span class=\"ref ref17\">17.<\/span><span>\u00a0Tanwar VS, Reddy MA, Natarajan R. Emerging role of long non-coding RNAs in diabetic vascular complications. Front Endocrinol (Lausanne). 2021;12:665811.<\/span><\/li>\n<\/ol>\n<p>[\/et_pb_text][\/et_pb_column][\/et_pb_row][\/et_pb_section]<\/p>\n","protected":false},"excerpt":{"rendered":"<p>Editoriales R3iSeptiembre 2021 Riesgo vascular residual: \u00bfqu\u00e9 es lo importante? Prof. Jean-Charles Fruchart, Prof. Michel Hermans, Prof. Pierre Amarenco La Iniciativa de Reducci\u00f3n de Riesgo Residual (R3i) ha sido l\u00edder en cuanto a resaltar la importancia del riesgo vascular residual 1,2. El riesgo abarca tanto el riesgo residual macrovascular como microvascular, este \u00faltimo de mucha [&hellip;]<\/p>\n","protected":false},"author":258497324,"featured_media":0,"parent":252805,"menu_order":0,"comment_status":"closed","ping_status":"closed","template":"","meta":{"_et_pb_use_builder":"on","_et_pb_old_content":"","_et_gb_content_width":"","advanced_seo_description":"","jetpack_seo_html_title":"","jetpack_seo_noindex":false,"jetpack_post_was_ever_published":false,"footnotes":""},"class_list":["post-252949","page","type-page","status-publish","hentry"],"jetpack_likes_enabled":true,"jetpack_sharing_enabled":true,"jetpack_shortlink":"https:\/\/wp.me\/Pgbfv2-13NP","jetpack-related-posts":[],"_links":{"self":[{"href":"https:\/\/r3i.org\/es\/wp-json\/wp\/v2\/pages\/252949","targetHints":{"allow":["GET"]}}],"collection":[{"href":"https:\/\/r3i.org\/es\/wp-json\/wp\/v2\/pages"}],"about":[{"href":"https:\/\/r3i.org\/es\/wp-json\/wp\/v2\/types\/page"}],"author":[{"embeddable":true,"href":"https:\/\/r3i.org\/es\/wp-json\/wp\/v2\/users\/258497324"}],"replies":[{"embeddable":true,"href":"https:\/\/r3i.org\/es\/wp-json\/wp\/v2\/comments?post=252949"}],"version-history":[{"count":4,"href":"https:\/\/r3i.org\/es\/wp-json\/wp\/v2\/pages\/252949\/revisions"}],"predecessor-version":[{"id":253484,"href":"https:\/\/r3i.org\/es\/wp-json\/wp\/v2\/pages\/252949\/revisions\/253484"}],"up":[{"embeddable":true,"href":"https:\/\/r3i.org\/es\/wp-json\/wp\/v2\/pages\/252805"}],"wp:attachment":[{"href":"https:\/\/r3i.org\/es\/wp-json\/wp\/v2\/media?parent=252949"}],"curies":[{"name":"wp","href":"https:\/\/api.w.org\/{rel}","templated":true}]}}