{"id":252946,"date":"2025-01-03T22:03:09","date_gmt":"2025-01-03T21:03:09","guid":{"rendered":"https:\/\/r3i.org\/editoriales-r3i\/editorial-16-09-un-nuevo-estudio-relaciona-los-trigliceridos-elevados-con-la-progresion-de-la-placa\/"},"modified":"2025-02-05T22:43:57","modified_gmt":"2025-02-05T21:43:57","slug":"editorial-16-09-un-nuevo-estudio-relaciona-los-trigliceridos-elevados-con-la-progresion-de-la-placa","status":"publish","type":"page","link":"https:\/\/r3i.org\/es\/editoriales-r3i\/editorial-16-09-un-nuevo-estudio-relaciona-los-trigliceridos-elevados-con-la-progresion-de-la-placa\/","title":{"rendered":"Editorial 16\/09 &#8211; Un nuevo estudio relaciona los triglic\u00e9ridos elevados con la progresi\u00f3n de la placa"},"content":{"rendered":"<p>[et_pb_section fb_built=\u00bb1&#8243; admin_label=\u00bbHeader\u00bb _builder_version=\u00bb4.27.4&#8243; _module_preset=\u00bb35f37621-1062-4ae6-955d-76a3167a2aa8&#8243; background_image=\u00bbhttps:\/\/r3i.org\/wp-content\/uploads\/2024\/12\/pexels-pixabay-267582.jpg\u00bb parallax=\u00bbon\u00bb min_height=\u00bb157.9px\u00bb min_height_tablet=\u00bb100px\u00bb min_height_phone=\u00bb100px\u00bb min_height_last_edited=\u00bbon|phone\u00bb height=\u00bb116px\u00bb height_tablet=\u00bb153px\u00bb height_phone=\u00bb130px\u00bb height_last_edited=\u00bbon|phone\u00bb custom_margin_tablet=\u00bb\u00bb custom_margin_phone=\u00bb-17px||||false|false\u00bb custom_margin_last_edited=\u00bbon|phone\u00bb custom_padding=\u00bb0vw||0vw||true|false\u00bb collapsed=\u00bbon\u00bb global_colors_info=\u00bb{%22gcid-primary-color%22:%91%22quote_text_color%22,%22background_color_gradient_stops%22%93}\u00bb][et_pb_row _builder_version=\u00bb4.27.4&#8243; _module_preset=\u00bbdefault\u00bb global_colors_info=\u00bb{}\u00bb][et_pb_column type=\u00bb4_4&#8243; _builder_version=\u00bb4.27.0&#8243; _module_preset=\u00bbdefault\u00bb global_colors_info=\u00bb{}\u00bb][et_pb_text _builder_version=\u00bb4.27.4&#8243; _module_preset=\u00bbdefault\u00bb text_text_color=\u00bb#FFFFFF\u00bb header_2_text_color=\u00bb#FFFFFF\u00bb custom_padding=\u00bb1px|||||\u00bb global_colors_info=\u00bb{}\u00bb]<\/p>\n<h2>Editoriales R3i<\/h2>\n<p>[\/et_pb_text][\/et_pb_column][\/et_pb_row][\/et_pb_section][et_pb_section fb_built=\u00bb1&#8243; _builder_version=\u00bb4.27.3&#8243; _module_preset=\u00bbdefault\u00bb custom_margin=\u00bb-49px|||||\u00bb custom_padding=\u00bb2px||40px|||\u00bb global_colors_info=\u00bb{}\u00bb][et_pb_row column_structure=\u00bb1_2,1_2&#8243; _builder_version=\u00bb4.27.4&#8243; _module_preset=\u00bbdefault\u00bb border_radii=\u00bboff|13px|13px|13px|13px\u00bb border_width_all=\u00bb4px\u00bb border_color_all=\u00bbgcid-b673dc17-1b2a-464e-affa-1bf1ab41c0fd\u00bb border_width_all_tablet=\u00bb4px\u00bb border_width_all_phone=\u00bb0px\u00bb border_width_all_last_edited=\u00bbon|phone\u00bb border_color_all_tablet=\u00bbgcid-b673dc17-1b2a-464e-affa-1bf1ab41c0fd\u00bb border_color_all_phone=\u00bbgcid-b673dc17-1b2a-464e-affa-1bf1ab41c0fd\u00bb border_color_all_last_edited=\u00bbon|phone\u00bb box_shadow_style=\u00bbpreset2&#8243; global_colors_info=\u00bb{%22gcid-b673dc17-1b2a-464e-affa-1bf1ab41c0fd%22:%91%22border_color_all%22%93}\u00bb][et_pb_column type=\u00bb1_2&#8243; _builder_version=\u00bb4.27.4&#8243; _module_preset=\u00bbdefault\u00bb global_colors_info=\u00bb{}\u00bb][et_pb_text _builder_version=\u00bb4.27.4&#8243; _module_preset=\u00bbdefault\u00bb text_font_size=\u00bb14px\u00bb header_5_text_color=\u00bbgcid-4907c8d4-9eff-49de-91ce-43a2d3a729cf\u00bb header_6_text_color=\u00bbgcid-secondary-color\u00bb hover_enabled=\u00bb0&#8243; global_colors_info=\u00bb{%22gcid-primary-color%22:%91%22quote_text_color%22,%22quote_text_color%22,%22quote_text_color%22%93,%22gcid-4907c8d4-9eff-49de-91ce-43a2d3a729cf%22:%91%22header_5_text_color%22%93,%22gcid-secondary-color%22:%91%22header_6_text_color%22%93}\u00bb sticky_enabled=\u00bb0&#8243;]<\/p>\n<h5 style=\"text-align: center;\"><span>Un nuevo estudio relaciona los triglic\u00e9ridos elevados con la progresi\u00f3n de la placa<\/span><\/h5>\n<h6 style=\"text-align: center;\"><span lang=\"EN-GB\">Prof. Michel Hermans, Prof. Pierre Amarenco<\/span><\/h6>\n<p><span>Los estudios gen\u00e9ticos demuestran que los triglic\u00e9ridos elevados (un marcador de las lipoprote\u00ednas ricas en triglic\u00e9ridos y sus restos) son causantes de la enfermedad cardiovascular ateroscler\u00f3tica<\/span><sup>1,2<\/sup><span>. Sin embargo, las pruebas definitivas de una relaci\u00f3n entre los triglic\u00e9ridos alcanzados y la progresi\u00f3n de la placa ateroscler\u00f3tica, como se demostr\u00f3 anteriormente para el colesterol de lipoprote\u00ednas de baja densidad (LDL-C) <\/span><sup>3<\/sup><span>ha faltado. En consecuencia, el art\u00edculo de Enfoque de este mes <\/span><sup>4<\/sup><span>, el primer estudio que demuestra que los niveles de triglic\u00e9ridos en tratamiento, especialmente por encima de 200 mg\/dl (2,3 mmol\/L) se asocian a la progresi\u00f3n de la placa coronaria, incluso en pacientes con niveles de LDL-C controlados, es de suma importancia. Es importante destacar que la progresi\u00f3n del ateroma estaba m\u00e1s estrechamente asociada a los niveles de colesterol no unido a lipoprote\u00ednas de alta densidad (colesterol no unido a lipoprote\u00ednas de alta densidad o colesterol no-HDL-C), que representan todas las lipoprote\u00ednas de apolipoprote\u00edna (apo)B aterog\u00e9nicas, que a los niveles de colesterol unido a lipoprote\u00ednas de baja densidad (LDL-C). De hecho, se demostr\u00f3 que los niveles m\u00e1s bajos alcanzados de colesterol no-HDL y triglic\u00e9ridos se asociaban con la regresi\u00f3n de la placa en amplias categor\u00edas de riesgo cardiovascular.  <\/span><\/p>\n<p><span>Definir los factores clave que contribuyen al riesgo cardiovascular residual se ha considerado durante mucho tiempo el \u00absanto grial\u00bb para los m\u00e9dicos. Se ha prestado mucha atenci\u00f3n a los factores que contribuyen a este riesgo relacionados con los l\u00edpidos, dado que la dislipidemia est\u00e1 reconocida como uno de los principales factores de riesgo de las enfermedades cardiovasculares. En el estudio INTERHEART, un hist\u00f3rico estudio mundial de casos y controles, la dislipidemia (definida como una proporci\u00f3n elevada de lipoprote\u00ednas apoB100: apoA-I) fue uno de los factores de riesgo clave del riesgo de infarto de miocardio en todo el mundo.  <\/span><sup>5<\/sup><span>. Estos hallazgos iniciaron una oleada de actividad en ensayos cl\u00ednicos, dirigidos a las lipoprote\u00ednas apoB (incluidos el LDL-C y los triglic\u00e9ridos), as\u00ed como a las lipoprote\u00ednas apoA (como en las HDL). El fracaso de las terapias dirigidas a las HDL (como la niacina, el torcetrapib, el dalcetrapib y, m\u00e1s recientemente, el evacetrapib) ha dejado la puerta abierta a los enfoques dirigidos a las apoB, m\u00e1s all\u00e1 de las LDL-C. Sin embargo, incluso los ensayos de estos enfoques han sido hasta ahora menos que definitivos. Por ejemplo, el ensayo Acci\u00f3n para el Control del Riesgo Cardiovascular en la Diabetes (ACCORD) mostr\u00f3 una falta de beneficios con el fenofibrato en un contexto de niveles de LDL-C bien controlados con simvastatina en la diabetes tipo 2, aunque el an\u00e1lisis de subgrupos indic\u00f3 beneficios en pacientes con triglic\u00e9ridos elevados y HDL-C bajo (dislipidemia aterog\u00e9nica) al inicio del estudio.    <\/span><sup>6<\/sup><span>. Este hallazgo se confirm\u00f3 en un posterior metaan\u00e1lisis post hoc de los ensayos con fibratos en pacientes con esta dislipidemia <\/span><sup>7<\/sup><span>. La falta de beneficio observada en el estudio general ACCORD puede explicarse por el hecho de que los niveles basales de triglic\u00e9ridos eran demasiado bajos (1,83 mmol\/L o 162 mg\/dl). Esto se ve respaldado por el estudio de Puri y colegas  <\/span><sup>4<\/sup><span> que muestran claramente que la progresi\u00f3n de la enfermedad coronaria est\u00e1 bien establecida en los pacientes con triglic\u00e9ridos ?200 mg\/dl (2,3 mmol\/L) y, por tanto, es m\u00e1s probable que este grupo se beneficie de una intervenci\u00f3n dirigida a los triglic\u00e9ridos elevados.<\/span><\/p>\n<p>[\/et_pb_text][\/et_pb_column][et_pb_column type=\u00bb1_2&#8243; _builder_version=\u00bb4.27.4&#8243; _module_preset=\u00bbdefault\u00bb global_colors_info=\u00bb{}\u00bb][et_pb_text _builder_version=\u00bb4.27.4&#8243; _module_preset=\u00bbdefault\u00bb text_text_color=\u00bbgcid-4907c8d4-9eff-49de-91ce-43a2d3a729cf\u00bb text_font_size=\u00bb14px\u00bb hover_enabled=\u00bb0&#8243; global_colors_info=\u00bb{%22gcid-primary-color%22:%91%22quote_text_color%22,%22quote_text_color%22,%22quote_text_color%22%93,%22gcid-4907c8d4-9eff-49de-91ce-43a2d3a729cf%22:%91%22text_text_color%22%93}\u00bb sticky_enabled=\u00bb0&#8243;]<\/p>\n<p><span>El otro hallazgo clave del art\u00edculo de Focus de este mes, que la progresi\u00f3n coronaria estaba m\u00e1s estrechamente relacionada con los niveles de C no-HDL que con los de C-LDL, respalda las orientaciones recientes, incluida la propuesta por la Iniciativa para la Reducci\u00f3n del Riesgo Residual<\/span><sup>8<\/sup><span>recomendando el uso del C no-HDL como objetivo, especialmente en pacientes tratados con estatinas. De hecho, por definici\u00f3n, el colesterol no HDL engloba todas las lipoprote\u00ednas apoB aterog\u00e9nicas, incluido el colesterol LDL, y, por tanto, tiene m\u00e1s en cuenta las lipoprote\u00ednas ricas en triglic\u00e9ridos elevadas y sus restos. <\/span><\/p>\n<p><span>Sin embargo, otros factores adem\u00e1s de los l\u00edpidos pueden ser relevantes para el riesgo cardiovascular residual. Se ha debatido mucho sobre el papel de la inflamaci\u00f3n, dada la naturaleza inflamatoria cr\u00f3nica de la aterosclerosis <\/span><sup>9<\/sup><span>. La falta de beneficios observada en el ensayo Targeting Inflammation Using Salsalate in Cardiovascular Disease (TINSAL-CVD) no descarta esta posibilidad. <\/span><sup>11<\/sup><span>. De hecho, en un editorial que acompa\u00f1a al estudio <\/span><sup>11<\/sup><span>  Se sugiri\u00f3 que esto podr\u00eda deberse a varias razones, como las dificultades para demostrar un beneficio significativo del tratamiento en el marco del mejor tratamiento basado en pruebas en pacientes con enfermedad arterial coronaria establecida, as\u00ed como el mecanismo subyacente de la acci\u00f3n antiinflamatoria. Estamos a la espera de los resultados de dos grandes estudios prospectivos en curso para evaluar el papel de las terapias antiinflamatorias en la lucha contra el riesgo cardiovascular residual. <\/span><\/p>\n<p>[\/et_pb_text][et_pb_text _builder_version=\u00bb4.27.4&#8243; _module_preset=\u00bbdefault\u00bb text_font_size=\u00bb8px\u00bb hover_enabled=\u00bb0&#8243; global_colors_info=\u00bb{}\u00bb sticky_enabled=\u00bb0&#8243;]<\/p>\n<p style=\"font-weight: 400;\"><strong>Referencias<\/strong><\/p>\n<ol>\n<li style=\"font-weight: 400;\"><span>Do R, Willer CJ, Schmidt EM et al. Variantes comunes asociadas con los triglic\u00e9ridos plasm\u00e1ticos y el riesgo de enfermedad arterial coronaria. Nat Genet 2013;45:1345-52.  <\/span><br \/><span class=\"ref ref2\">2.<\/span><span>  Varbo A, Benn M, Tybj\u00e6rg-Hansen A et al. El colesterol remanente como factor de riesgo causal de cardiopat\u00eda isqu\u00e9mica. J Am Coll Cardiol 2013;61:427-36.  <\/span><br \/><span class=\"ref ref3\">3.<\/span><span>  Nicholls SJ, Ballantyne CM, Barter PJ et al. Efecto de dos reg\u00edmenes intensivos de estatinas en la progresi\u00f3n de la enfermedad coronaria. N Engl J Med 2011;365:2078-87.  <\/span><br \/><span class=\"ref ref4\">4.<\/span><span>  Puri R, Nissen SE, Shao M et al. Colesterol no HDL y triglic\u00e9ridos. Implicaciones para la progresi\u00f3n del ateroma coronario y los acontecimientos cl\u00ednicos. Arterioscler Thromb Vasc Biol 2016; DOI: 10.1161\/ATVBAHA.116.307601.   <\/span><br \/><span class=\"ref ref5\">5.<\/span><span>  Yusuf S, Hawken S, Ounpuu S et al. Efecto de los factores de riesgo potencialmente modificables asociados al infarto de miocardio en 52 pa\u00edses (estudio INTERHEART): estudio de casos y controles. Lancet 2004;364:937-52.  <\/span><br \/><span class=\"ref ref6\">6.<\/span><span>  Ginsberg HN, Elam MB, Lovato LC et al. Efectos de la terapia lip\u00eddica combinada en la diabetes mellitus tipo 2. N Engl J Med. 2010;362:1563-74.  <\/span><br \/><span class=\"ref ref7\">7.<\/span><span>  Sacks FM, Carey VJ, Fruchart JC. Tratamiento lip\u00eddico combinado en la diabetes de tipo 2. N Engl J Med 2010;363:692-4.  <\/span><br \/><span class=\"ref ref8\">8.<\/span><span>  Fruchart JC, Davignon J, Hermans MP et al. Riesgo macrovascular residual en 2013: \u00bfqu\u00e9 hemos aprendido? Cardiovasc Diabetol 2014;13:26.  <\/span><br \/><span class=\"ref ref9\">9.<\/span><span>  Ridker PM. Riesgo inflamatorio residual: abordar la cara opuesta de la moneda de la prevenci\u00f3n de la aterosclerosis. Eur Heart J 2016;37:1720-2.  <\/span><br \/><span class=\"ref ref10\">10.<\/span><span>  Hauser TH, Salastekar N, Schaefer EJ et al. Efecto del tratamiento de la inflamaci\u00f3n con salsalato: ensayo cl\u00ednico aleatorizado TINSAL-CVD sobre la progresi\u00f3n de la placa coronaria en pacientes obesos y con sobrepeso que utilizan estatinas. JAMA Cardiol 2016;1:413-23.  <\/span><br \/><span class=\"ref ref11\">11.<\/span><span> Ridker PM. Los estudios neutrales informativos importan: por qu\u00e9 el ensayo Targeting Inflammation With Salsalate in Cardiovascular Disease (TINSAL-CVD) merece nuestra atenci\u00f3n. JAMA Cardiol 2016;1:423-4.<\/span><\/li>\n<\/ol>\n<p>[\/et_pb_text][\/et_pb_column][\/et_pb_row][\/et_pb_section]<\/p>\n","protected":false},"excerpt":{"rendered":"<p>Editoriales R3iUn nuevo estudio relaciona los triglic\u00e9ridos elevados con la progresi\u00f3n de la placa Prof. Michel Hermans, Prof. Pierre Amarenco Los estudios gen\u00e9ticos demuestran que los triglic\u00e9ridos elevados (un marcador de las lipoprote\u00ednas ricas en triglic\u00e9ridos y sus restos) son causantes de la enfermedad cardiovascular ateroscler\u00f3tica1,2. Sin embargo, las pruebas definitivas de una relaci\u00f3n entre [&hellip;]<\/p>\n","protected":false},"author":258497324,"featured_media":0,"parent":252805,"menu_order":0,"comment_status":"closed","ping_status":"closed","template":"","meta":{"_et_pb_use_builder":"on","_et_pb_old_content":"","_et_gb_content_width":"","_crdt_document":"","footnotes":""},"class_list":["post-252946","page","type-page","status-publish","hentry"],"yoast_head":"<!-- This site is optimized with the Yoast SEO plugin v27.4 - https:\/\/yoast.com\/product\/yoast-seo-wordpress\/ -->\n<title>Editorial 16\/09 - Un nuevo estudio relaciona los triglic\u00e9ridos elevados con la progresi\u00f3n de la placa - R3I<\/title>\n<meta name=\"robots\" content=\"index, follow, max-snippet:-1, max-image-preview:large, max-video-preview:-1\" \/>\n<link rel=\"canonical\" href=\"https:\/\/r3i.org\/es\/editoriales-r3i\/editorial-16-09-un-nuevo-estudio-relaciona-los-trigliceridos-elevados-con-la-progresion-de-la-placa\/\" \/>\n<meta property=\"og:locale\" content=\"es_ES\" \/>\n<meta property=\"og:type\" content=\"article\" \/>\n<meta property=\"og:title\" content=\"Editorial 16\/09 - Un nuevo estudio relaciona los triglic\u00e9ridos elevados con la progresi\u00f3n de la placa - R3I\" \/>\n<meta property=\"og:description\" content=\"Editoriales R3iUn nuevo estudio relaciona los triglic\u00e9ridos elevados con la progresi\u00f3n de la placa Prof. Michel Hermans, Prof. Pierre Amarenco Los estudios gen\u00e9ticos demuestran que los triglic\u00e9ridos elevados (un marcador de las lipoprote\u00ednas ricas en triglic\u00e9ridos y sus restos) son causantes de la enfermedad cardiovascular ateroscler\u00f3tica1,2. Sin embargo, las pruebas definitivas de una relaci\u00f3n entre [&hellip;]\" \/>\n<meta property=\"og:url\" content=\"https:\/\/r3i.org\/es\/editoriales-r3i\/editorial-16-09-un-nuevo-estudio-relaciona-los-trigliceridos-elevados-con-la-progresion-de-la-placa\/\" \/>\n<meta property=\"og:site_name\" content=\"R3I\" \/>\n<meta property=\"article:modified_time\" content=\"2025-02-05T21:43:57+00:00\" \/>\n<meta name=\"twitter:card\" content=\"summary_large_image\" \/>\n<meta name=\"twitter:label1\" content=\"Tiempo de lectura\" \/>\n\t<meta name=\"twitter:data1\" content=\"8 minutos\" \/>\n<script type=\"application\/ld+json\" class=\"yoast-schema-graph\">{\"@context\":\"https:\\\/\\\/schema.org\",\"@graph\":[{\"@type\":\"WebPage\",\"@id\":\"https:\\\/\\\/r3i.org\\\/es\\\/editoriales-r3i\\\/editorial-16-09-un-nuevo-estudio-relaciona-los-trigliceridos-elevados-con-la-progresion-de-la-placa\\\/\",\"url\":\"https:\\\/\\\/r3i.org\\\/es\\\/editoriales-r3i\\\/editorial-16-09-un-nuevo-estudio-relaciona-los-trigliceridos-elevados-con-la-progresion-de-la-placa\\\/\",\"name\":\"Editorial 16\\\/09 - Un nuevo estudio relaciona los triglic\u00e9ridos elevados con la progresi\u00f3n de la placa - R3I\",\"isPartOf\":{\"@id\":\"https:\\\/\\\/r3i.org\\\/es\\\/#website\"},\"datePublished\":\"2025-01-03T21:03:09+00:00\",\"dateModified\":\"2025-02-05T21:43:57+00:00\",\"breadcrumb\":{\"@id\":\"https:\\\/\\\/r3i.org\\\/es\\\/editoriales-r3i\\\/editorial-16-09-un-nuevo-estudio-relaciona-los-trigliceridos-elevados-con-la-progresion-de-la-placa\\\/#breadcrumb\"},\"inLanguage\":\"es\",\"potentialAction\":[{\"@type\":\"ReadAction\",\"target\":[\"https:\\\/\\\/r3i.org\\\/es\\\/editoriales-r3i\\\/editorial-16-09-un-nuevo-estudio-relaciona-los-trigliceridos-elevados-con-la-progresion-de-la-placa\\\/\"]}]},{\"@type\":\"BreadcrumbList\",\"@id\":\"https:\\\/\\\/r3i.org\\\/es\\\/editoriales-r3i\\\/editorial-16-09-un-nuevo-estudio-relaciona-los-trigliceridos-elevados-con-la-progresion-de-la-placa\\\/#breadcrumb\",\"itemListElement\":[{\"@type\":\"ListItem\",\"position\":1,\"name\":\"Home\",\"item\":\"https:\\\/\\\/r3i.org\\\/es\\\/\"},{\"@type\":\"ListItem\",\"position\":2,\"name\":\"Editoriales R3i\",\"item\":\"https:\\\/\\\/r3i.org\\\/es\\\/editoriales-r3i\\\/\"},{\"@type\":\"ListItem\",\"position\":3,\"name\":\"Editorial 16\\\/09 &#8211; Un nuevo estudio relaciona los triglic\u00e9ridos elevados con la progresi\u00f3n de la placa\"}]},{\"@type\":\"WebSite\",\"@id\":\"https:\\\/\\\/r3i.org\\\/es\\\/#website\",\"url\":\"https:\\\/\\\/r3i.org\\\/es\\\/\",\"name\":\"R3I\",\"description\":\"Residual Risk Reduction Initiative\",\"publisher\":{\"@id\":\"https:\\\/\\\/r3i.org\\\/es\\\/#organization\"},\"potentialAction\":[{\"@type\":\"SearchAction\",\"target\":{\"@type\":\"EntryPoint\",\"urlTemplate\":\"https:\\\/\\\/r3i.org\\\/es\\\/?s={search_term_string}\"},\"query-input\":{\"@type\":\"PropertyValueSpecification\",\"valueRequired\":true,\"valueName\":\"search_term_string\"}}],\"inLanguage\":\"es\"},{\"@type\":\"Organization\",\"@id\":\"https:\\\/\\\/r3i.org\\\/es\\\/#organization\",\"name\":\"R3I\",\"url\":\"https:\\\/\\\/r3i.org\\\/es\\\/\",\"logo\":{\"@type\":\"ImageObject\",\"inLanguage\":\"es\",\"@id\":\"https:\\\/\\\/r3i.org\\\/es\\\/#\\\/schema\\\/logo\\\/image\\\/\",\"url\":\"https:\\\/\\\/i0.wp.com\\\/r3i.org\\\/wp-content\\\/uploads\\\/2024\\\/11\\\/r3i-logo-transp-1.png?fit=1601%2C834&ssl=1\",\"contentUrl\":\"https:\\\/\\\/i0.wp.com\\\/r3i.org\\\/wp-content\\\/uploads\\\/2024\\\/11\\\/r3i-logo-transp-1.png?fit=1601%2C834&ssl=1\",\"width\":1601,\"height\":834,\"caption\":\"R3I\"},\"image\":{\"@id\":\"https:\\\/\\\/r3i.org\\\/es\\\/#\\\/schema\\\/logo\\\/image\\\/\"}}]}<\/script>\n<!-- \/ Yoast SEO plugin. -->","yoast_head_json":{"title":"Editorial 16\/09 - Un nuevo estudio relaciona los triglic\u00e9ridos elevados con la progresi\u00f3n de la placa - R3I","robots":{"index":"index","follow":"follow","max-snippet":"max-snippet:-1","max-image-preview":"max-image-preview:large","max-video-preview":"max-video-preview:-1"},"canonical":"https:\/\/r3i.org\/es\/editoriales-r3i\/editorial-16-09-un-nuevo-estudio-relaciona-los-trigliceridos-elevados-con-la-progresion-de-la-placa\/","og_locale":"es_ES","og_type":"article","og_title":"Editorial 16\/09 - Un nuevo estudio relaciona los triglic\u00e9ridos elevados con la progresi\u00f3n de la placa - R3I","og_description":"Editoriales R3iUn nuevo estudio relaciona los triglic\u00e9ridos elevados con la progresi\u00f3n de la placa Prof. Michel Hermans, Prof. Pierre Amarenco Los estudios gen\u00e9ticos demuestran que los triglic\u00e9ridos elevados (un marcador de las lipoprote\u00ednas ricas en triglic\u00e9ridos y sus restos) son causantes de la enfermedad cardiovascular ateroscler\u00f3tica1,2. Sin embargo, las pruebas definitivas de una relaci\u00f3n entre [&hellip;]","og_url":"https:\/\/r3i.org\/es\/editoriales-r3i\/editorial-16-09-un-nuevo-estudio-relaciona-los-trigliceridos-elevados-con-la-progresion-de-la-placa\/","og_site_name":"R3I","article_modified_time":"2025-02-05T21:43:57+00:00","twitter_card":"summary_large_image","twitter_misc":{"Tiempo de lectura":"8 minutos"},"schema":{"@context":"https:\/\/schema.org","@graph":[{"@type":"WebPage","@id":"https:\/\/r3i.org\/es\/editoriales-r3i\/editorial-16-09-un-nuevo-estudio-relaciona-los-trigliceridos-elevados-con-la-progresion-de-la-placa\/","url":"https:\/\/r3i.org\/es\/editoriales-r3i\/editorial-16-09-un-nuevo-estudio-relaciona-los-trigliceridos-elevados-con-la-progresion-de-la-placa\/","name":"Editorial 16\/09 - Un nuevo estudio relaciona los triglic\u00e9ridos elevados con la progresi\u00f3n de la placa - R3I","isPartOf":{"@id":"https:\/\/r3i.org\/es\/#website"},"datePublished":"2025-01-03T21:03:09+00:00","dateModified":"2025-02-05T21:43:57+00:00","breadcrumb":{"@id":"https:\/\/r3i.org\/es\/editoriales-r3i\/editorial-16-09-un-nuevo-estudio-relaciona-los-trigliceridos-elevados-con-la-progresion-de-la-placa\/#breadcrumb"},"inLanguage":"es","potentialAction":[{"@type":"ReadAction","target":["https:\/\/r3i.org\/es\/editoriales-r3i\/editorial-16-09-un-nuevo-estudio-relaciona-los-trigliceridos-elevados-con-la-progresion-de-la-placa\/"]}]},{"@type":"BreadcrumbList","@id":"https:\/\/r3i.org\/es\/editoriales-r3i\/editorial-16-09-un-nuevo-estudio-relaciona-los-trigliceridos-elevados-con-la-progresion-de-la-placa\/#breadcrumb","itemListElement":[{"@type":"ListItem","position":1,"name":"Home","item":"https:\/\/r3i.org\/es\/"},{"@type":"ListItem","position":2,"name":"Editoriales R3i","item":"https:\/\/r3i.org\/es\/editoriales-r3i\/"},{"@type":"ListItem","position":3,"name":"Editorial 16\/09 &#8211; Un nuevo estudio relaciona los triglic\u00e9ridos elevados con la progresi\u00f3n de la placa"}]},{"@type":"WebSite","@id":"https:\/\/r3i.org\/es\/#website","url":"https:\/\/r3i.org\/es\/","name":"R3I","description":"Residual Risk Reduction Initiative","publisher":{"@id":"https:\/\/r3i.org\/es\/#organization"},"potentialAction":[{"@type":"SearchAction","target":{"@type":"EntryPoint","urlTemplate":"https:\/\/r3i.org\/es\/?s={search_term_string}"},"query-input":{"@type":"PropertyValueSpecification","valueRequired":true,"valueName":"search_term_string"}}],"inLanguage":"es"},{"@type":"Organization","@id":"https:\/\/r3i.org\/es\/#organization","name":"R3I","url":"https:\/\/r3i.org\/es\/","logo":{"@type":"ImageObject","inLanguage":"es","@id":"https:\/\/r3i.org\/es\/#\/schema\/logo\/image\/","url":"https:\/\/i0.wp.com\/r3i.org\/wp-content\/uploads\/2024\/11\/r3i-logo-transp-1.png?fit=1601%2C834&ssl=1","contentUrl":"https:\/\/i0.wp.com\/r3i.org\/wp-content\/uploads\/2024\/11\/r3i-logo-transp-1.png?fit=1601%2C834&ssl=1","width":1601,"height":834,"caption":"R3I"},"image":{"@id":"https:\/\/r3i.org\/es\/#\/schema\/logo\/image\/"}}]}},"jetpack_likes_enabled":true,"jetpack_sharing_enabled":true,"jetpack_shortlink":"https:\/\/wp.me\/Pgbfv2-13NM","jetpack-related-posts":[],"_links":{"self":[{"href":"https:\/\/r3i.org\/es\/wp-json\/wp\/v2\/pages\/252946","targetHints":{"allow":["GET"]}}],"collection":[{"href":"https:\/\/r3i.org\/es\/wp-json\/wp\/v2\/pages"}],"about":[{"href":"https:\/\/r3i.org\/es\/wp-json\/wp\/v2\/types\/page"}],"author":[{"embeddable":true,"href":"https:\/\/r3i.org\/es\/wp-json\/wp\/v2\/users\/258497324"}],"replies":[{"embeddable":true,"href":"https:\/\/r3i.org\/es\/wp-json\/wp\/v2\/comments?post=252946"}],"version-history":[{"count":2,"href":"https:\/\/r3i.org\/es\/wp-json\/wp\/v2\/pages\/252946\/revisions"}],"predecessor-version":[{"id":252948,"href":"https:\/\/r3i.org\/es\/wp-json\/wp\/v2\/pages\/252946\/revisions\/252948"}],"up":[{"embeddable":true,"href":"https:\/\/r3i.org\/es\/wp-json\/wp\/v2\/pages\/252805"}],"wp:attachment":[{"href":"https:\/\/r3i.org\/es\/wp-json\/wp\/v2\/media?parent=252946"}],"curies":[{"name":"wp","href":"https:\/\/api.w.org\/{rel}","templated":true}]}}