{"id":252934,"date":"2025-01-31T12:56:57","date_gmt":"2025-01-31T11:56:57","guid":{"rendered":"https:\/\/r3i.org\/editoriales-r3i\/editorial-24-07-nuevos-farmacos-para-reducir-los-trigliceridos\/"},"modified":"2025-02-15T01:36:38","modified_gmt":"2025-02-15T00:36:38","slug":"editorial-24-07-nuevos-farmacos-para-reducir-los-trigliceridos","status":"publish","type":"page","link":"https:\/\/r3i.org\/es\/editoriales-r3i\/editorial-24-07-nuevos-farmacos-para-reducir-los-trigliceridos\/","title":{"rendered":"Editorial 24\/07 &#8211; Nuevos f\u00e1rmacos para reducir los triglic\u00e9ridos"},"content":{"rendered":"<p>[et_pb_section fb_built=\u00bb1&#8243; admin_label=\u00bbHeader\u00bb _builder_version=\u00bb4.27.4&#8243; _module_preset=\u00bb35f37621-1062-4ae6-955d-76a3167a2aa8&#8243; background_image=\u00bbhttps:\/\/r3i.org\/wp-content\/uploads\/2024\/12\/pexels-pixabay-267582.jpg\u00bb parallax=\u00bbon\u00bb min_height=\u00bb157.9px\u00bb min_height_tablet=\u00bb100px\u00bb min_height_phone=\u00bb100px\u00bb min_height_last_edited=\u00bbon|phone\u00bb height=\u00bb116px\u00bb height_tablet=\u00bb153px\u00bb height_phone=\u00bb130px\u00bb height_last_edited=\u00bbon|phone\u00bb custom_margin_tablet=\u00bb\u00bb custom_margin_phone=\u00bb-17px||||false|false\u00bb custom_margin_last_edited=\u00bbon|phone\u00bb custom_padding=\u00bb0vw||0vw||true|false\u00bb collapsed=\u00bbon\u00bb global_colors_info=\u00bb{%22gcid-primary-color%22:%91%22quote_text_color%22,%22background_color_gradient_stops%22%93}\u00bb][et_pb_row _builder_version=\u00bb4.27.4&#8243; _module_preset=\u00bbdefault\u00bb global_colors_info=\u00bb{}\u00bb][et_pb_column type=\u00bb4_4&#8243; _builder_version=\u00bb4.27.0&#8243; _module_preset=\u00bbdefault\u00bb global_colors_info=\u00bb{}\u00bb][et_pb_text _builder_version=\u00bb4.27.4&#8243; _module_preset=\u00bbdefault\u00bb text_text_color=\u00bb#FFFFFF\u00bb header_2_text_color=\u00bb#FFFFFF\u00bb custom_padding=\u00bb1px|||||\u00bb global_colors_info=\u00bb{}\u00bb]<\/p>\n<h2>Editoriales R3i<\/h2>\n<p>[\/et_pb_text][\/et_pb_column][\/et_pb_row][\/et_pb_section][et_pb_section fb_built=\u00bb1&#8243; _builder_version=\u00bb4.27.3&#8243; _module_preset=\u00bbdefault\u00bb custom_margin=\u00bb-49px|||||\u00bb custom_padding=\u00bb2px||40px|||\u00bb global_colors_info=\u00bb{}\u00bb][et_pb_row column_structure=\u00bb1_2,1_2&#8243; _builder_version=\u00bb4.27.4&#8243; _module_preset=\u00bbdefault\u00bb border_radii=\u00bboff|13px|13px|13px|13px\u00bb border_width_all=\u00bb4px\u00bb border_color_all=\u00bbgcid-b673dc17-1b2a-464e-affa-1bf1ab41c0fd\u00bb border_width_all_tablet=\u00bb4px\u00bb border_width_all_phone=\u00bb0px\u00bb border_width_all_last_edited=\u00bbon|phone\u00bb border_color_all_tablet=\u00bbgcid-b673dc17-1b2a-464e-affa-1bf1ab41c0fd\u00bb border_color_all_phone=\u00bbgcid-b673dc17-1b2a-464e-affa-1bf1ab41c0fd\u00bb border_color_all_last_edited=\u00bbon|phone\u00bb box_shadow_style=\u00bbpreset2&#8243; global_colors_info=\u00bb{%22gcid-b673dc17-1b2a-464e-affa-1bf1ab41c0fd%22:%91%22border_color_all%22%93}\u00bb][et_pb_column type=\u00bb1_2&#8243; _builder_version=\u00bb4.27.4&#8243; _module_preset=\u00bbdefault\u00bb global_colors_info=\u00bb{}\u00bb][et_pb_text _builder_version=\u00bb4.27.4&#8243; _module_preset=\u00bbdefault\u00bb text_font_size=\u00bb14px\u00bb header_5_text_color=\u00bbgcid-4907c8d4-9eff-49de-91ce-43a2d3a729cf\u00bb header_6_text_color=\u00bbgcid-secondary-color\u00bb inline_fonts=\u00bbAbyssinica SIL\u00bb global_colors_info=\u00bb{%22gcid-primary-color%22:%91%22quote_text_color%22,%22quote_text_color%22,%22quote_text_color%22%93,%22gcid-4907c8d4-9eff-49de-91ce-43a2d3a729cf%22:%91%22header_5_text_color%22%93,%22gcid-secondary-color%22:%91%22header_6_text_color%22%93}\u00bb]<\/p>\n<h5 style=\"text-align: center;\"><span style=\"font-family: 'Abyssinica SIL'; font-weight: normal; font-size: small;\">Agosto 2024<\/span><\/h5>\n<h5 style=\"text-align: center;\">Nuevos f\u00e1rmacos para reducir los triglic\u00e9ridos<\/h5>\n<h6 style=\"text-align: center;\"><span lang=\"EN-GB\">Prof. Jean-Charles Fruchart, <\/span><span lang=\"EN-GB\">Prof. Michel Hermans, Prof. Pierre Amarenco<\/span><\/h6>\n<p>En los \u00faltimos tiempos ha resurgido el inter\u00e9s por los triglic\u00e9ridos (TG), un sustituto de las lipoprote\u00ednas aterog\u00e9nicas ricas en TG que ahora se considera que contribuyen al riesgo cardiovascular residual. Este punto de vista est\u00e1 respaldado por la acumulaci\u00f3n de pruebas procedentes de estudios epidemiol\u00f3gicos, mecan\u00edsticos y gen\u00e9ticos que indican que los niveles elevados de lipoprote\u00ednas ricas en TG son predictores fuertes e independientes de la enfermedad cardiovascular ateroscler\u00f3tica (ECVA) (1). Esta base de pruebas cada vez m\u00e1s s\u00f3lida impuls\u00f3 la realizaci\u00f3n de estudios de resultados cl\u00ednicos cuyo objetivo era establecer que las lipoprote\u00ednas ricas en TG son causantes de la ASCVD.<br \/>Sin embargo, el camino de estos ensayos ha sido accidentado, y s\u00f3lo un ensayo hasta la fecha, REDUCE-IT (2), ha demostrado un beneficio cl\u00ednico definitivo de la reducci\u00f3n de los niveles de TG con el tratamiento con dosis altas de icosapent etil.<br \/>Con estas cuestiones persistentes sobre la reducci\u00f3n de los TG y la ASCVD, se ha renovado el inter\u00e9s por identificar nuevos agentes que act\u00faen en diferentes lugares del metabolismo de las lipoprote\u00ednas ricas en TG. Ayudados por los avances en las tecnolog\u00edas basadas en \u00e1cidos nucleicos, los peque\u00f1os ARN interferentes (siARN) terap\u00e9uticos han ganado atractivo en<br \/>dada su especificidad y eficacia. Como estos agentes se caracterizan por una baja captaci\u00f3n celular y son susceptibles a la degradaci\u00f3n mediada por nucleasas, se requiere un portador para su administraci\u00f3n eficaz en las c\u00e9lulas diana (3). El primer ARNsi aprobado, el inclisiran, est\u00e1 en uso cl\u00ednico para el tratamiento de la hipercolesterolemia familiar homocig\u00f3tica y el colesterol elevado de lipoprote\u00ednas de baja densidad (LDL-C). <br \/>Esta atractiva tecnolog\u00eda se ha utilizado ahora en la b\u00fasqueda de nuevos agentes reductores de la TG (4).<br \/>El plozasiran (anteriormente denominado ARO-APOC3) es el primer siARN terap\u00e9utico de su clase dirigido a los hepatocitos para la apolipoprote\u00edna C-III (APOC3). La APOC3 es un cofactor de la lipoprote\u00edna lipasa (LPL), un regulador central del metabolismo lip\u00eddico que desempe\u00f1a un papel clave en la hidr\u00f3lisis de las lipoprote\u00ednas de muy baja densidad y los quilomicrones. La APOC3 inhibe la LPL e interfiere en la captaci\u00f3n hep\u00e1tica de lipoprote\u00ednas ricas en TG por una v\u00eda independiente de la LPL (5). As\u00ed pues, al reducir la expresi\u00f3n de APOC3, el plozasiran reduce los niveles de TG.<\/p>\n<p>[\/et_pb_text][\/et_pb_column][et_pb_column type=\u00bb1_2&#8243; _builder_version=\u00bb4.27.4&#8243; _module_preset=\u00bbdefault\u00bb global_colors_info=\u00bb{}\u00bb][et_pb_text _builder_version=\u00bb4.27.4&#8243; _module_preset=\u00bbdefault\u00bb text_text_color=\u00bbgcid-4907c8d4-9eff-49de-91ce-43a2d3a729cf\u00bb text_font_size=\u00bb14px\u00bb global_colors_info=\u00bb{%22gcid-primary-color%22:%91%22quote_text_color%22,%22quote_text_color%22,%22quote_text_color%22%93,%22gcid-4907c8d4-9eff-49de-91ce-43a2d3a729cf%22:%91%22text_text_color%22%93}\u00bb]<\/p>\n<p>Un ensayo cl\u00ednico temprano aport\u00f3 pruebas de concepto del plozasiran en individuos con hipertrigliceridemia y quilomicronemia (6). En ensayos recientes se ha investigado el plozasiran en el contexto cl\u00ednico de la hipertrigliceridemia grave (7), la hiperlipidemia mixta, como se expone en el art\u00edculo<br \/>Focus de este mes (8), y m\u00e1s recientemente, en el ensayo PALISADE, en pacientes con s\u00edndrome de quilomicronemia familiar (SFC), una enfermedad gen\u00e9tica grave y muy poco frecuente con una necesidad cl\u00ednica insatisfecha de nuevas terapias.<br \/>Los resultados iniciales del estudio PALISADE mostraron que el plozasiran reduc\u00eda significativamente los niveles de TG (un 80% con 25 mg de plozasiran y un 78% con 50 mg de plozasiran a los 10 meses), y que esta respuesta se manten\u00eda a los 12 meses (9). Gracias a estos resultados, la Administraci\u00f3n de Alimentos y F\u00e1rmacos de EE.UU. concedi\u00f3 al plozasiran la designaci\u00f3n de f\u00e1rmaco hu\u00e9rfano<br \/>y la Agencia Europea del Medicamento la designaci\u00f3n de f\u00e1rmaco hu\u00e9rfano (10).<br \/>El plozasiran no es el \u00fanico tratamiento con ARNsi para reducir las TG que se est\u00e1 desarrollando. Otro enfoque se dirige a la prote\u00edna 3 similar a la angiopoyetina (ANGPTL3), una glucoprote\u00edna producida por el h\u00edgado que desempe\u00f1a un papel fundamental en la inhibici\u00f3n de la LPL y la lipasa endotelial, as\u00ed como en la captaci\u00f3n hep\u00e1tica de restos de lipoprote\u00ednas ricas en TG (11). Un ensayo de fase 2 con zodasiran, una terapia con ARNsi dirigida a la expresi\u00f3n de ANGPTL3 en el h\u00edgado, ha demostrado su eficacia en pacientes con hiperlipidemia mixta (12), y hay m\u00e1s ensayos en curso. Con estas terapias novedosas en desarrollo, el futuro de las terapias reductoras de los TG parece brillante. La pregunta clave de<br \/>-si la disminuci\u00f3n de los niveles de lipoprote\u00ednas ricas en TG conlleva un beneficio cl\u00ednico en t\u00e9rminos de reducci\u00f3n del riesgo cardiovascular residual- merece ser abordada en estudios de resultados cardiovasculares con estos agentes novedosos.      <\/p>\n<p>[\/et_pb_text][et_pb_text _builder_version=\u00bb4.27.4&#8243; _module_preset=\u00bbdefault\u00bb text_font_size=\u00bb8px\u00bb global_colors_info=\u00bb{}\u00bb]<\/p>\n<p style=\"font-weight: 400;\"><strong>Referencias<\/strong><\/p>\n<ol>\n<li>Nordestgaard BG. Triglyceride-rich lipoproteins and atherosclerotic cardiovascular disease. Insights from epidemiology, genetics, and biology, Circ Res 2016;118:547-563.<br \/>2. Bhatt DL, Steg PG, Miller M, et al. Cardiovascular risk reduction with icosapent ethyl for hypertriglyceridemia. N Engl J Med 2019;380:11-22.<br \/>3. Friedrich M, Aigner A. Therapeutic siRNA: State\u2011of\u2011the\u2011Art and future perspectives. BioDrugs 2022;36:549\u2013571. <br \/>4. Chan DC, Watts GF. ANGPTL3 and ApoC-III inhibitors for treating hypertriglyceridemia in context: horses for courses? Curr Opin Lipidol 2024;35:101-109.<br \/>5. Giammanco A, Spina R, Cefal\u00f9 AB, Averna M. APOC-III: a gatekeeper in controlling triglyceride metabolism. Curr Atheroscler Rep 2023;25:67\u201376.<br \/>6. Gaudet D, Clifton P, Sullivan D, et al. RNA interference therapy targeting apolipoprotein C-III in hypertriglyceridemia. NEJM Evid 2023;2(12):EVIDoa2200325.<br \/>7. Gaudet D, Pall D, Watts GF, et al. Plozasiran (ARO-APOC3) for severe hypertriglyceridemia: the SHASTA-2 randomized clinical trial. JAMA Cardiol 2024;9:620-630.<br \/>8. Ballantyne CM, Vasas S, Azizad M, et al. Plozasiran, an RNA interference agent targeting APOC3, for mixed hyperlipidemia. N Engl J Med 2024; doi: 10.1056\/NEJMoa2404143.<br \/>9. Arrowhead Pharmaceuticals reports successful topline results for plozasiran from the pivotal phase 3 palisade study in patients with familial chylomicronemia syndrome. Arrowhead Pharmaceuticals Inc. June 3, 2024. Accessed June 3, 2024. <a href=\"https:\/\/ir.arrowheadpharma.com\/news-releases\/news-release-details\/arrowhead-pharmaceuticals-reports-successful-topline-results\" rel=\"nofollow\">https:\/\/ir.arrowheadpharma.com\/news-releases\/news-release-details\/arrowhead-pharmaceuticals-reports-successful-topline-results<\/a><br \/>10. Arrowhead receives FDA Fast Track designation for aro-APOC3. Arrowhead Pharmaceuticals Inc. March 20, 2023. Accessed May 28, 2024. <a href=\"https:\/\/ir.arrowheadpharma.com\/news-releases\/news-release-details\/arrowhead-receives-fda-fast-track-designation-aro-apoc3\" rel=\"nofollow\">https:\/\/ir.arrowheadpharma.com\/news-releases\/news-release-details\/arrowhead-receives-fda-fast-track-designation-aro-apoc3<\/a><br \/>11. Kersten S. ANGPTL3 as therapeutic target. Curr Opin Lipidol 2021;32:335-341.<br \/>12. Rosenson RS, Gaudet D, Hegele RA, et al. Zodasiran, an RNAi therapeutic targeting ANGPTL3, for mixed hyperlipidemia. N Engl J Med 2024; doi: 10.1056\/NEJMoa2404147\n<\/li>\n<\/ol>\n<p>[\/et_pb_text][\/et_pb_column][\/et_pb_row][\/et_pb_section]<\/p>\n","protected":false},"excerpt":{"rendered":"<p>Editoriales R3iAgosto 2024 Nuevos f\u00e1rmacos para reducir los triglic\u00e9ridos Prof. Jean-Charles Fruchart, Prof. Michel Hermans, Prof. Pierre Amarenco En los \u00faltimos tiempos ha resurgido el inter\u00e9s por los triglic\u00e9ridos (TG), un sustituto de las lipoprote\u00ednas aterog\u00e9nicas ricas en TG que ahora se considera que contribuyen al riesgo cardiovascular residual. Este punto de vista est\u00e1 respaldado [&hellip;]<\/p>\n","protected":false},"author":258497324,"featured_media":0,"parent":252805,"menu_order":0,"comment_status":"closed","ping_status":"closed","template":"","meta":{"_et_pb_use_builder":"on","_et_pb_old_content":"","_et_gb_content_width":"","_crdt_document":"","jetpack_post_was_ever_published":false,"footnotes":""},"class_list":["post-252934","page","type-page","status-publish","hentry"],"yoast_head":"<!-- This site is optimized with the Yoast SEO plugin v27.1.1 - https:\/\/yoast.com\/product\/yoast-seo-wordpress\/ -->\n<title>Editorial 24\/07 - Nuevos f\u00e1rmacos para reducir los triglic\u00e9ridos - R3I<\/title>\n<meta name=\"robots\" content=\"index, follow, max-snippet:-1, max-image-preview:large, max-video-preview:-1\" \/>\n<link rel=\"canonical\" href=\"https:\/\/r3i.org\/es\/editoriales-r3i\/editorial-24-07-nuevos-farmacos-para-reducir-los-trigliceridos\/\" \/>\n<meta property=\"og:locale\" content=\"es_ES\" \/>\n<meta property=\"og:type\" content=\"article\" \/>\n<meta property=\"og:title\" content=\"Editorial 24\/07 - Nuevos f\u00e1rmacos para reducir los triglic\u00e9ridos - R3I\" \/>\n<meta property=\"og:description\" content=\"Editoriales R3iAgosto 2024 Nuevos f\u00e1rmacos para reducir los triglic\u00e9ridos Prof. Jean-Charles Fruchart, Prof. Michel Hermans, Prof. Pierre Amarenco En los \u00faltimos tiempos ha resurgido el inter\u00e9s por los triglic\u00e9ridos (TG), un sustituto de las lipoprote\u00ednas aterog\u00e9nicas ricas en TG que ahora se considera que contribuyen al riesgo cardiovascular residual. Este punto de vista est\u00e1 respaldado [&hellip;]\" \/>\n<meta property=\"og:url\" content=\"https:\/\/r3i.org\/es\/editoriales-r3i\/editorial-24-07-nuevos-farmacos-para-reducir-los-trigliceridos\/\" \/>\n<meta property=\"og:site_name\" content=\"R3I\" \/>\n<meta property=\"article:modified_time\" content=\"2025-02-15T00:36:38+00:00\" \/>\n<meta name=\"twitter:card\" content=\"summary_large_image\" \/>\n<meta name=\"twitter:label1\" content=\"Tiempo de lectura\" \/>\n\t<meta name=\"twitter:data1\" content=\"7 minutos\" \/>\n<script type=\"application\/ld+json\" class=\"yoast-schema-graph\">{\"@context\":\"https:\/\/schema.org\",\"@graph\":[{\"@type\":\"WebPage\",\"@id\":\"https:\/\/r3i.org\/es\/editoriales-r3i\/editorial-24-07-nuevos-farmacos-para-reducir-los-trigliceridos\/\",\"url\":\"https:\/\/r3i.org\/es\/editoriales-r3i\/editorial-24-07-nuevos-farmacos-para-reducir-los-trigliceridos\/\",\"name\":\"Editorial 24\/07 - Nuevos f\u00e1rmacos para reducir los triglic\u00e9ridos - R3I\",\"isPartOf\":{\"@id\":\"https:\/\/r3i.org\/es\/#website\"},\"datePublished\":\"2025-01-31T11:56:57+00:00\",\"dateModified\":\"2025-02-15T00:36:38+00:00\",\"breadcrumb\":{\"@id\":\"https:\/\/r3i.org\/es\/editoriales-r3i\/editorial-24-07-nuevos-farmacos-para-reducir-los-trigliceridos\/#breadcrumb\"},\"inLanguage\":\"es\",\"potentialAction\":[{\"@type\":\"ReadAction\",\"target\":[\"https:\/\/r3i.org\/es\/editoriales-r3i\/editorial-24-07-nuevos-farmacos-para-reducir-los-trigliceridos\/\"]}]},{\"@type\":\"BreadcrumbList\",\"@id\":\"https:\/\/r3i.org\/es\/editoriales-r3i\/editorial-24-07-nuevos-farmacos-para-reducir-los-trigliceridos\/#breadcrumb\",\"itemListElement\":[{\"@type\":\"ListItem\",\"position\":1,\"name\":\"Home\",\"item\":\"https:\/\/r3i.org\/es\/\"},{\"@type\":\"ListItem\",\"position\":2,\"name\":\"Editoriales R3i\",\"item\":\"https:\/\/r3i.org\/es\/editoriales-r3i\/\"},{\"@type\":\"ListItem\",\"position\":3,\"name\":\"Editorial 24\/07 &#8211; Nuevos f\u00e1rmacos para reducir los triglic\u00e9ridos\"}]},{\"@type\":\"WebSite\",\"@id\":\"https:\/\/r3i.org\/es\/#website\",\"url\":\"https:\/\/r3i.org\/es\/\",\"name\":\"R3I\",\"description\":\"Residual Risk Reduction Initiative\",\"publisher\":{\"@id\":\"https:\/\/r3i.org\/es\/#organization\"},\"potentialAction\":[{\"@type\":\"SearchAction\",\"target\":{\"@type\":\"EntryPoint\",\"urlTemplate\":\"https:\/\/r3i.org\/es\/?s={search_term_string}\"},\"query-input\":{\"@type\":\"PropertyValueSpecification\",\"valueRequired\":true,\"valueName\":\"search_term_string\"}}],\"inLanguage\":\"es\"},{\"@type\":\"Organization\",\"@id\":\"https:\/\/r3i.org\/es\/#organization\",\"name\":\"R3I\",\"url\":\"https:\/\/r3i.org\/es\/\",\"logo\":{\"@type\":\"ImageObject\",\"inLanguage\":\"es\",\"@id\":\"https:\/\/r3i.org\/es\/#\/schema\/logo\/image\/\",\"url\":\"https:\/\/i0.wp.com\/r3i.org\/wp-content\/uploads\/2024\/11\/r3i-logo-transp-1.png?fit=1601%2C834&ssl=1\",\"contentUrl\":\"https:\/\/i0.wp.com\/r3i.org\/wp-content\/uploads\/2024\/11\/r3i-logo-transp-1.png?fit=1601%2C834&ssl=1\",\"width\":1601,\"height\":834,\"caption\":\"R3I\"},\"image\":{\"@id\":\"https:\/\/r3i.org\/es\/#\/schema\/logo\/image\/\"}}]}<\/script>\n<!-- \/ Yoast SEO plugin. -->","yoast_head_json":{"title":"Editorial 24\/07 - Nuevos f\u00e1rmacos para reducir los triglic\u00e9ridos - R3I","robots":{"index":"index","follow":"follow","max-snippet":"max-snippet:-1","max-image-preview":"max-image-preview:large","max-video-preview":"max-video-preview:-1"},"canonical":"https:\/\/r3i.org\/es\/editoriales-r3i\/editorial-24-07-nuevos-farmacos-para-reducir-los-trigliceridos\/","og_locale":"es_ES","og_type":"article","og_title":"Editorial 24\/07 - Nuevos f\u00e1rmacos para reducir los triglic\u00e9ridos - R3I","og_description":"Editoriales R3iAgosto 2024 Nuevos f\u00e1rmacos para reducir los triglic\u00e9ridos Prof. Jean-Charles Fruchart, Prof. Michel Hermans, Prof. Pierre Amarenco En los \u00faltimos tiempos ha resurgido el inter\u00e9s por los triglic\u00e9ridos (TG), un sustituto de las lipoprote\u00ednas aterog\u00e9nicas ricas en TG que ahora se considera que contribuyen al riesgo cardiovascular residual. Este punto de vista est\u00e1 respaldado [&hellip;]","og_url":"https:\/\/r3i.org\/es\/editoriales-r3i\/editorial-24-07-nuevos-farmacos-para-reducir-los-trigliceridos\/","og_site_name":"R3I","article_modified_time":"2025-02-15T00:36:38+00:00","twitter_card":"summary_large_image","twitter_misc":{"Tiempo de lectura":"7 minutos"},"schema":{"@context":"https:\/\/schema.org","@graph":[{"@type":"WebPage","@id":"https:\/\/r3i.org\/es\/editoriales-r3i\/editorial-24-07-nuevos-farmacos-para-reducir-los-trigliceridos\/","url":"https:\/\/r3i.org\/es\/editoriales-r3i\/editorial-24-07-nuevos-farmacos-para-reducir-los-trigliceridos\/","name":"Editorial 24\/07 - Nuevos f\u00e1rmacos para reducir los triglic\u00e9ridos - R3I","isPartOf":{"@id":"https:\/\/r3i.org\/es\/#website"},"datePublished":"2025-01-31T11:56:57+00:00","dateModified":"2025-02-15T00:36:38+00:00","breadcrumb":{"@id":"https:\/\/r3i.org\/es\/editoriales-r3i\/editorial-24-07-nuevos-farmacos-para-reducir-los-trigliceridos\/#breadcrumb"},"inLanguage":"es","potentialAction":[{"@type":"ReadAction","target":["https:\/\/r3i.org\/es\/editoriales-r3i\/editorial-24-07-nuevos-farmacos-para-reducir-los-trigliceridos\/"]}]},{"@type":"BreadcrumbList","@id":"https:\/\/r3i.org\/es\/editoriales-r3i\/editorial-24-07-nuevos-farmacos-para-reducir-los-trigliceridos\/#breadcrumb","itemListElement":[{"@type":"ListItem","position":1,"name":"Home","item":"https:\/\/r3i.org\/es\/"},{"@type":"ListItem","position":2,"name":"Editoriales R3i","item":"https:\/\/r3i.org\/es\/editoriales-r3i\/"},{"@type":"ListItem","position":3,"name":"Editorial 24\/07 &#8211; Nuevos f\u00e1rmacos para reducir los triglic\u00e9ridos"}]},{"@type":"WebSite","@id":"https:\/\/r3i.org\/es\/#website","url":"https:\/\/r3i.org\/es\/","name":"R3I","description":"Residual Risk Reduction Initiative","publisher":{"@id":"https:\/\/r3i.org\/es\/#organization"},"potentialAction":[{"@type":"SearchAction","target":{"@type":"EntryPoint","urlTemplate":"https:\/\/r3i.org\/es\/?s={search_term_string}"},"query-input":{"@type":"PropertyValueSpecification","valueRequired":true,"valueName":"search_term_string"}}],"inLanguage":"es"},{"@type":"Organization","@id":"https:\/\/r3i.org\/es\/#organization","name":"R3I","url":"https:\/\/r3i.org\/es\/","logo":{"@type":"ImageObject","inLanguage":"es","@id":"https:\/\/r3i.org\/es\/#\/schema\/logo\/image\/","url":"https:\/\/i0.wp.com\/r3i.org\/wp-content\/uploads\/2024\/11\/r3i-logo-transp-1.png?fit=1601%2C834&ssl=1","contentUrl":"https:\/\/i0.wp.com\/r3i.org\/wp-content\/uploads\/2024\/11\/r3i-logo-transp-1.png?fit=1601%2C834&ssl=1","width":1601,"height":834,"caption":"R3I"},"image":{"@id":"https:\/\/r3i.org\/es\/#\/schema\/logo\/image\/"}}]}},"jetpack_likes_enabled":true,"jetpack_sharing_enabled":true,"jetpack_shortlink":"https:\/\/wp.me\/Pgbfv2-13NA","jetpack-related-posts":[],"_links":{"self":[{"href":"https:\/\/r3i.org\/es\/wp-json\/wp\/v2\/pages\/252934","targetHints":{"allow":["GET"]}}],"collection":[{"href":"https:\/\/r3i.org\/es\/wp-json\/wp\/v2\/pages"}],"about":[{"href":"https:\/\/r3i.org\/es\/wp-json\/wp\/v2\/types\/page"}],"author":[{"embeddable":true,"href":"https:\/\/r3i.org\/es\/wp-json\/wp\/v2\/users\/258497324"}],"replies":[{"embeddable":true,"href":"https:\/\/r3i.org\/es\/wp-json\/wp\/v2\/comments?post=252934"}],"version-history":[{"count":5,"href":"https:\/\/r3i.org\/es\/wp-json\/wp\/v2\/pages\/252934\/revisions"}],"predecessor-version":[{"id":253526,"href":"https:\/\/r3i.org\/es\/wp-json\/wp\/v2\/pages\/252934\/revisions\/253526"}],"up":[{"embeddable":true,"href":"https:\/\/r3i.org\/es\/wp-json\/wp\/v2\/pages\/252805"}],"wp:attachment":[{"href":"https:\/\/r3i.org\/es\/wp-json\/wp\/v2\/media?parent=252934"}],"curies":[{"name":"wp","href":"https:\/\/api.w.org\/{rel}","templated":true}]}}