{"id":252931,"date":"2024-12-27T18:39:16","date_gmt":"2024-12-27T17:39:16","guid":{"rendered":"https:\/\/r3i.org\/editoriales-r3i\/editorial-23-07-llamada-a-la-accion-sobre-el-riesgo-residual-de-ictus\/"},"modified":"2025-02-15T01:55:42","modified_gmt":"2025-02-15T00:55:42","slug":"editorial-23-07-llamada-a-la-accion-sobre-el-riesgo-residual-de-ictus","status":"publish","type":"page","link":"https:\/\/r3i.org\/es\/editoriales-r3i\/editorial-23-07-llamada-a-la-accion-sobre-el-riesgo-residual-de-ictus\/","title":{"rendered":"Editorial 23\/07 &#8211; Llamada a la acci\u00f3n sobre el riesgo residual de ictus"},"content":{"rendered":"<p>[et_pb_section fb_built=\u00bb1&#8243; admin_label=\u00bbHeader\u00bb _builder_version=\u00bb4.27.4&#8243; _module_preset=\u00bb35f37621-1062-4ae6-955d-76a3167a2aa8&#8243; background_image=\u00bbhttps:\/\/r3i.org\/wp-content\/uploads\/2024\/12\/pexels-pixabay-267582.jpg\u00bb parallax=\u00bbon\u00bb min_height=\u00bb157.9px\u00bb min_height_tablet=\u00bb100px\u00bb min_height_phone=\u00bb100px\u00bb min_height_last_edited=\u00bbon|phone\u00bb height=\u00bb116px\u00bb height_tablet=\u00bb153px\u00bb height_phone=\u00bb130px\u00bb height_last_edited=\u00bbon|phone\u00bb custom_margin_tablet=\u00bb\u00bb custom_margin_phone=\u00bb-17px||||false|false\u00bb custom_margin_last_edited=\u00bbon|phone\u00bb custom_padding=\u00bb0vw||0vw||true|false\u00bb collapsed=\u00bbon\u00bb global_colors_info=\u00bb{%22gcid-primary-color%22:%91%22quote_text_color%22,%22background_color_gradient_stops%22%93}\u00bb][et_pb_row _builder_version=\u00bb4.27.4&#8243; _module_preset=\u00bbdefault\u00bb global_colors_info=\u00bb{}\u00bb][et_pb_column type=\u00bb4_4&#8243; _builder_version=\u00bb4.27.0&#8243; _module_preset=\u00bbdefault\u00bb global_colors_info=\u00bb{}\u00bb][et_pb_text _builder_version=\u00bb4.27.4&#8243; _module_preset=\u00bbdefault\u00bb text_text_color=\u00bb#FFFFFF\u00bb header_2_text_color=\u00bb#FFFFFF\u00bb custom_padding=\u00bb1px|||||\u00bb global_colors_info=\u00bb{}\u00bb]<\/p>\n<h2>Editoriales R3i<\/h2>\n<p>[\/et_pb_text][\/et_pb_column][\/et_pb_row][\/et_pb_section][et_pb_section fb_built=\u00bb1&#8243; _builder_version=\u00bb4.27.3&#8243; _module_preset=\u00bbdefault\u00bb custom_margin=\u00bb-49px|||||\u00bb custom_padding=\u00bb2px||40px|||\u00bb global_colors_info=\u00bb{}\u00bb][et_pb_row column_structure=\u00bb1_2,1_2&#8243; _builder_version=\u00bb4.27.4&#8243; _module_preset=\u00bbdefault\u00bb border_radii=\u00bboff|13px|13px|13px|13px\u00bb border_width_all=\u00bb4px\u00bb border_color_all=\u00bbgcid-b673dc17-1b2a-464e-affa-1bf1ab41c0fd\u00bb border_width_all_tablet=\u00bb4px\u00bb border_width_all_phone=\u00bb0px\u00bb border_width_all_last_edited=\u00bbon|phone\u00bb border_color_all_tablet=\u00bbgcid-b673dc17-1b2a-464e-affa-1bf1ab41c0fd\u00bb border_color_all_phone=\u00bbgcid-b673dc17-1b2a-464e-affa-1bf1ab41c0fd\u00bb border_color_all_last_edited=\u00bbon|phone\u00bb box_shadow_style=\u00bbpreset2&#8243; global_colors_info=\u00bb{%22gcid-b673dc17-1b2a-464e-affa-1bf1ab41c0fd%22:%91%22border_color_all%22%93}\u00bb][et_pb_column type=\u00bb1_2&#8243; _builder_version=\u00bb4.27.4&#8243; _module_preset=\u00bbdefault\u00bb global_colors_info=\u00bb{}\u00bb][et_pb_text _builder_version=\u00bb4.27.4&#8243; _module_preset=\u00bbdefault\u00bb text_font_size=\u00bb14px\u00bb header_5_text_color=\u00bbgcid-4907c8d4-9eff-49de-91ce-43a2d3a729cf\u00bb header_6_text_color=\u00bbgcid-secondary-color\u00bb inline_fonts=\u00bbAbyssinica SIL\u00bb global_colors_info=\u00bb{%22gcid-primary-color%22:%91%22quote_text_color%22,%22quote_text_color%22,%22quote_text_color%22%93,%22gcid-4907c8d4-9eff-49de-91ce-43a2d3a729cf%22:%91%22header_5_text_color%22%93,%22gcid-secondary-color%22:%91%22header_6_text_color%22%93}\u00bb]<\/p>\n<h5 style=\"text-align: center;\"><span style=\"font-family: 'Abyssinica SIL'; font-weight: normal; font-size: small;\">Julio 2023<\/span><\/h5>\n<h5 style=\"text-align: center;\">Llamada a la acci\u00f3n con respecto al riesgo de accidente cerebrovascular<\/h5>\n<h6 style=\"text-align: center;\"><span lang=\"EN-GB\">Prof. Jean-Charles Fruchart, Prof. Michel Hermans, Prof. Pierre Amarenco<\/span><\/h6>\n<p>El accidente cerebrovascular es la causa principal de discapacidad en todo el mundo y la segunda causa principal de muerte. Seg\u00fan los \u00faltimos datos del Estudio de Carga Global de Enfermedades, la cantidad absoluta de accidentes cerebrovasculares ha aumentado en un 70 % en las tres \u00faltimas d\u00e9cadas (1990 a 2019), con un aumento a\u00fan mayor entre las personas de m\u00e1s de 70 a\u00f1os 1. Adem\u00e1s, hay disparidades por sexo en las caracter\u00edsticas epidemiol\u00f3gicas del accidente cerebrovascular. Mientras que los hombres tienen un riesgo mayor de accidente cerebrovascular la mayor parte de su vida, la incidencia del accidente cerebrovascular en mujeres aumenta con la edad, especialmente despu\u00e9s de los 85 a\u00f1os. Dada la esperanza de vida m\u00e1s prolongada, las mujeres por tanto dan cuenta de una proporci\u00f3n mayor de morbilidad y mortalidad, a pesar de los avances que se han hecho en el abordaje terap\u00e9utico 2. Por tanto, la alta carga global del accidente cerebrovascular y la discapacidad asociada \u2014que aumentan a medida que envejecen las poblaciones\u2014 justifican un renovado inter\u00e9s en la atenci\u00f3n preventiva.<\/p>\n<p>Esta llamada a la acci\u00f3n tambi\u00e9n se aplica al abordaje del ataque isqu\u00e9mico transitorio (TIA) o accidente cerebrovascular menor. Datos recientes del registro de TIA, que es un registro internacional, prospectivo y observacional de pacientes con un TIA reciente (en los 7 d\u00edas previos) o accidente cerebrovascular isqu\u00e9mico menor resalta la dificultad de tratar el riesgo residual de los accidentes cerebrovasculares. Cinco a\u00f1os despu\u00e9s de un TIA o accidente cerebrovascular menor, estos pacientes tienen una carga sustancial de discapacidad, predecible en gran medida por factores de riesgo modificables. En particular, entre quienes tienen diabetes concomitante, el riesgo de discapacidad recurrente o accidente cerebrovascular mortal era m\u00e1s del doble 3. Adem\u00e1s, los pacientes con aterosclerosis preexistente ten\u00edan un riesgo mucho mayor (por 2-3 veces) de episodios vasculares en los 5 a\u00f1os siguientes que aquellos sin aterosclerosis 4.<\/p>\n<p>En cierta medida, la acci\u00f3n para reducir el riesgo residual de accidente cerebrovascular se ve obstaculizada por la escasez de ensayos cl\u00ednicos, como lo subray\u00f3 el Prof. Pierre Amarenco en una reuni\u00f3n reciente del comit\u00e9 directivo internacional de la iniciativa de Reducci\u00f3n de Riesgo Residual en Marrakech, Marruecos, en febrero de este a\u00f1o [link to video]. A pesar de esto, se pueden sacar conclusiones importantes de los estudios de referencia que se han llevado a cabo. El estudio Tratamiento Espec\u00edfico de los Accidentes Cerebrovasculares (TST) demostr\u00f3 la importancia de una disminuci\u00f3n sustancial del colesterol de lipoprote\u00edna de baja densidad (C-LDL), tanto en t\u00e9rminos del valor objetivo como de la magnitud de la reducci\u00f3n de C-LDL (5-7). Actuar sobre la dislipidemia aterog\u00e9nica \u2014la combinaci\u00f3n de triglic\u00e9ridos elevados y baja concentraci\u00f3n en plasma de colesterol de lipoprote\u00edna de alta densidad que es prevalente en la diabetes\u2014 puede ofrecer beneficios adicionales; en el ensayo TST, los pacientes con accidente cerebrovascular, aterosclerosis y dislipidemia aterog\u00e9nica obtuvieron una reducci\u00f3n del riesgo del 36 % en el resultado principal 5.<\/p>\n<p>[\/et_pb_text][\/et_pb_column][et_pb_column type=\u00bb1_2&#8243; _builder_version=\u00bb4.27.4&#8243; _module_preset=\u00bbdefault\u00bb global_colors_info=\u00bb{}\u00bb][et_pb_text _builder_version=\u00bb4.27.4&#8243; _module_preset=\u00bbdefault\u00bb text_text_color=\u00bbgcid-4907c8d4-9eff-49de-91ce-43a2d3a729cf\u00bb text_font_size=\u00bb14px\u00bb global_colors_info=\u00bb{%22gcid-primary-color%22:%91%22quote_text_color%22,%22quote_text_color%22,%22quote_text_color%22%93,%22gcid-4907c8d4-9eff-49de-91ce-43a2d3a729cf%22:%91%22text_text_color%22%93}\u00bb]<\/p>\n<p>Adem\u00e1s, la intervenci\u00f3n contra otros factores de riesgo modificables, como la inflamaci\u00f3n, el estr\u00e9s oxidativo y el metabolismo an\u00f3malo de la glucosa, justifican una evaluaci\u00f3n. Dado su perfil de actividad, el pemafibrato modulador de receptores alfa selectivos activados por proliferadores peroxisomales (SPPARM\u03b1) puede ser un f\u00e1rmaco adecuado para evaluar esto. El pemafibrato tambi\u00e9n puede tener valor como parte de una estrategia para modificar la enfermedad y reducir el trastorno cognitivo posterior al accidente cerebrovascular.<\/p>\n<p>Aunque hemos avanzado mucho en el tratamiento del riesgo residual entre pacientes con cardiopat\u00eda coronaria, resta mucho por hacer para reducir el riesgo de accidente cerebrovascular recurrente y los trastornos cognitivos asociados. Aguardamos los resultados de ensayos nuevos, como RIISC-THETIS (Evaluaci\u00f3n de Colchicina y Ticagrelor en la Prevenci\u00f3n del Accidente Cerebrovascular Isqu\u00e9mico en Pacientes con Accidente Cerebrovascular debido a la Aterosclerosis), que centran la atenci\u00f3n en el riesgo residual inflamatorio y tromb\u00f3tico 8, para obtener apreciaciones nuevas que ayuden a reducir el riesgo residual del accidente cerebrovascular y a mejorar la salud cerebral.<\/p>\n<p>[\/et_pb_text][et_pb_text _builder_version=\u00bb4.27.4&#8243; _module_preset=\u00bbdefault\u00bb text_font_size=\u00bb8px\u00bb global_colors_info=\u00bb{}\u00bb]<\/p>\n<p style=\"font-weight: 400;\"><strong>Referencias<\/strong><\/p>\n<ol>\n<li style=\"font-weight: 400;\">GBD 2019 Stroke Collaborators. Global, regional, and national burden of stroke and its risk factors, 1990-2019: a systematic analysis for the Global Burden of Disease Study 2019. Lancet Neurol 2021;20:795-820.<br \/>2. Eriksson M, \u00c5sberg S, Stibrant Sunnerhagen K, von Euler M. Sex Differences in Stroke Care and Outcome 2005-2018: Observations From the Swedish Stroke Register. Stroke 2021;52:3233-3242.<br \/>3. Hobeanu C, Lavall\u00e9e PC, Charles H et al. Risk of subsequent disabling or fatal stroke in patients with transient ischaemic attack or minor ischaemic stroke: an international, prospective cohort study. Lancet Neurol 2022;21:889-898.<br \/>4. Lavall\u00e9e PC, Charles H, Albers GW et al. Effect of atherosclerosis on 5-year risk of major vascular events in patients with transient ischaemic attack or minor ischaemic stroke: an international prospective cohort study. Lancet Neurol 2023;22:320-329.<br \/>5. Amarenco P, Kim JS, Labreuche J, et al. A comparison of two LDL cholesterol targets after ischemic stroke. N Engl J Med 2020;3821:9<br \/>6. Amarenco P, Kim JS, Labreuche J, et al. Impact of lower versus higher LDL cholesterol targets on cardiovascular events after ischemic stroke in patients with diabetes. Diabetes 2021;70:1807-1815.<br \/>7. Amarenco P, Kim JS, Labreuche J, et al. Yield of dual therapy with statin and ezetimibe in the Treat Stroke to Target Trial. Stroke 2022; 53:3260-3267.<br \/>8. Evaluation of Low Dose Colchicine and Ticagrelor in Prevention of Ischemic Stroke in Patients With Stroke Due to Atherosclerosis (RIISC-THETIS). Available at <a href=\"https:\/\/clinicaltrials.gov\/ct2\/show\/NCT05476991\" rel=\"nofollow\">https:\/\/clinicaltrials.gov\/ct2\/show\/NCT05476991<\/a><\/li>\n<\/ol>\n<p>[\/et_pb_text][\/et_pb_column][\/et_pb_row][\/et_pb_section]<\/p>\n","protected":false},"excerpt":{"rendered":"<p>Editoriales R3iJulio 2023 Llamada a la acci\u00f3n con respecto al riesgo de accidente cerebrovascular Prof. Jean-Charles Fruchart, Prof. Michel Hermans, Prof. Pierre Amarenco El accidente cerebrovascular es la causa principal de discapacidad en todo el mundo y la segunda causa principal de muerte. Seg\u00fan los \u00faltimos datos del Estudio de Carga Global de Enfermedades, la [&hellip;]<\/p>\n","protected":false},"author":258497324,"featured_media":0,"parent":252805,"menu_order":0,"comment_status":"closed","ping_status":"closed","template":"","meta":{"_et_pb_use_builder":"on","_et_pb_old_content":"","_et_gb_content_width":"","_crdt_document":"","advanced_seo_description":"","jetpack_seo_html_title":"","jetpack_seo_noindex":false,"jetpack_post_was_ever_published":false,"footnotes":""},"class_list":["post-252931","page","type-page","status-publish","hentry"],"jetpack_likes_enabled":true,"jetpack_sharing_enabled":true,"jetpack_shortlink":"https:\/\/wp.me\/Pgbfv2-13Nx","jetpack-related-posts":[],"_links":{"self":[{"href":"https:\/\/r3i.org\/es\/wp-json\/wp\/v2\/pages\/252931","targetHints":{"allow":["GET"]}}],"collection":[{"href":"https:\/\/r3i.org\/es\/wp-json\/wp\/v2\/pages"}],"about":[{"href":"https:\/\/r3i.org\/es\/wp-json\/wp\/v2\/types\/page"}],"author":[{"embeddable":true,"href":"https:\/\/r3i.org\/es\/wp-json\/wp\/v2\/users\/258497324"}],"replies":[{"embeddable":true,"href":"https:\/\/r3i.org\/es\/wp-json\/wp\/v2\/comments?post=252931"}],"version-history":[{"count":4,"href":"https:\/\/r3i.org\/es\/wp-json\/wp\/v2\/pages\/252931\/revisions"}],"predecessor-version":[{"id":253537,"href":"https:\/\/r3i.org\/es\/wp-json\/wp\/v2\/pages\/252931\/revisions\/253537"}],"up":[{"embeddable":true,"href":"https:\/\/r3i.org\/es\/wp-json\/wp\/v2\/pages\/252805"}],"wp:attachment":[{"href":"https:\/\/r3i.org\/es\/wp-json\/wp\/v2\/media?parent=252931"}],"curies":[{"name":"wp","href":"https:\/\/api.w.org\/{rel}","templated":true}]}}