{"id":252928,"date":"2024-12-27T19:33:21","date_gmt":"2024-12-27T18:33:21","guid":{"rendered":"https:\/\/r3i.org\/editoriales-r3i\/editorial-22-07-riesgo-vascular-residual-en-la-enfermedad-renal-cronica-nuevas-opciones-en-el-horizonte\/"},"modified":"2025-02-14T18:25:56","modified_gmt":"2025-02-14T17:25:56","slug":"editorial-22-07-riesgo-vascular-residual-en-la-enfermedad-renal-cronica-nuevas-opciones-en-el-horizonte","status":"publish","type":"page","link":"https:\/\/r3i.org\/es\/editoriales-r3i\/editorial-22-07-riesgo-vascular-residual-en-la-enfermedad-renal-cronica-nuevas-opciones-en-el-horizonte\/","title":{"rendered":"Editorial 22\/07 &#8211; Riesgo vascular residual en la enfermedad renal cr\u00f3nica: nuevas opciones en el horizonte"},"content":{"rendered":"<p>[et_pb_section fb_built=\u00bb1&#8243; admin_label=\u00bbHeader\u00bb _builder_version=\u00bb4.27.4&#8243; _module_preset=\u00bb35f37621-1062-4ae6-955d-76a3167a2aa8&#8243; background_image=\u00bbhttps:\/\/r3i.org\/wp-content\/uploads\/2024\/12\/pexels-pixabay-267582.jpg\u00bb parallax=\u00bbon\u00bb min_height=\u00bb157.9px\u00bb min_height_tablet=\u00bb100px\u00bb min_height_phone=\u00bb100px\u00bb min_height_last_edited=\u00bbon|phone\u00bb height=\u00bb116px\u00bb height_tablet=\u00bb153px\u00bb height_phone=\u00bb130px\u00bb height_last_edited=\u00bbon|phone\u00bb custom_margin_tablet=\u00bb\u00bb custom_margin_phone=\u00bb-17px||||false|false\u00bb custom_margin_last_edited=\u00bbon|phone\u00bb custom_padding=\u00bb0vw||0vw||true|false\u00bb collapsed=\u00bbon\u00bb global_colors_info=\u00bb{%22gcid-primary-color%22:%91%22quote_text_color%22,%22background_color_gradient_stops%22%93}\u00bb][et_pb_row _builder_version=\u00bb4.27.4&#8243; _module_preset=\u00bbdefault\u00bb global_colors_info=\u00bb{}\u00bb][et_pb_column type=\u00bb4_4&#8243; _builder_version=\u00bb4.27.0&#8243; _module_preset=\u00bbdefault\u00bb global_colors_info=\u00bb{}\u00bb][et_pb_text _builder_version=\u00bb4.27.4&#8243; _module_preset=\u00bbdefault\u00bb text_text_color=\u00bb#FFFFFF\u00bb header_2_text_color=\u00bb#FFFFFF\u00bb custom_padding=\u00bb1px|||||\u00bb global_colors_info=\u00bb{}\u00bb]<\/p>\n<h2>Editoriales R3i<\/h2>\n<p>[\/et_pb_text][\/et_pb_column][\/et_pb_row][\/et_pb_section][et_pb_section fb_built=\u00bb1&#8243; _builder_version=\u00bb4.27.3&#8243; _module_preset=\u00bbdefault\u00bb custom_margin=\u00bb-49px|||||\u00bb custom_padding=\u00bb2px||40px|||\u00bb global_colors_info=\u00bb{}\u00bb][et_pb_row column_structure=\u00bb1_2,1_2&#8243; _builder_version=\u00bb4.27.4&#8243; _module_preset=\u00bbdefault\u00bb border_radii=\u00bboff|13px|13px|13px|13px\u00bb border_width_all=\u00bb4px\u00bb border_color_all=\u00bbgcid-b673dc17-1b2a-464e-affa-1bf1ab41c0fd\u00bb border_width_all_tablet=\u00bb4px\u00bb border_width_all_phone=\u00bb0px\u00bb border_width_all_last_edited=\u00bbon|phone\u00bb border_color_all_tablet=\u00bbgcid-b673dc17-1b2a-464e-affa-1bf1ab41c0fd\u00bb border_color_all_phone=\u00bbgcid-b673dc17-1b2a-464e-affa-1bf1ab41c0fd\u00bb border_color_all_last_edited=\u00bbon|phone\u00bb box_shadow_style=\u00bbpreset2&#8243; global_colors_info=\u00bb{%22gcid-b673dc17-1b2a-464e-affa-1bf1ab41c0fd%22:%91%22border_color_all%22%93}\u00bb][et_pb_column type=\u00bb1_2&#8243; _builder_version=\u00bb4.27.4&#8243; _module_preset=\u00bbdefault\u00bb global_colors_info=\u00bb{}\u00bb][et_pb_text _builder_version=\u00bb4.27.4&#8243; _module_preset=\u00bbdefault\u00bb text_font_size=\u00bb14px\u00bb header_5_text_color=\u00bbgcid-4907c8d4-9eff-49de-91ce-43a2d3a729cf\u00bb header_6_text_color=\u00bbgcid-secondary-color\u00bb global_colors_info=\u00bb{%22gcid-primary-color%22:%91%22quote_text_color%22,%22quote_text_color%22,%22quote_text_color%22%93,%22gcid-4907c8d4-9eff-49de-91ce-43a2d3a729cf%22:%91%22header_5_text_color%22%93,%22gcid-secondary-color%22:%91%22header_6_text_color%22%93}\u00bb inline_fonts=\u00bbAbyssinica SIL\u00bb]<\/p>\n<h5 style=\"text-align: center;\"><span style=\"font-family: 'Abyssinica SIL'; font-weight: normal; font-size: small;\">Julio 2022<\/span><\/h5>\n<h5 style=\"text-align: center;\">Riesgo vascular residual en la enfermedad renal cr\u00f3nica: un horizonte de nuevas opciones<\/h5>\n<h6 style=\"text-align: center;\"><span lang=\"EN-GB\">Prof. Jean-Charles Fruchart, Prof. Michel Hermans, Prof. Pierre Amarenco<\/span><\/h6>\n<p><span>La nefropat\u00eda cr\u00f3nica se reconoce cada vez m\u00e1s como un problema sanitario mundial. Mientras que ha habido una disminuci\u00f3n general en las tasas de muerte y a\u00f1os de vida ajustados por discapacidad a causa de enfermedades no transmisibles, no existen tendencias tan favorables para la nefropat\u00eda cr\u00f3nica <\/span><sup>1<\/sup><span>. Con las crecientes pandemias de la obesidad y la diabetes, y el envejecimiento de las sociedades, la nefropat\u00eda cr\u00f3nica ahora afecta a alrededor del 11-15 % de las personas en todo el mundo <\/span><sup>2,3<\/sup><span>. Si bien la diabetes mellitus tipo 2 (DM2) es un factor de riesgo importante para la nefropat\u00eda cr\u00f3nica, los pacientes no diab\u00e9ticos tambi\u00e9n est\u00e1n en riesgo. Por lo tanto, la nefropat\u00eda cr\u00f3nica es una importante necesidad cl\u00ednica insatisfecha que merece medidas urgentes<\/span><\/p>\n<p><span>Los hipoglucemiantes m\u00e1s recientes arrojan noticias positivas tras mostrar efectos favorables en los resultados renales y cardiovasculares. Los inhibidores del cotransportador de sodio-glucosa tipo 2 (SGLT-2), canagliflozina, dapagliflozina, empagliflozina, demostraron un beneficio (superior o no inferior frente al placebo) en t\u00e9rminos de reducci\u00f3n de episodios cardiovasculares graves y de hospitalizaci\u00f3n por insuficiencia card\u00edaca (4-6), lo que respalda las recomendaciones actualizadas de los lineamientos para el tratamiento de pacientes con DM<\/span><span class=\"ref ref2\">2.<\/span><span>\u00a0A esto se le suman los estudios de resultados principales que respaldan el beneficio renal. El estudio CREDENCE (Evaluaci\u00f3n cl\u00ednica de la canagliflozina y los eventos renales en la diabetes y la nefropat\u00eda confirmada) en pacientes con DM2 se interrumpi\u00f3 en forma prematura luego de que se demostrara su eficacia, con una reducci\u00f3n del 30 % en el resultado compuesto primario (un compuesto de enfermedad renal terminal, duplicaci\u00f3n de la creatinina s\u00e9rica, o muerte por causas renales o cardiovasculares) y una reducci\u00f3n del 34 % en el endpoint compuesto primario relacionado con la enfermedad renal (como se defini\u00f3 anteriormente, excluyendo la muerte por causas cardiovasculares) con canagliflozina <\/span><sup>7<\/sup><span>. <\/span><\/p>\n<p><span>En dos ensayos posteriores a gran escala con inhibidores de SGLT-2, tambi\u00e9n se incluyeron pacientes no diab\u00e9ticos. El primero de ellos, DAPA-CKD en 2152 pacientes, tambi\u00e9n se interrumpi\u00f3 antes de tiempo debido a su eficacia, luego de demostrar una reducci\u00f3n del 42 % en el endpoint primario compuesto (disminuci\u00f3n sostenida en la filtraci\u00f3n glomerular estimada [eGFR] de al menos el 50 %, enfermedad renal terminal o muerte por causas renales o cardiovasculares) en pacientes con y sin DM2 <\/span><sup>8<\/sup><span>. M\u00e1s recientemente, EMPA-KIDNEY, que a diferencia de CREDENCE y DAPA-CKD, incluy\u00f3 pacientes con y sin DM2 que presentan una menor eGFR media, tambi\u00e9n se interrumpi\u00f3 de forma anticipada debido a su eficacia <\/span><sup>9<\/sup><span>. Mientras se espera la publicaci\u00f3n completa, los resultados de los tres ensayos ofrecen importes aportes cl\u00ednicos para el tratamiento del riesgo vascular residual, incluida la progresi\u00f3n de la nefropat\u00eda cr\u00f3nica, en pacientes de alto riesgo con y sin diabetes.<\/span><\/p>\n<p>[\/et_pb_text][\/et_pb_column][et_pb_column type=\u00bb1_2&#8243; _builder_version=\u00bb4.27.4&#8243; _module_preset=\u00bbdefault\u00bb global_colors_info=\u00bb{}\u00bb][et_pb_text _builder_version=\u00bb4.27.4&#8243; _module_preset=\u00bbdefault\u00bb text_text_color=\u00bbgcid-4907c8d4-9eff-49de-91ce-43a2d3a729cf\u00bb text_font_size=\u00bb14px\u00bb global_colors_info=\u00bb{%22gcid-primary-color%22:%91%22quote_text_color%22,%22quote_text_color%22,%22quote_text_color%22%93,%22gcid-4907c8d4-9eff-49de-91ce-43a2d3a729cf%22:%91%22text_text_color%22%93}\u00bb]<\/p>\n<p style=\"font-weight: 400;\"><span>M\u00e1s all\u00e1 de estas novedosas terapias reductoras de la glucosa, tambi\u00e9n ofrecen potencial las terapias modificadoras de los l\u00edpidos. La desregulaci\u00f3n del metabolismo lip\u00eddico en la ERC da lugar a una dislipidemia caracterizada por niveles plasm\u00e1ticos bajos de colesterol de lipoprote\u00ednas de alta densidad y triglic\u00e9ridos elevados, normalmente con niveles normales de colesterol de lipoprote\u00ednas de baja densidad (10). Esta dislipidemia se asocia a la progresi\u00f3n del deterioro de la funci\u00f3n renal debido al dep\u00f3sito de l\u00edpidos en el ri\u00f1\u00f3n (10,11). Aunque la combinaci\u00f3n de una estatina y ezetimiba ha demostrado beneficios cardiovasculares en pacientes dislipid\u00e9micos con ERC, persiste un alto riesgo residual <\/span><sup>12<\/sup><span>. Los resultados de los ensayos cl\u00ednicos con el nuevo modulador selectivo del receptor alfa activado por el proliferador de peroxisomas (SPPARM\u03b1) pem<\/span><\/p>\n<p>Adem\u00e1s de estos novedosos tratamientos hipoglucemiantes, los antidislipid\u00e9micos tambi\u00e9n son prometedores. La desregulaci\u00f3n del metabolismo de los l\u00edpidos en la nefropat\u00eda cr\u00f3nica da como resultado una dislipidemia caracterizada por niveles plasm\u00e1ticos bajos de colesterol de lipoprote\u00ednas de alta densidad y triglic\u00e9ridos elevados, generalmente con niveles normales de colesterol de lipoprote\u00ednas de baja densidad (10). Esta dislipidemia se asocia con la progresi\u00f3n del deterioro de la funci\u00f3n renal debido al dep\u00f3sito de l\u00edpidos en el ri\u00f1\u00f3n (10,11). Si bien se demostr\u00f3 que la combinaci\u00f3n de una estatina y ezetimiba ofrece un beneficio cardiovascular en pacientes dislipid\u00e9micos con nefropat\u00eda cr\u00f3nica, el riesgo residual contin\u00faa siendo elevado 12. Los resultados de los ensayos cl\u00ednicos con pemafibrato, el nuevo modulador selectivo del receptor alfa activado por proliferadores peroxisomales (SPPARM\u03b1), son prometedores. La nefropat\u00eda cr\u00f3nica concomitante no disminuy\u00f3 la eficacia del pemafibrato sumado al tratamiento con estatinas 13. El pemafibrato tambi\u00e9n fue bien tolerado y no empeor\u00f3 la eGFR en pacientes con insuficiencia renal moderada o grave 13. El estudio PROMINENT proporcionar\u00e1 informaci\u00f3n importante sobre si el pemafibrato reduce los eventos cardiovasculares en pacientes con nefropat\u00eda cr\u00f3nica.<\/p>\n<p>El futuro nos ofrece esperanzas para el tratamiento del riesgo cardiorrenal residual. Los inhibidores de SGLT-2 son una opci\u00f3n para abordar las necesidades cl\u00ednicas insatisfechas en los pacientes con nefropat\u00eda cr\u00f3nica, tanto en aquellos que padecen DMT2 concomitante como en aquellos que no. Adem\u00e1s de esto, existen enfoques novedosos como el antagonista no esteroideo del receptor de mineralocorticoide finerenona, el SPPARM\u03b1 pemafibrato, un f\u00e1rmaco de primera clase para controlar la dislipidemia aterog\u00e9nica asociada con la nefropat\u00eda cr\u00f3nica. Combinados, estos tratamientos reducen significativamente la importante carga de morbilidad y mortalidad asociada con la nefropat\u00eda cr\u00f3nica.<\/p>\n<p><span>Hay nuevas esperanzas en el horizonte para el tratamiento del riesgo cardiorrenal residual. Los inhibidores del SGLT-2 representan una opci\u00f3n para abordar las necesidades cl\u00ednicas no cubiertas entre los pacientes con ERC, independientemente de la DMT2 concomitante. A esto se a\u00f1aden enfoques novedosos como el antagonista no esteroideo del receptor de mineralocorticoides finerenona, as\u00ed como el pemafibrato SPPARM\u03b1, un agente de primera clase para controlar la dislipidemia aterog\u00e9nica asociada a la ERC. En conjunto, estos tratamientos tienen importantes implicaciones para reducir la carga sustancial de morbilidad y mortalidad asociada a la ERC. <\/span><\/p>\n<p>[\/et_pb_text][et_pb_text _builder_version=\u00bb4.27.4&#8243; _module_preset=\u00bbdefault\u00bb text_font_size=\u00bb8px\u00bb global_colors_info=\u00bb{}\u00bb]<\/p>\n<p style=\"font-weight: 400;\"><strong>Referencias<\/strong><\/p>\n<ol>\n<li style=\"font-weight: 400;\">\u00a0Jager KJ, Fraser SDS. The ascending rank of chronic kidney disease in the global burden of disease study. Nephrol Dial Transplant 2017;32(suppl_2):ii121-ii128.<br \/>2. Hill NR, Fatoba ST, Oke JL, et al. Global prevalence of chronic kidney disease \u2013 a systematic review and meta-analysis. Plos One 2016;117:e0158765.<br \/>3. Jha V, Garcia-Garcia G, Iseki K. et al. Chronic kidney disease: global dimension and perspectives. Lancet 2013; 382: 260\u2013272.<br \/>4. Zinman B, Wanner C, Lachin JM, et al. Empagliflozin, cardiovascular outcomes, and mortality in type 2 diabetes. N Engl J Med 2015;373:2117\u20132128.<br \/>5. Neal B, Perkovic V, Mahaffey KW, et al. Canagliflozin and cardiovascular and renal events in type 2 diabetes. N Engl J Med 2017;377: 644\u2013657.<br \/>6. Wiviott SD, Raz I, Bonaca MP, et al. Dapagliflozin and cardiovascular outcomes in type 2 diabetes. N Engl J Med 2019;380:347\u2013335.<br \/>7. Perkovic V, Jardine MJ, Neal B, et al. Canagliflozin and renal outcomes in type 2 diabetes and nephropathy. N Engl J Med 2019;380:2295-2306.<br \/>8. Heerspink HJL, Stef\u00e1nsson BV, Correa-Rotter R, et al. Dapagliflozin in patients with chronic kidney disease. N Engl J Med 2020;383:1436-1446.<br \/>9. EMPA-KIDNEY. <a href=\"https:\/\/www.empakidney.org\/news\/empa-kidney-trial-stops-early-due-to-evidence-of-efficacy\" rel=\"nofollow\">https:\/\/www.empakidney.org\/news\/empa-kidney-trial-stops-early-due-to-evidence-of-efficacy<\/a>.<br \/>10. Hager MR, Narla AD, Tannock LR. Dyslipidemia in patients with chronic kidney disease. Rev Endocr Metab Disord. 2017;18:29-40.<br \/>11. Moorhead JF, Chan MK, El-Nahas M, et al. Lipid nephrotoxicity in chronic progressive glomerular and tubulo-interstitial disease. Lancet 1982;2:1309\u20131311.<br \/>12. Stanifer JW, Charytan DM, White J, Lokhnygina Y, Cannon CP, Roe MT, Blazing MA. Benefit of ezetimibe added to simvastatin in reduced kidney function. J Am Soc Nephrol. 2017;28:3034-3043.<br \/>13. Yokote K, Yamashita S, Arai H, Araki E, Suganami H, Ishibashi S, Of The K-Study Group OB. Long-term efficacy and safety of pemafibrate, a novel Selective Peroxisome Proliferator-Activated Receptor-\u03b1 Modulator (SPPARM\u03b1), in dyslipidemic patients with renal impairment. Int J Mol Sci 2019;203.<\/li>\n<\/ol>\n<p>[\/et_pb_text][\/et_pb_column][\/et_pb_row][\/et_pb_section]<\/p>\n","protected":false},"excerpt":{"rendered":"<p>Editoriales R3iJulio 2022 Riesgo vascular residual en la enfermedad renal cr\u00f3nica: un horizonte de nuevas opciones Prof. Jean-Charles Fruchart, Prof. Michel Hermans, Prof. Pierre Amarenco La nefropat\u00eda cr\u00f3nica se reconoce cada vez m\u00e1s como un problema sanitario mundial. Mientras que ha habido una disminuci\u00f3n general en las tasas de muerte y a\u00f1os de vida ajustados [&hellip;]<\/p>\n","protected":false},"author":258497324,"featured_media":0,"parent":252805,"menu_order":0,"comment_status":"closed","ping_status":"closed","template":"","meta":{"_et_pb_use_builder":"on","_et_pb_old_content":"","_et_gb_content_width":"","_crdt_document":"","jetpack_post_was_ever_published":false,"footnotes":""},"class_list":["post-252928","page","type-page","status-publish","hentry"],"yoast_head":"<!-- This site is optimized with the Yoast SEO plugin v27.3 - https:\/\/yoast.com\/product\/yoast-seo-wordpress\/ -->\n<title>Editorial 22\/07 - Riesgo vascular residual en la enfermedad renal cr\u00f3nica: nuevas opciones en el horizonte - R3I<\/title>\n<meta name=\"robots\" content=\"index, follow, max-snippet:-1, max-image-preview:large, max-video-preview:-1\" \/>\n<link rel=\"canonical\" href=\"https:\/\/r3i.org\/es\/editoriales-r3i\/editorial-22-07-riesgo-vascular-residual-en-la-enfermedad-renal-cronica-nuevas-opciones-en-el-horizonte\/\" \/>\n<meta property=\"og:locale\" content=\"es_ES\" \/>\n<meta property=\"og:type\" content=\"article\" \/>\n<meta property=\"og:title\" content=\"Editorial 22\/07 - Riesgo vascular residual en la enfermedad renal cr\u00f3nica: nuevas opciones en el horizonte - R3I\" \/>\n<meta property=\"og:description\" content=\"Editoriales R3iJulio 2022 Riesgo vascular residual en la enfermedad renal cr\u00f3nica: un horizonte de nuevas opciones Prof. Jean-Charles Fruchart, Prof. Michel Hermans, Prof. Pierre Amarenco La nefropat\u00eda cr\u00f3nica se reconoce cada vez m\u00e1s como un problema sanitario mundial. Mientras que ha habido una disminuci\u00f3n general en las tasas de muerte y a\u00f1os de vida ajustados [&hellip;]\" \/>\n<meta property=\"og:url\" content=\"https:\/\/r3i.org\/es\/editoriales-r3i\/editorial-22-07-riesgo-vascular-residual-en-la-enfermedad-renal-cronica-nuevas-opciones-en-el-horizonte\/\" \/>\n<meta property=\"og:site_name\" content=\"R3I\" \/>\n<meta property=\"article:modified_time\" content=\"2025-02-14T17:25:56+00:00\" \/>\n<meta name=\"twitter:card\" content=\"summary_large_image\" \/>\n<meta name=\"twitter:label1\" content=\"Tiempo de lectura\" \/>\n\t<meta name=\"twitter:data1\" content=\"9 minutos\" \/>\n<script type=\"application\/ld+json\" class=\"yoast-schema-graph\">{\"@context\":\"https:\\\/\\\/schema.org\",\"@graph\":[{\"@type\":\"WebPage\",\"@id\":\"https:\\\/\\\/r3i.org\\\/es\\\/editoriales-r3i\\\/editorial-22-07-riesgo-vascular-residual-en-la-enfermedad-renal-cronica-nuevas-opciones-en-el-horizonte\\\/\",\"url\":\"https:\\\/\\\/r3i.org\\\/es\\\/editoriales-r3i\\\/editorial-22-07-riesgo-vascular-residual-en-la-enfermedad-renal-cronica-nuevas-opciones-en-el-horizonte\\\/\",\"name\":\"Editorial 22\\\/07 - Riesgo vascular residual en la enfermedad renal cr\u00f3nica: nuevas opciones en el horizonte - R3I\",\"isPartOf\":{\"@id\":\"https:\\\/\\\/r3i.org\\\/es\\\/#website\"},\"datePublished\":\"2024-12-27T18:33:21+00:00\",\"dateModified\":\"2025-02-14T17:25:56+00:00\",\"breadcrumb\":{\"@id\":\"https:\\\/\\\/r3i.org\\\/es\\\/editoriales-r3i\\\/editorial-22-07-riesgo-vascular-residual-en-la-enfermedad-renal-cronica-nuevas-opciones-en-el-horizonte\\\/#breadcrumb\"},\"inLanguage\":\"es\",\"potentialAction\":[{\"@type\":\"ReadAction\",\"target\":[\"https:\\\/\\\/r3i.org\\\/es\\\/editoriales-r3i\\\/editorial-22-07-riesgo-vascular-residual-en-la-enfermedad-renal-cronica-nuevas-opciones-en-el-horizonte\\\/\"]}]},{\"@type\":\"BreadcrumbList\",\"@id\":\"https:\\\/\\\/r3i.org\\\/es\\\/editoriales-r3i\\\/editorial-22-07-riesgo-vascular-residual-en-la-enfermedad-renal-cronica-nuevas-opciones-en-el-horizonte\\\/#breadcrumb\",\"itemListElement\":[{\"@type\":\"ListItem\",\"position\":1,\"name\":\"Home\",\"item\":\"https:\\\/\\\/r3i.org\\\/es\\\/\"},{\"@type\":\"ListItem\",\"position\":2,\"name\":\"Editoriales R3i\",\"item\":\"https:\\\/\\\/r3i.org\\\/es\\\/editoriales-r3i\\\/\"},{\"@type\":\"ListItem\",\"position\":3,\"name\":\"Editorial 22\\\/07 &#8211; Riesgo vascular residual en la enfermedad renal cr\u00f3nica: nuevas opciones en el horizonte\"}]},{\"@type\":\"WebSite\",\"@id\":\"https:\\\/\\\/r3i.org\\\/es\\\/#website\",\"url\":\"https:\\\/\\\/r3i.org\\\/es\\\/\",\"name\":\"R3I\",\"description\":\"Residual Risk Reduction Initiative\",\"publisher\":{\"@id\":\"https:\\\/\\\/r3i.org\\\/es\\\/#organization\"},\"potentialAction\":[{\"@type\":\"SearchAction\",\"target\":{\"@type\":\"EntryPoint\",\"urlTemplate\":\"https:\\\/\\\/r3i.org\\\/es\\\/?s={search_term_string}\"},\"query-input\":{\"@type\":\"PropertyValueSpecification\",\"valueRequired\":true,\"valueName\":\"search_term_string\"}}],\"inLanguage\":\"es\"},{\"@type\":\"Organization\",\"@id\":\"https:\\\/\\\/r3i.org\\\/es\\\/#organization\",\"name\":\"R3I\",\"url\":\"https:\\\/\\\/r3i.org\\\/es\\\/\",\"logo\":{\"@type\":\"ImageObject\",\"inLanguage\":\"es\",\"@id\":\"https:\\\/\\\/r3i.org\\\/es\\\/#\\\/schema\\\/logo\\\/image\\\/\",\"url\":\"https:\\\/\\\/i0.wp.com\\\/r3i.org\\\/wp-content\\\/uploads\\\/2024\\\/11\\\/r3i-logo-transp-1.png?fit=1601%2C834&ssl=1\",\"contentUrl\":\"https:\\\/\\\/i0.wp.com\\\/r3i.org\\\/wp-content\\\/uploads\\\/2024\\\/11\\\/r3i-logo-transp-1.png?fit=1601%2C834&ssl=1\",\"width\":1601,\"height\":834,\"caption\":\"R3I\"},\"image\":{\"@id\":\"https:\\\/\\\/r3i.org\\\/es\\\/#\\\/schema\\\/logo\\\/image\\\/\"}}]}<\/script>\n<!-- \/ Yoast SEO plugin. -->","yoast_head_json":{"title":"Editorial 22\/07 - Riesgo vascular residual en la enfermedad renal cr\u00f3nica: nuevas opciones en el horizonte - R3I","robots":{"index":"index","follow":"follow","max-snippet":"max-snippet:-1","max-image-preview":"max-image-preview:large","max-video-preview":"max-video-preview:-1"},"canonical":"https:\/\/r3i.org\/es\/editoriales-r3i\/editorial-22-07-riesgo-vascular-residual-en-la-enfermedad-renal-cronica-nuevas-opciones-en-el-horizonte\/","og_locale":"es_ES","og_type":"article","og_title":"Editorial 22\/07 - Riesgo vascular residual en la enfermedad renal cr\u00f3nica: nuevas opciones en el horizonte - R3I","og_description":"Editoriales R3iJulio 2022 Riesgo vascular residual en la enfermedad renal cr\u00f3nica: un horizonte de nuevas opciones Prof. Jean-Charles Fruchart, Prof. Michel Hermans, Prof. Pierre Amarenco La nefropat\u00eda cr\u00f3nica se reconoce cada vez m\u00e1s como un problema sanitario mundial. Mientras que ha habido una disminuci\u00f3n general en las tasas de muerte y a\u00f1os de vida ajustados [&hellip;]","og_url":"https:\/\/r3i.org\/es\/editoriales-r3i\/editorial-22-07-riesgo-vascular-residual-en-la-enfermedad-renal-cronica-nuevas-opciones-en-el-horizonte\/","og_site_name":"R3I","article_modified_time":"2025-02-14T17:25:56+00:00","twitter_card":"summary_large_image","twitter_misc":{"Tiempo de lectura":"9 minutos"},"schema":{"@context":"https:\/\/schema.org","@graph":[{"@type":"WebPage","@id":"https:\/\/r3i.org\/es\/editoriales-r3i\/editorial-22-07-riesgo-vascular-residual-en-la-enfermedad-renal-cronica-nuevas-opciones-en-el-horizonte\/","url":"https:\/\/r3i.org\/es\/editoriales-r3i\/editorial-22-07-riesgo-vascular-residual-en-la-enfermedad-renal-cronica-nuevas-opciones-en-el-horizonte\/","name":"Editorial 22\/07 - Riesgo vascular residual en la enfermedad renal cr\u00f3nica: nuevas opciones en el horizonte - R3I","isPartOf":{"@id":"https:\/\/r3i.org\/es\/#website"},"datePublished":"2024-12-27T18:33:21+00:00","dateModified":"2025-02-14T17:25:56+00:00","breadcrumb":{"@id":"https:\/\/r3i.org\/es\/editoriales-r3i\/editorial-22-07-riesgo-vascular-residual-en-la-enfermedad-renal-cronica-nuevas-opciones-en-el-horizonte\/#breadcrumb"},"inLanguage":"es","potentialAction":[{"@type":"ReadAction","target":["https:\/\/r3i.org\/es\/editoriales-r3i\/editorial-22-07-riesgo-vascular-residual-en-la-enfermedad-renal-cronica-nuevas-opciones-en-el-horizonte\/"]}]},{"@type":"BreadcrumbList","@id":"https:\/\/r3i.org\/es\/editoriales-r3i\/editorial-22-07-riesgo-vascular-residual-en-la-enfermedad-renal-cronica-nuevas-opciones-en-el-horizonte\/#breadcrumb","itemListElement":[{"@type":"ListItem","position":1,"name":"Home","item":"https:\/\/r3i.org\/es\/"},{"@type":"ListItem","position":2,"name":"Editoriales R3i","item":"https:\/\/r3i.org\/es\/editoriales-r3i\/"},{"@type":"ListItem","position":3,"name":"Editorial 22\/07 &#8211; Riesgo vascular residual en la enfermedad renal cr\u00f3nica: nuevas opciones en el horizonte"}]},{"@type":"WebSite","@id":"https:\/\/r3i.org\/es\/#website","url":"https:\/\/r3i.org\/es\/","name":"R3I","description":"Residual Risk Reduction Initiative","publisher":{"@id":"https:\/\/r3i.org\/es\/#organization"},"potentialAction":[{"@type":"SearchAction","target":{"@type":"EntryPoint","urlTemplate":"https:\/\/r3i.org\/es\/?s={search_term_string}"},"query-input":{"@type":"PropertyValueSpecification","valueRequired":true,"valueName":"search_term_string"}}],"inLanguage":"es"},{"@type":"Organization","@id":"https:\/\/r3i.org\/es\/#organization","name":"R3I","url":"https:\/\/r3i.org\/es\/","logo":{"@type":"ImageObject","inLanguage":"es","@id":"https:\/\/r3i.org\/es\/#\/schema\/logo\/image\/","url":"https:\/\/i0.wp.com\/r3i.org\/wp-content\/uploads\/2024\/11\/r3i-logo-transp-1.png?fit=1601%2C834&ssl=1","contentUrl":"https:\/\/i0.wp.com\/r3i.org\/wp-content\/uploads\/2024\/11\/r3i-logo-transp-1.png?fit=1601%2C834&ssl=1","width":1601,"height":834,"caption":"R3I"},"image":{"@id":"https:\/\/r3i.org\/es\/#\/schema\/logo\/image\/"}}]}},"jetpack_likes_enabled":true,"jetpack_sharing_enabled":true,"jetpack_shortlink":"https:\/\/wp.me\/Pgbfv2-13Nu","jetpack-related-posts":[],"_links":{"self":[{"href":"https:\/\/r3i.org\/es\/wp-json\/wp\/v2\/pages\/252928","targetHints":{"allow":["GET"]}}],"collection":[{"href":"https:\/\/r3i.org\/es\/wp-json\/wp\/v2\/pages"}],"about":[{"href":"https:\/\/r3i.org\/es\/wp-json\/wp\/v2\/types\/page"}],"author":[{"embeddable":true,"href":"https:\/\/r3i.org\/es\/wp-json\/wp\/v2\/users\/258497324"}],"replies":[{"embeddable":true,"href":"https:\/\/r3i.org\/es\/wp-json\/wp\/v2\/comments?post=252928"}],"version-history":[{"count":4,"href":"https:\/\/r3i.org\/es\/wp-json\/wp\/v2\/pages\/252928\/revisions"}],"predecessor-version":[{"id":253459,"href":"https:\/\/r3i.org\/es\/wp-json\/wp\/v2\/pages\/252928\/revisions\/253459"}],"up":[{"embeddable":true,"href":"https:\/\/r3i.org\/es\/wp-json\/wp\/v2\/pages\/252805"}],"wp:attachment":[{"href":"https:\/\/r3i.org\/es\/wp-json\/wp\/v2\/media?parent=252928"}],"curies":[{"name":"wp","href":"https:\/\/api.w.org\/{rel}","templated":true}]}}