{"id":252922,"date":"2024-12-30T20:17:12","date_gmt":"2024-12-30T19:17:12","guid":{"rendered":"https:\/\/r3i.org\/editoriales-r3i\/editorial-07-19-consenso-internacional-de-expertos-sobre-el-modulador-selectivo-del-receptor-alfa-activado-por-el-proliferador-de-peroxisomas-spparm%ce%b1-nuevas-oportunidades-para-abordar-el-rie\/"},"modified":"2025-02-05T22:38:53","modified_gmt":"2025-02-05T21:38:53","slug":"editorial-07-19-consenso-internacional-de-expertos-sobre-el-modulador-selectivo-del-receptor-alfa-activado-por-el-proliferador-de-peroxisomas-spparm%ce%b1-nuevas-oportunidades-para-abordar-el-rie","status":"publish","type":"page","link":"https:\/\/r3i.org\/es\/editoriales-r3i\/editorial-07-19-consenso-internacional-de-expertos-sobre-el-modulador-selectivo-del-receptor-alfa-activado-por-el-proliferador-de-peroxisomas-spparm%ce%b1-nuevas-oportunidades-para-abordar-el-rie\/","title":{"rendered":"Editorial 07\/19 &#8211; Consenso internacional de expertos sobre el modulador selectivo del receptor alfa activado por el proliferador de peroxisomas (SPPARM\u03b1): Nuevas oportunidades para abordar el riesgo cardiovascular residual modificable"},"content":{"rendered":"<p>[et_pb_section fb_built=\u00bb1&#8243; admin_label=\u00bbHeader\u00bb _builder_version=\u00bb4.27.4&#8243; _module_preset=\u00bb35f37621-1062-4ae6-955d-76a3167a2aa8&#8243; background_image=\u00bbhttps:\/\/r3i.org\/wp-content\/uploads\/2024\/12\/pexels-pixabay-267582.jpg\u00bb parallax=\u00bbon\u00bb min_height=\u00bb157.9px\u00bb min_height_tablet=\u00bb100px\u00bb min_height_phone=\u00bb100px\u00bb min_height_last_edited=\u00bbon|phone\u00bb height=\u00bb116px\u00bb height_tablet=\u00bb153px\u00bb height_phone=\u00bb130px\u00bb height_last_edited=\u00bbon|phone\u00bb custom_margin_tablet=\u00bb\u00bb custom_margin_phone=\u00bb-17px||||false|false\u00bb custom_margin_last_edited=\u00bbon|phone\u00bb custom_padding=\u00bb0vw||0vw||true|false\u00bb collapsed=\u00bbon\u00bb global_colors_info=\u00bb{%22gcid-primary-color%22:%91%22quote_text_color%22,%22background_color_gradient_stops%22%93}\u00bb][et_pb_row _builder_version=\u00bb4.27.4&#8243; _module_preset=\u00bbdefault\u00bb global_colors_info=\u00bb{}\u00bb][et_pb_column type=\u00bb4_4&#8243; _builder_version=\u00bb4.27.0&#8243; _module_preset=\u00bbdefault\u00bb global_colors_info=\u00bb{}\u00bb][et_pb_text _builder_version=\u00bb4.27.4&#8243; _module_preset=\u00bbdefault\u00bb text_text_color=\u00bb#FFFFFF\u00bb header_2_text_color=\u00bb#FFFFFF\u00bb custom_padding=\u00bb1px|||||\u00bb global_colors_info=\u00bb{}\u00bb]<\/p>\n<h2>Editoriales R3i<\/h2>\n<p>[\/et_pb_text][\/et_pb_column][\/et_pb_row][\/et_pb_section][et_pb_section fb_built=\u00bb1&#8243; _builder_version=\u00bb4.27.3&#8243; _module_preset=\u00bbdefault\u00bb custom_margin=\u00bb-49px|||||\u00bb custom_padding=\u00bb2px||40px|||\u00bb global_colors_info=\u00bb{}\u00bb][et_pb_row column_structure=\u00bb1_2,1_2&#8243; _builder_version=\u00bb4.27.4&#8243; _module_preset=\u00bbdefault\u00bb border_radii=\u00bboff|13px|13px|13px|13px\u00bb border_width_all=\u00bb4px\u00bb border_color_all=\u00bbgcid-b673dc17-1b2a-464e-affa-1bf1ab41c0fd\u00bb border_width_all_tablet=\u00bb4px\u00bb border_width_all_phone=\u00bb0px\u00bb border_width_all_last_edited=\u00bbon|phone\u00bb border_color_all_tablet=\u00bbgcid-b673dc17-1b2a-464e-affa-1bf1ab41c0fd\u00bb border_color_all_phone=\u00bbgcid-b673dc17-1b2a-464e-affa-1bf1ab41c0fd\u00bb border_color_all_last_edited=\u00bbon|phone\u00bb box_shadow_style=\u00bbpreset2&#8243; global_colors_info=\u00bb{%22gcid-b673dc17-1b2a-464e-affa-1bf1ab41c0fd%22:%91%22border_color_all%22%93}\u00bb][et_pb_column type=\u00bb1_2&#8243; _builder_version=\u00bb4.27.4&#8243; _module_preset=\u00bbdefault\u00bb global_colors_info=\u00bb{}\u00bb][et_pb_text _builder_version=\u00bb4.27.4&#8243; _module_preset=\u00bbdefault\u00bb text_font_size=\u00bb14px\u00bb header_5_text_color=\u00bbgcid-4907c8d4-9eff-49de-91ce-43a2d3a729cf\u00bb header_6_text_color=\u00bbgcid-secondary-color\u00bb hover_enabled=\u00bb0&#8243; global_colors_info=\u00bb{%22gcid-primary-color%22:%91%22quote_text_color%22,%22quote_text_color%22,%22quote_text_color%22%93,%22gcid-4907c8d4-9eff-49de-91ce-43a2d3a729cf%22:%91%22header_5_text_color%22%93,%22gcid-secondary-color%22:%91%22header_6_text_color%22%93}\u00bb sticky_enabled=\u00bb0&#8243;]<\/p>\n<h5 style=\"text-align: center;\"><span>Consenso internacional de expertos sobre el modulador selectivo del receptor alfa activado por el proliferador de peroxisomas (SPPARM\u03b1): Nuevas oportunidades para abordar el riesgo cardiovascular residual modificable<\/span><\/h5>\n<h6 style=\"text-align: center;\"><span lang=\"EN-GB\">Prof. Michel Hermans, Prof. Pierre Amarenco<\/span><\/h6>\n<p><span>Hace tiempo que se reconoce que la dislipidemia aterog\u00e9nica contribuye al riesgo cardiovascular residual modificable.<\/span><sup>1<\/sup><span> Sin embargo, hasta la fecha se carece de pruebas definitivas sobre la mejor manera de abordarla para reducir el riesgo cardiovascular residual.<\/span><br \/><span>El ensayo REDUCE-IT, analizado como <\/span><a href=\"https:\/\/www.r3i.org\/landmark-study-84\">Estudio de referencia de este mes<\/a><span>,<\/span><sup>2<\/sup><span>  apoya la l\u00f3gica de dirigirse a los triglic\u00e9ridos elevados, una caracter\u00edstica clave de la dislipidemia aterog\u00e9nica. Sin embargo, los resultados de este ensayo se ven confundidos, por un lado, por los efectos modificadores de los l\u00edpidos del placebo y, por otro, por los efectos pleiotr\u00f3picos de los \u00e1cidos grasos omega-3 m\u00e1s all\u00e1 de la reducci\u00f3n de los triglic\u00e9ridos. <\/span><sup>3<\/sup><span> Adem\u00e1s, los ensayos previos con fibratos tuvieron resultados contradictorios, al no demostrar un beneficio cl\u00ednico definitivo en un contexto de tratamiento con estatinas.<\/span><sup>4<\/sup><span> Est\u00e1 claro que el enigma del riesgo cardiovascular residual contin\u00faa&#8230;.<\/span><\/p>\n<p><span>Sin embargo, la aparici\u00f3n de nuevos agonistas SPPARM\u03b1 es muy prometedora. Aprovechando un enfoque utilizado en terapias oncol\u00f3gicas, <\/span><sup>5<\/sup><span> los investigadores desarrollaron un agente novedoso de gran potencia y selectividad para el receptor \u03b1 activado por el proliferador de peroxisomas (PPAR\u03b1), el \u00abeje\u00bb de los receptores nucleares que regula el metabolismo lip\u00eddico y las v\u00edas inflamatorias.<\/span><sup>6<\/sup><span><\/span><\/p>\n<p><span>Las pruebas del concepto SPPARM\u03b1 han sido el centro de una reciente declaraci\u00f3n de consenso, de la que son autores m\u00e1s de 50 expertos en metabolismo lip\u00eddico, aterosclerosis y prevenci\u00f3n de enfermedades cardiovasculares.<\/span><sup>7<\/sup><span>  Los resultados obtenidos hasta la fecha son prometedores. El nuevo agonista de SPPARM\u03b1, el pemafibrato, mostr\u00f3 una disminuci\u00f3n robusta de los triglic\u00e9ridos, el colesterol remanente y las apolipoprote\u00ednas B48 y C-III, junto con una elevaci\u00f3n de la cantidad y la calidad de las lipoprote\u00ednas de alta densidad en ensayos cl\u00ednicos a corto plazo. <\/span><sup>7<\/sup><span> Adem\u00e1s, el pemafibrato presentaba un perfil de seguridad renal y hep\u00e1tica favorable, algo discutible para los fibratos actuales.<\/span><sup>7,8<\/sup><span> As\u00ed pues, el consenso sugiere que el pemafibrato ofrece un mejor perfil beneficio-riesgo que los fibratos actuales.<\/span><\/p>\n<p>[\/et_pb_text][\/et_pb_column][et_pb_column type=\u00bb1_2&#8243; _builder_version=\u00bb4.27.4&#8243; _module_preset=\u00bbdefault\u00bb global_colors_info=\u00bb{}\u00bb][et_pb_text _builder_version=\u00bb4.27.4&#8243; _module_preset=\u00bbdefault\u00bb text_text_color=\u00bbgcid-4907c8d4-9eff-49de-91ce-43a2d3a729cf\u00bb text_font_size=\u00bb14px\u00bb hover_enabled=\u00bb0&#8243; global_colors_info=\u00bb{%22gcid-primary-color%22:%91%22quote_text_color%22,%22quote_text_color%22,%22quote_text_color%22%93,%22gcid-4907c8d4-9eff-49de-91ce-43a2d3a729cf%22:%91%22text_text_color%22%93}\u00bb sticky_enabled=\u00bb0&#8243;]<\/p>\n<p style=\"font-weight: 400;\"><span>Sin embargo, lo que realmente definir\u00e1 el paradigma SPPARM\u03b1 es 1) la reducci\u00f3n definitiva del riesgo cardiovascular residual en pacientes de alto riesgo con dislipidemia aterog\u00e9nica, y 2) la seguridad a largo plazo. Estas cuestiones se est\u00e1n abordando en el ensayo PROMINENT en 10.000 pacientes con diabetes de tipo 2 y dislipidemia aterog\u00e9nica.   <\/span><sup>9<\/sup><span> Aunque a\u00fan faltan algunos a\u00f1os para dar respuesta a estas dos preguntas clave, las pruebas disponibles hasta la fecha sugieren que el paradigma SPPARM\u03b1 ofrece nuevas esperanzas a los m\u00e9dicos para abordar el riesgo cardiovascular residual modificable.<\/span><\/p>\n<p><span>Tambi\u00e9n hay otras preguntas sin respuesta. \u00bfConfiere este nuevo agonista de SPPARM\u03b1 un beneficio frente al riesgo residual de complicaciones microvasculares, como la retinopat\u00eda diab\u00e9tica, la nefropat\u00eda diab\u00e9tica o la amputaci\u00f3n de las extremidades inferiores, observado con el fenofibrato? \u00bfExisten otras indicaciones potenciales dentro del espectro de las enfermedades cardiometab\u00f3licas, en las que el pemafibrato pueda ofrecer un beneficio cl\u00ednico? Y, por \u00faltimo, una consideraci\u00f3n clave tanto para los pacientes como para los m\u00e9dicos: \u00bfes seguro este nuevo agonista SPPARM\u03b1?   <\/span><\/p>\n<p><span>Vivimos tiempos apasionantes. La disponibilidad de nuevos tratamientos dirigidos contra la PCSK9 (proprote\u00edna convertasa subtilisina\/kexina tipo 9) significa que alcanzar niveles muy bajos de colesterol de lipoprote\u00ednas de baja densidad (LDL-C) es ahora factible, seguro y eficaz. Sin embargo, incluso con estos tratamientos altamente eficaces, los individuos de alto riesgo siguen corriendo un riesgo persistente de (re)sufrir eventos cardiovasculares.  <\/span><sup>10,11<\/sup><span>  Tras la decepci\u00f3n de los ensayos cl\u00ednicos con terapias dirigidas a las HDL, nuestra atenci\u00f3n se est\u00e1 volviendo a centrar en la dislipidemia aterog\u00e9nica, sobre todo en las lipoprote\u00ednas remanentes elevadas, como factor clave del riesgo cardiovascular residual. Esperamos con impaciencia los resultados de PROMINENT. <\/span><\/p>\n<p>[\/et_pb_text][et_pb_text _builder_version=\u00bb4.27.4&#8243; _module_preset=\u00bbdefault\u00bb text_font_size=\u00bb8px\u00bb hover_enabled=\u00bb0&#8243; global_colors_info=\u00bb{}\u00bb sticky_enabled=\u00bb0&#8243;]<\/p>\n<p style=\"font-weight: 400;\"><strong>Referencias<\/strong><\/p>\n<ol>\n<li style=\"font-weight: 400;\"><span>Fruchart JC, Sacks F, Hermans MP et al. La Iniciativa de Reducci\u00f3n del Riesgo Residual: una llamada a la acci\u00f3n para reducir el riesgo vascular residual en pacientes con dislipidemia. Am J Cardiol 2008;102 Suppl 10:1K-34K.  <\/span><br \/><span class=\"ref ref2\">2.<\/span><span>  Bhatt DL, Steg PG, Miller M et al. Reducci\u00f3n del riesgo cardiovascular con icosapent et\u00edlico para la hipertrigliceridemia. N Engl J Med 2019;380:11-22.  <\/span><br \/><span class=\"ref ref3\">3.<\/span><span>  Baum SJ, Scholz KP. Redondeando la esquina del riesgo residual: Implicaciones de REDUCE-IT para el tratamiento con \u00e1cidos grasos poliinsaturados omega-3 en la prevenci\u00f3n secundaria de la enfermedad cardiovascular ateroscler\u00f3tica. Clin Cardiol 2019. doi: 10.1002\/clc.23220.     [Epub ahead of print]<\/span><br \/><span class=\"ref ref4\">4.<\/span><span>  Jun M, Foote C, Lv J et al. Efectos de los fibratos en los resultados cardiovasculares: una revisi\u00f3n sistem\u00e1tica y metaan\u00e1lisis. Lancet 2010;375:1875-84.  <\/span><br \/><span class=\"ref ref5\">5.<\/span><span>  Lewis JS, Jordan VC. Moduladores selectivos de los receptores estrog\u00e9nicos (SERM): mecanismos de anticancerog\u00e9nesis y resistencia a los f\u00e1rmacos. Mutat Res 2005;591:247-63.  <\/span><br \/><span class=\"ref ref6\">6.<\/span><span>  Fruchart JC. Moduladores selectivos del receptor \u03b1 activado por el proliferador de peroxisomas (SPPARM\u03b1): la pr\u00f3xima generaci\u00f3n de agonistas del receptor \u03b1 activado por el proliferador de peroxisomas. Cardiovasc Diabetol 2013;12:82  <\/span><br \/><span class=\"ref ref7\">7.<\/span><span>  Fruchart JC, Santos RD, Aguilar-Salinas C et al. El paradigma del modulador selectivo del receptor alfa activado por el proliferador de peroxisomas (SPPARM\u03b1): marco conceptual y potencial terap\u00e9utico : Declaraci\u00f3n de consenso de la Sociedad Internacional de Aterosclerosis (IAS) y la Fundaci\u00f3n de la Iniciativa para la Reducci\u00f3n del Riesgo Residual (R3i). Cardiovasc Diabetol 2019;18(1):71.  <\/span><br \/><span class=\"ref ref8\">8.<\/span><span>  Choi HD, Shin WG, Lee JY, Kang BC. Seguridad y eficacia del tratamiento combinado fibrato-estatina en comparaci\u00f3n con la monoterapia con fibrato en pacientes con dislipidemia: un metaan\u00e1lisis. Vascul Pharmacol 2015;65-66:23-30.  <\/span><br \/><span class=\"ref ref9\">9.<\/span><span>  Pradhan AD, Paynter NP, Everett BM, et al. Justificaci\u00f3n y dise\u00f1o del estudio Pemafibrate to Reduce Cardiovascular Outcomes by Reducing Triglycerides in Patients with Diabetes (PROMINENT). Am Heart J 2018;206:80-93.  <\/span><br \/><span class=\"ref ref10\">10.<\/span><span>  Sabatine MS, Giugliano RP, Keech AC et al. Evolocumab y resultados cl\u00ednicos en pacientes con enfermedad cardiovascular. N Engl J Med 2017;376:1713-22.  <\/span><br \/><span class=\"ref ref11\">11.<\/span><span>  Schwartz GG, Steg PG, Szarek M et al. Alirocumab y resultados cardiovasculares tras un s\u00edndrome coronario agudo. N Engl J Med 2018;379:2097-107.  <\/span><\/li>\n<\/ol>\n<p>[\/et_pb_text][\/et_pb_column][\/et_pb_row][\/et_pb_section]<\/p>\n","protected":false},"excerpt":{"rendered":"<p>Editoriales R3iConsenso internacional de expertos sobre el modulador selectivo del receptor alfa activado por el proliferador de peroxisomas (SPPARM\u03b1): Nuevas oportunidades para abordar el riesgo cardiovascular residual modificable Prof. Michel Hermans, Prof. Pierre Amarenco Hace tiempo que se reconoce que la dislipidemia aterog\u00e9nica contribuye al riesgo cardiovascular residual modificable.1 Sin embargo, hasta la fecha se [&hellip;]<\/p>\n","protected":false},"author":258497324,"featured_media":0,"parent":252805,"menu_order":0,"comment_status":"closed","ping_status":"closed","template":"","meta":{"_et_pb_use_builder":"on","_et_pb_old_content":"","_et_gb_content_width":"","_crdt_document":"","jetpack_post_was_ever_published":false,"footnotes":""},"class_list":["post-252922","page","type-page","status-publish","hentry"],"yoast_head":"<!-- This site is optimized with the Yoast SEO plugin v27.3 - https:\/\/yoast.com\/product\/yoast-seo-wordpress\/ -->\n<title>Editorial 07\/19 - Consenso internacional de expertos sobre el modulador selectivo del receptor alfa activado por el proliferador de peroxisomas (SPPARM\u03b1): Nuevas oportunidades para abordar el riesgo cardiovascular residual modificable - R3I<\/title>\n<meta name=\"robots\" content=\"index, follow, max-snippet:-1, max-image-preview:large, max-video-preview:-1\" \/>\n<link rel=\"canonical\" href=\"https:\/\/r3i.org\/es\/editoriales-r3i\/editorial-07-19-consenso-internacional-de-expertos-sobre-el-modulador-selectivo-del-receptor-alfa-activado-por-el-proliferador-de-peroxisomas-spparm%ce%b1-nuevas-oportunidades-para-abordar-el-rie\/\" \/>\n<meta property=\"og:locale\" content=\"es_ES\" \/>\n<meta property=\"og:type\" content=\"article\" \/>\n<meta property=\"og:title\" content=\"Editorial 07\/19 - Consenso internacional de expertos sobre el modulador selectivo del receptor alfa activado por el proliferador de peroxisomas (SPPARM\u03b1): Nuevas oportunidades para abordar el riesgo cardiovascular residual modificable - R3I\" \/>\n<meta property=\"og:description\" content=\"Editoriales R3iConsenso internacional de expertos sobre el modulador selectivo del receptor alfa activado por el proliferador de peroxisomas (SPPARM\u03b1): Nuevas oportunidades para abordar el riesgo cardiovascular residual modificable Prof. Michel Hermans, Prof. Pierre Amarenco Hace tiempo que se reconoce que la dislipidemia aterog\u00e9nica contribuye al riesgo cardiovascular residual modificable.1 Sin embargo, hasta la fecha se [&hellip;]\" \/>\n<meta property=\"og:url\" content=\"https:\/\/r3i.org\/es\/editoriales-r3i\/editorial-07-19-consenso-internacional-de-expertos-sobre-el-modulador-selectivo-del-receptor-alfa-activado-por-el-proliferador-de-peroxisomas-spparm%ce%b1-nuevas-oportunidades-para-abordar-el-rie\/\" \/>\n<meta property=\"og:site_name\" content=\"R3I\" \/>\n<meta property=\"article:modified_time\" content=\"2025-02-05T21:38:53+00:00\" \/>\n<meta name=\"twitter:card\" content=\"summary_large_image\" \/>\n<meta name=\"twitter:label1\" content=\"Tiempo de lectura\" \/>\n\t<meta name=\"twitter:data1\" content=\"7 minutos\" \/>\n<script type=\"application\/ld+json\" class=\"yoast-schema-graph\">{\"@context\":\"https:\\\/\\\/schema.org\",\"@graph\":[{\"@type\":\"WebPage\",\"@id\":\"https:\\\/\\\/r3i.org\\\/es\\\/editoriales-r3i\\\/editorial-07-19-consenso-internacional-de-expertos-sobre-el-modulador-selectivo-del-receptor-alfa-activado-por-el-proliferador-de-peroxisomas-spparm%ce%b1-nuevas-oportunidades-para-abordar-el-rie\\\/\",\"url\":\"https:\\\/\\\/r3i.org\\\/es\\\/editoriales-r3i\\\/editorial-07-19-consenso-internacional-de-expertos-sobre-el-modulador-selectivo-del-receptor-alfa-activado-por-el-proliferador-de-peroxisomas-spparm%ce%b1-nuevas-oportunidades-para-abordar-el-rie\\\/\",\"name\":\"Editorial 07\\\/19 - Consenso internacional de expertos sobre el modulador selectivo del receptor alfa activado por el proliferador de peroxisomas (SPPARM\u03b1): Nuevas oportunidades para abordar el riesgo cardiovascular residual modificable - R3I\",\"isPartOf\":{\"@id\":\"https:\\\/\\\/r3i.org\\\/es\\\/#website\"},\"datePublished\":\"2024-12-30T19:17:12+00:00\",\"dateModified\":\"2025-02-05T21:38:53+00:00\",\"breadcrumb\":{\"@id\":\"https:\\\/\\\/r3i.org\\\/es\\\/editoriales-r3i\\\/editorial-07-19-consenso-internacional-de-expertos-sobre-el-modulador-selectivo-del-receptor-alfa-activado-por-el-proliferador-de-peroxisomas-spparm%ce%b1-nuevas-oportunidades-para-abordar-el-rie\\\/#breadcrumb\"},\"inLanguage\":\"es\",\"potentialAction\":[{\"@type\":\"ReadAction\",\"target\":[\"https:\\\/\\\/r3i.org\\\/es\\\/editoriales-r3i\\\/editorial-07-19-consenso-internacional-de-expertos-sobre-el-modulador-selectivo-del-receptor-alfa-activado-por-el-proliferador-de-peroxisomas-spparm%ce%b1-nuevas-oportunidades-para-abordar-el-rie\\\/\"]}]},{\"@type\":\"BreadcrumbList\",\"@id\":\"https:\\\/\\\/r3i.org\\\/es\\\/editoriales-r3i\\\/editorial-07-19-consenso-internacional-de-expertos-sobre-el-modulador-selectivo-del-receptor-alfa-activado-por-el-proliferador-de-peroxisomas-spparm%ce%b1-nuevas-oportunidades-para-abordar-el-rie\\\/#breadcrumb\",\"itemListElement\":[{\"@type\":\"ListItem\",\"position\":1,\"name\":\"Home\",\"item\":\"https:\\\/\\\/r3i.org\\\/es\\\/\"},{\"@type\":\"ListItem\",\"position\":2,\"name\":\"Editoriales R3i\",\"item\":\"https:\\\/\\\/r3i.org\\\/es\\\/editoriales-r3i\\\/\"},{\"@type\":\"ListItem\",\"position\":3,\"name\":\"Editorial 07\\\/19 &#8211; Consenso internacional de expertos sobre el modulador selectivo del receptor alfa activado por el proliferador de peroxisomas (SPPARM\u03b1): Nuevas oportunidades para abordar el riesgo cardiovascular residual modificable\"}]},{\"@type\":\"WebSite\",\"@id\":\"https:\\\/\\\/r3i.org\\\/es\\\/#website\",\"url\":\"https:\\\/\\\/r3i.org\\\/es\\\/\",\"name\":\"R3I\",\"description\":\"Residual Risk Reduction Initiative\",\"publisher\":{\"@id\":\"https:\\\/\\\/r3i.org\\\/es\\\/#organization\"},\"potentialAction\":[{\"@type\":\"SearchAction\",\"target\":{\"@type\":\"EntryPoint\",\"urlTemplate\":\"https:\\\/\\\/r3i.org\\\/es\\\/?s={search_term_string}\"},\"query-input\":{\"@type\":\"PropertyValueSpecification\",\"valueRequired\":true,\"valueName\":\"search_term_string\"}}],\"inLanguage\":\"es\"},{\"@type\":\"Organization\",\"@id\":\"https:\\\/\\\/r3i.org\\\/es\\\/#organization\",\"name\":\"R3I\",\"url\":\"https:\\\/\\\/r3i.org\\\/es\\\/\",\"logo\":{\"@type\":\"ImageObject\",\"inLanguage\":\"es\",\"@id\":\"https:\\\/\\\/r3i.org\\\/es\\\/#\\\/schema\\\/logo\\\/image\\\/\",\"url\":\"https:\\\/\\\/i0.wp.com\\\/r3i.org\\\/wp-content\\\/uploads\\\/2024\\\/11\\\/r3i-logo-transp-1.png?fit=1601%2C834&ssl=1\",\"contentUrl\":\"https:\\\/\\\/i0.wp.com\\\/r3i.org\\\/wp-content\\\/uploads\\\/2024\\\/11\\\/r3i-logo-transp-1.png?fit=1601%2C834&ssl=1\",\"width\":1601,\"height\":834,\"caption\":\"R3I\"},\"image\":{\"@id\":\"https:\\\/\\\/r3i.org\\\/es\\\/#\\\/schema\\\/logo\\\/image\\\/\"}}]}<\/script>\n<!-- \/ Yoast SEO plugin. -->","yoast_head_json":{"title":"Editorial 07\/19 - Consenso internacional de expertos sobre el modulador selectivo del receptor alfa activado por el proliferador de peroxisomas (SPPARM\u03b1): Nuevas oportunidades para abordar el riesgo cardiovascular residual modificable - R3I","robots":{"index":"index","follow":"follow","max-snippet":"max-snippet:-1","max-image-preview":"max-image-preview:large","max-video-preview":"max-video-preview:-1"},"canonical":"https:\/\/r3i.org\/es\/editoriales-r3i\/editorial-07-19-consenso-internacional-de-expertos-sobre-el-modulador-selectivo-del-receptor-alfa-activado-por-el-proliferador-de-peroxisomas-spparm%ce%b1-nuevas-oportunidades-para-abordar-el-rie\/","og_locale":"es_ES","og_type":"article","og_title":"Editorial 07\/19 - Consenso internacional de expertos sobre el modulador selectivo del receptor alfa activado por el proliferador de peroxisomas (SPPARM\u03b1): Nuevas oportunidades para abordar el riesgo cardiovascular residual modificable - R3I","og_description":"Editoriales R3iConsenso internacional de expertos sobre el modulador selectivo del receptor alfa activado por el proliferador de peroxisomas (SPPARM\u03b1): Nuevas oportunidades para abordar el riesgo cardiovascular residual modificable Prof. Michel Hermans, Prof. Pierre Amarenco Hace tiempo que se reconoce que la dislipidemia aterog\u00e9nica contribuye al riesgo cardiovascular residual modificable.1 Sin embargo, hasta la fecha se [&hellip;]","og_url":"https:\/\/r3i.org\/es\/editoriales-r3i\/editorial-07-19-consenso-internacional-de-expertos-sobre-el-modulador-selectivo-del-receptor-alfa-activado-por-el-proliferador-de-peroxisomas-spparm%ce%b1-nuevas-oportunidades-para-abordar-el-rie\/","og_site_name":"R3I","article_modified_time":"2025-02-05T21:38:53+00:00","twitter_card":"summary_large_image","twitter_misc":{"Tiempo de lectura":"7 minutos"},"schema":{"@context":"https:\/\/schema.org","@graph":[{"@type":"WebPage","@id":"https:\/\/r3i.org\/es\/editoriales-r3i\/editorial-07-19-consenso-internacional-de-expertos-sobre-el-modulador-selectivo-del-receptor-alfa-activado-por-el-proliferador-de-peroxisomas-spparm%ce%b1-nuevas-oportunidades-para-abordar-el-rie\/","url":"https:\/\/r3i.org\/es\/editoriales-r3i\/editorial-07-19-consenso-internacional-de-expertos-sobre-el-modulador-selectivo-del-receptor-alfa-activado-por-el-proliferador-de-peroxisomas-spparm%ce%b1-nuevas-oportunidades-para-abordar-el-rie\/","name":"Editorial 07\/19 - Consenso internacional de expertos sobre el modulador selectivo del receptor alfa activado por el proliferador de peroxisomas (SPPARM\u03b1): Nuevas oportunidades para abordar el riesgo cardiovascular residual modificable - R3I","isPartOf":{"@id":"https:\/\/r3i.org\/es\/#website"},"datePublished":"2024-12-30T19:17:12+00:00","dateModified":"2025-02-05T21:38:53+00:00","breadcrumb":{"@id":"https:\/\/r3i.org\/es\/editoriales-r3i\/editorial-07-19-consenso-internacional-de-expertos-sobre-el-modulador-selectivo-del-receptor-alfa-activado-por-el-proliferador-de-peroxisomas-spparm%ce%b1-nuevas-oportunidades-para-abordar-el-rie\/#breadcrumb"},"inLanguage":"es","potentialAction":[{"@type":"ReadAction","target":["https:\/\/r3i.org\/es\/editoriales-r3i\/editorial-07-19-consenso-internacional-de-expertos-sobre-el-modulador-selectivo-del-receptor-alfa-activado-por-el-proliferador-de-peroxisomas-spparm%ce%b1-nuevas-oportunidades-para-abordar-el-rie\/"]}]},{"@type":"BreadcrumbList","@id":"https:\/\/r3i.org\/es\/editoriales-r3i\/editorial-07-19-consenso-internacional-de-expertos-sobre-el-modulador-selectivo-del-receptor-alfa-activado-por-el-proliferador-de-peroxisomas-spparm%ce%b1-nuevas-oportunidades-para-abordar-el-rie\/#breadcrumb","itemListElement":[{"@type":"ListItem","position":1,"name":"Home","item":"https:\/\/r3i.org\/es\/"},{"@type":"ListItem","position":2,"name":"Editoriales R3i","item":"https:\/\/r3i.org\/es\/editoriales-r3i\/"},{"@type":"ListItem","position":3,"name":"Editorial 07\/19 &#8211; Consenso internacional de expertos sobre el modulador selectivo del receptor alfa activado por el proliferador de peroxisomas (SPPARM\u03b1): Nuevas oportunidades para abordar el riesgo cardiovascular residual modificable"}]},{"@type":"WebSite","@id":"https:\/\/r3i.org\/es\/#website","url":"https:\/\/r3i.org\/es\/","name":"R3I","description":"Residual Risk Reduction Initiative","publisher":{"@id":"https:\/\/r3i.org\/es\/#organization"},"potentialAction":[{"@type":"SearchAction","target":{"@type":"EntryPoint","urlTemplate":"https:\/\/r3i.org\/es\/?s={search_term_string}"},"query-input":{"@type":"PropertyValueSpecification","valueRequired":true,"valueName":"search_term_string"}}],"inLanguage":"es"},{"@type":"Organization","@id":"https:\/\/r3i.org\/es\/#organization","name":"R3I","url":"https:\/\/r3i.org\/es\/","logo":{"@type":"ImageObject","inLanguage":"es","@id":"https:\/\/r3i.org\/es\/#\/schema\/logo\/image\/","url":"https:\/\/i0.wp.com\/r3i.org\/wp-content\/uploads\/2024\/11\/r3i-logo-transp-1.png?fit=1601%2C834&ssl=1","contentUrl":"https:\/\/i0.wp.com\/r3i.org\/wp-content\/uploads\/2024\/11\/r3i-logo-transp-1.png?fit=1601%2C834&ssl=1","width":1601,"height":834,"caption":"R3I"},"image":{"@id":"https:\/\/r3i.org\/es\/#\/schema\/logo\/image\/"}}]}},"jetpack_likes_enabled":true,"jetpack_sharing_enabled":true,"jetpack_shortlink":"https:\/\/wp.me\/Pgbfv2-13No","jetpack-related-posts":[],"_links":{"self":[{"href":"https:\/\/r3i.org\/es\/wp-json\/wp\/v2\/pages\/252922","targetHints":{"allow":["GET"]}}],"collection":[{"href":"https:\/\/r3i.org\/es\/wp-json\/wp\/v2\/pages"}],"about":[{"href":"https:\/\/r3i.org\/es\/wp-json\/wp\/v2\/types\/page"}],"author":[{"embeddable":true,"href":"https:\/\/r3i.org\/es\/wp-json\/wp\/v2\/users\/258497324"}],"replies":[{"embeddable":true,"href":"https:\/\/r3i.org\/es\/wp-json\/wp\/v2\/comments?post=252922"}],"version-history":[{"count":2,"href":"https:\/\/r3i.org\/es\/wp-json\/wp\/v2\/pages\/252922\/revisions"}],"predecessor-version":[{"id":252924,"href":"https:\/\/r3i.org\/es\/wp-json\/wp\/v2\/pages\/252922\/revisions\/252924"}],"up":[{"embeddable":true,"href":"https:\/\/r3i.org\/es\/wp-json\/wp\/v2\/pages\/252805"}],"wp:attachment":[{"href":"https:\/\/r3i.org\/es\/wp-json\/wp\/v2\/media?parent=252922"}],"curies":[{"name":"wp","href":"https:\/\/api.w.org\/{rel}","templated":true}]}}