{"id":252910,"date":"2025-01-04T17:10:27","date_gmt":"2025-01-04T16:10:27","guid":{"rendered":"https:\/\/r3i.org\/editoriales-r3i\/editorial-07-15-mas-alla-de-la-decada-pcsk9-que-es-lo-siguiente\/"},"modified":"2025-02-05T22:35:27","modified_gmt":"2025-02-05T21:35:27","slug":"editorial-07-15-mas-alla-de-la-decada-pcsk9-que-es-lo-siguiente","status":"publish","type":"page","link":"https:\/\/r3i.org\/es\/editoriales-r3i\/editorial-07-15-mas-alla-de-la-decada-pcsk9-que-es-lo-siguiente\/","title":{"rendered":"Editorial 07\/15 &#8211; M\u00e1s all\u00e1 de la d\u00e9cada PCSK9: \u00bfqu\u00e9 es lo siguiente?"},"content":{"rendered":"<p>[et_pb_section fb_built=\u00bb1&#8243; admin_label=\u00bbHeader\u00bb _builder_version=\u00bb4.27.4&#8243; _module_preset=\u00bb35f37621-1062-4ae6-955d-76a3167a2aa8&#8243; background_image=\u00bbhttps:\/\/r3i.org\/wp-content\/uploads\/2024\/12\/pexels-pixabay-267582.jpg\u00bb parallax=\u00bbon\u00bb min_height=\u00bb157.9px\u00bb min_height_tablet=\u00bb100px\u00bb min_height_phone=\u00bb100px\u00bb min_height_last_edited=\u00bbon|phone\u00bb height=\u00bb116px\u00bb height_tablet=\u00bb153px\u00bb height_phone=\u00bb130px\u00bb height_last_edited=\u00bbon|phone\u00bb custom_margin_tablet=\u00bb\u00bb custom_margin_phone=\u00bb-17px||||false|false\u00bb custom_margin_last_edited=\u00bbon|phone\u00bb custom_padding=\u00bb0vw||0vw||true|false\u00bb collapsed=\u00bbon\u00bb global_colors_info=\u00bb{%22gcid-primary-color%22:%91%22quote_text_color%22,%22background_color_gradient_stops%22%93}\u00bb][et_pb_row _builder_version=\u00bb4.27.4&#8243; _module_preset=\u00bbdefault\u00bb global_colors_info=\u00bb{}\u00bb][et_pb_column type=\u00bb4_4&#8243; _builder_version=\u00bb4.27.0&#8243; _module_preset=\u00bbdefault\u00bb global_colors_info=\u00bb{}\u00bb][et_pb_text _builder_version=\u00bb4.27.4&#8243; _module_preset=\u00bbdefault\u00bb text_text_color=\u00bb#FFFFFF\u00bb header_2_text_color=\u00bb#FFFFFF\u00bb custom_padding=\u00bb1px|||||\u00bb global_colors_info=\u00bb{}\u00bb]<\/p>\n<h2>Editoriales R3i<\/h2>\n<p>[\/et_pb_text][\/et_pb_column][\/et_pb_row][\/et_pb_section][et_pb_section fb_built=\u00bb1&#8243; _builder_version=\u00bb4.27.3&#8243; _module_preset=\u00bbdefault\u00bb custom_margin=\u00bb-49px|||||\u00bb custom_padding=\u00bb2px||40px|||\u00bb global_colors_info=\u00bb{}\u00bb][et_pb_row column_structure=\u00bb1_2,1_2&#8243; _builder_version=\u00bb4.27.4&#8243; _module_preset=\u00bbdefault\u00bb border_radii=\u00bboff|13px|13px|13px|13px\u00bb border_width_all=\u00bb4px\u00bb border_color_all=\u00bbgcid-b673dc17-1b2a-464e-affa-1bf1ab41c0fd\u00bb border_width_all_tablet=\u00bb4px\u00bb border_width_all_phone=\u00bb0px\u00bb border_width_all_last_edited=\u00bbon|phone\u00bb border_color_all_tablet=\u00bbgcid-b673dc17-1b2a-464e-affa-1bf1ab41c0fd\u00bb border_color_all_phone=\u00bbgcid-b673dc17-1b2a-464e-affa-1bf1ab41c0fd\u00bb border_color_all_last_edited=\u00bbon|phone\u00bb box_shadow_style=\u00bbpreset2&#8243; global_colors_info=\u00bb{%22gcid-b673dc17-1b2a-464e-affa-1bf1ab41c0fd%22:%91%22border_color_all%22%93}\u00bb][et_pb_column type=\u00bb1_2&#8243; _builder_version=\u00bb4.27.4&#8243; _module_preset=\u00bbdefault\u00bb global_colors_info=\u00bb{}\u00bb][et_pb_text _builder_version=\u00bb4.27.4&#8243; _module_preset=\u00bbdefault\u00bb text_font_size=\u00bb14px\u00bb header_5_text_color=\u00bbgcid-4907c8d4-9eff-49de-91ce-43a2d3a729cf\u00bb header_6_text_color=\u00bbgcid-secondary-color\u00bb hover_enabled=\u00bb0&#8243; global_colors_info=\u00bb{%22gcid-primary-color%22:%91%22quote_text_color%22,%22quote_text_color%22,%22quote_text_color%22%93,%22gcid-4907c8d4-9eff-49de-91ce-43a2d3a729cf%22:%91%22header_5_text_color%22%93,%22gcid-secondary-color%22:%91%22header_6_text_color%22%93}\u00bb sticky_enabled=\u00bb0&#8243;]<\/p>\n<h5 style=\"text-align: center;\"><span>M\u00e1s all\u00e1 de la d\u00e9cada PCSK9: \u00bfqu\u00e9 es lo siguiente?<\/span><\/h5>\n<h6 style=\"text-align: center;\"><span lang=\"EN-GB\">Prof. Michel Hermans, Prof. Pierre Amarenco<\/span><\/h6>\n<p><span>La \u00faltima d\u00e9cada en la investigaci\u00f3n sobre l\u00edpidos se ha considerado la \u00abd\u00e9cada PCSK9\u00bb. Los estudios gen\u00e9ticos han impulsado el desarrollo de nuevas terapias dirigidas a la enzima proprote\u00edna convertasa subtilisina\/kexina tipo 9 (PCSK9), la primera de las cuales se autorizar\u00e1 probablemente a finales de este a\u00f1o. <\/span><sup>1,2<\/sup><span><\/span><br \/><span>Sin embargo, aunque es probable que reducir el colesterol de lipoprote\u00ednas de baja densidad (LDL) m\u00e1s all\u00e1 de los objetivos actuales de las directrices confiera un beneficio adicional, como sugieren IMPROVE-IT y los an\u00e1lisis preliminares de los ensayos de inhibici\u00f3n de PCSK9,<\/span><sup>3-5<\/sup><span> estos tratamientos eficaces no eliminar\u00e1n los episodios cardiovasculares residuales en los pacientes de alto riesgo, especialmente en los que presentan una dislipidemia aterog\u00e9nica caracter\u00edstica de los estados de resistencia a la insulina.<\/span><\/p>\n<p><em>\u00bfQu\u00e9 ofrece el futuro para reducir el riesgo cardiovascular residual en estos pacientes?<\/em><span><\/span><\/p>\n<p><span>Quiz\u00e1 la reducci\u00f3n de los triglic\u00e9ridos (TG) sea el objetivo de la pr\u00f3xima d\u00e9cada, sobre todo tras la ca\u00edda en desgracia de los tratamientos dirigidos al colesterol de las lipoprote\u00ednas de alta densidad (HDL). El apoyo a esta idea se ha ido acumulando, sobre la base de la gen\u00e9tica humana y los primeros estudios cl\u00ednicos. <\/span><sup>6<\/sup><span>  Ahora se reconoce que los TG no son el objetivo, sino un marcador de las lipoprote\u00ednas que contienen apolipoprote\u00edna B ricas en TG. Las pruebas disponibles implican que es el colesterol estructural contenido en estas part\u00edculas, a menudo denominadas remanentes, el que confiere una mayor aterogenicidad. <\/span><\/p>\n<p><span>Se est\u00e1n investigando varios enfoques. En un editorial anterior, hemos aludido al potencial de los nuevos moduladores selectivos del receptor alfa activado por el proliferador de peroxisomas (SPPARM?s), que ofrecen las ventajas de una mayor selectividad y potencia en comparaci\u00f3n con los fibratos disponibles. <\/span><sup>7<\/sup><span>  Un enfoque alternativo puede ser dirigirse a la apolipoprote\u00edna CIII (apoCIII), que desempe\u00f1a un papel cr\u00edtico en la producci\u00f3n y eliminaci\u00f3n de lipoprote\u00ednas ricas en TG. De hecho, el art\u00edculo Focus de este mes <\/span><sup>8<\/sup><span> apoya los recientes estudios gen\u00e9ticos<\/span><sup>9.10<\/sup><span>que demuestran una relaci\u00f3n entre la apoCIII, los TG elevados y el aumento de la aterosclerosis subcl\u00ednica, medida por la puntuaci\u00f3n de calcio arterial coronario, en pacientes con diabetes tipo 2. Es probable que este grupo de pacientes se beneficie de la inhibici\u00f3n de la apoCIII, dado que siguen presentando un riesgo cardiometab\u00f3lico elevado, a pesar del mejor tratamiento basado en la evidencia, incluidas las estatinas. <\/span><\/p>\n<p>[\/et_pb_text][\/et_pb_column][et_pb_column type=\u00bb1_2&#8243; _builder_version=\u00bb4.27.4&#8243; _module_preset=\u00bbdefault\u00bb global_colors_info=\u00bb{}\u00bb][et_pb_text _builder_version=\u00bb4.27.4&#8243; _module_preset=\u00bbdefault\u00bb text_text_color=\u00bbgcid-4907c8d4-9eff-49de-91ce-43a2d3a729cf\u00bb text_font_size=\u00bb14px\u00bb hover_enabled=\u00bb0&#8243; global_colors_info=\u00bb{%22gcid-primary-color%22:%91%22quote_text_color%22,%22quote_text_color%22,%22quote_text_color%22%93,%22gcid-4907c8d4-9eff-49de-91ce-43a2d3a729cf%22:%91%22text_text_color%22%93}\u00bb sticky_enabled=\u00bb0&#8243;]<\/p>\n<p><span>As\u00ed pues, la b\u00fasqueda de enfoques terap\u00e9uticos para combatir el riesgo cardiovascular residual contin\u00faa a buen ritmo. El inter\u00e9s no se limita \u00fanicamente al riesgo cardiovascular residual relacionado con los l\u00edpidos. Dado que la inflamaci\u00f3n contribuye a todas las fases del proceso aterotromb\u00f3tico, no es sorprendente que el inter\u00e9s se haya centrado tambi\u00e9n en el potencial de la inhibici\u00f3n de los mediadores inflamatorios, como la interleucina-1?, mediante una terapia espec\u00edfica con anticuerpos monoclonales humanos. El Estudio de Resultados de la Trombosis Antiinflamatoria con Canakinumab (CANTOS) est\u00e1 probando actualmente esta posibilidad en pacientes con enfermedad arterial coronaria estable con niveles elevados de biomarcadores inflamatorios, como la prote\u00edna C reactiva de alta sensibilidad.<\/span><sup>11<\/sup><span><\/span><\/p>\n<p><span>Hemos avanzado en la concienciaci\u00f3n sobre el elevado riesgo cardiovascular residual que persiste en los pacientes con alto riesgo cardiometab\u00f3lico; sin embargo, a\u00fan queda mucho por hacer. Aunque la PCSK9 ha sido la historia de la \u00faltima d\u00e9cada en la investigaci\u00f3n lip\u00eddica, creemos que las lipoprote\u00ednas ricas en TG o remanentes son, con toda raz\u00f3n, el centro de atenci\u00f3n de la pr\u00f3xima. Esperamos que los estudios en curso que utilizan una serie de enfoques novedosos ayuden a identificar las herramientas que los m\u00e9dicos necesitan para abordar el riesgo cardiovascular residual relacionado con los l\u00edpidos en los pacientes de alto riesgo.  <\/span><\/p>\n<p>[\/et_pb_text][et_pb_text _builder_version=\u00bb4.27.4&#8243; _module_preset=\u00bbdefault\u00bb text_font_size=\u00bb8px\u00bb hover_enabled=\u00bb0&#8243; global_colors_info=\u00bb{}\u00bb sticky_enabled=\u00bb0&#8243;]<\/p>\n<p style=\"font-weight: 400;\"><strong>Referencias<\/strong><\/p>\n<ol>\n<li style=\"font-weight: 400;\"><span>Estado de la aprobaci\u00f3n de Repatha (evolocumab). Disponible en <a href=\"http:\/\/www.drugs.com\/history\/repatha.html\" rel=\"nofollow\">http:\/\/www.drugs.com\/history\/repatha.html<\/a> <\/span><br \/><span class=\"ref ref2\">2.<\/span><span>  Estado de la aprobaci\u00f3n de Praluent (alirocumab). <a href=\"http:\/\/www.drugs.com\/history\/praluent.html\" rel=\"nofollow\">http:\/\/www.drugs.com\/history\/praluent.html<\/a> <\/span><br \/><span class=\"ref ref3\">3.<\/span><span>  Cannon CP, Blazing MA, Giugliano RP et al. Ezetimiba a\u00f1adida al tratamiento con estatinas tras s\u00edndromes coronarios agudos. N Engl J Med 2015;372:2387-97.  <\/span><br \/><span class=\"ref ref4\">4.<\/span><span>  Robinson JG, Farnier M, Krempf M et al. Eficacia y seguridad del alirocumab en la reducci\u00f3n de l\u00edpidos y eventos cardiovasculares. N Engl J Med 2015;372:1489-99.  <\/span><br \/><span class=\"ref ref5\">5.<\/span><span>  Sabatine MS, Giugliano RP, Wiviott SD et al. Eficacia y seguridad del evolocumab en la reducci\u00f3n de l\u00edpidos y eventos cardiovasculares. N Engl J Med 2015;372:1500-9.  <\/span><br \/><span class=\"ref ref6\">6.<\/span><span>  Nordestgaard BG, Varbo A. Triglic\u00e9ridos y enfermedad cardiovascular. Lancet 2014;384:626-35. <\/span><br \/><span class=\"ref ref7\">7.<\/span><span> Fruchart JC. Moduladores selectivos del receptor ? activado por el proliferador de peroxisomas (SPPARM?): la pr\u00f3xima generaci\u00f3n de agonistas del receptor ? activado por el proliferador de peroxisomas. Cardiovasc Diabetol 2013;12:82.<\/span><br \/><span class=\"ref ref8\">8.<\/span><span>  Qamar A, Khetarpal SA, Khera AV et al. Niveles plasm\u00e1ticos de apolipoprote\u00edna C-III, triglic\u00e9ridos y calcificaci\u00f3n arterial coronaria en diab\u00e9ticos de tipo 2. Arterioscler Thromb Vasc Biol 2015;35: DOI: 10.1161\/ATVBAHA.115.305415  <\/span><br \/><span class=\"ref ref9\">9.<\/span><span>  J\u00f8rgensen AB, Frikke-Schmidt R, Nordestgaard BG, Tybj\u00e6rg-Hansen A. Mutaciones de p\u00e9rdida de funci\u00f3n en APOC3 y riesgo de enfermedad vascular isqu\u00e9mica. N Engl J Med. 2014;371:32-41. <\/span><br \/><span class=\"ref ref10\">10.<\/span><span>  Blood I, Crosby J, Peloso GM, et al; Grupo de Trabajo Tg, Hdl del Proyecto de Secuenciaci\u00f3n del Exoma NHL. Mutaciones de p\u00e9rdida de funci\u00f3n en apoc3, triglic\u00e9ridos y enfermedad coronaria. New Engl J Med. 2014;371:22-31.  <\/span><br \/><span class=\"ref ref11\">11.<\/span><span>  Ridker PM, Thuren T, Zalewski A, Libby P. La inhibici\u00f3n de la interleucina-1? y la prevenci\u00f3n de eventos cardiovasculares recurrentes: justificaci\u00f3n y dise\u00f1o del Estudio de Resultados de la Trombosis Antiinflamatoria con Canakinumab (CANTOS). Am Heart J 2011;162:597-605.  <\/span><\/li>\n<\/ol>\n<p>[\/et_pb_text][\/et_pb_column][\/et_pb_row][\/et_pb_section]<\/p>\n","protected":false},"excerpt":{"rendered":"<p>Editoriales R3iM\u00e1s all\u00e1 de la d\u00e9cada PCSK9: \u00bfqu\u00e9 es lo siguiente? Prof. Michel Hermans, Prof. Pierre Amarenco La \u00faltima d\u00e9cada en la investigaci\u00f3n sobre l\u00edpidos se ha considerado la \u00abd\u00e9cada PCSK9\u00bb. Los estudios gen\u00e9ticos han impulsado el desarrollo de nuevas terapias dirigidas a la enzima proprote\u00edna convertasa subtilisina\/kexina tipo 9 (PCSK9), la primera de las [&hellip;]<\/p>\n","protected":false},"author":258497324,"featured_media":0,"parent":252805,"menu_order":0,"comment_status":"closed","ping_status":"closed","template":"","meta":{"_et_pb_use_builder":"on","_et_pb_old_content":"","_et_gb_content_width":"","_crdt_document":"","jetpack_post_was_ever_published":false,"footnotes":""},"class_list":["post-252910","page","type-page","status-publish","hentry"],"yoast_head":"<!-- This site is optimized with the Yoast SEO plugin v27.3 - https:\/\/yoast.com\/product\/yoast-seo-wordpress\/ -->\n<title>Editorial 07\/15 - M\u00e1s all\u00e1 de la d\u00e9cada PCSK9: \u00bfqu\u00e9 es lo siguiente? - R3I<\/title>\n<meta name=\"robots\" content=\"index, follow, max-snippet:-1, max-image-preview:large, max-video-preview:-1\" \/>\n<link rel=\"canonical\" href=\"https:\/\/r3i.org\/es\/editoriales-r3i\/editorial-07-15-mas-alla-de-la-decada-pcsk9-que-es-lo-siguiente\/\" \/>\n<meta property=\"og:locale\" content=\"es_ES\" \/>\n<meta property=\"og:type\" content=\"article\" \/>\n<meta property=\"og:title\" content=\"Editorial 07\/15 - M\u00e1s all\u00e1 de la d\u00e9cada PCSK9: \u00bfqu\u00e9 es lo siguiente? - R3I\" \/>\n<meta property=\"og:description\" content=\"Editoriales R3iM\u00e1s all\u00e1 de la d\u00e9cada PCSK9: \u00bfqu\u00e9 es lo siguiente? Prof. Michel Hermans, Prof. Pierre Amarenco La \u00faltima d\u00e9cada en la investigaci\u00f3n sobre l\u00edpidos se ha considerado la &quot;d\u00e9cada PCSK9&quot;. Los estudios gen\u00e9ticos han impulsado el desarrollo de nuevas terapias dirigidas a la enzima proprote\u00edna convertasa subtilisina\/kexina tipo 9 (PCSK9), la primera de las [&hellip;]\" \/>\n<meta property=\"og:url\" content=\"https:\/\/r3i.org\/es\/editoriales-r3i\/editorial-07-15-mas-alla-de-la-decada-pcsk9-que-es-lo-siguiente\/\" \/>\n<meta property=\"og:site_name\" content=\"R3I\" \/>\n<meta property=\"article:modified_time\" content=\"2025-02-05T21:35:27+00:00\" \/>\n<meta name=\"twitter:card\" content=\"summary_large_image\" \/>\n<meta name=\"twitter:label1\" content=\"Tiempo de lectura\" \/>\n\t<meta name=\"twitter:data1\" content=\"7 minutos\" \/>\n<script type=\"application\/ld+json\" class=\"yoast-schema-graph\">{\"@context\":\"https:\\\/\\\/schema.org\",\"@graph\":[{\"@type\":\"WebPage\",\"@id\":\"https:\\\/\\\/r3i.org\\\/es\\\/editoriales-r3i\\\/editorial-07-15-mas-alla-de-la-decada-pcsk9-que-es-lo-siguiente\\\/\",\"url\":\"https:\\\/\\\/r3i.org\\\/es\\\/editoriales-r3i\\\/editorial-07-15-mas-alla-de-la-decada-pcsk9-que-es-lo-siguiente\\\/\",\"name\":\"Editorial 07\\\/15 - M\u00e1s all\u00e1 de la d\u00e9cada PCSK9: \u00bfqu\u00e9 es lo siguiente? - R3I\",\"isPartOf\":{\"@id\":\"https:\\\/\\\/r3i.org\\\/es\\\/#website\"},\"datePublished\":\"2025-01-04T16:10:27+00:00\",\"dateModified\":\"2025-02-05T21:35:27+00:00\",\"breadcrumb\":{\"@id\":\"https:\\\/\\\/r3i.org\\\/es\\\/editoriales-r3i\\\/editorial-07-15-mas-alla-de-la-decada-pcsk9-que-es-lo-siguiente\\\/#breadcrumb\"},\"inLanguage\":\"es\",\"potentialAction\":[{\"@type\":\"ReadAction\",\"target\":[\"https:\\\/\\\/r3i.org\\\/es\\\/editoriales-r3i\\\/editorial-07-15-mas-alla-de-la-decada-pcsk9-que-es-lo-siguiente\\\/\"]}]},{\"@type\":\"BreadcrumbList\",\"@id\":\"https:\\\/\\\/r3i.org\\\/es\\\/editoriales-r3i\\\/editorial-07-15-mas-alla-de-la-decada-pcsk9-que-es-lo-siguiente\\\/#breadcrumb\",\"itemListElement\":[{\"@type\":\"ListItem\",\"position\":1,\"name\":\"Home\",\"item\":\"https:\\\/\\\/r3i.org\\\/es\\\/\"},{\"@type\":\"ListItem\",\"position\":2,\"name\":\"Editoriales R3i\",\"item\":\"https:\\\/\\\/r3i.org\\\/es\\\/editoriales-r3i\\\/\"},{\"@type\":\"ListItem\",\"position\":3,\"name\":\"Editorial 07\\\/15 &#8211; M\u00e1s all\u00e1 de la d\u00e9cada PCSK9: \u00bfqu\u00e9 es lo siguiente?\"}]},{\"@type\":\"WebSite\",\"@id\":\"https:\\\/\\\/r3i.org\\\/es\\\/#website\",\"url\":\"https:\\\/\\\/r3i.org\\\/es\\\/\",\"name\":\"R3I\",\"description\":\"Residual Risk Reduction Initiative\",\"publisher\":{\"@id\":\"https:\\\/\\\/r3i.org\\\/es\\\/#organization\"},\"potentialAction\":[{\"@type\":\"SearchAction\",\"target\":{\"@type\":\"EntryPoint\",\"urlTemplate\":\"https:\\\/\\\/r3i.org\\\/es\\\/?s={search_term_string}\"},\"query-input\":{\"@type\":\"PropertyValueSpecification\",\"valueRequired\":true,\"valueName\":\"search_term_string\"}}],\"inLanguage\":\"es\"},{\"@type\":\"Organization\",\"@id\":\"https:\\\/\\\/r3i.org\\\/es\\\/#organization\",\"name\":\"R3I\",\"url\":\"https:\\\/\\\/r3i.org\\\/es\\\/\",\"logo\":{\"@type\":\"ImageObject\",\"inLanguage\":\"es\",\"@id\":\"https:\\\/\\\/r3i.org\\\/es\\\/#\\\/schema\\\/logo\\\/image\\\/\",\"url\":\"https:\\\/\\\/i0.wp.com\\\/r3i.org\\\/wp-content\\\/uploads\\\/2024\\\/11\\\/r3i-logo-transp-1.png?fit=1601%2C834&ssl=1\",\"contentUrl\":\"https:\\\/\\\/i0.wp.com\\\/r3i.org\\\/wp-content\\\/uploads\\\/2024\\\/11\\\/r3i-logo-transp-1.png?fit=1601%2C834&ssl=1\",\"width\":1601,\"height\":834,\"caption\":\"R3I\"},\"image\":{\"@id\":\"https:\\\/\\\/r3i.org\\\/es\\\/#\\\/schema\\\/logo\\\/image\\\/\"}}]}<\/script>\n<!-- \/ Yoast SEO plugin. -->","yoast_head_json":{"title":"Editorial 07\/15 - M\u00e1s all\u00e1 de la d\u00e9cada PCSK9: \u00bfqu\u00e9 es lo siguiente? - R3I","robots":{"index":"index","follow":"follow","max-snippet":"max-snippet:-1","max-image-preview":"max-image-preview:large","max-video-preview":"max-video-preview:-1"},"canonical":"https:\/\/r3i.org\/es\/editoriales-r3i\/editorial-07-15-mas-alla-de-la-decada-pcsk9-que-es-lo-siguiente\/","og_locale":"es_ES","og_type":"article","og_title":"Editorial 07\/15 - M\u00e1s all\u00e1 de la d\u00e9cada PCSK9: \u00bfqu\u00e9 es lo siguiente? - R3I","og_description":"Editoriales R3iM\u00e1s all\u00e1 de la d\u00e9cada PCSK9: \u00bfqu\u00e9 es lo siguiente? Prof. Michel Hermans, Prof. Pierre Amarenco La \u00faltima d\u00e9cada en la investigaci\u00f3n sobre l\u00edpidos se ha considerado la \"d\u00e9cada PCSK9\". Los estudios gen\u00e9ticos han impulsado el desarrollo de nuevas terapias dirigidas a la enzima proprote\u00edna convertasa subtilisina\/kexina tipo 9 (PCSK9), la primera de las [&hellip;]","og_url":"https:\/\/r3i.org\/es\/editoriales-r3i\/editorial-07-15-mas-alla-de-la-decada-pcsk9-que-es-lo-siguiente\/","og_site_name":"R3I","article_modified_time":"2025-02-05T21:35:27+00:00","twitter_card":"summary_large_image","twitter_misc":{"Tiempo de lectura":"7 minutos"},"schema":{"@context":"https:\/\/schema.org","@graph":[{"@type":"WebPage","@id":"https:\/\/r3i.org\/es\/editoriales-r3i\/editorial-07-15-mas-alla-de-la-decada-pcsk9-que-es-lo-siguiente\/","url":"https:\/\/r3i.org\/es\/editoriales-r3i\/editorial-07-15-mas-alla-de-la-decada-pcsk9-que-es-lo-siguiente\/","name":"Editorial 07\/15 - M\u00e1s all\u00e1 de la d\u00e9cada PCSK9: \u00bfqu\u00e9 es lo siguiente? - R3I","isPartOf":{"@id":"https:\/\/r3i.org\/es\/#website"},"datePublished":"2025-01-04T16:10:27+00:00","dateModified":"2025-02-05T21:35:27+00:00","breadcrumb":{"@id":"https:\/\/r3i.org\/es\/editoriales-r3i\/editorial-07-15-mas-alla-de-la-decada-pcsk9-que-es-lo-siguiente\/#breadcrumb"},"inLanguage":"es","potentialAction":[{"@type":"ReadAction","target":["https:\/\/r3i.org\/es\/editoriales-r3i\/editorial-07-15-mas-alla-de-la-decada-pcsk9-que-es-lo-siguiente\/"]}]},{"@type":"BreadcrumbList","@id":"https:\/\/r3i.org\/es\/editoriales-r3i\/editorial-07-15-mas-alla-de-la-decada-pcsk9-que-es-lo-siguiente\/#breadcrumb","itemListElement":[{"@type":"ListItem","position":1,"name":"Home","item":"https:\/\/r3i.org\/es\/"},{"@type":"ListItem","position":2,"name":"Editoriales R3i","item":"https:\/\/r3i.org\/es\/editoriales-r3i\/"},{"@type":"ListItem","position":3,"name":"Editorial 07\/15 &#8211; M\u00e1s all\u00e1 de la d\u00e9cada PCSK9: \u00bfqu\u00e9 es lo siguiente?"}]},{"@type":"WebSite","@id":"https:\/\/r3i.org\/es\/#website","url":"https:\/\/r3i.org\/es\/","name":"R3I","description":"Residual Risk Reduction Initiative","publisher":{"@id":"https:\/\/r3i.org\/es\/#organization"},"potentialAction":[{"@type":"SearchAction","target":{"@type":"EntryPoint","urlTemplate":"https:\/\/r3i.org\/es\/?s={search_term_string}"},"query-input":{"@type":"PropertyValueSpecification","valueRequired":true,"valueName":"search_term_string"}}],"inLanguage":"es"},{"@type":"Organization","@id":"https:\/\/r3i.org\/es\/#organization","name":"R3I","url":"https:\/\/r3i.org\/es\/","logo":{"@type":"ImageObject","inLanguage":"es","@id":"https:\/\/r3i.org\/es\/#\/schema\/logo\/image\/","url":"https:\/\/i0.wp.com\/r3i.org\/wp-content\/uploads\/2024\/11\/r3i-logo-transp-1.png?fit=1601%2C834&ssl=1","contentUrl":"https:\/\/i0.wp.com\/r3i.org\/wp-content\/uploads\/2024\/11\/r3i-logo-transp-1.png?fit=1601%2C834&ssl=1","width":1601,"height":834,"caption":"R3I"},"image":{"@id":"https:\/\/r3i.org\/es\/#\/schema\/logo\/image\/"}}]}},"jetpack_likes_enabled":true,"jetpack_sharing_enabled":true,"jetpack_shortlink":"https:\/\/wp.me\/Pgbfv2-13Nc","jetpack-related-posts":[],"_links":{"self":[{"href":"https:\/\/r3i.org\/es\/wp-json\/wp\/v2\/pages\/252910","targetHints":{"allow":["GET"]}}],"collection":[{"href":"https:\/\/r3i.org\/es\/wp-json\/wp\/v2\/pages"}],"about":[{"href":"https:\/\/r3i.org\/es\/wp-json\/wp\/v2\/types\/page"}],"author":[{"embeddable":true,"href":"https:\/\/r3i.org\/es\/wp-json\/wp\/v2\/users\/258497324"}],"replies":[{"embeddable":true,"href":"https:\/\/r3i.org\/es\/wp-json\/wp\/v2\/comments?post=252910"}],"version-history":[{"count":2,"href":"https:\/\/r3i.org\/es\/wp-json\/wp\/v2\/pages\/252910\/revisions"}],"predecessor-version":[{"id":252912,"href":"https:\/\/r3i.org\/es\/wp-json\/wp\/v2\/pages\/252910\/revisions\/252912"}],"up":[{"embeddable":true,"href":"https:\/\/r3i.org\/es\/wp-json\/wp\/v2\/pages\/252805"}],"wp:attachment":[{"href":"https:\/\/r3i.org\/es\/wp-json\/wp\/v2\/media?parent=252910"}],"curies":[{"name":"wp","href":"https:\/\/api.w.org\/{rel}","templated":true}]}}