{"id":252907,"date":"2024-12-27T17:27:16","date_gmt":"2024-12-27T16:27:16","guid":{"rendered":"https:\/\/r3i.org\/editoriales-r3i\/editorial-24-06-nuevas-opciones-para-el-riesgo-vascular-residual-en-el-horizonte\/"},"modified":"2025-02-15T01:44:14","modified_gmt":"2025-02-15T00:44:14","slug":"editorial-24-06-nuevas-opciones-para-el-riesgo-vascular-residual-en-el-horizonte","status":"publish","type":"page","link":"https:\/\/r3i.org\/es\/editoriales-r3i\/editorial-24-06-nuevas-opciones-para-el-riesgo-vascular-residual-en-el-horizonte\/","title":{"rendered":"Editorial 24\/06 &#8211; \u00bfNuevas opciones para el riesgo vascular residual en el horizonte?"},"content":{"rendered":"<p>[et_pb_section fb_built=\u00bb1&#8243; admin_label=\u00bbHeader\u00bb _builder_version=\u00bb4.27.4&#8243; _module_preset=\u00bb35f37621-1062-4ae6-955d-76a3167a2aa8&#8243; background_image=\u00bbhttps:\/\/r3i.org\/wp-content\/uploads\/2024\/12\/pexels-pixabay-267582.jpg\u00bb parallax=\u00bbon\u00bb min_height=\u00bb157.9px\u00bb min_height_tablet=\u00bb100px\u00bb min_height_phone=\u00bb100px\u00bb min_height_last_edited=\u00bbon|phone\u00bb height=\u00bb116px\u00bb height_tablet=\u00bb153px\u00bb height_phone=\u00bb130px\u00bb height_last_edited=\u00bbon|phone\u00bb custom_margin_tablet=\u00bb\u00bb custom_margin_phone=\u00bb-17px||||false|false\u00bb custom_margin_last_edited=\u00bbon|phone\u00bb custom_padding=\u00bb0vw||0vw||true|false\u00bb collapsed=\u00bbon\u00bb global_colors_info=\u00bb{%22gcid-primary-color%22:%91%22quote_text_color%22,%22background_color_gradient_stops%22%93}\u00bb][et_pb_row _builder_version=\u00bb4.27.4&#8243; _module_preset=\u00bbdefault\u00bb global_colors_info=\u00bb{}\u00bb][et_pb_column type=\u00bb4_4&#8243; _builder_version=\u00bb4.27.0&#8243; _module_preset=\u00bbdefault\u00bb global_colors_info=\u00bb{}\u00bb][et_pb_text _builder_version=\u00bb4.27.4&#8243; _module_preset=\u00bbdefault\u00bb text_text_color=\u00bb#FFFFFF\u00bb header_2_text_color=\u00bb#FFFFFF\u00bb custom_padding=\u00bb1px|||||\u00bb global_colors_info=\u00bb{}\u00bb]<\/p>\n<h2>Editoriales R3i<\/h2>\n<p>[\/et_pb_text][\/et_pb_column][\/et_pb_row][\/et_pb_section][et_pb_section fb_built=\u00bb1&#8243; _builder_version=\u00bb4.27.3&#8243; _module_preset=\u00bbdefault\u00bb custom_margin=\u00bb-49px|||||\u00bb custom_padding=\u00bb2px||40px|||\u00bb global_colors_info=\u00bb{}\u00bb][et_pb_row column_structure=\u00bb1_2,1_2&#8243; _builder_version=\u00bb4.27.4&#8243; _module_preset=\u00bbdefault\u00bb border_radii=\u00bboff|13px|13px|13px|13px\u00bb border_width_all=\u00bb4px\u00bb border_color_all=\u00bbgcid-b673dc17-1b2a-464e-affa-1bf1ab41c0fd\u00bb border_width_all_tablet=\u00bb4px\u00bb border_width_all_phone=\u00bb0px\u00bb border_width_all_last_edited=\u00bbon|phone\u00bb border_color_all_tablet=\u00bbgcid-b673dc17-1b2a-464e-affa-1bf1ab41c0fd\u00bb border_color_all_phone=\u00bbgcid-b673dc17-1b2a-464e-affa-1bf1ab41c0fd\u00bb border_color_all_last_edited=\u00bbon|phone\u00bb box_shadow_style=\u00bbpreset2&#8243; global_colors_info=\u00bb{%22gcid-b673dc17-1b2a-464e-affa-1bf1ab41c0fd%22:%91%22border_color_all%22%93}\u00bb][et_pb_column type=\u00bb1_2&#8243; _builder_version=\u00bb4.27.4&#8243; _module_preset=\u00bbdefault\u00bb global_colors_info=\u00bb{}\u00bb][et_pb_text _builder_version=\u00bb4.27.4&#8243; _module_preset=\u00bbdefault\u00bb text_font_size=\u00bb14px\u00bb header_5_text_color=\u00bbgcid-4907c8d4-9eff-49de-91ce-43a2d3a729cf\u00bb header_6_text_color=\u00bbgcid-secondary-color\u00bb inline_fonts=\u00bbAbyssinica SIL\u00bb global_colors_info=\u00bb{%22gcid-primary-color%22:%91%22quote_text_color%22,%22quote_text_color%22,%22quote_text_color%22%93,%22gcid-4907c8d4-9eff-49de-91ce-43a2d3a729cf%22:%91%22header_5_text_color%22%93,%22gcid-secondary-color%22:%91%22header_6_text_color%22%93}\u00bb]<\/p>\n<p style=\"font-weight: 400; text-align: center;\"><span style=\"font-family: 'Abyssinica SIL';\">June 2024<\/span><\/p>\n<p style=\"font-weight: 400; text-align: center;\"><span style=\"font-size: large;\"><strong>\u00bfSe vislumbran nuevas opciones para abordar el riesgo vascular residual?<\/strong><\/span><\/p>\n<h6 style=\"text-align: center;\"><span lang=\"EN-GB\">Prof. Jean-Charles Fruchart, Prof. Michel Hermans, Prof. Pierre Amarenco<\/span><\/h6>\n<p style=\"font-weight: 400;\"><span>A pesar del control \u00f3ptimo de los factores de riesgo, el riesgo cardiovascular residual contin\u00faa siendo un problema persistente para los m\u00e9dicos cl\u00ednicos que tratan a pacientes con enfermedad cardiovascular ateroscler\u00f3tica (ASCVD) o que est\u00e1n en riesgo de tenerla. Por tanto, la atenci\u00f3n se ha centrado en abordar otros factores que causan este riesgo. Entre los factores relacionados con los l\u00edpidos, las lipoprote\u00ednas ricas en triglic\u00e9ridos (TG), el colesterol remanente y la lipoprote\u00edna (a) [Lp(a)] se confirmaron como determinantes claves del riesgo residual <sup>1-3<\/sup>. Sin embargo, en el caso de las lipoprote\u00ednas ricas en triglic\u00e9ridos y el colesterol remanente, los estudios de resultados m\u00e1s importantes han arrojado resultados dispares <sup>4-6<\/sup>. Es objeto de pol\u00e9mica y tema de debates continuos si esta falta de una respuesta definitiva puede atribuirse a la complejidad del metabolismo de las lipoprote\u00ednas ricas en TG, que hace necesaria una selecci\u00f3n cuidadosa de las dianas terap\u00e9uticas, la reducci\u00f3n del colesterol aterog\u00e9nico total (tanto la masa como la cantidad de part\u00edculas), y la determinaci\u00f3n de los criterios de selecci\u00f3n de pacientes u otras caracter\u00edsticas del dise\u00f1o del estudio <sup>1, 7-9<\/sup>. Adem\u00e1s, aunque est\u00e1 establecido que la Lp(a) es un factor de riesgo causal de ASCVD <sup>3<\/sup>, no hay a\u00fan datos que prueben que disminuir las concentraciones elevadas de Lp(a) reduzca los episodios cardiovasculares.<\/span><\/p>\n<p style=\"font-weight: 400;\"><span>Ante estas consideraciones, la b\u00fasqueda de tratamientos novedosos que act\u00faen sobre estos objetivos de l\u00edpidos contin\u00faa. Las sesiones cient\u00edficas del Colegio Americano de Cardiolog\u00eda proporcionaron algunas apreciaciones interesantes. En primer lugar, hay datos nuevos referidos al olezarsen, un tratamiento con siRNA que act\u00faa sobre la apolipoprote\u00edna C-III (APOC3). La APOC3 es una reguladora clave del metabolismo de las lipoprote\u00ednas y tiene un papel fundamental en la regulaci\u00f3n de los valores de TG <sup>1<\/sup>. Los estudios de variantes gen\u00e9ticas que dan como resultado una p\u00e9rdida de funci\u00f3n y una reducci\u00f3n de los valores plasm\u00e1ticos de APOC3 est\u00e1n asociados con una reducci\u00f3n del riesgo de cardiopat\u00eda coronaria <sup>10-12<\/sup>, lo que proporciona un fundamento s\u00f3lido para investigar el potencial terap\u00e9utico de este abordaje. Los estudios preliminares con olezarsen fueron alentadores <sup>13,14<\/sup>, lo que justifica mayores investigaciones. El ensayo Bridge\u2013TIMI 73a fue dise\u00f1ado para investigar la eficacia y la seguridad del olezarsen en pacientes de alto riesgo con hipertrigliceridemia moderada o grave, aunque en la pr\u00e1ctica la mayor\u00eda de los pacientes (128\/154, 83%) ten\u00eda concentraciones de TG moderadamente elevadas (150 a 499 mg\/dl, mediana total de concentraci\u00f3n de TG 241.5 mg\/dl) <sup>15.<\/sup> El tratamiento con olezarsen redujo las concentraciones plasm\u00e1ticas de TG en ~50% a los 6 meses, adem\u00e1s de otros objetivos aterog\u00e9nicos, como la apoB (en un 18%) y el colesterol no HDL (hasta el 25%). Con un perfil de seguridad favorable hasta la fecha, los resultados sugieren que este f\u00e1rmaco tiene potencial para abordar el riesgo cardiovascular residual. El olezarsen tambi\u00e9n demostr\u00f3 beneficios en pacientes con s\u00edndrome de hiperquilomicronemia familiar, con una reducci\u00f3n significativa de los TG en ayunas a los 6 meses en el grupo con dosis de 80 mg <sup>16<\/sup>.<\/span><\/p>\n<p>[\/et_pb_text][\/et_pb_column][et_pb_column type=\u00bb1_2&#8243; _builder_version=\u00bb4.27.4&#8243; _module_preset=\u00bbdefault\u00bb global_colors_info=\u00bb{}\u00bb][et_pb_text _builder_version=\u00bb4.27.4&#8243; _module_preset=\u00bbdefault\u00bb text_text_color=\u00bbgcid-4907c8d4-9eff-49de-91ce-43a2d3a729cf\u00bb text_font_size=\u00bb14px\u00bb global_colors_info=\u00bb{%22gcid-primary-color%22:%91%22quote_text_color%22,%22quote_text_color%22,%22quote_text_color%22%93,%22gcid-4907c8d4-9eff-49de-91ce-43a2d3a729cf%22:%91%22text_text_color%22%93}\u00bb]<\/p>\n<p style=\"font-weight: 400;\"><span>Adem\u00e1s, se recopilaron datos alentadores con zerlasiran, el siRNA m\u00e1s nuevo que act\u00faa sobre la s\u00edntesis hep\u00e1tica de la apolipoprote\u00edna (a), un determinante clave de los valores de Lp(a). En pacientes con ASCVD estable y valores de Lp(a) &gt;150 nmol\/l, la administraci\u00f3n de zerlasiran (ya sea 200 mg cada 4 semanas o 300 o 450 mg cada 8 semanas) dio como resultado la inhibici\u00f3n de casi el 100% de los valores de Lp(a) (reducci\u00f3n del 97-98%) despu\u00e9s de 2 dosis <sup>17<\/sup>.\u00a0 Con tolerabilidad favorable hasta la fecha, se indica un mayor desarrollo cl\u00ednico. Tambi\u00e9n se avecina otro siRNA novedoso que act\u00faa sobre la Lp(a), lepodisiran, que cuenta con un estudio de fase 1 completo (<a href=\"https:\/\/clinicaltrials.gov\/study\/NCT04914546\" rel=\"nofollow\">https:\/\/clinicaltrials.gov\/study\/NCT04914546<\/a>) y un ensayo de fase 2 en curso que est\u00e1 programado que se complete este a\u00f1o (<a href=\"https:\/\/clinicaltrials.gov\/study\/NCT05565742\">https:\/\/clinicaltrials.gov\/study\/NCT05565742<\/a>). A pesar de estas innovaciones, la percepci\u00f3n de la necesidad de evaluar la Lp(a) entre los m\u00e9dicos cl\u00ednicos contin\u00faa siendo un obst\u00e1culo importante para una mejor integraci\u00f3n del tratamiento de la Lp(a) en la pr\u00e1ctica cl\u00ednica <sup>18<\/sup>.\u00a0\u00a0 <\/span><\/p>\n<p style=\"font-weight: 400;\"><span>\u00a0<\/span><\/p>\n<p style=\"font-weight: 400;\"><span>Con datos que prueban que ~40% de los pacientes tratados con estatinas contin\u00faan experimentando episodios cardiovasculares en un lapso de 10 a\u00f1os, el riesgo cardiovascular residual contin\u00faa siendo un desaf\u00edo cl\u00ednico de importancia en el siglo XXI. Claramente son necesarias estrategias nuevas que aborden otros factores que impulsan el riesgo cardiovascular residual relacionado y sin relaci\u00f3n con los l\u00edpidos. Las apreciaciones de ACC.2024 sugieren nuevas posibilidades, aunque es imperativo que se realicen estudios de resultados importantes para comprobar los beneficios. <\/span><\/p>\n<p style=\"font-weight: 400;\">[\/et_pb_text][et_pb_text _builder_version=\u00bb4.27.4&#8243; _module_preset=\u00bbdefault\u00bb text_font_size=\u00bb8px\u00bb global_colors_info=\u00bb{}\u00bb custom_padding=\u00bb||138px|||\u00bb]<\/p>\n<p style=\"font-weight: 400;\"><strong>Referencias<\/strong><\/p>\n<ol>\n<li style=\"font-weight: 400;\">1. Ginsberg HN, Packard CJ, Chapman MJ, et al. Triglyceride-rich lipoproteins and their remnants: metabolic insights, role in atherosclerotic cardiovascular dis ease, and emerging therapeutic strategies: a consensus statement from the European Atherosclerosis Society. Eur Heart J 2021;42:4791-806.<br \/>2. Nordestgaard BG. Triglyceride-rich lipoproteins and atherosclerotic cardiovascular disease: new insights from epidemiology, genetics, and biology. Circ Res 2016;118:547-63.<br \/>3. Kronenberg F, Mora S, Stroes ESG, et al. Lipoprotein(a) in atherosclerotic cardiovascular disease and aortic stenosis: a European Atherosclerosis Society consensus statement. Eur Heart J 2022;43:3925\u201346.<br \/>4. Bhatt DL, Steg PG, Miller M, et al. Cardiovascular risk reduction with icosapent ethyl for hypertriglyceridemia. N Engl J Med 2019;380:11-22.<br \/>5. Nicholls SJ, Lincoff AM, Garcia M, et al. Effect of high-dose omega-3 fatty acids vs corn oil on major adverse cardiovascular events in patients at high cardiovascular risk: the STRENGTH randomized clinical trial. JAMA 2020;324: 2268-80.<br \/>6. Das Pradhan A, Glynn RJ, Fruchart JC, et al. Triglyceride lowering with pemafibrate to reduce cardiovascular risk. N Engl J Med 2022;387:1923-34.<br \/>7. Virani S. The Fibrates Story \u2014 A Tepid End to a PROMINENT Drug. N Engl J Med 2022;387:1991-2.<br \/>8. Doi T, Langsted A, Nordestgaard BG. Remnant cholesterol, LDL cholesterol, and apoB absolute mass changes explain results of the PROMINENT trial. Atherosclerosis doi.org\/10.1016\/j.atherosclerosis.2024.117556.<br \/>9. Doi T, Langsted A, Nordestgaard BG. A possible explanation for the contrasting results of REDUCE-IT vs. STRENGTH: cohort study mimicking trial designs. Eur Heart J 2021;42: 4807-17.<br \/>10. J\u00f8rgensen AB, Frikke-Schmidt R, Nordestgaard BG, Tybj\u00e6rg-Hansen A. Loss of-function mutations in APOC3 and risk of ischemic vascular disease. N Engl J Med 2014;371:32-41.<br \/>11. Pollin TI, Damcott CM, Shen H, et al. A null mutation in human APOC3 confers a favorable plasma lipid profile and apparent cardioprotection. Science 2008;322:1702-5.<br \/>12. Crosby J, Peloso GM, Auer PL, et al. Loss-of-function mutations in APOC3, triglycerides, and coronary disease. N Engl J Med 2014;371:22-31.<br \/>13. Alexander VJ, Xia S, Hurh E, et al. N-acetyl galactosamine-conjugated antisense drug to APOC3 mRNA, triglycerides and atherogenic lipoprotein levels. Eur Heart J 2019;40:2785-9.<br \/>14. Tardif JC, Karwatowska-Prokopczuk E, Amour ES, et al. Apolipoprotein C-III reduction in subjects with moderate hypertriglyceridaemia and at high cardiovascular risk. Eur Heart J 2022;43:1401-12.<br \/>15. Bergmark BA, Marston NA, Prohaska TA, et al. Olezarsen for hypertriglyceridemia in patients at high cardiovascular risk. N Engl J Med 2024; DOI: 10.1056\/NEJMoa2402309.<br \/>16. Stroes ESG, Alexander VJ, Karwatowska-Prokopczuk E, et al. Olezarsen, acute pancreatitis, and familial chylomicronemia syndrome. N Engl J Med 2024; DOI: 10.1056\/NEJMoa2400201.<br \/>17. Nissen SE, Wolski K, Watts GF, et al. Single ascending and multiple-dose trial of zerlasiran, a short interfering RNA targeting Lipoprotein(a). JAMA 2024; doi:10.1001\/jama.2024.4504<br \/>18. Faaborg-Andersen CC, Cho SMJ, Trends and disparities in lipoprotein(a) testing in a large integrated U.S. health system, 2000-2023. Eur J Prev Cardiol 2024 Apr 25:zwae155. doi: 10.1093\/eurjpc\/zwae155. Epub ahead of print. PMID: 38662783.<\/li>\n<\/ol>\n<p>[\/et_pb_text][\/et_pb_column][\/et_pb_row][\/et_pb_section]<\/p>\n","protected":false},"excerpt":{"rendered":"<p>Editoriales R3iJune 2024 \u00bfSe vislumbran nuevas opciones para abordar el riesgo vascular residual? Prof. Jean-Charles Fruchart, Prof. Michel Hermans, Prof. Pierre Amarenco A pesar del control \u00f3ptimo de los factores de riesgo, el riesgo cardiovascular residual contin\u00faa siendo un problema persistente para los m\u00e9dicos cl\u00ednicos que tratan a pacientes con enfermedad cardiovascular ateroscler\u00f3tica (ASCVD) o [&hellip;]<\/p>\n","protected":false},"author":258497324,"featured_media":0,"parent":252805,"menu_order":0,"comment_status":"closed","ping_status":"closed","template":"","meta":{"_et_pb_use_builder":"on","_et_pb_old_content":"","_et_gb_content_width":"","_crdt_document":"","jetpack_post_was_ever_published":false,"footnotes":""},"class_list":["post-252907","page","type-page","status-publish","hentry"],"yoast_head":"<!-- This site is optimized with the Yoast SEO plugin v27.3 - https:\/\/yoast.com\/product\/yoast-seo-wordpress\/ -->\n<title>Editorial 24\/06 - \u00bfNuevas opciones para el riesgo vascular residual en el horizonte? - R3I<\/title>\n<meta name=\"robots\" content=\"index, follow, max-snippet:-1, max-image-preview:large, max-video-preview:-1\" \/>\n<link rel=\"canonical\" href=\"https:\/\/r3i.org\/es\/editoriales-r3i\/editorial-24-06-nuevas-opciones-para-el-riesgo-vascular-residual-en-el-horizonte\/\" \/>\n<meta property=\"og:locale\" content=\"es_ES\" \/>\n<meta property=\"og:type\" content=\"article\" \/>\n<meta property=\"og:title\" content=\"Editorial 24\/06 - \u00bfNuevas opciones para el riesgo vascular residual en el horizonte? - R3I\" \/>\n<meta property=\"og:description\" content=\"Editoriales R3iJune 2024 \u00bfSe vislumbran nuevas opciones para abordar el riesgo vascular residual? Prof. Jean-Charles Fruchart, Prof. Michel Hermans, Prof. Pierre Amarenco A pesar del control \u00f3ptimo de los factores de riesgo, el riesgo cardiovascular residual contin\u00faa siendo un problema persistente para los m\u00e9dicos cl\u00ednicos que tratan a pacientes con enfermedad cardiovascular ateroscler\u00f3tica (ASCVD) o [&hellip;]\" \/>\n<meta property=\"og:url\" content=\"https:\/\/r3i.org\/es\/editoriales-r3i\/editorial-24-06-nuevas-opciones-para-el-riesgo-vascular-residual-en-el-horizonte\/\" \/>\n<meta property=\"og:site_name\" content=\"R3I\" \/>\n<meta property=\"article:modified_time\" content=\"2025-02-15T00:44:14+00:00\" \/>\n<meta name=\"twitter:card\" content=\"summary_large_image\" \/>\n<meta name=\"twitter:label1\" content=\"Tiempo de lectura\" \/>\n\t<meta name=\"twitter:data1\" content=\"9 minutos\" \/>\n<script type=\"application\/ld+json\" class=\"yoast-schema-graph\">{\"@context\":\"https:\\\/\\\/schema.org\",\"@graph\":[{\"@type\":\"WebPage\",\"@id\":\"https:\\\/\\\/r3i.org\\\/es\\\/editoriales-r3i\\\/editorial-24-06-nuevas-opciones-para-el-riesgo-vascular-residual-en-el-horizonte\\\/\",\"url\":\"https:\\\/\\\/r3i.org\\\/es\\\/editoriales-r3i\\\/editorial-24-06-nuevas-opciones-para-el-riesgo-vascular-residual-en-el-horizonte\\\/\",\"name\":\"Editorial 24\\\/06 - \u00bfNuevas opciones para el riesgo vascular residual en el horizonte? - R3I\",\"isPartOf\":{\"@id\":\"https:\\\/\\\/r3i.org\\\/es\\\/#website\"},\"datePublished\":\"2024-12-27T16:27:16+00:00\",\"dateModified\":\"2025-02-15T00:44:14+00:00\",\"breadcrumb\":{\"@id\":\"https:\\\/\\\/r3i.org\\\/es\\\/editoriales-r3i\\\/editorial-24-06-nuevas-opciones-para-el-riesgo-vascular-residual-en-el-horizonte\\\/#breadcrumb\"},\"inLanguage\":\"es\",\"potentialAction\":[{\"@type\":\"ReadAction\",\"target\":[\"https:\\\/\\\/r3i.org\\\/es\\\/editoriales-r3i\\\/editorial-24-06-nuevas-opciones-para-el-riesgo-vascular-residual-en-el-horizonte\\\/\"]}]},{\"@type\":\"BreadcrumbList\",\"@id\":\"https:\\\/\\\/r3i.org\\\/es\\\/editoriales-r3i\\\/editorial-24-06-nuevas-opciones-para-el-riesgo-vascular-residual-en-el-horizonte\\\/#breadcrumb\",\"itemListElement\":[{\"@type\":\"ListItem\",\"position\":1,\"name\":\"Home\",\"item\":\"https:\\\/\\\/r3i.org\\\/es\\\/\"},{\"@type\":\"ListItem\",\"position\":2,\"name\":\"Editoriales R3i\",\"item\":\"https:\\\/\\\/r3i.org\\\/es\\\/editoriales-r3i\\\/\"},{\"@type\":\"ListItem\",\"position\":3,\"name\":\"Editorial 24\\\/06 &#8211; \u00bfNuevas opciones para el riesgo vascular residual en el horizonte?\"}]},{\"@type\":\"WebSite\",\"@id\":\"https:\\\/\\\/r3i.org\\\/es\\\/#website\",\"url\":\"https:\\\/\\\/r3i.org\\\/es\\\/\",\"name\":\"R3I\",\"description\":\"Residual Risk Reduction Initiative\",\"publisher\":{\"@id\":\"https:\\\/\\\/r3i.org\\\/es\\\/#organization\"},\"potentialAction\":[{\"@type\":\"SearchAction\",\"target\":{\"@type\":\"EntryPoint\",\"urlTemplate\":\"https:\\\/\\\/r3i.org\\\/es\\\/?s={search_term_string}\"},\"query-input\":{\"@type\":\"PropertyValueSpecification\",\"valueRequired\":true,\"valueName\":\"search_term_string\"}}],\"inLanguage\":\"es\"},{\"@type\":\"Organization\",\"@id\":\"https:\\\/\\\/r3i.org\\\/es\\\/#organization\",\"name\":\"R3I\",\"url\":\"https:\\\/\\\/r3i.org\\\/es\\\/\",\"logo\":{\"@type\":\"ImageObject\",\"inLanguage\":\"es\",\"@id\":\"https:\\\/\\\/r3i.org\\\/es\\\/#\\\/schema\\\/logo\\\/image\\\/\",\"url\":\"https:\\\/\\\/i0.wp.com\\\/r3i.org\\\/wp-content\\\/uploads\\\/2024\\\/11\\\/r3i-logo-transp-1.png?fit=1601%2C834&ssl=1\",\"contentUrl\":\"https:\\\/\\\/i0.wp.com\\\/r3i.org\\\/wp-content\\\/uploads\\\/2024\\\/11\\\/r3i-logo-transp-1.png?fit=1601%2C834&ssl=1\",\"width\":1601,\"height\":834,\"caption\":\"R3I\"},\"image\":{\"@id\":\"https:\\\/\\\/r3i.org\\\/es\\\/#\\\/schema\\\/logo\\\/image\\\/\"}}]}<\/script>\n<!-- \/ Yoast SEO plugin. -->","yoast_head_json":{"title":"Editorial 24\/06 - \u00bfNuevas opciones para el riesgo vascular residual en el horizonte? - R3I","robots":{"index":"index","follow":"follow","max-snippet":"max-snippet:-1","max-image-preview":"max-image-preview:large","max-video-preview":"max-video-preview:-1"},"canonical":"https:\/\/r3i.org\/es\/editoriales-r3i\/editorial-24-06-nuevas-opciones-para-el-riesgo-vascular-residual-en-el-horizonte\/","og_locale":"es_ES","og_type":"article","og_title":"Editorial 24\/06 - \u00bfNuevas opciones para el riesgo vascular residual en el horizonte? - R3I","og_description":"Editoriales R3iJune 2024 \u00bfSe vislumbran nuevas opciones para abordar el riesgo vascular residual? Prof. Jean-Charles Fruchart, Prof. Michel Hermans, Prof. Pierre Amarenco A pesar del control \u00f3ptimo de los factores de riesgo, el riesgo cardiovascular residual contin\u00faa siendo un problema persistente para los m\u00e9dicos cl\u00ednicos que tratan a pacientes con enfermedad cardiovascular ateroscler\u00f3tica (ASCVD) o [&hellip;]","og_url":"https:\/\/r3i.org\/es\/editoriales-r3i\/editorial-24-06-nuevas-opciones-para-el-riesgo-vascular-residual-en-el-horizonte\/","og_site_name":"R3I","article_modified_time":"2025-02-15T00:44:14+00:00","twitter_card":"summary_large_image","twitter_misc":{"Tiempo de lectura":"9 minutos"},"schema":{"@context":"https:\/\/schema.org","@graph":[{"@type":"WebPage","@id":"https:\/\/r3i.org\/es\/editoriales-r3i\/editorial-24-06-nuevas-opciones-para-el-riesgo-vascular-residual-en-el-horizonte\/","url":"https:\/\/r3i.org\/es\/editoriales-r3i\/editorial-24-06-nuevas-opciones-para-el-riesgo-vascular-residual-en-el-horizonte\/","name":"Editorial 24\/06 - \u00bfNuevas opciones para el riesgo vascular residual en el horizonte? - R3I","isPartOf":{"@id":"https:\/\/r3i.org\/es\/#website"},"datePublished":"2024-12-27T16:27:16+00:00","dateModified":"2025-02-15T00:44:14+00:00","breadcrumb":{"@id":"https:\/\/r3i.org\/es\/editoriales-r3i\/editorial-24-06-nuevas-opciones-para-el-riesgo-vascular-residual-en-el-horizonte\/#breadcrumb"},"inLanguage":"es","potentialAction":[{"@type":"ReadAction","target":["https:\/\/r3i.org\/es\/editoriales-r3i\/editorial-24-06-nuevas-opciones-para-el-riesgo-vascular-residual-en-el-horizonte\/"]}]},{"@type":"BreadcrumbList","@id":"https:\/\/r3i.org\/es\/editoriales-r3i\/editorial-24-06-nuevas-opciones-para-el-riesgo-vascular-residual-en-el-horizonte\/#breadcrumb","itemListElement":[{"@type":"ListItem","position":1,"name":"Home","item":"https:\/\/r3i.org\/es\/"},{"@type":"ListItem","position":2,"name":"Editoriales R3i","item":"https:\/\/r3i.org\/es\/editoriales-r3i\/"},{"@type":"ListItem","position":3,"name":"Editorial 24\/06 &#8211; \u00bfNuevas opciones para el riesgo vascular residual en el horizonte?"}]},{"@type":"WebSite","@id":"https:\/\/r3i.org\/es\/#website","url":"https:\/\/r3i.org\/es\/","name":"R3I","description":"Residual Risk Reduction Initiative","publisher":{"@id":"https:\/\/r3i.org\/es\/#organization"},"potentialAction":[{"@type":"SearchAction","target":{"@type":"EntryPoint","urlTemplate":"https:\/\/r3i.org\/es\/?s={search_term_string}"},"query-input":{"@type":"PropertyValueSpecification","valueRequired":true,"valueName":"search_term_string"}}],"inLanguage":"es"},{"@type":"Organization","@id":"https:\/\/r3i.org\/es\/#organization","name":"R3I","url":"https:\/\/r3i.org\/es\/","logo":{"@type":"ImageObject","inLanguage":"es","@id":"https:\/\/r3i.org\/es\/#\/schema\/logo\/image\/","url":"https:\/\/i0.wp.com\/r3i.org\/wp-content\/uploads\/2024\/11\/r3i-logo-transp-1.png?fit=1601%2C834&ssl=1","contentUrl":"https:\/\/i0.wp.com\/r3i.org\/wp-content\/uploads\/2024\/11\/r3i-logo-transp-1.png?fit=1601%2C834&ssl=1","width":1601,"height":834,"caption":"R3I"},"image":{"@id":"https:\/\/r3i.org\/es\/#\/schema\/logo\/image\/"}}]}},"jetpack_likes_enabled":true,"jetpack_sharing_enabled":true,"jetpack_shortlink":"https:\/\/wp.me\/Pgbfv2-13N9","jetpack-related-posts":[],"_links":{"self":[{"href":"https:\/\/r3i.org\/es\/wp-json\/wp\/v2\/pages\/252907","targetHints":{"allow":["GET"]}}],"collection":[{"href":"https:\/\/r3i.org\/es\/wp-json\/wp\/v2\/pages"}],"about":[{"href":"https:\/\/r3i.org\/es\/wp-json\/wp\/v2\/types\/page"}],"author":[{"embeddable":true,"href":"https:\/\/r3i.org\/es\/wp-json\/wp\/v2\/users\/258497324"}],"replies":[{"embeddable":true,"href":"https:\/\/r3i.org\/es\/wp-json\/wp\/v2\/comments?post=252907"}],"version-history":[{"count":7,"href":"https:\/\/r3i.org\/es\/wp-json\/wp\/v2\/pages\/252907\/revisions"}],"predecessor-version":[{"id":253529,"href":"https:\/\/r3i.org\/es\/wp-json\/wp\/v2\/pages\/252907\/revisions\/253529"}],"up":[{"embeddable":true,"href":"https:\/\/r3i.org\/es\/wp-json\/wp\/v2\/pages\/252805"}],"wp:attachment":[{"href":"https:\/\/r3i.org\/es\/wp-json\/wp\/v2\/media?parent=252907"}],"curies":[{"name":"wp","href":"https:\/\/api.w.org\/{rel}","templated":true}]}}