{"id":252877,"date":"2025-01-04T17:18:40","date_gmt":"2025-01-04T16:18:40","guid":{"rendered":"https:\/\/r3i.org\/editoriales-r3i\/editorial-05-15-necesitamos-nuevos-biomarcadores-lipidicos-para-el-riesgo-cardiovascular-residual\/"},"modified":"2025-02-05T22:29:13","modified_gmt":"2025-02-05T21:29:13","slug":"editorial-05-15-necesitamos-nuevos-biomarcadores-lipidicos-para-el-riesgo-cardiovascular-residual","status":"publish","type":"page","link":"https:\/\/r3i.org\/es\/editoriales-r3i\/editorial-05-15-necesitamos-nuevos-biomarcadores-lipidicos-para-el-riesgo-cardiovascular-residual\/","title":{"rendered":"Editorial 05\/15 &#8211; \u00bfNecesitamos nuevos biomarcadores lip\u00eddicos para el riesgo cardiovascular residual?"},"content":{"rendered":"<p>[et_pb_section fb_built=\u00bb1&#8243; admin_label=\u00bbHeader\u00bb _builder_version=\u00bb4.27.4&#8243; _module_preset=\u00bb35f37621-1062-4ae6-955d-76a3167a2aa8&#8243; background_image=\u00bbhttps:\/\/r3i.org\/wp-content\/uploads\/2024\/12\/pexels-pixabay-267582.jpg\u00bb parallax=\u00bbon\u00bb min_height=\u00bb157.9px\u00bb min_height_tablet=\u00bb100px\u00bb min_height_phone=\u00bb100px\u00bb min_height_last_edited=\u00bbon|phone\u00bb height=\u00bb116px\u00bb height_tablet=\u00bb153px\u00bb height_phone=\u00bb130px\u00bb height_last_edited=\u00bbon|phone\u00bb custom_margin_tablet=\u00bb\u00bb custom_margin_phone=\u00bb-17px||||false|false\u00bb custom_margin_last_edited=\u00bbon|phone\u00bb custom_padding=\u00bb0vw||0vw||true|false\u00bb collapsed=\u00bbon\u00bb global_colors_info=\u00bb{%22gcid-primary-color%22:%91%22quote_text_color%22,%22background_color_gradient_stops%22%93}\u00bb][et_pb_row _builder_version=\u00bb4.27.4&#8243; _module_preset=\u00bbdefault\u00bb global_colors_info=\u00bb{}\u00bb][et_pb_column type=\u00bb4_4&#8243; _builder_version=\u00bb4.27.0&#8243; _module_preset=\u00bbdefault\u00bb global_colors_info=\u00bb{}\u00bb][et_pb_text _builder_version=\u00bb4.27.4&#8243; _module_preset=\u00bbdefault\u00bb text_text_color=\u00bb#FFFFFF\u00bb header_2_text_color=\u00bb#FFFFFF\u00bb custom_padding=\u00bb1px|||||\u00bb global_colors_info=\u00bb{}\u00bb]<\/p>\n<h2>Editoriales R3i<\/h2>\n<p>[\/et_pb_text][\/et_pb_column][\/et_pb_row][\/et_pb_section][et_pb_section fb_built=\u00bb1&#8243; _builder_version=\u00bb4.27.3&#8243; _module_preset=\u00bbdefault\u00bb custom_margin=\u00bb-49px|||||\u00bb custom_padding=\u00bb2px||40px|||\u00bb global_colors_info=\u00bb{}\u00bb][et_pb_row column_structure=\u00bb1_2,1_2&#8243; _builder_version=\u00bb4.27.4&#8243; _module_preset=\u00bbdefault\u00bb border_radii=\u00bboff|13px|13px|13px|13px\u00bb border_width_all=\u00bb4px\u00bb border_color_all=\u00bbgcid-b673dc17-1b2a-464e-affa-1bf1ab41c0fd\u00bb border_width_all_tablet=\u00bb4px\u00bb border_width_all_phone=\u00bb0px\u00bb border_width_all_last_edited=\u00bbon|phone\u00bb border_color_all_tablet=\u00bbgcid-b673dc17-1b2a-464e-affa-1bf1ab41c0fd\u00bb border_color_all_phone=\u00bbgcid-b673dc17-1b2a-464e-affa-1bf1ab41c0fd\u00bb border_color_all_last_edited=\u00bbon|phone\u00bb box_shadow_style=\u00bbpreset2&#8243; global_colors_info=\u00bb{%22gcid-b673dc17-1b2a-464e-affa-1bf1ab41c0fd%22:%91%22border_color_all%22%93}\u00bb][et_pb_column type=\u00bb1_2&#8243; _builder_version=\u00bb4.27.4&#8243; _module_preset=\u00bbdefault\u00bb global_colors_info=\u00bb{}\u00bb][et_pb_text _builder_version=\u00bb4.27.4&#8243; _module_preset=\u00bbdefault\u00bb text_font_size=\u00bb14px\u00bb header_5_text_color=\u00bbgcid-4907c8d4-9eff-49de-91ce-43a2d3a729cf\u00bb header_6_text_color=\u00bbgcid-secondary-color\u00bb hover_enabled=\u00bb0&#8243; global_colors_info=\u00bb{%22gcid-primary-color%22:%91%22quote_text_color%22,%22quote_text_color%22,%22quote_text_color%22%93,%22gcid-4907c8d4-9eff-49de-91ce-43a2d3a729cf%22:%91%22header_5_text_color%22%93,%22gcid-secondary-color%22:%91%22header_6_text_color%22%93}\u00bb sticky_enabled=\u00bb0&#8243;]<\/p>\n<h5 style=\"text-align: center;\"><span>\u00bfNecesitamos nuevos biomarcadores lip\u00eddicos para el riesgo cardiovascular residual?<\/span><\/h5>\n<h6 style=\"text-align: center;\"><span lang=\"EN-GB\">Prof. Michel Hermans, Prof. Pierre Amarenco, Prof. Jean-Charles Fruchart, Prof. Jean Davignon<\/span><\/h6>\n<p><span>La carga de las enfermedades cardiovasculares sigue aumentando, a pesar de los avances en el diagn\u00f3stico, el tratamiento y la farmacoterapia de las \u00faltimas d\u00e9cadas. Las \u00faltimas noticias de la Carga Mundial de Morbilidad 2013, <\/span><sup>1<\/sup><span>  muestra que las tasas mundiales de mortalidad cardiovascular est\u00e1n aumentando, impulsadas tanto por el creciente envejecimiento de la poblaci\u00f3n (que representa m\u00e1s de la mitad de este aumento), como por el crecimiento demogr\u00e1fico. Europa occidental y central es la \u00fanica en la que, a pesar del envejecimiento de la poblaci\u00f3n, la disminuci\u00f3n de las tasas de mortalidad cardiovascular por edad ha culminado en un descenso del n\u00famero de muertes cardiovasculares. En parte, este descenso puede estar relacionado con la reducci\u00f3n de la prevalencia de los factores de riesgo cardiovascular, como el tabaquismo, as\u00ed como con la mejora de los tratamientos m\u00e9dicos y quir\u00fargicos. Sin embargo, los datos de encuestas como EUROASPIRE IV   <\/span><sup>2<\/sup><span> muestra que, incluso con una mayor prescripci\u00f3n de tratamientos eficaces, la consecuci\u00f3n de los objetivos lip\u00eddicos sigue siendo sub\u00f3ptima.<\/span><\/p>\n<p><span>La mejora en la aplicaci\u00f3n de las directrices est\u00e1 claramente indicada. Tal como recomiendan los grupos de expertos, el colesterol no unido a lipoprote\u00ednas de alta densidad (colesterol no unido a HDL), que representa la suma del colesterol de las lipoprote\u00ednas que contienen apolipoprote\u00edna B aterog\u00e9nica, es un marcador de riesgo lip\u00eddico y un objetivo de tratamiento sencillo y pragm\u00e1tico. De hecho, en el Documento de posici\u00f3n de 2013,  <\/span><sup>3<\/sup><span> la Iniciativa para la Reducci\u00f3n del Riesgo Residual (R3i) pidi\u00f3 que se reconociera el cHDL no-HDL como objetivo clave para las decisiones terap\u00e9uticas relativas al riesgo cardiovascular residual relacionado con los l\u00edpidos.<\/span><\/p>\n<p><span>Sin embargo, \u00bfhay tambi\u00e9n motivos para considerar otros biomarcadores lip\u00eddicos que pueden ser especialmente relevantes para el riesgo cardiovascular residual relacionado con los l\u00edpidos? Los triglic\u00e9ridos y el HDL-C son componentes de la dislipidemia aterog\u00e9nica, que contribuye de forma decisiva al riesgo cardiovascular residual relacionado con los l\u00edpidos. El cociente triglic\u00e9ridos\/HDL-C (TG\/HDL-C), que tiene en cuenta estas medidas y califica la dislipidemia aterog\u00e9nica como una variable continua, no s\u00f3lo es un reconocido marcador de resistencia a la insulina\/hiperinsulinemia, sino tambi\u00e9n un predictor independiente del riesgo cardiovascular, as\u00ed como de la mortalidad por todas las causas.  <\/span><sup>4-6<\/sup><span>  Informes recientes aumentan las pruebas de este biomarcador. En el art\u00edculo de Enfoque de este mes, <\/span><sup>7<\/sup><span>  Wan y sus colegas demuestran que el cociente TG\/HDL-C es un potente predictor independiente de la mortalidad por todas las causas en pacientes con s\u00edndrome coronario agudo. Tambi\u00e9n se ha demostrado que un cociente TG\/HDL-C elevado predice un mal resultado cardiovascular en pacientes con enfermedad renal cr\u00f3nica. <\/span><sup>8<\/sup><span> Este \u00faltimo hallazgo es muy relevante, dado que las medidas lip\u00eddicas tradicionales suelen ser predictores inadecuados del resultado cardiovascular en este grupo.<\/span><sup>9,10<\/sup><span><\/span><\/p>\n<p>[\/et_pb_text][\/et_pb_column][et_pb_column type=\u00bb1_2&#8243; _builder_version=\u00bb4.27.4&#8243; _module_preset=\u00bbdefault\u00bb global_colors_info=\u00bb{}\u00bb][et_pb_text _builder_version=\u00bb4.27.4&#8243; _module_preset=\u00bbdefault\u00bb text_text_color=\u00bbgcid-4907c8d4-9eff-49de-91ce-43a2d3a729cf\u00bb text_font_size=\u00bb14px\u00bb hover_enabled=\u00bb0&#8243; global_colors_info=\u00bb{%22gcid-primary-color%22:%91%22quote_text_color%22,%22quote_text_color%22,%22quote_text_color%22%93,%22gcid-4907c8d4-9eff-49de-91ce-43a2d3a729cf%22:%91%22text_text_color%22%93}\u00bb sticky_enabled=\u00bb0&#8243;]<\/p>\n<p><span>Tanto las consideraciones pr\u00e1cticas como las pruebas cl\u00ednicas informan la decisi\u00f3n de considerar un nuevo biomarcador.<\/span><sup>11<\/sup><span>  El biomarcador debe ofrecer nueva informaci\u00f3n de una asociaci\u00f3n fuerte y consistente con la enfermedad en cuesti\u00f3n en numerosos estudios en diversas poblaciones. El cociente TG\/HDL-C es un marcador sencillo, barato y reproducible del riesgo cardiovascular, demostrado en pacientes con enfermedades cardiometab\u00f3licas, como la diabetes mellitus, la hipertensi\u00f3n y la enfermedad del h\u00edgado graso no alcoh\u00f3lico, <\/span><sup>12-14<\/sup><span> as\u00ed como en pacientes con alto riesgo cardiovascular, incluidos los que padecen enfermedad renal cr\u00f3nica (como se ha comentado anteriormente).<\/span><\/p>\n<p><span>La cuesti\u00f3n clave es si este marcador a\u00f1ade nueva informaci\u00f3n m\u00e1s all\u00e1 del uso del C no-HDL. Algunos han sugerido que el cociente TG\/HDL-C puede ser un mejor discriminador del riesgo cardiometab\u00f3lico que el no-HDL-C. <\/span><sup>15<\/sup><span> Adem\u00e1s, el uso del cociente TG\/HDL-C puede ayudar a identificar a los individuos j\u00f3venes con cambios ateroscler\u00f3ticos precoces, que pueden requerir un seguimiento para prevenir la enfermedad cardiovascular en la edad adulta.<\/span><sup>16<\/sup><span> En el contexto de una pandemia de obesidad en aumento, estos hallazgos pueden respaldar el uso del cociente TG\/HDL-C, aunque es necesario realizar m\u00e1s estudios.<\/span><\/p>\n<p><em>El riesgo cardiovascular residual es claramente un problema de salud p\u00fablica mundial. Aunque est\u00e1 indicada la mejora de la aplicaci\u00f3n de las directrices en la pr\u00e1ctica, tambi\u00e9n puede ser necesario considerar otros biomarcadores lip\u00eddicos, especialmente los espec\u00edficos de la dislipidemia aterog\u00e9nica, un factor que contribuye decisivamente al riesgo cardiovascular residual. <\/em><span><\/span><\/p>\n<p>[\/et_pb_text][et_pb_text _builder_version=\u00bb4.27.4&#8243; _module_preset=\u00bbdefault\u00bb text_font_size=\u00bb8px\u00bb hover_enabled=\u00bb0&#8243; global_colors_info=\u00bb{}\u00bb sticky_enabled=\u00bb0&#8243;]<\/p>\n<p style=\"font-weight: 400;\"><strong>Referencias<\/strong><\/p>\n<ol>\n<li style=\"font-weight: 400;\"><span>Roth GA, Forouzanfar MH, Moran AE et al. Factores demogr\u00e1ficos y epidemiol\u00f3gicos de la mortalidad cardiovascular mundial. N Engl J Med 2015;372:1333-41.  <\/span><br \/><span class=\"ref ref2\">2.<\/span><span>  Kotseva K, Wood D, De Bacquer D et al. EUROASPIRE IV: Una encuesta de la Sociedad Europea de Cardiolog\u00eda sobre el estilo de vida, los factores de riesgo y el tratamiento terap\u00e9utico de los pacientes coronarios de 24 pa\u00edses europeos. Eur J Prev Cardiol 2015 [Epub ahead of print].  <\/span><br \/><span class=\"ref ref3\">3.<\/span><span>  Fruchart JC, Davignon J, Hermans MP et al. Riesgo macrovascular residual en 2013: \u00bfqu\u00e9 hemos aprendido? Cardiovasc Diabetol 2014;13:26.  <\/span><br \/><span class=\"ref ref4\">4.<\/span><span>  McLaughlin T, Reaven G, Abbasi F et al. \u00bfExiste una forma sencilla de identificar a los individuos resistentes a la insulina con mayor riesgo de enfermedad cardiovascular? Am J Cardiol 2005;96:399-404.  <\/span><br \/><span class=\"ref ref5\">5.<\/span><span>  Bittner V, Johnson BD, Zineh I et al. El cociente triglic\u00e9ridos\/colesterol de lipoprote\u00ednas de alta densidad predice la mortalidad por cualquier causa en mujeres con sospecha de isquemia mioc\u00e1rdica: un informe de la Evaluaci\u00f3n del S\u00edndrome de Isquemia de la Mujer (WISE). Am Heart J. 2009; 157: 548-555.  <\/span><br \/><span class=\"ref ref6\">6.<\/span><span>  Eeg-Olofsson K, Gudbj\u00f6rnsdottir S, Eliasson B et al. La relaci\u00f3n triglic\u00e9ridos-colesterol-HDL y el riesgo de enfermedad cardiovascular en pacientes obesos con diabetes tipo 2: un estudio observacional del Registro Nacional Sueco de Diabetes (NDR). Diabetes Res Clin Pract 2014;106:136-44.  <\/span><br \/><span class=\"ref ref7\">7.<\/span><span>  Wan K, Zhao J, Huang H, et al. Asociaci\u00f3n entre la relaci\u00f3n triglic\u00e9ridos\/colesterol de lipoprote\u00ednas de alta densidad y la mortalidad por todas las causas en el s\u00edndrome coronario agudo tras la revascularizaci\u00f3n coronaria. PLoS ONE 10(4): e0123521.  <\/span><br \/><span class=\"ref ref8\">8.<\/span><span>  Sonmez A, Yilmaz MI, Saglam M et al. Papel del cociente triglic\u00e9ridos plasm\u00e1ticos\/colesterol de lipoprote\u00ednas de alta densidad para predecir los resultados cardiovasculares en la enfermedad renal cr\u00f3nica. L\u00edpidos en la Salud y la Enfermedad 2015;14:29.  <\/span><br \/><span class=\"ref ref9\">9.<\/span><span>  Tonelli M, Muntner P, Lloyd A et al. Asociaci\u00f3n entre el LDL-C y el riesgo de infarto de miocardio en la ERC. Red de enfermedades renales de Alberta. J Am Soc Nephrol 2013;24:979-86.   <\/span><br \/><span class=\"ref ref10\">10.<\/span><span>  Holzmann MJ, Jungner I, Walldius G et al. La dislipidemia es un fuerte predictor de infarto de miocardio en sujetos con enfermedad renal cr\u00f3nica. Ann Med 2012;44:262-70.  <\/span><br \/><span class=\"ref ref11\">11.<\/span><span>  Morrow DA, de Lemos JA. Puntos de referencia para la evaluaci\u00f3n de nuevos biomarcadores cardiovasculares. Circulation 2007;115,949-52.  <\/span><br \/><span class=\"ref ref12\">12.<\/span><span>  Vega GL, Barlow CE, Grundy SM et al. La relaci\u00f3n entre triglic\u00e9ridos y lipoprote\u00ednas de alta densidad y colesterol es un \u00edndice de mortalidad por cardiopat\u00eda y de incidencia de diabetes mellitus tipo 2 en hombres. J Investig Med 2014;62:345-9.  <\/span><br \/><span class=\"ref ref13\">13.<\/span><span>  Onat A, Can G, Kaya H, Hergen\u00e7 G. El \u00ab\u00edndice aterog\u00e9nico del plasma\u00bb(log10 triglic\u00e9ridos\/colesterol de lipoprote\u00ednas de alta densidad) predice la hipertensi\u00f3n arterial, la diabetes y los acontecimientos vasculares. J Clin Lipidol 2010;4:89-98. <\/span><br \/><span class=\"ref ref14\">14.<\/span><span>  Hermans MP, Ahn SA, Rousseau MF. El cociente de dislipidemia aterog\u00e9nica [log(TG)\/HDL-C] se asocia con el riesgo vascular residual, la p\u00e9rdida de funci\u00f3n de las c\u00e9lulas beta y la microangiopat\u00eda en mujeres con diabetes tipo 2. L\u00edpidos Salud Dis 2012;11:132.  <\/span><br \/><span class=\"ref ref15\">15.<\/span><span>  Di Bonito P, Valerio G, Grugni G et al. Comparaci\u00f3n de la relaci\u00f3n entre el colesterol no-HDL y los triglic\u00e9ridos y el colesterol-HDL en relaci\u00f3n con los factores de riesgo cardiometab\u00f3lico y el da\u00f1o org\u00e1nico precl\u00ednico en ni\u00f1os con sobrepeso\/obesidad: El estudio CARITALY. Nutr Metab Cardiovasc Dis 2015;25:489-94.  <\/span><br \/><span class=\"ref ref16\">16.<\/span><span>  Di Bonito P, Moio N, Scilla C et al. Utilidad del cociente triglic\u00e9ridos-colesterol HDL alto para identificar factores de riesgo cardiometab\u00f3lico y signos precl\u00ednicos de da\u00f1o org\u00e1nico en ni\u00f1os ambulatorios. Diabetes Care 2012;35:158-62.  <\/span><\/li>\n<\/ol>\n<p>[\/et_pb_text][\/et_pb_column][\/et_pb_row][\/et_pb_section]<\/p>\n","protected":false},"excerpt":{"rendered":"<p>Editoriales R3i\u00bfNecesitamos nuevos biomarcadores lip\u00eddicos para el riesgo cardiovascular residual? Prof. Michel Hermans, Prof. Pierre Amarenco, Prof. Jean-Charles Fruchart, Prof. Jean Davignon La carga de las enfermedades cardiovasculares sigue aumentando, a pesar de los avances en el diagn\u00f3stico, el tratamiento y la farmacoterapia de las \u00faltimas d\u00e9cadas. Las \u00faltimas noticias de la Carga Mundial de [&hellip;]<\/p>\n","protected":false},"author":258497324,"featured_media":0,"parent":252805,"menu_order":0,"comment_status":"closed","ping_status":"closed","template":"","meta":{"_et_pb_use_builder":"on","_et_pb_old_content":"","_et_gb_content_width":"","_crdt_document":"","footnotes":""},"class_list":["post-252877","page","type-page","status-publish","hentry"],"yoast_head":"<!-- This site is optimized with the Yoast SEO plugin v27.6 - https:\/\/yoast.com\/product\/yoast-seo-wordpress\/ -->\n<title>Editorial 05\/15 - \u00bfNecesitamos nuevos biomarcadores lip\u00eddicos para el riesgo cardiovascular residual? - R3I<\/title>\n<meta name=\"robots\" content=\"index, follow, max-snippet:-1, max-image-preview:large, max-video-preview:-1\" \/>\n<link rel=\"canonical\" href=\"https:\/\/r3i.org\/es\/editoriales-r3i\/editorial-05-15-necesitamos-nuevos-biomarcadores-lipidicos-para-el-riesgo-cardiovascular-residual\/\" \/>\n<meta property=\"og:locale\" content=\"es_ES\" \/>\n<meta property=\"og:type\" content=\"article\" \/>\n<meta property=\"og:title\" content=\"Editorial 05\/15 - \u00bfNecesitamos nuevos biomarcadores lip\u00eddicos para el riesgo cardiovascular residual? - R3I\" \/>\n<meta property=\"og:description\" content=\"Editoriales R3i\u00bfNecesitamos nuevos biomarcadores lip\u00eddicos para el riesgo cardiovascular residual? Prof. Michel Hermans, Prof. Pierre Amarenco, Prof. Jean-Charles Fruchart, Prof. Jean Davignon La carga de las enfermedades cardiovasculares sigue aumentando, a pesar de los avances en el diagn\u00f3stico, el tratamiento y la farmacoterapia de las \u00faltimas d\u00e9cadas. Las \u00faltimas noticias de la Carga Mundial de [&hellip;]\" \/>\n<meta property=\"og:url\" content=\"https:\/\/r3i.org\/es\/editoriales-r3i\/editorial-05-15-necesitamos-nuevos-biomarcadores-lipidicos-para-el-riesgo-cardiovascular-residual\/\" \/>\n<meta property=\"og:site_name\" content=\"R3I\" \/>\n<meta property=\"article:modified_time\" content=\"2025-02-05T21:29:13+00:00\" \/>\n<meta name=\"twitter:card\" content=\"summary_large_image\" \/>\n<meta name=\"twitter:label1\" content=\"Tiempo de lectura\" \/>\n\t<meta name=\"twitter:data1\" content=\"9 minutos\" \/>\n<script type=\"application\/ld+json\" class=\"yoast-schema-graph\">{\"@context\":\"https:\\\/\\\/schema.org\",\"@graph\":[{\"@type\":\"WebPage\",\"@id\":\"https:\\\/\\\/r3i.org\\\/es\\\/editoriales-r3i\\\/editorial-05-15-necesitamos-nuevos-biomarcadores-lipidicos-para-el-riesgo-cardiovascular-residual\\\/\",\"url\":\"https:\\\/\\\/r3i.org\\\/es\\\/editoriales-r3i\\\/editorial-05-15-necesitamos-nuevos-biomarcadores-lipidicos-para-el-riesgo-cardiovascular-residual\\\/\",\"name\":\"Editorial 05\\\/15 - \u00bfNecesitamos nuevos biomarcadores lip\u00eddicos para el riesgo cardiovascular residual? - R3I\",\"isPartOf\":{\"@id\":\"https:\\\/\\\/r3i.org\\\/es\\\/#website\"},\"datePublished\":\"2025-01-04T16:18:40+00:00\",\"dateModified\":\"2025-02-05T21:29:13+00:00\",\"breadcrumb\":{\"@id\":\"https:\\\/\\\/r3i.org\\\/es\\\/editoriales-r3i\\\/editorial-05-15-necesitamos-nuevos-biomarcadores-lipidicos-para-el-riesgo-cardiovascular-residual\\\/#breadcrumb\"},\"inLanguage\":\"es\",\"potentialAction\":[{\"@type\":\"ReadAction\",\"target\":[\"https:\\\/\\\/r3i.org\\\/es\\\/editoriales-r3i\\\/editorial-05-15-necesitamos-nuevos-biomarcadores-lipidicos-para-el-riesgo-cardiovascular-residual\\\/\"]}]},{\"@type\":\"BreadcrumbList\",\"@id\":\"https:\\\/\\\/r3i.org\\\/es\\\/editoriales-r3i\\\/editorial-05-15-necesitamos-nuevos-biomarcadores-lipidicos-para-el-riesgo-cardiovascular-residual\\\/#breadcrumb\",\"itemListElement\":[{\"@type\":\"ListItem\",\"position\":1,\"name\":\"Home\",\"item\":\"https:\\\/\\\/r3i.org\\\/es\\\/\"},{\"@type\":\"ListItem\",\"position\":2,\"name\":\"Editoriales R3i\",\"item\":\"https:\\\/\\\/r3i.org\\\/es\\\/editoriales-r3i\\\/\"},{\"@type\":\"ListItem\",\"position\":3,\"name\":\"Editorial 05\\\/15 &#8211; \u00bfNecesitamos nuevos biomarcadores lip\u00eddicos para el riesgo cardiovascular residual?\"}]},{\"@type\":\"WebSite\",\"@id\":\"https:\\\/\\\/r3i.org\\\/es\\\/#website\",\"url\":\"https:\\\/\\\/r3i.org\\\/es\\\/\",\"name\":\"R3I\",\"description\":\"Residual Risk Reduction Initiative\",\"publisher\":{\"@id\":\"https:\\\/\\\/r3i.org\\\/es\\\/#organization\"},\"potentialAction\":[{\"@type\":\"SearchAction\",\"target\":{\"@type\":\"EntryPoint\",\"urlTemplate\":\"https:\\\/\\\/r3i.org\\\/es\\\/?s={search_term_string}\"},\"query-input\":{\"@type\":\"PropertyValueSpecification\",\"valueRequired\":true,\"valueName\":\"search_term_string\"}}],\"inLanguage\":\"es\"},{\"@type\":\"Organization\",\"@id\":\"https:\\\/\\\/r3i.org\\\/es\\\/#organization\",\"name\":\"R3I\",\"url\":\"https:\\\/\\\/r3i.org\\\/es\\\/\",\"logo\":{\"@type\":\"ImageObject\",\"inLanguage\":\"es\",\"@id\":\"https:\\\/\\\/r3i.org\\\/es\\\/#\\\/schema\\\/logo\\\/image\\\/\",\"url\":\"https:\\\/\\\/i0.wp.com\\\/r3i.org\\\/wp-content\\\/uploads\\\/2024\\\/11\\\/r3i-logo-transp-1.png?fit=1601%2C834&ssl=1\",\"contentUrl\":\"https:\\\/\\\/i0.wp.com\\\/r3i.org\\\/wp-content\\\/uploads\\\/2024\\\/11\\\/r3i-logo-transp-1.png?fit=1601%2C834&ssl=1\",\"width\":1601,\"height\":834,\"caption\":\"R3I\"},\"image\":{\"@id\":\"https:\\\/\\\/r3i.org\\\/es\\\/#\\\/schema\\\/logo\\\/image\\\/\"}}]}<\/script>\n<!-- \/ Yoast SEO plugin. -->","yoast_head_json":{"title":"Editorial 05\/15 - \u00bfNecesitamos nuevos biomarcadores lip\u00eddicos para el riesgo cardiovascular residual? - R3I","robots":{"index":"index","follow":"follow","max-snippet":"max-snippet:-1","max-image-preview":"max-image-preview:large","max-video-preview":"max-video-preview:-1"},"canonical":"https:\/\/r3i.org\/es\/editoriales-r3i\/editorial-05-15-necesitamos-nuevos-biomarcadores-lipidicos-para-el-riesgo-cardiovascular-residual\/","og_locale":"es_ES","og_type":"article","og_title":"Editorial 05\/15 - \u00bfNecesitamos nuevos biomarcadores lip\u00eddicos para el riesgo cardiovascular residual? - R3I","og_description":"Editoriales R3i\u00bfNecesitamos nuevos biomarcadores lip\u00eddicos para el riesgo cardiovascular residual? Prof. Michel Hermans, Prof. Pierre Amarenco, Prof. Jean-Charles Fruchart, Prof. Jean Davignon La carga de las enfermedades cardiovasculares sigue aumentando, a pesar de los avances en el diagn\u00f3stico, el tratamiento y la farmacoterapia de las \u00faltimas d\u00e9cadas. Las \u00faltimas noticias de la Carga Mundial de [&hellip;]","og_url":"https:\/\/r3i.org\/es\/editoriales-r3i\/editorial-05-15-necesitamos-nuevos-biomarcadores-lipidicos-para-el-riesgo-cardiovascular-residual\/","og_site_name":"R3I","article_modified_time":"2025-02-05T21:29:13+00:00","twitter_card":"summary_large_image","twitter_misc":{"Tiempo de lectura":"9 minutos"},"schema":{"@context":"https:\/\/schema.org","@graph":[{"@type":"WebPage","@id":"https:\/\/r3i.org\/es\/editoriales-r3i\/editorial-05-15-necesitamos-nuevos-biomarcadores-lipidicos-para-el-riesgo-cardiovascular-residual\/","url":"https:\/\/r3i.org\/es\/editoriales-r3i\/editorial-05-15-necesitamos-nuevos-biomarcadores-lipidicos-para-el-riesgo-cardiovascular-residual\/","name":"Editorial 05\/15 - \u00bfNecesitamos nuevos biomarcadores lip\u00eddicos para el riesgo cardiovascular residual? - R3I","isPartOf":{"@id":"https:\/\/r3i.org\/es\/#website"},"datePublished":"2025-01-04T16:18:40+00:00","dateModified":"2025-02-05T21:29:13+00:00","breadcrumb":{"@id":"https:\/\/r3i.org\/es\/editoriales-r3i\/editorial-05-15-necesitamos-nuevos-biomarcadores-lipidicos-para-el-riesgo-cardiovascular-residual\/#breadcrumb"},"inLanguage":"es","potentialAction":[{"@type":"ReadAction","target":["https:\/\/r3i.org\/es\/editoriales-r3i\/editorial-05-15-necesitamos-nuevos-biomarcadores-lipidicos-para-el-riesgo-cardiovascular-residual\/"]}]},{"@type":"BreadcrumbList","@id":"https:\/\/r3i.org\/es\/editoriales-r3i\/editorial-05-15-necesitamos-nuevos-biomarcadores-lipidicos-para-el-riesgo-cardiovascular-residual\/#breadcrumb","itemListElement":[{"@type":"ListItem","position":1,"name":"Home","item":"https:\/\/r3i.org\/es\/"},{"@type":"ListItem","position":2,"name":"Editoriales R3i","item":"https:\/\/r3i.org\/es\/editoriales-r3i\/"},{"@type":"ListItem","position":3,"name":"Editorial 05\/15 &#8211; \u00bfNecesitamos nuevos biomarcadores lip\u00eddicos para el riesgo cardiovascular residual?"}]},{"@type":"WebSite","@id":"https:\/\/r3i.org\/es\/#website","url":"https:\/\/r3i.org\/es\/","name":"R3I","description":"Residual Risk Reduction Initiative","publisher":{"@id":"https:\/\/r3i.org\/es\/#organization"},"potentialAction":[{"@type":"SearchAction","target":{"@type":"EntryPoint","urlTemplate":"https:\/\/r3i.org\/es\/?s={search_term_string}"},"query-input":{"@type":"PropertyValueSpecification","valueRequired":true,"valueName":"search_term_string"}}],"inLanguage":"es"},{"@type":"Organization","@id":"https:\/\/r3i.org\/es\/#organization","name":"R3I","url":"https:\/\/r3i.org\/es\/","logo":{"@type":"ImageObject","inLanguage":"es","@id":"https:\/\/r3i.org\/es\/#\/schema\/logo\/image\/","url":"https:\/\/i0.wp.com\/r3i.org\/wp-content\/uploads\/2024\/11\/r3i-logo-transp-1.png?fit=1601%2C834&ssl=1","contentUrl":"https:\/\/i0.wp.com\/r3i.org\/wp-content\/uploads\/2024\/11\/r3i-logo-transp-1.png?fit=1601%2C834&ssl=1","width":1601,"height":834,"caption":"R3I"},"image":{"@id":"https:\/\/r3i.org\/es\/#\/schema\/logo\/image\/"}}]}},"jetpack_likes_enabled":true,"jetpack_sharing_enabled":true,"jetpack_shortlink":"https:\/\/wp.me\/Pgbfv2-13MF","jetpack-related-posts":[],"_links":{"self":[{"href":"https:\/\/r3i.org\/es\/wp-json\/wp\/v2\/pages\/252877","targetHints":{"allow":["GET"]}}],"collection":[{"href":"https:\/\/r3i.org\/es\/wp-json\/wp\/v2\/pages"}],"about":[{"href":"https:\/\/r3i.org\/es\/wp-json\/wp\/v2\/types\/page"}],"author":[{"embeddable":true,"href":"https:\/\/r3i.org\/es\/wp-json\/wp\/v2\/users\/258497324"}],"replies":[{"embeddable":true,"href":"https:\/\/r3i.org\/es\/wp-json\/wp\/v2\/comments?post=252877"}],"version-history":[{"count":2,"href":"https:\/\/r3i.org\/es\/wp-json\/wp\/v2\/pages\/252877\/revisions"}],"predecessor-version":[{"id":252879,"href":"https:\/\/r3i.org\/es\/wp-json\/wp\/v2\/pages\/252877\/revisions\/252879"}],"up":[{"embeddable":true,"href":"https:\/\/r3i.org\/es\/wp-json\/wp\/v2\/pages\/252805"}],"wp:attachment":[{"href":"https:\/\/r3i.org\/es\/wp-json\/wp\/v2\/media?parent=252877"}],"curies":[{"name":"wp","href":"https:\/\/api.w.org\/{rel}","templated":true}]}}