{"id":252874,"date":"2024-12-27T18:50:26","date_gmt":"2024-12-27T17:50:26","guid":{"rendered":"https:\/\/r3i.org\/editoriales-r3i\/editorial-23-04-riesgo-residual-en-2023-hacia-donde\/"},"modified":"2025-02-14T17:57:01","modified_gmt":"2025-02-14T16:57:01","slug":"editorial-23-04-riesgo-residual-en-2023-hacia-donde","status":"publish","type":"page","link":"https:\/\/r3i.org\/es\/editoriales-r3i\/editorial-23-04-riesgo-residual-en-2023-hacia-donde\/","title":{"rendered":"Editorial 23\/04 &#8211; Riesgo residual en 2023: \u00bfhacia d\u00f3nde?"},"content":{"rendered":"<p>[et_pb_section fb_built=\u00bb1&#8243; admin_label=\u00bbHeader\u00bb _builder_version=\u00bb4.27.4&#8243; _module_preset=\u00bb35f37621-1062-4ae6-955d-76a3167a2aa8&#8243; background_image=\u00bbhttps:\/\/r3i.org\/wp-content\/uploads\/2024\/12\/pexels-pixabay-267582.jpg\u00bb parallax=\u00bbon\u00bb min_height=\u00bb157.9px\u00bb min_height_tablet=\u00bb100px\u00bb min_height_phone=\u00bb100px\u00bb min_height_last_edited=\u00bbon|phone\u00bb height=\u00bb116px\u00bb height_tablet=\u00bb153px\u00bb height_phone=\u00bb130px\u00bb height_last_edited=\u00bbon|phone\u00bb custom_margin_tablet=\u00bb\u00bb custom_margin_phone=\u00bb-17px||||false|false\u00bb custom_margin_last_edited=\u00bbon|phone\u00bb custom_padding=\u00bb0vw||0vw||true|false\u00bb collapsed=\u00bbon\u00bb global_colors_info=\u00bb{%22gcid-primary-color%22:%91%22quote_text_color%22,%22background_color_gradient_stops%22%93}\u00bb][et_pb_row _builder_version=\u00bb4.27.4&#8243; _module_preset=\u00bbdefault\u00bb global_colors_info=\u00bb{}\u00bb][et_pb_column type=\u00bb4_4&#8243; _builder_version=\u00bb4.27.0&#8243; _module_preset=\u00bbdefault\u00bb global_colors_info=\u00bb{}\u00bb][et_pb_text _builder_version=\u00bb4.27.4&#8243; _module_preset=\u00bbdefault\u00bb text_text_color=\u00bb#FFFFFF\u00bb header_2_text_color=\u00bb#FFFFFF\u00bb custom_padding=\u00bb1px|||||\u00bb global_colors_info=\u00bb{}\u00bb]<\/p>\n<h2>Editoriales R3i<\/h2>\n<p>[\/et_pb_text][\/et_pb_column][\/et_pb_row][\/et_pb_section][et_pb_section fb_built=\u00bb1&#8243; _builder_version=\u00bb4.27.3&#8243; _module_preset=\u00bbdefault\u00bb custom_margin=\u00bb-49px|||||\u00bb custom_padding=\u00bb2px||40px|||\u00bb global_colors_info=\u00bb{}\u00bb][et_pb_row column_structure=\u00bb1_2,1_2&#8243; _builder_version=\u00bb4.27.4&#8243; _module_preset=\u00bbdefault\u00bb border_radii=\u00bboff|13px|13px|13px|13px\u00bb border_width_all=\u00bb4px\u00bb border_color_all=\u00bbgcid-b673dc17-1b2a-464e-affa-1bf1ab41c0fd\u00bb border_width_all_tablet=\u00bb4px\u00bb border_width_all_phone=\u00bb0px\u00bb border_width_all_last_edited=\u00bbon|phone\u00bb border_color_all_tablet=\u00bbgcid-b673dc17-1b2a-464e-affa-1bf1ab41c0fd\u00bb border_color_all_phone=\u00bbgcid-b673dc17-1b2a-464e-affa-1bf1ab41c0fd\u00bb border_color_all_last_edited=\u00bbon|phone\u00bb box_shadow_style=\u00bbpreset2&#8243; global_colors_info=\u00bb{%22gcid-b673dc17-1b2a-464e-affa-1bf1ab41c0fd%22:%91%22border_color_all%22%93}\u00bb][et_pb_column type=\u00bb1_2&#8243; _builder_version=\u00bb4.27.4&#8243; _module_preset=\u00bbdefault\u00bb global_colors_info=\u00bb{}\u00bb][et_pb_text _builder_version=\u00bb4.27.4&#8243; _module_preset=\u00bbdefault\u00bb text_font_size=\u00bb14px\u00bb header_5_text_color=\u00bbgcid-4907c8d4-9eff-49de-91ce-43a2d3a729cf\u00bb header_6_text_color=\u00bbgcid-secondary-color\u00bb global_colors_info=\u00bb{%22gcid-primary-color%22:%91%22quote_text_color%22,%22quote_text_color%22,%22quote_text_color%22%93,%22gcid-4907c8d4-9eff-49de-91ce-43a2d3a729cf%22:%91%22header_5_text_color%22%93,%22gcid-secondary-color%22:%91%22header_6_text_color%22%93}\u00bb inline_fonts=\u00bbAbyssinica SIL\u00bb]<\/p>\n<h5 style=\"text-align: center;\"><span style=\"font-family: 'Abyssinica SIL'; font-weight: normal; font-size: small;\">Abril 2023<\/span><\/h5>\n<h5 style=\"text-align: center;\">Riesgo residual en 2020: \u00bfhacia d\u00f3nde vamos?<\/h5>\n<h6 style=\"text-align: center;\"><span lang=\"EN-GB\">Prof. Jean-Charles Fruchart, Prof. Michel Hermans, Prof. Pierre Amarenco<\/span><\/h6>\n<p>El riesgo cardiovascular residual ha evolucionado desde ser un concepto 1 a convertirse en una diana establecida en la investigaci\u00f3n de la enfermedad cardiovascular. Estudios recientes, en particular los centrados en los l\u00edpidos, han demostrado que establecer el objetivo de un nivel m\u00e1s bajo de colesterol de lipoprote\u00edna de baja densidad (C-LDL) reduce el riesgo residual de episodios cardiovasculares graves, incluido el accidente cerebrovascular 2,3. El potencial de actuar selectivamente sobre otros par\u00e1metros de l\u00edpidos, en particular las lipoprote\u00ednas ricas en triglic\u00e9ridos (de las cuales los triglic\u00e9ridos en plasma son un marcador sustituto en la pr\u00e1ctica cl\u00ednica) 4 y la lipoprote\u00edna (a) 5, ha sido el centro de gran inter\u00e9s. En el primer caso, hubo un estudio positivo, REDUCE-IT, con etilo de icosapento en dosis elevada 6, cuyos resultados llevaron a cambios en las recomendaciones de los lineamientos para manejar los TG elevados en pacientes de alto riego. Sin embargo, cabe aclarar que las reducciones observadas del riesgo relativo de episodios cardiovasculares en REDUCE-IT no tuvieron una correlaci\u00f3n con la magnitud de la disminuci\u00f3n de los TG con etilo de icosapento 6. Adem\u00e1s, dada la complejidad de la regulaci\u00f3n de los valores de lipoprote\u00ednas ricas en triglic\u00e9ridos 4, quiz\u00e1s no sea sorprendente que los dem\u00e1s estudios no hayan demostrado una reducci\u00f3n significativa del riesgo cardiovascular residual 7,8. La elaboraci\u00f3n de abordajes terap\u00e9uticos novedosos que act\u00faen selectivamente sobre los TG elevados, en gran medida impulsados por los resultados de los estudios con aleatorizaci\u00f3n mendeliana 9, ofrece oportunidades de probar esto a\u00fan m\u00e1s. Adem\u00e1s, est\u00e1n pendientes los resultados del ensayo en curso de Lp(a) HORIZON (10), que estudia el abordaje de actuar de forma selectiva sobre la lipoprote\u00edna (a) elevada para reducir el riesgo cardiovascular residual.<\/p>\n<p>Dada la naturaleza multifactorial del riesgo cardiovascular residual, hay otras dianas terap\u00e9uticas que se deben evaluar. CANTOS (Estudio de Resultados Antiinflamatorios en la Trombosis con Canakinumab) fue un estudio de referencia que prob\u00f3 el concepto de que actuar sobre la inflamaci\u00f3n con canakinumab, un anticuerpo monoclonal completamente humano que act\u00faa sobre la interleucina (IL)-1\u03b2, reduc\u00eda el riesgo cardiovascular residual en comparaci\u00f3n con los mejores tratamientos cient\u00edficos, incluidos los niveles bien controlados de C-LDL 11. Una vez m\u00e1s, como en el caso de las investigaciones en las que se actuaba sobre los TG, los resultados no fueron todos positivos. Por ejemplo, en CIRT (Ensayo de Reducci\u00f3n de la Inflamaci\u00f3n Cardiovascular) 12 con metotrexato en 3000 pacientes con un infarto de miocardio previo o enfermedad de las arterias coronarias en m\u00faltiples vasos y diabetes mellitus tipo 2 o s\u00edndrome metab\u00f3lico, no hubo un impacto significativo en los episodios cardiovasculares ni en la mortalidad por diferentes causas, en gran medida debido a la falta de efecto del metotrexato en la prote\u00edna C-reactiva de alta sensibilidad, IL-6 o IL-1\u03b2. La manera en la que el tratamiento reduce el riesgo inflamatorio, como tambi\u00e9n los criterios de selecci\u00f3n de pacientes en el momento basal, puede explicar la diferencia en el \u00e9xito de estos estudios 13.<\/p>\n<p>[\/et_pb_text][\/et_pb_column][et_pb_column type=\u00bb1_2&#8243; _builder_version=\u00bb4.27.4&#8243; _module_preset=\u00bbdefault\u00bb global_colors_info=\u00bb{}\u00bb][et_pb_text _builder_version=\u00bb4.27.4&#8243; _module_preset=\u00bbdefault\u00bb text_text_color=\u00bbgcid-4907c8d4-9eff-49de-91ce-43a2d3a729cf\u00bb text_font_size=\u00bb14px\u00bb global_colors_info=\u00bb{%22gcid-primary-color%22:%91%22quote_text_color%22,%22quote_text_color%22,%22quote_text_color%22%93,%22gcid-4907c8d4-9eff-49de-91ce-43a2d3a729cf%22:%91%22text_text_color%22%93}\u00bb]<\/p>\n<p>La aparici\u00f3n de tratamientos antigluc\u00e9micos m\u00e1s nuevos, en particular los agonistas del receptor del p\u00e9ptido similar al glucag\u00f3n tipo 1 (GLP-1) y los inhibidores del cotransportador de sodio-glucosa tipo 2 (SGLT2), auguran nuevos cambios en el tratamiento de la diabetes, con indicios de beneficio cardiovascular en los estudios prospectivos m\u00e1s importantes. El primero de estos, que tuvo lugar en 2015, EMPA-REG OUTCOME (Empagliflozina, Resultados Cardiovasculares y Mortalidad en la Diabetes tipo 2) 14 demostr\u00f3 una reducci\u00f3n del 14 % del riesgo relativo del resultado principal (un compuesto de muerte cardiovascular, IM no mortal o accidente cerebrovascular no mortal), adem\u00e1s de una reducci\u00f3n del riesgo relativo del 38 % de muerte cardiovascular. Cabe destacar que estas reducciones en los episodios cardiovasculares y la muerte se observaron en pacientes que recib\u00edan el mejor tratamiento basado en evidencia: el 81 % se encontraba en tratamiento con inhibidores de la enzima convertidora de angiotensina o bloqueantes del receptor de angiotensina, el 77 % estaba en tratamiento con estatina y el 82 % tomaba aspirina 14.<\/p>\n<p>Otros estudios han corroborado el beneficio cardiovascular de ambas clases de tratamiento antigluc\u00e9mico, y han ayudado a diferenciar sus efectos (15-19). Los inhibidores de SGLT2 demostraron beneficio de forma predominante en la hospitalizaci\u00f3n por insuficiencia card\u00edaca y en la disminuci\u00f3n del empeoramiento de la disfunci\u00f3n renal. El estudio m\u00e1s reciente con esta sustancia, EMPA-KIDNEY, demostr\u00f3 beneficios en t\u00e9rminos de un menor riesgo de la progresi\u00f3n de la nefropat\u00eda o de la muerte cardiovascular en una amplia gama de pacientes con nefropat\u00eda cr\u00f3nica con o sin diabetes (20). En comparaci\u00f3n, los agonistas del receptor de GLP-1 impactan en las consecuencias ateroscler\u00f3ticas y no parecen tener un efecto significativo en los endpoints de insuficiencia card\u00edaca. A\u00fan se est\u00e1n investigando los mecanismos subyacentes de estos efectos en ambas sustancias. Adem\u00e1s, hay inter\u00e9s en la finerenona, un novedoso antagonista no esteroideo selectivo del receptor mineralocorticoide, indicado para el tratamiento de la nefropat\u00eda diab\u00e9tica. En el ensayo FIGARO-DKD con pacientes con diabetes tipo 2 y CKD, la finerenona demostr\u00f3 reducir las consecuencias cardiovasculares (muerte por causas cardiovasculares, infarto del miocardio no mortal, accidente cerebrovascular no mortal u hospitalizaci\u00f3n por insuficiencia card\u00edaca) en un 13 % (p = 0,03). Este beneficio se observ\u00f3 mayormente en la reducci\u00f3n en la hospitalizaci\u00f3n por insuficiencia card\u00edaca 21.<\/p>\n<p>El 2023 se presenta como otro a\u00f1o activo en la b\u00fasqueda de agentes terap\u00e9uticos efectivos en la reducci\u00f3n del riesgo cardiovascular residual. Cabe destacar que el dise\u00f1o de los ensayos cl\u00ednicos tambi\u00e9n est\u00e1 evolucionando para considerar criterios de selecci\u00f3n de pacientes m\u00e1s amplios y as\u00ed garantizar que los pacientes incluidos en estos ensayos sean representativos de los que se atienden en la pr\u00e1ctica cl\u00ednica habitual. La Iniciativa de Reducci\u00f3n de Riesgo Residual espera otro a\u00f1o interesante en la b\u00fasqueda de la reducci\u00f3n del riesgo cardiovascular residual.<\/p>\n<p>[\/et_pb_text][et_pb_text _builder_version=\u00bb4.27.4&#8243; _module_preset=\u00bbdefault\u00bb text_font_size=\u00bb8px\u00bb global_colors_info=\u00bb{}\u00bb]<\/p>\n<p style=\"font-weight: 400;\"><strong>Referencias<\/strong><\/p>\n<ol>\n<li style=\"font-weight: 400;\"><span>Fruchart JC, Sacks F, Hermans MP, et al. La Iniciativa de Reducci\u00f3n del Riesgo Residual: una llamada a la acci\u00f3n para reducir el riesgo vascular residual en pacientes con dislipidemia. Am J Cardiol 2008;102(10 Suppl):1K-34K.  <\/span><br \/><span class=\"ref ref2\">2.<\/span><span>  Sabatine MS, Giugliano RP, Keech AC, et al. Evolocumab y resultados cl\u00ednicos en pacientes con enfermedad cardiovascular. N Engl J Med 2017; 376:1713-22.  <\/span><br \/><span class=\"ref ref3\">3.<\/span><span>  Schwartz GG, Steg PG, Szarek M, et al. Alirocumab y resultados cardiovasculares tras un s\u00edndrome coronario agudo. N Engl J Med 2018;379:2097-107.  <\/span><br \/><span class=\"ref ref4\">4.<\/span><span>  Ginsberg HN, Packard CJ, Chapman MJ, et al. Triglyceride-rich lipoproteins and their remnants: metabolic insights, role in atherosclerotic cardiovascular disease, and emerging therapeutic strategies-a consensus statement from the European Atherosclerosis Society. Eur Heart J 2021;42:4791-806.  <\/span><br \/><span class=\"ref ref5\">5.<\/span><span>  Kronenberg F, Mora S, Stroes ESG, et al. Lipoprote\u00edna(a) en la enfermedad cardiovascular ateroscler\u00f3tica y la estenosis a\u00f3rtica: declaraci\u00f3n de consenso de la Sociedad Europea de Aterosclerosis. Eur Heart J 2022;43:3925-46.  <\/span><br \/><span class=\"ref ref6\">6.<\/span><span>  Bhatt DL, Steg PG, Miller M, et al. Reducci\u00f3n del riesgo cardiovascular con icosapent et\u00edlico para la hipertrigliceridemia. N Engl J Med 2019;380:11-22.  <\/span><\/li>\n<\/ol>\n<p>[\/et_pb_text][\/et_pb_column][\/et_pb_row][\/et_pb_section]<\/p>\n","protected":false},"excerpt":{"rendered":"<p>Editoriales R3iAbril 2023 Riesgo residual en 2020: \u00bfhacia d\u00f3nde vamos? Prof. Jean-Charles Fruchart, Prof. Michel Hermans, Prof. Pierre Amarenco El riesgo cardiovascular residual ha evolucionado desde ser un concepto 1 a convertirse en una diana establecida en la investigaci\u00f3n de la enfermedad cardiovascular. Estudios recientes, en particular los centrados en los l\u00edpidos, han demostrado que [&hellip;]<\/p>\n","protected":false},"author":258497324,"featured_media":0,"parent":252805,"menu_order":0,"comment_status":"closed","ping_status":"closed","template":"","meta":{"_et_pb_use_builder":"on","_et_pb_old_content":"","_et_gb_content_width":"","_crdt_document":"","jetpack_post_was_ever_published":false,"footnotes":""},"class_list":["post-252874","page","type-page","status-publish","hentry"],"yoast_head":"<!-- This site is optimized with the Yoast SEO plugin v27.3 - https:\/\/yoast.com\/product\/yoast-seo-wordpress\/ -->\n<title>Editorial 23\/04 - Riesgo residual en 2023: \u00bfhacia d\u00f3nde? - R3I<\/title>\n<meta name=\"robots\" content=\"index, follow, max-snippet:-1, max-image-preview:large, max-video-preview:-1\" \/>\n<link rel=\"canonical\" href=\"https:\/\/r3i.org\/es\/editoriales-r3i\/editorial-23-04-riesgo-residual-en-2023-hacia-donde\/\" \/>\n<meta property=\"og:locale\" content=\"es_ES\" \/>\n<meta property=\"og:type\" content=\"article\" \/>\n<meta property=\"og:title\" content=\"Editorial 23\/04 - Riesgo residual en 2023: \u00bfhacia d\u00f3nde? - R3I\" \/>\n<meta property=\"og:description\" content=\"Editoriales R3iAbril 2023 Riesgo residual en 2020: \u00bfhacia d\u00f3nde vamos? Prof. Jean-Charles Fruchart, Prof. Michel Hermans, Prof. Pierre Amarenco El riesgo cardiovascular residual ha evolucionado desde ser un concepto 1 a convertirse en una diana establecida en la investigaci\u00f3n de la enfermedad cardiovascular. Estudios recientes, en particular los centrados en los l\u00edpidos, han demostrado que [&hellip;]\" \/>\n<meta property=\"og:url\" content=\"https:\/\/r3i.org\/es\/editoriales-r3i\/editorial-23-04-riesgo-residual-en-2023-hacia-donde\/\" \/>\n<meta property=\"og:site_name\" content=\"R3I\" \/>\n<meta property=\"article:modified_time\" content=\"2025-02-14T16:57:01+00:00\" \/>\n<meta name=\"twitter:card\" content=\"summary_large_image\" \/>\n<meta name=\"twitter:label1\" content=\"Tiempo de lectura\" \/>\n\t<meta name=\"twitter:data1\" content=\"8 minutos\" \/>\n<script type=\"application\/ld+json\" class=\"yoast-schema-graph\">{\"@context\":\"https:\\\/\\\/schema.org\",\"@graph\":[{\"@type\":\"WebPage\",\"@id\":\"https:\\\/\\\/r3i.org\\\/es\\\/editoriales-r3i\\\/editorial-23-04-riesgo-residual-en-2023-hacia-donde\\\/\",\"url\":\"https:\\\/\\\/r3i.org\\\/es\\\/editoriales-r3i\\\/editorial-23-04-riesgo-residual-en-2023-hacia-donde\\\/\",\"name\":\"Editorial 23\\\/04 - Riesgo residual en 2023: \u00bfhacia d\u00f3nde? - R3I\",\"isPartOf\":{\"@id\":\"https:\\\/\\\/r3i.org\\\/es\\\/#website\"},\"datePublished\":\"2024-12-27T17:50:26+00:00\",\"dateModified\":\"2025-02-14T16:57:01+00:00\",\"breadcrumb\":{\"@id\":\"https:\\\/\\\/r3i.org\\\/es\\\/editoriales-r3i\\\/editorial-23-04-riesgo-residual-en-2023-hacia-donde\\\/#breadcrumb\"},\"inLanguage\":\"es\",\"potentialAction\":[{\"@type\":\"ReadAction\",\"target\":[\"https:\\\/\\\/r3i.org\\\/es\\\/editoriales-r3i\\\/editorial-23-04-riesgo-residual-en-2023-hacia-donde\\\/\"]}]},{\"@type\":\"BreadcrumbList\",\"@id\":\"https:\\\/\\\/r3i.org\\\/es\\\/editoriales-r3i\\\/editorial-23-04-riesgo-residual-en-2023-hacia-donde\\\/#breadcrumb\",\"itemListElement\":[{\"@type\":\"ListItem\",\"position\":1,\"name\":\"Home\",\"item\":\"https:\\\/\\\/r3i.org\\\/es\\\/\"},{\"@type\":\"ListItem\",\"position\":2,\"name\":\"Editoriales R3i\",\"item\":\"https:\\\/\\\/r3i.org\\\/es\\\/editoriales-r3i\\\/\"},{\"@type\":\"ListItem\",\"position\":3,\"name\":\"Editorial 23\\\/04 &#8211; Riesgo residual en 2023: \u00bfhacia d\u00f3nde?\"}]},{\"@type\":\"WebSite\",\"@id\":\"https:\\\/\\\/r3i.org\\\/es\\\/#website\",\"url\":\"https:\\\/\\\/r3i.org\\\/es\\\/\",\"name\":\"R3I\",\"description\":\"Residual Risk Reduction Initiative\",\"publisher\":{\"@id\":\"https:\\\/\\\/r3i.org\\\/es\\\/#organization\"},\"potentialAction\":[{\"@type\":\"SearchAction\",\"target\":{\"@type\":\"EntryPoint\",\"urlTemplate\":\"https:\\\/\\\/r3i.org\\\/es\\\/?s={search_term_string}\"},\"query-input\":{\"@type\":\"PropertyValueSpecification\",\"valueRequired\":true,\"valueName\":\"search_term_string\"}}],\"inLanguage\":\"es\"},{\"@type\":\"Organization\",\"@id\":\"https:\\\/\\\/r3i.org\\\/es\\\/#organization\",\"name\":\"R3I\",\"url\":\"https:\\\/\\\/r3i.org\\\/es\\\/\",\"logo\":{\"@type\":\"ImageObject\",\"inLanguage\":\"es\",\"@id\":\"https:\\\/\\\/r3i.org\\\/es\\\/#\\\/schema\\\/logo\\\/image\\\/\",\"url\":\"https:\\\/\\\/i0.wp.com\\\/r3i.org\\\/wp-content\\\/uploads\\\/2024\\\/11\\\/r3i-logo-transp-1.png?fit=1601%2C834&ssl=1\",\"contentUrl\":\"https:\\\/\\\/i0.wp.com\\\/r3i.org\\\/wp-content\\\/uploads\\\/2024\\\/11\\\/r3i-logo-transp-1.png?fit=1601%2C834&ssl=1\",\"width\":1601,\"height\":834,\"caption\":\"R3I\"},\"image\":{\"@id\":\"https:\\\/\\\/r3i.org\\\/es\\\/#\\\/schema\\\/logo\\\/image\\\/\"}}]}<\/script>\n<!-- \/ Yoast SEO plugin. -->","yoast_head_json":{"title":"Editorial 23\/04 - Riesgo residual en 2023: \u00bfhacia d\u00f3nde? - R3I","robots":{"index":"index","follow":"follow","max-snippet":"max-snippet:-1","max-image-preview":"max-image-preview:large","max-video-preview":"max-video-preview:-1"},"canonical":"https:\/\/r3i.org\/es\/editoriales-r3i\/editorial-23-04-riesgo-residual-en-2023-hacia-donde\/","og_locale":"es_ES","og_type":"article","og_title":"Editorial 23\/04 - Riesgo residual en 2023: \u00bfhacia d\u00f3nde? - R3I","og_description":"Editoriales R3iAbril 2023 Riesgo residual en 2020: \u00bfhacia d\u00f3nde vamos? Prof. Jean-Charles Fruchart, Prof. Michel Hermans, Prof. Pierre Amarenco El riesgo cardiovascular residual ha evolucionado desde ser un concepto 1 a convertirse en una diana establecida en la investigaci\u00f3n de la enfermedad cardiovascular. Estudios recientes, en particular los centrados en los l\u00edpidos, han demostrado que [&hellip;]","og_url":"https:\/\/r3i.org\/es\/editoriales-r3i\/editorial-23-04-riesgo-residual-en-2023-hacia-donde\/","og_site_name":"R3I","article_modified_time":"2025-02-14T16:57:01+00:00","twitter_card":"summary_large_image","twitter_misc":{"Tiempo de lectura":"8 minutos"},"schema":{"@context":"https:\/\/schema.org","@graph":[{"@type":"WebPage","@id":"https:\/\/r3i.org\/es\/editoriales-r3i\/editorial-23-04-riesgo-residual-en-2023-hacia-donde\/","url":"https:\/\/r3i.org\/es\/editoriales-r3i\/editorial-23-04-riesgo-residual-en-2023-hacia-donde\/","name":"Editorial 23\/04 - Riesgo residual en 2023: \u00bfhacia d\u00f3nde? - R3I","isPartOf":{"@id":"https:\/\/r3i.org\/es\/#website"},"datePublished":"2024-12-27T17:50:26+00:00","dateModified":"2025-02-14T16:57:01+00:00","breadcrumb":{"@id":"https:\/\/r3i.org\/es\/editoriales-r3i\/editorial-23-04-riesgo-residual-en-2023-hacia-donde\/#breadcrumb"},"inLanguage":"es","potentialAction":[{"@type":"ReadAction","target":["https:\/\/r3i.org\/es\/editoriales-r3i\/editorial-23-04-riesgo-residual-en-2023-hacia-donde\/"]}]},{"@type":"BreadcrumbList","@id":"https:\/\/r3i.org\/es\/editoriales-r3i\/editorial-23-04-riesgo-residual-en-2023-hacia-donde\/#breadcrumb","itemListElement":[{"@type":"ListItem","position":1,"name":"Home","item":"https:\/\/r3i.org\/es\/"},{"@type":"ListItem","position":2,"name":"Editoriales R3i","item":"https:\/\/r3i.org\/es\/editoriales-r3i\/"},{"@type":"ListItem","position":3,"name":"Editorial 23\/04 &#8211; Riesgo residual en 2023: \u00bfhacia d\u00f3nde?"}]},{"@type":"WebSite","@id":"https:\/\/r3i.org\/es\/#website","url":"https:\/\/r3i.org\/es\/","name":"R3I","description":"Residual Risk Reduction Initiative","publisher":{"@id":"https:\/\/r3i.org\/es\/#organization"},"potentialAction":[{"@type":"SearchAction","target":{"@type":"EntryPoint","urlTemplate":"https:\/\/r3i.org\/es\/?s={search_term_string}"},"query-input":{"@type":"PropertyValueSpecification","valueRequired":true,"valueName":"search_term_string"}}],"inLanguage":"es"},{"@type":"Organization","@id":"https:\/\/r3i.org\/es\/#organization","name":"R3I","url":"https:\/\/r3i.org\/es\/","logo":{"@type":"ImageObject","inLanguage":"es","@id":"https:\/\/r3i.org\/es\/#\/schema\/logo\/image\/","url":"https:\/\/i0.wp.com\/r3i.org\/wp-content\/uploads\/2024\/11\/r3i-logo-transp-1.png?fit=1601%2C834&ssl=1","contentUrl":"https:\/\/i0.wp.com\/r3i.org\/wp-content\/uploads\/2024\/11\/r3i-logo-transp-1.png?fit=1601%2C834&ssl=1","width":1601,"height":834,"caption":"R3I"},"image":{"@id":"https:\/\/r3i.org\/es\/#\/schema\/logo\/image\/"}}]}},"jetpack_likes_enabled":true,"jetpack_sharing_enabled":true,"jetpack_shortlink":"https:\/\/wp.me\/Pgbfv2-13MC","jetpack-related-posts":[],"_links":{"self":[{"href":"https:\/\/r3i.org\/es\/wp-json\/wp\/v2\/pages\/252874","targetHints":{"allow":["GET"]}}],"collection":[{"href":"https:\/\/r3i.org\/es\/wp-json\/wp\/v2\/pages"}],"about":[{"href":"https:\/\/r3i.org\/es\/wp-json\/wp\/v2\/types\/page"}],"author":[{"embeddable":true,"href":"https:\/\/r3i.org\/es\/wp-json\/wp\/v2\/users\/258497324"}],"replies":[{"embeddable":true,"href":"https:\/\/r3i.org\/es\/wp-json\/wp\/v2\/comments?post=252874"}],"version-history":[{"count":3,"href":"https:\/\/r3i.org\/es\/wp-json\/wp\/v2\/pages\/252874\/revisions"}],"predecessor-version":[{"id":253444,"href":"https:\/\/r3i.org\/es\/wp-json\/wp\/v2\/pages\/252874\/revisions\/253444"}],"up":[{"embeddable":true,"href":"https:\/\/r3i.org\/es\/wp-json\/wp\/v2\/pages\/252805"}],"wp:attachment":[{"href":"https:\/\/r3i.org\/es\/wp-json\/wp\/v2\/media?parent=252874"}],"curies":[{"name":"wp","href":"https:\/\/api.w.org\/{rel}","templated":true}]}}