{"id":252865,"date":"2025-01-03T21:43:56","date_gmt":"2025-01-03T20:43:56","guid":{"rendered":"https:\/\/r3i.org\/editoriales-r3i\/editorial-04-17-riesgo-cardiovascular-residual-en-oriente-medio-una-tormenta-perfecta-en-ciernes\/"},"modified":"2025-02-05T22:27:06","modified_gmt":"2025-02-05T21:27:06","slug":"editorial-04-17-riesgo-cardiovascular-residual-en-oriente-medio-una-tormenta-perfecta-en-ciernes","status":"publish","type":"page","link":"https:\/\/r3i.org\/es\/editoriales-r3i\/editorial-04-17-riesgo-cardiovascular-residual-en-oriente-medio-una-tormenta-perfecta-en-ciernes\/","title":{"rendered":"Editorial 04\/17 &#8211; Riesgo cardiovascular residual en Oriente Medio: una tormenta perfecta en ciernes"},"content":{"rendered":"<p>[et_pb_section fb_built=\u00bb1&#8243; admin_label=\u00bbHeader\u00bb _builder_version=\u00bb4.27.4&#8243; _module_preset=\u00bb35f37621-1062-4ae6-955d-76a3167a2aa8&#8243; background_image=\u00bbhttps:\/\/r3i.org\/wp-content\/uploads\/2024\/12\/pexels-pixabay-267582.jpg\u00bb parallax=\u00bbon\u00bb min_height=\u00bb157.9px\u00bb min_height_tablet=\u00bb100px\u00bb min_height_phone=\u00bb100px\u00bb min_height_last_edited=\u00bbon|phone\u00bb height=\u00bb116px\u00bb height_tablet=\u00bb153px\u00bb height_phone=\u00bb130px\u00bb height_last_edited=\u00bbon|phone\u00bb custom_margin_tablet=\u00bb\u00bb custom_margin_phone=\u00bb-17px||||false|false\u00bb custom_margin_last_edited=\u00bbon|phone\u00bb custom_padding=\u00bb0vw||0vw||true|false\u00bb collapsed=\u00bbon\u00bb global_colors_info=\u00bb{%22gcid-primary-color%22:%91%22quote_text_color%22,%22background_color_gradient_stops%22%93}\u00bb][et_pb_row _builder_version=\u00bb4.27.4&#8243; _module_preset=\u00bbdefault\u00bb global_colors_info=\u00bb{}\u00bb][et_pb_column type=\u00bb4_4&#8243; _builder_version=\u00bb4.27.0&#8243; _module_preset=\u00bbdefault\u00bb global_colors_info=\u00bb{}\u00bb][et_pb_text _builder_version=\u00bb4.27.4&#8243; _module_preset=\u00bbdefault\u00bb text_text_color=\u00bb#FFFFFF\u00bb header_2_text_color=\u00bb#FFFFFF\u00bb custom_padding=\u00bb1px|||||\u00bb global_colors_info=\u00bb{}\u00bb]<\/p>\n<h2>Editoriales R3i<\/h2>\n<p>[\/et_pb_text][\/et_pb_column][\/et_pb_row][\/et_pb_section][et_pb_section fb_built=\u00bb1&#8243; _builder_version=\u00bb4.27.3&#8243; _module_preset=\u00bbdefault\u00bb custom_margin=\u00bb-49px|||||\u00bb custom_padding=\u00bb2px||40px|||\u00bb global_colors_info=\u00bb{}\u00bb][et_pb_row column_structure=\u00bb1_2,1_2&#8243; _builder_version=\u00bb4.27.4&#8243; _module_preset=\u00bbdefault\u00bb border_radii=\u00bboff|13px|13px|13px|13px\u00bb border_width_all=\u00bb4px\u00bb border_color_all=\u00bbgcid-b673dc17-1b2a-464e-affa-1bf1ab41c0fd\u00bb border_width_all_tablet=\u00bb4px\u00bb border_width_all_phone=\u00bb0px\u00bb border_width_all_last_edited=\u00bbon|phone\u00bb border_color_all_tablet=\u00bbgcid-b673dc17-1b2a-464e-affa-1bf1ab41c0fd\u00bb border_color_all_phone=\u00bbgcid-b673dc17-1b2a-464e-affa-1bf1ab41c0fd\u00bb border_color_all_last_edited=\u00bbon|phone\u00bb box_shadow_style=\u00bbpreset2&#8243; global_colors_info=\u00bb{%22gcid-b673dc17-1b2a-464e-affa-1bf1ab41c0fd%22:%91%22border_color_all%22%93}\u00bb][et_pb_column type=\u00bb1_2&#8243; _builder_version=\u00bb4.27.4&#8243; _module_preset=\u00bbdefault\u00bb global_colors_info=\u00bb{}\u00bb][et_pb_text _builder_version=\u00bb4.27.4&#8243; _module_preset=\u00bbdefault\u00bb text_font_size=\u00bb14px\u00bb header_5_text_color=\u00bbgcid-4907c8d4-9eff-49de-91ce-43a2d3a729cf\u00bb header_6_text_color=\u00bbgcid-secondary-color\u00bb hover_enabled=\u00bb0&#8243; global_colors_info=\u00bb{%22gcid-primary-color%22:%91%22quote_text_color%22,%22quote_text_color%22,%22quote_text_color%22%93,%22gcid-4907c8d4-9eff-49de-91ce-43a2d3a729cf%22:%91%22header_5_text_color%22%93,%22gcid-secondary-color%22:%91%22header_6_text_color%22%93}\u00bb sticky_enabled=\u00bb0&#8243;]<\/p>\n<h5 style=\"text-align: center;\"><span>Abordar el riesgo cardiovascular residual: \u00bfvolver a lo b\u00e1sico?<\/span><\/h5>\n<h6 style=\"text-align: center;\"><span lang=\"EN-GB\">Prof. Michel Hermans, Prof. Pierre Amarenco<\/span><\/h6>\n<p><span>Siguiendo con nuestro tema del riesgo cardiovascular residual en las regiones en desarrollo, dirigimos nuestra atenci\u00f3n a los pa\u00edses de Oriente Medio y Norte de \u00c1frica (MENA), una regi\u00f3n en flujo sanitario cr\u00edtico. Ya en 2010, la cardiopat\u00eda isqu\u00e9mica era la principal causa de muerte y discapacidad en la regi\u00f3n   <\/span><sup>1<\/sup><span>impulsada por la doble epidemia de diabetes de tipo 2 y obesidad. Los datos de la Federaci\u00f3n Internacional de Diabetes muestran que m\u00e1s de 35 millones de personas que viven en la regi\u00f3n de Oriente Medio y Norte de \u00c1frica padecen diabetes, y se prev\u00e9 que esta cifra se duplique para el 20 <\/span><span class=\"ref ref40\">40.<\/span><span> Uno de cada 10 adultos tiene diabetes, la mitad de ellos sin diagnosticar <\/span><sup>2<\/sup><span>. Adem\u00e1s, las pruebas de que la prevalencia de la obesidad y los factores de riesgo cardiometab\u00f3lico relacionados est\u00e1n aumentando en ni\u00f1os y adolescentes   <\/span><sup>3<\/sup><span>pone de manifiesto una tormenta perfecta para las enfermedades cardiometab\u00f3licas en esta regi\u00f3n, que anula las mejoras en la esperanza de vida y otros indicadores de salud de los que se hab\u00eda informado anteriormente.<\/span><\/p>\n<p><span>Dado el elevado riesgo cardiometab\u00f3lico de la regi\u00f3n MENA, el riesgo cardiovascular residual es tambi\u00e9n una cuesti\u00f3n importante, como se destaca en el art\u00edculo Focus de este mes. En este estudio, se demostr\u00f3 que los individuos con antecedentes de ictus isqu\u00e9mico que viv\u00edan en esta regi\u00f3n ten\u00edan un alto riesgo de ictus recurrente e infarto de miocardio (IM), que ten\u00edan m\u00e1s probabilidades de ser mortales. Estos acontecimientos tambi\u00e9n sol\u00edan producirse a una edad m\u00e1s temprana en comparaci\u00f3n con las personas que viv\u00edan en pa\u00edses no \u00e1rabes.    <\/span><sup>4<\/sup><span>. Lo que resulta especialmente notable en este estudio es que los factores de riesgo cardiovascular socioecon\u00f3micos, como el desempleo, la educaci\u00f3n limitada y la falta de cobertura sanitaria, contribuyeron de forma decisiva a la diferencia significativa en el riesgo de acontecimientos recurrentes en esta regi\u00f3n; cuando se realiz\u00f3 el ajuste para estos factores, esta diferencia se atenu\u00f3 en gran medida. <\/span><\/p>\n<p><span>\u00bfPor qu\u00e9 los factores socioecon\u00f3micos son tan relevantes para el riesgo cardiovascular residual en esta regi\u00f3n? Est\u00e1 claro que esta cuesti\u00f3n merece una evaluaci\u00f3n m\u00e1s profunda. Sin embargo, mientras tanto debemos tener en cuenta que la regi\u00f3n de Oriente Medio y Norte de \u00c1frica ha estado en un estado de cambio pol\u00edtico, con los levantamientos \u00e1rabes y los conflictos asociados, que sin duda han repercutido en las econom\u00edas de esta regi\u00f3n. Adem\u00e1s, la demograf\u00eda de la regi\u00f3n, con el envejecimiento y el crecimiento de la poblaci\u00f3n, se suma a las disparidades econ\u00f3micas, incluso en los pa\u00edses productores de petr\u00f3leo con mayores ingresos.   <\/span><\/p>\n<p>[\/et_pb_text][\/et_pb_column][et_pb_column type=\u00bb1_2&#8243; _builder_version=\u00bb4.27.4&#8243; _module_preset=\u00bbdefault\u00bb global_colors_info=\u00bb{}\u00bb][et_pb_text _builder_version=\u00bb4.27.4&#8243; _module_preset=\u00bbdefault\u00bb text_text_color=\u00bbgcid-4907c8d4-9eff-49de-91ce-43a2d3a729cf\u00bb text_font_size=\u00bb14px\u00bb hover_enabled=\u00bb0&#8243; global_colors_info=\u00bb{%22gcid-primary-color%22:%91%22quote_text_color%22,%22quote_text_color%22,%22quote_text_color%22%93,%22gcid-4907c8d4-9eff-49de-91ce-43a2d3a729cf%22:%91%22text_text_color%22%93}\u00bb sticky_enabled=\u00bb0&#8243;]<\/p>\n<p><span>\u00bfPor qu\u00e9 los factores socioecon\u00f3micos son tan relevantes para el riesgo cardiovascular residual en esta regi\u00f3n? Est\u00e1 claro que esta cuesti\u00f3n merece una evaluaci\u00f3n m\u00e1s profunda. Sin embargo, mientras tanto debemos tener en cuenta que la regi\u00f3n de Oriente Medio y Norte de \u00c1frica ha estado en un estado de cambio pol\u00edtico, con los levantamientos \u00e1rabes y los conflictos asociados, que sin duda han repercutido en las econom\u00edas de esta regi\u00f3n. Adem\u00e1s, la demograf\u00eda de la regi\u00f3n, con el envejecimiento y el crecimiento de la poblaci\u00f3n, se suma a las disparidades econ\u00f3micas, incluso en los pa\u00edses productores de petr\u00f3leo con mayores ingresos.   <\/span><\/p>\n<p><span>A menos que se tomen medidas urgentes, la carga de las enfermedades cardiometab\u00f3licas pondr\u00e1 a prueba los ya escasos recursos humanos y econ\u00f3micos de la regi\u00f3n de Oriente Medio y Norte de \u00c1frica. Aunque el 9% de la poblaci\u00f3n diab\u00e9tica mundial vive en la regi\u00f3n de Oriente Medio y Norte de \u00c1frica, el gasto de los gobiernos locales s\u00f3lo representa el 3% del presupuesto mundial para la atenci\u00f3n sanitaria de la diabetes.   <\/span><sup>2,5<\/sup><span>. Incluso con la inversi\u00f3n en educaci\u00f3n sanitaria, est\u00e1 claro que los conocimientos de los pacientes van a la zaga. Como se puso de relieve en una encuesta reciente entre pacientes diab\u00e9ticos de los Emiratos \u00c1rabes Unidos, prevalecen las ideas err\u00f3neas sobre la dieta y el estilo de vida y los an\u00e1lisis de sangre    <\/span><sup>6<\/sup><span>. La adherencia a la medicaci\u00f3n tambi\u00e9n es un problema reconocido   <\/span><sup>7<\/sup><span>. Adem\u00e1s, mientras que el n\u00famero de fumadores en Europa y EE.UU. sigue disminuyendo, la tendencia inversa es evidente en Oriente Medio   <\/span><sup>8<\/sup><span>lo que puede ayudar a explicar por qu\u00e9 el tabaquismo sigue siendo un factor que contribuye al riesgo cardiovascular residual, como en el estudio publicado por Abboud et al (2017) <\/span><sup>4<\/sup><span>.<\/span><\/p>\n<p><span>As\u00ed pues, adem\u00e1s de abordar cuestiones relacionadas con la pobreza y el desarrollo econ\u00f3mico, la educaci\u00f3n de los pacientes es tambi\u00e9n una prioridad. Dado que la educaci\u00f3n sustenta la misi\u00f3n de la Iniciativa para la Reducci\u00f3n del Riesgo Residual, la Fundaci\u00f3n tiene un papel clave que desempe\u00f1ar a la hora de abordar el reto del riesgo cardiovascular residual en la regi\u00f3n MENA. Queda mucho por hacer&#8230;&#8230;&#8230;&#8230;&#8230;&#8230;&#8230;.  <\/span><\/p>\n<p>[\/et_pb_text][et_pb_text _builder_version=\u00bb4.27.4&#8243; _module_preset=\u00bbdefault\u00bb text_font_size=\u00bb8px\u00bb hover_enabled=\u00bb0&#8243; global_colors_info=\u00bb{}\u00bb sticky_enabled=\u00bb0&#8243;]<\/p>\n<p style=\"font-weight: 400;\"><strong>Referencias<\/strong><\/p>\n<ol>\n<li style=\"font-weight: 400;\"><span>Mokdad AH, Jaber S, Aziz MI et al. El estado de la salud en el mundo \u00e1rabe, 1990-2010: un an\u00e1lisis de la carga de enfermedades, lesiones y factores de riesgo. Lancet 2014;383:309-20.  <\/span><br \/><span class=\"ref ref2\">2.<\/span><span>  Datos y cifras de la Federaci\u00f3n Internacional de Diabetes. <a href=\"http:\/\/www.idf.org\/about-diabetes\/facts-figures\" rel=\"nofollow\">http:\/\/www.idf.org\/about-diabetes\/facts-figures<\/a> <\/span><br \/><span class=\"ref ref3\">3.<\/span><span>  Al-Daghri NM, Aljohani NJ, Al-Attas OS et al. Comparaciones en obesidad infantil y factores de riesgo cardiometab\u00f3lico entre adolescentes \u00e1rabes saud\u00edes urbanos en 2008 y 2013. Child Care Health Dev 2016;42:652-7.  <\/span><br \/><span class=\"ref ref4\">4.<\/span><span>  Abboud H, Sissani L, Labreuche J et al. Especificidades de los factores de riesgo de ictus isqu\u00e9mico en los pa\u00edses de habla \u00e1rabe. Cerebrovasc Dis 2017;43:169-77.  <\/span><br \/><span class=\"ref ref5\">5.<\/span><span>  Mokdad AH, Forouzanfar M, Daoud et al. La salud en tiempos de incertidumbre en la regi\u00f3n del Mediterr\u00e1neo oriental, 1990-2013: un an\u00e1lisis sistem\u00e1tico para el Estudio sobre la Carga Mundial de Enfermedades 2013. Lancet Glob Health 2016;4(10):e704-13.  <\/span><br \/><span class=\"ref ref6\">6.<\/span><span>  Hashim MJ, Mustafa H, Ali H. Conocimiento de la diabetes entre los pacientes de los Emiratos \u00c1rabes Unidos y tendencias desde 2001: un estudio mediante el Test de Conocimiento de la Diabetes de Michigan. East Mediterr Health J 2017;22(10):742-8. <\/span><br \/><span class=\"ref ref7\">7.<\/span><span>  BMC Salud P\u00fablica. 2016 Ago 24;16 <\/span><sup>1<\/sup><span>:8<\/span><span class=\"ref ref57\">57.<\/span><span>  doi: 10.1186\/s12889-016-3492-0. Mejora de la adherencia a la medicaci\u00f3n en adultos con diabetes en los Emiratos \u00c1rabes Unidos. <\/span><br \/><span class=\"ref ref8\">8.<\/span><span>  EAU pierde la lucha contra el tabaquismo. <a href=\"http:\/\/www.thenational.ae\/uae\/uae-losing-fight-against-smoking\" rel=\"nofollow\">http:\/\/www.thenational.ae\/uae\/uae-losing-fight-against-smoking<\/a> <\/span><\/li>\n<\/ol>\n<p>[\/et_pb_text][\/et_pb_column][\/et_pb_row][\/et_pb_section]<\/p>\n","protected":false},"excerpt":{"rendered":"<p>Editoriales R3iAbordar el riesgo cardiovascular residual: \u00bfvolver a lo b\u00e1sico? Prof. Michel Hermans, Prof. Pierre Amarenco Siguiendo con nuestro tema del riesgo cardiovascular residual en las regiones en desarrollo, dirigimos nuestra atenci\u00f3n a los pa\u00edses de Oriente Medio y Norte de \u00c1frica (MENA), una regi\u00f3n en flujo sanitario cr\u00edtico. Ya en 2010, la cardiopat\u00eda isqu\u00e9mica [&hellip;]<\/p>\n","protected":false},"author":258497324,"featured_media":0,"parent":252805,"menu_order":0,"comment_status":"closed","ping_status":"closed","template":"","meta":{"_et_pb_use_builder":"on","_et_pb_old_content":"","_et_gb_content_width":"","_crdt_document":"","jetpack_post_was_ever_published":false,"footnotes":""},"class_list":["post-252865","page","type-page","status-publish","hentry"],"yoast_head":"<!-- This site is optimized with the Yoast SEO plugin v27.3 - https:\/\/yoast.com\/product\/yoast-seo-wordpress\/ -->\n<title>Editorial 04\/17 - Riesgo cardiovascular residual en Oriente Medio: una tormenta perfecta en ciernes - R3I<\/title>\n<meta name=\"robots\" content=\"index, follow, max-snippet:-1, max-image-preview:large, max-video-preview:-1\" \/>\n<link rel=\"canonical\" href=\"https:\/\/r3i.org\/es\/editoriales-r3i\/editorial-04-17-riesgo-cardiovascular-residual-en-oriente-medio-una-tormenta-perfecta-en-ciernes\/\" \/>\n<meta property=\"og:locale\" content=\"es_ES\" \/>\n<meta property=\"og:type\" content=\"article\" \/>\n<meta property=\"og:title\" content=\"Editorial 04\/17 - Riesgo cardiovascular residual en Oriente Medio: una tormenta perfecta en ciernes - R3I\" \/>\n<meta property=\"og:description\" content=\"Editoriales R3iAbordar el riesgo cardiovascular residual: \u00bfvolver a lo b\u00e1sico? Prof. Michel Hermans, Prof. Pierre Amarenco Siguiendo con nuestro tema del riesgo cardiovascular residual en las regiones en desarrollo, dirigimos nuestra atenci\u00f3n a los pa\u00edses de Oriente Medio y Norte de \u00c1frica (MENA), una regi\u00f3n en flujo sanitario cr\u00edtico. Ya en 2010, la cardiopat\u00eda isqu\u00e9mica [&hellip;]\" \/>\n<meta property=\"og:url\" content=\"https:\/\/r3i.org\/es\/editoriales-r3i\/editorial-04-17-riesgo-cardiovascular-residual-en-oriente-medio-una-tormenta-perfecta-en-ciernes\/\" \/>\n<meta property=\"og:site_name\" content=\"R3I\" \/>\n<meta property=\"article:modified_time\" content=\"2025-02-05T21:27:06+00:00\" \/>\n<meta name=\"twitter:card\" content=\"summary_large_image\" \/>\n<meta name=\"twitter:label1\" content=\"Tiempo de lectura\" \/>\n\t<meta name=\"twitter:data1\" content=\"8 minutos\" \/>\n<script type=\"application\/ld+json\" class=\"yoast-schema-graph\">{\"@context\":\"https:\\\/\\\/schema.org\",\"@graph\":[{\"@type\":\"WebPage\",\"@id\":\"https:\\\/\\\/r3i.org\\\/es\\\/editoriales-r3i\\\/editorial-04-17-riesgo-cardiovascular-residual-en-oriente-medio-una-tormenta-perfecta-en-ciernes\\\/\",\"url\":\"https:\\\/\\\/r3i.org\\\/es\\\/editoriales-r3i\\\/editorial-04-17-riesgo-cardiovascular-residual-en-oriente-medio-una-tormenta-perfecta-en-ciernes\\\/\",\"name\":\"Editorial 04\\\/17 - Riesgo cardiovascular residual en Oriente Medio: una tormenta perfecta en ciernes - R3I\",\"isPartOf\":{\"@id\":\"https:\\\/\\\/r3i.org\\\/es\\\/#website\"},\"datePublished\":\"2025-01-03T20:43:56+00:00\",\"dateModified\":\"2025-02-05T21:27:06+00:00\",\"breadcrumb\":{\"@id\":\"https:\\\/\\\/r3i.org\\\/es\\\/editoriales-r3i\\\/editorial-04-17-riesgo-cardiovascular-residual-en-oriente-medio-una-tormenta-perfecta-en-ciernes\\\/#breadcrumb\"},\"inLanguage\":\"es\",\"potentialAction\":[{\"@type\":\"ReadAction\",\"target\":[\"https:\\\/\\\/r3i.org\\\/es\\\/editoriales-r3i\\\/editorial-04-17-riesgo-cardiovascular-residual-en-oriente-medio-una-tormenta-perfecta-en-ciernes\\\/\"]}]},{\"@type\":\"BreadcrumbList\",\"@id\":\"https:\\\/\\\/r3i.org\\\/es\\\/editoriales-r3i\\\/editorial-04-17-riesgo-cardiovascular-residual-en-oriente-medio-una-tormenta-perfecta-en-ciernes\\\/#breadcrumb\",\"itemListElement\":[{\"@type\":\"ListItem\",\"position\":1,\"name\":\"Home\",\"item\":\"https:\\\/\\\/r3i.org\\\/es\\\/\"},{\"@type\":\"ListItem\",\"position\":2,\"name\":\"Editoriales R3i\",\"item\":\"https:\\\/\\\/r3i.org\\\/es\\\/editoriales-r3i\\\/\"},{\"@type\":\"ListItem\",\"position\":3,\"name\":\"Editorial 04\\\/17 &#8211; Riesgo cardiovascular residual en Oriente Medio: una tormenta perfecta en ciernes\"}]},{\"@type\":\"WebSite\",\"@id\":\"https:\\\/\\\/r3i.org\\\/es\\\/#website\",\"url\":\"https:\\\/\\\/r3i.org\\\/es\\\/\",\"name\":\"R3I\",\"description\":\"Residual Risk Reduction Initiative\",\"publisher\":{\"@id\":\"https:\\\/\\\/r3i.org\\\/es\\\/#organization\"},\"potentialAction\":[{\"@type\":\"SearchAction\",\"target\":{\"@type\":\"EntryPoint\",\"urlTemplate\":\"https:\\\/\\\/r3i.org\\\/es\\\/?s={search_term_string}\"},\"query-input\":{\"@type\":\"PropertyValueSpecification\",\"valueRequired\":true,\"valueName\":\"search_term_string\"}}],\"inLanguage\":\"es\"},{\"@type\":\"Organization\",\"@id\":\"https:\\\/\\\/r3i.org\\\/es\\\/#organization\",\"name\":\"R3I\",\"url\":\"https:\\\/\\\/r3i.org\\\/es\\\/\",\"logo\":{\"@type\":\"ImageObject\",\"inLanguage\":\"es\",\"@id\":\"https:\\\/\\\/r3i.org\\\/es\\\/#\\\/schema\\\/logo\\\/image\\\/\",\"url\":\"https:\\\/\\\/i0.wp.com\\\/r3i.org\\\/wp-content\\\/uploads\\\/2024\\\/11\\\/r3i-logo-transp-1.png?fit=1601%2C834&ssl=1\",\"contentUrl\":\"https:\\\/\\\/i0.wp.com\\\/r3i.org\\\/wp-content\\\/uploads\\\/2024\\\/11\\\/r3i-logo-transp-1.png?fit=1601%2C834&ssl=1\",\"width\":1601,\"height\":834,\"caption\":\"R3I\"},\"image\":{\"@id\":\"https:\\\/\\\/r3i.org\\\/es\\\/#\\\/schema\\\/logo\\\/image\\\/\"}}]}<\/script>\n<!-- \/ Yoast SEO plugin. -->","yoast_head_json":{"title":"Editorial 04\/17 - Riesgo cardiovascular residual en Oriente Medio: una tormenta perfecta en ciernes - R3I","robots":{"index":"index","follow":"follow","max-snippet":"max-snippet:-1","max-image-preview":"max-image-preview:large","max-video-preview":"max-video-preview:-1"},"canonical":"https:\/\/r3i.org\/es\/editoriales-r3i\/editorial-04-17-riesgo-cardiovascular-residual-en-oriente-medio-una-tormenta-perfecta-en-ciernes\/","og_locale":"es_ES","og_type":"article","og_title":"Editorial 04\/17 - Riesgo cardiovascular residual en Oriente Medio: una tormenta perfecta en ciernes - R3I","og_description":"Editoriales R3iAbordar el riesgo cardiovascular residual: \u00bfvolver a lo b\u00e1sico? Prof. Michel Hermans, Prof. Pierre Amarenco Siguiendo con nuestro tema del riesgo cardiovascular residual en las regiones en desarrollo, dirigimos nuestra atenci\u00f3n a los pa\u00edses de Oriente Medio y Norte de \u00c1frica (MENA), una regi\u00f3n en flujo sanitario cr\u00edtico. Ya en 2010, la cardiopat\u00eda isqu\u00e9mica [&hellip;]","og_url":"https:\/\/r3i.org\/es\/editoriales-r3i\/editorial-04-17-riesgo-cardiovascular-residual-en-oriente-medio-una-tormenta-perfecta-en-ciernes\/","og_site_name":"R3I","article_modified_time":"2025-02-05T21:27:06+00:00","twitter_card":"summary_large_image","twitter_misc":{"Tiempo de lectura":"8 minutos"},"schema":{"@context":"https:\/\/schema.org","@graph":[{"@type":"WebPage","@id":"https:\/\/r3i.org\/es\/editoriales-r3i\/editorial-04-17-riesgo-cardiovascular-residual-en-oriente-medio-una-tormenta-perfecta-en-ciernes\/","url":"https:\/\/r3i.org\/es\/editoriales-r3i\/editorial-04-17-riesgo-cardiovascular-residual-en-oriente-medio-una-tormenta-perfecta-en-ciernes\/","name":"Editorial 04\/17 - Riesgo cardiovascular residual en Oriente Medio: una tormenta perfecta en ciernes - R3I","isPartOf":{"@id":"https:\/\/r3i.org\/es\/#website"},"datePublished":"2025-01-03T20:43:56+00:00","dateModified":"2025-02-05T21:27:06+00:00","breadcrumb":{"@id":"https:\/\/r3i.org\/es\/editoriales-r3i\/editorial-04-17-riesgo-cardiovascular-residual-en-oriente-medio-una-tormenta-perfecta-en-ciernes\/#breadcrumb"},"inLanguage":"es","potentialAction":[{"@type":"ReadAction","target":["https:\/\/r3i.org\/es\/editoriales-r3i\/editorial-04-17-riesgo-cardiovascular-residual-en-oriente-medio-una-tormenta-perfecta-en-ciernes\/"]}]},{"@type":"BreadcrumbList","@id":"https:\/\/r3i.org\/es\/editoriales-r3i\/editorial-04-17-riesgo-cardiovascular-residual-en-oriente-medio-una-tormenta-perfecta-en-ciernes\/#breadcrumb","itemListElement":[{"@type":"ListItem","position":1,"name":"Home","item":"https:\/\/r3i.org\/es\/"},{"@type":"ListItem","position":2,"name":"Editoriales R3i","item":"https:\/\/r3i.org\/es\/editoriales-r3i\/"},{"@type":"ListItem","position":3,"name":"Editorial 04\/17 &#8211; Riesgo cardiovascular residual en Oriente Medio: una tormenta perfecta en ciernes"}]},{"@type":"WebSite","@id":"https:\/\/r3i.org\/es\/#website","url":"https:\/\/r3i.org\/es\/","name":"R3I","description":"Residual Risk Reduction Initiative","publisher":{"@id":"https:\/\/r3i.org\/es\/#organization"},"potentialAction":[{"@type":"SearchAction","target":{"@type":"EntryPoint","urlTemplate":"https:\/\/r3i.org\/es\/?s={search_term_string}"},"query-input":{"@type":"PropertyValueSpecification","valueRequired":true,"valueName":"search_term_string"}}],"inLanguage":"es"},{"@type":"Organization","@id":"https:\/\/r3i.org\/es\/#organization","name":"R3I","url":"https:\/\/r3i.org\/es\/","logo":{"@type":"ImageObject","inLanguage":"es","@id":"https:\/\/r3i.org\/es\/#\/schema\/logo\/image\/","url":"https:\/\/i0.wp.com\/r3i.org\/wp-content\/uploads\/2024\/11\/r3i-logo-transp-1.png?fit=1601%2C834&ssl=1","contentUrl":"https:\/\/i0.wp.com\/r3i.org\/wp-content\/uploads\/2024\/11\/r3i-logo-transp-1.png?fit=1601%2C834&ssl=1","width":1601,"height":834,"caption":"R3I"},"image":{"@id":"https:\/\/r3i.org\/es\/#\/schema\/logo\/image\/"}}]}},"jetpack_likes_enabled":true,"jetpack_sharing_enabled":true,"jetpack_shortlink":"https:\/\/wp.me\/Pgbfv2-13Mt","jetpack-related-posts":[],"_links":{"self":[{"href":"https:\/\/r3i.org\/es\/wp-json\/wp\/v2\/pages\/252865","targetHints":{"allow":["GET"]}}],"collection":[{"href":"https:\/\/r3i.org\/es\/wp-json\/wp\/v2\/pages"}],"about":[{"href":"https:\/\/r3i.org\/es\/wp-json\/wp\/v2\/types\/page"}],"author":[{"embeddable":true,"href":"https:\/\/r3i.org\/es\/wp-json\/wp\/v2\/users\/258497324"}],"replies":[{"embeddable":true,"href":"https:\/\/r3i.org\/es\/wp-json\/wp\/v2\/comments?post=252865"}],"version-history":[{"count":2,"href":"https:\/\/r3i.org\/es\/wp-json\/wp\/v2\/pages\/252865\/revisions"}],"predecessor-version":[{"id":252867,"href":"https:\/\/r3i.org\/es\/wp-json\/wp\/v2\/pages\/252865\/revisions\/252867"}],"up":[{"embeddable":true,"href":"https:\/\/r3i.org\/es\/wp-json\/wp\/v2\/pages\/252805"}],"wp:attachment":[{"href":"https:\/\/r3i.org\/es\/wp-json\/wp\/v2\/media?parent=252865"}],"curies":[{"name":"wp","href":"https:\/\/api.w.org\/{rel}","templated":true}]}}