{"id":252859,"date":"2024-12-27T17:51:37","date_gmt":"2024-12-27T16:51:37","guid":{"rendered":"https:\/\/r3i.org\/editoriales-r3i\/editorial-03-24-la-interaccion-microvascular-macrovascular-el-proximo-objetivo\/"},"modified":"2025-02-15T01:48:53","modified_gmt":"2025-02-15T00:48:53","slug":"editorial-03-24-la-interaccion-microvascular-macrovascular-el-proximo-objetivo","status":"publish","type":"page","link":"https:\/\/r3i.org\/es\/editoriales-r3i\/editorial-03-24-la-interaccion-microvascular-macrovascular-el-proximo-objetivo\/","title":{"rendered":"Editorial 03\/24 &#8211; La interacci\u00f3n microvascular-macrovascular: \u00bfel pr\u00f3ximo objetivo?"},"content":{"rendered":"<p>[et_pb_section fb_built=\u00bb1&#8243; admin_label=\u00bbHeader\u00bb _builder_version=\u00bb4.27.4&#8243; _module_preset=\u00bb35f37621-1062-4ae6-955d-76a3167a2aa8&#8243; background_image=\u00bbhttps:\/\/r3i.org\/wp-content\/uploads\/2024\/12\/pexels-pixabay-267582.jpg\u00bb parallax=\u00bbon\u00bb min_height=\u00bb157.9px\u00bb min_height_tablet=\u00bb100px\u00bb min_height_phone=\u00bb100px\u00bb min_height_last_edited=\u00bbon|phone\u00bb height=\u00bb116px\u00bb height_tablet=\u00bb153px\u00bb height_phone=\u00bb130px\u00bb height_last_edited=\u00bbon|phone\u00bb custom_margin_tablet=\u00bb\u00bb custom_margin_phone=\u00bb-17px||||false|false\u00bb custom_margin_last_edited=\u00bbon|phone\u00bb custom_padding=\u00bb0vw||0vw||true|false\u00bb collapsed=\u00bbon\u00bb global_colors_info=\u00bb{%22gcid-primary-color%22:%91%22quote_text_color%22,%22background_color_gradient_stops%22%93}\u00bb][et_pb_row _builder_version=\u00bb4.27.4&#8243; _module_preset=\u00bbdefault\u00bb global_colors_info=\u00bb{}\u00bb][et_pb_column type=\u00bb4_4&#8243; _builder_version=\u00bb4.27.0&#8243; _module_preset=\u00bbdefault\u00bb global_colors_info=\u00bb{}\u00bb][et_pb_text _builder_version=\u00bb4.27.4&#8243; _module_preset=\u00bbdefault\u00bb text_text_color=\u00bb#FFFFFF\u00bb header_2_text_color=\u00bb#FFFFFF\u00bb custom_padding=\u00bb1px|||||\u00bb global_colors_info=\u00bb{}\u00bb]<\/p>\n<h2>Editoriales R3i<\/h2>\n<p>[\/et_pb_text][\/et_pb_column][\/et_pb_row][\/et_pb_section][et_pb_section fb_built=\u00bb1&#8243; _builder_version=\u00bb4.27.3&#8243; _module_preset=\u00bbdefault\u00bb custom_margin=\u00bb-49px|||||\u00bb custom_padding=\u00bb2px||40px|||\u00bb global_colors_info=\u00bb{}\u00bb][et_pb_row column_structure=\u00bb1_2,1_2&#8243; _builder_version=\u00bb4.27.4&#8243; _module_preset=\u00bbdefault\u00bb border_radii=\u00bboff|13px|13px|13px|13px\u00bb border_width_all=\u00bb4px\u00bb border_color_all=\u00bbgcid-b673dc17-1b2a-464e-affa-1bf1ab41c0fd\u00bb border_width_all_tablet=\u00bb4px\u00bb border_width_all_phone=\u00bb0px\u00bb border_width_all_last_edited=\u00bbon|phone\u00bb border_color_all_tablet=\u00bbgcid-b673dc17-1b2a-464e-affa-1bf1ab41c0fd\u00bb border_color_all_phone=\u00bbgcid-b673dc17-1b2a-464e-affa-1bf1ab41c0fd\u00bb border_color_all_last_edited=\u00bbon|phone\u00bb box_shadow_style=\u00bbpreset2&#8243; global_colors_info=\u00bb{%22gcid-b673dc17-1b2a-464e-affa-1bf1ab41c0fd%22:%91%22border_color_all%22%93}\u00bb][et_pb_column type=\u00bb1_2&#8243; _builder_version=\u00bb4.27.4&#8243; _module_preset=\u00bbdefault\u00bb global_colors_info=\u00bb{}\u00bb][et_pb_text _builder_version=\u00bb4.27.4&#8243; _module_preset=\u00bbdefault\u00bb text_font_size=\u00bb14px\u00bb header_5_text_color=\u00bbgcid-4907c8d4-9eff-49de-91ce-43a2d3a729cf\u00bb header_6_text_color=\u00bbgcid-secondary-color\u00bb inline_fonts=\u00bbAbyssinica SIL\u00bb global_colors_info=\u00bb{%22gcid-primary-color%22:%91%22quote_text_color%22,%22quote_text_color%22,%22quote_text_color%22%93,%22gcid-4907c8d4-9eff-49de-91ce-43a2d3a729cf%22:%91%22header_5_text_color%22%93,%22gcid-secondary-color%22:%91%22header_6_text_color%22%93}\u00bb]<\/p>\n<h5 style=\"text-align: center;\"><span style=\"font-family: 'Abyssinica SIL'; font-weight: normal; font-size: small;\">Marzo 2024<\/span><\/h5>\n<h5 style=\"text-align: center;\">Interacci\u00f3n microvascular-macrovascular: \u00bfnueva diana de tratamiento?<\/h5>\n<h6 style=\"text-align: center;\"><span lang=\"EN-GB\">Prof. Jean-Charles Fruchart, Prof. Michel Hermans, Prof. Pierre Amarenco<\/span><\/h6>\n<p style=\"font-weight: 400; text-align: left;\">Hasta la fecha, el colesterol y la inflamaci\u00f3n son las dianas principales para tratar el riesgo vascular residual. Sumado a esto, los hallazgos importantes de ensayos de resultados cardiovasculares con tratamientos nuevos para la disminuci\u00f3n de la glucosa, es decir, inhibidores del cotransportador de sodio-glucosa 1 y agonistas del receptor del p\u00e9ptido similar al glucag\u00f3n 2, iniciaron un cambio en los lineamientos para incorporar estos f\u00e1rmacos en los abordajes preventivos en pacientes con diabetes tipo 2 y enfermedad cardiovascular ateroscler\u00f3tica o factores de riesgo 3. No obstante, no est\u00e1 tan investigada la interacci\u00f3n de la enfermedad microvascular y cardiovascular en el riesgo vascular residual, a pesar de los datos que prueban que la disfunci\u00f3n microvascular subyace en muchas manifestaciones de la enfermedad cardiovascular.<\/p>\n<p>Los estudios relacionan la disfunci\u00f3n en la microvasculatura coronaria con la aparici\u00f3n de angina de pecho e insuficiencia card\u00edaca 4. Las mujeres en particular presentan una carga mayor de disfunci\u00f3n microvascular con m\u00e1s isquemia con enfermedad coronaria no obstructiva que los hombres 5. A nivel farmacodin\u00e1mico, se considera que los factores comunes de riesgo, como la dislipidemia, promueven la disfunci\u00f3n endotelial microvascular mediante un aumento de la inflamaci\u00f3n y el estr\u00e9s oxidativo 6.<\/p>\n<p>[\/et_pb_text][\/et_pb_column][et_pb_column type=\u00bb1_2&#8243; _builder_version=\u00bb4.27.4&#8243; _module_preset=\u00bbdefault\u00bb global_colors_info=\u00bb{}\u00bb][et_pb_text _builder_version=\u00bb4.27.4&#8243; _module_preset=\u00bbdefault\u00bb text_text_color=\u00bbgcid-4907c8d4-9eff-49de-91ce-43a2d3a729cf\u00bb text_font_size=\u00bb14px\u00bb custom_padding=\u00bb||0px|||\u00bb global_colors_info=\u00bb{%22gcid-primary-color%22:%91%22quote_text_color%22,%22quote_text_color%22,%22quote_text_color%22%93,%22gcid-4907c8d4-9eff-49de-91ce-43a2d3a729cf%22:%91%22text_text_color%22%93}\u00bb]<\/p>\n<p style=\"font-weight: 400;\"><span>Sobre el mismo tema, el Enfoque de este mes resalta el papel que desempe\u00f1a la disfunci\u00f3n microvascular en las complicaciones macrovasculares y de las extremidades de la arteriopat\u00eda perif\u00e9rica (PAD) <\/span><sup>7<\/sup><span>. Este informe, basado en datos nacionales de Estados Unidos de m\u00e1s de 33 millones de personas hospitalizadas con PAD o enfermedad microvascular, ilustr\u00f3 la magnitud de este problema. M\u00e1s de uno de cada cuatro de estos pacientes ten\u00eda PAD y enfermedad microvascular concomitantes. Estos pacientes no solo ten\u00edan PAD m\u00e1s graves, sino que tambi\u00e9n la coexistencia de enfermedad microvascular exacerbaba el riesgo de amputaciones significativas o menores, episodios cardiovasculares graves, mortalidad en el hospital y readmisi\u00f3n al hospital. Se considera que un deterioro de la angiog\u00e9nesis y las lesiones por isquemia- reperfusi\u00f3n en serie pueden contribuir a la inflamaci\u00f3n cr\u00f3nica en pacientes con PAD y enfermedad microvascular concomitantes, exacerbando su riesgo de acontecimientos adversos <\/span><sup>8<\/sup><span>. La PAD y la enfermedad microvascular concomitantes no solo suponen un riesgo mayor de morbilidad y mortalidad, sino que tambi\u00e9n afectan la carga econ\u00f3mica de la PAD, la tercera enfermedad cardiovascular m\u00e1s com\u00fan <\/span><sup>9<\/sup><span>. <\/span><\/p>\n<p><span>\u00bfPor qu\u00e9 esto es un problema? Como se ilustr\u00f3 en el informe de Grubman et al <\/span><sup>7<\/sup><span>, la prevalencia de PAD, y sus complicaciones asociadas, est\u00e1 en aumento. A nivel global, la prevalencia de PAD aument\u00f3 en m\u00e1s del 70 % entre 1990 y 2019 (10). Esto contrast\u00f3 con las tendencias globales de la cardiopat\u00eda isqu\u00e9mica y el accidente cerebrovascular isqu\u00e9mico, que presentaron una disminuci\u00f3n de la prevalencia y de la mortalidad relacionada con la enfermedad durante el mismo periodo (10). Con poblaciones envejecidas, incluso en los pa\u00edses con ingresos bajos y medios, adem\u00e1s de una pandemia creciente de diabetes tipo 2, la prevalencia de PAD sin dudas aumentar\u00e1 en el futuro. Esta situaci\u00f3n resalta la necesidad urgente de estrategias nuevas que se centren en los factores de riesgo residual modificables, adem\u00e1s de un \u00e9nfasis renovado en el reconocimiento y la detecci\u00f3n de la enfermedad microvascular concomitante, para impactar en esta carga creciente de la enfermedad.<\/span><\/p>\n<p>[\/et_pb_text][et_pb_text _builder_version=\u00bb4.27.4&#8243; _module_preset=\u00bbdefault\u00bb text_font_size=\u00bb8px\u00bb global_colors_info=\u00bb{}\u00bb]<\/p>\n<p style=\"font-weight: 400;\"><strong>Referencias<\/strong><\/p>\n<ol>\n<li style=\"font-weight: 400;\">1. Dalan R. Sodium-Glucose Cotransporter-2 Inhibition in Type 2 Diabetes Mellitus: a review of large-scale cardiovascular outcome studies and possible mechanisms of benefit. Cardiol Rev 2018;26:312-20.<br \/>2. Sattar N, Lee MMY, Kristensen SL, et al. Cardiovascular, mortality, and kidney outcomes with GLP-1 receptor agonists in patients with type 2 diabetes: a systematic review and meta-analysis of randomised trials. Lancet Diabetes Endocrinol 2021;9:653-62.<br \/>3. Visseren FLJ, Mach F, Smulders YM, et al. 2021 ESC Guidelines on cardiovascular disease prevention in clinical practice. Eur Heart J 2021;42:3227-337.<br \/>4: Del Buono MG, Montone RA, Camilli M, et al. Coronary microvascular dysfunction across the spectrum of cardiovascular diseases: JACC State-of-the-Art Review. J Am Coll Cardiol 2021;78:1352-71.<br \/>5. Roeters van Lennep JE, Tokg\u00f6zo\u011flu LS, Badimon L, et al. Women, lipids, and atherosclerotic cardiovascular disease: a call to action from the European Atherosclerosis Society. Eur Heart J 2023;44:4157-73.<br \/>6. Padr\u00f3 T, Vilahur G, Badimon L. Dyslipidemias and microcirculation. Current Pharm Design 2018;24:2921-6.<br \/>7. Grubman S, Algara M, Smolderen KG, et al. Examining outcomes in patients admitted with comorbid peripheral artery disease and microvascular disease. J Am Heart Assoc 2024;13:e030710.<br \/>8. Behroozian A, Beckman JA. Microvascular disease increases amputation in patients with peripheral artery disease. Arterioscler Thromb Vasc Biol 2020;40:534-40.<br \/>9. Timmis A, Vardas P, Townsend N, et al. European Society of Cardiology: cardiovascular disease statistics 2021. Eur Heart J 2022;43:716-99.<br \/>10. Eid MA, Mehta K, Barnes JA, et al. The global burden of peripheral artery disease. J Vasc Surg 2023;771119-1126.e1.<\/li>\n<\/ol>\n<p>[\/et_pb_text][\/et_pb_column][\/et_pb_row][\/et_pb_section]<\/p>\n","protected":false},"excerpt":{"rendered":"<p>Editoriales R3iMarzo 2024 Interacci\u00f3n microvascular-macrovascular: \u00bfnueva diana de tratamiento? Prof. Jean-Charles Fruchart, Prof. Michel Hermans, Prof. Pierre Amarenco Hasta la fecha, el colesterol y la inflamaci\u00f3n son las dianas principales para tratar el riesgo vascular residual. Sumado a esto, los hallazgos importantes de ensayos de resultados cardiovasculares con tratamientos nuevos para la disminuci\u00f3n de la [&hellip;]<\/p>\n","protected":false},"author":258497324,"featured_media":0,"parent":252805,"menu_order":0,"comment_status":"closed","ping_status":"closed","template":"","meta":{"_et_pb_use_builder":"on","_et_pb_old_content":"","_et_gb_content_width":"","_crdt_document":"","advanced_seo_description":"","jetpack_seo_html_title":"","jetpack_seo_noindex":false,"jetpack_post_was_ever_published":false,"footnotes":""},"class_list":["post-252859","page","type-page","status-publish","hentry"],"jetpack_likes_enabled":true,"jetpack_sharing_enabled":true,"jetpack_shortlink":"https:\/\/wp.me\/Pgbfv2-13Mn","jetpack-related-posts":[],"_links":{"self":[{"href":"https:\/\/r3i.org\/es\/wp-json\/wp\/v2\/pages\/252859","targetHints":{"allow":["GET"]}}],"collection":[{"href":"https:\/\/r3i.org\/es\/wp-json\/wp\/v2\/pages"}],"about":[{"href":"https:\/\/r3i.org\/es\/wp-json\/wp\/v2\/types\/page"}],"author":[{"embeddable":true,"href":"https:\/\/r3i.org\/es\/wp-json\/wp\/v2\/users\/258497324"}],"replies":[{"embeddable":true,"href":"https:\/\/r3i.org\/es\/wp-json\/wp\/v2\/comments?post=252859"}],"version-history":[{"count":6,"href":"https:\/\/r3i.org\/es\/wp-json\/wp\/v2\/pages\/252859\/revisions"}],"predecessor-version":[{"id":253533,"href":"https:\/\/r3i.org\/es\/wp-json\/wp\/v2\/pages\/252859\/revisions\/253533"}],"up":[{"embeddable":true,"href":"https:\/\/r3i.org\/es\/wp-json\/wp\/v2\/pages\/252805"}],"wp:attachment":[{"href":"https:\/\/r3i.org\/es\/wp-json\/wp\/v2\/media?parent=252859"}],"curies":[{"name":"wp","href":"https:\/\/api.w.org\/{rel}","templated":true}]}}