{"id":252856,"date":"2024-12-30T18:40:16","date_gmt":"2024-12-30T17:40:16","guid":{"rendered":"https:\/\/r3i.org\/editoriales-r3i\/editorial-21-03-trigliceridos-elevados-relacion-entre-ascvd-y-demencia\/"},"modified":"2025-02-15T00:52:27","modified_gmt":"2025-02-14T23:52:27","slug":"editorial-21-03-trigliceridos-elevados-relacion-entre-ascvd-y-demencia","status":"publish","type":"page","link":"https:\/\/r3i.org\/es\/editoriales-r3i\/editorial-21-03-trigliceridos-elevados-relacion-entre-ascvd-y-demencia\/","title":{"rendered":"Editorial 21\/03 &#8211; Triglic\u00e9ridos elevados: relaci\u00f3n entre ASCVD y demencia"},"content":{"rendered":"<p>[et_pb_section fb_built=\u00bb1&#8243; admin_label=\u00bbHeader\u00bb _builder_version=\u00bb4.27.4&#8243; _module_preset=\u00bb35f37621-1062-4ae6-955d-76a3167a2aa8&#8243; background_image=\u00bbhttps:\/\/r3i.org\/wp-content\/uploads\/2024\/12\/pexels-pixabay-267582.jpg\u00bb parallax=\u00bbon\u00bb min_height=\u00bb157.9px\u00bb min_height_tablet=\u00bb100px\u00bb min_height_phone=\u00bb100px\u00bb min_height_last_edited=\u00bbon|phone\u00bb height=\u00bb116px\u00bb height_tablet=\u00bb153px\u00bb height_phone=\u00bb130px\u00bb height_last_edited=\u00bbon|phone\u00bb custom_margin_tablet=\u00bb\u00bb custom_margin_phone=\u00bb-17px||||false|false\u00bb custom_margin_last_edited=\u00bbon|phone\u00bb custom_padding=\u00bb0vw||0vw||true|false\u00bb collapsed=\u00bbon\u00bb global_colors_info=\u00bb{%22gcid-primary-color%22:%91%22quote_text_color%22,%22background_color_gradient_stops%22%93}\u00bb][et_pb_row _builder_version=\u00bb4.27.4&#8243; _module_preset=\u00bbdefault\u00bb global_colors_info=\u00bb{}\u00bb][et_pb_column type=\u00bb4_4&#8243; _builder_version=\u00bb4.27.0&#8243; _module_preset=\u00bbdefault\u00bb global_colors_info=\u00bb{}\u00bb][et_pb_text _builder_version=\u00bb4.27.4&#8243; _module_preset=\u00bbdefault\u00bb text_text_color=\u00bb#FFFFFF\u00bb header_2_text_color=\u00bb#FFFFFF\u00bb custom_padding=\u00bb1px|||||\u00bb global_colors_info=\u00bb{}\u00bb]<\/p>\n<h2>Editoriales R3i<\/h2>\n<p>[\/et_pb_text][\/et_pb_column][\/et_pb_row][\/et_pb_section][et_pb_section fb_built=\u00bb1&#8243; _builder_version=\u00bb4.27.3&#8243; _module_preset=\u00bbdefault\u00bb custom_margin=\u00bb-49px|||||\u00bb custom_padding=\u00bb2px||40px|||\u00bb global_colors_info=\u00bb{}\u00bb][et_pb_row column_structure=\u00bb1_2,1_2&#8243; _builder_version=\u00bb4.27.4&#8243; _module_preset=\u00bbdefault\u00bb border_radii=\u00bboff|13px|13px|13px|13px\u00bb border_width_all=\u00bb4px\u00bb border_color_all=\u00bbgcid-b673dc17-1b2a-464e-affa-1bf1ab41c0fd\u00bb border_width_all_tablet=\u00bb4px\u00bb border_width_all_phone=\u00bb0px\u00bb border_width_all_last_edited=\u00bbon|phone\u00bb border_color_all_tablet=\u00bbgcid-b673dc17-1b2a-464e-affa-1bf1ab41c0fd\u00bb border_color_all_phone=\u00bbgcid-b673dc17-1b2a-464e-affa-1bf1ab41c0fd\u00bb border_color_all_last_edited=\u00bbon|phone\u00bb box_shadow_style=\u00bbpreset2&#8243; global_colors_info=\u00bb{%22gcid-b673dc17-1b2a-464e-affa-1bf1ab41c0fd%22:%91%22border_color_all%22%93}\u00bb][et_pb_column type=\u00bb1_2&#8243; _builder_version=\u00bb4.27.4&#8243; _module_preset=\u00bbdefault\u00bb global_colors_info=\u00bb{}\u00bb][et_pb_text _builder_version=\u00bb4.27.4&#8243; _module_preset=\u00bbdefault\u00bb text_font_size=\u00bb14px\u00bb header_5_text_color=\u00bbgcid-4907c8d4-9eff-49de-91ce-43a2d3a729cf\u00bb header_6_text_color=\u00bbgcid-secondary-color\u00bb global_colors_info=\u00bb{%22gcid-primary-color%22:%91%22quote_text_color%22,%22quote_text_color%22,%22quote_text_color%22%93,%22gcid-4907c8d4-9eff-49de-91ce-43a2d3a729cf%22:%91%22header_5_text_color%22%93,%22gcid-secondary-color%22:%91%22header_6_text_color%22%93}\u00bb inline_fonts=\u00bbAbyssinica SIL\u00bb]<\/p>\n<h5 style=\"text-align: center;\"><span style=\"font-family: 'Abyssinica SIL'; font-weight: normal; font-size: small;\">Marso 2021<\/span><\/h5>\n<h5 style=\"text-align: center;\">Triglic\u00e9ridos elevados: vinculaci\u00f3n con ASCVD y demencia<\/h5>\n<h6 style=\"text-align: center;\"><span lang=\"EN-GB\">Prof. Jean-Charles Fruchart, Prof. Michel Hermans, Prof. Pierre Amarenco<\/span><\/h6>\n<p>Durante mucho tiempo se ha reconocido la conexi\u00f3n entre el coraz\u00f3n y el cerebro. Los estudios epidemiol\u00f3gicos muestran que un perfil adverso de factores de riesgo cardiovascular, incluida la hipercolesterolemia, la hipertensi\u00f3n, la hiperglucemia y el tabaquismo, desde mediana edad en adelante, est\u00e1n implicados en el desarrollo y la aparici\u00f3n de la declinaci\u00f3n cognitiva y la demencia 1. Por cierto, hasta un tercio de los casos globales de demencia pueden atribuirse a estos factores de riesgo modificables 2. Esto ha llevado a proponer una puntuaci\u00f3n de riesgo basada en algoritmos para identificar a las personas de alto riesgo que tienen m\u00e1s probabilidades de beneficiarse con una intervenci\u00f3n temprana ante los factores de riesgo cardiovascular m\u00e1s importantes para prevenir la demencia 3. Adem\u00e1s de esto, las afecciones cardiometab\u00f3licas tales como el s\u00edndrome metab\u00f3lico, la obesidad y la diabetes mellitus tipo 2 \u2014la otra pandemia\u2014 est\u00e1n asociadas con un aumento del riesgo de demencia. Las tres afecciones est\u00e1n asociadas com\u00fanmente con la dislipidemia aterog\u00e9nica, caracterizada por los triglic\u00e9ridos (TG) elevados y una disminuci\u00f3n del colesterol de alta densidad. El aumento de la prevalencia de la hipertrigliceridemia en la poblaci\u00f3n, adem\u00e1s de la acumulaci\u00f3n de datos que indican un rol causal de las lipoprote\u00ednas ricas en TG \u2014tipificadas por el biomarcador TG en plasma\u2014 en la enfermedad cardiovascular ateroescler\u00f3tica (ASCVD), sugiere un planteamiento convincente para investigar las asociaciones potenciales entre los TG y los diferentes tipos de demencia. Este fue el objetivo del estudio de Nordestgaard y colegas 5, que se analiza en el Enfoque de este mes.<\/p>\n<p>En s\u00edntesis, los autores utilizaron datos longitudinales de m\u00e1s de 125 000 personas inscritas en el Estudio de la Poblaci\u00f3n General de Copenhague y el Estudio del Coraz\u00f3n de la Ciudad de Copenhague para analizar esta cuesti\u00f3n. Aunque demostraron una relaci\u00f3n entre los TG m\u00e1s elevados y el riesgo de demencia sin Alzheimer o accidente cerebrovascular isqu\u00e9mico, no se observ\u00f3 una relaci\u00f3n significativa con el riesgo de enfermedad de Alzheimer. Estos resultados, no obstante, no excluyen dicha relaci\u00f3n, dado el rango de edad de los participantes de los estudios (45 a 67 a\u00f1os) y la cantidad limitada de casos de enfermedad de Alzheimer 5.<\/p>\n<p>[\/et_pb_text][\/et_pb_column][et_pb_column type=\u00bb1_2&#8243; _builder_version=\u00bb4.27.4&#8243; _module_preset=\u00bbdefault\u00bb global_colors_info=\u00bb{}\u00bb][et_pb_text _builder_version=\u00bb4.27.4&#8243; _module_preset=\u00bbdefault\u00bb text_text_color=\u00bbgcid-4907c8d4-9eff-49de-91ce-43a2d3a729cf\u00bb text_font_size=\u00bb14px\u00bb global_colors_info=\u00bb{%22gcid-primary-color%22:%91%22quote_text_color%22,%22quote_text_color%22,%22quote_text_color%22%93,%22gcid-4907c8d4-9eff-49de-91ce-43a2d3a729cf%22:%91%22text_text_color%22%93}\u00bb]<\/p>\n<p>En un editorial que acompa\u00f1a el presente texto 6, se analizan datos de un posible v\u00ednculo entre los TG y la enfermedad de Alzheimer. Otros estudios de cohortes han sugerido una asociaci\u00f3n, aunque debe reconocerse que en un estudio reciente de Corea, es m\u00e1s probable que los datos que sugieren que la hipertrigliceridemia predec\u00eda la enfermedad de Alzheimer y la demencia vascular se relacionen con la prevalencia de la hipertensi\u00f3n en la cohorte del estudio 7. Por otro lado, existen datos que indican que el amiloide \u03b2, un marcador que define la enfermedad de Alzheimer, se une en gran medida a las lipoprote\u00ednas, principalmente a las lipoprote\u00ednas ricas en TG 8,9. Los estudios con un modelo con ratones transg\u00e9nicos que sobreexpresan la prote\u00edna amiloide para la enfermedad de Alzheimer tambi\u00e9n involucran la uni\u00f3n del amiloide con lipoprote\u00ednas ricas en TG en el avance de la enfermedad (10). A\u00fan no se han resuelto los interrogantes sobre una potencial relaci\u00f3n entre las lipoprote\u00ednas ricas en TG y la enfermedad de Alzheimer.<\/p>\n<p>Debe observarse que se anticipan relaciones entre los TG levemente elevados y el riesgo de demencia sin Alzheimer y accidente cerebrovascular isqu\u00e9mico demostrados por Nordestgaard et al 5, dados los datos que confirman la existencia de lipoprote\u00ednas ricas en TG en la trayectoria causal de ASCVD 11.<\/p>\n<p>En conjunto, la pregunta resultante es: \u00bfLos TG deben ser un objetivo terap\u00e9utico para prevenir tanto la ASCVD como la demencia? Por cierto, disminuir los TG elevados a niveles deseables (&lt;1,7 mmol\/l o &lt;150 mg\/dl) es una recomendaci\u00f3n de los lineamientos para prevenir la ASCVD, de la cual el accidente cerebrovascular isqu\u00e9mico y la demencia vascular son complicaciones relacionadas. Todav\u00eda no se ha dicho la \u00faltima palabra sobre un v\u00ednculo entre los TG elevados y la enfermedad de Alzheimer. Resolver dicha incertidumbre es cr\u00edtico dado que, a nivel global, la cantidad de personas que viven con demencia se ha m\u00e1s que duplicado entre 1990 y 2019 12. La carga para las personas, los cuidadores y los proveedores de atenci\u00f3n m\u00e9dica ya es sustancial y est\u00e1 en aumento, a medida que las poblaciones envejecen. Claramente, es necesario hacer m\u00e1s para manejar los factores de riesgo conocidos, adem\u00e1s de identificar los factores de riesgo incipientes, posiblemente los TG elevados, una caracter\u00edstica de la diabetes tipo 2, las enfermedades metab\u00f3licas y la obesidad.<\/p>\n<p>[\/et_pb_text][et_pb_text _builder_version=\u00bb4.27.4&#8243; _module_preset=\u00bbdefault\u00bb text_font_size=\u00bb8px\u00bb global_colors_info=\u00bb{}\u00bb]<\/p>\n<p style=\"font-weight: 400;\"><strong>Referencias<\/strong><\/p>\n<ol>\n<li style=\"font-weight: 400;\">\u00a0Qiu C, Fratiglioni L. A major role for cardiovascular burden in age-related cognitive decline. Nat Rev Cardiol 2015;12:267\u2013277.<br \/>2. Livingston G, Sommerlad A, Orgeta V, et al. Dementia prevention, intervention, and care. Lancet 2017;390:2673-2734.<br \/>3. Rasmussen IJ, Rasmussen KL, Nordestgaard BG et al. Impact of cardiovascular risk factors and genetics on 10-year absolute risk of dementia: risk charts for targeted prevention. Eur Heart J 2020;41:4024-4033.<br \/>4. Beeri MS, Bendlin BB. The link between type 2 diabetes and dementia: from biomarkers to treatment. Lancet Diabetes Endocrinol 2020;8:736-738.<br \/>5. Nordestgaard LT, Christoffersen M, Afzal S, et al. Triglycerides as a shared risk factor between dementia and atherosclerotic cardiovascular disease: a study of 125 727 individuals. Clin Chem 2021;67:245-255.<br \/>6. Watts GF, Mamo JCL. Hypertriglyceridemia and Alzheimer Disease: opening the mind to new therapeutic opportunities. Clin Chem 2021;67:6-8.<br \/>7. Lee JY, Han K, Han E, et al. Risk of incident dementia according to metabolic health and obesity status in late life: a population-based cohort study. J Clin Endocrinol Metab 2019;104:2942\u20132952.<br \/>8. Takechi R, Galloway S, Pallebage-Gamarallage MM, Mamo JC. Chylomicron amyloid beta in the aetiology of Alzheimer\u2019s disease. Atheroscler Suppl 2008;9:19\u201325.<br \/>9. Mamo JC, Jian L, James AP, et al. Plasma lipoprotein beta-amyloid in subjects with Alzheimer\u2019s disease or mild cognitive impairment. Ann Clin Biochem 2008;45:395\u2013403.<br \/>10. Burgess BL, McIsaac SA, Naus KE, et al. Elevated plasma triglyceride levels precede amyloid deposition in Alzheimer\u2019s disease mouse models with abundant A beta in plasma. Neurobiol Dis 2006;24:114\u2013127.<br \/>11. Nordestgaard BG. Triglyceride-rich lipoproteins and atherosclerotic cardiovascular disease. New insights from epidemiology, genetics, and biology. Circ Res 2016;118:547-563.<br \/>12. GBD 2016 Dementia Collaborators. Global, regional, and national burden of Alzheimer&#8217;s disease and other dementias, 1990-2016: a systematic analysis for the Global Burden of Disease Study 2016. Lancet Neurol 2019;18:88-106.<\/li>\n<\/ol>\n<p>[\/et_pb_text][\/et_pb_column][\/et_pb_row][\/et_pb_section]<\/p>\n","protected":false},"excerpt":{"rendered":"<p>Editoriales R3iMarso 2021 Triglic\u00e9ridos elevados: vinculaci\u00f3n con ASCVD y demencia Prof. Jean-Charles Fruchart, Prof. Michel Hermans, Prof. Pierre Amarenco Durante mucho tiempo se ha reconocido la conexi\u00f3n entre el coraz\u00f3n y el cerebro. Los estudios epidemiol\u00f3gicos muestran que un perfil adverso de factores de riesgo cardiovascular, incluida la hipercolesterolemia, la hipertensi\u00f3n, la hiperglucemia y el [&hellip;]<\/p>\n","protected":false},"author":258497324,"featured_media":0,"parent":252805,"menu_order":0,"comment_status":"closed","ping_status":"closed","template":"","meta":{"_et_pb_use_builder":"on","_et_pb_old_content":"","_et_gb_content_width":"","_crdt_document":"","footnotes":""},"class_list":["post-252856","page","type-page","status-publish","hentry"],"yoast_head":"<!-- This site is optimized with the Yoast SEO plugin v27.6 - https:\/\/yoast.com\/product\/yoast-seo-wordpress\/ -->\n<title>Editorial 21\/03 - Triglic\u00e9ridos elevados: relaci\u00f3n entre ASCVD y demencia - R3I<\/title>\n<meta name=\"robots\" content=\"index, follow, max-snippet:-1, max-image-preview:large, max-video-preview:-1\" \/>\n<link rel=\"canonical\" href=\"https:\/\/r3i.org\/es\/editoriales-r3i\/editorial-21-03-trigliceridos-elevados-relacion-entre-ascvd-y-demencia\/\" \/>\n<meta property=\"og:locale\" content=\"es_ES\" \/>\n<meta property=\"og:type\" content=\"article\" \/>\n<meta property=\"og:title\" content=\"Editorial 21\/03 - Triglic\u00e9ridos elevados: relaci\u00f3n entre ASCVD y demencia - R3I\" \/>\n<meta property=\"og:description\" content=\"Editoriales R3iMarso 2021 Triglic\u00e9ridos elevados: vinculaci\u00f3n con ASCVD y demencia Prof. Jean-Charles Fruchart, Prof. Michel Hermans, Prof. Pierre Amarenco Durante mucho tiempo se ha reconocido la conexi\u00f3n entre el coraz\u00f3n y el cerebro. Los estudios epidemiol\u00f3gicos muestran que un perfil adverso de factores de riesgo cardiovascular, incluida la hipercolesterolemia, la hipertensi\u00f3n, la hiperglucemia y el [&hellip;]\" \/>\n<meta property=\"og:url\" content=\"https:\/\/r3i.org\/es\/editoriales-r3i\/editorial-21-03-trigliceridos-elevados-relacion-entre-ascvd-y-demencia\/\" \/>\n<meta property=\"og:site_name\" content=\"R3I\" \/>\n<meta property=\"article:modified_time\" content=\"2025-02-14T23:52:27+00:00\" \/>\n<meta name=\"twitter:card\" content=\"summary_large_image\" \/>\n<meta name=\"twitter:label1\" content=\"Tiempo de lectura\" \/>\n\t<meta name=\"twitter:data1\" content=\"8 minutos\" \/>\n<script type=\"application\/ld+json\" class=\"yoast-schema-graph\">{\"@context\":\"https:\\\/\\\/schema.org\",\"@graph\":[{\"@type\":\"WebPage\",\"@id\":\"https:\\\/\\\/r3i.org\\\/es\\\/editoriales-r3i\\\/editorial-21-03-trigliceridos-elevados-relacion-entre-ascvd-y-demencia\\\/\",\"url\":\"https:\\\/\\\/r3i.org\\\/es\\\/editoriales-r3i\\\/editorial-21-03-trigliceridos-elevados-relacion-entre-ascvd-y-demencia\\\/\",\"name\":\"Editorial 21\\\/03 - Triglic\u00e9ridos elevados: relaci\u00f3n entre ASCVD y demencia - R3I\",\"isPartOf\":{\"@id\":\"https:\\\/\\\/r3i.org\\\/es\\\/#website\"},\"datePublished\":\"2024-12-30T17:40:16+00:00\",\"dateModified\":\"2025-02-14T23:52:27+00:00\",\"breadcrumb\":{\"@id\":\"https:\\\/\\\/r3i.org\\\/es\\\/editoriales-r3i\\\/editorial-21-03-trigliceridos-elevados-relacion-entre-ascvd-y-demencia\\\/#breadcrumb\"},\"inLanguage\":\"es\",\"potentialAction\":[{\"@type\":\"ReadAction\",\"target\":[\"https:\\\/\\\/r3i.org\\\/es\\\/editoriales-r3i\\\/editorial-21-03-trigliceridos-elevados-relacion-entre-ascvd-y-demencia\\\/\"]}]},{\"@type\":\"BreadcrumbList\",\"@id\":\"https:\\\/\\\/r3i.org\\\/es\\\/editoriales-r3i\\\/editorial-21-03-trigliceridos-elevados-relacion-entre-ascvd-y-demencia\\\/#breadcrumb\",\"itemListElement\":[{\"@type\":\"ListItem\",\"position\":1,\"name\":\"Home\",\"item\":\"https:\\\/\\\/r3i.org\\\/es\\\/\"},{\"@type\":\"ListItem\",\"position\":2,\"name\":\"Editoriales R3i\",\"item\":\"https:\\\/\\\/r3i.org\\\/es\\\/editoriales-r3i\\\/\"},{\"@type\":\"ListItem\",\"position\":3,\"name\":\"Editorial 21\\\/03 &#8211; Triglic\u00e9ridos elevados: relaci\u00f3n entre ASCVD y demencia\"}]},{\"@type\":\"WebSite\",\"@id\":\"https:\\\/\\\/r3i.org\\\/es\\\/#website\",\"url\":\"https:\\\/\\\/r3i.org\\\/es\\\/\",\"name\":\"R3I\",\"description\":\"Residual Risk Reduction Initiative\",\"publisher\":{\"@id\":\"https:\\\/\\\/r3i.org\\\/es\\\/#organization\"},\"potentialAction\":[{\"@type\":\"SearchAction\",\"target\":{\"@type\":\"EntryPoint\",\"urlTemplate\":\"https:\\\/\\\/r3i.org\\\/es\\\/?s={search_term_string}\"},\"query-input\":{\"@type\":\"PropertyValueSpecification\",\"valueRequired\":true,\"valueName\":\"search_term_string\"}}],\"inLanguage\":\"es\"},{\"@type\":\"Organization\",\"@id\":\"https:\\\/\\\/r3i.org\\\/es\\\/#organization\",\"name\":\"R3I\",\"url\":\"https:\\\/\\\/r3i.org\\\/es\\\/\",\"logo\":{\"@type\":\"ImageObject\",\"inLanguage\":\"es\",\"@id\":\"https:\\\/\\\/r3i.org\\\/es\\\/#\\\/schema\\\/logo\\\/image\\\/\",\"url\":\"https:\\\/\\\/i0.wp.com\\\/r3i.org\\\/wp-content\\\/uploads\\\/2024\\\/11\\\/r3i-logo-transp-1.png?fit=1601%2C834&ssl=1\",\"contentUrl\":\"https:\\\/\\\/i0.wp.com\\\/r3i.org\\\/wp-content\\\/uploads\\\/2024\\\/11\\\/r3i-logo-transp-1.png?fit=1601%2C834&ssl=1\",\"width\":1601,\"height\":834,\"caption\":\"R3I\"},\"image\":{\"@id\":\"https:\\\/\\\/r3i.org\\\/es\\\/#\\\/schema\\\/logo\\\/image\\\/\"}}]}<\/script>\n<!-- \/ Yoast SEO plugin. -->","yoast_head_json":{"title":"Editorial 21\/03 - Triglic\u00e9ridos elevados: relaci\u00f3n entre ASCVD y demencia - R3I","robots":{"index":"index","follow":"follow","max-snippet":"max-snippet:-1","max-image-preview":"max-image-preview:large","max-video-preview":"max-video-preview:-1"},"canonical":"https:\/\/r3i.org\/es\/editoriales-r3i\/editorial-21-03-trigliceridos-elevados-relacion-entre-ascvd-y-demencia\/","og_locale":"es_ES","og_type":"article","og_title":"Editorial 21\/03 - Triglic\u00e9ridos elevados: relaci\u00f3n entre ASCVD y demencia - R3I","og_description":"Editoriales R3iMarso 2021 Triglic\u00e9ridos elevados: vinculaci\u00f3n con ASCVD y demencia Prof. Jean-Charles Fruchart, Prof. Michel Hermans, Prof. Pierre Amarenco Durante mucho tiempo se ha reconocido la conexi\u00f3n entre el coraz\u00f3n y el cerebro. Los estudios epidemiol\u00f3gicos muestran que un perfil adverso de factores de riesgo cardiovascular, incluida la hipercolesterolemia, la hipertensi\u00f3n, la hiperglucemia y el [&hellip;]","og_url":"https:\/\/r3i.org\/es\/editoriales-r3i\/editorial-21-03-trigliceridos-elevados-relacion-entre-ascvd-y-demencia\/","og_site_name":"R3I","article_modified_time":"2025-02-14T23:52:27+00:00","twitter_card":"summary_large_image","twitter_misc":{"Tiempo de lectura":"8 minutos"},"schema":{"@context":"https:\/\/schema.org","@graph":[{"@type":"WebPage","@id":"https:\/\/r3i.org\/es\/editoriales-r3i\/editorial-21-03-trigliceridos-elevados-relacion-entre-ascvd-y-demencia\/","url":"https:\/\/r3i.org\/es\/editoriales-r3i\/editorial-21-03-trigliceridos-elevados-relacion-entre-ascvd-y-demencia\/","name":"Editorial 21\/03 - Triglic\u00e9ridos elevados: relaci\u00f3n entre ASCVD y demencia - R3I","isPartOf":{"@id":"https:\/\/r3i.org\/es\/#website"},"datePublished":"2024-12-30T17:40:16+00:00","dateModified":"2025-02-14T23:52:27+00:00","breadcrumb":{"@id":"https:\/\/r3i.org\/es\/editoriales-r3i\/editorial-21-03-trigliceridos-elevados-relacion-entre-ascvd-y-demencia\/#breadcrumb"},"inLanguage":"es","potentialAction":[{"@type":"ReadAction","target":["https:\/\/r3i.org\/es\/editoriales-r3i\/editorial-21-03-trigliceridos-elevados-relacion-entre-ascvd-y-demencia\/"]}]},{"@type":"BreadcrumbList","@id":"https:\/\/r3i.org\/es\/editoriales-r3i\/editorial-21-03-trigliceridos-elevados-relacion-entre-ascvd-y-demencia\/#breadcrumb","itemListElement":[{"@type":"ListItem","position":1,"name":"Home","item":"https:\/\/r3i.org\/es\/"},{"@type":"ListItem","position":2,"name":"Editoriales R3i","item":"https:\/\/r3i.org\/es\/editoriales-r3i\/"},{"@type":"ListItem","position":3,"name":"Editorial 21\/03 &#8211; Triglic\u00e9ridos elevados: relaci\u00f3n entre ASCVD y demencia"}]},{"@type":"WebSite","@id":"https:\/\/r3i.org\/es\/#website","url":"https:\/\/r3i.org\/es\/","name":"R3I","description":"Residual Risk Reduction Initiative","publisher":{"@id":"https:\/\/r3i.org\/es\/#organization"},"potentialAction":[{"@type":"SearchAction","target":{"@type":"EntryPoint","urlTemplate":"https:\/\/r3i.org\/es\/?s={search_term_string}"},"query-input":{"@type":"PropertyValueSpecification","valueRequired":true,"valueName":"search_term_string"}}],"inLanguage":"es"},{"@type":"Organization","@id":"https:\/\/r3i.org\/es\/#organization","name":"R3I","url":"https:\/\/r3i.org\/es\/","logo":{"@type":"ImageObject","inLanguage":"es","@id":"https:\/\/r3i.org\/es\/#\/schema\/logo\/image\/","url":"https:\/\/i0.wp.com\/r3i.org\/wp-content\/uploads\/2024\/11\/r3i-logo-transp-1.png?fit=1601%2C834&ssl=1","contentUrl":"https:\/\/i0.wp.com\/r3i.org\/wp-content\/uploads\/2024\/11\/r3i-logo-transp-1.png?fit=1601%2C834&ssl=1","width":1601,"height":834,"caption":"R3I"},"image":{"@id":"https:\/\/r3i.org\/es\/#\/schema\/logo\/image\/"}}]}},"jetpack_likes_enabled":true,"jetpack_sharing_enabled":true,"jetpack_shortlink":"https:\/\/wp.me\/Pgbfv2-13Mk","jetpack-related-posts":[],"_links":{"self":[{"href":"https:\/\/r3i.org\/es\/wp-json\/wp\/v2\/pages\/252856","targetHints":{"allow":["GET"]}}],"collection":[{"href":"https:\/\/r3i.org\/es\/wp-json\/wp\/v2\/pages"}],"about":[{"href":"https:\/\/r3i.org\/es\/wp-json\/wp\/v2\/types\/page"}],"author":[{"embeddable":true,"href":"https:\/\/r3i.org\/es\/wp-json\/wp\/v2\/users\/258497324"}],"replies":[{"embeddable":true,"href":"https:\/\/r3i.org\/es\/wp-json\/wp\/v2\/comments?post=252856"}],"version-history":[{"count":3,"href":"https:\/\/r3i.org\/es\/wp-json\/wp\/v2\/pages\/252856\/revisions"}],"predecessor-version":[{"id":253499,"href":"https:\/\/r3i.org\/es\/wp-json\/wp\/v2\/pages\/252856\/revisions\/253499"}],"up":[{"embeddable":true,"href":"https:\/\/r3i.org\/es\/wp-json\/wp\/v2\/pages\/252805"}],"wp:attachment":[{"href":"https:\/\/r3i.org\/es\/wp-json\/wp\/v2\/media?parent=252856"}],"curies":[{"name":"wp","href":"https:\/\/api.w.org\/{rel}","templated":true}]}}