{"id":252846,"date":"2025-01-03T22:23:46","date_gmt":"2025-01-03T21:23:46","guid":{"rendered":"https:\/\/r3i.org\/editoriales-r3i\/editorial-16-03-encontrara-el-riesgo-cardiovascular-residual-su-nemesis-en-2016\/"},"modified":"2025-02-05T22:24:37","modified_gmt":"2025-02-05T21:24:37","slug":"editorial-16-03-encontrara-el-riesgo-cardiovascular-residual-su-nemesis-en-2016","status":"publish","type":"page","link":"https:\/\/r3i.org\/es\/editoriales-r3i\/editorial-16-03-encontrara-el-riesgo-cardiovascular-residual-su-nemesis-en-2016\/","title":{"rendered":"Editorial 16\/03 &#8211; \u00bfEncontrar\u00e1 el riesgo cardiovascular residual su n\u00e9mesis en 2016?"},"content":{"rendered":"<p>[et_pb_section fb_built=\u00bb1&#8243; admin_label=\u00bbHeader\u00bb _builder_version=\u00bb4.27.4&#8243; _module_preset=\u00bb35f37621-1062-4ae6-955d-76a3167a2aa8&#8243; background_image=\u00bbhttps:\/\/r3i.org\/wp-content\/uploads\/2024\/12\/pexels-pixabay-267582.jpg\u00bb parallax=\u00bbon\u00bb min_height=\u00bb157.9px\u00bb min_height_tablet=\u00bb100px\u00bb min_height_phone=\u00bb100px\u00bb min_height_last_edited=\u00bbon|phone\u00bb height=\u00bb116px\u00bb height_tablet=\u00bb153px\u00bb height_phone=\u00bb130px\u00bb height_last_edited=\u00bbon|phone\u00bb custom_margin_tablet=\u00bb\u00bb custom_margin_phone=\u00bb-17px||||false|false\u00bb custom_margin_last_edited=\u00bbon|phone\u00bb custom_padding=\u00bb0vw||0vw||true|false\u00bb collapsed=\u00bbon\u00bb global_colors_info=\u00bb{%22gcid-primary-color%22:%91%22quote_text_color%22,%22background_color_gradient_stops%22%93}\u00bb][et_pb_row _builder_version=\u00bb4.27.4&#8243; _module_preset=\u00bbdefault\u00bb global_colors_info=\u00bb{}\u00bb][et_pb_column type=\u00bb4_4&#8243; _builder_version=\u00bb4.27.0&#8243; _module_preset=\u00bbdefault\u00bb global_colors_info=\u00bb{}\u00bb][et_pb_text _builder_version=\u00bb4.27.4&#8243; _module_preset=\u00bbdefault\u00bb text_text_color=\u00bb#FFFFFF\u00bb header_2_text_color=\u00bb#FFFFFF\u00bb custom_padding=\u00bb1px|||||\u00bb global_colors_info=\u00bb{}\u00bb]<\/p>\n<h2>Editoriales R3i<\/h2>\n<p>[\/et_pb_text][\/et_pb_column][\/et_pb_row][\/et_pb_section][et_pb_section fb_built=\u00bb1&#8243; _builder_version=\u00bb4.27.3&#8243; _module_preset=\u00bbdefault\u00bb custom_margin=\u00bb-49px|||||\u00bb custom_padding=\u00bb2px||40px|||\u00bb global_colors_info=\u00bb{}\u00bb][et_pb_row column_structure=\u00bb1_2,1_2&#8243; _builder_version=\u00bb4.27.4&#8243; _module_preset=\u00bbdefault\u00bb border_radii=\u00bboff|13px|13px|13px|13px\u00bb border_width_all=\u00bb4px\u00bb border_color_all=\u00bbgcid-b673dc17-1b2a-464e-affa-1bf1ab41c0fd\u00bb border_width_all_tablet=\u00bb4px\u00bb border_width_all_phone=\u00bb0px\u00bb border_width_all_last_edited=\u00bbon|phone\u00bb border_color_all_tablet=\u00bbgcid-b673dc17-1b2a-464e-affa-1bf1ab41c0fd\u00bb border_color_all_phone=\u00bbgcid-b673dc17-1b2a-464e-affa-1bf1ab41c0fd\u00bb border_color_all_last_edited=\u00bbon|phone\u00bb box_shadow_style=\u00bbpreset2&#8243; global_colors_info=\u00bb{%22gcid-b673dc17-1b2a-464e-affa-1bf1ab41c0fd%22:%91%22border_color_all%22%93}\u00bb][et_pb_column type=\u00bb1_2&#8243; _builder_version=\u00bb4.27.4&#8243; _module_preset=\u00bbdefault\u00bb global_colors_info=\u00bb{}\u00bb][et_pb_text _builder_version=\u00bb4.27.4&#8243; _module_preset=\u00bbdefault\u00bb text_font_size=\u00bb14px\u00bb header_5_text_color=\u00bbgcid-4907c8d4-9eff-49de-91ce-43a2d3a729cf\u00bb header_6_text_color=\u00bbgcid-secondary-color\u00bb hover_enabled=\u00bb0&#8243; global_colors_info=\u00bb{%22gcid-primary-color%22:%91%22quote_text_color%22,%22quote_text_color%22,%22quote_text_color%22%93,%22gcid-4907c8d4-9eff-49de-91ce-43a2d3a729cf%22:%91%22header_5_text_color%22%93,%22gcid-secondary-color%22:%91%22header_6_text_color%22%93}\u00bb sticky_enabled=\u00bb0&#8243;]<\/p>\n<h5 style=\"text-align: center;\"><span>\u00bfEncontrar\u00e1 el riesgo cardiovascular residual a su n\u00e9mesis en 2016?<\/span><\/h5>\n<h6 style=\"text-align: center;\"><span lang=\"EN-GB\">Prof. Michel Hermans, Prof. Pierre Amarenco<\/span><\/h6>\n<p><span>Reducir el colesterol de lipoprote\u00ednas de baja densidad (LDL) es indiscutiblemente la piedra angular del tratamiento de la dislipidemia para la prevenci\u00f3n de las enfermedades cardiovasculares. Sin embargo, tambi\u00e9n es evidente que alcanzar el objetivo de colesterol LDL no elimina el riesgo de un acontecimiento cardiovascular y que hay otros factores importantes que contribuyen al riesgo cardiovascular residual. Entre ellos, es clave la elevaci\u00f3n de las lipoprote\u00ednas ricas en triglic\u00e9ridos y sus restos, de los que los triglic\u00e9ridos plasm\u00e1ticos son un marcador. La Iniciativa para la Reducci\u00f3n del Riesgo Residual (R3i) ha defendido sistem\u00e1ticamente que las lipoprote\u00ednas ricas en triglic\u00e9ridos elevadas, generalmente asociadas a la dislipidemia aterog\u00e9nica, contribuyen de forma importante al riesgo cardiovascular relacionado con los l\u00edpidos.     <\/span><sup>1,2<\/sup><span>. La acumulaci\u00f3n de pruebas epidemiol\u00f3gicas y gen\u00e9ticas que apoyan el aumento de los triglic\u00e9ridos, el colesterol remanente o las lipoprote\u00ednas ricas en triglic\u00e9ridos como causa adicional de enfermedad cardiovascular ha impulsado un renovado inter\u00e9s por esta dislipidemia   <\/span><sup>3,4<\/sup><span>. Adem\u00e1s, en el Focus de este mes nos llegan noticias de un grupo de colaboradores daneses de que el colesterol remanente (generalmente calculado como colesterol total menos colesterol de lipoprote\u00ednas de no alta densidad menos colesterol LDL) est\u00e1 asociado a un mayor riesgo de muerte por todas las causas, el resultado cl\u00ednico \u00abduro\u00bb definitivo, en sujetos con cardiopat\u00eda isqu\u00e9mica.   <\/span><sup>5<\/sup><span>. En cambio, no hubo asociaci\u00f3n entre el colesterol LDL elevado y la muerte por todas las causas. El an\u00e1lisis de la poblaci\u00f3n indic\u00f3 que el colesterol remanente elevado explicaba hasta el 18% del riesgo residual de mortalidad en estos pacientes, lo que proporciona una justificaci\u00f3n clara de terapias eficaces dirigidas a esta dislipidemia.  <\/span><\/p>\n<p><span>Y aqu\u00ed est\u00e1 el escollo para los cl\u00ednicos. Aunque las pruebas mecanicistas, gen\u00e9ticas y epidemiol\u00f3gicas apoyan la inclusi\u00f3n del colesterol remanente y las lipoprote\u00ednas ricas en triglic\u00e9ridos como objetivo potencial, faltan pruebas definitivas de los beneficios de los principales estudios de resultados, que hasta ahora dependen en general de los an\u00e1lisis post hoc de los principales ensayos con fibratos.  Es evidente que se necesitan nuevos enfoques.<\/span><\/p>\n<p>[\/et_pb_text][\/et_pb_column][et_pb_column type=\u00bb1_2&#8243; _builder_version=\u00bb4.27.4&#8243; _module_preset=\u00bbdefault\u00bb global_colors_info=\u00bb{}\u00bb][et_pb_text _builder_version=\u00bb4.27.4&#8243; _module_preset=\u00bbdefault\u00bb text_text_color=\u00bbgcid-4907c8d4-9eff-49de-91ce-43a2d3a729cf\u00bb text_font_size=\u00bb14px\u00bb hover_enabled=\u00bb0&#8243; global_colors_info=\u00bb{%22gcid-primary-color%22:%91%22quote_text_color%22,%22quote_text_color%22,%22quote_text_color%22%93,%22gcid-4907c8d4-9eff-49de-91ce-43a2d3a729cf%22:%91%22text_text_color%22%93}\u00bb sticky_enabled=\u00bb0&#8243;]<\/p>\n<p><span>Hay esperanza en el horizonte. Un enfoque consiste en dirigirse a la apolipoprote\u00edna (apo) CIII, dado su papel cr\u00edtico en la regulaci\u00f3n del aclaramiento de las lipoprote\u00ednas ricas en triglic\u00e9ridos   <\/span><sup>6<\/sup><span>. En ensayos de fase II en pacientes con triglic\u00e9ridos elevados, el volanesorsen, un oligonucle\u00f3tido antisentido de segunda generaci\u00f3n dirigido al ARN mensajero, redujo potentemente los niveles de triglic\u00e9ridos en aproximadamente un 80%, como monoterapia o como tratamiento complementario de un fibrato.   <\/span><sup>7<\/sup><span>. La reducci\u00f3n de apoCIII fue comparable en las lipoprote\u00ednas apoB-100, lipoprote\u00edna(a) y apoA-I   <\/span><sup>8<\/sup><span>lo que sugiere una actividad en todo el espectro de lipoprote\u00ednas que contienen apoCIII. Los moduladores selectivos del receptor alfa activado por el proliferador de peroxisomas (agentes SPPARM?) son otra estrategia, en desarrollo m\u00e1s avanzado. Recientemente se ha anunciado un importante estudio de resultados con el primero de estos agentes, el pemfibrato (K-877), en el ensayo Pemafibrate to Reduce cardiovascular OutcoMes by reducing triglycerides IN diabetic patiENTs (PROMINENT) en unos 10.000 pacientes con diabetes tipo 2 de alto riesgo cardiovascular con triglic\u00e9ridos elevados y colesterol HDL bajo.    <\/span><sup>9<\/sup><span>. Se asignar\u00e1 aleatoriamente a los pacientes al tratamiento con pemfibrato o placebo, en un contexto de tratamiento agresivo y est\u00e1ndar de los factores de riesgo cardiovascular, incluido el tratamiento con estatinas de alta intensidad. Sin embargo, a\u00fan faltan a\u00f1os para conocer los resultados.  <\/span><\/p>\n<p><span>En 2016 sabremos si alcanzar niveles muy bajos de colesterol LDL, m\u00e1s all\u00e1 de los objetivos actuales, con el tratamiento con anticuerpos monoclonales PCSK9, reduce significativamente el riesgo cardiovascular residual cuando se revelen los resultados de FOURIER, el estudio de resultados con evolocumab. La cuesti\u00f3n, por tanto, ser\u00e1 c\u00f3mo abordar mejor el riesgo cardiovascular residual en un contexto de reducci\u00f3n intensiva del colesterol LDL. \u00bfSer\u00e1 la respuesta centrarse en las lipoprote\u00ednas ricas en triglic\u00e9ridos y el colesterol remanente, o habr\u00e1 que tener en cuenta tambi\u00e9n otros factores no lip\u00eddicos que contribuyen a este riesgo? Hasta que no dispongamos de pruebas procedentes de grandes estudios de resultados que aborden esta dislipidemia, este debate continuar\u00e1 incesantemente.   <\/span><\/p>\n<p>[\/et_pb_text][et_pb_text _builder_version=\u00bb4.27.4&#8243; _module_preset=\u00bbdefault\u00bb text_font_size=\u00bb8px\u00bb hover_enabled=\u00bb0&#8243; global_colors_info=\u00bb{}\u00bb sticky_enabled=\u00bb0&#8243;]<\/p>\n<p style=\"font-weight: 400;\"><strong>Referencias<\/strong><\/p>\n<ol>\n<li style=\"font-weight: 400;\"><span>Fruchart JC, Davignon J, Hermans MP et al. Riesgo macrovascular residual en 2013: \u00bfqu\u00e9 hemos aprendido? Cardiovasc Diabetol 2014;13:26.  <\/span><br \/><span class=\"ref ref2\">2.<\/span><span>  Fruchart JC, Sacks F, Hermans MP et al. La Iniciativa de Reducci\u00f3n del Riesgo Residual: una llamada a la acci\u00f3n para reducir el riesgo vascular residual en pacientes con dislipidemia. Am J Cardiol 2008;102(10 Suppl):1K-34K.  <\/span><br \/><span class=\"ref ref3\">3.<\/span><span>  Varbo A, Nordestgaard BG. Colesterol remanente y cardiopat\u00eda isqu\u00e9mica. Curr Opin Lipidol 2014;25:266-73.  <\/span><br \/><span class=\"ref ref4\">4.<\/span><span>  Nordestgaard BG, Varbo A. Triglic\u00e9ridos y enfermedad cardiovascular. Lancet 2014;384:626-35. <\/span><br \/><span class=\"ref ref5\">5.<\/span><span>  Jepsen A-MK, Langsted A, Varbo A, Bang LE, Kamstrup PR, Nordestgaard BG. El aumento del colesterol remanente explica parte del riesgo residual de mortalidad por todas las causas en 5414 pacientes con cardiopat\u00eda isqu\u00e9mica. Clin Chem 2016 [Epub ahead of print].  <\/span><br \/><span class=\"ref ref6\">6.<\/span><span>  Norata GD, Tsimikas S, Pirillo A, Catapano AL. Apolipoprote\u00edna C-III: de la fisiopatolog\u00eda a la farmacolog\u00eda. Trends Pharmacol Sci 2015;36: 675-87.  <\/span><br \/><span class=\"ref ref7\">7.<\/span><span>  Gaudet D, Alexander VJ, Baker BF et al. Inhibici\u00f3n antisentido de la apolipoprote\u00edna C-III en pacientes con hipertrigliceridemia. N Engl J Med 2015;373: 438-47.  <\/span><br \/><span class=\"ref ref8\">8.<\/span><span>  Yang X, Lee SR2, Choi YS et al. Reducci\u00f3n de los niveles de apoC-III asociada a lipoprote\u00ednas tras el tratamiento con volanesorsen: Resultados de un ensayo aleatorizado de fase 2. J Lipid Res 2016. pii: jlr.M066399. [Epub ahead of print].   <\/span><br \/><span class=\"ref ref9\">9.<\/span><span>  Un ensayo hist\u00f3rico titulado \u00abPROMINENT\u00bb explorar\u00e1 la prevenci\u00f3n de la cardiopat\u00eda en pacientes diab\u00e9ticos con triglic\u00e9ridos altos y HDL-C bajo. <a href=\"http:\/\/www.bizjournals.com\/prnewswire\/press_releases\/2016\/01\/12\/CL94522\" rel=\"nofollow\">http:\/\/www.bizjournals.com\/prnewswire\/press_releases\/2016\/01\/12\/CL94522<\/a> <\/span><\/li>\n<\/ol>\n<p>[\/et_pb_text][\/et_pb_column][\/et_pb_row][\/et_pb_section]<\/p>\n","protected":false},"excerpt":{"rendered":"<p>Editoriales R3i\u00bfEncontrar\u00e1 el riesgo cardiovascular residual a su n\u00e9mesis en 2016? Prof. Michel Hermans, Prof. Pierre Amarenco Reducir el colesterol de lipoprote\u00ednas de baja densidad (LDL) es indiscutiblemente la piedra angular del tratamiento de la dislipidemia para la prevenci\u00f3n de las enfermedades cardiovasculares. Sin embargo, tambi\u00e9n es evidente que alcanzar el objetivo de colesterol LDL [&hellip;]<\/p>\n","protected":false},"author":258497324,"featured_media":0,"parent":252805,"menu_order":0,"comment_status":"closed","ping_status":"closed","template":"","meta":{"_et_pb_use_builder":"on","_et_pb_old_content":"","_et_gb_content_width":"","_crdt_document":"","jetpack_post_was_ever_published":false,"footnotes":""},"class_list":["post-252846","page","type-page","status-publish","hentry"],"yoast_head":"<!-- This site is optimized with the Yoast SEO plugin v27.3 - https:\/\/yoast.com\/product\/yoast-seo-wordpress\/ -->\n<title>Editorial 16\/03 - \u00bfEncontrar\u00e1 el riesgo cardiovascular residual su n\u00e9mesis en 2016? - R3I<\/title>\n<meta name=\"robots\" content=\"index, follow, max-snippet:-1, max-image-preview:large, max-video-preview:-1\" \/>\n<link rel=\"canonical\" href=\"https:\/\/r3i.org\/es\/editoriales-r3i\/editorial-16-03-encontrara-el-riesgo-cardiovascular-residual-su-nemesis-en-2016\/\" \/>\n<meta property=\"og:locale\" content=\"es_ES\" \/>\n<meta property=\"og:type\" content=\"article\" \/>\n<meta property=\"og:title\" content=\"Editorial 16\/03 - \u00bfEncontrar\u00e1 el riesgo cardiovascular residual su n\u00e9mesis en 2016? - R3I\" \/>\n<meta property=\"og:description\" content=\"Editoriales R3i\u00bfEncontrar\u00e1 el riesgo cardiovascular residual a su n\u00e9mesis en 2016? Prof. Michel Hermans, Prof. Pierre Amarenco Reducir el colesterol de lipoprote\u00ednas de baja densidad (LDL) es indiscutiblemente la piedra angular del tratamiento de la dislipidemia para la prevenci\u00f3n de las enfermedades cardiovasculares. Sin embargo, tambi\u00e9n es evidente que alcanzar el objetivo de colesterol LDL [&hellip;]\" \/>\n<meta property=\"og:url\" content=\"https:\/\/r3i.org\/es\/editoriales-r3i\/editorial-16-03-encontrara-el-riesgo-cardiovascular-residual-su-nemesis-en-2016\/\" \/>\n<meta property=\"og:site_name\" content=\"R3I\" \/>\n<meta property=\"article:modified_time\" content=\"2025-02-05T21:24:37+00:00\" \/>\n<meta name=\"twitter:card\" content=\"summary_large_image\" \/>\n<meta name=\"twitter:label1\" content=\"Tiempo de lectura\" \/>\n\t<meta name=\"twitter:data1\" content=\"7 minutos\" \/>\n<script type=\"application\/ld+json\" class=\"yoast-schema-graph\">{\"@context\":\"https:\\\/\\\/schema.org\",\"@graph\":[{\"@type\":\"WebPage\",\"@id\":\"https:\\\/\\\/r3i.org\\\/es\\\/editoriales-r3i\\\/editorial-16-03-encontrara-el-riesgo-cardiovascular-residual-su-nemesis-en-2016\\\/\",\"url\":\"https:\\\/\\\/r3i.org\\\/es\\\/editoriales-r3i\\\/editorial-16-03-encontrara-el-riesgo-cardiovascular-residual-su-nemesis-en-2016\\\/\",\"name\":\"Editorial 16\\\/03 - \u00bfEncontrar\u00e1 el riesgo cardiovascular residual su n\u00e9mesis en 2016? - R3I\",\"isPartOf\":{\"@id\":\"https:\\\/\\\/r3i.org\\\/es\\\/#website\"},\"datePublished\":\"2025-01-03T21:23:46+00:00\",\"dateModified\":\"2025-02-05T21:24:37+00:00\",\"breadcrumb\":{\"@id\":\"https:\\\/\\\/r3i.org\\\/es\\\/editoriales-r3i\\\/editorial-16-03-encontrara-el-riesgo-cardiovascular-residual-su-nemesis-en-2016\\\/#breadcrumb\"},\"inLanguage\":\"es\",\"potentialAction\":[{\"@type\":\"ReadAction\",\"target\":[\"https:\\\/\\\/r3i.org\\\/es\\\/editoriales-r3i\\\/editorial-16-03-encontrara-el-riesgo-cardiovascular-residual-su-nemesis-en-2016\\\/\"]}]},{\"@type\":\"BreadcrumbList\",\"@id\":\"https:\\\/\\\/r3i.org\\\/es\\\/editoriales-r3i\\\/editorial-16-03-encontrara-el-riesgo-cardiovascular-residual-su-nemesis-en-2016\\\/#breadcrumb\",\"itemListElement\":[{\"@type\":\"ListItem\",\"position\":1,\"name\":\"Home\",\"item\":\"https:\\\/\\\/r3i.org\\\/es\\\/\"},{\"@type\":\"ListItem\",\"position\":2,\"name\":\"Editoriales R3i\",\"item\":\"https:\\\/\\\/r3i.org\\\/es\\\/editoriales-r3i\\\/\"},{\"@type\":\"ListItem\",\"position\":3,\"name\":\"Editorial 16\\\/03 &#8211; \u00bfEncontrar\u00e1 el riesgo cardiovascular residual su n\u00e9mesis en 2016?\"}]},{\"@type\":\"WebSite\",\"@id\":\"https:\\\/\\\/r3i.org\\\/es\\\/#website\",\"url\":\"https:\\\/\\\/r3i.org\\\/es\\\/\",\"name\":\"R3I\",\"description\":\"Residual Risk Reduction Initiative\",\"publisher\":{\"@id\":\"https:\\\/\\\/r3i.org\\\/es\\\/#organization\"},\"potentialAction\":[{\"@type\":\"SearchAction\",\"target\":{\"@type\":\"EntryPoint\",\"urlTemplate\":\"https:\\\/\\\/r3i.org\\\/es\\\/?s={search_term_string}\"},\"query-input\":{\"@type\":\"PropertyValueSpecification\",\"valueRequired\":true,\"valueName\":\"search_term_string\"}}],\"inLanguage\":\"es\"},{\"@type\":\"Organization\",\"@id\":\"https:\\\/\\\/r3i.org\\\/es\\\/#organization\",\"name\":\"R3I\",\"url\":\"https:\\\/\\\/r3i.org\\\/es\\\/\",\"logo\":{\"@type\":\"ImageObject\",\"inLanguage\":\"es\",\"@id\":\"https:\\\/\\\/r3i.org\\\/es\\\/#\\\/schema\\\/logo\\\/image\\\/\",\"url\":\"https:\\\/\\\/i0.wp.com\\\/r3i.org\\\/wp-content\\\/uploads\\\/2024\\\/11\\\/r3i-logo-transp-1.png?fit=1601%2C834&ssl=1\",\"contentUrl\":\"https:\\\/\\\/i0.wp.com\\\/r3i.org\\\/wp-content\\\/uploads\\\/2024\\\/11\\\/r3i-logo-transp-1.png?fit=1601%2C834&ssl=1\",\"width\":1601,\"height\":834,\"caption\":\"R3I\"},\"image\":{\"@id\":\"https:\\\/\\\/r3i.org\\\/es\\\/#\\\/schema\\\/logo\\\/image\\\/\"}}]}<\/script>\n<!-- \/ Yoast SEO plugin. -->","yoast_head_json":{"title":"Editorial 16\/03 - \u00bfEncontrar\u00e1 el riesgo cardiovascular residual su n\u00e9mesis en 2016? - R3I","robots":{"index":"index","follow":"follow","max-snippet":"max-snippet:-1","max-image-preview":"max-image-preview:large","max-video-preview":"max-video-preview:-1"},"canonical":"https:\/\/r3i.org\/es\/editoriales-r3i\/editorial-16-03-encontrara-el-riesgo-cardiovascular-residual-su-nemesis-en-2016\/","og_locale":"es_ES","og_type":"article","og_title":"Editorial 16\/03 - \u00bfEncontrar\u00e1 el riesgo cardiovascular residual su n\u00e9mesis en 2016? - R3I","og_description":"Editoriales R3i\u00bfEncontrar\u00e1 el riesgo cardiovascular residual a su n\u00e9mesis en 2016? Prof. Michel Hermans, Prof. Pierre Amarenco Reducir el colesterol de lipoprote\u00ednas de baja densidad (LDL) es indiscutiblemente la piedra angular del tratamiento de la dislipidemia para la prevenci\u00f3n de las enfermedades cardiovasculares. Sin embargo, tambi\u00e9n es evidente que alcanzar el objetivo de colesterol LDL [&hellip;]","og_url":"https:\/\/r3i.org\/es\/editoriales-r3i\/editorial-16-03-encontrara-el-riesgo-cardiovascular-residual-su-nemesis-en-2016\/","og_site_name":"R3I","article_modified_time":"2025-02-05T21:24:37+00:00","twitter_card":"summary_large_image","twitter_misc":{"Tiempo de lectura":"7 minutos"},"schema":{"@context":"https:\/\/schema.org","@graph":[{"@type":"WebPage","@id":"https:\/\/r3i.org\/es\/editoriales-r3i\/editorial-16-03-encontrara-el-riesgo-cardiovascular-residual-su-nemesis-en-2016\/","url":"https:\/\/r3i.org\/es\/editoriales-r3i\/editorial-16-03-encontrara-el-riesgo-cardiovascular-residual-su-nemesis-en-2016\/","name":"Editorial 16\/03 - \u00bfEncontrar\u00e1 el riesgo cardiovascular residual su n\u00e9mesis en 2016? - R3I","isPartOf":{"@id":"https:\/\/r3i.org\/es\/#website"},"datePublished":"2025-01-03T21:23:46+00:00","dateModified":"2025-02-05T21:24:37+00:00","breadcrumb":{"@id":"https:\/\/r3i.org\/es\/editoriales-r3i\/editorial-16-03-encontrara-el-riesgo-cardiovascular-residual-su-nemesis-en-2016\/#breadcrumb"},"inLanguage":"es","potentialAction":[{"@type":"ReadAction","target":["https:\/\/r3i.org\/es\/editoriales-r3i\/editorial-16-03-encontrara-el-riesgo-cardiovascular-residual-su-nemesis-en-2016\/"]}]},{"@type":"BreadcrumbList","@id":"https:\/\/r3i.org\/es\/editoriales-r3i\/editorial-16-03-encontrara-el-riesgo-cardiovascular-residual-su-nemesis-en-2016\/#breadcrumb","itemListElement":[{"@type":"ListItem","position":1,"name":"Home","item":"https:\/\/r3i.org\/es\/"},{"@type":"ListItem","position":2,"name":"Editoriales R3i","item":"https:\/\/r3i.org\/es\/editoriales-r3i\/"},{"@type":"ListItem","position":3,"name":"Editorial 16\/03 &#8211; \u00bfEncontrar\u00e1 el riesgo cardiovascular residual su n\u00e9mesis en 2016?"}]},{"@type":"WebSite","@id":"https:\/\/r3i.org\/es\/#website","url":"https:\/\/r3i.org\/es\/","name":"R3I","description":"Residual Risk Reduction Initiative","publisher":{"@id":"https:\/\/r3i.org\/es\/#organization"},"potentialAction":[{"@type":"SearchAction","target":{"@type":"EntryPoint","urlTemplate":"https:\/\/r3i.org\/es\/?s={search_term_string}"},"query-input":{"@type":"PropertyValueSpecification","valueRequired":true,"valueName":"search_term_string"}}],"inLanguage":"es"},{"@type":"Organization","@id":"https:\/\/r3i.org\/es\/#organization","name":"R3I","url":"https:\/\/r3i.org\/es\/","logo":{"@type":"ImageObject","inLanguage":"es","@id":"https:\/\/r3i.org\/es\/#\/schema\/logo\/image\/","url":"https:\/\/i0.wp.com\/r3i.org\/wp-content\/uploads\/2024\/11\/r3i-logo-transp-1.png?fit=1601%2C834&ssl=1","contentUrl":"https:\/\/i0.wp.com\/r3i.org\/wp-content\/uploads\/2024\/11\/r3i-logo-transp-1.png?fit=1601%2C834&ssl=1","width":1601,"height":834,"caption":"R3I"},"image":{"@id":"https:\/\/r3i.org\/es\/#\/schema\/logo\/image\/"}}]}},"jetpack_likes_enabled":true,"jetpack_sharing_enabled":true,"jetpack_shortlink":"https:\/\/wp.me\/Pgbfv2-13Ma","jetpack-related-posts":[],"_links":{"self":[{"href":"https:\/\/r3i.org\/es\/wp-json\/wp\/v2\/pages\/252846","targetHints":{"allow":["GET"]}}],"collection":[{"href":"https:\/\/r3i.org\/es\/wp-json\/wp\/v2\/pages"}],"about":[{"href":"https:\/\/r3i.org\/es\/wp-json\/wp\/v2\/types\/page"}],"author":[{"embeddable":true,"href":"https:\/\/r3i.org\/es\/wp-json\/wp\/v2\/users\/258497324"}],"replies":[{"embeddable":true,"href":"https:\/\/r3i.org\/es\/wp-json\/wp\/v2\/comments?post=252846"}],"version-history":[{"count":4,"href":"https:\/\/r3i.org\/es\/wp-json\/wp\/v2\/pages\/252846\/revisions"}],"predecessor-version":[{"id":252851,"href":"https:\/\/r3i.org\/es\/wp-json\/wp\/v2\/pages\/252846\/revisions\/252851"}],"up":[{"embeddable":true,"href":"https:\/\/r3i.org\/es\/wp-json\/wp\/v2\/pages\/252805"}],"wp:attachment":[{"href":"https:\/\/r3i.org\/es\/wp-json\/wp\/v2\/media?parent=252846"}],"curies":[{"name":"wp","href":"https:\/\/api.w.org\/{rel}","templated":true}]}}