{"id":252836,"date":"2024-12-30T19:57:10","date_gmt":"2024-12-30T18:57:10","guid":{"rendered":"https:\/\/r3i.org\/editoriales-r3i\/editorial-20-02-el-enigma-de-los-acidos-grasos-omega-3\/"},"modified":"2025-02-05T22:23:10","modified_gmt":"2025-02-05T21:23:10","slug":"editorial-20-02-el-enigma-de-los-acidos-grasos-omega-3","status":"publish","type":"page","link":"https:\/\/r3i.org\/es\/editoriales-r3i\/editorial-20-02-el-enigma-de-los-acidos-grasos-omega-3\/","title":{"rendered":"Editorial 20\/02 &#8211; El enigma de los \u00e1cidos grasos omega-3"},"content":{"rendered":"<p>[et_pb_section fb_built=\u00bb1&#8243; admin_label=\u00bbHeader\u00bb _builder_version=\u00bb4.27.4&#8243; _module_preset=\u00bb35f37621-1062-4ae6-955d-76a3167a2aa8&#8243; background_image=\u00bbhttps:\/\/r3i.org\/wp-content\/uploads\/2024\/12\/pexels-pixabay-267582.jpg\u00bb parallax=\u00bbon\u00bb min_height=\u00bb157.9px\u00bb min_height_tablet=\u00bb100px\u00bb min_height_phone=\u00bb100px\u00bb min_height_last_edited=\u00bbon|phone\u00bb height=\u00bb116px\u00bb height_tablet=\u00bb153px\u00bb height_phone=\u00bb130px\u00bb height_last_edited=\u00bbon|phone\u00bb custom_margin_tablet=\u00bb\u00bb custom_margin_phone=\u00bb-17px||||false|false\u00bb custom_margin_last_edited=\u00bbon|phone\u00bb custom_padding=\u00bb0vw||0vw||true|false\u00bb collapsed=\u00bbon\u00bb global_colors_info=\u00bb{%22gcid-primary-color%22:%91%22quote_text_color%22,%22background_color_gradient_stops%22%93}\u00bb][et_pb_row _builder_version=\u00bb4.27.4&#8243; _module_preset=\u00bbdefault\u00bb global_colors_info=\u00bb{}\u00bb][et_pb_column type=\u00bb4_4&#8243; _builder_version=\u00bb4.27.0&#8243; _module_preset=\u00bbdefault\u00bb global_colors_info=\u00bb{}\u00bb][et_pb_text _builder_version=\u00bb4.27.4&#8243; _module_preset=\u00bbdefault\u00bb text_text_color=\u00bb#FFFFFF\u00bb header_2_text_color=\u00bb#FFFFFF\u00bb custom_padding=\u00bb1px|||||\u00bb global_colors_info=\u00bb{}\u00bb]<\/p>\n<h2>Editoriales R3i<\/h2>\n<p>[\/et_pb_text][\/et_pb_column][\/et_pb_row][\/et_pb_section][et_pb_section fb_built=\u00bb1&#8243; _builder_version=\u00bb4.27.3&#8243; _module_preset=\u00bbdefault\u00bb custom_margin=\u00bb-49px|||||\u00bb custom_padding=\u00bb2px||40px|||\u00bb global_colors_info=\u00bb{}\u00bb][et_pb_row column_structure=\u00bb1_2,1_2&#8243; _builder_version=\u00bb4.27.4&#8243; _module_preset=\u00bbdefault\u00bb border_radii=\u00bboff|13px|13px|13px|13px\u00bb border_width_all=\u00bb4px\u00bb border_color_all=\u00bbgcid-b673dc17-1b2a-464e-affa-1bf1ab41c0fd\u00bb border_width_all_tablet=\u00bb4px\u00bb border_width_all_phone=\u00bb0px\u00bb border_width_all_last_edited=\u00bbon|phone\u00bb border_color_all_tablet=\u00bbgcid-b673dc17-1b2a-464e-affa-1bf1ab41c0fd\u00bb border_color_all_phone=\u00bbgcid-b673dc17-1b2a-464e-affa-1bf1ab41c0fd\u00bb border_color_all_last_edited=\u00bbon|phone\u00bb box_shadow_style=\u00bbpreset2&#8243; global_colors_info=\u00bb{%22gcid-b673dc17-1b2a-464e-affa-1bf1ab41c0fd%22:%91%22border_color_all%22%93}\u00bb][et_pb_column type=\u00bb1_2&#8243; _builder_version=\u00bb4.27.4&#8243; _module_preset=\u00bbdefault\u00bb global_colors_info=\u00bb{}\u00bb][et_pb_text _builder_version=\u00bb4.27.4&#8243; _module_preset=\u00bbdefault\u00bb text_font_size=\u00bb14px\u00bb header_5_text_color=\u00bbgcid-4907c8d4-9eff-49de-91ce-43a2d3a729cf\u00bb header_6_text_color=\u00bbgcid-secondary-color\u00bb hover_enabled=\u00bb0&#8243; global_colors_info=\u00bb{%22gcid-primary-color%22:%91%22quote_text_color%22,%22quote_text_color%22,%22quote_text_color%22%93,%22gcid-4907c8d4-9eff-49de-91ce-43a2d3a729cf%22:%91%22header_5_text_color%22%93,%22gcid-secondary-color%22:%91%22header_6_text_color%22%93}\u00bb sticky_enabled=\u00bb0&#8243;]<\/p>\n<h5 style=\"text-align: center;\"><span>El enigma de los \u00e1cidos grasos omega-3<\/span><\/h5>\n<h6 style=\"text-align: center;\"><span lang=\"EN-GB\">Prof. Michel Hermans, Prof. Pierre Amarenco<\/span><\/h6>\n<p style=\"font-weight: 400; text-align: left;\"><span>El inter\u00e9s por los \u00e1cidos grasos omega-3 ha resurgido en los dos \u00faltimos a\u00f1os. Esto ha sido impulsado en gran medida por el hist\u00f3rico estudio REDUCE-IT (Reduction of Cardiovascular Events with Icosapent Ethyl-Intervention Trial), que demostr\u00f3 una reducci\u00f3n del 25% de los principales acontecimientos cardiovasculares adversos (MACE), en individuos con triglic\u00e9ridos (TG) elevados, con una reducci\u00f3n del riesgo relativo a\u00fan mayor cuando se consideraban los MACE totales. <\/span><sup>1,2<\/sup><span>  Sin embargo, hay nubes en el horizonte, con la finalizaci\u00f3n anticipada este a\u00f1o del estudio STRENGTH (Study to Assess STatin Residual Risk Reduction With EpaNova in HiGh CV Risk PatienTs With Hypertriglyceridemia). La decisi\u00f3n de detener el estudio STRENGTH se bas\u00f3 en la recomendaci\u00f3n de un Comit\u00e9 de Supervisi\u00f3n de Datos independiente, ya que era improbable que demostrara un beneficio para los pacientes. Aunque la \u00fanica informaci\u00f3n p\u00fablica disponible hasta la fecha es el comunicado de prensa,  <\/span><sup>3<\/sup><span> es \u00fatil considerar los antecedentes de los dos estudios que pueden ayudar a informar sobre este enigma.<\/span><\/p>\n<p><span>Tanto REDUCE-IT como STRENGTH se realizaron en pacientes con riesgo cardiovascular de alto a muy alto, bien con un acontecimiento cardiovascular previo o diabetes y otros factores de riesgo cardiovascular, con niveles elevados de TG y colesterol de lipoprote\u00ednas de baja densidad (LDL-C) controlado. En general, los criterios de inclusi\u00f3n de los l\u00edpidos fueron similares. En REDUCE-IT, los pacientes deb\u00edan tener TG en ayunas \u2265150 mg\/dL (posteriormente se modific\u00f3 a &gt;200 mg\/dL) y &lt;500 mg\/dL. En STRENGTH, los criterios de inclusi\u00f3n fueron TG \u2265 180 a &lt;500 mg\/dL y colesterol de lipoprote\u00ednas de alta densidad &lt;42 mg\/dL (hombres) o&lt;47 mg\/dL (mujeres), en un contexto de niveles controlados de LDL-C (con estatina \u00b1 ezetimiba).   <\/span><sup>4<\/sup><span><\/span><\/p>\n<p><span>Aunque la dosis total de \u00e1cidos grasos omega-3 era aproximadamente similar, los componentes difer\u00edan entre los dos ensayos. REDUCE-IT utiliz\u00f3 un r\u00e9gimen de 4 g\/d\u00eda de \u00e9ster et\u00edlico de \u00e1cido eicosapentaenoico (EPA), mientras que en STRENGTH, el tratamiento en investigaci\u00f3n fue Epanova 4 g\/d\u00eda, una mezcla de EPA y \u00e1cido docosahexaenoico (DHA), como \u00e9steres et\u00edlicos (cada c\u00e1psula de 1 g contiene 0,465 g de EPA y 0,375 de DHA). As\u00ed pues, la dosis diaria real de EPA fue inferior (menos del 50%) en STRENGTH que en REDUCE-IT. La elecci\u00f3n del placebo en los dos estudios tambi\u00e9n difer\u00eda. REDUCE-IT utiliz\u00f3 aceite mineral como placebo, mientras que en STRENGTH, el placebo fue aceite de ma\u00edz. Esto puede tener cierta relevancia a la hora de explicar los diferentes resultados de los estudios, dado el debate sobre los efectos del placebo de aceite mineral en REDUCE-IT. En particular, el grupo placebo de este estudio mostr\u00f3 un aumento del 32% de la prote\u00edna C reactiva y del 11,5% del LDL-C con respecto al valor basal, lo que indicar\u00eda que el placebo no era neutro y podr\u00eda haber confundido los resultados del estudio. Actualmente no se dispone de informaci\u00f3n de STRENGTH.       <\/span><\/p>\n<p>[\/et_pb_text][\/et_pb_column][et_pb_column type=\u00bb1_2&#8243; _builder_version=\u00bb4.27.4&#8243; _module_preset=\u00bbdefault\u00bb global_colors_info=\u00bb{}\u00bb][et_pb_text _builder_version=\u00bb4.27.4&#8243; _module_preset=\u00bbdefault\u00bb text_text_color=\u00bbgcid-4907c8d4-9eff-49de-91ce-43a2d3a729cf\u00bb text_font_size=\u00bb14px\u00bb hover_enabled=\u00bb0&#8243; global_colors_info=\u00bb{%22gcid-primary-color%22:%91%22quote_text_color%22,%22quote_text_color%22,%22quote_text_color%22%93,%22gcid-4907c8d4-9eff-49de-91ce-43a2d3a729cf%22:%91%22text_text_color%22%93}\u00bb sticky_enabled=\u00bb0&#8243;]<\/p>\n<p><span>Antes de REDUCE-IT, se hab\u00eda desatado la controversia sobre el posible beneficio cardiovascular de los \u00e1cidos grasos omega-3 marinos. En 2018, un metaan\u00e1lisis de los datos agregados de 10 estudios concluy\u00f3 que \u00ablos \u00e1cidos grasos omega-3 no ten\u00edan una asociaci\u00f3n significativa con la cardiopat\u00eda coronaria mortal o no mortal ni con ning\u00fan acontecimiento vascular importante\u00bb; sin embargo, esto se basaba en un intervalo de dosis de 0,226-1,8 g\/d\u00eda, sustancialmente inferior al de REDUCE-IT. <\/span><sup>1,5<\/sup><span> El a\u00f1o pasado, otro metaan\u00e1lisis de 13 estudios (incluido el REDUCE-IT) volvi\u00f3 a plantearse esta cuesti\u00f3n.<\/span><sup>6<\/sup><span>  Este an\u00e1lisis concluy\u00f3 que los \u00e1cidos grasos omega-3 marinos reducen significativamente el riesgo de acontecimientos cardiovasculares (reducci\u00f3n del riesgo relativo global del 12%, p&lt;0,001); la importancia de este hallazgo persisti\u00f3 incluso tras excluir REDUCE-IT (reducci\u00f3n del riesgo relativo global del 8%, p=0,02). Adem\u00e1s, las reducciones del riesgo parec\u00edan estar relacionadas linealmente con la dosis de \u00e1cidos grasos omega-3. <\/span><\/p>\n<p><span>Sin embargo, es importante tener en cuenta que este beneficio cardiovascular puede atribuirse en parte a efectos que van m\u00e1s all\u00e1 de la disminuci\u00f3n de los TG. Dos l\u00edneas de evidencia de REDUCE-IT apoyan esto. En primer lugar, la magnitud de la disminuci\u00f3n de los TG en REDUCE-IT (disminuci\u00f3n media desde el inicio hasta 1 a\u00f1o del 18,3%, 39,0 mg\/dL) fue inferior a la esperada en funci\u00f3n del beneficio cardiovascular.1 En segundo lugar, no hubo pruebas de una relaci\u00f3n dosis-respuesta para la disminuci\u00f3n de los TG y el beneficio cardiovascular.   <\/span><sup>7<\/sup><span> Los posibles contendientes para estos efectos no lip\u00eddicos podr\u00edan incluir efectos antiinflamatorios, antiarr\u00edtmicos y antitromb\u00f3ticos, bas\u00e1ndose en los conocimientos actuales sobre la farmacolog\u00eda de los \u00e1cidos grasos omega-3.<\/span><sup>8<\/sup><span><\/span><\/p>\n<p><span>A falta de los resultados de STRENGTH, estas explicaciones son especulativas. Los cl\u00ednicos esperar\u00e1n con impaciencia la presentaci\u00f3n p\u00fablica de los datos de STRENGTH para sacar sus propias conclusiones. <\/span><\/p>\n<p>[\/et_pb_text][et_pb_text _builder_version=\u00bb4.27.4&#8243; _module_preset=\u00bbdefault\u00bb text_font_size=\u00bb8px\u00bb hover_enabled=\u00bb0&#8243; global_colors_info=\u00bb{}\u00bb sticky_enabled=\u00bb0&#8243;]<\/p>\n<p style=\"font-weight: 400;\"><strong>Referencias<\/strong><\/p>\n<ol>\n<li style=\"font-weight: 400;\"><span>Bhatt DL, Steg PG, Miller M, et al. Reducci\u00f3n del riesgo cardiovascular con icosapent et\u00edlico para la hipertrigliceridemia. N Engl J Med 2019;380:11-22.  <\/span><br \/><span class=\"ref ref2\">2.<\/span><span>  Bhatt DL, Steg PG, Miller M, et al. Efectos de Icosapent Ethyl en los eventos isqu\u00e9micos totales: de REDUCE-IT. J Am Coll Cardiol 2019;73:2791-802.  <\/span><br \/><span class=\"ref ref3\">3.<\/span><span>  Actualizaci\u00f3n del ensayo de fase III STRENGTH de Epanova en la dislipidemia mixta. Comunicado de prensa del 13 de enero de 2020. <a href=\"https:\/\/www.astrazeneca.com\/media-centre\/press-releases\/2020\/update-on-phase-iii-strength-trial-for-epanova-in-mixed-dyslipidaemia-13012020.html\" rel=\"nofollow\">https:\/\/www.astrazeneca.com\/media-centre\/press-releases\/2020\/update-on-phase-iii-strength-trial-for-epanova-in-mixed-dyslipidaemia-13012020.html<\/a>  <\/span><br \/><span class=\"ref ref4\">4.<\/span><span>  Nicholls SJ, Lincoff AM, Bash D, et al. Evaluaci\u00f3n de los \u00e1cidos carbox\u00edlicos omega-3 en pacientes tratados con estatinas con niveles altos de triglic\u00e9ridos y niveles bajos de colesterol de lipoprote\u00ednas de alta densidad: Justificaci\u00f3n y dise\u00f1o del ensayo STRENGTH. Clin Cardiol 2018;41:1281-8.  <\/span><br \/><span class=\"ref ref5\">5.<\/span><span>  Aung T, Halsey J, Kromhout D, et al. Asociaciones del uso de suplementos de \u00e1cidos grasos omega-3 con los riesgos de enfermedad cardiovascular: metaan\u00e1lisis de 10 ensayos con 77 917 individuos. JAMA Cardiol 2018;3:225-34.  <\/span><br \/><span class=\"ref ref6\">6.<\/span><span>  Hu Y, Hu FB, Manson JE. Suplementos marinos de omega-3 y enfermedad cardiovascular: un metaan\u00e1lisis actualizado de 13 ensayos controlados aleatorizados con 127 477 participantes. J Am Heart Assoc 2019;8  <\/span><sup>19<\/sup><span>:e0135<\/span><span class=\"ref ref43\">43.<\/span><span> <\/span><br \/><span class=\"ref ref7\">7.<\/span><span>  Bhatt DL, Steg PG, Miller M, et al. Reducci\u00f3n de los primeros episodios isqu\u00e9micos y de los episodios isqu\u00e9micos totales con icosapent et\u00edlico en todos los terciles de triglic\u00e9ridos basales. J Am Coll Cardiol 2019;74:1159-61.  <\/span><br \/><span class=\"ref ref8\">8.<\/span><span>  Boden WE, Bhatt DL, Toth PP, et al. Reducciones profundas de los eventos cardiovasculares primeros y totales con icosapent etil en el ensayo REDUCE-IT: por qu\u00e9 estos resultados marcan el comienzo de una nueva era en la terap\u00e9utica de la dislipidemia. Eur Heart J 2019 ;doi: 10.1093\/eurheartj\/ehz778.    [Epub ahead of print]<\/span><\/li>\n<\/ol>\n<p>[\/et_pb_text][\/et_pb_column][\/et_pb_row][\/et_pb_section]<\/p>\n","protected":false},"excerpt":{"rendered":"<p>Editoriales R3iEl enigma de los \u00e1cidos grasos omega-3 Prof. Michel Hermans, Prof. Pierre Amarenco El inter\u00e9s por los \u00e1cidos grasos omega-3 ha resurgido en los dos \u00faltimos a\u00f1os. Esto ha sido impulsado en gran medida por el hist\u00f3rico estudio REDUCE-IT (Reduction of Cardiovascular Events with Icosapent Ethyl-Intervention Trial), que demostr\u00f3 una reducci\u00f3n del 25% de [&hellip;]<\/p>\n","protected":false},"author":258497324,"featured_media":0,"parent":252805,"menu_order":0,"comment_status":"closed","ping_status":"closed","template":"","meta":{"_et_pb_use_builder":"on","_et_pb_old_content":"","_et_gb_content_width":"","_crdt_document":"","footnotes":""},"class_list":["post-252836","page","type-page","status-publish","hentry"],"yoast_head":"<!-- This site is optimized with the Yoast SEO plugin v27.6 - https:\/\/yoast.com\/product\/yoast-seo-wordpress\/ -->\n<title>Editorial 20\/02 - El enigma de los \u00e1cidos grasos omega-3 - R3I<\/title>\n<meta name=\"robots\" content=\"index, follow, max-snippet:-1, max-image-preview:large, max-video-preview:-1\" \/>\n<link rel=\"canonical\" href=\"https:\/\/r3i.org\/es\/editoriales-r3i\/editorial-20-02-el-enigma-de-los-acidos-grasos-omega-3\/\" \/>\n<meta property=\"og:locale\" content=\"es_ES\" \/>\n<meta property=\"og:type\" content=\"article\" \/>\n<meta property=\"og:title\" content=\"Editorial 20\/02 - El enigma de los \u00e1cidos grasos omega-3 - R3I\" \/>\n<meta property=\"og:description\" content=\"Editoriales R3iEl enigma de los \u00e1cidos grasos omega-3 Prof. Michel Hermans, Prof. Pierre Amarenco El inter\u00e9s por los \u00e1cidos grasos omega-3 ha resurgido en los dos \u00faltimos a\u00f1os. Esto ha sido impulsado en gran medida por el hist\u00f3rico estudio REDUCE-IT (Reduction of Cardiovascular Events with Icosapent Ethyl-Intervention Trial), que demostr\u00f3 una reducci\u00f3n del 25% de [&hellip;]\" \/>\n<meta property=\"og:url\" content=\"https:\/\/r3i.org\/es\/editoriales-r3i\/editorial-20-02-el-enigma-de-los-acidos-grasos-omega-3\/\" \/>\n<meta property=\"og:site_name\" content=\"R3I\" \/>\n<meta property=\"article:modified_time\" content=\"2025-02-05T21:23:10+00:00\" \/>\n<meta name=\"twitter:card\" content=\"summary_large_image\" \/>\n<meta name=\"twitter:label1\" content=\"Tiempo de lectura\" \/>\n\t<meta name=\"twitter:data1\" content=\"8 minutos\" \/>\n<script type=\"application\/ld+json\" class=\"yoast-schema-graph\">{\"@context\":\"https:\\\/\\\/schema.org\",\"@graph\":[{\"@type\":\"WebPage\",\"@id\":\"https:\\\/\\\/r3i.org\\\/es\\\/editoriales-r3i\\\/editorial-20-02-el-enigma-de-los-acidos-grasos-omega-3\\\/\",\"url\":\"https:\\\/\\\/r3i.org\\\/es\\\/editoriales-r3i\\\/editorial-20-02-el-enigma-de-los-acidos-grasos-omega-3\\\/\",\"name\":\"Editorial 20\\\/02 - El enigma de los \u00e1cidos grasos omega-3 - R3I\",\"isPartOf\":{\"@id\":\"https:\\\/\\\/r3i.org\\\/es\\\/#website\"},\"datePublished\":\"2024-12-30T18:57:10+00:00\",\"dateModified\":\"2025-02-05T21:23:10+00:00\",\"breadcrumb\":{\"@id\":\"https:\\\/\\\/r3i.org\\\/es\\\/editoriales-r3i\\\/editorial-20-02-el-enigma-de-los-acidos-grasos-omega-3\\\/#breadcrumb\"},\"inLanguage\":\"es\",\"potentialAction\":[{\"@type\":\"ReadAction\",\"target\":[\"https:\\\/\\\/r3i.org\\\/es\\\/editoriales-r3i\\\/editorial-20-02-el-enigma-de-los-acidos-grasos-omega-3\\\/\"]}]},{\"@type\":\"BreadcrumbList\",\"@id\":\"https:\\\/\\\/r3i.org\\\/es\\\/editoriales-r3i\\\/editorial-20-02-el-enigma-de-los-acidos-grasos-omega-3\\\/#breadcrumb\",\"itemListElement\":[{\"@type\":\"ListItem\",\"position\":1,\"name\":\"Home\",\"item\":\"https:\\\/\\\/r3i.org\\\/es\\\/\"},{\"@type\":\"ListItem\",\"position\":2,\"name\":\"Editoriales R3i\",\"item\":\"https:\\\/\\\/r3i.org\\\/es\\\/editoriales-r3i\\\/\"},{\"@type\":\"ListItem\",\"position\":3,\"name\":\"Editorial 20\\\/02 &#8211; El enigma de los \u00e1cidos grasos omega-3\"}]},{\"@type\":\"WebSite\",\"@id\":\"https:\\\/\\\/r3i.org\\\/es\\\/#website\",\"url\":\"https:\\\/\\\/r3i.org\\\/es\\\/\",\"name\":\"R3I\",\"description\":\"Residual Risk Reduction Initiative\",\"publisher\":{\"@id\":\"https:\\\/\\\/r3i.org\\\/es\\\/#organization\"},\"potentialAction\":[{\"@type\":\"SearchAction\",\"target\":{\"@type\":\"EntryPoint\",\"urlTemplate\":\"https:\\\/\\\/r3i.org\\\/es\\\/?s={search_term_string}\"},\"query-input\":{\"@type\":\"PropertyValueSpecification\",\"valueRequired\":true,\"valueName\":\"search_term_string\"}}],\"inLanguage\":\"es\"},{\"@type\":\"Organization\",\"@id\":\"https:\\\/\\\/r3i.org\\\/es\\\/#organization\",\"name\":\"R3I\",\"url\":\"https:\\\/\\\/r3i.org\\\/es\\\/\",\"logo\":{\"@type\":\"ImageObject\",\"inLanguage\":\"es\",\"@id\":\"https:\\\/\\\/r3i.org\\\/es\\\/#\\\/schema\\\/logo\\\/image\\\/\",\"url\":\"https:\\\/\\\/i0.wp.com\\\/r3i.org\\\/wp-content\\\/uploads\\\/2024\\\/11\\\/r3i-logo-transp-1.png?fit=1601%2C834&ssl=1\",\"contentUrl\":\"https:\\\/\\\/i0.wp.com\\\/r3i.org\\\/wp-content\\\/uploads\\\/2024\\\/11\\\/r3i-logo-transp-1.png?fit=1601%2C834&ssl=1\",\"width\":1601,\"height\":834,\"caption\":\"R3I\"},\"image\":{\"@id\":\"https:\\\/\\\/r3i.org\\\/es\\\/#\\\/schema\\\/logo\\\/image\\\/\"}}]}<\/script>\n<!-- \/ Yoast SEO plugin. -->","yoast_head_json":{"title":"Editorial 20\/02 - El enigma de los \u00e1cidos grasos omega-3 - R3I","robots":{"index":"index","follow":"follow","max-snippet":"max-snippet:-1","max-image-preview":"max-image-preview:large","max-video-preview":"max-video-preview:-1"},"canonical":"https:\/\/r3i.org\/es\/editoriales-r3i\/editorial-20-02-el-enigma-de-los-acidos-grasos-omega-3\/","og_locale":"es_ES","og_type":"article","og_title":"Editorial 20\/02 - El enigma de los \u00e1cidos grasos omega-3 - R3I","og_description":"Editoriales R3iEl enigma de los \u00e1cidos grasos omega-3 Prof. Michel Hermans, Prof. Pierre Amarenco El inter\u00e9s por los \u00e1cidos grasos omega-3 ha resurgido en los dos \u00faltimos a\u00f1os. Esto ha sido impulsado en gran medida por el hist\u00f3rico estudio REDUCE-IT (Reduction of Cardiovascular Events with Icosapent Ethyl-Intervention Trial), que demostr\u00f3 una reducci\u00f3n del 25% de [&hellip;]","og_url":"https:\/\/r3i.org\/es\/editoriales-r3i\/editorial-20-02-el-enigma-de-los-acidos-grasos-omega-3\/","og_site_name":"R3I","article_modified_time":"2025-02-05T21:23:10+00:00","twitter_card":"summary_large_image","twitter_misc":{"Tiempo de lectura":"8 minutos"},"schema":{"@context":"https:\/\/schema.org","@graph":[{"@type":"WebPage","@id":"https:\/\/r3i.org\/es\/editoriales-r3i\/editorial-20-02-el-enigma-de-los-acidos-grasos-omega-3\/","url":"https:\/\/r3i.org\/es\/editoriales-r3i\/editorial-20-02-el-enigma-de-los-acidos-grasos-omega-3\/","name":"Editorial 20\/02 - El enigma de los \u00e1cidos grasos omega-3 - R3I","isPartOf":{"@id":"https:\/\/r3i.org\/es\/#website"},"datePublished":"2024-12-30T18:57:10+00:00","dateModified":"2025-02-05T21:23:10+00:00","breadcrumb":{"@id":"https:\/\/r3i.org\/es\/editoriales-r3i\/editorial-20-02-el-enigma-de-los-acidos-grasos-omega-3\/#breadcrumb"},"inLanguage":"es","potentialAction":[{"@type":"ReadAction","target":["https:\/\/r3i.org\/es\/editoriales-r3i\/editorial-20-02-el-enigma-de-los-acidos-grasos-omega-3\/"]}]},{"@type":"BreadcrumbList","@id":"https:\/\/r3i.org\/es\/editoriales-r3i\/editorial-20-02-el-enigma-de-los-acidos-grasos-omega-3\/#breadcrumb","itemListElement":[{"@type":"ListItem","position":1,"name":"Home","item":"https:\/\/r3i.org\/es\/"},{"@type":"ListItem","position":2,"name":"Editoriales R3i","item":"https:\/\/r3i.org\/es\/editoriales-r3i\/"},{"@type":"ListItem","position":3,"name":"Editorial 20\/02 &#8211; El enigma de los \u00e1cidos grasos omega-3"}]},{"@type":"WebSite","@id":"https:\/\/r3i.org\/es\/#website","url":"https:\/\/r3i.org\/es\/","name":"R3I","description":"Residual Risk Reduction Initiative","publisher":{"@id":"https:\/\/r3i.org\/es\/#organization"},"potentialAction":[{"@type":"SearchAction","target":{"@type":"EntryPoint","urlTemplate":"https:\/\/r3i.org\/es\/?s={search_term_string}"},"query-input":{"@type":"PropertyValueSpecification","valueRequired":true,"valueName":"search_term_string"}}],"inLanguage":"es"},{"@type":"Organization","@id":"https:\/\/r3i.org\/es\/#organization","name":"R3I","url":"https:\/\/r3i.org\/es\/","logo":{"@type":"ImageObject","inLanguage":"es","@id":"https:\/\/r3i.org\/es\/#\/schema\/logo\/image\/","url":"https:\/\/i0.wp.com\/r3i.org\/wp-content\/uploads\/2024\/11\/r3i-logo-transp-1.png?fit=1601%2C834&ssl=1","contentUrl":"https:\/\/i0.wp.com\/r3i.org\/wp-content\/uploads\/2024\/11\/r3i-logo-transp-1.png?fit=1601%2C834&ssl=1","width":1601,"height":834,"caption":"R3I"},"image":{"@id":"https:\/\/r3i.org\/es\/#\/schema\/logo\/image\/"}}]}},"jetpack_likes_enabled":true,"jetpack_sharing_enabled":true,"jetpack_shortlink":"https:\/\/wp.me\/Pgbfv2-13M0","jetpack-related-posts":[],"_links":{"self":[{"href":"https:\/\/r3i.org\/es\/wp-json\/wp\/v2\/pages\/252836","targetHints":{"allow":["GET"]}}],"collection":[{"href":"https:\/\/r3i.org\/es\/wp-json\/wp\/v2\/pages"}],"about":[{"href":"https:\/\/r3i.org\/es\/wp-json\/wp\/v2\/types\/page"}],"author":[{"embeddable":true,"href":"https:\/\/r3i.org\/es\/wp-json\/wp\/v2\/users\/258497324"}],"replies":[{"embeddable":true,"href":"https:\/\/r3i.org\/es\/wp-json\/wp\/v2\/comments?post=252836"}],"version-history":[{"count":2,"href":"https:\/\/r3i.org\/es\/wp-json\/wp\/v2\/pages\/252836\/revisions"}],"predecessor-version":[{"id":252838,"href":"https:\/\/r3i.org\/es\/wp-json\/wp\/v2\/pages\/252836\/revisions\/252838"}],"up":[{"embeddable":true,"href":"https:\/\/r3i.org\/es\/wp-json\/wp\/v2\/pages\/252805"}],"wp:attachment":[{"href":"https:\/\/r3i.org\/es\/wp-json\/wp\/v2\/media?parent=252836"}],"curies":[{"name":"wp","href":"https:\/\/api.w.org\/{rel}","templated":true}]}}