{"id":252827,"date":"2025-01-03T22:27:23","date_gmt":"2025-01-03T21:27:23","guid":{"rendered":"https:\/\/r3i.org\/editoriales-r3i\/editorial-02-16-abordar-el-riesgo-cardiovascular-residual-hay-razones-para-centrarse-en-los-trigliceridos-posprandiales\/"},"modified":"2025-02-05T22:21:26","modified_gmt":"2025-02-05T21:21:26","slug":"editorial-02-16-abordar-el-riesgo-cardiovascular-residual-hay-razones-para-centrarse-en-los-trigliceridos-posprandiales","status":"publish","type":"page","link":"https:\/\/r3i.org\/es\/editoriales-r3i\/editorial-02-16-abordar-el-riesgo-cardiovascular-residual-hay-razones-para-centrarse-en-los-trigliceridos-posprandiales\/","title":{"rendered":"Editorial 02\/16 &#8211; Abordar el riesgo cardiovascular residual: \u00bfhay razones para centrarse en los triglic\u00e9ridos posprandiales?"},"content":{"rendered":"<p>[et_pb_section fb_built=\u00bb1&#8243; admin_label=\u00bbHeader\u00bb _builder_version=\u00bb4.27.4&#8243; _module_preset=\u00bb35f37621-1062-4ae6-955d-76a3167a2aa8&#8243; background_image=\u00bbhttps:\/\/r3i.org\/wp-content\/uploads\/2024\/12\/pexels-pixabay-267582.jpg\u00bb parallax=\u00bbon\u00bb min_height=\u00bb157.9px\u00bb min_height_tablet=\u00bb100px\u00bb min_height_phone=\u00bb100px\u00bb min_height_last_edited=\u00bbon|phone\u00bb height=\u00bb116px\u00bb height_tablet=\u00bb153px\u00bb height_phone=\u00bb130px\u00bb height_last_edited=\u00bbon|phone\u00bb custom_margin_tablet=\u00bb\u00bb custom_margin_phone=\u00bb-17px||||false|false\u00bb custom_margin_last_edited=\u00bbon|phone\u00bb custom_padding=\u00bb0vw||0vw||true|false\u00bb collapsed=\u00bbon\u00bb global_colors_info=\u00bb{%22gcid-primary-color%22:%91%22quote_text_color%22,%22background_color_gradient_stops%22%93}\u00bb][et_pb_row _builder_version=\u00bb4.27.4&#8243; _module_preset=\u00bbdefault\u00bb global_colors_info=\u00bb{}\u00bb][et_pb_column type=\u00bb4_4&#8243; _builder_version=\u00bb4.27.0&#8243; _module_preset=\u00bbdefault\u00bb global_colors_info=\u00bb{}\u00bb][et_pb_text _builder_version=\u00bb4.27.4&#8243; _module_preset=\u00bbdefault\u00bb text_text_color=\u00bb#FFFFFF\u00bb header_2_text_color=\u00bb#FFFFFF\u00bb custom_padding=\u00bb1px|||||\u00bb global_colors_info=\u00bb{}\u00bb]<\/p>\n<h2>Editoriales R3i<\/h2>\n<p>[\/et_pb_text][\/et_pb_column][\/et_pb_row][\/et_pb_section][et_pb_section fb_built=\u00bb1&#8243; _builder_version=\u00bb4.27.3&#8243; _module_preset=\u00bbdefault\u00bb custom_margin=\u00bb-49px|||||\u00bb custom_padding=\u00bb2px||40px|||\u00bb global_colors_info=\u00bb{}\u00bb][et_pb_row column_structure=\u00bb1_2,1_2&#8243; _builder_version=\u00bb4.27.4&#8243; _module_preset=\u00bbdefault\u00bb border_radii=\u00bboff|13px|13px|13px|13px\u00bb border_width_all=\u00bb4px\u00bb border_color_all=\u00bbgcid-b673dc17-1b2a-464e-affa-1bf1ab41c0fd\u00bb border_width_all_tablet=\u00bb4px\u00bb border_width_all_phone=\u00bb0px\u00bb border_width_all_last_edited=\u00bbon|phone\u00bb border_color_all_tablet=\u00bbgcid-b673dc17-1b2a-464e-affa-1bf1ab41c0fd\u00bb border_color_all_phone=\u00bbgcid-b673dc17-1b2a-464e-affa-1bf1ab41c0fd\u00bb border_color_all_last_edited=\u00bbon|phone\u00bb box_shadow_style=\u00bbpreset2&#8243; global_colors_info=\u00bb{%22gcid-b673dc17-1b2a-464e-affa-1bf1ab41c0fd%22:%91%22border_color_all%22%93}\u00bb][et_pb_column type=\u00bb1_2&#8243; _builder_version=\u00bb4.27.4&#8243; _module_preset=\u00bbdefault\u00bb global_colors_info=\u00bb{}\u00bb][et_pb_text _builder_version=\u00bb4.27.4&#8243; _module_preset=\u00bbdefault\u00bb text_font_size=\u00bb14px\u00bb header_5_text_color=\u00bbgcid-4907c8d4-9eff-49de-91ce-43a2d3a729cf\u00bb header_6_text_color=\u00bbgcid-secondary-color\u00bb hover_enabled=\u00bb0&#8243; global_colors_info=\u00bb{%22gcid-primary-color%22:%91%22quote_text_color%22,%22quote_text_color%22,%22quote_text_color%22%93,%22gcid-4907c8d4-9eff-49de-91ce-43a2d3a729cf%22:%91%22header_5_text_color%22%93,%22gcid-secondary-color%22:%91%22header_6_text_color%22%93}\u00bb sticky_enabled=\u00bb0&#8243;]<\/p>\n<h5 style=\"text-align: center;\"><span>Abordar el riesgo cardiovascular residual: \u00bfes conveniente centrarse en los triglic\u00e9ridos posprandiales?<\/span><\/h5>\n<h6 style=\"text-align: center;\"><span lang=\"EN-GB\">Prof. Michel Hermans, Prof. Pierre Amarenco<\/span><\/h6>\n<p><span>El tratamiento con estatinas es, sin duda, la piedra angular del tratamiento de la dislipidemia, y resulta eficaz para reducir el riesgo de acontecimientos cardiovasculares, tanto en pacientes diab\u00e9ticos como no diab\u00e9ticos, en un 20-30% por mmol\/L de reducci\u00f3n del colesterol de lipoprote\u00ednas de baja densidad (LDL-C), el principal objetivo lip\u00eddico.<\/span><sup>1,2<\/sup><span>  Tambi\u00e9n es bien sabido que las estatinas reducen los triglic\u00e9ridos elevados. Sin embargo, como se ha informado en recientes estudios Landmark, est\u00e1 claro que sigue siendo necesario otro tratamiento para alcanzar los niveles de triglic\u00e9ridos recomendados por las directrices. <\/span><sup>3<\/sup><span> Incluso en el \u00e1mbito de la prevenci\u00f3n primaria, seg\u00fan informaron Asghari y sus colegas este mes, la prevalencia de triglic\u00e9ridos elevados (\u22651,7 mmol\/L) fue casi 2 veces mayor en los pacientes tratados con estatinas en comparaci\u00f3n con los que no lo fueron.<\/span><sup>4<\/sup><span><\/span><\/p>\n<p><span>El tratamiento inadecuado de los triglic\u00e9ridos elevados, un marcador de las lipoprote\u00ednas ricas en triglic\u00e9ridos (TRL) que contienen apolipoprote\u00edna B y sus remanentes, es un factor clave del riesgo cardiovascular residual relacionado con los l\u00edpidos. Cada vez hay m\u00e1s pruebas, procedentes tanto de estudios observacionales como gen\u00e9ticos, de que los niveles de colesterol remanente en las TRL son causales de cardiopat\u00eda isqu\u00e9mica, apoyadas por estudios mecan\u00edsticos que muestran la acumulaci\u00f3n de colesterol remanente en la pared arterial. <\/span><sup>5-7<\/sup><span> El colesterol remanente elevado no s\u00f3lo contribuye al riesgo cardiovascular relacionado con los l\u00edpidos, sino que tambi\u00e9n se asocia a la inflamaci\u00f3n de bajo grado, en contraste con el LDL-C elevado, y por tanto est\u00e1 implicado en la patog\u00e9nesis subyacente de la aterosclerosis.<\/span><sup>7<\/sup><span>  Durante el estado posprandial, aumentan la TRL y los remanentes y se prolonga la hipertrigliceridemia; los triglic\u00e9ridos plasm\u00e1ticos suelen volver a los niveles basales &gt;6-8 horas despu\u00e9s de comer. En consecuencia, la mayor\u00eda de los individuos pasan la mayor parte del per\u00edodo de vigilia en un estado de no ayuno o postprandial. Pruebas de que los triglic\u00e9ridos no en ayunas son predictivos de enfermedad coronaria,  <\/span><sup>8<\/sup><span> proporciona una s\u00f3lida justificaci\u00f3n para dirigirse a este par\u00e1metro con el fin de reducir el riesgo cardiovascular residual.<\/span><\/p>\n<p>[\/et_pb_text][\/et_pb_column][et_pb_column type=\u00bb1_2&#8243; _builder_version=\u00bb4.27.4&#8243; _module_preset=\u00bbdefault\u00bb global_colors_info=\u00bb{}\u00bb][et_pb_text _builder_version=\u00bb4.27.4&#8243; _module_preset=\u00bbdefault\u00bb text_text_color=\u00bbgcid-4907c8d4-9eff-49de-91ce-43a2d3a729cf\u00bb text_font_size=\u00bb14px\u00bb hover_enabled=\u00bb0&#8243; global_colors_info=\u00bb{%22gcid-primary-color%22:%91%22quote_text_color%22,%22quote_text_color%22,%22quote_text_color%22%93,%22gcid-4907c8d4-9eff-49de-91ce-43a2d3a729cf%22:%91%22text_text_color%22%93}\u00bb sticky_enabled=\u00bb0&#8243;]<\/p>\n<p><em>\u00bfC\u00f3mo tratarla?<\/em><span><\/span><br \/><span>A pesar de ello, el tratamiento eficaz puede ser un enigma para los m\u00e9dicos dadas las opciones actuales, m\u00e1s all\u00e1 de la intervenci\u00f3n en el estilo de vida y las estatinas. Se ha demostrado que la ezetimiba, los fibratos (agonistas del receptor alfa activado por el proliferador de peroxisomas [PPAR?] ) y los \u00e1cidos grasos omega-3 reducen los triglic\u00e9ridos elevados con algunas pruebas de beneficio cardiovascular, y merecen ser tenidos en cuenta. Sin embargo, los beneficios de la ezetimiba adem\u00e1s de la estatina en IMPROVE-IT (Improved Reduction of Outcomes: Vytorin Efficacy International Trial) y PRECISE-IVUS (Plaque Regression With Cholesterol Absorption Inhibitor or Synthesis Inhibitor Evaluated by Intravascular Ultrasound) se atribuyen predominantemente a su efecto reductor del LDL-C.  <\/span><sup>9.10<\/sup><span> El beneficio del tratamiento combinado con fenofibrato m\u00e1s simvastatina en el estudio Action to Control Cardiovascular Risk in Diabetes (ACCORD) Lipid se limit\u00f3 al subgrupo de pacientes con dislipidemia aterog\u00e9nica (triglic\u00e9ridos elevados y baja concentraci\u00f3n plasm\u00e1tica de colesterol de lipoprote\u00ednas de alta densidad); mientras que un metaan\u00e1lisis de los principales ensayos sobre fibratos lo confirm\u00f3, pero fue exploratorio y no definitivo.<\/span><sup>11,12<\/sup><span>  Definitivamente se necesitan nuevos enfoques, y el desarrollo en curso desde 2015 parece prometedor para los que se dirigen a la apolipoprote\u00edna C-III, as\u00ed como para los moduladores selectivos de PPAR? (agentes SPPARM?). <\/span><\/p>\n<p><span>Esta primera perspectiva de 2016 subraya que el infratratamiento de los triglic\u00e9ridos elevados en pacientes tratados con estatinas sigue siendo un problema clave, lo que justifica una mayor necesidad de concienciar a los m\u00e9dicos. Esta es una misi\u00f3n en curso de la Iniciativa para la Reducci\u00f3n del Riesgo Residual (R3i). Hay razones claras para considerar los triglic\u00e9ridos no desayunados como un factor que contribuye al riesgo cardiovascular residual relacionado con los l\u00edpidos y, por tanto, como un \u00edndice preferible para controlar la eficacia del tratamiento, dado que se trata de una representaci\u00f3n fisiol\u00f3gica m\u00e1s fiel del estado normal. Y, por \u00faltimo, aunque hay opciones disponibles para abordar la hipertrigliceridemia residual, 2015 ha ofrecido perspectivas tentadoras sobre las posibilidades de futuro.   <\/span><\/p>\n<p>[\/et_pb_text][et_pb_text _builder_version=\u00bb4.27.4&#8243; _module_preset=\u00bbdefault\u00bb text_font_size=\u00bb8px\u00bb hover_enabled=\u00bb0&#8243; global_colors_info=\u00bb{}\u00bb sticky_enabled=\u00bb0&#8243;]<\/p>\n<p style=\"font-weight: 400;\"><strong>Referencias<\/strong><\/p>\n<ol>\n<li style=\"font-weight: 400;\"><span>Cholesterol Treatment Trialists&#8217; (CTT) Collaboration, Baigent C, Blackwell L, Emberson J et al. Eficacia y seguridad de la reducci\u00f3n m\u00e1s intensiva del colesterol LDL: un metaan\u00e1lisis de los datos de 170.000 participantes en 26 ensayos aleatorizados. Lancet 2010;376:1670-81.  <\/span><br \/><span class=\"ref ref2\">2.<\/span><span>  Colaboradores de Cholesterol Treatment Trialists&#8217; (CTT), Mihaylova B, Emberson J et al. Efectos de reducir el colesterol LDL con estatinas en personas con bajo riesgo de enfermedad vascular: metaan\u00e1lisis de datos individuales de 27 ensayos aleatorizados. Lancet 2012;380:581-90.  <\/span><br \/><span class=\"ref ref3\">3.<\/span><span>  Reiner \u017d, De Bacquer D, Kotseva K et al. Potencial de tratamiento de la dislipidemia en pacientes con cardiopat\u00eda coronaria en Europa: resultados de la encuesta EUROASPIRE III. Aterosclerosis 2013;231300-7.  <\/span><br \/><span class=\"ref ref4\">4.<\/span><span>  Asghari S, Aref-Eshghi E, Godwin M et al. Dislipidemia simple y mixta en el \u00e1mbito de la atenci\u00f3n primaria canadiense: hallazgos de la base de datos de la red centinela de vigilancia de la atenci\u00f3n primaria canadiense. BMJ open 2015; 5:e007954  <\/span><br \/><span class=\"ref ref5\">5.<\/span><span>  Varbo A, Nordestgaard BG. Colesterol remanente y cardiopat\u00eda isqu\u00e9mica. Curr Opin Lipidol 2014;25:266-73.  <\/span><br \/><span class=\"ref ref6\">6.<\/span><span>  Varbo A, Benn M, Tybj\u00e6rg-Hansen A et al. El colesterol remanente como factor de riesgo causal de cardiopat\u00eda isqu\u00e9mica. J Am Coll Cardiol 2013;61:427-36.  <\/span><br \/><span class=\"ref ref7\">7.<\/span><span>  Varbo A, Benn M, Tybj\u00e6rg-Hansen A, Nordestgaard BG. El colesterol remanente elevado causa tanto inflamaci\u00f3n de bajo grado como cardiopat\u00eda isqu\u00e9mica, mientras que el colesterol de lipoprote\u00ednas de baja densidad elevado causa cardiopat\u00eda isqu\u00e9mica sin inflamaci\u00f3n. Circulation 2013;128:1298-309.  <\/span><br \/><span class=\"ref ref8\">8.<\/span><span>  Nordestgaard BG, Benn M, Schnohr P, Tybjaerg-Hansen A. Triglic\u00e9ridos no desayunados y riesgo de infarto de miocardio, cardiopat\u00eda isqu\u00e9mica y muerte en hombres y mujeres. JAMA 2007;298:299-308. <\/span><br \/><span class=\"ref ref9\">9.<\/span><span>  Cannon CP, Blazing MA, Giugliano RP et al. Ezetimiba a\u00f1adida al tratamiento con estatinas tras s\u00edndromes coronarios agudos. N Engl J Med 2015;372:2387-97.  <\/span><br \/><span class=\"ref ref10\">10.<\/span><span>  Tsujita K, Sugiyama S, Sumida H et al. Impacto de la estrategia hipolipemiante dual con ezetimiba y atorvastatina en la regresi\u00f3n de la placa coronaria en pacientes con intervenci\u00f3n coronaria percut\u00e1nea: ensayo multic\u00e9ntrico aleatorizado y controlado PRECISE-IVUS. J Am Coll Cardiol 2015;66:495-507.  <\/span><br \/><span class=\"ref ref11\">11.<\/span><span>  Ginsberg HN. The ACCORD (Action to Control Cardiovascular Risk in Diabetes) Lipid trial: what we learn from subgroup analyses. Diabetes Care 2011;34 Suppl 2:S107-8.  <\/span><br \/><span class=\"ref ref12\">12.<\/span><span>  Sacks FM, Carey VJ, Fruchart JC. Tratamiento lip\u00eddico combinado en la diabetes de tipo 2. N Engl J Med 2010;363:692-4.  <\/span><\/li>\n<\/ol>\n<p>[\/et_pb_text][\/et_pb_column][\/et_pb_row][\/et_pb_section]<\/p>\n","protected":false},"excerpt":{"rendered":"<p>Editoriales R3iAbordar el riesgo cardiovascular residual: \u00bfes conveniente centrarse en los triglic\u00e9ridos posprandiales? Prof. Michel Hermans, Prof. Pierre Amarenco El tratamiento con estatinas es, sin duda, la piedra angular del tratamiento de la dislipidemia, y resulta eficaz para reducir el riesgo de acontecimientos cardiovasculares, tanto en pacientes diab\u00e9ticos como no diab\u00e9ticos, en un 20-30% por [&hellip;]<\/p>\n","protected":false},"author":258497324,"featured_media":0,"parent":252805,"menu_order":0,"comment_status":"closed","ping_status":"closed","template":"","meta":{"_et_pb_use_builder":"on","_et_pb_old_content":"","_et_gb_content_width":"","_crdt_document":"","jetpack_post_was_ever_published":false,"footnotes":""},"class_list":["post-252827","page","type-page","status-publish","hentry"],"yoast_head":"<!-- This site is optimized with the Yoast SEO plugin v27.3 - https:\/\/yoast.com\/product\/yoast-seo-wordpress\/ -->\n<title>Editorial 02\/16 - Abordar el riesgo cardiovascular residual: \u00bfhay razones para centrarse en los triglic\u00e9ridos posprandiales? - R3I<\/title>\n<meta name=\"robots\" content=\"index, follow, max-snippet:-1, max-image-preview:large, max-video-preview:-1\" \/>\n<link rel=\"canonical\" href=\"https:\/\/r3i.org\/es\/editoriales-r3i\/editorial-02-16-abordar-el-riesgo-cardiovascular-residual-hay-razones-para-centrarse-en-los-trigliceridos-posprandiales\/\" \/>\n<meta property=\"og:locale\" content=\"es_ES\" \/>\n<meta property=\"og:type\" content=\"article\" \/>\n<meta property=\"og:title\" content=\"Editorial 02\/16 - Abordar el riesgo cardiovascular residual: \u00bfhay razones para centrarse en los triglic\u00e9ridos posprandiales? - R3I\" \/>\n<meta property=\"og:description\" content=\"Editoriales R3iAbordar el riesgo cardiovascular residual: \u00bfes conveniente centrarse en los triglic\u00e9ridos posprandiales? Prof. Michel Hermans, Prof. Pierre Amarenco El tratamiento con estatinas es, sin duda, la piedra angular del tratamiento de la dislipidemia, y resulta eficaz para reducir el riesgo de acontecimientos cardiovasculares, tanto en pacientes diab\u00e9ticos como no diab\u00e9ticos, en un 20-30% por [&hellip;]\" \/>\n<meta property=\"og:url\" content=\"https:\/\/r3i.org\/es\/editoriales-r3i\/editorial-02-16-abordar-el-riesgo-cardiovascular-residual-hay-razones-para-centrarse-en-los-trigliceridos-posprandiales\/\" \/>\n<meta property=\"og:site_name\" content=\"R3I\" \/>\n<meta property=\"article:modified_time\" content=\"2025-02-05T21:21:26+00:00\" \/>\n<meta name=\"twitter:card\" content=\"summary_large_image\" \/>\n<meta name=\"twitter:label1\" content=\"Tiempo de lectura\" \/>\n\t<meta name=\"twitter:data1\" content=\"8 minutos\" \/>\n<script type=\"application\/ld+json\" class=\"yoast-schema-graph\">{\"@context\":\"https:\\\/\\\/schema.org\",\"@graph\":[{\"@type\":\"WebPage\",\"@id\":\"https:\\\/\\\/r3i.org\\\/es\\\/editoriales-r3i\\\/editorial-02-16-abordar-el-riesgo-cardiovascular-residual-hay-razones-para-centrarse-en-los-trigliceridos-posprandiales\\\/\",\"url\":\"https:\\\/\\\/r3i.org\\\/es\\\/editoriales-r3i\\\/editorial-02-16-abordar-el-riesgo-cardiovascular-residual-hay-razones-para-centrarse-en-los-trigliceridos-posprandiales\\\/\",\"name\":\"Editorial 02\\\/16 - Abordar el riesgo cardiovascular residual: \u00bfhay razones para centrarse en los triglic\u00e9ridos posprandiales? - R3I\",\"isPartOf\":{\"@id\":\"https:\\\/\\\/r3i.org\\\/es\\\/#website\"},\"datePublished\":\"2025-01-03T21:27:23+00:00\",\"dateModified\":\"2025-02-05T21:21:26+00:00\",\"breadcrumb\":{\"@id\":\"https:\\\/\\\/r3i.org\\\/es\\\/editoriales-r3i\\\/editorial-02-16-abordar-el-riesgo-cardiovascular-residual-hay-razones-para-centrarse-en-los-trigliceridos-posprandiales\\\/#breadcrumb\"},\"inLanguage\":\"es\",\"potentialAction\":[{\"@type\":\"ReadAction\",\"target\":[\"https:\\\/\\\/r3i.org\\\/es\\\/editoriales-r3i\\\/editorial-02-16-abordar-el-riesgo-cardiovascular-residual-hay-razones-para-centrarse-en-los-trigliceridos-posprandiales\\\/\"]}]},{\"@type\":\"BreadcrumbList\",\"@id\":\"https:\\\/\\\/r3i.org\\\/es\\\/editoriales-r3i\\\/editorial-02-16-abordar-el-riesgo-cardiovascular-residual-hay-razones-para-centrarse-en-los-trigliceridos-posprandiales\\\/#breadcrumb\",\"itemListElement\":[{\"@type\":\"ListItem\",\"position\":1,\"name\":\"Home\",\"item\":\"https:\\\/\\\/r3i.org\\\/es\\\/\"},{\"@type\":\"ListItem\",\"position\":2,\"name\":\"Editoriales R3i\",\"item\":\"https:\\\/\\\/r3i.org\\\/es\\\/editoriales-r3i\\\/\"},{\"@type\":\"ListItem\",\"position\":3,\"name\":\"Editorial 02\\\/16 &#8211; Abordar el riesgo cardiovascular residual: \u00bfhay razones para centrarse en los triglic\u00e9ridos posprandiales?\"}]},{\"@type\":\"WebSite\",\"@id\":\"https:\\\/\\\/r3i.org\\\/es\\\/#website\",\"url\":\"https:\\\/\\\/r3i.org\\\/es\\\/\",\"name\":\"R3I\",\"description\":\"Residual Risk Reduction Initiative\",\"publisher\":{\"@id\":\"https:\\\/\\\/r3i.org\\\/es\\\/#organization\"},\"potentialAction\":[{\"@type\":\"SearchAction\",\"target\":{\"@type\":\"EntryPoint\",\"urlTemplate\":\"https:\\\/\\\/r3i.org\\\/es\\\/?s={search_term_string}\"},\"query-input\":{\"@type\":\"PropertyValueSpecification\",\"valueRequired\":true,\"valueName\":\"search_term_string\"}}],\"inLanguage\":\"es\"},{\"@type\":\"Organization\",\"@id\":\"https:\\\/\\\/r3i.org\\\/es\\\/#organization\",\"name\":\"R3I\",\"url\":\"https:\\\/\\\/r3i.org\\\/es\\\/\",\"logo\":{\"@type\":\"ImageObject\",\"inLanguage\":\"es\",\"@id\":\"https:\\\/\\\/r3i.org\\\/es\\\/#\\\/schema\\\/logo\\\/image\\\/\",\"url\":\"https:\\\/\\\/i0.wp.com\\\/r3i.org\\\/wp-content\\\/uploads\\\/2024\\\/11\\\/r3i-logo-transp-1.png?fit=1601%2C834&ssl=1\",\"contentUrl\":\"https:\\\/\\\/i0.wp.com\\\/r3i.org\\\/wp-content\\\/uploads\\\/2024\\\/11\\\/r3i-logo-transp-1.png?fit=1601%2C834&ssl=1\",\"width\":1601,\"height\":834,\"caption\":\"R3I\"},\"image\":{\"@id\":\"https:\\\/\\\/r3i.org\\\/es\\\/#\\\/schema\\\/logo\\\/image\\\/\"}}]}<\/script>\n<!-- \/ Yoast SEO plugin. -->","yoast_head_json":{"title":"Editorial 02\/16 - Abordar el riesgo cardiovascular residual: \u00bfhay razones para centrarse en los triglic\u00e9ridos posprandiales? - R3I","robots":{"index":"index","follow":"follow","max-snippet":"max-snippet:-1","max-image-preview":"max-image-preview:large","max-video-preview":"max-video-preview:-1"},"canonical":"https:\/\/r3i.org\/es\/editoriales-r3i\/editorial-02-16-abordar-el-riesgo-cardiovascular-residual-hay-razones-para-centrarse-en-los-trigliceridos-posprandiales\/","og_locale":"es_ES","og_type":"article","og_title":"Editorial 02\/16 - Abordar el riesgo cardiovascular residual: \u00bfhay razones para centrarse en los triglic\u00e9ridos posprandiales? - R3I","og_description":"Editoriales R3iAbordar el riesgo cardiovascular residual: \u00bfes conveniente centrarse en los triglic\u00e9ridos posprandiales? Prof. Michel Hermans, Prof. Pierre Amarenco El tratamiento con estatinas es, sin duda, la piedra angular del tratamiento de la dislipidemia, y resulta eficaz para reducir el riesgo de acontecimientos cardiovasculares, tanto en pacientes diab\u00e9ticos como no diab\u00e9ticos, en un 20-30% por [&hellip;]","og_url":"https:\/\/r3i.org\/es\/editoriales-r3i\/editorial-02-16-abordar-el-riesgo-cardiovascular-residual-hay-razones-para-centrarse-en-los-trigliceridos-posprandiales\/","og_site_name":"R3I","article_modified_time":"2025-02-05T21:21:26+00:00","twitter_card":"summary_large_image","twitter_misc":{"Tiempo de lectura":"8 minutos"},"schema":{"@context":"https:\/\/schema.org","@graph":[{"@type":"WebPage","@id":"https:\/\/r3i.org\/es\/editoriales-r3i\/editorial-02-16-abordar-el-riesgo-cardiovascular-residual-hay-razones-para-centrarse-en-los-trigliceridos-posprandiales\/","url":"https:\/\/r3i.org\/es\/editoriales-r3i\/editorial-02-16-abordar-el-riesgo-cardiovascular-residual-hay-razones-para-centrarse-en-los-trigliceridos-posprandiales\/","name":"Editorial 02\/16 - Abordar el riesgo cardiovascular residual: \u00bfhay razones para centrarse en los triglic\u00e9ridos posprandiales? - R3I","isPartOf":{"@id":"https:\/\/r3i.org\/es\/#website"},"datePublished":"2025-01-03T21:27:23+00:00","dateModified":"2025-02-05T21:21:26+00:00","breadcrumb":{"@id":"https:\/\/r3i.org\/es\/editoriales-r3i\/editorial-02-16-abordar-el-riesgo-cardiovascular-residual-hay-razones-para-centrarse-en-los-trigliceridos-posprandiales\/#breadcrumb"},"inLanguage":"es","potentialAction":[{"@type":"ReadAction","target":["https:\/\/r3i.org\/es\/editoriales-r3i\/editorial-02-16-abordar-el-riesgo-cardiovascular-residual-hay-razones-para-centrarse-en-los-trigliceridos-posprandiales\/"]}]},{"@type":"BreadcrumbList","@id":"https:\/\/r3i.org\/es\/editoriales-r3i\/editorial-02-16-abordar-el-riesgo-cardiovascular-residual-hay-razones-para-centrarse-en-los-trigliceridos-posprandiales\/#breadcrumb","itemListElement":[{"@type":"ListItem","position":1,"name":"Home","item":"https:\/\/r3i.org\/es\/"},{"@type":"ListItem","position":2,"name":"Editoriales R3i","item":"https:\/\/r3i.org\/es\/editoriales-r3i\/"},{"@type":"ListItem","position":3,"name":"Editorial 02\/16 &#8211; Abordar el riesgo cardiovascular residual: \u00bfhay razones para centrarse en los triglic\u00e9ridos posprandiales?"}]},{"@type":"WebSite","@id":"https:\/\/r3i.org\/es\/#website","url":"https:\/\/r3i.org\/es\/","name":"R3I","description":"Residual Risk Reduction Initiative","publisher":{"@id":"https:\/\/r3i.org\/es\/#organization"},"potentialAction":[{"@type":"SearchAction","target":{"@type":"EntryPoint","urlTemplate":"https:\/\/r3i.org\/es\/?s={search_term_string}"},"query-input":{"@type":"PropertyValueSpecification","valueRequired":true,"valueName":"search_term_string"}}],"inLanguage":"es"},{"@type":"Organization","@id":"https:\/\/r3i.org\/es\/#organization","name":"R3I","url":"https:\/\/r3i.org\/es\/","logo":{"@type":"ImageObject","inLanguage":"es","@id":"https:\/\/r3i.org\/es\/#\/schema\/logo\/image\/","url":"https:\/\/i0.wp.com\/r3i.org\/wp-content\/uploads\/2024\/11\/r3i-logo-transp-1.png?fit=1601%2C834&ssl=1","contentUrl":"https:\/\/i0.wp.com\/r3i.org\/wp-content\/uploads\/2024\/11\/r3i-logo-transp-1.png?fit=1601%2C834&ssl=1","width":1601,"height":834,"caption":"R3I"},"image":{"@id":"https:\/\/r3i.org\/es\/#\/schema\/logo\/image\/"}}]}},"jetpack_likes_enabled":true,"jetpack_sharing_enabled":true,"jetpack_shortlink":"https:\/\/wp.me\/Pgbfv2-13LR","jetpack-related-posts":[],"_links":{"self":[{"href":"https:\/\/r3i.org\/es\/wp-json\/wp\/v2\/pages\/252827","targetHints":{"allow":["GET"]}}],"collection":[{"href":"https:\/\/r3i.org\/es\/wp-json\/wp\/v2\/pages"}],"about":[{"href":"https:\/\/r3i.org\/es\/wp-json\/wp\/v2\/types\/page"}],"author":[{"embeddable":true,"href":"https:\/\/r3i.org\/es\/wp-json\/wp\/v2\/users\/258497324"}],"replies":[{"embeddable":true,"href":"https:\/\/r3i.org\/es\/wp-json\/wp\/v2\/comments?post=252827"}],"version-history":[{"count":2,"href":"https:\/\/r3i.org\/es\/wp-json\/wp\/v2\/pages\/252827\/revisions"}],"predecessor-version":[{"id":252829,"href":"https:\/\/r3i.org\/es\/wp-json\/wp\/v2\/pages\/252827\/revisions\/252829"}],"up":[{"embeddable":true,"href":"https:\/\/r3i.org\/es\/wp-json\/wp\/v2\/pages\/252805"}],"wp:attachment":[{"href":"https:\/\/r3i.org\/es\/wp-json\/wp\/v2\/media?parent=252827"}],"curies":[{"name":"wp","href":"https:\/\/api.w.org\/{rel}","templated":true}]}}