{"id":252818,"date":"2024-12-30T18:58:40","date_gmt":"2024-12-30T17:58:40","guid":{"rendered":"https:\/\/r3i.org\/editoriales-r3i\/editorial-21-01-acidos-grasos-omega-3-para-el-riesgo-cardiovascular-residual-mas-preguntas-que-respuestas\/"},"modified":"2025-02-16T18:55:13","modified_gmt":"2025-02-16T17:55:13","slug":"editorial-21-01-acidos-grasos-omega-3-para-el-riesgo-cardiovascular-residual-mas-preguntas-que-respuestas","status":"publish","type":"page","link":"https:\/\/r3i.org\/es\/editoriales-r3i\/editorial-21-01-acidos-grasos-omega-3-para-el-riesgo-cardiovascular-residual-mas-preguntas-que-respuestas\/","title":{"rendered":"Editorial 21\/01 &#8211; \u00c1cidos grasos omega-3 para el riesgo cardiovascular residual: m\u00e1s preguntas que respuestas"},"content":{"rendered":"<p>[et_pb_section fb_built=\u00bb1&#8243; admin_label=\u00bbHeader\u00bb _builder_version=\u00bb4.27.4&#8243; _module_preset=\u00bb35f37621-1062-4ae6-955d-76a3167a2aa8&#8243; background_image=\u00bbhttps:\/\/r3i.org\/wp-content\/uploads\/2024\/12\/pexels-pixabay-267582.jpg\u00bb parallax=\u00bbon\u00bb min_height=\u00bb157.9px\u00bb min_height_tablet=\u00bb100px\u00bb min_height_phone=\u00bb100px\u00bb min_height_last_edited=\u00bbon|phone\u00bb height=\u00bb116px\u00bb height_tablet=\u00bb153px\u00bb height_phone=\u00bb130px\u00bb height_last_edited=\u00bbon|phone\u00bb custom_margin_tablet=\u00bb\u00bb custom_margin_phone=\u00bb-17px||||false|false\u00bb custom_margin_last_edited=\u00bbon|phone\u00bb custom_padding=\u00bb0vw||0vw||true|false\u00bb collapsed=\u00bbon\u00bb global_colors_info=\u00bb{%22gcid-primary-color%22:%91%22quote_text_color%22,%22background_color_gradient_stops%22%93}\u00bb][et_pb_row _builder_version=\u00bb4.27.4&#8243; _module_preset=\u00bbdefault\u00bb global_colors_info=\u00bb{}\u00bb][et_pb_column type=\u00bb4_4&#8243; _builder_version=\u00bb4.27.0&#8243; _module_preset=\u00bbdefault\u00bb global_colors_info=\u00bb{}\u00bb][et_pb_text _builder_version=\u00bb4.27.4&#8243; _module_preset=\u00bbdefault\u00bb text_text_color=\u00bb#FFFFFF\u00bb header_2_text_color=\u00bb#FFFFFF\u00bb custom_padding=\u00bb1px|||||\u00bb global_colors_info=\u00bb{}\u00bb]<\/p>\n<h2>Editoriales R3i<\/h2>\n<p>[\/et_pb_text][\/et_pb_column][\/et_pb_row][\/et_pb_section][et_pb_section fb_built=\u00bb1&#8243; _builder_version=\u00bb4.27.3&#8243; _module_preset=\u00bbdefault\u00bb custom_margin=\u00bb-49px|||||\u00bb custom_padding=\u00bb2px||40px|||\u00bb global_colors_info=\u00bb{}\u00bb][et_pb_row column_structure=\u00bb1_2,1_2&#8243; _builder_version=\u00bb4.27.4&#8243; _module_preset=\u00bbdefault\u00bb border_radii=\u00bboff|13px|13px|13px|13px\u00bb border_width_all=\u00bb4px\u00bb border_color_all=\u00bbgcid-b673dc17-1b2a-464e-affa-1bf1ab41c0fd\u00bb border_width_all_tablet=\u00bb4px\u00bb border_width_all_phone=\u00bb0px\u00bb border_width_all_last_edited=\u00bbon|phone\u00bb border_color_all_tablet=\u00bbgcid-b673dc17-1b2a-464e-affa-1bf1ab41c0fd\u00bb border_color_all_phone=\u00bbgcid-b673dc17-1b2a-464e-affa-1bf1ab41c0fd\u00bb border_color_all_last_edited=\u00bbon|phone\u00bb box_shadow_style=\u00bbpreset2&#8243; global_colors_info=\u00bb{%22gcid-b673dc17-1b2a-464e-affa-1bf1ab41c0fd%22:%91%22border_color_all%22%93}\u00bb][et_pb_column type=\u00bb1_2&#8243; _builder_version=\u00bb4.27.4&#8243; _module_preset=\u00bbdefault\u00bb global_colors_info=\u00bb{}\u00bb][et_pb_text _builder_version=\u00bb4.27.4&#8243; _module_preset=\u00bbdefault\u00bb text_font_size=\u00bb14px\u00bb header_5_text_color=\u00bbgcid-4907c8d4-9eff-49de-91ce-43a2d3a729cf\u00bb header_6_text_color=\u00bbgcid-secondary-color\u00bb global_colors_info=\u00bb{%22gcid-primary-color%22:%91%22quote_text_color%22,%22quote_text_color%22,%22quote_text_color%22%93,%22gcid-4907c8d4-9eff-49de-91ce-43a2d3a729cf%22:%91%22header_5_text_color%22%93,%22gcid-secondary-color%22:%91%22header_6_text_color%22%93}\u00bb inline_fonts=\u00bbAbyssinica SIL\u00bb]<\/p>\n<h5 style=\"text-align: center;\"><span style=\"font-family: 'Abyssinica SIL'; font-weight: normal; font-size: small;\">Enero de 2021<\/span><\/h5>\n<h5 style=\"text-align: center;\"><span>\u00c1cidos grasos omega-3 para el riesgo cardiovascular residual: m\u00e1s preguntas que respuestas<\/span><\/h5>\n<h6 style=\"text-align: center;\"><span lang=\"EN-GB\">Prof. Jean-Charles Fruchart, <\/span><span lang=\"EN-GB\">Prof. Michel Hermans, Prof. Pierre Amarenco<\/span><\/h6>\n<p><span>Hace tiempo que se considera que los \u00e1cidos grasos omega-3 tienen un papel potencial en la reducci\u00f3n del riesgo cardiovascular residual. Los metaan\u00e1lisis han evaluado esta cuesti\u00f3n; entre los m\u00e1s recientes, la suplementaci\u00f3n con omega-3 redujo significativamente el riesgo de acontecimientos cardiovasculares, as\u00ed como la muerte por cardiopat\u00eda coronaria (CC) o enfermedad cardiovascular   <\/span><sup>1<\/sup><span>. No obstante, es pertinente se\u00f1alar que el intervalo de dosis de estos estudios vari\u00f3 ampliamente (de 376 mg a 4 g diarios), y que la mayor\u00eda utiliz\u00f3 dosis inferiores a 1 g   <\/span><sup>1<\/sup><span>.<\/span><br \/><span>Los estudios anteriores sobre los resultados de los \u00e1cidos grasos omega-3 han tenido resultados variables. JELIS (Japan EPA Lipid Intervention Study) demostr\u00f3 una reducci\u00f3n relativa del 19% en el criterio de valoraci\u00f3n cardiovascular de muerte s\u00fabita cardiaca, infarto de miocardio, angina inestable y revascularizaci\u00f3n coronaria con \u00e1cido eicosapentaenoico (EPA) 1800 mg diarios, adem\u00e1s de estatina, frente a la monoterapia con estatina en pacientes con hipercolesterolemia.   <\/span><sup>2<\/sup><span>. En cambio, tanto en el ensayo VITAL (Vitamin D and Omega-3 Trial) como en el ASCEND (A Study of Cardiovascular Events in Diabetes) no hubo reducci\u00f3n del criterio de valoraci\u00f3n cardiovascular primario en pacientes sin enfermedad cardiovascular ateroscler\u00f3tica cl\u00ednicamente manifiesta (ASCVD), aunque con una dosis m\u00e1s baja (1 g, que contiene 840 mg de EPA y \u00e1cido docosahexaenoico [DHA]).   <\/span><sup>3,4<\/sup><span>.<\/span><br \/><span>REDUCE-IT (Reduction of Cardiovascular Events with Icosapent Ethyl-Intervention Trial) fue un estudio hist\u00f3rico, dirigido espec\u00edficamente a pacientes de alto riesgo con hipertrigliceridemia (con y sin ASCVD) <\/span><sup>5<\/sup><span>. El tratamiento con dosis altas (4 g\/d\u00eda) de icosapent etil (un \u00e9ster purificado de EPA) se asoci\u00f3 a una reducci\u00f3n del 25% en el criterio de valoraci\u00f3n compuesto primario (muerte cardiovascular, infarto de miocardio no mortal o ictus, revascularizaci\u00f3n coronaria o angina inestable). Esto se consigui\u00f3 a pesar de una modesta reducci\u00f3n (del 18%) de los TG    <\/span><sup>5<\/sup><span>. Aunque no hab\u00eda pruebas de que los TG basales influyeran en la magnitud del beneficio cl\u00ednico   <\/span><sup>6<\/sup><span>se observ\u00f3 una asociaci\u00f3n entre los niveles plasm\u00e1ticos de EPA alcanzados y el beneficio cardiovascular <\/span><sup>7<\/sup><span>.<\/span><br \/><span>Tras la euforia de REDUCE-IT, el informe final de STRENGTH (Outcomes Study to Assess STatin Residual Risk Reduction With EpaNova in HiGh CV Risk PatienTs With Hypertriglyceridemia) <\/span><sup>8<\/sup><span>  fue un asunto sombr\u00edo. STRENGTH se interrumpi\u00f3 en enero de 2020 por razones de futilidad, por recomendaci\u00f3n del Comit\u00e9 Independiente de Supervisi\u00f3n de Datos. Los resultados plantean muchas preguntas sobre estos agentes en un contexto de riesgo cardiovascular residual.  <\/span><\/p>\n<p>[\/et_pb_text][\/et_pb_column][et_pb_column type=\u00bb1_2&#8243; _builder_version=\u00bb4.27.4&#8243; _module_preset=\u00bbdefault\u00bb global_colors_info=\u00bb{}\u00bb][et_pb_text _builder_version=\u00bb4.27.4&#8243; _module_preset=\u00bbdefault\u00bb text_text_color=\u00bbgcid-4907c8d4-9eff-49de-91ce-43a2d3a729cf\u00bb text_font_size=\u00bb14px\u00bb global_colors_info=\u00bb{%22gcid-primary-color%22:%91%22quote_text_color%22,%22quote_text_color%22,%22quote_text_color%22%93,%22gcid-4907c8d4-9eff-49de-91ce-43a2d3a729cf%22:%91%22text_text_color%22%93}\u00bb]<\/p>\n<p style=\"font-weight: 400;\"><span>\u00bfPor qu\u00e9 REDUCIR-LO fue positivo pero FORTALEZA fue neutro?<\/span><br \/><span>Varias razones pueden explicar los resultados discrepantes de estos dos estudios. En primer lugar, la formulaci\u00f3n de \u00e1cidos grasos omega-3 utilizada en cada estudio difer\u00eda. Mientras que REDUCE-IT evalu\u00f3 altas dosis de EPA, STRENGTH prob\u00f3 una formulaci\u00f3n de \u00e1cido carbox\u00edlico que conten\u00eda tanto EPA como DHA (Epanova). A pesar de una dosis menor de EPA, esta formulaci\u00f3n no requiere metabolismo hep\u00e1tico, lo que permite niveles sist\u00e9micos y tisulares de EPA similares a los observados con el icosapent etilo. De hecho, a los 12 meses, el aumento de los niveles s\u00e9ricos de EPA fue del 67% en STRENGTH frente al 63% en REDUCE-IT      <\/span><sup>5,8<\/sup><span>.<\/span><\/p>\n<p><span>Otros factores que pueden ser relevantes son las caracter\u00edsticas de las poblaciones de pacientes del estudio, la adherencia al tratamiento, as\u00ed como el impacto del comparador. En cuanto a la poblaci\u00f3n de pacientes, REDUCE-IT incluy\u00f3 una mayor proporci\u00f3n de pacientes con enfermedad arterial coronaria (71% frente a 56% en STRENGTH). Sin embargo, no hubo diferencias evidentes en el cumplimiento del tratamiento o la retenci\u00f3n en el estudio entre REDUCE-IT y STRENGTH. El comparador es claramente un problema. REDUCE-IT utiliz\u00f3 un aceite mineral como comparador. \u00c9ste tuvo efectos desfavorables tanto en el colesterol de lipoprote\u00ednas de baja densidad (LDL-C) como en la prote\u00edna C reactiva de alta sensibilidad (hsCRP), lo que puede haber exagerado la magnitud del beneficio cl\u00ednico con el icosapent etilo. En cambio, el comparador de aceite de ma\u00edz utilizado en STRENGTH no elev\u00f3 el LDL-C, la apolipoprote\u00edna B ni la hsCRP, lo que implica que se trataba de un comparador neutro. Por \u00faltimo, se ha sugerido que el DHA puede neutralizar el beneficio del EPA, aunque no hay pruebas que respalden esta propuesta.       <\/span><\/p>\n<p><span>\u00bfHubo efectos consistentes entre los estudios?<\/span><br \/><span>Ambos estudios coincidieron en mostrar una se\u00f1al adversa para el riesgo de fibrilaci\u00f3n auricular (FA). En particular, STRENGTH mostr\u00f3 un aumento del 69% del riesgo de FA   <\/span><sup>8<\/sup><span>; REDUCE-IT tambi\u00e9n mostr\u00f3 un aumento significativo de la hospitalizaci\u00f3n por FA o aleteo auricular (p=0,004) <\/span><sup>5<\/sup><span>. El reciente ensayo OMEMI (OMega-3 fatty acids in Elderly patients with Myocardial Infarction) mostr\u00f3 un aumento similar del riesgo de FA   <\/span><sup>9<\/sup><span>. Los resultados son dignos de menci\u00f3n, dado que los \u00e1cidos grasos omega-3 se estudiaron ampliamente en ensayos anteriores para prevenir la FA, sobre todo en pacientes sin insuficiencia cardiaca ni disfunci\u00f3n ventricular izquierda. Sin embargo, los an\u00e1lisis del estudio GISSI-HF no aportaron pruebas de que los \u00e1cidos grasos omega-3 1 g diarios redujeran la FA incidente en pacientes con insuficiencia card\u00edaca cr\u00f3nica.    <\/span><sup>10<\/sup><span>.<\/span><\/p>\n<p><span>Dado que la prevalencia de la FA aumenta en los pacientes de edad avanzada, los \u00faltimos resultados de REDUCE-IT, STRENGTH y OMEMI son claramente preocupantes para los m\u00e9dicos. Adem\u00e1s, estos resultados subrayan la necesidad de tratamientos adicionales que sean eficaces para disminuir los TG y, potencialmente, reducir el riesgo cardiovascular residual. Se ha iniciado la carrera en busca de nuevos enfoques a esta cuesti\u00f3n, y esperamos que los resultados de PROMINENT con pemafibrato proporcionen los primeros datos.    <\/span><sup>11<\/sup><span>.<\/span><\/p>\n<p>[\/et_pb_text][et_pb_text _builder_version=\u00bb4.27.4&#8243; _module_preset=\u00bbdefault\u00bb text_font_size=\u00bb8px\u00bb global_colors_info=\u00bb{}\u00bb]<\/p>\n<p style=\"font-weight: 400;\"><strong>Referencias<\/strong><\/p>\n<ol>\n<li style=\"font-weight: 400;\"><span>Hu Y, Hu FB, Manson JE. Suplementos marinos de omega-3 y enfermedad cardiovascular: un metaan\u00e1lisis actualizado de 13 ensayos controlados aleatorizados con 127 477 participantes. J Am Heart Assoc 2019;8:e013543.  <\/span><br \/><span class=\"ref ref2\">2.<\/span><span>  Yokoyama M, Origasa H, Matsuzaki M, et al. Efectos del \u00e1cido eicosapentaenoico sobre los principales acontecimientos coronarios en pacientes hipercolesterol\u00e9micos (JELIS): un an\u00e1lisis aleatorizado, abierto y ciego. Lancet. 2007;369:1090-1098.   <\/span><br \/><span class=\"ref ref3\">3.<\/span><span>  Manson JE, Cook NR, Lee IM, et al. \u00c1cidos grasos marinos n-3 y prevenci\u00f3n de enfermedades cardiovasculares y c\u00e1ncer. N Engl J Med 2019; 380:23-32.  <\/span><br \/><span class=\"ref ref4\">4.<\/span><span>  Grupo ASC, Bowman L, Mafham M, et al. Efectos de los suplementos de \u00e1cidos grasos n-3 en la diabetes mellitus. N Engl J Med 2018; 379:1540-1550.  <\/span><br \/><span class=\"ref ref5\">5.<\/span><span>  Bhatt DL, Steg PG, Miller M, et al; Investigadores de REDUCE-IT. Reducci\u00f3n del riesgo cardiovascular con icosapent et\u00edlico para la hipertrigliceridemia. N Engl J Med 2019;380:11-22.  <\/span><br \/><span class=\"ref ref6\">6.<\/span><span>  Bhatt DL, Steg PG, Miller M, et al. Reducci\u00f3n de los primeros episodios isqu\u00e9micos y de los episodios isqu\u00e9micos totales con icosapent et\u00edlico en todos los terciles de triglic\u00e9ridos basales. J Am Coll Cardiol 2019;74: 1159 &#8211; 61.  <\/span><br \/><span class=\"ref ref7\">7.<\/span><span>  <a href=\"https:\/\/www.acc.org\/latest-in-cardiology\/articles\/2020\/03\/24\/16\/41\/mon-1045-eicosapentaenoic-acid-levels-in-reduce-it-acc-2020\" rel=\"nofollow\">https:\/\/www.acc.org\/latest-in-cardiology\/articles\/2020\/03\/24\/16\/41\/mon-1045-eicosapentaenoic-acid-levels-in-reduce-it-acc-2020<\/a>. 2020. [Consultado el 3 de diciembre de 2020]. <\/span><br \/><span class=\"ref ref8\">8.<\/span><span>  Nicholls SJ, Lincoff AM, Garcia M, et al. Efecto de las altas dosis de \u00e1cidos grasos omega-3 frente al aceite de ma\u00edz sobre los principales acontecimientos cardiovasculares adversos en pacientes con alto riesgo cardiovascular: ensayo cl\u00ednico aleatorizado STRENGTH. JAMA 2020; doi: 10.1001\/jama.2020.22258  <\/span><br \/><span class=\"ref ref9\">9.<\/span><span>  Kalstad AA, Myhre PL, Laake K, et al, en nombre de los investigadores de OMEMI. Efectos de los suplementos de \u00e1cidos grasos n-3 en pacientes ancianos tras un infarto de miocardio: ensayo controlado aleatorizado. Circulation 2020; doi\/10.1161\/CIRCULATIONAHA.120.052209.  <\/span><br \/><span class=\"ref ref10\">10.<\/span><span>  Aleksova A, Masson S, Maggioni AP, et al. \u00c1cidos grasos poliinsaturados n-3 y fibrilaci\u00f3n auricular en pacientes con insuficiencia cardiaca cr\u00f3nica: ensayo GISSI-HF. Eur J Heart Fail 2013;15:1289-95. <\/span><br \/><span class=\"ref ref11\">11.<\/span><span>  Pradhan AD, Paynter NP, Everett BM et al. Justificaci\u00f3n y dise\u00f1o del estudio Pemafibrate to Reduce Cardiovascular Outcomes by Reducing Triglycerides in Patients with Diabetes (PROMINENT). Am Heart J 2018;206:80-93.  <\/span><\/li>\n<\/ol>\n<p>[\/et_pb_text][\/et_pb_column][\/et_pb_row][\/et_pb_section]<\/p>\n","protected":false},"excerpt":{"rendered":"<p>Editoriales R3iEnero de 2021 \u00c1cidos grasos omega-3 para el riesgo cardiovascular residual: m\u00e1s preguntas que respuestas Prof. Jean-Charles Fruchart, Prof. Michel Hermans, Prof. Pierre Amarenco Hace tiempo que se considera que los \u00e1cidos grasos omega-3 tienen un papel potencial en la reducci\u00f3n del riesgo cardiovascular residual. Los metaan\u00e1lisis han evaluado esta cuesti\u00f3n; entre los m\u00e1s [&hellip;]<\/p>\n","protected":false},"author":258497324,"featured_media":0,"parent":252805,"menu_order":0,"comment_status":"closed","ping_status":"closed","template":"","meta":{"_et_pb_use_builder":"on","_et_pb_old_content":"","_et_gb_content_width":"","_crdt_document":"","jetpack_post_was_ever_published":false,"footnotes":""},"class_list":["post-252818","page","type-page","status-publish","hentry"],"yoast_head":"<!-- This site is optimized with the Yoast SEO plugin v27.3 - https:\/\/yoast.com\/product\/yoast-seo-wordpress\/ -->\n<title>Editorial 21\/01 - \u00c1cidos grasos omega-3 para el riesgo cardiovascular residual: m\u00e1s preguntas que respuestas - R3I<\/title>\n<meta name=\"robots\" content=\"index, follow, max-snippet:-1, max-image-preview:large, max-video-preview:-1\" \/>\n<link rel=\"canonical\" href=\"https:\/\/r3i.org\/es\/editoriales-r3i\/editorial-21-01-acidos-grasos-omega-3-para-el-riesgo-cardiovascular-residual-mas-preguntas-que-respuestas\/\" \/>\n<meta property=\"og:locale\" content=\"es_ES\" \/>\n<meta property=\"og:type\" content=\"article\" \/>\n<meta property=\"og:title\" content=\"Editorial 21\/01 - \u00c1cidos grasos omega-3 para el riesgo cardiovascular residual: m\u00e1s preguntas que respuestas - R3I\" \/>\n<meta property=\"og:description\" content=\"Editoriales R3iEnero de 2021 \u00c1cidos grasos omega-3 para el riesgo cardiovascular residual: m\u00e1s preguntas que respuestas Prof. Jean-Charles Fruchart, Prof. Michel Hermans, Prof. Pierre Amarenco Hace tiempo que se considera que los \u00e1cidos grasos omega-3 tienen un papel potencial en la reducci\u00f3n del riesgo cardiovascular residual. Los metaan\u00e1lisis han evaluado esta cuesti\u00f3n; entre los m\u00e1s [&hellip;]\" \/>\n<meta property=\"og:url\" content=\"https:\/\/r3i.org\/es\/editoriales-r3i\/editorial-21-01-acidos-grasos-omega-3-para-el-riesgo-cardiovascular-residual-mas-preguntas-que-respuestas\/\" \/>\n<meta property=\"og:site_name\" content=\"R3I\" \/>\n<meta property=\"article:modified_time\" content=\"2025-02-16T17:55:13+00:00\" \/>\n<meta name=\"twitter:card\" content=\"summary_large_image\" \/>\n<meta name=\"twitter:label1\" content=\"Tiempo de lectura\" \/>\n\t<meta name=\"twitter:data1\" content=\"9 minutos\" \/>\n<script type=\"application\/ld+json\" class=\"yoast-schema-graph\">{\"@context\":\"https:\\\/\\\/schema.org\",\"@graph\":[{\"@type\":\"WebPage\",\"@id\":\"https:\\\/\\\/r3i.org\\\/es\\\/editoriales-r3i\\\/editorial-21-01-acidos-grasos-omega-3-para-el-riesgo-cardiovascular-residual-mas-preguntas-que-respuestas\\\/\",\"url\":\"https:\\\/\\\/r3i.org\\\/es\\\/editoriales-r3i\\\/editorial-21-01-acidos-grasos-omega-3-para-el-riesgo-cardiovascular-residual-mas-preguntas-que-respuestas\\\/\",\"name\":\"Editorial 21\\\/01 - \u00c1cidos grasos omega-3 para el riesgo cardiovascular residual: m\u00e1s preguntas que respuestas - R3I\",\"isPartOf\":{\"@id\":\"https:\\\/\\\/r3i.org\\\/es\\\/#website\"},\"datePublished\":\"2024-12-30T17:58:40+00:00\",\"dateModified\":\"2025-02-16T17:55:13+00:00\",\"breadcrumb\":{\"@id\":\"https:\\\/\\\/r3i.org\\\/es\\\/editoriales-r3i\\\/editorial-21-01-acidos-grasos-omega-3-para-el-riesgo-cardiovascular-residual-mas-preguntas-que-respuestas\\\/#breadcrumb\"},\"inLanguage\":\"es\",\"potentialAction\":[{\"@type\":\"ReadAction\",\"target\":[\"https:\\\/\\\/r3i.org\\\/es\\\/editoriales-r3i\\\/editorial-21-01-acidos-grasos-omega-3-para-el-riesgo-cardiovascular-residual-mas-preguntas-que-respuestas\\\/\"]}]},{\"@type\":\"BreadcrumbList\",\"@id\":\"https:\\\/\\\/r3i.org\\\/es\\\/editoriales-r3i\\\/editorial-21-01-acidos-grasos-omega-3-para-el-riesgo-cardiovascular-residual-mas-preguntas-que-respuestas\\\/#breadcrumb\",\"itemListElement\":[{\"@type\":\"ListItem\",\"position\":1,\"name\":\"Home\",\"item\":\"https:\\\/\\\/r3i.org\\\/es\\\/\"},{\"@type\":\"ListItem\",\"position\":2,\"name\":\"Editoriales R3i\",\"item\":\"https:\\\/\\\/r3i.org\\\/es\\\/editoriales-r3i\\\/\"},{\"@type\":\"ListItem\",\"position\":3,\"name\":\"Editorial 21\\\/01 &#8211; \u00c1cidos grasos omega-3 para el riesgo cardiovascular residual: m\u00e1s preguntas que respuestas\"}]},{\"@type\":\"WebSite\",\"@id\":\"https:\\\/\\\/r3i.org\\\/es\\\/#website\",\"url\":\"https:\\\/\\\/r3i.org\\\/es\\\/\",\"name\":\"R3I\",\"description\":\"Residual Risk Reduction Initiative\",\"publisher\":{\"@id\":\"https:\\\/\\\/r3i.org\\\/es\\\/#organization\"},\"potentialAction\":[{\"@type\":\"SearchAction\",\"target\":{\"@type\":\"EntryPoint\",\"urlTemplate\":\"https:\\\/\\\/r3i.org\\\/es\\\/?s={search_term_string}\"},\"query-input\":{\"@type\":\"PropertyValueSpecification\",\"valueRequired\":true,\"valueName\":\"search_term_string\"}}],\"inLanguage\":\"es\"},{\"@type\":\"Organization\",\"@id\":\"https:\\\/\\\/r3i.org\\\/es\\\/#organization\",\"name\":\"R3I\",\"url\":\"https:\\\/\\\/r3i.org\\\/es\\\/\",\"logo\":{\"@type\":\"ImageObject\",\"inLanguage\":\"es\",\"@id\":\"https:\\\/\\\/r3i.org\\\/es\\\/#\\\/schema\\\/logo\\\/image\\\/\",\"url\":\"https:\\\/\\\/i0.wp.com\\\/r3i.org\\\/wp-content\\\/uploads\\\/2024\\\/11\\\/r3i-logo-transp-1.png?fit=1601%2C834&ssl=1\",\"contentUrl\":\"https:\\\/\\\/i0.wp.com\\\/r3i.org\\\/wp-content\\\/uploads\\\/2024\\\/11\\\/r3i-logo-transp-1.png?fit=1601%2C834&ssl=1\",\"width\":1601,\"height\":834,\"caption\":\"R3I\"},\"image\":{\"@id\":\"https:\\\/\\\/r3i.org\\\/es\\\/#\\\/schema\\\/logo\\\/image\\\/\"}}]}<\/script>\n<!-- \/ Yoast SEO plugin. -->","yoast_head_json":{"title":"Editorial 21\/01 - \u00c1cidos grasos omega-3 para el riesgo cardiovascular residual: m\u00e1s preguntas que respuestas - R3I","robots":{"index":"index","follow":"follow","max-snippet":"max-snippet:-1","max-image-preview":"max-image-preview:large","max-video-preview":"max-video-preview:-1"},"canonical":"https:\/\/r3i.org\/es\/editoriales-r3i\/editorial-21-01-acidos-grasos-omega-3-para-el-riesgo-cardiovascular-residual-mas-preguntas-que-respuestas\/","og_locale":"es_ES","og_type":"article","og_title":"Editorial 21\/01 - \u00c1cidos grasos omega-3 para el riesgo cardiovascular residual: m\u00e1s preguntas que respuestas - R3I","og_description":"Editoriales R3iEnero de 2021 \u00c1cidos grasos omega-3 para el riesgo cardiovascular residual: m\u00e1s preguntas que respuestas Prof. Jean-Charles Fruchart, Prof. Michel Hermans, Prof. Pierre Amarenco Hace tiempo que se considera que los \u00e1cidos grasos omega-3 tienen un papel potencial en la reducci\u00f3n del riesgo cardiovascular residual. Los metaan\u00e1lisis han evaluado esta cuesti\u00f3n; entre los m\u00e1s [&hellip;]","og_url":"https:\/\/r3i.org\/es\/editoriales-r3i\/editorial-21-01-acidos-grasos-omega-3-para-el-riesgo-cardiovascular-residual-mas-preguntas-que-respuestas\/","og_site_name":"R3I","article_modified_time":"2025-02-16T17:55:13+00:00","twitter_card":"summary_large_image","twitter_misc":{"Tiempo de lectura":"9 minutos"},"schema":{"@context":"https:\/\/schema.org","@graph":[{"@type":"WebPage","@id":"https:\/\/r3i.org\/es\/editoriales-r3i\/editorial-21-01-acidos-grasos-omega-3-para-el-riesgo-cardiovascular-residual-mas-preguntas-que-respuestas\/","url":"https:\/\/r3i.org\/es\/editoriales-r3i\/editorial-21-01-acidos-grasos-omega-3-para-el-riesgo-cardiovascular-residual-mas-preguntas-que-respuestas\/","name":"Editorial 21\/01 - \u00c1cidos grasos omega-3 para el riesgo cardiovascular residual: m\u00e1s preguntas que respuestas - R3I","isPartOf":{"@id":"https:\/\/r3i.org\/es\/#website"},"datePublished":"2024-12-30T17:58:40+00:00","dateModified":"2025-02-16T17:55:13+00:00","breadcrumb":{"@id":"https:\/\/r3i.org\/es\/editoriales-r3i\/editorial-21-01-acidos-grasos-omega-3-para-el-riesgo-cardiovascular-residual-mas-preguntas-que-respuestas\/#breadcrumb"},"inLanguage":"es","potentialAction":[{"@type":"ReadAction","target":["https:\/\/r3i.org\/es\/editoriales-r3i\/editorial-21-01-acidos-grasos-omega-3-para-el-riesgo-cardiovascular-residual-mas-preguntas-que-respuestas\/"]}]},{"@type":"BreadcrumbList","@id":"https:\/\/r3i.org\/es\/editoriales-r3i\/editorial-21-01-acidos-grasos-omega-3-para-el-riesgo-cardiovascular-residual-mas-preguntas-que-respuestas\/#breadcrumb","itemListElement":[{"@type":"ListItem","position":1,"name":"Home","item":"https:\/\/r3i.org\/es\/"},{"@type":"ListItem","position":2,"name":"Editoriales R3i","item":"https:\/\/r3i.org\/es\/editoriales-r3i\/"},{"@type":"ListItem","position":3,"name":"Editorial 21\/01 &#8211; \u00c1cidos grasos omega-3 para el riesgo cardiovascular residual: m\u00e1s preguntas que respuestas"}]},{"@type":"WebSite","@id":"https:\/\/r3i.org\/es\/#website","url":"https:\/\/r3i.org\/es\/","name":"R3I","description":"Residual Risk Reduction Initiative","publisher":{"@id":"https:\/\/r3i.org\/es\/#organization"},"potentialAction":[{"@type":"SearchAction","target":{"@type":"EntryPoint","urlTemplate":"https:\/\/r3i.org\/es\/?s={search_term_string}"},"query-input":{"@type":"PropertyValueSpecification","valueRequired":true,"valueName":"search_term_string"}}],"inLanguage":"es"},{"@type":"Organization","@id":"https:\/\/r3i.org\/es\/#organization","name":"R3I","url":"https:\/\/r3i.org\/es\/","logo":{"@type":"ImageObject","inLanguage":"es","@id":"https:\/\/r3i.org\/es\/#\/schema\/logo\/image\/","url":"https:\/\/i0.wp.com\/r3i.org\/wp-content\/uploads\/2024\/11\/r3i-logo-transp-1.png?fit=1601%2C834&ssl=1","contentUrl":"https:\/\/i0.wp.com\/r3i.org\/wp-content\/uploads\/2024\/11\/r3i-logo-transp-1.png?fit=1601%2C834&ssl=1","width":1601,"height":834,"caption":"R3I"},"image":{"@id":"https:\/\/r3i.org\/es\/#\/schema\/logo\/image\/"}}]}},"jetpack_likes_enabled":true,"jetpack_sharing_enabled":true,"jetpack_shortlink":"https:\/\/wp.me\/Pgbfv2-13LI","jetpack-related-posts":[],"_links":{"self":[{"href":"https:\/\/r3i.org\/es\/wp-json\/wp\/v2\/pages\/252818","targetHints":{"allow":["GET"]}}],"collection":[{"href":"https:\/\/r3i.org\/es\/wp-json\/wp\/v2\/pages"}],"about":[{"href":"https:\/\/r3i.org\/es\/wp-json\/wp\/v2\/types\/page"}],"author":[{"embeddable":true,"href":"https:\/\/r3i.org\/es\/wp-json\/wp\/v2\/users\/258497324"}],"replies":[{"embeddable":true,"href":"https:\/\/r3i.org\/es\/wp-json\/wp\/v2\/comments?post=252818"}],"version-history":[{"count":5,"href":"https:\/\/r3i.org\/es\/wp-json\/wp\/v2\/pages\/252818\/revisions"}],"predecessor-version":[{"id":253943,"href":"https:\/\/r3i.org\/es\/wp-json\/wp\/v2\/pages\/252818\/revisions\/253943"}],"up":[{"embeddable":true,"href":"https:\/\/r3i.org\/es\/wp-json\/wp\/v2\/pages\/252805"}],"wp:attachment":[{"href":"https:\/\/r3i.org\/es\/wp-json\/wp\/v2\/media?parent=252818"}],"curies":[{"name":"wp","href":"https:\/\/api.w.org\/{rel}","templated":true}]}}