{"id":252815,"date":"2025-01-03T21:22:40","date_gmt":"2025-01-03T20:22:40","guid":{"rendered":"https:\/\/r3i.org\/editoriales-r3i\/editorial-01-18-abordar-el-riesgo-cardiovascular-residual-volver-a-lo-basico\/"},"modified":"2025-02-05T22:19:31","modified_gmt":"2025-02-05T21:19:31","slug":"editorial-01-18-abordar-el-riesgo-cardiovascular-residual-volver-a-lo-basico","status":"publish","type":"page","link":"https:\/\/r3i.org\/es\/editoriales-r3i\/editorial-01-18-abordar-el-riesgo-cardiovascular-residual-volver-a-lo-basico\/","title":{"rendered":"Editorial 01\/18 &#8211; Abordar el riesgo cardiovascular residual: \u00bfvolver a lo b\u00e1sico?"},"content":{"rendered":"<p>[et_pb_section fb_built=\u00bb1&#8243; admin_label=\u00bbHeader\u00bb _builder_version=\u00bb4.27.4&#8243; _module_preset=\u00bb35f37621-1062-4ae6-955d-76a3167a2aa8&#8243; background_image=\u00bbhttps:\/\/r3i.org\/wp-content\/uploads\/2024\/12\/pexels-pixabay-267582.jpg\u00bb parallax=\u00bbon\u00bb min_height=\u00bb157.9px\u00bb min_height_tablet=\u00bb100px\u00bb min_height_phone=\u00bb100px\u00bb min_height_last_edited=\u00bbon|phone\u00bb height=\u00bb116px\u00bb height_tablet=\u00bb153px\u00bb height_phone=\u00bb130px\u00bb height_last_edited=\u00bbon|phone\u00bb custom_margin_tablet=\u00bb\u00bb custom_margin_phone=\u00bb-17px||||false|false\u00bb custom_margin_last_edited=\u00bbon|phone\u00bb custom_padding=\u00bb0vw||0vw||true|false\u00bb collapsed=\u00bbon\u00bb global_colors_info=\u00bb{%22gcid-primary-color%22:%91%22quote_text_color%22,%22background_color_gradient_stops%22%93}\u00bb][et_pb_row _builder_version=\u00bb4.27.4&#8243; _module_preset=\u00bbdefault\u00bb global_colors_info=\u00bb{}\u00bb][et_pb_column type=\u00bb4_4&#8243; _builder_version=\u00bb4.27.0&#8243; _module_preset=\u00bbdefault\u00bb global_colors_info=\u00bb{}\u00bb][et_pb_text _builder_version=\u00bb4.27.4&#8243; _module_preset=\u00bbdefault\u00bb text_text_color=\u00bb#FFFFFF\u00bb header_2_text_color=\u00bb#FFFFFF\u00bb custom_padding=\u00bb1px|||||\u00bb global_colors_info=\u00bb{}\u00bb]<\/p>\n<h2>Editoriales R3i<\/h2>\n<p>[\/et_pb_text][\/et_pb_column][\/et_pb_row][\/et_pb_section][et_pb_section fb_built=\u00bb1&#8243; _builder_version=\u00bb4.27.3&#8243; _module_preset=\u00bbdefault\u00bb custom_margin=\u00bb-49px|||||\u00bb custom_padding=\u00bb2px||40px|||\u00bb global_colors_info=\u00bb{}\u00bb][et_pb_row column_structure=\u00bb1_2,1_2&#8243; _builder_version=\u00bb4.27.4&#8243; _module_preset=\u00bbdefault\u00bb border_radii=\u00bboff|13px|13px|13px|13px\u00bb border_width_all=\u00bb4px\u00bb border_color_all=\u00bbgcid-b673dc17-1b2a-464e-affa-1bf1ab41c0fd\u00bb border_width_all_tablet=\u00bb4px\u00bb border_width_all_phone=\u00bb0px\u00bb border_width_all_last_edited=\u00bbon|phone\u00bb border_color_all_tablet=\u00bbgcid-b673dc17-1b2a-464e-affa-1bf1ab41c0fd\u00bb border_color_all_phone=\u00bbgcid-b673dc17-1b2a-464e-affa-1bf1ab41c0fd\u00bb border_color_all_last_edited=\u00bbon|phone\u00bb box_shadow_style=\u00bbpreset2&#8243; global_colors_info=\u00bb{%22gcid-b673dc17-1b2a-464e-affa-1bf1ab41c0fd%22:%91%22border_color_all%22%93}\u00bb][et_pb_column type=\u00bb1_2&#8243; _builder_version=\u00bb4.27.4&#8243; _module_preset=\u00bbdefault\u00bb global_colors_info=\u00bb{}\u00bb][et_pb_text _builder_version=\u00bb4.27.4&#8243; _module_preset=\u00bbdefault\u00bb text_font_size=\u00bb14px\u00bb header_5_text_color=\u00bbgcid-4907c8d4-9eff-49de-91ce-43a2d3a729cf\u00bb header_6_text_color=\u00bbgcid-secondary-color\u00bb hover_enabled=\u00bb0&#8243; global_colors_info=\u00bb{%22gcid-primary-color%22:%91%22quote_text_color%22,%22quote_text_color%22,%22quote_text_color%22%93,%22gcid-4907c8d4-9eff-49de-91ce-43a2d3a729cf%22:%91%22header_5_text_color%22%93,%22gcid-secondary-color%22:%91%22header_6_text_color%22%93}\u00bb sticky_enabled=\u00bb0&#8243;]<\/p>\n<h5 style=\"text-align: center;\"><span>Abordar el riesgo cardiovascular residual: \u00bfvolver a lo b\u00e1sico?<\/span><\/h5>\n<h6 style=\"text-align: center;\"><span lang=\"EN-GB\">Prof. Michel Hermans, Prof. Pierre Amarenco<\/span><\/h6>\n<p><span>Aunque 2017 ha sido sin duda una \u00abmonta\u00f1a rusa\u00bb para la investigaci\u00f3n lip\u00eddica, tambi\u00e9n ha aportado importantes conocimientos para la gesti\u00f3n del riesgo cardiovascular residual. El ensayo FOURIER (Further Cardiovascular Outcomes Research With PCSK9 Inhibition in Subjects With Elevated Risk) fue el primero en liderar el ataque, demostrando un beneficio incremental con un enfoque de \u00abcuanto m\u00e1s bajo, mejor\u00bb dirigido al colesterol de lipoprote\u00ednas de baja densidad (LDL-C) con el inhibidor de PCSK9 evolocumab en pacientes con enfermedad cardiovascular ateroscler\u00f3tica (ECVA) estable en tratamiento intensivo con estatinas.   <\/span><sup>1<\/sup><span>. El ensayo CANTOS (Canakinumab Anti-inflammatory Thrombosis Outcomes Study), que marc\u00f3 un hito, aport\u00f3 una prueba de concepto de la importancia de atacar el riesgo inflamatorio residual con canakinumab, un anticuerpo monoclonal contra la interleucina-1? en pacientes con un infarto de miocardio previo y niveles elevados de prote\u00edna C reactiva, bien tratados con estatinas.    <\/span><sup>2<\/sup><span>. Por \u00faltimo, COMPASS (Cardiovascular Outcomes for People Using Anticoagulation Strategies), comentado como ensayo Landmark de este mes.   <\/span><sup>3<\/sup><span>El ensayo de la combinaci\u00f3n de rivaroxab\u00e1n y aspirina demostr\u00f3 la superioridad de la combinaci\u00f3n de rivaroxab\u00e1n y aspirina frente a la aspirina sola en pacientes con ASCVD estable, lo que provoc\u00f3 la finalizaci\u00f3n anticipada del ensayo, aunque a costa de un aumento de las hemorragias. Est\u00e1 claro que cada una de estas estrategias tiene el potencial de abordar el riesgo cardiovascular residual, ofreciendo incluso la oportunidad de adaptar la terapia al tipo de riesgo cardiovascular residual. Sin embargo, a pesar de estas ideas, \u00bfacaso estamos pasando por alto un par de principios fundamentales de la asistencia que deber\u00edan priorizarse antes de considerar enfoques novedosos y m\u00e1s costosos?  <\/span><\/p>\n<p><span>Para prevenir el riesgo cardiovascular residual tenemos que volver a lo b\u00e1sico, asegur\u00e1ndonos de que las directrices se aplican adecuadamente, los tratamientos se dirigen con eficacia y se garantiza su cumplimiento. El Focus de este mes plantea la cuesti\u00f3n de la elegibilidad para el tratamiento hipolipemiante. Como muestra este informe    <\/span><sup>4<\/sup><span>, pacientes en prevenci\u00f3n primaria considerados no aptos para el tratamiento con estatinas seg\u00fan las directrices europeas actuales <\/span><sup>5<\/sup><span>  pero con triglic\u00e9ridos elevados (?3,0 mmol\/L) tienen un riesgo elevado de ASCVD. En una poblaci\u00f3n general, esto afectar\u00eda al 7% -o 1 de cada 14- de los sujetos. Por supuesto, las directrices se basan necesariamente en la evidencia, y la falta de resultados concluyentes de los principales estudios de resultados hasta la fecha ha sido el obst\u00e1culo para la inclusi\u00f3n de los triglic\u00e9ridos elevados en las puntuaciones de predicci\u00f3n del riesgo. Tres ensayos, dos con terapia de \u00e1cidos grasos n-3 (REDUCE-IT, n\u00famero de ClinicalTrials NCT01492361 y STRENGTH; NCT02104817) y uno con el modulador selectivo del receptor alfa del activador de los proliferadores peroxisomales, el pemafibrato (PROMINENT; NCT03071692), est\u00e1n en marcha con el objetivo de abordar esta laguna en las pruebas. As\u00ed pues, es de esperar que en el futuro dispongamos de informaci\u00f3n definitiva sobre la medida en que las lipoprote\u00ednas ricas en triglic\u00e9ridos y sus restos contribuyen al riesgo cardiovascular residual relacionado con los l\u00edpidos.    <\/span><\/p>\n<p>[\/et_pb_text][\/et_pb_column][et_pb_column type=\u00bb1_2&#8243; _builder_version=\u00bb4.27.4&#8243; _module_preset=\u00bbdefault\u00bb global_colors_info=\u00bb{}\u00bb][et_pb_text _builder_version=\u00bb4.27.4&#8243; _module_preset=\u00bbdefault\u00bb text_text_color=\u00bbgcid-4907c8d4-9eff-49de-91ce-43a2d3a729cf\u00bb text_font_size=\u00bb14px\u00bb hover_enabled=\u00bb0&#8243; global_colors_info=\u00bb{%22gcid-primary-color%22:%91%22quote_text_color%22,%22quote_text_color%22,%22quote_text_color%22%93,%22gcid-4907c8d4-9eff-49de-91ce-43a2d3a729cf%22:%91%22text_text_color%22%93}\u00bb sticky_enabled=\u00bb0&#8243;]<\/p>\n<p><span>En segundo lugar, debemos asegurarnos de que las directrices se aplican adecuadamente y de que los pacientes que necesitan tratamiento lo toman realmente. Por ejemplo, en un an\u00e1lisis del uso de estatinas en m\u00e1s de 500.000 pacientes de alto riesgo en la pr\u00e1ctica real en EE.UU., s\u00f3lo el 15% inici\u00f3 el tratamiento con una estatina de alta intensidad (el enfoque recomendado por las directrices), y de ellos, aproximadamente uno de cada cinco fue cambiado posteriormente a una estatina de intensidad moderada o baja.   <\/span><sup>6<\/sup><span>. Adem\u00e1s, la adherencia a la medicaci\u00f3n es un problema profundo en el \u00e1mbito de la prevenci\u00f3n secundaria, con un marcado impacto en la consecuci\u00f3n de objetivos y en los resultados cl\u00ednicos. En EUROASPIRE IV, una encuesta transversal sobre la atenci\u00f3n en prevenci\u00f3n secundaria en 14 regiones europeas, de los pacientes dislipid\u00e9micos a los que se prescribi\u00f3 tratamiento, menos de un tercio alcanzaron un LDL-C &lt;2,6?mmol\/l (100 mg\/dl), y a\u00fan menos el objetivo recomendado de &lt;1,8 mmol\/l (70 mg\/dl). Por no hablar de la escasa aceptaci\u00f3n de las estrategias de intervenci\u00f3n sobre el estilo de vida; casi uno de cada cinco pacientes sigue fumando     <\/span><sup>7<\/sup><span>y aspectos espec\u00edficos relacionados con la inercia cl\u00ednica.<\/span><\/p>\n<p><span>Teniendo en cuenta que el coste es una cuesti\u00f3n cada vez m\u00e1s relevante, dados los recursos finitos de los sistemas sanitarios, es importante centrarse en estos aspectos b\u00e1sicos. Sin duda, los tratamientos novedosos aportan un valor a\u00f1adido en los pacientes de muy alto riesgo   <\/span><sup>8<\/sup><span>. Sin embargo, garantizar que las directrices se apliquen adecuadamente y que los pacientes sigan el tratamiento prescrito basado en la evidencia -tanto el estilo de vida como la farmacoterapia- es esencial para reducir la carga global del riesgo cardiovascular residual. <\/span><\/p>\n<p>[\/et_pb_text][et_pb_text _builder_version=\u00bb4.27.4&#8243; _module_preset=\u00bbdefault\u00bb text_font_size=\u00bb8px\u00bb hover_enabled=\u00bb0&#8243; global_colors_info=\u00bb{}\u00bb sticky_enabled=\u00bb0&#8243;]<\/p>\n<p style=\"font-weight: 400;\"><strong>Referencias<\/strong><\/p>\n<ol>\n<li style=\"font-weight: 400;\"><span>Sabatine MS, Giugliano RP, Keech AC et al. Evolocumab y resultados cl\u00ednicos en pacientes con enfermedad cardiovascular. N Engl J Med 2017;376:1713-22.  <\/span><br \/><span class=\"ref ref2\">2.<\/span><span>  Ridker PM, Everett BM, Thuren T et al. Tratamiento antiinflamatorio con canakinumab para la enfermedad ateroscler\u00f3tica. N Engl J Med 2017; 377:1119-31.  <\/span><br \/><span class=\"ref ref3\">3.<\/span><span>  Eikelboom JW, Connolly SJ, Bosch J et al. Rivaroxaban con o sin aspirina en la enfermedad cardiovascular estable. N Engl J Med 2017;377:1319-30.  <\/span><br \/><span class=\"ref ref4\">4.<\/span><span>  Madsen CM, Varbo A, Nordestgaard BG. Necesidad insatisfecha de prevenci\u00f3n primaria en individuos con hipertrigliceridemia no elegibles para tratamiento con estatinas seg\u00fan las directrices de la Sociedad Europea de Cardiolog\u00eda\/Sociedad Europea de Aterosclerosis: un estudio contempor\u00e1neo basado en la poblaci\u00f3n. Eur Heart J 2017; doi:10.1093\/eurheartj\/ehx659.  <\/span><br \/><span class=\"ref ref5\">5.<\/span><span>  Catapano AL, Graham I, De Backer G et al. 2016 ESC\/EAS Guidelines for the Management of Dyslipidaemias. Eur Heart J 2016;37:2999-3058. <\/span><br \/><span class=\"ref ref6\">6.<\/span><span>  Lin I, Sung J, Sanchez R et al. Patrones de uso de estatinas en una poblaci\u00f3n real de pacientes con alto riesgo cardiovascular. J Manag Care Spec Pharm. 2016 Jun;22   <\/span><sup>6<\/sup><span>:685-98<\/span><br \/><span class=\"ref ref7\">7.<\/span><span>  Kotseva K, De Bacquer D, De Backer G et al. Estilo de vida y gesti\u00f3n de los factores de riesgo en personas con alto riesgo de enfermedad cardiovascular. A report from the European Society of Cardiology European Action on Secondary and Primary Prevention by Intervention to Reduce Events (EUROASPIRE) IV cross-sectional survey in 14 European regions. Eur J Prev Cardiol. 2016 Dic;23    <\/span><sup>18<\/sup><span>:2007-2018.<\/span><br \/><span class=\"ref ref8\">8.<\/span><span>  Annemans L, Packard CJ, Briggs A, Ray KK. Estrategia de \u00abmayor riesgo-mayor beneficio\u00bb: un enfoque pragm\u00e1tico y rentable para dirigir el uso de las terapias con inhibidores de la PCSK9. Eur Heart J 2017. doi: 10.1093\/eurheartj\/ehx710.     [Epub ahead of print]<\/span><\/li>\n<\/ol>\n<p>[\/et_pb_text][\/et_pb_column][\/et_pb_row][\/et_pb_section]<\/p>\n","protected":false},"excerpt":{"rendered":"<p>Editoriales R3iAbordar el riesgo cardiovascular residual: \u00bfvolver a lo b\u00e1sico? Prof. Michel Hermans, Prof. Pierre Amarenco Aunque 2017 ha sido sin duda una \u00abmonta\u00f1a rusa\u00bb para la investigaci\u00f3n lip\u00eddica, tambi\u00e9n ha aportado importantes conocimientos para la gesti\u00f3n del riesgo cardiovascular residual. El ensayo FOURIER (Further Cardiovascular Outcomes Research With PCSK9 Inhibition in Subjects With Elevated [&hellip;]<\/p>\n","protected":false},"author":258497324,"featured_media":0,"parent":252805,"menu_order":0,"comment_status":"closed","ping_status":"closed","template":"","meta":{"_et_pb_use_builder":"on","_et_pb_old_content":"","_et_gb_content_width":"","_crdt_document":"","jetpack_post_was_ever_published":false,"footnotes":""},"class_list":["post-252815","page","type-page","status-publish","hentry"],"yoast_head":"<!-- This site is optimized with the Yoast SEO plugin v27.3 - https:\/\/yoast.com\/product\/yoast-seo-wordpress\/ -->\n<title>Editorial 01\/18 - Abordar el riesgo cardiovascular residual: \u00bfvolver a lo b\u00e1sico? - R3I<\/title>\n<meta name=\"robots\" content=\"index, follow, max-snippet:-1, max-image-preview:large, max-video-preview:-1\" \/>\n<link rel=\"canonical\" href=\"https:\/\/r3i.org\/es\/editoriales-r3i\/editorial-01-18-abordar-el-riesgo-cardiovascular-residual-volver-a-lo-basico\/\" \/>\n<meta property=\"og:locale\" content=\"es_ES\" \/>\n<meta property=\"og:type\" content=\"article\" \/>\n<meta property=\"og:title\" content=\"Editorial 01\/18 - Abordar el riesgo cardiovascular residual: \u00bfvolver a lo b\u00e1sico? - R3I\" \/>\n<meta property=\"og:description\" content=\"Editoriales R3iAbordar el riesgo cardiovascular residual: \u00bfvolver a lo b\u00e1sico? Prof. Michel Hermans, Prof. Pierre Amarenco Aunque 2017 ha sido sin duda una &quot;monta\u00f1a rusa&quot; para la investigaci\u00f3n lip\u00eddica, tambi\u00e9n ha aportado importantes conocimientos para la gesti\u00f3n del riesgo cardiovascular residual. El ensayo FOURIER (Further Cardiovascular Outcomes Research With PCSK9 Inhibition in Subjects With Elevated [&hellip;]\" \/>\n<meta property=\"og:url\" content=\"https:\/\/r3i.org\/es\/editoriales-r3i\/editorial-01-18-abordar-el-riesgo-cardiovascular-residual-volver-a-lo-basico\/\" \/>\n<meta property=\"og:site_name\" content=\"R3I\" \/>\n<meta property=\"article:modified_time\" content=\"2025-02-05T21:19:31+00:00\" \/>\n<meta name=\"twitter:card\" content=\"summary_large_image\" \/>\n<meta name=\"twitter:label1\" content=\"Tiempo de lectura\" \/>\n\t<meta name=\"twitter:data1\" content=\"8 minutos\" \/>\n<script type=\"application\/ld+json\" class=\"yoast-schema-graph\">{\"@context\":\"https:\\\/\\\/schema.org\",\"@graph\":[{\"@type\":\"WebPage\",\"@id\":\"https:\\\/\\\/r3i.org\\\/es\\\/editoriales-r3i\\\/editorial-01-18-abordar-el-riesgo-cardiovascular-residual-volver-a-lo-basico\\\/\",\"url\":\"https:\\\/\\\/r3i.org\\\/es\\\/editoriales-r3i\\\/editorial-01-18-abordar-el-riesgo-cardiovascular-residual-volver-a-lo-basico\\\/\",\"name\":\"Editorial 01\\\/18 - Abordar el riesgo cardiovascular residual: \u00bfvolver a lo b\u00e1sico? - R3I\",\"isPartOf\":{\"@id\":\"https:\\\/\\\/r3i.org\\\/es\\\/#website\"},\"datePublished\":\"2025-01-03T20:22:40+00:00\",\"dateModified\":\"2025-02-05T21:19:31+00:00\",\"breadcrumb\":{\"@id\":\"https:\\\/\\\/r3i.org\\\/es\\\/editoriales-r3i\\\/editorial-01-18-abordar-el-riesgo-cardiovascular-residual-volver-a-lo-basico\\\/#breadcrumb\"},\"inLanguage\":\"es\",\"potentialAction\":[{\"@type\":\"ReadAction\",\"target\":[\"https:\\\/\\\/r3i.org\\\/es\\\/editoriales-r3i\\\/editorial-01-18-abordar-el-riesgo-cardiovascular-residual-volver-a-lo-basico\\\/\"]}]},{\"@type\":\"BreadcrumbList\",\"@id\":\"https:\\\/\\\/r3i.org\\\/es\\\/editoriales-r3i\\\/editorial-01-18-abordar-el-riesgo-cardiovascular-residual-volver-a-lo-basico\\\/#breadcrumb\",\"itemListElement\":[{\"@type\":\"ListItem\",\"position\":1,\"name\":\"Home\",\"item\":\"https:\\\/\\\/r3i.org\\\/es\\\/\"},{\"@type\":\"ListItem\",\"position\":2,\"name\":\"Editoriales R3i\",\"item\":\"https:\\\/\\\/r3i.org\\\/es\\\/editoriales-r3i\\\/\"},{\"@type\":\"ListItem\",\"position\":3,\"name\":\"Editorial 01\\\/18 &#8211; Abordar el riesgo cardiovascular residual: \u00bfvolver a lo b\u00e1sico?\"}]},{\"@type\":\"WebSite\",\"@id\":\"https:\\\/\\\/r3i.org\\\/es\\\/#website\",\"url\":\"https:\\\/\\\/r3i.org\\\/es\\\/\",\"name\":\"R3I\",\"description\":\"Residual Risk Reduction Initiative\",\"publisher\":{\"@id\":\"https:\\\/\\\/r3i.org\\\/es\\\/#organization\"},\"potentialAction\":[{\"@type\":\"SearchAction\",\"target\":{\"@type\":\"EntryPoint\",\"urlTemplate\":\"https:\\\/\\\/r3i.org\\\/es\\\/?s={search_term_string}\"},\"query-input\":{\"@type\":\"PropertyValueSpecification\",\"valueRequired\":true,\"valueName\":\"search_term_string\"}}],\"inLanguage\":\"es\"},{\"@type\":\"Organization\",\"@id\":\"https:\\\/\\\/r3i.org\\\/es\\\/#organization\",\"name\":\"R3I\",\"url\":\"https:\\\/\\\/r3i.org\\\/es\\\/\",\"logo\":{\"@type\":\"ImageObject\",\"inLanguage\":\"es\",\"@id\":\"https:\\\/\\\/r3i.org\\\/es\\\/#\\\/schema\\\/logo\\\/image\\\/\",\"url\":\"https:\\\/\\\/i0.wp.com\\\/r3i.org\\\/wp-content\\\/uploads\\\/2024\\\/11\\\/r3i-logo-transp-1.png?fit=1601%2C834&ssl=1\",\"contentUrl\":\"https:\\\/\\\/i0.wp.com\\\/r3i.org\\\/wp-content\\\/uploads\\\/2024\\\/11\\\/r3i-logo-transp-1.png?fit=1601%2C834&ssl=1\",\"width\":1601,\"height\":834,\"caption\":\"R3I\"},\"image\":{\"@id\":\"https:\\\/\\\/r3i.org\\\/es\\\/#\\\/schema\\\/logo\\\/image\\\/\"}}]}<\/script>\n<!-- \/ Yoast SEO plugin. -->","yoast_head_json":{"title":"Editorial 01\/18 - Abordar el riesgo cardiovascular residual: \u00bfvolver a lo b\u00e1sico? - R3I","robots":{"index":"index","follow":"follow","max-snippet":"max-snippet:-1","max-image-preview":"max-image-preview:large","max-video-preview":"max-video-preview:-1"},"canonical":"https:\/\/r3i.org\/es\/editoriales-r3i\/editorial-01-18-abordar-el-riesgo-cardiovascular-residual-volver-a-lo-basico\/","og_locale":"es_ES","og_type":"article","og_title":"Editorial 01\/18 - Abordar el riesgo cardiovascular residual: \u00bfvolver a lo b\u00e1sico? - R3I","og_description":"Editoriales R3iAbordar el riesgo cardiovascular residual: \u00bfvolver a lo b\u00e1sico? Prof. Michel Hermans, Prof. Pierre Amarenco Aunque 2017 ha sido sin duda una \"monta\u00f1a rusa\" para la investigaci\u00f3n lip\u00eddica, tambi\u00e9n ha aportado importantes conocimientos para la gesti\u00f3n del riesgo cardiovascular residual. El ensayo FOURIER (Further Cardiovascular Outcomes Research With PCSK9 Inhibition in Subjects With Elevated [&hellip;]","og_url":"https:\/\/r3i.org\/es\/editoriales-r3i\/editorial-01-18-abordar-el-riesgo-cardiovascular-residual-volver-a-lo-basico\/","og_site_name":"R3I","article_modified_time":"2025-02-05T21:19:31+00:00","twitter_card":"summary_large_image","twitter_misc":{"Tiempo de lectura":"8 minutos"},"schema":{"@context":"https:\/\/schema.org","@graph":[{"@type":"WebPage","@id":"https:\/\/r3i.org\/es\/editoriales-r3i\/editorial-01-18-abordar-el-riesgo-cardiovascular-residual-volver-a-lo-basico\/","url":"https:\/\/r3i.org\/es\/editoriales-r3i\/editorial-01-18-abordar-el-riesgo-cardiovascular-residual-volver-a-lo-basico\/","name":"Editorial 01\/18 - Abordar el riesgo cardiovascular residual: \u00bfvolver a lo b\u00e1sico? - R3I","isPartOf":{"@id":"https:\/\/r3i.org\/es\/#website"},"datePublished":"2025-01-03T20:22:40+00:00","dateModified":"2025-02-05T21:19:31+00:00","breadcrumb":{"@id":"https:\/\/r3i.org\/es\/editoriales-r3i\/editorial-01-18-abordar-el-riesgo-cardiovascular-residual-volver-a-lo-basico\/#breadcrumb"},"inLanguage":"es","potentialAction":[{"@type":"ReadAction","target":["https:\/\/r3i.org\/es\/editoriales-r3i\/editorial-01-18-abordar-el-riesgo-cardiovascular-residual-volver-a-lo-basico\/"]}]},{"@type":"BreadcrumbList","@id":"https:\/\/r3i.org\/es\/editoriales-r3i\/editorial-01-18-abordar-el-riesgo-cardiovascular-residual-volver-a-lo-basico\/#breadcrumb","itemListElement":[{"@type":"ListItem","position":1,"name":"Home","item":"https:\/\/r3i.org\/es\/"},{"@type":"ListItem","position":2,"name":"Editoriales R3i","item":"https:\/\/r3i.org\/es\/editoriales-r3i\/"},{"@type":"ListItem","position":3,"name":"Editorial 01\/18 &#8211; Abordar el riesgo cardiovascular residual: \u00bfvolver a lo b\u00e1sico?"}]},{"@type":"WebSite","@id":"https:\/\/r3i.org\/es\/#website","url":"https:\/\/r3i.org\/es\/","name":"R3I","description":"Residual Risk Reduction Initiative","publisher":{"@id":"https:\/\/r3i.org\/es\/#organization"},"potentialAction":[{"@type":"SearchAction","target":{"@type":"EntryPoint","urlTemplate":"https:\/\/r3i.org\/es\/?s={search_term_string}"},"query-input":{"@type":"PropertyValueSpecification","valueRequired":true,"valueName":"search_term_string"}}],"inLanguage":"es"},{"@type":"Organization","@id":"https:\/\/r3i.org\/es\/#organization","name":"R3I","url":"https:\/\/r3i.org\/es\/","logo":{"@type":"ImageObject","inLanguage":"es","@id":"https:\/\/r3i.org\/es\/#\/schema\/logo\/image\/","url":"https:\/\/i0.wp.com\/r3i.org\/wp-content\/uploads\/2024\/11\/r3i-logo-transp-1.png?fit=1601%2C834&ssl=1","contentUrl":"https:\/\/i0.wp.com\/r3i.org\/wp-content\/uploads\/2024\/11\/r3i-logo-transp-1.png?fit=1601%2C834&ssl=1","width":1601,"height":834,"caption":"R3I"},"image":{"@id":"https:\/\/r3i.org\/es\/#\/schema\/logo\/image\/"}}]}},"jetpack_likes_enabled":true,"jetpack_sharing_enabled":true,"jetpack_shortlink":"https:\/\/wp.me\/Pgbfv2-13LF","jetpack-related-posts":[],"_links":{"self":[{"href":"https:\/\/r3i.org\/es\/wp-json\/wp\/v2\/pages\/252815","targetHints":{"allow":["GET"]}}],"collection":[{"href":"https:\/\/r3i.org\/es\/wp-json\/wp\/v2\/pages"}],"about":[{"href":"https:\/\/r3i.org\/es\/wp-json\/wp\/v2\/types\/page"}],"author":[{"embeddable":true,"href":"https:\/\/r3i.org\/es\/wp-json\/wp\/v2\/users\/258497324"}],"replies":[{"embeddable":true,"href":"https:\/\/r3i.org\/es\/wp-json\/wp\/v2\/comments?post=252815"}],"version-history":[{"count":2,"href":"https:\/\/r3i.org\/es\/wp-json\/wp\/v2\/pages\/252815\/revisions"}],"predecessor-version":[{"id":252817,"href":"https:\/\/r3i.org\/es\/wp-json\/wp\/v2\/pages\/252815\/revisions\/252817"}],"up":[{"embeddable":true,"href":"https:\/\/r3i.org\/es\/wp-json\/wp\/v2\/pages\/252805"}],"wp:attachment":[{"href":"https:\/\/r3i.org\/es\/wp-json\/wp\/v2\/media?parent=252815"}],"curies":[{"name":"wp","href":"https:\/\/api.w.org\/{rel}","templated":true}]}}