{"id":252811,"date":"2025-01-04T17:37:17","date_gmt":"2025-01-04T16:37:17","guid":{"rendered":"https:\/\/r3i.org\/editoriales-r3i\/editorial-01-15-post-improve-it-ahora-donde-para-el-riesgo-residual\/"},"modified":"2025-02-05T22:18:36","modified_gmt":"2025-02-05T21:18:36","slug":"editorial-01-15-post-improve-it-ahora-donde-para-el-riesgo-residual","status":"publish","type":"page","link":"https:\/\/r3i.org\/es\/editoriales-r3i\/editorial-01-15-post-improve-it-ahora-donde-para-el-riesgo-residual\/","title":{"rendered":"Editorial 01\/15 &#8211; Post IMPROVE-IT: \u00bfAhora d\u00f3nde para el riesgo residual?"},"content":{"rendered":"<p>[et_pb_section fb_built=\u00bb1&#8243; admin_label=\u00bbHeader\u00bb _builder_version=\u00bb4.27.4&#8243; _module_preset=\u00bb35f37621-1062-4ae6-955d-76a3167a2aa8&#8243; background_image=\u00bbhttps:\/\/r3i.org\/wp-content\/uploads\/2024\/12\/pexels-pixabay-267582.jpg\u00bb parallax=\u00bbon\u00bb min_height=\u00bb157.9px\u00bb min_height_tablet=\u00bb100px\u00bb min_height_phone=\u00bb100px\u00bb min_height_last_edited=\u00bbon|phone\u00bb height=\u00bb116px\u00bb height_tablet=\u00bb153px\u00bb height_phone=\u00bb130px\u00bb height_last_edited=\u00bbon|phone\u00bb custom_margin_tablet=\u00bb\u00bb custom_margin_phone=\u00bb-17px||||false|false\u00bb custom_margin_last_edited=\u00bbon|phone\u00bb custom_padding=\u00bb0vw||0vw||true|false\u00bb collapsed=\u00bbon\u00bb global_colors_info=\u00bb{%22gcid-primary-color%22:%91%22quote_text_color%22,%22background_color_gradient_stops%22%93}\u00bb][et_pb_row _builder_version=\u00bb4.27.4&#8243; _module_preset=\u00bbdefault\u00bb global_colors_info=\u00bb{}\u00bb][et_pb_column type=\u00bb4_4&#8243; _builder_version=\u00bb4.27.0&#8243; _module_preset=\u00bbdefault\u00bb global_colors_info=\u00bb{}\u00bb][et_pb_text _builder_version=\u00bb4.27.4&#8243; _module_preset=\u00bbdefault\u00bb text_text_color=\u00bb#FFFFFF\u00bb header_2_text_color=\u00bb#FFFFFF\u00bb custom_padding=\u00bb1px|||||\u00bb global_colors_info=\u00bb{}\u00bb]<\/p>\n<h2>Editoriales R3i<\/h2>\n<p>[\/et_pb_text][\/et_pb_column][\/et_pb_row][\/et_pb_section][et_pb_section fb_built=\u00bb1&#8243; _builder_version=\u00bb4.27.3&#8243; _module_preset=\u00bbdefault\u00bb custom_margin=\u00bb-49px|||||\u00bb custom_padding=\u00bb2px||40px|||\u00bb global_colors_info=\u00bb{}\u00bb][et_pb_row column_structure=\u00bb1_2,1_2&#8243; _builder_version=\u00bb4.27.4&#8243; _module_preset=\u00bbdefault\u00bb border_radii=\u00bboff|13px|13px|13px|13px\u00bb border_width_all=\u00bb4px\u00bb border_color_all=\u00bbgcid-b673dc17-1b2a-464e-affa-1bf1ab41c0fd\u00bb border_width_all_tablet=\u00bb4px\u00bb border_width_all_phone=\u00bb0px\u00bb border_width_all_last_edited=\u00bbon|phone\u00bb border_color_all_tablet=\u00bbgcid-b673dc17-1b2a-464e-affa-1bf1ab41c0fd\u00bb border_color_all_phone=\u00bbgcid-b673dc17-1b2a-464e-affa-1bf1ab41c0fd\u00bb border_color_all_last_edited=\u00bbon|phone\u00bb box_shadow_style=\u00bbpreset2&#8243; global_colors_info=\u00bb{%22gcid-b673dc17-1b2a-464e-affa-1bf1ab41c0fd%22:%91%22border_color_all%22%93}\u00bb][et_pb_column type=\u00bb1_2&#8243; _builder_version=\u00bb4.27.4&#8243; _module_preset=\u00bbdefault\u00bb global_colors_info=\u00bb{}\u00bb][et_pb_text _builder_version=\u00bb4.27.4&#8243; _module_preset=\u00bbdefault\u00bb text_font_size=\u00bb14px\u00bb header_5_text_color=\u00bbgcid-4907c8d4-9eff-49de-91ce-43a2d3a729cf\u00bb header_6_text_color=\u00bbgcid-secondary-color\u00bb hover_enabled=\u00bb0&#8243; global_colors_info=\u00bb{%22gcid-primary-color%22:%91%22quote_text_color%22,%22quote_text_color%22,%22quote_text_color%22%93,%22gcid-4907c8d4-9eff-49de-91ce-43a2d3a729cf%22:%91%22header_5_text_color%22%93,%22gcid-secondary-color%22:%91%22header_6_text_color%22%93}\u00bb sticky_enabled=\u00bb0&#8243;]<\/p>\n<h5 style=\"text-align: center;\"><span>Post IMPROVE-IT: \u00bfAhora d\u00f3nde para el riesgo residual?<\/span><\/h5>\n<h6 style=\"text-align: center;\"><span lang=\"EN-GB\">Prof. Michel Hermans, Prof. Pierre Amarenco, Prof. Jean-Charles Fruchart, Prof. Jean Davignon<\/span><\/h6>\n<p><span>Pues bien, el alivio de IMPROVE-IT, del que se inform\u00f3 en las recientes Sesiones Cient\u00edficas de la Asociaci\u00f3n Americana del Coraz\u00f3n, fue palpable (ver Ensayo Landmark). Ahora tenemos pruebas de que reducir el colesterol de lipoprote\u00ednas de baja densidad (LDL-C) m\u00e1s all\u00e1 de los objetivos actuales con un tratamiento sin estatinas en pacientes con un s\u00edndrome coronario agudo (SCA) reciente proporciona un beneficio modesto para los resultados cardiovasculares. En particular, tambi\u00e9n se observaron beneficios en los pacientes diab\u00e9ticos. Sin embargo, tambi\u00e9n es destacable que en estos pacientes de riesgo muy elevado, aproximadamente un tercio experiment\u00f3 nuevos eventos durante el periodo de estudio de 7 a\u00f1os, lo que pone de relieve su persistente riesgo cardiovascular residual muy elevado. As\u00ed pues, aunque reducir el LDL-C es la prioridad, se necesitan intervenciones terap\u00e9uticas adicionales.    <\/span><\/p>\n<p><em>Riesgo cardiovascular residual: dirigirse a todas las lipoprote\u00ednas es la clave<\/em><span><\/span><\/p>\n<p><span>Mientras esperamos la publicaci\u00f3n de IMPROVE-IT, uno de los enfoques que se defiende es el de la dislipidemia aterog\u00e9nica. De hecho, hay datos de an\u00e1lisis post hoc de ensayos prospectivos en pacientes con SCA y en prevenci\u00f3n secundaria estable que revelan que los niveles plasm\u00e1ticos elevados de triglic\u00e9ridos y las concentraciones plasm\u00e1ticas bajas de colesterol de lipoprote\u00ednas de alta densidad (cHDL) contribuyen a este elevado riesgo residual, incluso en pacientes por debajo de los objetivos de cLDL.(1-4) Aunque hasta ahora carecemos de datos definitivos de ensayos, especialmente en pacientes no diab\u00e9ticos, hay pruebas de que abordar esta dislipidemia, especialmente entre los pacientes con enfermedad cardiometab\u00f3lica, proporciona un beneficio incremental.(5) Un reciente estudio dan\u00e9s, analizado en Noticias de la literatura, demuestra que el colesterol residual no en ayunas elevado, estrechamente asociado a los triglic\u00e9ridos elevados, contribuye en parte al riesgo de cardiopat\u00eda isqu\u00e9mica asociado a la obesidad(6). Por tanto, las recomendaciones del R3i sobre el tratamiento del riesgo cardiovascular residual, que subrayan la importancia de tratar todas las anomal\u00edas lip\u00eddicas, incluida la dislipidemia aterog\u00e9nica, son claramente pertinentes.<\/span><\/p>\n<p><em>Riesgo microvascular residual: Dado el papel fundamental del agonismo PPAR?, \u00bfofrecer\u00e1 SPPARMS nuevas esperanzas? <\/em><span><\/span><br \/><span>Este mes, la R3i tambi\u00e9n se centra en el riesgo microvascular residual, tras la reciente publicaci\u00f3n de las recomendaciones de la R3i para su gesti\u00f3n (ver recuadro).(7)<\/span><\/p>\n<p>[\/et_pb_text][\/et_pb_column][et_pb_column type=\u00bb1_2&#8243; _builder_version=\u00bb4.27.4&#8243; _module_preset=\u00bbdefault\u00bb global_colors_info=\u00bb{}\u00bb][et_pb_text _builder_version=\u00bb4.27.4&#8243; _module_preset=\u00bbdefault\u00bb text_text_color=\u00bbgcid-4907c8d4-9eff-49de-91ce-43a2d3a729cf\u00bb text_font_size=\u00bb14px\u00bb hover_enabled=\u00bb0&#8243; global_colors_info=\u00bb{%22gcid-primary-color%22:%91%22quote_text_color%22,%22quote_text_color%22,%22quote_text_color%22%93,%22gcid-4907c8d4-9eff-49de-91ce-43a2d3a729cf%22:%91%22text_text_color%22%93}\u00bb sticky_enabled=\u00bb0&#8243;]<\/p>\n<p><strong>Recomendaciones R3i para gestionar el riesgo microvascular residual<\/strong><\/p>\n<div>1. Debe optimizarse el control de los factores de riesgo cardiovascular, incluida la consecuci\u00f3n de todos los objetivos lip\u00eddicos.<br \/>2. Puede considerarse el tratamiento adyuvante con fenofibrato para ralentizar la progresi\u00f3n de la retinopat\u00eda diab\u00e9tica en pacientes con diabetes tipo 2 con enfermedad preexistente, bas\u00e1ndose en las pruebas consistentes de dos ensayos importantes.<\/div>\n<p><span><\/span><\/p>\n<p><span>La retinopat\u00eda diab\u00e9tica es la causa m\u00e1s frecuente de p\u00e9rdida visual en adultos en edad laboral, lo que supone una carga individual y social considerable. El agonista del receptor alfa activado por el proliferador de peroxisomas (PPAR?), el fenofibrato, ha demostrado ser eficaz para prevenir la progresi\u00f3n de la retinopat\u00eda diab\u00e9tica en fase inicial en pacientes con diabetes de tipo 2, con pruebas consistentes de beneficio en dos importantes estudios prospectivos.8,9 Sin embargo, dada la falta de asociaci\u00f3n entre los cambios en la retinopat\u00eda diab\u00e9tica y los niveles de l\u00edpidos, a\u00fan no se ha dilucidado completamente el mecanismo o mecanismos de la actividad del fenofibrato. El art\u00edculo de Enfoque de este mes destaca el papel clave del PPAR? en el mantenimiento de la microvasculatura retiniana y la prevenci\u00f3n de la inflamaci\u00f3n, bas\u00e1ndose en hallazgos de modelos experimentales in vitro e in vivo.10 Dadas \u00e9stas y otras acciones potencialmente beneficiosas,11 \u00bfofrecer\u00eda un agonista del PPAR? con mayor potencia y selectividad un mayor beneficio? Con la disponibilidad de nuevos moduladores selectivos de PPAR? (SPPARM), esta tentadora cuesti\u00f3n merece un estudio m\u00e1s profundo.       <\/span><\/p>\n<p><em>2014 ha sido testigo del resurgimiento de la R3i en su misi\u00f3n de educar a los m\u00e9dicos sobre el riesgo vascular residual, con la publicaci\u00f3n de REALIST-Micro, dos nuevos documentos de llamada a la acci\u00f3n, as\u00ed como informes de las actividades de la R3i en Brasil y Jap\u00f3n. La R3i pretende aprovechar sus puntos fuertes para convertirse en una fuerza a\u00fan mayor en<span class=\"ref ref15\">2015.<\/span>  <\/em><span><\/span><\/p>\n<p>[\/et_pb_text][et_pb_text _builder_version=\u00bb4.27.4&#8243; _module_preset=\u00bbdefault\u00bb text_font_size=\u00bb8px\u00bb hover_enabled=\u00bb0&#8243; global_colors_info=\u00bb{}\u00bb sticky_enabled=\u00bb0&#8243;]<\/p>\n<p style=\"font-weight: 400;\"><strong>Referencias<\/strong><\/p>\n<ol>\n<li style=\"font-weight: 400;\"><span>Miller M, Cannon CP, Murphy SA, Qin J, Ray KK, Braunwald E; Investigadores de PROVE IT-TIMI 22. Impacto de los niveles de triglic\u00e9ridos m\u00e1s all\u00e1 del colesterol de lipoprote\u00ednas de baja densidad tras un s\u00edndrome coronario agudo en el ensayo PROVE IT-TIMI 22. J Am Coll Cardiol 2008;51:724-730.  <\/span><br \/><span class=\"ref ref2\">2.<\/span><span>  Barter P, Gotto AM, LaRosa JC, Maroni J, Szarek M, Grundy SM, Kastelein JJ, Bittner V, Fruchart JC; Investigadores de Treating to New Targets. Colesterol HDL, niveles muy bajos de colesterol LDL y acontecimientos cardiovasculares. N Engl J Med 2007;357:1301-1310.  <\/span><br \/><span class=\"ref ref3\">3.<\/span><span>  Olsson AG, Schwartz GG, Szarek M, Sasiela WJ, Ezekowitz MD, Ganz P, Oliver MF, Waters D, Zeiher A. Los niveles de colesterol de lipoprote\u00ednas de alta densidad, pero no de lipoprote\u00ednas de baja densidad, influyen en el pron\u00f3stico a corto plazo tras un s\u00edndrome coronario agudo: resultados del ensayo MIRACL. Eur Heart J 2005;26: 890-896. <\/span><br \/><span class=\"ref ref4\">4.<\/span><span>  Wolfram RM, Brewer HB, Xue Z, Satler LF, Pichard AD, Kent KM, Waksman R. Impacto de las lipoprote\u00ednas de alta densidad bajas en los acontecimientos intrahospitalarios y los resultados cl\u00ednicos a un a\u00f1o en pacientes con s\u00edndrome coronario agudo por infarto de miocardio sin elevaci\u00f3n del segmento ST tratados con implantaci\u00f3n de stents liberadores de f\u00e1rmacos. Am J Cardiol 2006;98:711-717. <\/span><br \/><span class=\"ref ref5\">5.<\/span><span>  Sacks FM, Carey VJ, Fruchart JC. Tratamiento lip\u00eddico combinado en la diabetes de tipo 2. N Engl J Med 2010;363:692-4.  <\/span><br \/><span class=\"ref ref6\">6.<\/span><span>  Varbo A, Benn M, Davey Smith G et al. El colesterol remanente, el colesterol de lipoprote\u00ednas de baja densidad y la presi\u00f3n arterial como mediadores de la obesidad a la cardiopat\u00eda isqu\u00e9mica. Circ Res 2014 [Epub ahead of print].  <\/span><br \/><span class=\"ref ref7\">7.<\/span><span> <a href=\"http:\/\/omicsonline.org\/open-access\/residual-microvascular-risk-in-type-diabetes-in-is-it-time-for-a-re-think-a-perspective-from-the-residual-risk-reduction-initiative-ri-2155-6156.1000413.php?aid=30659\" rel=\"nofollow\">http:\/\/omicsonline.org\/open-access\/residual-microvascular-risk-in-type-diabetes-in-is-it-time-for-a-re-think-a-perspective-from-the-residual-risk-reduction-initiative-ri-2155-6156.1000413.php?aid=30659<\/a><\/span><br \/><span class=\"ref ref8\">8.<\/span><span>  Keech AC, Mitchell P, Summanen PA et al. Efecto del fenofibrato en la necesidad de tratamiento con l\u00e1ser para la retinopat\u00eda diab\u00e9tica (estudio FIELD): un ensayo controlado aleatorizado. Lancet 2007 ;370: 1687-97.  <\/span><br \/><span class=\"ref ref9\">9.<\/span><span>  ACCORD Study Group; ACCORD Eye Study Group, Chew EY, Ambrosius WT, Davis MD et al. Efectos de las terapias m\u00e9dicas en la progresi\u00f3n de la retinopat\u00eda en la diabetes tipo 2. N Engl J Med 2010 ;363: 233-44.  <\/span><br \/><span class=\"ref ref10\">10.<\/span><span>  Hu Y, Chen Y, Ding L, He X, Takahashi Y, Gao Y, Shen W, Cheng R, Chen Q, Qi X, Boulton ME, Ma JX. Papel patog\u00e9nico de la regulaci\u00f3n a la baja de PPAR-? inducida por la diabetes en la disfunci\u00f3n microvascular. Proc Natl Acad Sci U S A 2013;110:15401-6.   <\/span><br \/><span class=\"ref ref11\">11.<\/span><span>  Sim\u00f3 R, Roy S, Behar-Cohen F, Keech A, Mitchell P, Wong TY. Fenofibrato: un nuevo tratamiento para la retinopat\u00eda diab\u00e9tica. Mecanismos moleculares y perspectivas futuras. Curr Med Chem 2013;20:3258-66.   <\/span><\/li>\n<\/ol>\n<p>[\/et_pb_text][\/et_pb_column][\/et_pb_row][\/et_pb_section]<\/p>\n","protected":false},"excerpt":{"rendered":"<p>Editoriales R3iPost IMPROVE-IT: \u00bfAhora d\u00f3nde para el riesgo residual? Prof. Michel Hermans, Prof. Pierre Amarenco, Prof. Jean-Charles Fruchart, Prof. Jean Davignon Pues bien, el alivio de IMPROVE-IT, del que se inform\u00f3 en las recientes Sesiones Cient\u00edficas de la Asociaci\u00f3n Americana del Coraz\u00f3n, fue palpable (ver Ensayo Landmark). Ahora tenemos pruebas de que reducir el colesterol [&hellip;]<\/p>\n","protected":false},"author":258497324,"featured_media":0,"parent":252805,"menu_order":0,"comment_status":"closed","ping_status":"closed","template":"","meta":{"_et_pb_use_builder":"on","_et_pb_old_content":"","_et_gb_content_width":"","_crdt_document":"","jetpack_post_was_ever_published":false,"footnotes":""},"class_list":["post-252811","page","type-page","status-publish","hentry"],"yoast_head":"<!-- This site is optimized with the Yoast SEO plugin v27.3 - https:\/\/yoast.com\/product\/yoast-seo-wordpress\/ -->\n<title>Editorial 01\/15 - Post IMPROVE-IT: \u00bfAhora d\u00f3nde para el riesgo residual? - R3I<\/title>\n<meta name=\"robots\" content=\"index, follow, max-snippet:-1, max-image-preview:large, max-video-preview:-1\" \/>\n<link rel=\"canonical\" href=\"https:\/\/r3i.org\/es\/editoriales-r3i\/editorial-01-15-post-improve-it-ahora-donde-para-el-riesgo-residual\/\" \/>\n<meta property=\"og:locale\" content=\"es_ES\" \/>\n<meta property=\"og:type\" content=\"article\" \/>\n<meta property=\"og:title\" content=\"Editorial 01\/15 - Post IMPROVE-IT: \u00bfAhora d\u00f3nde para el riesgo residual? - R3I\" \/>\n<meta property=\"og:description\" content=\"Editoriales R3iPost IMPROVE-IT: \u00bfAhora d\u00f3nde para el riesgo residual? Prof. Michel Hermans, Prof. Pierre Amarenco, Prof. Jean-Charles Fruchart, Prof. Jean Davignon Pues bien, el alivio de IMPROVE-IT, del que se inform\u00f3 en las recientes Sesiones Cient\u00edficas de la Asociaci\u00f3n Americana del Coraz\u00f3n, fue palpable (ver Ensayo Landmark). Ahora tenemos pruebas de que reducir el colesterol [&hellip;]\" \/>\n<meta property=\"og:url\" content=\"https:\/\/r3i.org\/es\/editoriales-r3i\/editorial-01-15-post-improve-it-ahora-donde-para-el-riesgo-residual\/\" \/>\n<meta property=\"og:site_name\" content=\"R3I\" \/>\n<meta property=\"article:modified_time\" content=\"2025-02-05T21:18:36+00:00\" \/>\n<meta name=\"twitter:card\" content=\"summary_large_image\" \/>\n<meta name=\"twitter:label1\" content=\"Tiempo de lectura\" \/>\n\t<meta name=\"twitter:data1\" content=\"8 minutos\" \/>\n<script type=\"application\/ld+json\" class=\"yoast-schema-graph\">{\"@context\":\"https:\\\/\\\/schema.org\",\"@graph\":[{\"@type\":\"WebPage\",\"@id\":\"https:\\\/\\\/r3i.org\\\/es\\\/editoriales-r3i\\\/editorial-01-15-post-improve-it-ahora-donde-para-el-riesgo-residual\\\/\",\"url\":\"https:\\\/\\\/r3i.org\\\/es\\\/editoriales-r3i\\\/editorial-01-15-post-improve-it-ahora-donde-para-el-riesgo-residual\\\/\",\"name\":\"Editorial 01\\\/15 - Post IMPROVE-IT: \u00bfAhora d\u00f3nde para el riesgo residual? - R3I\",\"isPartOf\":{\"@id\":\"https:\\\/\\\/r3i.org\\\/es\\\/#website\"},\"datePublished\":\"2025-01-04T16:37:17+00:00\",\"dateModified\":\"2025-02-05T21:18:36+00:00\",\"breadcrumb\":{\"@id\":\"https:\\\/\\\/r3i.org\\\/es\\\/editoriales-r3i\\\/editorial-01-15-post-improve-it-ahora-donde-para-el-riesgo-residual\\\/#breadcrumb\"},\"inLanguage\":\"es\",\"potentialAction\":[{\"@type\":\"ReadAction\",\"target\":[\"https:\\\/\\\/r3i.org\\\/es\\\/editoriales-r3i\\\/editorial-01-15-post-improve-it-ahora-donde-para-el-riesgo-residual\\\/\"]}]},{\"@type\":\"BreadcrumbList\",\"@id\":\"https:\\\/\\\/r3i.org\\\/es\\\/editoriales-r3i\\\/editorial-01-15-post-improve-it-ahora-donde-para-el-riesgo-residual\\\/#breadcrumb\",\"itemListElement\":[{\"@type\":\"ListItem\",\"position\":1,\"name\":\"Home\",\"item\":\"https:\\\/\\\/r3i.org\\\/es\\\/\"},{\"@type\":\"ListItem\",\"position\":2,\"name\":\"Editoriales R3i\",\"item\":\"https:\\\/\\\/r3i.org\\\/es\\\/editoriales-r3i\\\/\"},{\"@type\":\"ListItem\",\"position\":3,\"name\":\"Editorial 01\\\/15 &#8211; Post IMPROVE-IT: \u00bfAhora d\u00f3nde para el riesgo residual?\"}]},{\"@type\":\"WebSite\",\"@id\":\"https:\\\/\\\/r3i.org\\\/es\\\/#website\",\"url\":\"https:\\\/\\\/r3i.org\\\/es\\\/\",\"name\":\"R3I\",\"description\":\"Residual Risk Reduction Initiative\",\"publisher\":{\"@id\":\"https:\\\/\\\/r3i.org\\\/es\\\/#organization\"},\"potentialAction\":[{\"@type\":\"SearchAction\",\"target\":{\"@type\":\"EntryPoint\",\"urlTemplate\":\"https:\\\/\\\/r3i.org\\\/es\\\/?s={search_term_string}\"},\"query-input\":{\"@type\":\"PropertyValueSpecification\",\"valueRequired\":true,\"valueName\":\"search_term_string\"}}],\"inLanguage\":\"es\"},{\"@type\":\"Organization\",\"@id\":\"https:\\\/\\\/r3i.org\\\/es\\\/#organization\",\"name\":\"R3I\",\"url\":\"https:\\\/\\\/r3i.org\\\/es\\\/\",\"logo\":{\"@type\":\"ImageObject\",\"inLanguage\":\"es\",\"@id\":\"https:\\\/\\\/r3i.org\\\/es\\\/#\\\/schema\\\/logo\\\/image\\\/\",\"url\":\"https:\\\/\\\/i0.wp.com\\\/r3i.org\\\/wp-content\\\/uploads\\\/2024\\\/11\\\/r3i-logo-transp-1.png?fit=1601%2C834&ssl=1\",\"contentUrl\":\"https:\\\/\\\/i0.wp.com\\\/r3i.org\\\/wp-content\\\/uploads\\\/2024\\\/11\\\/r3i-logo-transp-1.png?fit=1601%2C834&ssl=1\",\"width\":1601,\"height\":834,\"caption\":\"R3I\"},\"image\":{\"@id\":\"https:\\\/\\\/r3i.org\\\/es\\\/#\\\/schema\\\/logo\\\/image\\\/\"}}]}<\/script>\n<!-- \/ Yoast SEO plugin. -->","yoast_head_json":{"title":"Editorial 01\/15 - Post IMPROVE-IT: \u00bfAhora d\u00f3nde para el riesgo residual? - R3I","robots":{"index":"index","follow":"follow","max-snippet":"max-snippet:-1","max-image-preview":"max-image-preview:large","max-video-preview":"max-video-preview:-1"},"canonical":"https:\/\/r3i.org\/es\/editoriales-r3i\/editorial-01-15-post-improve-it-ahora-donde-para-el-riesgo-residual\/","og_locale":"es_ES","og_type":"article","og_title":"Editorial 01\/15 - Post IMPROVE-IT: \u00bfAhora d\u00f3nde para el riesgo residual? - R3I","og_description":"Editoriales R3iPost IMPROVE-IT: \u00bfAhora d\u00f3nde para el riesgo residual? Prof. Michel Hermans, Prof. Pierre Amarenco, Prof. Jean-Charles Fruchart, Prof. Jean Davignon Pues bien, el alivio de IMPROVE-IT, del que se inform\u00f3 en las recientes Sesiones Cient\u00edficas de la Asociaci\u00f3n Americana del Coraz\u00f3n, fue palpable (ver Ensayo Landmark). Ahora tenemos pruebas de que reducir el colesterol [&hellip;]","og_url":"https:\/\/r3i.org\/es\/editoriales-r3i\/editorial-01-15-post-improve-it-ahora-donde-para-el-riesgo-residual\/","og_site_name":"R3I","article_modified_time":"2025-02-05T21:18:36+00:00","twitter_card":"summary_large_image","twitter_misc":{"Tiempo de lectura":"8 minutos"},"schema":{"@context":"https:\/\/schema.org","@graph":[{"@type":"WebPage","@id":"https:\/\/r3i.org\/es\/editoriales-r3i\/editorial-01-15-post-improve-it-ahora-donde-para-el-riesgo-residual\/","url":"https:\/\/r3i.org\/es\/editoriales-r3i\/editorial-01-15-post-improve-it-ahora-donde-para-el-riesgo-residual\/","name":"Editorial 01\/15 - Post IMPROVE-IT: \u00bfAhora d\u00f3nde para el riesgo residual? - R3I","isPartOf":{"@id":"https:\/\/r3i.org\/es\/#website"},"datePublished":"2025-01-04T16:37:17+00:00","dateModified":"2025-02-05T21:18:36+00:00","breadcrumb":{"@id":"https:\/\/r3i.org\/es\/editoriales-r3i\/editorial-01-15-post-improve-it-ahora-donde-para-el-riesgo-residual\/#breadcrumb"},"inLanguage":"es","potentialAction":[{"@type":"ReadAction","target":["https:\/\/r3i.org\/es\/editoriales-r3i\/editorial-01-15-post-improve-it-ahora-donde-para-el-riesgo-residual\/"]}]},{"@type":"BreadcrumbList","@id":"https:\/\/r3i.org\/es\/editoriales-r3i\/editorial-01-15-post-improve-it-ahora-donde-para-el-riesgo-residual\/#breadcrumb","itemListElement":[{"@type":"ListItem","position":1,"name":"Home","item":"https:\/\/r3i.org\/es\/"},{"@type":"ListItem","position":2,"name":"Editoriales R3i","item":"https:\/\/r3i.org\/es\/editoriales-r3i\/"},{"@type":"ListItem","position":3,"name":"Editorial 01\/15 &#8211; Post IMPROVE-IT: \u00bfAhora d\u00f3nde para el riesgo residual?"}]},{"@type":"WebSite","@id":"https:\/\/r3i.org\/es\/#website","url":"https:\/\/r3i.org\/es\/","name":"R3I","description":"Residual Risk Reduction Initiative","publisher":{"@id":"https:\/\/r3i.org\/es\/#organization"},"potentialAction":[{"@type":"SearchAction","target":{"@type":"EntryPoint","urlTemplate":"https:\/\/r3i.org\/es\/?s={search_term_string}"},"query-input":{"@type":"PropertyValueSpecification","valueRequired":true,"valueName":"search_term_string"}}],"inLanguage":"es"},{"@type":"Organization","@id":"https:\/\/r3i.org\/es\/#organization","name":"R3I","url":"https:\/\/r3i.org\/es\/","logo":{"@type":"ImageObject","inLanguage":"es","@id":"https:\/\/r3i.org\/es\/#\/schema\/logo\/image\/","url":"https:\/\/i0.wp.com\/r3i.org\/wp-content\/uploads\/2024\/11\/r3i-logo-transp-1.png?fit=1601%2C834&ssl=1","contentUrl":"https:\/\/i0.wp.com\/r3i.org\/wp-content\/uploads\/2024\/11\/r3i-logo-transp-1.png?fit=1601%2C834&ssl=1","width":1601,"height":834,"caption":"R3I"},"image":{"@id":"https:\/\/r3i.org\/es\/#\/schema\/logo\/image\/"}}]}},"jetpack_likes_enabled":true,"jetpack_sharing_enabled":true,"jetpack_shortlink":"https:\/\/wp.me\/Pgbfv2-13LB","jetpack-related-posts":[],"_links":{"self":[{"href":"https:\/\/r3i.org\/es\/wp-json\/wp\/v2\/pages\/252811","targetHints":{"allow":["GET"]}}],"collection":[{"href":"https:\/\/r3i.org\/es\/wp-json\/wp\/v2\/pages"}],"about":[{"href":"https:\/\/r3i.org\/es\/wp-json\/wp\/v2\/types\/page"}],"author":[{"embeddable":true,"href":"https:\/\/r3i.org\/es\/wp-json\/wp\/v2\/users\/258497324"}],"replies":[{"embeddable":true,"href":"https:\/\/r3i.org\/es\/wp-json\/wp\/v2\/comments?post=252811"}],"version-history":[{"count":1,"href":"https:\/\/r3i.org\/es\/wp-json\/wp\/v2\/pages\/252811\/revisions"}],"predecessor-version":[{"id":252814,"href":"https:\/\/r3i.org\/es\/wp-json\/wp\/v2\/pages\/252811\/revisions\/252814"}],"up":[{"embeddable":true,"href":"https:\/\/r3i.org\/es\/wp-json\/wp\/v2\/pages\/252805"}],"wp:attachment":[{"href":"https:\/\/r3i.org\/es\/wp-json\/wp\/v2\/media?parent=252811"}],"curies":[{"name":"wp","href":"https:\/\/api.w.org\/{rel}","templated":true}]}}