{"id":252802,"date":"2024-11-25T22:51:17","date_gmt":"2024-11-25T21:51:17","guid":{"rendered":"https:\/\/r3i.org\/suscripcion-al-boletin\/"},"modified":"2025-02-16T18:49:03","modified_gmt":"2025-02-16T17:49:03","slug":"suscripcion-al-boletin","status":"publish","type":"page","link":"https:\/\/r3i.org\/es\/suscripcion-al-boletin\/","title":{"rendered":"Suscripci\u00f3n al bolet\u00edn"},"content":{"rendered":"<p>[et_pb_section fb_built=\u00bb1&#8243; custom_padding_last_edited=\u00bbon|tablet\u00bb admin_label=\u00bbHeader\u00bb _builder_version=\u00bb4.27.3&#8243; _module_preset=\u00bb3de13cd8-5847-4bae-8dc8-9329a77ff9d3&#8243; background_color_gradient_stops=\u00bbgcid-4907c8d4-9eff-49de-91ce-43a2d3a729cf 0%|gcid-4907c8d4-9eff-49de-91ce-43a2d3a729cf 35%\u00bb background_image=\u00bbhttps:\/\/r3i.org\/wp-content\/uploads\/2024\/11\/c3ac6-post_2_image-scaled-1-1.jpg\u00bb custom_padding=\u00bb0vw||200px||false|false\u00bb custom_padding_tablet=\u00bb||||false|false\u00bb custom_padding_phone=\u00bb\u00bb collapsed=\u00bbon\u00bb global_colors_info=\u00bb{}\u00bb][et_pb_row _builder_version=\u00bb4.27.3&#8243; _module_preset=\u00bbdefault\u00bb global_colors_info=\u00bb{}\u00bb][et_pb_column type=\u00bb4_4&#8243; _builder_version=\u00bb4.16&#8243; _module_preset=\u00bbdefault\u00bb custom_padding=\u00bb|||\u00bb global_colors_info=\u00bb{}\u00bb custom_padding__hover=\u00bb|||\u00bb][et_pb_heading title=\u00bbSuscr\u00edbete a nuestro Bolet\u00edn\u00bb _builder_version=\u00bb4.27.4&#8243; _module_preset=\u00bb85bb96a3-ef78-46ce-aab0-1e7393bf0748&#8243; title_font=\u00bb|700|||||||\u00bb title_text_align=\u00bbcenter\u00bb title_text_color=\u00bb#FFFFFF\u00bb custom_margin=\u00bb||10px||false|false\u00bb locked=\u00bboff\u00bb global_colors_info=\u00bb{%22gcid-primary-color%22:%91%22quote_text_color%22%93}\u00bb][\/et_pb_heading][et_pb_heading title=\u00bb \u00bb _builder_version=\u00bb4.27.3&#8243; _module_preset=\u00bb99fd6ebc-8868-4668-82d2-793ae139fe71&#8243; title_font=\u00bbAbel|600|||||||\u00bb title_text_align=\u00bbcenter\u00bb title_text_color=\u00bb#FFFFFF\u00bb custom_margin=\u00bb-28px|||||\u00bb custom_padding=\u00bb||0px|||\u00bb text_shadow_style=\u00bbpreset1&#8243; locked=\u00bboff\u00bb global_colors_info=\u00bb{%22gcid-primary-color%22:%91%22quote_text_color%22%93}\u00bb][\/et_pb_heading][\/et_pb_column][\/et_pb_row][et_pb_row _builder_version=\u00bb4.27.4&#8243; _module_preset=\u00bbdefault\u00bb custom_margin=\u00bb-54px|auto||auto||\u00bb global_colors_info=\u00bb{}\u00bb][et_pb_column type=\u00bb4_4&#8243; _builder_version=\u00bb4.27.4&#8243; _module_preset=\u00bbdefault\u00bb global_colors_info=\u00bb{}\u00bb][et_pb_code _builder_version=\u00bb4.27.4&#8243; _module_preset=\u00bbdefault\u00bb background_enable_color=\u00bboff\u00bb custom_padding=\u00bb0px|||||\u00bb global_colors_info=\u00bb{}\u00bb]<!-- Begin Brevo Form --><!-- [et_pb_line_break_holder] --><!-- START - We recommend to place the below code in head tag of your website html --><!-- [et_pb_line_break_holder] --><\/p>\n<style><!-- [et_pb_line_break_holder] -->  @font-face {<!-- [et_pb_line_break_holder] -->    font-display: block;<!-- [et_pb_line_break_holder] -->    font-family: Roboto;<!-- [et_pb_line_break_holder] -->    src: url(https:\/\/assets.brevo.com\/font\/Roboto\/Latin\/normal\/normal\/7529907e9eaf8ebb5220c5f9850e3811.woff2) format(\"woff2\"), url(https:\/\/assets.brevo.com\/font\/Roboto\/Latin\/normal\/normal\/25c678feafdc175a70922a116c9be3e7.woff) format(\"woff\")<!-- [et_pb_line_break_holder] -->  }<!-- [et_pb_line_break_holder] --><!-- [et_pb_line_break_holder] -->  @font-face {<!-- [et_pb_line_break_holder] -->    font-display: fallback;<!-- [et_pb_line_break_holder] -->    font-family: Roboto;<!-- [et_pb_line_break_holder] -->    font-weight: 600;<!-- [et_pb_line_break_holder] -->    src: url(https:\/\/assets.brevo.com\/font\/Roboto\/Latin\/medium\/normal\/6e9caeeafb1f3491be3e32744bc30440.woff2) format(\"woff2\"), url(https:\/\/assets.brevo.com\/font\/Roboto\/Latin\/medium\/normal\/71501f0d8d5aa95960f6475d5487d4c2.woff) format(\"woff\")<!-- [et_pb_line_break_holder] -->  }<!-- [et_pb_line_break_holder] --><!-- [et_pb_line_break_holder] -->  @font-face {<!-- [et_pb_line_break_holder] -->    font-display: fallback;<!-- [et_pb_line_break_holder] -->    font-family: Roboto;<!-- [et_pb_line_break_holder] -->    font-weight: 700;<!-- [et_pb_line_break_holder] -->    src: url(https:\/\/assets.brevo.com\/font\/Roboto\/Latin\/bold\/normal\/3ef7cf158f310cf752d5ad08cd0e7e60.woff2) format(\"woff2\"), url(https:\/\/assets.brevo.com\/font\/Roboto\/Latin\/bold\/normal\/ece3a1d82f18b60bcce0211725c476aa.woff) format(\"woff\")<!-- [et_pb_line_break_holder] -->  }<!-- [et_pb_line_break_holder] --><!-- [et_pb_line_break_holder] -->  #sib-container input:-ms-input-placeholder {<!-- [et_pb_line_break_holder] -->    text-align: left;<!-- [et_pb_line_break_holder] -->    font-family: Helvetica, sans-serif;<!-- [et_pb_line_break_holder] -->    color: #c0ccda;<!-- [et_pb_line_break_holder] -->  }<!-- [et_pb_line_break_holder] --><!-- [et_pb_line_break_holder] -->  #sib-container input::placeholder {<!-- [et_pb_line_break_holder] -->    text-align: left;<!-- [et_pb_line_break_holder] -->    font-family: Helvetica, sans-serif;<!-- [et_pb_line_break_holder] -->    color: #c0ccda;<!-- [et_pb_line_break_holder] -->  }<!-- [et_pb_line_break_holder] --><!-- [et_pb_line_break_holder] -->  #sib-container textarea::placeholder {<!-- [et_pb_line_break_holder] -->    text-align: left;<!-- [et_pb_line_break_holder] -->    font-family: Helvetica, sans-serif;<!-- [et_pb_line_break_holder] -->    color: #c0ccda;<!-- [et_pb_line_break_holder] -->  }<!-- [et_pb_line_break_holder] --><!-- [et_pb_line_break_holder] -->  #sib-container a {<!-- [et_pb_line_break_holder] -->    text-decoration: underline;<!-- [et_pb_line_break_holder] -->    color: #2BB2FC;<!-- [et_pb_line_break_holder] -->  }<!-- [et_pb_line_break_holder] --><\/style>\n<p><!-- [et_pb_line_break_holder] --><link rel=\"stylesheet\" href=\"https:\/\/sibforms.com\/forms\/end-form\/build\/sib-styles.css\"><!-- [et_pb_line_break_holder] --><!-- END - We recommend to place the above code in head tag of your website html --><!-- [et_pb_line_break_holder] --><!-- [et_pb_line_break_holder] --><!-- START - We recommend to place the below code where you want the form in your website html --><!-- [et_pb_line_break_holder] --><\/p>\n<div class=\"sib-form\" style=\"text-align: center;&lt;!-- [et_pb_line_break_holder] --&gt;                                \"><!-- [et_pb_line_break_holder] -->  <\/p>\n<div id=\"sib-form-container\" class=\"sib-form-container\"><!-- [et_pb_line_break_holder] -->    <\/p>\n<div id=\"error-message\" class=\"sib-form-message-panel\" style=\"font-size:16px; text-align:left; font-family:Helvetica, sans-serif; color:#661d1d; background-color:#ffeded; border-radius:3px; border-color:#ff4949;max-width:540px;\"><!-- [et_pb_line_break_holder] -->      <\/p>\n<div class=\"sib-form-message-panel__text sib-form-message-panel__text--center\"><!-- [et_pb_line_break_holder] -->        <svg viewbox=\"0 0 512 512\" class=\"sib-icon sib-notification__icon\"><!-- [et_pb_line_break_holder] -->          <path d=\"M256 40c118.621 0 216 96.075 216 216 0 119.291-96.61 216-216 216-119.244 0-216-96.562-216-216 0-119.203 96.602-216 216-216m0-32C119.043 8 8 119.083 8 256c0 136.997 111.043 248 248 248s248-111.003 248-248C504 119.083 392.957 8 256 8zm-11.49 120h22.979c6.823 0 12.274 5.682 11.99 12.5l-7 168c-.268 6.428-5.556 11.5-11.99 11.5h-8.979c-6.433 0-11.722-5.073-11.99-11.5l-7-168c-.283-6.818 5.167-12.5 11.99-12.5zM256 340c-15.464 0-28 12.536-28 28s12.536 28 28 28 28-12.536 28-28-12.536-28-28-28z\"\/><!-- [et_pb_line_break_holder] -->        <\/svg><!-- [et_pb_line_break_holder] -->        <span class=\"sib-form-message-panel__inner-text\"><!-- [et_pb_line_break_holder] -->  No hemos podido confirmar tu suscripci\u00f3n.<!-- [et_pb_line_break_holder] -->                      <\/span><!-- [et_pb_line_break_holder] -->      <\/div>\n<p><!-- [et_pb_line_break_holder] -->    <\/div>\n<p><!-- [et_pb_line_break_holder] -->    <\/p>\n<div><\/div>\n<p><!-- [et_pb_line_break_holder] -->    <\/p>\n<div id=\"success-message\" class=\"sib-form-message-panel\" style=\"font-size:16px; text-align:left; font-family:Helvetica, sans-serif; color:#085229; background-color:#e7faf0; border-radius:3px; border-color:#13ce66;max-width:540px;\"><!-- [et_pb_line_break_holder] -->      <\/p>\n<div class=\"sib-form-message-panel__text sib-form-message-panel__text--center\"><!-- [et_pb_line_break_holder] -->        <svg viewbox=\"0 0 512 512\" class=\"sib-icon sib-notification__icon\"><!-- [et_pb_line_break_holder] -->          <path d=\"M256 8C119.033 8 8 119.033 8 256s111.033 248 248 248 248-111.033 248-248S392.967 8 256 8zm0 464c-118.664 0-216-96.055-216-216 0-118.663 96.055-216 216-216 118.664 0 216 96.055 216 216 0 118.663-96.055 216-216 216zm141.63-274.961L217.15 376.071c-4.705 4.667-12.303 4.637-16.97-.068l-85.878-86.572c-4.667-4.705-4.637-12.303.068-16.97l8.52-8.451c4.705-4.667 12.303-4.637 16.97.068l68.976 69.533 163.441-162.13c4.705-4.667 12.303-4.637 16.97.068l8.451 8.52c4.668 4.705 4.637 12.303-.068 16.97z\"\/><!-- [et_pb_line_break_holder] -->        <\/svg><!-- [et_pb_line_break_holder] -->        <span class=\"sib-form-message-panel__inner-text\"><!-- [et_pb_line_break_holder] -->  Tu suscripci\u00f3n est\u00e1 confirmada.<!-- [et_pb_line_break_holder] -->                      <\/span><!-- [et_pb_line_break_holder] -->      <\/div>\n<p><!-- [et_pb_line_break_holder] -->    <\/div>\n<p><!-- [et_pb_line_break_holder] -->    <\/p>\n<div><\/div>\n<p><!-- [et_pb_line_break_holder] -->    <\/p>\n<div id=\"sib-container\" class=\"sib-container--large sib-container--vertical\" style=\"text-align:center; background-color:rgba(255,255,255,1); max-width:540px; border-radius:3px; border-width:1px; border-color:#C0CCD9; border-style:solid; direction:ltr\"><!-- [et_pb_line_break_holder] -->      <\/p>\n<form id=\"sib-form\" method=\"POST\" action=\"https:\/\/f5dc7ee1.sibforms.com\/serve\/MUIFADtuuoQP4-stRa1jXsJzvLhetrtPfDHY-VzLUTIghhJSXXJS6jzUmj3pKanPvO3MlpLeJ_pkq5tFcqWOO2EYL_XCd2kmCcISGa-J7LPQM1vMmJGr1x4EJlxxWPuSVMl2ubLYMu54TNNtp5YG7TplX-gz2pa5YhXibo12c3nWhpjpcdrqqRUtj7sEC5NMHGeB9fF8ufpld3Jf\" data-type=\"subscription\"><!-- [et_pb_line_break_holder] -->        <\/p>\n<div style=\"padding: 8px 0;\"><!-- [et_pb_line_break_holder] -->          <\/p>\n<div class=\"sib-form-block\" style=\"font-size:23px; text-align:left; font-weight:700; font-family:Helvetica, sans-serif; color:#000000; background-color:transparent; text-align:left\"><!-- [et_pb_line_break_holder] -->            <pee><strong>Mantente informado con nuestras ideas exclusivas<\/strong><\/pee><!-- [et_pb_line_break_holder] -->          <\/div>\n<p><!-- [et_pb_line_break_holder] -->        <\/div>\n<p><!-- [et_pb_line_break_holder] -->        <\/p>\n<div style=\"padding: 8px 0;\"><!-- [et_pb_line_break_holder] -->          <\/p>\n<div class=\"sib-form-block\" style=\"font-size:16px; text-align:left; font-family:Helvetica, sans-serif; color:#000000; background-color:transparent; text-align:left\"><!-- [et_pb_line_break_holder] -->            <\/p>\n<div class=\"sib-text-form-block\"><!-- [et_pb_line_break_holder] -->              <pee>Suscr\u00edbete a nuestro bolet\u00edn y s\u00e9 el primero en recibirlo:<\/pee><!-- [et_pb_line_break_holder] -->              <pee>&#8211; Las \u00faltimas actualizaciones y avances en Reducci\u00f3n del Riesgo Residual.<\/pee><!-- [et_pb_line_break_holder] -->              <pee>&#8211; Ideas exclusivas y consejos de expertos directamente en tu bandeja de entrada.<\/pee><!-- [et_pb_line_break_holder] -->              <pee>&#8211; Invitaciones a pr\u00f3ximos eventos, seminarios web y mucho m\u00e1s.<\/pee><!-- [et_pb_line_break_holder] -->            <\/div>\n<p><!-- [et_pb_line_break_holder] -->          <\/div>\n<p><!-- [et_pb_line_break_holder] -->        <\/div>\n<p><!-- [et_pb_line_break_holder] -->        <\/p>\n<div style=\"padding: 8px 0;\"><!-- [et_pb_line_break_holder] -->          <\/p>\n<div class=\"sib-input sib-form-block\"><!-- [et_pb_line_break_holder] -->            <\/p>\n<div class=\"form__entry entry_block\"><!-- [et_pb_line_break_holder] -->              <\/p>\n<div class=\"form__label-row \"><!-- [et_pb_line_break_holder] -->                <label class=\"entry__label\" style=\"font-weight: 700; text-align:left; font-size:16px; text-align:left; font-weight:700; font-family:Helvetica, sans-serif; color:#3c4858;\" for=\"EMAIL\" data-required=\"*\">Adel\u00e1ntate a los acontecimientos y \u00fanete hoy mismo a nuestra comunidad de pensadores de futuro.<\/label><!-- [et_pb_line_break_holder] --><!-- [et_pb_line_break_holder] -->                <\/p>\n<div class=\"entry__field\"><!-- [et_pb_line_break_holder] -->                  <input class=\"input \" type=\"text\" id=\"EMAIL\" name=\"EMAIL\" autocomplete=\"off\" placeholder=\"EMAIL\" data-required=\"true\" required=\"\"><!-- [et_pb_line_break_holder] -->                <\/div>\n<p><!-- [et_pb_line_break_holder] -->              <\/div>\n<p><!-- [et_pb_line_break_holder] --><!-- [et_pb_line_break_holder] -->              <label class=\"entry__error entry__error--primary\" style=\"font-size:16px; text-align:left; font-family:Helvetica, sans-serif; color:#661d1d; background-color:#ffeded; border-radius:3px; border-color:#ff4949;\"><!-- [et_pb_line_break_holder] -->              <\/label><!-- [et_pb_line_break_holder] -->              <label class=\"entry__specification\" style=\"font-size:12px; text-align:left; font-family:Helvetica, sans-serif; color:#8390A4; text-align:left\"><!-- [et_pb_line_break_holder] -->  Introduce tu direcci\u00f3n de correo electr\u00f3nico para suscribirte. Ejemplo: abc@xyz.com <!-- [et_pb_line_break_holder] -->              <\/label><!-- [et_pb_line_break_holder] -->            <\/div>\n<p><!-- [et_pb_line_break_holder] -->          <\/div>\n<p><!-- [et_pb_line_break_holder] -->        <\/div>\n<p><!-- [et_pb_line_break_holder] -->        <\/p>\n<div style=\"padding: 8px 0;\"><!-- [et_pb_line_break_holder] -->          <\/p>\n<div class=\"sib-form-block\" style=\"text-align: left\"><!-- [et_pb_line_break_holder] -->            <button class=\"sib-form-block__button sib-form-block__button-with-loader\" style=\"font-size:16px; text-align:left; font-weight:700; font-family:Helvetica, sans-serif; color:#FFFFFF; background-color:#bd262d; border-radius:3px; border-width:0px;\" form=\"sib-form\" type=\"submit\"><!-- [et_pb_line_break_holder] -->              <svg class=\"icon clickable__icon progress-indicator__icon sib-hide-loader-icon\" viewbox=\"0 0 512 512\"><!-- [et_pb_line_break_holder] -->                <path d=\"M460.116 373.846l-20.823-12.022c-5.541-3.199-7.54-10.159-4.663-15.874 30.137-59.886 28.343-131.652-5.386-189.946-33.641-58.394-94.896-95.833-161.827-99.676C261.028 55.961 256 50.751 256 44.352V20.309c0-6.904 5.808-12.337 12.703-11.982 83.556 4.306 160.163 50.864 202.11 123.677 42.063 72.696 44.079 162.316 6.031 236.832-3.14 6.148-10.75 8.461-16.728 5.01z\"\/><!-- [et_pb_line_break_holder] -->              <\/svg><!-- [et_pb_line_break_holder] -->  SUSCRIBETE<!-- [et_pb_line_break_holder] -->            <\/button><!-- [et_pb_line_break_holder] -->          <\/div>\n<p><!-- [et_pb_line_break_holder] -->        <\/div>\n<p><!-- [et_pb_line_break_holder] --><!-- [et_pb_line_break_holder] -->        <input type=\"text\" name=\"email_address_check\" value=\"\" class=\"input--hidden\"><!-- [et_pb_line_break_holder] -->        <input type=\"hidden\" name=\"locale\" value=\"fr\"><!-- [et_pb_line_break_holder] -->      <\/form>\n<p><!-- [et_pb_line_break_holder] -->    <\/div>\n<p><!-- [et_pb_line_break_holder] -->  <\/div>\n<p><!-- [et_pb_line_break_holder] --><\/div>\n<p><!-- [et_pb_line_break_holder] --><!-- END - We recommend to place the above code where you want the form in your website html --><!-- [et_pb_line_break_holder] --><!-- [et_pb_line_break_holder] --><!-- START - We recommend to place the below code in footer or bottom of your website html --><!-- [et_pb_line_break_holder] --><script><!-- [et_pb_line_break_holder] -->  window.REQUIRED_CODE_ERROR_MESSAGE = 'Veuillez choisir un code pays';<!-- [et_pb_line_break_holder] -->  window.LOCALE = 'fr';<!-- [et_pb_line_break_holder] -->  window.EMAIL_INVALID_MESSAGE = window.SMS_INVALID_MESSAGE = \"The information you provided is not valid. Please check the field format and try again.\";<!-- [et_pb_line_break_holder] --><!-- [et_pb_line_break_holder] -->  window.REQUIRED_ERROR_MESSAGE = \"You must fill out this field. \";<!-- [et_pb_line_break_holder] --><!-- [et_pb_line_break_holder] -->  window.GENERIC_INVALID_MESSAGE = \"The information you provided is not valid. Please check the field format and try again.\";<!-- [et_pb_line_break_holder] --><!-- [et_pb_line_break_holder] --><!-- [et_pb_line_break_holder] --><!-- [et_pb_line_break_holder] --><!-- [et_pb_line_break_holder] -->  window.translation = {<!-- [et_pb_line_break_holder] -->    common: {<!-- [et_pb_line_break_holder] -->      selectedList: '{quantity} liste s\u00e9lectionn\u00e9e',<!-- [et_pb_line_break_holder] -->      selectedLists: '{quantity} listes s\u00e9lectionn\u00e9es'<!-- [et_pb_line_break_holder] -->    }<!-- [et_pb_line_break_holder] -->  };<!-- [et_pb_line_break_holder] --><!-- [et_pb_line_break_holder] -->  var AUTOHIDE = Boolean(0);<!-- [et_pb_line_break_holder] --><\/script><!-- [et_pb_line_break_holder] --><!-- [et_pb_line_break_holder] --><script defer src=\"https:\/\/sibforms.com\/forms\/end-form\/build\/main.js\"><\/script><!-- [et_pb_line_break_holder] --><!-- [et_pb_line_break_holder] --><!-- [et_pb_line_break_holder] --><!-- END - We recommend to place the above code in footer or bottom of your website html --><!-- [et_pb_line_break_holder] --><!-- End Brevo Form -->[\/et_pb_code][\/et_pb_column][\/et_pb_row][\/et_pb_section]<\/p>\n","protected":false},"excerpt":{"rendered":"","protected":false},"author":258497325,"featured_media":0,"parent":0,"menu_order":0,"comment_status":"closed","ping_status":"closed","template":"","meta":{"_et_pb_use_builder":"on","_et_pb_old_content":"","_et_gb_content_width":"","_crdt_document":"","footnotes":""},"class_list":["post-252802","page","type-page","status-publish","hentry"],"yoast_head":"<!-- This site is optimized with the Yoast SEO plugin v27.5 - https:\/\/yoast.com\/product\/yoast-seo-wordpress\/ -->\n<title>Suscripci\u00f3n al bolet\u00edn - R3I<\/title>\n<meta name=\"robots\" content=\"index, follow, max-snippet:-1, max-image-preview:large, max-video-preview:-1\" \/>\n<link rel=\"canonical\" href=\"https:\/\/r3i.org\/es\/suscripcion-al-boletin\/\" \/>\n<meta property=\"og:locale\" content=\"es_ES\" \/>\n<meta property=\"og:type\" content=\"article\" \/>\n<meta property=\"og:title\" content=\"Suscripci\u00f3n al bolet\u00edn - R3I\" \/>\n<meta property=\"og:url\" content=\"https:\/\/r3i.org\/es\/suscripcion-al-boletin\/\" \/>\n<meta property=\"og:site_name\" content=\"R3I\" \/>\n<meta property=\"article:modified_time\" content=\"2025-02-16T17:49:03+00:00\" \/>\n<meta name=\"twitter:card\" content=\"summary_large_image\" \/>\n<meta name=\"twitter:label1\" content=\"Tiempo de lectura\" \/>\n\t<meta name=\"twitter:data1\" content=\"2 minutos\" \/>\n<script type=\"application\/ld+json\" class=\"yoast-schema-graph\">{\"@context\":\"https:\\\/\\\/schema.org\",\"@graph\":[{\"@type\":\"WebPage\",\"@id\":\"https:\\\/\\\/r3i.org\\\/es\\\/suscripcion-al-boletin\\\/\",\"url\":\"https:\\\/\\\/r3i.org\\\/es\\\/suscripcion-al-boletin\\\/\",\"name\":\"Suscripci\u00f3n al bolet\u00edn - R3I\",\"isPartOf\":{\"@id\":\"https:\\\/\\\/r3i.org\\\/es\\\/#website\"},\"datePublished\":\"2024-11-25T21:51:17+00:00\",\"dateModified\":\"2025-02-16T17:49:03+00:00\",\"breadcrumb\":{\"@id\":\"https:\\\/\\\/r3i.org\\\/es\\\/suscripcion-al-boletin\\\/#breadcrumb\"},\"inLanguage\":\"es\",\"potentialAction\":[{\"@type\":\"ReadAction\",\"target\":[\"https:\\\/\\\/r3i.org\\\/es\\\/suscripcion-al-boletin\\\/\"]}]},{\"@type\":\"BreadcrumbList\",\"@id\":\"https:\\\/\\\/r3i.org\\\/es\\\/suscripcion-al-boletin\\\/#breadcrumb\",\"itemListElement\":[{\"@type\":\"ListItem\",\"position\":1,\"name\":\"Home\",\"item\":\"https:\\\/\\\/r3i.org\\\/es\\\/\"},{\"@type\":\"ListItem\",\"position\":2,\"name\":\"Suscripci\u00f3n al bolet\u00edn\"}]},{\"@type\":\"WebSite\",\"@id\":\"https:\\\/\\\/r3i.org\\\/es\\\/#website\",\"url\":\"https:\\\/\\\/r3i.org\\\/es\\\/\",\"name\":\"R3I\",\"description\":\"Residual Risk Reduction Initiative\",\"publisher\":{\"@id\":\"https:\\\/\\\/r3i.org\\\/es\\\/#organization\"},\"potentialAction\":[{\"@type\":\"SearchAction\",\"target\":{\"@type\":\"EntryPoint\",\"urlTemplate\":\"https:\\\/\\\/r3i.org\\\/es\\\/?s={search_term_string}\"},\"query-input\":{\"@type\":\"PropertyValueSpecification\",\"valueRequired\":true,\"valueName\":\"search_term_string\"}}],\"inLanguage\":\"es\"},{\"@type\":\"Organization\",\"@id\":\"https:\\\/\\\/r3i.org\\\/es\\\/#organization\",\"name\":\"R3I\",\"url\":\"https:\\\/\\\/r3i.org\\\/es\\\/\",\"logo\":{\"@type\":\"ImageObject\",\"inLanguage\":\"es\",\"@id\":\"https:\\\/\\\/r3i.org\\\/es\\\/#\\\/schema\\\/logo\\\/image\\\/\",\"url\":\"https:\\\/\\\/i0.wp.com\\\/r3i.org\\\/wp-content\\\/uploads\\\/2024\\\/11\\\/r3i-logo-transp-1.png?fit=1601%2C834&ssl=1\",\"contentUrl\":\"https:\\\/\\\/i0.wp.com\\\/r3i.org\\\/wp-content\\\/uploads\\\/2024\\\/11\\\/r3i-logo-transp-1.png?fit=1601%2C834&ssl=1\",\"width\":1601,\"height\":834,\"caption\":\"R3I\"},\"image\":{\"@id\":\"https:\\\/\\\/r3i.org\\\/es\\\/#\\\/schema\\\/logo\\\/image\\\/\"}}]}<\/script>\n<!-- \/ Yoast SEO plugin. -->","yoast_head_json":{"title":"Suscripci\u00f3n al bolet\u00edn - R3I","robots":{"index":"index","follow":"follow","max-snippet":"max-snippet:-1","max-image-preview":"max-image-preview:large","max-video-preview":"max-video-preview:-1"},"canonical":"https:\/\/r3i.org\/es\/suscripcion-al-boletin\/","og_locale":"es_ES","og_type":"article","og_title":"Suscripci\u00f3n al bolet\u00edn - R3I","og_url":"https:\/\/r3i.org\/es\/suscripcion-al-boletin\/","og_site_name":"R3I","article_modified_time":"2025-02-16T17:49:03+00:00","twitter_card":"summary_large_image","twitter_misc":{"Tiempo de lectura":"2 minutos"},"schema":{"@context":"https:\/\/schema.org","@graph":[{"@type":"WebPage","@id":"https:\/\/r3i.org\/es\/suscripcion-al-boletin\/","url":"https:\/\/r3i.org\/es\/suscripcion-al-boletin\/","name":"Suscripci\u00f3n al bolet\u00edn - R3I","isPartOf":{"@id":"https:\/\/r3i.org\/es\/#website"},"datePublished":"2024-11-25T21:51:17+00:00","dateModified":"2025-02-16T17:49:03+00:00","breadcrumb":{"@id":"https:\/\/r3i.org\/es\/suscripcion-al-boletin\/#breadcrumb"},"inLanguage":"es","potentialAction":[{"@type":"ReadAction","target":["https:\/\/r3i.org\/es\/suscripcion-al-boletin\/"]}]},{"@type":"BreadcrumbList","@id":"https:\/\/r3i.org\/es\/suscripcion-al-boletin\/#breadcrumb","itemListElement":[{"@type":"ListItem","position":1,"name":"Home","item":"https:\/\/r3i.org\/es\/"},{"@type":"ListItem","position":2,"name":"Suscripci\u00f3n al bolet\u00edn"}]},{"@type":"WebSite","@id":"https:\/\/r3i.org\/es\/#website","url":"https:\/\/r3i.org\/es\/","name":"R3I","description":"Residual Risk Reduction Initiative","publisher":{"@id":"https:\/\/r3i.org\/es\/#organization"},"potentialAction":[{"@type":"SearchAction","target":{"@type":"EntryPoint","urlTemplate":"https:\/\/r3i.org\/es\/?s={search_term_string}"},"query-input":{"@type":"PropertyValueSpecification","valueRequired":true,"valueName":"search_term_string"}}],"inLanguage":"es"},{"@type":"Organization","@id":"https:\/\/r3i.org\/es\/#organization","name":"R3I","url":"https:\/\/r3i.org\/es\/","logo":{"@type":"ImageObject","inLanguage":"es","@id":"https:\/\/r3i.org\/es\/#\/schema\/logo\/image\/","url":"https:\/\/i0.wp.com\/r3i.org\/wp-content\/uploads\/2024\/11\/r3i-logo-transp-1.png?fit=1601%2C834&ssl=1","contentUrl":"https:\/\/i0.wp.com\/r3i.org\/wp-content\/uploads\/2024\/11\/r3i-logo-transp-1.png?fit=1601%2C834&ssl=1","width":1601,"height":834,"caption":"R3I"},"image":{"@id":"https:\/\/r3i.org\/es\/#\/schema\/logo\/image\/"}}]}},"jetpack_likes_enabled":true,"jetpack_sharing_enabled":true,"jetpack_shortlink":"https:\/\/wp.me\/Pgbfv2-13Ls","jetpack-related-posts":[],"_links":{"self":[{"href":"https:\/\/r3i.org\/es\/wp-json\/wp\/v2\/pages\/252802","targetHints":{"allow":["GET"]}}],"collection":[{"href":"https:\/\/r3i.org\/es\/wp-json\/wp\/v2\/pages"}],"about":[{"href":"https:\/\/r3i.org\/es\/wp-json\/wp\/v2\/types\/page"}],"author":[{"embeddable":true,"href":"https:\/\/r3i.org\/es\/wp-json\/wp\/v2\/users\/258497325"}],"replies":[{"embeddable":true,"href":"https:\/\/r3i.org\/es\/wp-json\/wp\/v2\/comments?post=252802"}],"version-history":[{"count":4,"href":"https:\/\/r3i.org\/es\/wp-json\/wp\/v2\/pages\/252802\/revisions"}],"predecessor-version":[{"id":253923,"href":"https:\/\/r3i.org\/es\/wp-json\/wp\/v2\/pages\/252802\/revisions\/253923"}],"wp:attachment":[{"href":"https:\/\/r3i.org\/es\/wp-json\/wp\/v2\/media?parent=252802"}],"curies":[{"name":"wp","href":"https:\/\/api.w.org\/{rel}","templated":true}]}}