{"id":252799,"date":"2025-01-29T21:30:47","date_gmt":"2025-01-29T20:30:47","guid":{"rendered":"https:\/\/r3i.org\/aviso-legal\/"},"modified":"2025-02-05T22:16:07","modified_gmt":"2025-02-05T21:16:07","slug":"aviso-legal","status":"publish","type":"page","link":"https:\/\/r3i.org\/es\/aviso-legal\/","title":{"rendered":"Aviso legal"},"content":{"rendered":"<p>[et_pb_section fb_built=\u00bb1&#8243; admin_label=\u00bbHeader\u00bb _builder_version=\u00bb4.27.0&#8243; _module_preset=\u00bb0f6b5a63-55fa-4d2f-899b-1e2a513bf3dd\u00bb custom_margin=\u00bb||2px|||\u00bb custom_padding=\u00bb0|0px|0|0px|false|false\u00bb locked=\u00bboff\u00bb collapsed=\u00bbon\u00bb global_colors_info=\u00bb{}\u00bb][et_pb_row padding_top_bottom_link_1=\u00bbtrue\u00bb _builder_version=\u00bb4.27.4&#8243; _module_preset=\u00bbdefault\u00bb min_height=\u00bb570px\u00bb custom_margin=\u00bb|auto|-60px|auto||\u00bb custom_padding=\u00bb0|0px|0px|0px|false|false\u00bb global_colors_info=\u00bb{}\u00bb][et_pb_column type=\u00bb4_4&#8243; _builder_version=\u00bb4.24.2&#8243; _module_preset=\u00bbdefault\u00bb background_color_gradient_direction=\u00bb270deg\u00bb background_color_gradient_start=\u00bb#ffffff\u00bb background_color_gradient_end=\u00bbrgba(255,255,255,0.8)\u00bb custom_padding=\u00bb8%||8%||true|false\u00bb custom_padding_tablet=\u00bb||||false|false\u00bb custom_padding_phone=\u00bb||||false|false\u00bb custom_padding_last_edited=\u00bbon|desktop\u00bb global_colors_info=\u00bb{}\u00bb padding_phone=\u00bb|7%||7%||true\u00bb padding_tablet=\u00bb|5%||5%||true\u00bb padding_last_edited=\u00bbon|desktop\u00bb custom_padding__hover=\u00bb|||\u00bb][et_pb_heading title=\u00bbAvisos legales\u00bb _builder_version=\u00bb4.27.4&#8243; _module_preset=\u00bb85bb96a3-ef78-46ce-aab0-1e7393bf0748&#8243; title_text_color=\u00bbgcid-primary-color\u00bb custom_margin=\u00bb||10px||false|false\u00bb hover_enabled=\u00bb0&#8243; title_font_size_phone=\u00bb30px\u00bb global_colors_info=\u00bb{%22gcid-primary-color%22:%91%22quote_text_color%22,%22title_text_color%22%93}\u00bb sticky_enabled=\u00bb0&#8243;][\/et_pb_heading][et_pb_text _builder_version=\u00bb4.27.4&#8243; _module_preset=\u00bbcdf7bb09-c90d-4306-8243-79bb1a733ff7&#8243; hover_enabled=\u00bb0&#8243; global_colors_info=\u00bb{}\u00bb sticky_enabled=\u00bb0&#8243;]<\/p>\n<div id=\"col-content\">\n<h6 class=\"titre t2\">Descargo de responsabilidad por consejo m\u00e9dico<br \/> <\/h6>\n<div class=\"chapeau\">El sitio web de la Iniciativa para la Reducci\u00f3n del Riesgo Residual (<sup>R3i<\/sup>) no proporciona ning\u00fan tipo de asesoramiento m\u00e9dico.<br \/>La informaci\u00f3n proporcionada en este sitio web s\u00f3lo tiene fines educativos y no puede utilizarse para la atenci\u00f3n m\u00e9dica personal.<br \/>Busca siempre el consejo de un profesional sanitario cualificado si tienes alguna duda sobre el diagn\u00f3stico y\/o el tratamiento de tu enfermedad espec\u00edfica.<\/div>\n<\/div>\n<div class=\"titre t2\">Condiciones de uso  <\/div>\n<div class=\"chapeau\">\n<div class=\"t3\">Aceptaci\u00f3n de las condiciones de uso<\/div>\n<p>Bienvenido al sitio web de <sup>R3i<\/sup>.<\/p>\n<p>Al utilizar nuestro sitio web aceptas las siguientes condiciones de uso, que constituyen un contrato entre <sup>R3i<\/sup>y t\u00fa. Es posible que modifiquemos estas condiciones de vez en cuando, en cuyo caso, siempre podr\u00e1s consultar la versi\u00f3n m\u00e1s actualizada de las mismas haciendo clic en el enlace \u00abAvisos legales\u00bb situado en la parte inferior de cualquier p\u00e1gina de nuestro sitio. <\/p>\n<p>El sitio web de <sup>R3i<\/sup>publica diversos contenidos elaborados por m\u00e9dicos, especialistas, investigadores y socios de contenidos. Recuerda que, aunque nuestro sitio es accesible al p\u00fablico, est\u00e1 destinado espec\u00edficamente a los profesionales de la salud. Aunque esperamos que este sitio te resulte \u00fatil, debes recordar que no pretende sustituir a tu propio juicio cl\u00ednico como profesional sanitario. Si eres un miembro del p\u00fablico en general que decide utilizar la informaci\u00f3n de nivel profesional contenida en este sitio, no debes confiar en esa informaci\u00f3n como consejo m\u00e9dico profesional ni utilizarla como sustituto de ninguna relaci\u00f3n con tu m\u00e9dico u otro profesional sanitario cualificado. Para cuestiones m\u00e9dicas, relacionadas con cualquiera de los contenidos incluidos en este sitio, incluidas las decisiones sobre medicamentos y otros tratamientos, los miembros del p\u00fablico en general deben consultar siempre a sus m\u00e9dicos o, en casos graves, solicitar asistencia inmediata al personal de urgencias.    <\/p>\n<h6 class=\"t3\">Nuestro contenido<\/h6>\n<p>El contenido de este sitio adopta la forma de informaci\u00f3n, datos, documentos, presentaciones, archivos de sonido, fotograf\u00edas, im\u00e1genes, v\u00eddeos y mensajes. Est\u00e1 dise\u00f1ado para ayudarte a saber m\u00e1s sobre el riesgo residual. <\/p>\n<p>Seguimos un conjunto est\u00e1ndar de procedimientos editoriales para la informaci\u00f3n que ponemos en este sitio. Sin embargo, no te ofrecemos ninguna garant\u00eda relacionada con nuestro sitio web. Renunciamos espec\u00edficamente a cualquier garant\u00eda, expresa o impl\u00edcita, incluidas las garant\u00edas impl\u00edcitas de comerciabilidad o idoneidad para un fin determinado. Si eres un profesional de la salud, debes ejercer tu juicio profesional al evaluar cualquier informaci\u00f3n, y te animamos a que confirmes la informaci\u00f3n contenida en nuestro sitio web con otras fuentes antes de emprender cualquier tratamiento basado en ella. Si eres un miembro del p\u00fablico en general, debes evaluar la informaci\u00f3n junto con tu m\u00e9dico u otro profesional sanitario cualificado.    <\/p>\n<h6 class=\"t3\">Normas generales de uso y almacenamiento<\/h6>\n<p>Estas normas sirven para prevenir, reducir o disuadir el uso ilegal de los servicios del sitio, que puede afectar negativamente a su calidad t\u00e9cnica. Est\u00e1n dise\u00f1adas para eludir ataques o bloquear el uso de los servicios por parte de m\u00e1quinas programadas a tal efecto. Estas normas se refieren al volumen y\/o tama\u00f1o y\/o n\u00famero de elementos de contenido (correos electr\u00f3nicos, archivos adjuntos, mensajes, fotograf\u00edas, etc.) que pueden almacenarse e intercambiarse utilizando los servicios del sitio web. Tambi\u00e9n estipulan el n\u00famero de cuentas que pueden crearse en un plazo determinado.   <\/p>\n<h6 class=\"t3\">Comunicaci\u00f3n con los usuarios<\/h6>\n<p>Nuestro webmaster se comunica con los usuarios a trav\u00e9s de canales adecuados a la naturaleza y el tema del mensaje pretendido. Nuestro enfoque da prioridad a la ayuda contextual y a las advertencias de p\u00e1gina para ayudar a los usuarios a distinguir las comunicaciones oficiales de los intentos de pirater\u00eda, phishing o spam. <\/p>\n<h6 class=\"t3\">Servicios asociados<\/h6>\n<p>A veces, se te puede invitar a utilizar un servicio proporcionado por un socio (por ejemplo, descargar Adobe Flash Player) y alojado en el sitio web del socio. Estos servicios de terceros suelen estar identificados y llevan el logotipo del socio junto con sus condiciones de uso. <\/p><\/div>\n<h6 class=\"titre t2\">Pol\u00edtica de privacidad<br \/> <\/h6>\n<div class=\"chapeau\">\n<p>La Iniciativa para la Reducci\u00f3n del Riesgo Residual (<sup>R3i<\/sup>) se compromete a proteger tus datos personales cuando utilices nuestros servicios.<\/p>\n<p>Pease, consulta el<span> <\/span><a class=\"text-link-italic\" href=\"https:\/\/www.r3i.org\/privacy-policy.php\">P\u00e1gina de la Pol\u00edtica de privacidad de <sup>R3i<\/sup><\/a><span> <\/span>para obtener informaci\u00f3n detallada.<\/div>\n<h6 class=\"titre t2\">Derechos de propiedad intelectual<br \/> <\/h6>\n<div class=\"chapeau\">\n<p>El <sup>R3i<\/sup>respeta los derechos de propiedad intelectual y te pide que hagas lo mismo. Si tus derechos de propiedad intelectual fueran violados a trav\u00e9s de alguno de nuestros servicios, te rogamos que lo notifiques a nuestro webmaster. Todos los contenidos, servicios web y materiales utilizados por el sitio web de <sup>R3i<\/sup>contienen informaci\u00f3n confidencial que est\u00e1 protegida por la ley de propiedad intelectual.  <\/p>\n<div class=\"t3\">Enlace al sitio web de <sup>R3i<\/sup><\/div>\n<p>El <sup>R3i<\/sup>acepta que puedas tener un enlace simple desde tu sitio web al nuestro. Sin embargo, debes pedirnos permiso primero si pretendes enmarcar nuestro sitio o incorporar partes del mismo en un sitio o producto diferente de forma que no quede claro para nuestros usuarios. No se te permite enlazar con nosotros si realizas contenidos ilegales u ofensivos, o si el enlace tiene de alg\u00fan modo un impacto negativo en la reputaci\u00f3n de <sup>R3i<\/sup>y\/o de cualquiera de sus afiliados, directivos, miembros y cualquier proveedor de contenidos a este sitio web.  <\/p>\n<div class=\"t3\">Enlace desde el sitio web de <sup>R3i<\/sup><\/div>\n<p>No nos hacemos responsables del contenido de los sitios a los que enlazamos. No patrocinamos, respaldamos ni aprobamos de ning\u00fan modo la informaci\u00f3n o las declaraciones que aparecen en un sitio enlazado (ni en los sitios a los que se hace referencia o que est\u00e1n enlazados con un sitio enlazado) y no somos responsables si un sitio enlazado no funciona correctamente. Es tu responsabilidad suscribir y cumplir cualquier licencia de software o de otro tipo necesaria para acceder o utilizar cualquier sitio enlazado y cualquier material que contenga o al que enlace.  <\/p><\/div>\n<p>&nbsp;<\/p>\n<div class=\"graybox\">\n<div class=\"t3\">Fundaci\u00f3n <sup>R3i<\/sup><\/div>\n<p>Iniciativa para la Reducci\u00f3n del Riesgo Residual<br \/>Picassoplatz 8<br \/>4010 Basilea<br \/>Suiza<\/div>\n<p>[\/et_pb_text][\/et_pb_column][\/et_pb_row][\/et_pb_section]<\/p>\n","protected":false},"excerpt":{"rendered":"<p>Descargo de responsabilidad por consejo m\u00e9dico El sitio web de la Iniciativa para la Reducci\u00f3n del Riesgo Residual (R3i) no proporciona ning\u00fan tipo de asesoramiento m\u00e9dico.La informaci\u00f3n proporcionada en este sitio web s\u00f3lo tiene fines educativos y no puede utilizarse para la atenci\u00f3n m\u00e9dica personal.Busca siempre el consejo de un profesional sanitario cualificado si tienes [&hellip;]<\/p>\n","protected":false},"author":258497324,"featured_media":0,"parent":0,"menu_order":0,"comment_status":"closed","ping_status":"closed","template":"","meta":{"_et_pb_use_builder":"on","_et_pb_old_content":"","_et_gb_content_width":"","_crdt_document":"","footnotes":""},"class_list":["post-252799","page","type-page","status-publish","hentry"],"yoast_head":"<!-- This site is optimized with the Yoast SEO plugin v27.4 - https:\/\/yoast.com\/product\/yoast-seo-wordpress\/ -->\n<title>Aviso legal - R3I<\/title>\n<meta name=\"robots\" content=\"index, follow, max-snippet:-1, max-image-preview:large, max-video-preview:-1\" \/>\n<link rel=\"canonical\" href=\"https:\/\/r3i.org\/es\/aviso-legal\/\" \/>\n<meta property=\"og:locale\" content=\"es_ES\" \/>\n<meta property=\"og:type\" content=\"article\" \/>\n<meta property=\"og:title\" content=\"Aviso legal - R3I\" \/>\n<meta property=\"og:description\" content=\"Descargo de responsabilidad por consejo m\u00e9dico El sitio web de la Iniciativa para la Reducci\u00f3n del Riesgo Residual (R3i) no proporciona ning\u00fan tipo de asesoramiento m\u00e9dico.La informaci\u00f3n proporcionada en este sitio web s\u00f3lo tiene fines educativos y no puede utilizarse para la atenci\u00f3n m\u00e9dica personal.Busca siempre el consejo de un profesional sanitario cualificado si tienes [&hellip;]\" \/>\n<meta property=\"og:url\" content=\"https:\/\/r3i.org\/es\/aviso-legal\/\" \/>\n<meta property=\"og:site_name\" content=\"R3I\" \/>\n<meta property=\"article:modified_time\" content=\"2025-02-05T21:16:07+00:00\" \/>\n<meta name=\"twitter:card\" content=\"summary_large_image\" \/>\n<meta name=\"twitter:label1\" content=\"Tiempo de lectura\" \/>\n\t<meta name=\"twitter:data1\" content=\"6 minutos\" \/>\n<script type=\"application\/ld+json\" class=\"yoast-schema-graph\">{\"@context\":\"https:\\\/\\\/schema.org\",\"@graph\":[{\"@type\":\"WebPage\",\"@id\":\"https:\\\/\\\/r3i.org\\\/es\\\/aviso-legal\\\/\",\"url\":\"https:\\\/\\\/r3i.org\\\/es\\\/aviso-legal\\\/\",\"name\":\"Aviso legal - R3I\",\"isPartOf\":{\"@id\":\"https:\\\/\\\/r3i.org\\\/es\\\/#website\"},\"datePublished\":\"2025-01-29T20:30:47+00:00\",\"dateModified\":\"2025-02-05T21:16:07+00:00\",\"breadcrumb\":{\"@id\":\"https:\\\/\\\/r3i.org\\\/es\\\/aviso-legal\\\/#breadcrumb\"},\"inLanguage\":\"es\",\"potentialAction\":[{\"@type\":\"ReadAction\",\"target\":[\"https:\\\/\\\/r3i.org\\\/es\\\/aviso-legal\\\/\"]}]},{\"@type\":\"BreadcrumbList\",\"@id\":\"https:\\\/\\\/r3i.org\\\/es\\\/aviso-legal\\\/#breadcrumb\",\"itemListElement\":[{\"@type\":\"ListItem\",\"position\":1,\"name\":\"Home\",\"item\":\"https:\\\/\\\/r3i.org\\\/es\\\/\"},{\"@type\":\"ListItem\",\"position\":2,\"name\":\"Aviso legal\"}]},{\"@type\":\"WebSite\",\"@id\":\"https:\\\/\\\/r3i.org\\\/es\\\/#website\",\"url\":\"https:\\\/\\\/r3i.org\\\/es\\\/\",\"name\":\"R3I\",\"description\":\"Residual Risk Reduction Initiative\",\"publisher\":{\"@id\":\"https:\\\/\\\/r3i.org\\\/es\\\/#organization\"},\"potentialAction\":[{\"@type\":\"SearchAction\",\"target\":{\"@type\":\"EntryPoint\",\"urlTemplate\":\"https:\\\/\\\/r3i.org\\\/es\\\/?s={search_term_string}\"},\"query-input\":{\"@type\":\"PropertyValueSpecification\",\"valueRequired\":true,\"valueName\":\"search_term_string\"}}],\"inLanguage\":\"es\"},{\"@type\":\"Organization\",\"@id\":\"https:\\\/\\\/r3i.org\\\/es\\\/#organization\",\"name\":\"R3I\",\"url\":\"https:\\\/\\\/r3i.org\\\/es\\\/\",\"logo\":{\"@type\":\"ImageObject\",\"inLanguage\":\"es\",\"@id\":\"https:\\\/\\\/r3i.org\\\/es\\\/#\\\/schema\\\/logo\\\/image\\\/\",\"url\":\"https:\\\/\\\/i0.wp.com\\\/r3i.org\\\/wp-content\\\/uploads\\\/2024\\\/11\\\/r3i-logo-transp-1.png?fit=1601%2C834&ssl=1\",\"contentUrl\":\"https:\\\/\\\/i0.wp.com\\\/r3i.org\\\/wp-content\\\/uploads\\\/2024\\\/11\\\/r3i-logo-transp-1.png?fit=1601%2C834&ssl=1\",\"width\":1601,\"height\":834,\"caption\":\"R3I\"},\"image\":{\"@id\":\"https:\\\/\\\/r3i.org\\\/es\\\/#\\\/schema\\\/logo\\\/image\\\/\"}}]}<\/script>\n<!-- \/ Yoast SEO plugin. -->","yoast_head_json":{"title":"Aviso legal - R3I","robots":{"index":"index","follow":"follow","max-snippet":"max-snippet:-1","max-image-preview":"max-image-preview:large","max-video-preview":"max-video-preview:-1"},"canonical":"https:\/\/r3i.org\/es\/aviso-legal\/","og_locale":"es_ES","og_type":"article","og_title":"Aviso legal - R3I","og_description":"Descargo de responsabilidad por consejo m\u00e9dico El sitio web de la Iniciativa para la Reducci\u00f3n del Riesgo Residual (R3i) no proporciona ning\u00fan tipo de asesoramiento m\u00e9dico.La informaci\u00f3n proporcionada en este sitio web s\u00f3lo tiene fines educativos y no puede utilizarse para la atenci\u00f3n m\u00e9dica personal.Busca siempre el consejo de un profesional sanitario cualificado si tienes [&hellip;]","og_url":"https:\/\/r3i.org\/es\/aviso-legal\/","og_site_name":"R3I","article_modified_time":"2025-02-05T21:16:07+00:00","twitter_card":"summary_large_image","twitter_misc":{"Tiempo de lectura":"6 minutos"},"schema":{"@context":"https:\/\/schema.org","@graph":[{"@type":"WebPage","@id":"https:\/\/r3i.org\/es\/aviso-legal\/","url":"https:\/\/r3i.org\/es\/aviso-legal\/","name":"Aviso legal - R3I","isPartOf":{"@id":"https:\/\/r3i.org\/es\/#website"},"datePublished":"2025-01-29T20:30:47+00:00","dateModified":"2025-02-05T21:16:07+00:00","breadcrumb":{"@id":"https:\/\/r3i.org\/es\/aviso-legal\/#breadcrumb"},"inLanguage":"es","potentialAction":[{"@type":"ReadAction","target":["https:\/\/r3i.org\/es\/aviso-legal\/"]}]},{"@type":"BreadcrumbList","@id":"https:\/\/r3i.org\/es\/aviso-legal\/#breadcrumb","itemListElement":[{"@type":"ListItem","position":1,"name":"Home","item":"https:\/\/r3i.org\/es\/"},{"@type":"ListItem","position":2,"name":"Aviso legal"}]},{"@type":"WebSite","@id":"https:\/\/r3i.org\/es\/#website","url":"https:\/\/r3i.org\/es\/","name":"R3I","description":"Residual Risk Reduction Initiative","publisher":{"@id":"https:\/\/r3i.org\/es\/#organization"},"potentialAction":[{"@type":"SearchAction","target":{"@type":"EntryPoint","urlTemplate":"https:\/\/r3i.org\/es\/?s={search_term_string}"},"query-input":{"@type":"PropertyValueSpecification","valueRequired":true,"valueName":"search_term_string"}}],"inLanguage":"es"},{"@type":"Organization","@id":"https:\/\/r3i.org\/es\/#organization","name":"R3I","url":"https:\/\/r3i.org\/es\/","logo":{"@type":"ImageObject","inLanguage":"es","@id":"https:\/\/r3i.org\/es\/#\/schema\/logo\/image\/","url":"https:\/\/i0.wp.com\/r3i.org\/wp-content\/uploads\/2024\/11\/r3i-logo-transp-1.png?fit=1601%2C834&ssl=1","contentUrl":"https:\/\/i0.wp.com\/r3i.org\/wp-content\/uploads\/2024\/11\/r3i-logo-transp-1.png?fit=1601%2C834&ssl=1","width":1601,"height":834,"caption":"R3I"},"image":{"@id":"https:\/\/r3i.org\/es\/#\/schema\/logo\/image\/"}}]}},"jetpack_likes_enabled":true,"jetpack_sharing_enabled":true,"jetpack_shortlink":"https:\/\/wp.me\/Pgbfv2-13Lp","jetpack-related-posts":[],"_links":{"self":[{"href":"https:\/\/r3i.org\/es\/wp-json\/wp\/v2\/pages\/252799","targetHints":{"allow":["GET"]}}],"collection":[{"href":"https:\/\/r3i.org\/es\/wp-json\/wp\/v2\/pages"}],"about":[{"href":"https:\/\/r3i.org\/es\/wp-json\/wp\/v2\/types\/page"}],"author":[{"embeddable":true,"href":"https:\/\/r3i.org\/es\/wp-json\/wp\/v2\/users\/258497324"}],"replies":[{"embeddable":true,"href":"https:\/\/r3i.org\/es\/wp-json\/wp\/v2\/comments?post=252799"}],"version-history":[{"count":2,"href":"https:\/\/r3i.org\/es\/wp-json\/wp\/v2\/pages\/252799\/revisions"}],"predecessor-version":[{"id":252801,"href":"https:\/\/r3i.org\/es\/wp-json\/wp\/v2\/pages\/252799\/revisions\/252801"}],"wp:attachment":[{"href":"https:\/\/r3i.org\/es\/wp-json\/wp\/v2\/media?parent=252799"}],"curies":[{"name":"wp","href":"https:\/\/api.w.org\/{rel}","templated":true}]}}