{"id":252770,"date":"2025-01-21T13:33:10","date_gmt":"2025-01-21T12:33:10","guid":{"rendered":"https:\/\/r3i.org\/hito-colesterol-no-hdl\/"},"modified":"2025-02-15T18:43:28","modified_gmt":"2025-02-15T17:43:28","slug":"hito-colesterol-no-hdl","status":"publish","type":"page","link":"https:\/\/r3i.org\/es\/hito-colesterol-no-hdl\/","title":{"rendered":"Hito &#8211; Colesterol no HDL"},"content":{"rendered":"<p>[et_pb_section fb_built=\u00bb1&#8243; _builder_version=\u00bb4.27.4&#8243; _module_preset=\u00bbdefault\u00bb custom_padding=\u00bb1px|||||\u00bb global_colors_info=\u00bb{}\u00bb][et_pb_row _builder_version=\u00bb4.27.4&#8243; _module_preset=\u00bbdefault\u00bb global_colors_info=\u00bb{}\u00bb][et_pb_column type=\u00bb4_4&#8243; _builder_version=\u00bb4.27.4&#8243; _module_preset=\u00bbdefault\u00bb global_colors_info=\u00bb{}\u00bb][et_pb_text _builder_version=\u00bb4.27.4&#8243; _module_preset=\u00bbdefault\u00bb header_2_text_color=\u00bbgcid-primary-color\u00bb header_5_text_color=\u00bbgcid-secondary-color\u00bb text_orientation=\u00bbcenter\u00bb width=\u00bb99%\u00bb custom_margin=\u00bb|-147px||||\u00bb custom_padding=\u00bb|0px||||\u00bb global_colors_info=\u00bb{%22gcid-primary-color%22:%91%22quote_text_color%22,%22quote_text_color%22,%22quote_text_color%22,%22header_2_text_color%22%93,%22gcid-secondary-color%22:%91%22header_5_text_color%22%93}\u00bb]<\/p>\n<h2>Colesterol no HDL: un marcador accesible de alto riesgo residual<\/h2>\n<h5><span>20 de mayo de 2024<\/span><\/h5>\n<div class=\"summary\">\n<div class=\"summary\" style=\"text-align: left;\">Este estudio que incluye m\u00e1s de 23000 pacientes tratados con estatinas con cardiopat\u00eda isqu\u00e9mica y valores de colesterol de lipoprote\u00edna de baja densidad (C-LDL) bien controlados confirma al colesterol no HDL (lipoprote\u00edna de alta densidad) como una medici\u00f3n simple y s\u00f3lida para identificar a los pacientes que tienen un riesgo residual alto.<\/div>\n<div class=\"summary\" style=\"text-align: left;\"><em>Hansen MK, Mortensen MB, Warnakula Olesen KK, et al. Non-HDL cholesterol and residual risk of cardiovascular events in patients with ischemic heart disease and well-controlled LDL cholesterol: a cohort study. The Lancet Regional Health \u2013 Europe 2024;36: 100774.<\/em><\/div>\n<div class=\"authors\"><\/div>\n<\/div>\n<div>\n<table border=\"0\" width=\"100%\" cellspacing=\"1\" cellpadding=\"3\" bgcolor=\"#CCCCCC\">\n<tbody>\n<tr valign=\"middle\">\n<td colspan=\"2\" bgcolor=\"#FFFFFF\"><strong>RESUMEN DEL ESTUDIO<\/strong><\/td>\n<\/tr>\n<tr valign=\"middle\">\n<td bgcolor=\"#E9E9E9\" width=\"17%\"><strong>Objetivo<\/strong><\/td>\n<td align=\"left\" bgcolor=\"#FFFFFF\" width=\"83%\">Investigar si el C no-HDL identifica el riesgo residual de enfermedad cardiovascular ateroscler\u00f3tica (ECVA) y muerte en pacientes tratados con estatinas, con cardiopat\u00eda isqu\u00e9mica (CI) y C-LDL \u2264 1,8 mmol\/L.<\/td>\n<\/tr>\n<tr valign=\"middle\">\n<td bgcolor=\"#E9E9E9\"><strong>Dise\u00f1o del estudio<\/strong><\/td>\n<td align=\"left\" bgcolor=\"#FFFFFF\">Estudio de cohorte con el uso de datos de registros sanitarios regionales y nacionales de Dinamarca.<\/td>\n<\/tr>\n<tr valign=\"middle\">\n<td valign=\"top\" bgcolor=\"#E9E9E9\"><strong>Poblaci\u00f3n del estudio<\/strong><\/td>\n<td align=\"left\" bgcolor=\"#FFFFFF\">Se analizaron los datos de 23 641 pacientes tratados con estatinas con IHD y C-LDL \u22641.8 mmol\/l durante el a\u00f1o tras revascularizaci\u00f3n de la arteria coronaria.<\/td>\n<\/tr>\n<tr valign=\"middle\">\n<td bgcolor=\"#E9E9E9\"><strong>Principales variables \u00a0del estudio<\/strong><\/td>\n<td align=\"left\" bgcolor=\"#FFFFFF\">Primario: Infarto del miocardio (IM), ASCVD (IM o accidente cerebrovascular isqu\u00e9mico) y muerte por todas las causas producida entre un a\u00f1o despu\u00e9s de la revascularizaci\u00f3n de la arteria coronaria hasta el final del seguimiento.<\/td>\n<\/tr>\n<tr valign=\"middle\">\n<td bgcolor=\"#E9E9E9\"><strong>M\u00e9todos<\/strong><\/td>\n<td align=\"left\" bgcolor=\"#FFFFFF\">Se utilizaron los an\u00e1lisis de regresi\u00f3n de Cox para estimar los cocientes de riesgo (HR) ajustados por resultados. La asociaci\u00f3n de colesterol no HDL y los resultados se analiz\u00f3 con el colesterol no HDL como variable continua para proporcionar una estimaci\u00f3n del cociente de riesgo por cada 1 mmol\/l de aumento del colesterol no HDL, adem\u00e1s de la divisi\u00f3n del colesterol no HDL en grupos seg\u00fan el percentil.<\/td>\n<\/tr>\n<\/tbody>\n<\/table>\n<\/div>\n<div><strong>RESULTADOS<\/strong><\/div>\n<div>\n<table border=\"0\" width=\"100%\" cellspacing=\"1\" cellpadding=\"3\" bgcolor=\"#CCCCCC\">\n<tbody>\n<tr valign=\"middle\">\n<td bgcolor=\"#E9E9E9\"><\/td>\n<td align=\"left\" bgcolor=\"#FFFFFF\">\n<p>De todos los pacientes, 5922 (25.0%) ten\u00edan colesterol no HDL &lt;25.o percentil (1.7 mmol\/l), 10 950 (46.3%) entre el percentil 25.o y el 74.o (1.7\u20132.1 mmol\/l), 5454 (23.1%) entre el percentil 75.o y el 94.o (2.2\u20132.6 mmol\/l) y 1315 (5.6%) \u2265 95.o percentil (\u22652.7 mmol\/l). Los pacientes con colesterol no HDL alto (\u2265 95.o percentil) eran m\u00e1s j\u00f3venes, era m\u00e1s probable que fueran fumadores activos y ten\u00edan una alta prevalencia de enfermedades (diabetes, hipertensi\u00f3n) y un \u00edndice de masa corporal m\u00e1s alto en comparaci\u00f3n con quienes ten\u00edan el colesterol no HDL &lt;25.o percentil.<\/p>\n<p>Durante la mediana de seguimiento de 4.1 a\u00f1os (amplitud intercuart\u00edlica 2.4\u20136.1 a\u00f1os), 893 (3.8%) pacientes tuvieron IM, 1207 (5.1%) ASCVD y 3054 (12.9%) pacientes murieron. El colesterol no HDL m\u00e1s alto se asoci\u00f3 fuertemente con un riesgo m\u00e1s elevado de IM, ASCVD y muerte por todas las causas a pesar de los valores bien controlados de C-LDL.<\/p>\n<p>&nbsp;<\/p>\n<p><strong>Tabla 1. Cocientes de riesgo (HR) ajustados* para cada grupo de percentil de colesterol no HDL<\/strong><\/p>\n<table class=\"study-table\">\n<tbody>\n<tr>\n<td width=\"135\">\n<p>Grupo de percentil de colesterol no HDL<\/p>\n<\/td>\n<td width=\"135\">\n<p>IM<\/p>\n<\/td>\n<td width=\"135\">\n<p>ASCVD<\/p>\n<\/td>\n<td width=\"135\">\n<p>Mortalidad por todas las causas<\/p>\n<\/td>\n<\/tr>\n<tr>\n<td width=\"135\">\n<p>&lt;25.o<\/p>\n<\/td>\n<td colspan=\"3\" width=\"405\">\n<p>referencia<\/p>\n<\/td>\n<\/tr>\n<tr>\n<td width=\"135\">\n<p><sup>25\u00ba<\/sup><span> <\/span><sup>-74\u00ba<\/sup><\/p>\n<\/td>\n<td width=\"135\">\n<p>1.0 (0.8-1.2)<\/p>\n<\/td>\n<td width=\"135\">\n<p>1.1 (0.9-1.3)<\/p>\n<\/td>\n<td width=\"135\">\n<p>1.0 (0.9-1.1)<\/p>\n<\/td>\n<\/tr>\n<tr>\n<td width=\"135\">\n<p><sup>75\u00ba<\/sup><span> <\/span>&#8211; <sup>94\u00ba<\/sup><\/p>\n<\/td>\n<td width=\"135\">\n<p>1.3 (1.0-1.6)<\/p>\n<\/td>\n<td width=\"135\">\n<p>1.4 (1.1-1.7)<\/p>\n<\/td>\n<td width=\"135\">\n<p>1.2 (1.1-1.4)<\/p>\n<\/td>\n<\/tr>\n<tr>\n<td width=\"135\">\n<p><sup>\u226595<\/sup><\/p>\n<\/td>\n<td width=\"135\">\n<p>1.7 (1.3-2.3)<\/p>\n<\/td>\n<td width=\"135\">\n<p>1.8 (1.4-2.4)<\/p>\n<\/td>\n<td width=\"135\">\n<p>1.4 (1.2-1.7)<\/p>\n<\/td>\n<\/tr>\n<\/tbody>\n<\/table>\n<p>* Ajustados por edad, sexo, tabaquismo, hipertensi\u00f3n y C-LDL<\/p>\n<p>Se mostraron asociaciones similares en hombres y mujeres, y en aquellos pacientes &lt;65 a\u00f1os y \u226565 a\u00f1os.<\/p>\n<\/td>\n<\/tr>\n<tr valign=\"middle\">\n<td bgcolor=\"#E9E9E9\"><strong>Conclusi\u00f3nes de los autor<\/strong><\/td>\n<td align=\"left\" bgcolor=\"#FFFFFF\">En una cohorte de prevenci\u00f3n secundaria contempor\u00e1nea de pacientes con C-LDL bien tratado, el colesterol no HDL surge como un marcador f\u00e1cilmente accesible para detectar a los pacientes con riesgo residual alto de ASCVD y muerte. Estos resultados son importantes para las estrategias preventivas que se extienden m\u00e1s all\u00e1 de los objetivos de C-LDL.<\/td>\n<\/tr>\n<\/tbody>\n<\/table>\n<\/div>\n<div>\n<p style=\"text-align: left;\">\n<div>\n<p style=\"text-align: center;\"><strong>COMENTARIO<\/strong><\/p>\n<p style=\"text-align: left;\">Con el respaldo de una amplia base de datos que lo prueba, el C-LDL es causante indiscutible de ASCVD y, por tanto, es el enfoque en el que se centran los tratamientos para prevenir el ASCVD (1-3). Sin embargo, tambi\u00e9n se reconoce que un riesgo cardiovascular alto persiste entre los pacientes con prevenci\u00f3n secundaria incluso si los valores de C-LDL est\u00e1n bien controlados (4). Por tanto, se ha dirigido la atenci\u00f3n a otras particularidades como marcadores de riesgo cardiovascular residual mediado por el colesterol.<\/p>\n<p style=\"text-align: left;\">El colesterol no HDL, que es una medici\u00f3n del colesterol que contienen todas las part\u00edculas aterog\u00e9nicas (5), est\u00e1 indicado como el objetivo secundario en los lineamientos cl\u00ednicos, y en consecuencia puede tener un valor pr\u00e1ctico como marcador del riesgo residual. Esta hip\u00f3tesis cuenta con el respaldo de este estudio confiable con m\u00e1s de 23 000 pacientes con IHD documentada y valores de C-LDL bien controlados con tratamiento con estatinas. En concordancia con un an\u00e1lisis previo (6), el colesterol no HDL m\u00e1s alto se asoci\u00f3 en gran medida con un riesgo mayor de IM, ASCVD y muerte por todas las causas. Estos resultados fueron homog\u00e9neos en hombres y mujeres, y en pacientes m\u00e1s j\u00f3venes y de m\u00e1s edad. Los autores por tanto concluyen que el colesterol no HDL debe incluirse en los perfiles lip\u00eddicos para guiar la pr\u00e1ctica cl\u00ednica, dado que se calcula f\u00e1cilmente a partir de las mediciones lip\u00eddicas analizadas de forma habitual (colesterol total y C-HDL). El uso preferencial del colesterol no HDL tambi\u00e9n evita la mala interpretaci\u00f3n potencial del perfil lip\u00eddico que resulta de las limitaciones de ecuaciones usadas para estimar el C-LDL (7). Se justifican mayores estudios para determinar si el colesterol no HDL es el objetivo \u00f3ptimo para el riesgo cardiovascular mediado por el colesterol.<\/p>\n<\/div>\n<table border=\"0\" width=\"100%\" cellspacing=\"1\" cellpadding=\"3\" bgcolor=\"#CCCCCC\" style=\"float: left;\">\n<tbody>\n<tr>\n<td valign=\"top\" bgcolor=\"#E9E9E9\" width=\"13%\"><strong>Referencias<\/strong><\/td>\n<td valign=\"top\" bgcolor=\"#FFFFFF\" width=\"87%\">1. Ference BA, Ginsberg HN, Graham I, et al. Low-density lipoproteins cause atherosclerotic cardiovascular disease. 1. Evidence from genetic, epidemiologic, and clinical studies. A consensus statement from the European Atherosclerosis Society Consensus Panel. Eur Heart J 2017;38:2459-72.<br \/>2. Mach F, Baigent C, Catapano AL, et al. 2019 ESC\/EAS Guidelines for the management of dyslipidaemias: lipid modification to reduce cardiovascular risk. Eur Heart J 2020;41:111-88.<br \/>3. Visseren FLJ, Mach F, Smulders YM, et al. 2021 ESC Guidelines on cardiovascular disease prevention in clinical practice. Eur Heart J 2021;42:3227-337.<br \/>4. Boekholdt SM, Arsenault BJ, Mora S, et al. Association of LDL cholesterol, non-HDL cholesterol, and apolipoprotein B levels with risk of cardiovascular events among patients treated with statins: a meta-analysis. JAMA 2012;307:1302\u20139.<br \/>5. Nordestgaard BG, Langlois MR, Langsted A, et al. Quantifying atherogenic lipoproteins for lipid-lowering strategies: consensus-based recommendations from EAS and EFLM. Atherosclerosis 2020;294:46\u201361.<br \/>6. Robinson J.G., Wang S., Smith B.J., Jacobson T.A. Meta-analysis of the relationship between non\u2013high-density lipoprotein cholesterol reduction and coronary heart disease risk. J Am Coll Cardiol 2009;53:316\u201322.<br \/>7. Mancini GBJ, Ryomoto A, Iatan I, Hegele RA. LDL-C estimation equation performance characteristics highlight value of preferentially using non-HDL cholesterol or directly measured apolipoprotein B. Can J Cardiol 2023;39:963-6.<\/td>\n<\/tr>\n<tr>\n<td valign=\"top\" bgcolor=\"#E9E9E9\"><strong>Palabras clave<\/strong><\/td>\n<td valign=\"top\" bgcolor=\"#FFFFFF\">Non-HDL cholesterol; residual risk; cardiovascular events; marker<\/td>\n<\/tr>\n<\/tbody>\n<\/table>\n<\/div>\n<p>[\/et_pb_text][\/et_pb_column][\/et_pb_row][\/et_pb_section]<\/p>\n","protected":false},"excerpt":{"rendered":"<p>Colesterol no HDL: un marcador accesible de alto riesgo residual 20 de mayo de 2024 Este estudio que incluye m\u00e1s de 23000 pacientes tratados con estatinas con cardiopat\u00eda isqu\u00e9mica y valores de colesterol de lipoprote\u00edna de baja densidad (C-LDL) bien controlados confirma al colesterol no HDL (lipoprote\u00edna de alta densidad) como una medici\u00f3n simple y [&hellip;]<\/p>\n","protected":false},"author":258497325,"featured_media":0,"parent":0,"menu_order":0,"comment_status":"closed","ping_status":"closed","template":"","meta":{"_et_pb_use_builder":"on","_et_pb_old_content":"","_et_gb_content_width":"","_crdt_document":"","footnotes":""},"class_list":["post-252770","page","type-page","status-publish","hentry"],"yoast_head":"<!-- This site is optimized with the Yoast SEO plugin v27.5 - https:\/\/yoast.com\/product\/yoast-seo-wordpress\/ -->\n<title>Hito - Colesterol no HDL - R3I<\/title>\n<meta name=\"robots\" content=\"index, follow, max-snippet:-1, max-image-preview:large, max-video-preview:-1\" \/>\n<link rel=\"canonical\" href=\"https:\/\/r3i.org\/es\/hito-colesterol-no-hdl\/\" \/>\n<meta property=\"og:locale\" content=\"es_ES\" \/>\n<meta property=\"og:type\" content=\"article\" \/>\n<meta property=\"og:title\" content=\"Hito - Colesterol no HDL - R3I\" \/>\n<meta property=\"og:description\" content=\"Colesterol no HDL: un marcador accesible de alto riesgo residual 20 de mayo de 2024 Este estudio que incluye m\u00e1s de 23000 pacientes tratados con estatinas con cardiopat\u00eda isqu\u00e9mica y valores de colesterol de lipoprote\u00edna de baja densidad (C-LDL) bien controlados confirma al colesterol no HDL (lipoprote\u00edna de alta densidad) como una medici\u00f3n simple y [&hellip;]\" \/>\n<meta property=\"og:url\" content=\"https:\/\/r3i.org\/es\/hito-colesterol-no-hdl\/\" \/>\n<meta property=\"og:site_name\" content=\"R3I\" \/>\n<meta property=\"article:modified_time\" content=\"2025-02-15T17:43:28+00:00\" \/>\n<meta name=\"twitter:card\" content=\"summary_large_image\" \/>\n<meta name=\"twitter:label1\" content=\"Tiempo de lectura\" \/>\n\t<meta name=\"twitter:data1\" content=\"6 minutos\" \/>\n<script type=\"application\/ld+json\" class=\"yoast-schema-graph\">{\"@context\":\"https:\\\/\\\/schema.org\",\"@graph\":[{\"@type\":\"WebPage\",\"@id\":\"https:\\\/\\\/r3i.org\\\/es\\\/hito-colesterol-no-hdl\\\/\",\"url\":\"https:\\\/\\\/r3i.org\\\/es\\\/hito-colesterol-no-hdl\\\/\",\"name\":\"Hito - Colesterol no HDL - R3I\",\"isPartOf\":{\"@id\":\"https:\\\/\\\/r3i.org\\\/es\\\/#website\"},\"datePublished\":\"2025-01-21T12:33:10+00:00\",\"dateModified\":\"2025-02-15T17:43:28+00:00\",\"breadcrumb\":{\"@id\":\"https:\\\/\\\/r3i.org\\\/es\\\/hito-colesterol-no-hdl\\\/#breadcrumb\"},\"inLanguage\":\"es\",\"potentialAction\":[{\"@type\":\"ReadAction\",\"target\":[\"https:\\\/\\\/r3i.org\\\/es\\\/hito-colesterol-no-hdl\\\/\"]}]},{\"@type\":\"BreadcrumbList\",\"@id\":\"https:\\\/\\\/r3i.org\\\/es\\\/hito-colesterol-no-hdl\\\/#breadcrumb\",\"itemListElement\":[{\"@type\":\"ListItem\",\"position\":1,\"name\":\"Home\",\"item\":\"https:\\\/\\\/r3i.org\\\/es\\\/\"},{\"@type\":\"ListItem\",\"position\":2,\"name\":\"Hito &#8211; Colesterol no HDL\"}]},{\"@type\":\"WebSite\",\"@id\":\"https:\\\/\\\/r3i.org\\\/es\\\/#website\",\"url\":\"https:\\\/\\\/r3i.org\\\/es\\\/\",\"name\":\"R3I\",\"description\":\"Residual Risk Reduction Initiative\",\"publisher\":{\"@id\":\"https:\\\/\\\/r3i.org\\\/es\\\/#organization\"},\"potentialAction\":[{\"@type\":\"SearchAction\",\"target\":{\"@type\":\"EntryPoint\",\"urlTemplate\":\"https:\\\/\\\/r3i.org\\\/es\\\/?s={search_term_string}\"},\"query-input\":{\"@type\":\"PropertyValueSpecification\",\"valueRequired\":true,\"valueName\":\"search_term_string\"}}],\"inLanguage\":\"es\"},{\"@type\":\"Organization\",\"@id\":\"https:\\\/\\\/r3i.org\\\/es\\\/#organization\",\"name\":\"R3I\",\"url\":\"https:\\\/\\\/r3i.org\\\/es\\\/\",\"logo\":{\"@type\":\"ImageObject\",\"inLanguage\":\"es\",\"@id\":\"https:\\\/\\\/r3i.org\\\/es\\\/#\\\/schema\\\/logo\\\/image\\\/\",\"url\":\"https:\\\/\\\/i0.wp.com\\\/r3i.org\\\/wp-content\\\/uploads\\\/2024\\\/11\\\/r3i-logo-transp-1.png?fit=1601%2C834&ssl=1\",\"contentUrl\":\"https:\\\/\\\/i0.wp.com\\\/r3i.org\\\/wp-content\\\/uploads\\\/2024\\\/11\\\/r3i-logo-transp-1.png?fit=1601%2C834&ssl=1\",\"width\":1601,\"height\":834,\"caption\":\"R3I\"},\"image\":{\"@id\":\"https:\\\/\\\/r3i.org\\\/es\\\/#\\\/schema\\\/logo\\\/image\\\/\"}}]}<\/script>\n<!-- \/ Yoast SEO plugin. -->","yoast_head_json":{"title":"Hito - Colesterol no HDL - R3I","robots":{"index":"index","follow":"follow","max-snippet":"max-snippet:-1","max-image-preview":"max-image-preview:large","max-video-preview":"max-video-preview:-1"},"canonical":"https:\/\/r3i.org\/es\/hito-colesterol-no-hdl\/","og_locale":"es_ES","og_type":"article","og_title":"Hito - Colesterol no HDL - R3I","og_description":"Colesterol no HDL: un marcador accesible de alto riesgo residual 20 de mayo de 2024 Este estudio que incluye m\u00e1s de 23000 pacientes tratados con estatinas con cardiopat\u00eda isqu\u00e9mica y valores de colesterol de lipoprote\u00edna de baja densidad (C-LDL) bien controlados confirma al colesterol no HDL (lipoprote\u00edna de alta densidad) como una medici\u00f3n simple y [&hellip;]","og_url":"https:\/\/r3i.org\/es\/hito-colesterol-no-hdl\/","og_site_name":"R3I","article_modified_time":"2025-02-15T17:43:28+00:00","twitter_card":"summary_large_image","twitter_misc":{"Tiempo de lectura":"6 minutos"},"schema":{"@context":"https:\/\/schema.org","@graph":[{"@type":"WebPage","@id":"https:\/\/r3i.org\/es\/hito-colesterol-no-hdl\/","url":"https:\/\/r3i.org\/es\/hito-colesterol-no-hdl\/","name":"Hito - Colesterol no HDL - R3I","isPartOf":{"@id":"https:\/\/r3i.org\/es\/#website"},"datePublished":"2025-01-21T12:33:10+00:00","dateModified":"2025-02-15T17:43:28+00:00","breadcrumb":{"@id":"https:\/\/r3i.org\/es\/hito-colesterol-no-hdl\/#breadcrumb"},"inLanguage":"es","potentialAction":[{"@type":"ReadAction","target":["https:\/\/r3i.org\/es\/hito-colesterol-no-hdl\/"]}]},{"@type":"BreadcrumbList","@id":"https:\/\/r3i.org\/es\/hito-colesterol-no-hdl\/#breadcrumb","itemListElement":[{"@type":"ListItem","position":1,"name":"Home","item":"https:\/\/r3i.org\/es\/"},{"@type":"ListItem","position":2,"name":"Hito &#8211; Colesterol no HDL"}]},{"@type":"WebSite","@id":"https:\/\/r3i.org\/es\/#website","url":"https:\/\/r3i.org\/es\/","name":"R3I","description":"Residual Risk Reduction Initiative","publisher":{"@id":"https:\/\/r3i.org\/es\/#organization"},"potentialAction":[{"@type":"SearchAction","target":{"@type":"EntryPoint","urlTemplate":"https:\/\/r3i.org\/es\/?s={search_term_string}"},"query-input":{"@type":"PropertyValueSpecification","valueRequired":true,"valueName":"search_term_string"}}],"inLanguage":"es"},{"@type":"Organization","@id":"https:\/\/r3i.org\/es\/#organization","name":"R3I","url":"https:\/\/r3i.org\/es\/","logo":{"@type":"ImageObject","inLanguage":"es","@id":"https:\/\/r3i.org\/es\/#\/schema\/logo\/image\/","url":"https:\/\/i0.wp.com\/r3i.org\/wp-content\/uploads\/2024\/11\/r3i-logo-transp-1.png?fit=1601%2C834&ssl=1","contentUrl":"https:\/\/i0.wp.com\/r3i.org\/wp-content\/uploads\/2024\/11\/r3i-logo-transp-1.png?fit=1601%2C834&ssl=1","width":1601,"height":834,"caption":"R3I"},"image":{"@id":"https:\/\/r3i.org\/es\/#\/schema\/logo\/image\/"}}]}},"jetpack_likes_enabled":true,"jetpack_sharing_enabled":true,"jetpack_shortlink":"https:\/\/wp.me\/Pgbfv2-13KW","jetpack-related-posts":[],"_links":{"self":[{"href":"https:\/\/r3i.org\/es\/wp-json\/wp\/v2\/pages\/252770","targetHints":{"allow":["GET"]}}],"collection":[{"href":"https:\/\/r3i.org\/es\/wp-json\/wp\/v2\/pages"}],"about":[{"href":"https:\/\/r3i.org\/es\/wp-json\/wp\/v2\/types\/page"}],"author":[{"embeddable":true,"href":"https:\/\/r3i.org\/es\/wp-json\/wp\/v2\/users\/258497325"}],"replies":[{"embeddable":true,"href":"https:\/\/r3i.org\/es\/wp-json\/wp\/v2\/comments?post=252770"}],"version-history":[{"count":4,"href":"https:\/\/r3i.org\/es\/wp-json\/wp\/v2\/pages\/252770\/revisions"}],"predecessor-version":[{"id":253620,"href":"https:\/\/r3i.org\/es\/wp-json\/wp\/v2\/pages\/252770\/revisions\/253620"}],"wp:attachment":[{"href":"https:\/\/r3i.org\/es\/wp-json\/wp\/v2\/media?parent=252770"}],"curies":[{"name":"wp","href":"https:\/\/api.w.org\/{rel}","templated":true}]}}