{"id":252766,"date":"2025-01-25T15:55:49","date_gmt":"2025-01-25T14:55:49","guid":{"rendered":"https:\/\/r3i.org\/hito-noticias-de-cantos-la-modulacion-de-la-via-de-senalizacion-de-la-interleucina-6-reduce-los-eventos-cardiovasculares-2\/"},"modified":"2025-02-16T18:34:55","modified_gmt":"2025-02-16T17:34:55","slug":"hito-noticias-de-cantos-la-modulacion-de-la-via-de-senalizacion-de-la-interleucina-6-reduce-los-eventos-cardiovasculares-2","status":"publish","type":"page","link":"https:\/\/r3i.org\/es\/hito-noticias-de-cantos-la-modulacion-de-la-via-de-senalizacion-de-la-interleucina-6-reduce-los-eventos-cardiovasculares-2\/","title":{"rendered":"Hito &#8211; Noticias de CANTOS: La modulaci\u00f3n de la v\u00eda de se\u00f1alizaci\u00f3n de la interleucina-6 reduce los eventos cardiovasculares"},"content":{"rendered":"<p>[et_pb_section fb_built=\u00bb1&#8243; _builder_version=\u00bb4.27.4&#8243; _module_preset=\u00bbdefault\u00bb custom_padding=\u00bb1px|||||\u00bb global_colors_info=\u00bb{}\u00bb][et_pb_row _builder_version=\u00bb4.27.4&#8243; _module_preset=\u00bbdefault\u00bb global_colors_info=\u00bb{}\u00bb][et_pb_column type=\u00bb4_4&#8243; _builder_version=\u00bb4.27.4&#8243; _module_preset=\u00bbdefault\u00bb global_colors_info=\u00bb{}\u00bb][et_pb_text _builder_version=\u00bb4.27.4&#8243; _module_preset=\u00bbdefault\u00bb header_2_text_color=\u00bbgcid-primary-color\u00bb header_5_text_color=\u00bbgcid-secondary-color\u00bb text_orientation=\u00bbcenter\u00bb width=\u00bb99%\u00bb custom_margin=\u00bb|-147px||||\u00bb custom_padding=\u00bb|0px||||\u00bb hover_enabled=\u00bb0&#8243; global_colors_info=\u00bb{%22gcid-primary-color%22:%91%22quote_text_color%22,%22quote_text_color%22,%22quote_text_color%22,%22header_2_text_color%22%93,%22gcid-secondary-color%22:%91%22header_5_text_color%22%93}\u00bb sticky_enabled=\u00bb0&#8243;]<\/p>\n<h2><span>Noticias de CANTOS: La modulaci\u00f3n de la v\u00eda de se\u00f1alizaci\u00f3n de la interleucina-6 reduce los acontecimientos cardiovasculares<\/span><\/h2>\n<h5><span>6 de noviembre de 2018<\/span><\/h5>\n<div class=\"summary\">\n<div class=\"summary\">\n<div class=\"summary\">\n<div class=\"summary\">\n<div class=\"summary\">\n<div class=\"summary\">\n<div class=\"summary\"><span>Nuevos datos del Estudio de Resultados de la Trombosis Antiinflamatoria con Canakinumab (CANTOS) aportan pruebas de concepto de que actuar sobre la v\u00eda de la interleucina-6 (IL-6) con canakinumab reduce los episodios cardiovasculares independientemente de la reducci\u00f3n de l\u00edpidos.<\/span><\/div>\n<div class=\"authors\"><span>Ridker PM, Libby P, MacFadyen JG et al. Modulaci\u00f3n de la v\u00eda de se\u00f1alizaci\u00f3n de la interleucina 6 y tasas de incidencia de acontecimientos ateroscler\u00f3ticos y mortalidad por cualquier causa: an\u00e1lisis del Estudio de Resultados de la Trombosis Antiinflamatoria con Canakinumab (CANTOS). Eur Heart J 2018; doi:10.1093\/eurheartj\/ehy310  <\/span><\/div>\n<div class=\"authors\"><span><\/span><\/div>\n<div class=\"authors\"><span> <\/span><\/div>\n<div class=\"authors\"><\/div>\n<\/div>\n<\/div>\n<\/div>\n<div class=\"authors\">\n<p><strong>RESUMEN DEL ESTUDIO<\/strong><\/p>\n<table border=\"0\" width=\"100%\" cellspacing=\"1\" cellpadding=\"3\" bgcolor=\"#CCCCCC\">\n<tbody>\n<tr valign=\"middle\">\n<td bgcolor=\"#E9E9E9\" width=\"17%\"><strong>Objetivo:<\/strong><\/td>\n<td align=\"left\" bgcolor=\"#FFFFFF\" width=\"83%\">Investigar si los resultados cardiovasculares beneficiosos observados en CANTOS tambi\u00e9n est\u00e1n mediados por los efectos del canakinumab sobre la se\u00f1alizaci\u00f3n de la IL-6.<\/td>\n<\/tr>\n<tr valign=\"middle\">\n<td bgcolor=\"#E9E9E9\"><strong>Dise\u00f1o del estudio:<\/strong><\/td>\n<td align=\"left\" bgcolor=\"#FFFFFF\">CANTOS fue un ensayo aleatorizado, doble ciego y controlado con placebo que evalu\u00f3 tres dosis de canakinumab (50 mg, 150 mg o 300 mg) una vez cada 3 meses para la prevenci\u00f3n de acontecimientos ateroscler\u00f3ticos.1 El informe actual describe un subestudio de CANTOS. <\/td>\n<\/tr>\n<tr valign=\"middle\">\n<td valign=\"top\" bgcolor=\"#E9E9E9\"><strong>Poblaci\u00f3n del estudio:<\/strong><\/td>\n<td align=\"left\" bgcolor=\"#FFFFFF\">Se analizaron los datos de 4.833 pacientes de CANTOS con niveles de IL-6 medidos antes de la aleatorizaci\u00f3n y 3 meses despu\u00e9s del tratamiento con placebo o canakinumab.<\/td>\n<\/tr>\n<tr valign=\"middle\">\n<td bgcolor=\"#E9E9E9\"><strong>Variable de eficacia:<\/strong><\/td>\n<td align=\"left\" bgcolor=\"#FFFFFF\">\n<p>&#8211; El criterio de valoraci\u00f3n primario en CANTOS fue un compuesto de infarto de miocardio recurrente, ictus o muerte cardiovascular (MACE).<\/p>\n<p>&#8211; El criterio de valoraci\u00f3n secundario clave de eficacia cardiovascular preespecificado fue el criterio de valoraci\u00f3n primario m\u00e1s la hospitalizaci\u00f3n por angina inestable que requiriera revascularizaci\u00f3n coronaria urgente.<\/p>\n<p>Otros criterios de valoraci\u00f3n principales fueron la mortalidad cardiovascular y la mortalidad por cualquier causa.<\/p>\n<\/td>\n<\/tr>\n<tr valign=\"middle\">\n<td bgcolor=\"#E9E9E9\"><strong>M\u00e9todos:<\/strong><\/td>\n<td align=\"left\" bgcolor=\"#FFFFFF\">\n<p>Los pacientes asignados a canakinumab se dividieron a priori en 2 grupos en funci\u00f3n de la medici\u00f3n de IL-6 a los 3 meses (&lt;1,65 ng\/L o \u2265 1,65 ng\/L, el valor medio en tratamiento para los asignados a terapia activa tras la primera dosis).<\/p>\n<p>  Se utilizaron modelos de riesgos proporcionales de Cox estratificados por el tiempo transcurrido desde el infarto de miocardio \u00edndice para estimar los riesgos relativos de MACE, mortalidad cardiovascular y mortalidad por todas las causas en estos dos grupos, en comparaci\u00f3n con los asignados a placebo.<\/p>\n<\/td>\n<\/tr>\n<\/tbody>\n<\/table>\n<p><strong>RESULTADOS<\/strong><\/p>\n<p>En el grupo placebo, los niveles basales de IL-6 se asociaron con un mayor riesgo de futuros acontecimientos cardiovasculares, en un 15% para los del tercil medio y en un 47% para los del tercil superior, en comparaci\u00f3n con los del tercil inferior.<\/p>\n<p>En comparaci\u00f3n con el placebo, el canakinumab redujo los niveles de IL-6 a los 3 meses en un 34,9% en general (p&lt; 0,001). Estos efectos dependieron de la dosis; las reducciones porcentuales medias fueron del 24,5% en el grupo de 50 mg, del 35,8% en el grupo de 150 mg y del 42,7% en el grupo de 300 mg. <\/p>\n<p>Los pacientes que alcanzaron un valor de IL-6 &lt;1,65 ng\/L presentaron reducciones significativas de los criterios de valoraci\u00f3n primarios y secundarios clave de MACE, as\u00ed como de la mortalidad cardiovascular y por todas las causas (tabla 1). No hubo beneficios significativos en el grupo de canakinumab con niveles de IL-6 en tratamiento \u2265 1,65 ng\/L <\/p>\n<p>&nbsp;<\/p>\n<p><strong>Tabla 1. Razones de riesgo ajustadas (IC 95%) para los criterios de valoraci\u00f3n MACE y mortalidad en pacientes que alcanzaron valores de IL-6 &lt;1,65 ng\/L<\/strong><\/p>\n<table class=\"study-table\">\n<tbody>\n<tr>\n<td width=\"140\">\n<p><strong>Punto final<\/strong><\/p>\n<\/td>\n<td width=\"140\">\n<p><strong>Raz\u00f3n de riesgo ajustada*<\/strong><\/p>\n<\/td>\n<td width=\"140\">\n<p><strong>Valor p<\/strong><\/p>\n<\/td>\n<\/tr>\n<tr>\n<td width=\"140\">\n<p>MACE primario<\/p>\n<\/td>\n<td width=\"140\">\n<p>0.68 (0.56-0.82)<\/p>\n<\/td>\n<td width=\"140\">\n<p>&lt;0.0001<\/p>\n<\/td>\n<\/tr>\n<tr>\n<td width=\"140\">\n<p>MACE secundario clave<\/p>\n<\/td>\n<td width=\"140\">\n<p>0.70 (0.59-0.84)<\/p>\n<\/td>\n<td width=\"140\">\n<p>&lt;0.0001<\/p>\n<\/td>\n<\/tr>\n<tr>\n<td width=\"140\">\n<p>Mortalidad cardiovascular<\/p>\n<\/td>\n<td width=\"140\">\n<p>0.48 (0.34-0.68)<\/p>\n<\/td>\n<td width=\"140\">\n<p>&lt;0.0001<\/p>\n<\/td>\n<\/tr>\n<tr>\n<td width=\"140\">\n<p>Mortalidad por todas las causas<\/p>\n<\/td>\n<td width=\"140\">\n<p>0.52 (0.40-0.68)<\/p>\n<\/td>\n<td width=\"140\">\n<p>&lt;0.0001<\/p>\n<\/td>\n<\/tr>\n<\/tbody>\n<\/table>\n<p><strong><span>* Ajustado a las caracter\u00edsticas basales, como edad, sexo, tabaquismo, hipertensi\u00f3n, diabetes e \u00edndice de masa corporal, y a los niveles basales de colesterol de lipoprote\u00ednas de baja densidad e IL-6.<\/span><\/strong><\/p>\n<p><strong><\/strong><\/p>\n<\/div>\n<div class=\"authors\">\n<div>\n<div>\n<div>\n<table border=\"0\" width=\"100%\" cellspacing=\"1\" cellpadding=\"3\" bgcolor=\"#CCCCCC\">\n<tbody>\n<tr valign=\"middle\">\n<td bgcolor=\"#E9E9E9\"><strong>Conclusi\u00f3n de los autores:<\/strong><\/td>\n<td align=\"left\" bgcolor=\"#FFFFFF\">CANTOS aporta pruebas de concepto en humanos de que la modulaci\u00f3n de la v\u00eda de se\u00f1alizaci\u00f3n de la IL-6, al menos con canakinumab, se asocia con una reducci\u00f3n de las tasas de eventos cardiovasculares, independientemente de la disminuci\u00f3n de los l\u00edpidos.<\/td>\n<\/tr>\n<\/tbody>\n<\/table>\n<div>\n<p><strong>COMENTARIO<\/strong><\/p>\n<p>El estudio CANTOS se consider\u00f3 en general un estudio hist\u00f3rico que aport\u00f3 pruebas de concepto de la inflamaci\u00f3n cr\u00f3nica subcl\u00ednica como factor modificable del riesgo cardiovascular residual, independientemente de la reducci\u00f3n de los l\u00edpidos.1 Sin embargo, tambi\u00e9n existen pruebas circunstanciales s\u00f3lidas del papel de la IL-6, que est\u00e1 fuertemente inducida por la IL-1\u03b2, la diana del canakinumab,2 ya que ha demostrado ser predictiva de futuros acontecimientos vasculares.3 Los resultados de este an\u00e1lisis CANTOS respaldan esta propuesta. Estos resultados aportan pruebas directas de que la IL-6 contribuye a la aterotrombosis, ampliando los datos de los estudios de aleatorizaci\u00f3n mendeliana4,5 y de los estudios prospectivos de cohortes. Adem\u00e1s, los resultados apoyan el concepto de que \u00abcuanto m\u00e1s bajo, mejor\u00bb para el riesgo inflamatorio, al menos para el tratamiento con canakinumab, como se ha visto en los ensayos para el colesterol LDL.6 En conjunto, estos resultados proporcionan una justificaci\u00f3n para dirigirse a la IL-6 con el fin de reducir el riesgo cardiovascular residual.     <\/p>\n<p>  La enfermedad cardiovascular es indiscutiblemente multifactorial. Aunque el colesterol elevado es sin duda un importante factor de riesgo de enfermedad cardiovascular, y el colesterol LDL se ha establecido como el principal l\u00edpido de intervenci\u00f3n, tambi\u00e9n hay otros factores relevantes.7 De hecho, los resultados tanto de la hist\u00f3rica publicaci\u00f3n CANTOS1 como de este an\u00e1lisis ofrecen claramente nuevas posibilidades terap\u00e9uticas. En conjunto, estos hallazgos abogan por considerar tanto el colesterol como el riesgo inflamatorio como factores que contribuyen al riesgo cardiovascular residual, y destacan la IL-6 como posible diana terap\u00e9utica para la intervenci\u00f3n.     <\/p>\n<\/div>\n<table border=\"0\" width=\"100%\" cellspacing=\"1\" cellpadding=\"3\" bgcolor=\"#CCCCCC\">\n<tbody>\n<tr>\n<td valign=\"top\" bgcolor=\"#E9E9E9\" width=\"13%\"><strong>Referencias<\/strong><\/td>\n<td valign=\"top\" bgcolor=\"#FFFFFF\" width=\"87%\">\n<p>1. Ridker PM, Everett BM, Thuren T et al. Tratamiento antiinflamatorio con canakinumab para la enfermedad ateroscler\u00f3tica. N Engl J Med 2017;377:1119-31.  <\/p>\n<p>2. Loppnow H, Libby P. Las c\u00e9lulas musculares lisas vasculares humanas proliferantes o activadas por la interleucina-1 secretan abundante interleucina-6. J Clin Invest 1990;85:731-8. <\/p>\n<p>3. Ridker PM, Rifai N, Stampfer MJ, Hennekens CH. Concentraci\u00f3n plasm\u00e1tica de interleucina-6 y riesgo de infarto de miocardio futuro entre hombres aparentemente sanos. Circulation 2000;101:1767-72.  <\/p>\n<p>4. Sarwar N, Butterworth AS, Freitag DF et al. V\u00edas del receptor de la interleucina 6 en la cardiopat\u00eda coronaria: un metaan\u00e1lisis colaborativo de 82 estudios. Lancet 2012;379:1205-13.  <\/p>\n<p>5. Swerdlow DI, Holmes MV, Kuchenbaecker KB et al. El receptor de interleucina-6 como diana para la prevenci\u00f3n de la cardiopat\u00eda coronaria: un an\u00e1lisis de aleatorizaci\u00f3n mendeliana. Lancet 2012;379:1214-24.  <\/p>\n<p>6. Sabatine MS, Giugliano RP, Keech AC et al. Evolocumab y resultados cl\u00ednicos en pacientes con enfermedad cardiovascular. N Engl J Med 2017;376:1713-22.  <\/p>\n<p>7. Fruchart JC, Davignon J, Hermans MP et al. Riesgo macrovascular residual en 2013: \u00bfqu\u00e9 hemos aprendido? Cardiovasc Diabetol 2014;13:26. doi: 10.1186\/1475-2840-13-26.   <\/p>\n<\/td>\n<\/tr>\n<tr>\n<td valign=\"top\" bgcolor=\"#E9E9E9\"><strong>Palabras clave<\/strong><\/td>\n<td valign=\"top\" bgcolor=\"#FFFFFF\">: CANTOS; riesgo inflamatorio; interleucinas, riesgo cardiovascular<\/td>\n<\/tr>\n<\/tbody>\n<\/table>\n<\/div>\n<\/div>\n<\/div>\n<\/div>\n<\/div>\n<\/div>\n<\/div>\n<p>[\/et_pb_text][\/et_pb_column][\/et_pb_row][et_pb_row _builder_version=\u00bb4.27.4&#8243; _module_preset=\u00bbdefault\u00bb global_colors_info=\u00bb{}\u00bb][et_pb_column type=\u00bb4_4&#8243; _builder_version=\u00bb4.27.4&#8243; _module_preset=\u00bbdefault\u00bb global_colors_info=\u00bb{}\u00bb][et_pb_video src=\u00bbhttps:\/\/www.youtube.com\/watch?v=ZPRz5HMuHfs&amp;feature=youtu.be\u00bb _builder_version=\u00bb4.27.4&#8243; _module_preset=\u00bbdefault\u00bb global_colors_info=\u00bb{}\u00bb src__hover_enabled=\u00bboff|hover\u00bb][\/et_pb_video][\/et_pb_column][\/et_pb_row][\/et_pb_section]<\/p>\n","protected":false},"excerpt":{"rendered":"<p>Noticias de CANTOS: La modulaci\u00f3n de la v\u00eda de se\u00f1alizaci\u00f3n de la interleucina-6 reduce los acontecimientos cardiovasculares 6 de noviembre de 2018 Nuevos datos del Estudio de Resultados de la Trombosis Antiinflamatoria con Canakinumab (CANTOS) aportan pruebas de concepto de que actuar sobre la v\u00eda de la interleucina-6 (IL-6) con canakinumab reduce los episodios cardiovasculares [&hellip;]<\/p>\n","protected":false},"author":258497325,"featured_media":0,"parent":0,"menu_order":0,"comment_status":"closed","ping_status":"closed","template":"","meta":{"_et_pb_use_builder":"on","_et_pb_old_content":"","_et_gb_content_width":"","_crdt_document":"","footnotes":""},"class_list":["post-252766","page","type-page","status-publish","hentry"],"yoast_head":"<!-- This site is optimized with the Yoast SEO plugin v27.6 - https:\/\/yoast.com\/product\/yoast-seo-wordpress\/ -->\n<title>Hito - Noticias de CANTOS: La modulaci\u00f3n de la v\u00eda de se\u00f1alizaci\u00f3n de la interleucina-6 reduce los eventos cardiovasculares - R3I<\/title>\n<meta name=\"robots\" content=\"index, follow, max-snippet:-1, max-image-preview:large, max-video-preview:-1\" \/>\n<link rel=\"canonical\" href=\"https:\/\/r3i.org\/es\/hito-noticias-de-cantos-la-modulacion-de-la-via-de-senalizacion-de-la-interleucina-6-reduce-los-eventos-cardiovasculares-2\/\" \/>\n<meta property=\"og:locale\" content=\"es_ES\" \/>\n<meta property=\"og:type\" content=\"article\" \/>\n<meta property=\"og:title\" content=\"Hito - Noticias de CANTOS: La modulaci\u00f3n de la v\u00eda de se\u00f1alizaci\u00f3n de la interleucina-6 reduce los eventos cardiovasculares - R3I\" \/>\n<meta property=\"og:description\" content=\"Noticias de CANTOS: La modulaci\u00f3n de la v\u00eda de se\u00f1alizaci\u00f3n de la interleucina-6 reduce los acontecimientos cardiovasculares 6 de noviembre de 2018 Nuevos datos del Estudio de Resultados de la Trombosis Antiinflamatoria con Canakinumab (CANTOS) aportan pruebas de concepto de que actuar sobre la v\u00eda de la interleucina-6 (IL-6) con canakinumab reduce los episodios cardiovasculares [&hellip;]\" \/>\n<meta property=\"og:url\" content=\"https:\/\/r3i.org\/es\/hito-noticias-de-cantos-la-modulacion-de-la-via-de-senalizacion-de-la-interleucina-6-reduce-los-eventos-cardiovasculares-2\/\" \/>\n<meta property=\"og:site_name\" content=\"R3I\" \/>\n<meta property=\"article:modified_time\" content=\"2025-02-16T17:34:55+00:00\" \/>\n<meta name=\"twitter:card\" content=\"summary_large_image\" \/>\n<meta name=\"twitter:label1\" content=\"Tiempo de lectura\" \/>\n\t<meta name=\"twitter:data1\" content=\"7 minutos\" \/>\n<script type=\"application\/ld+json\" class=\"yoast-schema-graph\">{\"@context\":\"https:\\\/\\\/schema.org\",\"@graph\":[{\"@type\":\"WebPage\",\"@id\":\"https:\\\/\\\/r3i.org\\\/es\\\/hito-noticias-de-cantos-la-modulacion-de-la-via-de-senalizacion-de-la-interleucina-6-reduce-los-eventos-cardiovasculares-2\\\/\",\"url\":\"https:\\\/\\\/r3i.org\\\/es\\\/hito-noticias-de-cantos-la-modulacion-de-la-via-de-senalizacion-de-la-interleucina-6-reduce-los-eventos-cardiovasculares-2\\\/\",\"name\":\"Hito - Noticias de CANTOS: La modulaci\u00f3n de la v\u00eda de se\u00f1alizaci\u00f3n de la interleucina-6 reduce los eventos cardiovasculares - R3I\",\"isPartOf\":{\"@id\":\"https:\\\/\\\/r3i.org\\\/es\\\/#website\"},\"datePublished\":\"2025-01-25T14:55:49+00:00\",\"dateModified\":\"2025-02-16T17:34:55+00:00\",\"breadcrumb\":{\"@id\":\"https:\\\/\\\/r3i.org\\\/es\\\/hito-noticias-de-cantos-la-modulacion-de-la-via-de-senalizacion-de-la-interleucina-6-reduce-los-eventos-cardiovasculares-2\\\/#breadcrumb\"},\"inLanguage\":\"es\",\"potentialAction\":[{\"@type\":\"ReadAction\",\"target\":[\"https:\\\/\\\/r3i.org\\\/es\\\/hito-noticias-de-cantos-la-modulacion-de-la-via-de-senalizacion-de-la-interleucina-6-reduce-los-eventos-cardiovasculares-2\\\/\"]}]},{\"@type\":\"BreadcrumbList\",\"@id\":\"https:\\\/\\\/r3i.org\\\/es\\\/hito-noticias-de-cantos-la-modulacion-de-la-via-de-senalizacion-de-la-interleucina-6-reduce-los-eventos-cardiovasculares-2\\\/#breadcrumb\",\"itemListElement\":[{\"@type\":\"ListItem\",\"position\":1,\"name\":\"Home\",\"item\":\"https:\\\/\\\/r3i.org\\\/es\\\/\"},{\"@type\":\"ListItem\",\"position\":2,\"name\":\"Hito &#8211; Noticias de CANTOS: La modulaci\u00f3n de la v\u00eda de se\u00f1alizaci\u00f3n de la interleucina-6 reduce los eventos cardiovasculares\"}]},{\"@type\":\"WebSite\",\"@id\":\"https:\\\/\\\/r3i.org\\\/es\\\/#website\",\"url\":\"https:\\\/\\\/r3i.org\\\/es\\\/\",\"name\":\"R3I\",\"description\":\"Residual Risk Reduction Initiative\",\"publisher\":{\"@id\":\"https:\\\/\\\/r3i.org\\\/es\\\/#organization\"},\"potentialAction\":[{\"@type\":\"SearchAction\",\"target\":{\"@type\":\"EntryPoint\",\"urlTemplate\":\"https:\\\/\\\/r3i.org\\\/es\\\/?s={search_term_string}\"},\"query-input\":{\"@type\":\"PropertyValueSpecification\",\"valueRequired\":true,\"valueName\":\"search_term_string\"}}],\"inLanguage\":\"es\"},{\"@type\":\"Organization\",\"@id\":\"https:\\\/\\\/r3i.org\\\/es\\\/#organization\",\"name\":\"R3I\",\"url\":\"https:\\\/\\\/r3i.org\\\/es\\\/\",\"logo\":{\"@type\":\"ImageObject\",\"inLanguage\":\"es\",\"@id\":\"https:\\\/\\\/r3i.org\\\/es\\\/#\\\/schema\\\/logo\\\/image\\\/\",\"url\":\"https:\\\/\\\/i0.wp.com\\\/r3i.org\\\/wp-content\\\/uploads\\\/2024\\\/11\\\/r3i-logo-transp-1.png?fit=1601%2C834&ssl=1\",\"contentUrl\":\"https:\\\/\\\/i0.wp.com\\\/r3i.org\\\/wp-content\\\/uploads\\\/2024\\\/11\\\/r3i-logo-transp-1.png?fit=1601%2C834&ssl=1\",\"width\":1601,\"height\":834,\"caption\":\"R3I\"},\"image\":{\"@id\":\"https:\\\/\\\/r3i.org\\\/es\\\/#\\\/schema\\\/logo\\\/image\\\/\"}}]}<\/script>\n<!-- \/ Yoast SEO plugin. -->","yoast_head_json":{"title":"Hito - Noticias de CANTOS: La modulaci\u00f3n de la v\u00eda de se\u00f1alizaci\u00f3n de la interleucina-6 reduce los eventos cardiovasculares - R3I","robots":{"index":"index","follow":"follow","max-snippet":"max-snippet:-1","max-image-preview":"max-image-preview:large","max-video-preview":"max-video-preview:-1"},"canonical":"https:\/\/r3i.org\/es\/hito-noticias-de-cantos-la-modulacion-de-la-via-de-senalizacion-de-la-interleucina-6-reduce-los-eventos-cardiovasculares-2\/","og_locale":"es_ES","og_type":"article","og_title":"Hito - Noticias de CANTOS: La modulaci\u00f3n de la v\u00eda de se\u00f1alizaci\u00f3n de la interleucina-6 reduce los eventos cardiovasculares - R3I","og_description":"Noticias de CANTOS: La modulaci\u00f3n de la v\u00eda de se\u00f1alizaci\u00f3n de la interleucina-6 reduce los acontecimientos cardiovasculares 6 de noviembre de 2018 Nuevos datos del Estudio de Resultados de la Trombosis Antiinflamatoria con Canakinumab (CANTOS) aportan pruebas de concepto de que actuar sobre la v\u00eda de la interleucina-6 (IL-6) con canakinumab reduce los episodios cardiovasculares [&hellip;]","og_url":"https:\/\/r3i.org\/es\/hito-noticias-de-cantos-la-modulacion-de-la-via-de-senalizacion-de-la-interleucina-6-reduce-los-eventos-cardiovasculares-2\/","og_site_name":"R3I","article_modified_time":"2025-02-16T17:34:55+00:00","twitter_card":"summary_large_image","twitter_misc":{"Tiempo de lectura":"7 minutos"},"schema":{"@context":"https:\/\/schema.org","@graph":[{"@type":"WebPage","@id":"https:\/\/r3i.org\/es\/hito-noticias-de-cantos-la-modulacion-de-la-via-de-senalizacion-de-la-interleucina-6-reduce-los-eventos-cardiovasculares-2\/","url":"https:\/\/r3i.org\/es\/hito-noticias-de-cantos-la-modulacion-de-la-via-de-senalizacion-de-la-interleucina-6-reduce-los-eventos-cardiovasculares-2\/","name":"Hito - Noticias de CANTOS: La modulaci\u00f3n de la v\u00eda de se\u00f1alizaci\u00f3n de la interleucina-6 reduce los eventos cardiovasculares - R3I","isPartOf":{"@id":"https:\/\/r3i.org\/es\/#website"},"datePublished":"2025-01-25T14:55:49+00:00","dateModified":"2025-02-16T17:34:55+00:00","breadcrumb":{"@id":"https:\/\/r3i.org\/es\/hito-noticias-de-cantos-la-modulacion-de-la-via-de-senalizacion-de-la-interleucina-6-reduce-los-eventos-cardiovasculares-2\/#breadcrumb"},"inLanguage":"es","potentialAction":[{"@type":"ReadAction","target":["https:\/\/r3i.org\/es\/hito-noticias-de-cantos-la-modulacion-de-la-via-de-senalizacion-de-la-interleucina-6-reduce-los-eventos-cardiovasculares-2\/"]}]},{"@type":"BreadcrumbList","@id":"https:\/\/r3i.org\/es\/hito-noticias-de-cantos-la-modulacion-de-la-via-de-senalizacion-de-la-interleucina-6-reduce-los-eventos-cardiovasculares-2\/#breadcrumb","itemListElement":[{"@type":"ListItem","position":1,"name":"Home","item":"https:\/\/r3i.org\/es\/"},{"@type":"ListItem","position":2,"name":"Hito &#8211; Noticias de CANTOS: La modulaci\u00f3n de la v\u00eda de se\u00f1alizaci\u00f3n de la interleucina-6 reduce los eventos cardiovasculares"}]},{"@type":"WebSite","@id":"https:\/\/r3i.org\/es\/#website","url":"https:\/\/r3i.org\/es\/","name":"R3I","description":"Residual Risk Reduction Initiative","publisher":{"@id":"https:\/\/r3i.org\/es\/#organization"},"potentialAction":[{"@type":"SearchAction","target":{"@type":"EntryPoint","urlTemplate":"https:\/\/r3i.org\/es\/?s={search_term_string}"},"query-input":{"@type":"PropertyValueSpecification","valueRequired":true,"valueName":"search_term_string"}}],"inLanguage":"es"},{"@type":"Organization","@id":"https:\/\/r3i.org\/es\/#organization","name":"R3I","url":"https:\/\/r3i.org\/es\/","logo":{"@type":"ImageObject","inLanguage":"es","@id":"https:\/\/r3i.org\/es\/#\/schema\/logo\/image\/","url":"https:\/\/i0.wp.com\/r3i.org\/wp-content\/uploads\/2024\/11\/r3i-logo-transp-1.png?fit=1601%2C834&ssl=1","contentUrl":"https:\/\/i0.wp.com\/r3i.org\/wp-content\/uploads\/2024\/11\/r3i-logo-transp-1.png?fit=1601%2C834&ssl=1","width":1601,"height":834,"caption":"R3I"},"image":{"@id":"https:\/\/r3i.org\/es\/#\/schema\/logo\/image\/"}}]}},"jetpack_likes_enabled":true,"jetpack_sharing_enabled":true,"jetpack_shortlink":"https:\/\/wp.me\/Pgbfv2-13KS","jetpack-related-posts":[],"_links":{"self":[{"href":"https:\/\/r3i.org\/es\/wp-json\/wp\/v2\/pages\/252766","targetHints":{"allow":["GET"]}}],"collection":[{"href":"https:\/\/r3i.org\/es\/wp-json\/wp\/v2\/pages"}],"about":[{"href":"https:\/\/r3i.org\/es\/wp-json\/wp\/v2\/types\/page"}],"author":[{"embeddable":true,"href":"https:\/\/r3i.org\/es\/wp-json\/wp\/v2\/users\/258497325"}],"replies":[{"embeddable":true,"href":"https:\/\/r3i.org\/es\/wp-json\/wp\/v2\/comments?post=252766"}],"version-history":[{"count":3,"href":"https:\/\/r3i.org\/es\/wp-json\/wp\/v2\/pages\/252766\/revisions"}],"predecessor-version":[{"id":253873,"href":"https:\/\/r3i.org\/es\/wp-json\/wp\/v2\/pages\/252766\/revisions\/253873"}],"wp:attachment":[{"href":"https:\/\/r3i.org\/es\/wp-json\/wp\/v2\/media?parent=252766"}],"curies":[{"name":"wp","href":"https:\/\/api.w.org\/{rel}","templated":true}]}}