{"id":252760,"date":"2025-01-25T13:51:40","date_gmt":"2025-01-25T12:51:40","guid":{"rendered":"https:\/\/r3i.org\/hito-mas-datos-de-reduce-it-impacto-en-el-total-de-eventos-cardiovasculares\/"},"modified":"2025-02-05T22:05:24","modified_gmt":"2025-02-05T21:05:24","slug":"hito-mas-datos-de-reduce-it-impacto-en-el-total-de-eventos-cardiovasculares","status":"publish","type":"page","link":"https:\/\/r3i.org\/es\/hito-mas-datos-de-reduce-it-impacto-en-el-total-de-eventos-cardiovasculares\/","title":{"rendered":"Hito &#8211; M\u00e1s datos de REDUCE-IT: Impacto en el total de eventos cardiovasculares"},"content":{"rendered":"\n[et_pb_section fb_built=\u00bb1&#8243; _builder_version=\u00bb4.27.4&#8243; _module_preset=\u00bbdefault\u00bb custom_padding=\u00bb1px|||||\u00bb global_colors_info=\u00bb{}\u00bb][et_pb_row _builder_version=\u00bb4.27.4&#8243; _module_preset=\u00bbdefault\u00bb global_colors_info=\u00bb{}\u00bb][et_pb_column type=\u00bb4_4&#8243; _builder_version=\u00bb4.27.4&#8243; _module_preset=\u00bbdefault\u00bb global_colors_info=\u00bb{}\u00bb][et_pb_text _builder_version=\u00bb4.27.4&#8243; _module_preset=\u00bbdefault\u00bb header_2_text_color=\u00bbgcid-primary-color\u00bb header_5_text_color=\u00bbgcid-secondary-color\u00bb text_orientation=\u00bbcenter\u00bb width=\u00bb99%\u00bb custom_margin=\u00bb|-147px||||\u00bb custom_padding=\u00bb|0px||||\u00bb hover_enabled=\u00bb0&#8243; global_colors_info=\u00bb{%22gcid-primary-color%22:%91%22quote_text_color%22,%22quote_text_color%22,%22quote_text_color%22,%22header_2_text_color%22%93,%22gcid-secondary-color%22:%91%22header_5_text_color%22%93}\u00bb sticky_enabled=\u00bb0&#8243;]<h2><span>M\u00e1s datos de REDUCE-IT: Impacto en el total de eventos cardiovasculares<\/span><\/h2>\n<h5><span>19 de marzo de 2020<\/span><\/h5>\n<div class=\"summary\">\n<div class=\"summary\">\n<div class=\"summary\">\n<div class=\"summary\">\n<div class=\"summary\">\n<div class=\"summary\">\n<div class=\"summary\"><span>El icosapent et\u00edlico reduce la carga de acontecimientos primarios de primera vez y totales en pacientes con diabetes mellitus tipo 2 y triglic\u00e9ridos elevados que reciben tratamiento de base con estatinas.<\/span><\/div>\n<div class=\"authors\"><span>Bhatt DL, Steg PG, Miller M et al. Efectos del icosapent etil en los eventos isqu\u00e9micos totales. De REDUCE-IT. J Am Coll Cardiol 2019;73:2791&#8217;\u00c4\u00ec802.   <\/span><\/div>\n<div class=\"authors\"><span><\/span><\/div>\n<\/div>\n<\/div>\n<\/div>\n<div class=\"authors\">\n<p><strong>RESUMEN DEL ESTUDIO<\/strong><\/p>\n<table border=\"0\" width=\"100%\" cellspacing=\"1\" cellpadding=\"3\" bgcolor=\"#CCCCCC\">\n<tbody>\n<tr valign=\"middle\">\n<td bgcolor=\"#E9E9E9\" width=\"17%\"><strong>Objetivo:<\/strong><\/td>\n<td align=\"left\" bgcolor=\"#FFFFFF\" width=\"83%\">Evaluar el efecto del icosapent et\u00edlico sobre el total de eventos isqu\u00e9micos (primeros eventos y eventos posteriores) para caracterizar mejor la carga total de eventos isqu\u00e9micos en toda la poblaci\u00f3n general del estudio.<\/td>\n<\/tr>\n<tr valign=\"middle\">\n<td bgcolor=\"#E9E9E9\"><strong>Dise\u00f1o del estudio:<\/strong><\/td>\n<td align=\"left\" bgcolor=\"#FFFFFF\">Estudio doble ciego, controlado con placebo y aleatorizado. Se aleatoriz\u00f3 a los pacientes 1:1 a icosapent et\u00edlico 4 g\/d\u00eda (2 g dos veces al d\u00eda con las comidas, n=4.089) o placebo (n=4.090). <\/td>\n<\/tr>\n<tr valign=\"middle\">\n<td valign=\"top\" bgcolor=\"#E9E9E9\"><strong>Poblaci\u00f3n del estudio:<\/strong><\/td>\n<td align=\"left\" bgcolor=\"#FFFFFF\">8.179 pacientes tratados con estatinas con triglic\u00e9ridos (TG) \u2265135 y &lt;500 mg\/dL (mediana basal de 216 mg\/dL; colesterol de lipoprote\u00ednas de baja densidad (LDL) &gt;40 y \u2264100 mg\/dL (mediana basal de 75 mg\/dL); y con antecedentes de aterosclerosis (coronaria, cerebral o perif\u00e9rica) o con diabetes y otros factores de riesgo cardiovascular.<\/td>\n<\/tr>\n<tr valign=\"middle\">\n<td bgcolor=\"#E9E9E9\"><strong>Variables principales:<\/strong><\/td>\n<td align=\"left\" bgcolor=\"#FFFFFF\">&#8211; Variable principal: eventos isqu\u00e9micos totales (es decir, primero y posteriores) consistentes en la combinaci\u00f3n de muerte cardiovascular, infarto de miocardio no mortal, ictus no mortal, revascularizaci\u00f3n coronaria u hospitalizaci\u00f3n por angina inestable<br>&#8211; Variables secundarias principales: muerte cardiovascular total (es decir, primera y posteriores), infarto de miocardio no mortal o ictus no mortal.<\/td>\n<\/tr>\n<tr valign=\"middle\">\n<td bgcolor=\"#E9E9E9\"><strong>M\u00e9todos:<\/strong><\/td>\n<td align=\"left\" bgcolor=\"#FFFFFF\">An\u00e1lisis preespecificado de REDUCE-IT, mediante modelos estad\u00edsticos m\u00faltiples. El an\u00e1lisis primario preespecificado fue un modelo de regresi\u00f3n binomial para calcular las tasas y los cocientes de tasas de los acontecimientos cardiovasculares totales. Los an\u00e1lisis preespecificados de apoyo incluyeron el m\u00e9todo de Wei-Lin-Weissfeld modificado (para calcular los cocientes de riesgos para el tiempo transcurrido hasta el primer, segundo o tercer acontecimiento), y el modelo de Andersen-Gill utilizando un modelo de riesgos proporcionales de Cox para modelizar los acontecimientos totales.  <\/td>\n<\/tr>\n<\/tbody>\n<\/table>\n<p><strong>RESULTADOS<\/strong><\/p>\n<\/div>\n<div class=\"authors\">\n<div>\n<div>\n<table>\n<tbody>\n<tr>\n<td width=\"529\">\n<p>Hubo un total de 2.909 eventos primarios, 1.606 (55,2%) primeros eventos y 1.303 (44,8%) eventos adicionales. El tratamiento con icosapent et\u00edlico 4 g\/d\u00eda se asoci\u00f3 a reducciones significativas del total de acontecimientos (Tabla 1). <\/p>\n<p>&nbsp;<\/p>\n<p><strong>Tabla 1. Impacto del icosapent en el total de acontecimientos primarios y secundarios clave<\/strong><\/p>\n<\/td>\n<\/tr>\n<\/tbody>\n<\/table>\n<table class=\"study-table\">\n<tbody>\n<tr>\n<td width=\"117\"><strong>Tratamiento<\/strong><\/td>\n<td width=\"117\"><strong>Tasa (por 1.000 pacientes-a\u00f1o)<\/strong><\/td>\n<td width=\"280\"><strong>Proporci\u00f3n de la tasa (intervalo de confianza del 95%), P<\/strong><\/td>\n<\/tr>\n<tr>\n<td width=\"117\"><strong>Primaria<\/strong><\/td>\n<td width=\"117\"> <\/td>\n<td width=\"280\"> <\/td>\n<\/tr>\n<tr>\n<td width=\"117\">Icosapent et\u00edlico<\/td>\n<td width=\"117\">61<\/td>\n<td width=\"280\">0,70 (0,62 a 0,78); p &lt;0,0001<\/td>\n<\/tr>\n<tr>\n<td width=\"117\">Placebo<\/td>\n<td width=\"117\">89<\/td>\n<td width=\"280\"> <\/td> \n<\/tr>\n<tr>\n<td width=\"117\"><strong>Clave secundaria<\/strong><\/td>\n<td width=\"117\"> <\/td>\n<td width=\"280\"> <\/td>\n<\/tr>\n<tr>\n<td width=\"117\">Icosapent et\u00edlico<\/td>\n<td width=\"117\">32<\/td>\n<td width=\"280\">0,72 (0,63 a 0,82); p &lt; 0,0001<\/td>\n<\/tr>\n<tr>\n<td width=\"117\">Placebo<\/td>\n<td width=\"117\">44<\/td>\n<td width=\"280\"> <\/td> \n<\/tr>\n<\/tbody>\n<\/table>\n<table border=\"0\" width=\"100%\" cellspacing=\"1\" cellpadding=\"3\" bgcolor=\"#CCCCCC\">\n<tbody>\n<tr valign=\"middle\">\n<td bgcolor=\"#E9E9E9\"><strong>Conclusi\u00f3n de los autores:<\/strong><\/td>\n<td align=\"left\" bgcolor=\"#FFFFFF\">Entre los pacientes tratados con estatinas con triglic\u00e9ridos elevados y enfermedad cardiovascular o diabetes, m\u00faltiples modelos estad\u00edsticos demuestran que el icosapent etil reduce sustancialmente la carga de acontecimientos isqu\u00e9micos primeros, posteriores y totales.<\/td>\n<\/tr>\n<\/tbody>\n<\/table>\n<div>\n<p><strong>COMENTARIO<\/strong><\/p>\n<p>Los ensayos de resultados cardiovasculares que incluyen el tratamiento hipolipemiante en pacientes con enfermedad cardiovascular ateroscler\u00f3tica (ECVA) han elegido convencionalmente el tiempo transcurrido hasta el primer acontecimiento no mortal o mortal como criterio principal de valoraci\u00f3n. Sin embargo, el tiempo transcurrido hasta el primer acontecimiento puede no ser la mejor representaci\u00f3n de la carga total de la ASCVD en pacientes de alto y muy alto riesgo, ya que no tiene en cuenta el impacto de los acontecimientos cardiovasculares recurrentes para los pacientes, los m\u00e9dicos y los recursos sanitarios. As\u00ed pues, cada vez hay m\u00e1s partidarios de tener en cuenta el efecto del tratamiento sobre el total de acontecimientos cardiovasculares en los principales estudios de resultados, como los que implican a los inhibidores de la PCSK9.1,2 Esto, a su vez, proporcionar\u00e1 una mejor estimaci\u00f3n de la carga de la enfermedad, como la medida por la hospitalizaci\u00f3n de los pacientes y las m\u00e9tricas de la discapacidad de los acontecimientos recurrentes de ASCVCD.3 Esto tiene relevancia dado que los recursos de que disponen los sistemas sanitarios son cada vez m\u00e1s finitos.   <\/p>\n<p>  En REDUCE-IT, el tratamiento con icosapent et\u00edlico 4 g\/d\u00eda se asoci\u00f3 con una reducci\u00f3n significativa del riesgo relativo del 25% y una reducci\u00f3n del riesgo absoluto del 4,8% en el criterio de valoraci\u00f3n principal. El impacto sobre el criterio de valoraci\u00f3n secundario clave fue similar (una reducci\u00f3n del riesgo relativo del 26% y una reducci\u00f3n del riesgo absoluto del 3,6%).4 En el an\u00e1lisis actual, los investigadores del REDUCE-IT cuantificaron el efecto del tratamiento sobre los acontecimientos isqu\u00e9micos totales. Los resultados de este an\u00e1lisis mostraron que el icosapent et\u00edlico 4 g\/d\u00eda redujo significativamente la carga de acontecimientos isqu\u00e9micos totales. Adem\u00e1s, la evidencia del beneficio para diferentes criterios de valoraci\u00f3n, incluidos los acontecimientos coronarios, cerebrales, mortales y no mortales, y la revascularizaci\u00f3n, implica que no es probable que la disminuci\u00f3n de los TG sea la \u00fanica responsable, lo que apoya la implicaci\u00f3n de m\u00faltiples mecanismos de acci\u00f3n del icosapent etilo en REDUCE-IT.      <\/p>\n<\/div>\n<table border=\"0\" width=\"100%\" cellspacing=\"1\" cellpadding=\"3\" bgcolor=\"#CCCCCC\">\n<tbody>\n<tr>\n<td valign=\"top\" bgcolor=\"#E9E9E9\" width=\"13%\"><strong>Referencias<\/strong><\/td>\n<td valign=\"top\" bgcolor=\"#FFFFFF\" width=\"87%\">\n<p>1. Murphy SA, Pedersen TR, Gaciong ZA, et al. Efecto del inhibidor de la PCSK9 evolocumab sobre los eventos cardiovasculares totales en pacientes con enfermedad cardiovascular: un an\u00e1lisis preespecificado del ensayo FOURIER. JAMA Cardiol 2019;4:613-9.  <\/p>\n<p>2. Szarek M, White HD, Schwartz GG, et al. El alirocumab reduce el total de acontecimientos cardiovasculares no mortales y mortales: ensayo ODYSSEY OUTCOMES. J Am Coll Cardiol 2019;73:387-96.  <\/p>\n<p>3. Szarek M, Steg PG, DiCenso D, et al. El alirocumab reduce las hospitalizaciones totales y aumenta los d\u00edas con vida y fuera del hospital en el ensayo ODYSSEY OUTCOMES. Circ Cardiovasc Qual Outcomes 2019;12(11):e005858.  <\/p>\n<p>4. Bhatt DL, Steg PG, Miller M, et al. Reducci\u00f3n del riesgo cardiovascular con icosapent et\u00edlico para la hipertrigliceridemia. N Engl J Med 2019;380:11-22.  <\/p>\n<\/td>\n<\/tr>\n<tr>\n<td valign=\"top\" bgcolor=\"#E9E9E9\"><strong>Palabras clave<\/strong><\/td>\n<td valign=\"top\" bgcolor=\"#FFFFFF\">Triglic\u00e9ridos, REDUCE-IT, icosapent etil, eventos cardiovasculares totales, an\u00e1lisis preespecificado <\/td> \n<\/tr>\n<\/tbody>\n<\/table>\n<\/div>\n<\/div>\n<\/div>\n<\/div>\n<\/div>\n<\/div>[\/et_pb_text][\/et_pb_column][\/et_pb_row][\/et_pb_section]\n","protected":false},"excerpt":{"rendered":"<p>M\u00e1s datos de REDUCE-IT: Impacto en el total de eventos cardiovasculares 19 de marzo de 2020 El icosapent et\u00edlico reduce la carga de acontecimientos primarios de primera vez y totales en pacientes con diabetes mellitus tipo 2 y triglic\u00e9ridos elevados que reciben tratamiento de base con estatinas. Bhatt DL, Steg PG, Miller M et al. [&hellip;]<\/p>\n","protected":false},"author":258497325,"featured_media":0,"parent":0,"menu_order":0,"comment_status":"closed","ping_status":"closed","template":"","meta":{"_et_pb_use_builder":"on","_et_pb_old_content":"","_et_gb_content_width":"","_crdt_document":"","footnotes":""},"class_list":["post-252760","page","type-page","status-publish","hentry"],"yoast_head":"<!-- This site is optimized with the Yoast SEO plugin v27.4 - https:\/\/yoast.com\/product\/yoast-seo-wordpress\/ -->\n<title>Hito - M\u00e1s datos de REDUCE-IT: Impacto en el total de eventos cardiovasculares - R3I<\/title>\n<meta name=\"robots\" content=\"index, follow, max-snippet:-1, max-image-preview:large, max-video-preview:-1\" \/>\n<link rel=\"canonical\" href=\"https:\/\/r3i.org\/es\/hito-mas-datos-de-reduce-it-impacto-en-el-total-de-eventos-cardiovasculares\/\" \/>\n<meta property=\"og:locale\" content=\"es_ES\" \/>\n<meta property=\"og:type\" content=\"article\" \/>\n<meta property=\"og:title\" content=\"Hito - M\u00e1s datos de REDUCE-IT: Impacto en el total de eventos cardiovasculares - R3I\" \/>\n<meta property=\"og:description\" content=\"M\u00e1s datos de REDUCE-IT: Impacto en el total de eventos cardiovasculares 19 de marzo de 2020 El icosapent et\u00edlico reduce la carga de acontecimientos primarios de primera vez y totales en pacientes con diabetes mellitus tipo 2 y triglic\u00e9ridos elevados que reciben tratamiento de base con estatinas. Bhatt DL, Steg PG, Miller M et al. [&hellip;]\" \/>\n<meta property=\"og:url\" content=\"https:\/\/r3i.org\/es\/hito-mas-datos-de-reduce-it-impacto-en-el-total-de-eventos-cardiovasculares\/\" \/>\n<meta property=\"og:site_name\" content=\"R3I\" \/>\n<meta property=\"article:modified_time\" content=\"2025-02-05T21:05:24+00:00\" \/>\n<meta name=\"twitter:card\" content=\"summary_large_image\" \/>\n<meta name=\"twitter:label1\" content=\"Tiempo de lectura\" \/>\n\t<meta name=\"twitter:data1\" content=\"5 minutos\" \/>\n<script type=\"application\/ld+json\" class=\"yoast-schema-graph\">{\"@context\":\"https:\\\/\\\/schema.org\",\"@graph\":[{\"@type\":\"WebPage\",\"@id\":\"https:\\\/\\\/r3i.org\\\/es\\\/hito-mas-datos-de-reduce-it-impacto-en-el-total-de-eventos-cardiovasculares\\\/\",\"url\":\"https:\\\/\\\/r3i.org\\\/es\\\/hito-mas-datos-de-reduce-it-impacto-en-el-total-de-eventos-cardiovasculares\\\/\",\"name\":\"Hito - M\u00e1s datos de REDUCE-IT: Impacto en el total de eventos cardiovasculares - R3I\",\"isPartOf\":{\"@id\":\"https:\\\/\\\/r3i.org\\\/es\\\/#website\"},\"datePublished\":\"2025-01-25T12:51:40+00:00\",\"dateModified\":\"2025-02-05T21:05:24+00:00\",\"breadcrumb\":{\"@id\":\"https:\\\/\\\/r3i.org\\\/es\\\/hito-mas-datos-de-reduce-it-impacto-en-el-total-de-eventos-cardiovasculares\\\/#breadcrumb\"},\"inLanguage\":\"es\",\"potentialAction\":[{\"@type\":\"ReadAction\",\"target\":[\"https:\\\/\\\/r3i.org\\\/es\\\/hito-mas-datos-de-reduce-it-impacto-en-el-total-de-eventos-cardiovasculares\\\/\"]}]},{\"@type\":\"BreadcrumbList\",\"@id\":\"https:\\\/\\\/r3i.org\\\/es\\\/hito-mas-datos-de-reduce-it-impacto-en-el-total-de-eventos-cardiovasculares\\\/#breadcrumb\",\"itemListElement\":[{\"@type\":\"ListItem\",\"position\":1,\"name\":\"Home\",\"item\":\"https:\\\/\\\/r3i.org\\\/es\\\/\"},{\"@type\":\"ListItem\",\"position\":2,\"name\":\"Hito &#8211; M\u00e1s datos de REDUCE-IT: Impacto en el total de eventos cardiovasculares\"}]},{\"@type\":\"WebSite\",\"@id\":\"https:\\\/\\\/r3i.org\\\/es\\\/#website\",\"url\":\"https:\\\/\\\/r3i.org\\\/es\\\/\",\"name\":\"R3I\",\"description\":\"Residual Risk Reduction Initiative\",\"publisher\":{\"@id\":\"https:\\\/\\\/r3i.org\\\/es\\\/#organization\"},\"potentialAction\":[{\"@type\":\"SearchAction\",\"target\":{\"@type\":\"EntryPoint\",\"urlTemplate\":\"https:\\\/\\\/r3i.org\\\/es\\\/?s={search_term_string}\"},\"query-input\":{\"@type\":\"PropertyValueSpecification\",\"valueRequired\":true,\"valueName\":\"search_term_string\"}}],\"inLanguage\":\"es\"},{\"@type\":\"Organization\",\"@id\":\"https:\\\/\\\/r3i.org\\\/es\\\/#organization\",\"name\":\"R3I\",\"url\":\"https:\\\/\\\/r3i.org\\\/es\\\/\",\"logo\":{\"@type\":\"ImageObject\",\"inLanguage\":\"es\",\"@id\":\"https:\\\/\\\/r3i.org\\\/es\\\/#\\\/schema\\\/logo\\\/image\\\/\",\"url\":\"https:\\\/\\\/i0.wp.com\\\/r3i.org\\\/wp-content\\\/uploads\\\/2024\\\/11\\\/r3i-logo-transp-1.png?fit=1601%2C834&ssl=1\",\"contentUrl\":\"https:\\\/\\\/i0.wp.com\\\/r3i.org\\\/wp-content\\\/uploads\\\/2024\\\/11\\\/r3i-logo-transp-1.png?fit=1601%2C834&ssl=1\",\"width\":1601,\"height\":834,\"caption\":\"R3I\"},\"image\":{\"@id\":\"https:\\\/\\\/r3i.org\\\/es\\\/#\\\/schema\\\/logo\\\/image\\\/\"}}]}<\/script>\n<!-- \/ Yoast SEO plugin. -->","yoast_head_json":{"title":"Hito - M\u00e1s datos de REDUCE-IT: Impacto en el total de eventos cardiovasculares - R3I","robots":{"index":"index","follow":"follow","max-snippet":"max-snippet:-1","max-image-preview":"max-image-preview:large","max-video-preview":"max-video-preview:-1"},"canonical":"https:\/\/r3i.org\/es\/hito-mas-datos-de-reduce-it-impacto-en-el-total-de-eventos-cardiovasculares\/","og_locale":"es_ES","og_type":"article","og_title":"Hito - M\u00e1s datos de REDUCE-IT: Impacto en el total de eventos cardiovasculares - R3I","og_description":"M\u00e1s datos de REDUCE-IT: Impacto en el total de eventos cardiovasculares 19 de marzo de 2020 El icosapent et\u00edlico reduce la carga de acontecimientos primarios de primera vez y totales en pacientes con diabetes mellitus tipo 2 y triglic\u00e9ridos elevados que reciben tratamiento de base con estatinas. Bhatt DL, Steg PG, Miller M et al. [&hellip;]","og_url":"https:\/\/r3i.org\/es\/hito-mas-datos-de-reduce-it-impacto-en-el-total-de-eventos-cardiovasculares\/","og_site_name":"R3I","article_modified_time":"2025-02-05T21:05:24+00:00","twitter_card":"summary_large_image","twitter_misc":{"Tiempo de lectura":"5 minutos"},"schema":{"@context":"https:\/\/schema.org","@graph":[{"@type":"WebPage","@id":"https:\/\/r3i.org\/es\/hito-mas-datos-de-reduce-it-impacto-en-el-total-de-eventos-cardiovasculares\/","url":"https:\/\/r3i.org\/es\/hito-mas-datos-de-reduce-it-impacto-en-el-total-de-eventos-cardiovasculares\/","name":"Hito - M\u00e1s datos de REDUCE-IT: Impacto en el total de eventos cardiovasculares - R3I","isPartOf":{"@id":"https:\/\/r3i.org\/es\/#website"},"datePublished":"2025-01-25T12:51:40+00:00","dateModified":"2025-02-05T21:05:24+00:00","breadcrumb":{"@id":"https:\/\/r3i.org\/es\/hito-mas-datos-de-reduce-it-impacto-en-el-total-de-eventos-cardiovasculares\/#breadcrumb"},"inLanguage":"es","potentialAction":[{"@type":"ReadAction","target":["https:\/\/r3i.org\/es\/hito-mas-datos-de-reduce-it-impacto-en-el-total-de-eventos-cardiovasculares\/"]}]},{"@type":"BreadcrumbList","@id":"https:\/\/r3i.org\/es\/hito-mas-datos-de-reduce-it-impacto-en-el-total-de-eventos-cardiovasculares\/#breadcrumb","itemListElement":[{"@type":"ListItem","position":1,"name":"Home","item":"https:\/\/r3i.org\/es\/"},{"@type":"ListItem","position":2,"name":"Hito &#8211; M\u00e1s datos de REDUCE-IT: Impacto en el total de eventos cardiovasculares"}]},{"@type":"WebSite","@id":"https:\/\/r3i.org\/es\/#website","url":"https:\/\/r3i.org\/es\/","name":"R3I","description":"Residual Risk Reduction Initiative","publisher":{"@id":"https:\/\/r3i.org\/es\/#organization"},"potentialAction":[{"@type":"SearchAction","target":{"@type":"EntryPoint","urlTemplate":"https:\/\/r3i.org\/es\/?s={search_term_string}"},"query-input":{"@type":"PropertyValueSpecification","valueRequired":true,"valueName":"search_term_string"}}],"inLanguage":"es"},{"@type":"Organization","@id":"https:\/\/r3i.org\/es\/#organization","name":"R3I","url":"https:\/\/r3i.org\/es\/","logo":{"@type":"ImageObject","inLanguage":"es","@id":"https:\/\/r3i.org\/es\/#\/schema\/logo\/image\/","url":"https:\/\/i0.wp.com\/r3i.org\/wp-content\/uploads\/2024\/11\/r3i-logo-transp-1.png?fit=1601%2C834&ssl=1","contentUrl":"https:\/\/i0.wp.com\/r3i.org\/wp-content\/uploads\/2024\/11\/r3i-logo-transp-1.png?fit=1601%2C834&ssl=1","width":1601,"height":834,"caption":"R3I"},"image":{"@id":"https:\/\/r3i.org\/es\/#\/schema\/logo\/image\/"}}]}},"jetpack_likes_enabled":true,"jetpack_sharing_enabled":true,"jetpack_shortlink":"https:\/\/wp.me\/Pgbfv2-13KM","jetpack-related-posts":[],"_links":{"self":[{"href":"https:\/\/r3i.org\/es\/wp-json\/wp\/v2\/pages\/252760","targetHints":{"allow":["GET"]}}],"collection":[{"href":"https:\/\/r3i.org\/es\/wp-json\/wp\/v2\/pages"}],"about":[{"href":"https:\/\/r3i.org\/es\/wp-json\/wp\/v2\/types\/page"}],"author":[{"embeddable":true,"href":"https:\/\/r3i.org\/es\/wp-json\/wp\/v2\/users\/258497325"}],"replies":[{"embeddable":true,"href":"https:\/\/r3i.org\/es\/wp-json\/wp\/v2\/comments?post=252760"}],"version-history":[{"count":1,"href":"https:\/\/r3i.org\/es\/wp-json\/wp\/v2\/pages\/252760\/revisions"}],"predecessor-version":[{"id":252761,"href":"https:\/\/r3i.org\/es\/wp-json\/wp\/v2\/pages\/252760\/revisions\/252761"}],"wp:attachment":[{"href":"https:\/\/r3i.org\/es\/wp-json\/wp\/v2\/media?parent=252760"}],"curies":[{"name":"wp","href":"https:\/\/api.w.org\/{rel}","templated":true}]}}