{"id":252758,"date":"2025-01-21T13:34:07","date_gmt":"2025-01-21T12:34:07","guid":{"rendered":"https:\/\/r3i.org\/hito-mas-de-reduce-it\/"},"modified":"2025-02-15T18:23:57","modified_gmt":"2025-02-15T17:23:57","slug":"hito-mas-de-reduce-it","status":"publish","type":"page","link":"https:\/\/r3i.org\/es\/hito-mas-de-reduce-it\/","title":{"rendered":"Hito &#8211; M\u00e1s de REDUCE-IT"},"content":{"rendered":"<p>[et_pb_section fb_built=\u00bb1&#8243; _builder_version=\u00bb4.27.4&#8243; _module_preset=\u00bbdefault\u00bb custom_padding=\u00bb1px|||||\u00bb global_colors_info=\u00bb{}\u00bb][et_pb_row _builder_version=\u00bb4.27.4&#8243; _module_preset=\u00bbdefault\u00bb global_colors_info=\u00bb{}\u00bb][et_pb_column type=\u00bb4_4&#8243; _builder_version=\u00bb4.27.4&#8243; _module_preset=\u00bbdefault\u00bb global_colors_info=\u00bb{}\u00bb][et_pb_text _builder_version=\u00bb4.27.4&#8243; _module_preset=\u00bbdefault\u00bb header_2_text_color=\u00bbgcid-primary-color\u00bb header_5_text_color=\u00bbgcid-secondary-color\u00bb text_orientation=\u00bbcenter\u00bb width=\u00bb99%\u00bb custom_margin=\u00bb|-147px||||\u00bb custom_padding=\u00bb|0px||||\u00bb global_colors_info=\u00bb{%22gcid-primary-color%22:%91%22quote_text_color%22,%22quote_text_color%22,%22quote_text_color%22,%22header_2_text_color%22%93,%22gcid-secondary-color%22:%91%22header_5_text_color%22%93}\u00bb]<\/p>\n<h2>M\u00e1s sobre REDUCE-IT: \u00bfLa lipoprote\u00edna (a) modifica la reducci\u00f3n del riesgo con etilo de icosapento?<\/h2>\n<h5><span>27 de junio de 2024<\/span><\/h5>\n<div class=\"summary\" style=\"text-align: left;\">En este an\u00e1lisis a posteriori de REDUCE-IT (Reducci\u00f3n de Episodios Cardiovasculares con Etilo de Icosapento &#8211; Ensayo de Intervenci\u00f3n), el etilo de icosapento redujo regularmente el riesgo de episodios cardiovasculares graves (MACE) en todo el rango de valores de lipoprote\u00edna (a) [Lp(a)], incluso entre pacientes con valores de Lp(a) cl\u00ednicamente significativos.<br \/>Szarek M, Bhatt DL, Miller M, et al. Lipoprotein(a) blood levels and cardiovascular risk reduction with icosapent ethyl. J Am Coll Cardiol 2024; 83:1529\u201339.<\/div>\n<table border=\"0\" width=\"100%\" cellspacing=\"1\" cellpadding=\"3\" bgcolor=\"#CCCCCC\">\n<tbody>\n<tr valign=\"middle\">\n<td colspan=\"2\" bgcolor=\"#FFFFFF\"><strong>RESUMEN DEL ESTUDIO<\/strong><\/td>\n<\/tr>\n<tr valign=\"middle\">\n<td bgcolor=\"#E9E9E9\" width=\"17%\"><strong>Objetivo<\/strong><\/td>\n<td align=\"left\" bgcolor=\"#FFFFFF\" width=\"83%\">Investigar el beneficio cardiovascular del etilo de icosapento en todo el rango de valores de Lp(a) en la cohorte del estudio REDUCE-IT.<\/td>\n<\/tr>\n<tr valign=\"middle\">\n<td bgcolor=\"#E9E9E9\"><strong>Dise\u00f1o del estudio<\/strong><\/td>\n<td align=\"left\" bgcolor=\"#FFFFFF\">An\u00e1lisis a posteriori de REDUCE-IT, un ensayo aleatorizado, doble ciego y controlado por placebo.<\/td>\n<\/tr>\n<tr valign=\"middle\">\n<td valign=\"top\" bgcolor=\"#E9E9E9\"><strong>Poblaci\u00f3n del estudio<\/strong><\/td>\n<td align=\"left\" bgcolor=\"#FFFFFF\">En REDUCE-IT se incluyeron 8179 pacientes con enfermedad cardiovascular o \u226550 a\u00f1os con diabetes y \u22651 factor de riesgo adicional y triglic\u00e9ridos en ayunas de 1.69 a 5.63 mmol\/l (150-499 mg\/dl) con valores estables de colesterol de lipoprote\u00edna de baja densidad (C-LDL). Se aleatoriz\u00f3 a los pacientes en los tratamientos con 2 g de etilo de icosapento dos veces por d\u00eda o con el equivalente de placebo. Este an\u00e1lisis incluy\u00f3 a 7026 pacientes (86% de la cohorte aleatorizada) con valoraciones de Lp(a) basales, 3515 en el grupo con etilo de icosapento y 3511 en el grupo con placebo.<\/td>\n<\/tr>\n<tr valign=\"middle\">\n<td bgcolor=\"#E9E9E9\"><strong>Principales variables del estudio<\/strong><\/td>\n<td align=\"left\" bgcolor=\"#FFFFFF\"><strong>Resultado principal: <\/strong>El resultado primario de eficacia de REDUCE-IT y de este an\u00e1lisis fue el primer MACE, un compuesto de muerte cardiovascular, infarto de miocardio no mortal, accidente cerebrovascular no mortal, revascularizaci\u00f3n coronaria o angina inestable.<br \/><strong>Resultado secundario clave<\/strong>: un compuesto de muerte cardiovascular, infarto de miocardio no mortal o accidente cerebrovascular no mortal<\/td>\n<\/tr>\n<tr valign=\"middle\">\n<td bgcolor=\"#E9E9E9\"><strong>M\u00e9todos<\/strong><\/td>\n<td align=\"left\" bgcolor=\"#FFFFFF\">Se analizaron las relaciones entre la concentraci\u00f3n de masa de Lp(a) continua en el momento basal y el riesgo de primer MACE y MACE total (primero y subsiguientes), adem\u00e1s de los efectos del etilo de icosapento en el primer MACE en todo el rango de concentraciones basales de Lp(a) y entre subgrupos de pacientes con concentraci\u00f3n de Lp(a) \u226550 o &lt;50 mg\/dl.<\/td>\n<\/tr>\n<\/tbody>\n<\/table>\n<div><\/div>\n<div><strong>RESULTADOS<\/strong><\/div>\n<div><\/div>\n<div>\n<table border=\"0\" width=\"100%\" cellspacing=\"1\" cellpadding=\"3\" bgcolor=\"#CCCCCC\">\n<tbody>\n<tr valign=\"middle\">\n<td bgcolor=\"#E9E9E9\"><\/td>\n<td align=\"left\" bgcolor=\"#FFFFFF\">\n<p>Baseline characteristics of the two treatment groups were similar; median age was 64 years, 28-29% were female, 71-72% were secondary prevention patients and 30-32% were receiving a high-intensity statin. The overall median Lp(a) concentration at baseline was 11.6 mg\/dL (interquartile range [IQR] 5.0-37.4 mg\/dL) for the total study cohort, and 77.1 mg\/dL (IQR 63.1-102.3 mg\/dL) among those with baseline Lp(a) levels \u226550 mg\/dL. The distribution of Lp(a) was right-skewed, with values \u226550 mg\/dL in 20.4% of patients.<\/p>\n<p>Durante una mediana de 4.9 a\u00f1os (IQR 3.6-5.3 a\u00f1os), 804 pacientes del grupo con placebo y 635 pacientes del grupo con etilo de icosapento experimentaron el primer MACE. La concentraci\u00f3n basal de Lp(a) tuvo relaciones significativas con el primer MACE y el MACE total (p &lt;0.0001); estas relaciones no cambiaron por los valores basales de TG o C-LDL. En relaci\u00f3n con la mediana del valor de Lp(a), los cocientes de riesgos (HR) estimados para el primer MACE eran de 1.03 (IC 95%: 0.98-1.09) a los 25 mg\/dl, 1.12 (IC 95%: 1.06-1.19) a los 50 mg\/dl, 1.32 (IC 95%: 1.17-1.49) a los 100 mg\/dl.<\/p>\n<p>No hab\u00eda evidencia de reducci\u00f3n de la eficacia del etilo de icosapento con concentraciones basales m\u00e1s altas o m\u00e1s bajas de Lp(a). El tratamiento con etilo de icosapento redujo el primer MACE en todo el rango de valores de Lp(a), incluso en subgrupos con concentraciones \u226550 y &lt;50 mg\/dl <strong style=\"font-size: 16px;\">(Tabla 1<\/strong><span style=\"font-size: 16px;\">).<\/span><\/p>\n<p>&nbsp;<\/p>\n<p><strong>Tabla 1. Cocientes de riesgos estimados para el primer MACE con diferentes niveles de Lp(a) en REDUCE-IT<\/strong><\/p>\n<table class=\"study-table\">\n<tbody>\n<tr>\n<td width=\"147\">\n<p>Lp(a) basal, mg\/dL<\/p>\n<\/td>\n<td width=\"225\">\n<p>HR (intervalo de confianza del 95%)<\/p>\n<\/td>\n<\/tr>\n<tr>\n<td width=\"147\">\n<p>25<\/p>\n<\/td>\n<td width=\"225\">\n<p>0.78 (0.65-0.94)<\/p>\n<\/td>\n<\/tr>\n<tr>\n<td width=\"147\">\n<p>50<\/p>\n<\/td>\n<td width=\"225\">\n<p>0.79 (0.68-0.92)<\/p>\n<\/td>\n<\/tr>\n<tr>\n<td width=\"147\">\n<p>100<\/p>\n<\/td>\n<td width=\"225\">\n<p>0.81 (0.66-0.99)<\/p>\n<\/td>\n<\/tr>\n<tr>\n<td width=\"147\">\n<p>&nbsp;<\/p>\n<\/td>\n<td width=\"225\">\n<p>&nbsp;<\/p>\n<\/td>\n<\/tr>\n<tr>\n<td width=\"147\">\n<p>&lt;50<\/p>\n<\/td>\n<td width=\"225\">\n<p>0,75 (0,66-0,84), p&lt;0,0001<\/p>\n<\/td>\n<\/tr>\n<tr>\n<td width=\"147\">\n<p>\u226550<\/p>\n<\/td>\n<td width=\"225\">\n<p>0.79 (0.64-0.97), p=0.0248<\/p>\n<\/td>\n<\/tr>\n<\/tbody>\n<\/table>\n<\/td>\n<\/tr>\n<tr valign=\"middle\">\n<td bgcolor=\"#E9E9E9\"><strong>Conclusi\u00f3n del autor<\/strong><\/td>\n<td align=\"left\" bgcolor=\"#FFFFFF\">La concentraci\u00f3n basal de Lp(a) ten\u00eda un valor pron\u00f3stico de MACE entre los participantes con TG elevados que recib\u00edan tratamiento con estatinas. Es de destacar que el etilo de icosapento redujo uniformemente los MACE en todo el rango de concentraciones de Lp(a), incluso entre quienes ten\u00edan aumentos con importancia cl\u00ednica.<\/td>\n<\/tr>\n<\/tbody>\n<\/table>\n<p><strong><\/strong><\/p>\n<p><strong><\/strong><\/p>\n<p style=\"text-align: left;\"><strong>COMENTARIO<\/strong><\/p>\n<p style=\"text-align: left;\">Se acumulan datos de estudios epidemiol\u00f3gicos y gen\u00e9ticos que prueban que los Lp(a) elevados son un factor de riesgo causal de enfermedad cardiovascular ateroscler\u00f3tica, como se resumi\u00f3 en una declaraci\u00f3n de consenso reciente de la Sociedad Europea de Aterosclerosis (1). Adem\u00e1s, en estudios de resultados en pacientes con ASCVD y valores de C-LDL bien controlados, se demostr\u00f3 que la reducci\u00f3n de las concentraciones de Lp(a) era un factor que contribu\u00eda a la reducci\u00f3n del riesgo cardiovascular observada con el tratamiento con el inhibidor de PCSK9, aunque se tratara de pacientes con valores de Lp(a) elevados en el momento basal (2,3). Sin embargo, no se sabe con certeza si la relaci\u00f3n entre la Lp(a) y el riesgo cardiovascular tambi\u00e9n es evidente en pacientes con valores elevados de otros l\u00edpidos, como TG elevados, o si esta relaci\u00f3n se ve modificada por el tratamiento con opciones terap\u00e9uticas que act\u00faan sobre otros par\u00e1metros de l\u00edpidos, como el etilo de icosapento en REDUCE-IT. Este an\u00e1lisis a posteriori de REDUCE-IT tuvo como objetivo abordar esta cuesti\u00f3n.<\/p>\n<p style=\"text-align: left;\">Hay dos hallazgos claves en este an\u00e1lisis. En primer lugar, los resultados concuerdan con una relaci\u00f3n continua y relativamente lineal entre la concentraci\u00f3n de Lp(a) y el riesgo de episodios cardiovasculares en pacientes con TG elevados en el momento basal, como se ha informado previamente (1). En segundo lugar, el an\u00e1lisis muestra que la magnitud del beneficio cl\u00ednico asociado con el tratamiento con etilo de icosapento fue homog\u00e9nea en todo el rango de valores de Lp(a) basales, incluso en pacientes con valores de Lp(a) basales &lt;50 mg\/dl y \u226550 mg\/dl. Dado que la Lp(a) elevada se ha identificado como un factor que aporta un aumento del riesgo cardiovascular (4), este \u00faltimo hallazgo implica que la eficacia del etilo de icosapento se mantiene en situaciones en las que las concentraciones de Lp(a) son un determinante significativo del riesgo cardiovascular.<\/p>\n<p style=\"text-align: left;\">A pesar de las limitaciones asociadas con el an\u00e1lisis a posteriori y del hecho de que pocos pacientes de REDUCE-IT ten\u00edan valores de Lp(a) elevados, los resultados de este estudio sugieren que es probable que todo beneficio potencial derivado de las opciones terap\u00e9uticas que disminuyen la Lp(a) sea complementario a la reducci\u00f3n del riesgo cardiovascular observado con etilo de icosapento.<\/p>\n<p>&nbsp;<\/p>\n<\/div>\n<table border=\"0\" width=\"100%\" cellspacing=\"1\" cellpadding=\"3\" bgcolor=\"#CCCCCC\">\n<tbody>\n<tr>\n<td valign=\"top\" bgcolor=\"#E9E9E9\" width=\"13%\"><strong>Referencias<\/strong><\/td>\n<td valign=\"top\" bgcolor=\"#FFFFFF\" width=\"87%\">1. Kronenberg F, Mora S, Stroes ESG, et al. Lipoprotein(a) in atherosclerotic cardiovascular disease and aortic stenosis: a European Atherosclerosis Society consensus statement. Eur Heart J. 2022;43:3925\u201346.<br \/>2. Bittner VA, Szarek M, Aylward PE, et al. Effect of alirocumab on lipoprotein(a) and cardiovascular risk after acute coronary syndrome. J Am Coll Cardiol 2020;75:133\u201344.<br \/>3. O\u2019Donoghue ML, Fazio S, Giugliano RP, et al. Lipoprotein(a), PCSK9 inhibition, and cardiovascular risk. Circulation 2019;139:1483\u201392.<br \/>4. Mach F, Baigent C, Catapano AL, et al. 2019 ESC\/EAS Guidelines for the management of dyslipidaemias: lipid modification to reduce cardiovascular risk. Eur Heart J 2020;41:111-88.<\/td>\n<\/tr>\n<tr>\n<td valign=\"top\" bgcolor=\"#E9E9E9\"><strong>Palabras clave<\/strong><\/td>\n<td valign=\"top\" bgcolor=\"#FFFFFF\">Lipoprotein(a); cardiovascular risk; REDUCE-IT; post hoc analysis.<\/td>\n<\/tr>\n<\/tbody>\n<\/table>\n<p>[\/et_pb_text][\/et_pb_column][\/et_pb_row][\/et_pb_section]<\/p>\n","protected":false},"excerpt":{"rendered":"<p>M\u00e1s sobre REDUCE-IT: \u00bfLa lipoprote\u00edna (a) modifica la reducci\u00f3n del riesgo con etilo de icosapento? 27 de junio de 2024 En este an\u00e1lisis a posteriori de REDUCE-IT (Reducci\u00f3n de Episodios Cardiovasculares con Etilo de Icosapento &#8211; Ensayo de Intervenci\u00f3n), el etilo de icosapento redujo regularmente el riesgo de episodios cardiovasculares graves (MACE) en todo el [&hellip;]<\/p>\n","protected":false},"author":258497325,"featured_media":0,"parent":0,"menu_order":0,"comment_status":"closed","ping_status":"closed","template":"","meta":{"_et_pb_use_builder":"on","_et_pb_old_content":"","_et_gb_content_width":"","_crdt_document":"","footnotes":""},"class_list":["post-252758","page","type-page","status-publish","hentry"],"yoast_head":"<!-- This site is optimized with the Yoast SEO plugin v27.4 - https:\/\/yoast.com\/product\/yoast-seo-wordpress\/ -->\n<title>Hito - M\u00e1s de REDUCE-IT - R3I<\/title>\n<meta name=\"robots\" content=\"index, follow, max-snippet:-1, max-image-preview:large, max-video-preview:-1\" \/>\n<link rel=\"canonical\" href=\"https:\/\/r3i.org\/es\/hito-mas-de-reduce-it\/\" \/>\n<meta property=\"og:locale\" content=\"es_ES\" \/>\n<meta property=\"og:type\" content=\"article\" \/>\n<meta property=\"og:title\" content=\"Hito - M\u00e1s de REDUCE-IT - R3I\" \/>\n<meta property=\"og:description\" content=\"M\u00e1s sobre REDUCE-IT: \u00bfLa lipoprote\u00edna (a) modifica la reducci\u00f3n del riesgo con etilo de icosapento? 27 de junio de 2024 En este an\u00e1lisis a posteriori de REDUCE-IT (Reducci\u00f3n de Episodios Cardiovasculares con Etilo de Icosapento - Ensayo de Intervenci\u00f3n), el etilo de icosapento redujo regularmente el riesgo de episodios cardiovasculares graves (MACE) en todo el [&hellip;]\" \/>\n<meta property=\"og:url\" content=\"https:\/\/r3i.org\/es\/hito-mas-de-reduce-it\/\" \/>\n<meta property=\"og:site_name\" content=\"R3I\" \/>\n<meta property=\"article:modified_time\" content=\"2025-02-15T17:23:57+00:00\" \/>\n<meta name=\"twitter:card\" content=\"summary_large_image\" \/>\n<meta name=\"twitter:label1\" content=\"Tiempo de lectura\" \/>\n\t<meta name=\"twitter:data1\" content=\"7 minutos\" \/>\n<script type=\"application\/ld+json\" class=\"yoast-schema-graph\">{\"@context\":\"https:\\\/\\\/schema.org\",\"@graph\":[{\"@type\":\"WebPage\",\"@id\":\"https:\\\/\\\/r3i.org\\\/es\\\/hito-mas-de-reduce-it\\\/\",\"url\":\"https:\\\/\\\/r3i.org\\\/es\\\/hito-mas-de-reduce-it\\\/\",\"name\":\"Hito - M\u00e1s de REDUCE-IT - R3I\",\"isPartOf\":{\"@id\":\"https:\\\/\\\/r3i.org\\\/es\\\/#website\"},\"datePublished\":\"2025-01-21T12:34:07+00:00\",\"dateModified\":\"2025-02-15T17:23:57+00:00\",\"breadcrumb\":{\"@id\":\"https:\\\/\\\/r3i.org\\\/es\\\/hito-mas-de-reduce-it\\\/#breadcrumb\"},\"inLanguage\":\"es\",\"potentialAction\":[{\"@type\":\"ReadAction\",\"target\":[\"https:\\\/\\\/r3i.org\\\/es\\\/hito-mas-de-reduce-it\\\/\"]}]},{\"@type\":\"BreadcrumbList\",\"@id\":\"https:\\\/\\\/r3i.org\\\/es\\\/hito-mas-de-reduce-it\\\/#breadcrumb\",\"itemListElement\":[{\"@type\":\"ListItem\",\"position\":1,\"name\":\"Home\",\"item\":\"https:\\\/\\\/r3i.org\\\/es\\\/\"},{\"@type\":\"ListItem\",\"position\":2,\"name\":\"Hito &#8211; M\u00e1s de REDUCE-IT\"}]},{\"@type\":\"WebSite\",\"@id\":\"https:\\\/\\\/r3i.org\\\/es\\\/#website\",\"url\":\"https:\\\/\\\/r3i.org\\\/es\\\/\",\"name\":\"R3I\",\"description\":\"Residual Risk Reduction Initiative\",\"publisher\":{\"@id\":\"https:\\\/\\\/r3i.org\\\/es\\\/#organization\"},\"potentialAction\":[{\"@type\":\"SearchAction\",\"target\":{\"@type\":\"EntryPoint\",\"urlTemplate\":\"https:\\\/\\\/r3i.org\\\/es\\\/?s={search_term_string}\"},\"query-input\":{\"@type\":\"PropertyValueSpecification\",\"valueRequired\":true,\"valueName\":\"search_term_string\"}}],\"inLanguage\":\"es\"},{\"@type\":\"Organization\",\"@id\":\"https:\\\/\\\/r3i.org\\\/es\\\/#organization\",\"name\":\"R3I\",\"url\":\"https:\\\/\\\/r3i.org\\\/es\\\/\",\"logo\":{\"@type\":\"ImageObject\",\"inLanguage\":\"es\",\"@id\":\"https:\\\/\\\/r3i.org\\\/es\\\/#\\\/schema\\\/logo\\\/image\\\/\",\"url\":\"https:\\\/\\\/i0.wp.com\\\/r3i.org\\\/wp-content\\\/uploads\\\/2024\\\/11\\\/r3i-logo-transp-1.png?fit=1601%2C834&ssl=1\",\"contentUrl\":\"https:\\\/\\\/i0.wp.com\\\/r3i.org\\\/wp-content\\\/uploads\\\/2024\\\/11\\\/r3i-logo-transp-1.png?fit=1601%2C834&ssl=1\",\"width\":1601,\"height\":834,\"caption\":\"R3I\"},\"image\":{\"@id\":\"https:\\\/\\\/r3i.org\\\/es\\\/#\\\/schema\\\/logo\\\/image\\\/\"}}]}<\/script>\n<!-- \/ Yoast SEO plugin. -->","yoast_head_json":{"title":"Hito - M\u00e1s de REDUCE-IT - R3I","robots":{"index":"index","follow":"follow","max-snippet":"max-snippet:-1","max-image-preview":"max-image-preview:large","max-video-preview":"max-video-preview:-1"},"canonical":"https:\/\/r3i.org\/es\/hito-mas-de-reduce-it\/","og_locale":"es_ES","og_type":"article","og_title":"Hito - M\u00e1s de REDUCE-IT - R3I","og_description":"M\u00e1s sobre REDUCE-IT: \u00bfLa lipoprote\u00edna (a) modifica la reducci\u00f3n del riesgo con etilo de icosapento? 27 de junio de 2024 En este an\u00e1lisis a posteriori de REDUCE-IT (Reducci\u00f3n de Episodios Cardiovasculares con Etilo de Icosapento - Ensayo de Intervenci\u00f3n), el etilo de icosapento redujo regularmente el riesgo de episodios cardiovasculares graves (MACE) en todo el [&hellip;]","og_url":"https:\/\/r3i.org\/es\/hito-mas-de-reduce-it\/","og_site_name":"R3I","article_modified_time":"2025-02-15T17:23:57+00:00","twitter_card":"summary_large_image","twitter_misc":{"Tiempo de lectura":"7 minutos"},"schema":{"@context":"https:\/\/schema.org","@graph":[{"@type":"WebPage","@id":"https:\/\/r3i.org\/es\/hito-mas-de-reduce-it\/","url":"https:\/\/r3i.org\/es\/hito-mas-de-reduce-it\/","name":"Hito - M\u00e1s de REDUCE-IT - R3I","isPartOf":{"@id":"https:\/\/r3i.org\/es\/#website"},"datePublished":"2025-01-21T12:34:07+00:00","dateModified":"2025-02-15T17:23:57+00:00","breadcrumb":{"@id":"https:\/\/r3i.org\/es\/hito-mas-de-reduce-it\/#breadcrumb"},"inLanguage":"es","potentialAction":[{"@type":"ReadAction","target":["https:\/\/r3i.org\/es\/hito-mas-de-reduce-it\/"]}]},{"@type":"BreadcrumbList","@id":"https:\/\/r3i.org\/es\/hito-mas-de-reduce-it\/#breadcrumb","itemListElement":[{"@type":"ListItem","position":1,"name":"Home","item":"https:\/\/r3i.org\/es\/"},{"@type":"ListItem","position":2,"name":"Hito &#8211; M\u00e1s de REDUCE-IT"}]},{"@type":"WebSite","@id":"https:\/\/r3i.org\/es\/#website","url":"https:\/\/r3i.org\/es\/","name":"R3I","description":"Residual Risk Reduction Initiative","publisher":{"@id":"https:\/\/r3i.org\/es\/#organization"},"potentialAction":[{"@type":"SearchAction","target":{"@type":"EntryPoint","urlTemplate":"https:\/\/r3i.org\/es\/?s={search_term_string}"},"query-input":{"@type":"PropertyValueSpecification","valueRequired":true,"valueName":"search_term_string"}}],"inLanguage":"es"},{"@type":"Organization","@id":"https:\/\/r3i.org\/es\/#organization","name":"R3I","url":"https:\/\/r3i.org\/es\/","logo":{"@type":"ImageObject","inLanguage":"es","@id":"https:\/\/r3i.org\/es\/#\/schema\/logo\/image\/","url":"https:\/\/i0.wp.com\/r3i.org\/wp-content\/uploads\/2024\/11\/r3i-logo-transp-1.png?fit=1601%2C834&ssl=1","contentUrl":"https:\/\/i0.wp.com\/r3i.org\/wp-content\/uploads\/2024\/11\/r3i-logo-transp-1.png?fit=1601%2C834&ssl=1","width":1601,"height":834,"caption":"R3I"},"image":{"@id":"https:\/\/r3i.org\/es\/#\/schema\/logo\/image\/"}}]}},"jetpack_likes_enabled":true,"jetpack_sharing_enabled":true,"jetpack_shortlink":"https:\/\/wp.me\/Pgbfv2-13KK","jetpack-related-posts":[],"_links":{"self":[{"href":"https:\/\/r3i.org\/es\/wp-json\/wp\/v2\/pages\/252758","targetHints":{"allow":["GET"]}}],"collection":[{"href":"https:\/\/r3i.org\/es\/wp-json\/wp\/v2\/pages"}],"about":[{"href":"https:\/\/r3i.org\/es\/wp-json\/wp\/v2\/types\/page"}],"author":[{"embeddable":true,"href":"https:\/\/r3i.org\/es\/wp-json\/wp\/v2\/users\/258497325"}],"replies":[{"embeddable":true,"href":"https:\/\/r3i.org\/es\/wp-json\/wp\/v2\/comments?post=252758"}],"version-history":[{"count":4,"href":"https:\/\/r3i.org\/es\/wp-json\/wp\/v2\/pages\/252758\/revisions"}],"predecessor-version":[{"id":253609,"href":"https:\/\/r3i.org\/es\/wp-json\/wp\/v2\/pages\/252758\/revisions\/253609"}],"wp:attachment":[{"href":"https:\/\/r3i.org\/es\/wp-json\/wp\/v2\/media?parent=252758"}],"curies":[{"name":"wp","href":"https:\/\/api.w.org\/{rel}","templated":true}]}}