{"id":252743,"date":"2025-01-21T13:18:21","date_gmt":"2025-01-21T12:18:21","guid":{"rendered":"https:\/\/r3i.org\/hito-ensayo-empa-kidney\/"},"modified":"2025-02-15T19:53:08","modified_gmt":"2025-02-15T18:53:08","slug":"hito-ensayo-empa-kidney","status":"publish","type":"page","link":"https:\/\/r3i.org\/es\/hito-ensayo-empa-kidney\/","title":{"rendered":"Hito &#8211; Ensayo EMPA-KIDNEY"},"content":{"rendered":"<p>[et_pb_section fb_built=\u00bb1&#8243; _builder_version=\u00bb4.27.4&#8243; _module_preset=\u00bbdefault\u00bb custom_padding=\u00bb1px|||||\u00bb global_colors_info=\u00bb{}\u00bb][et_pb_row _builder_version=\u00bb4.27.4&#8243; _module_preset=\u00bbdefault\u00bb global_colors_info=\u00bb{}\u00bb][et_pb_column type=\u00bb4_4&#8243; _builder_version=\u00bb4.27.4&#8243; _module_preset=\u00bbdefault\u00bb global_colors_info=\u00bb{}\u00bb][et_pb_text _builder_version=\u00bb4.27.4&#8243; _module_preset=\u00bbdefault\u00bb header_2_text_color=\u00bbgcid-primary-color\u00bb header_5_text_color=\u00bbgcid-secondary-color\u00bb text_orientation=\u00bbcenter\u00bb width=\u00bb99%\u00bb custom_margin=\u00bb|-147px||||\u00bb custom_padding=\u00bb|0px||||\u00bb global_colors_info=\u00bb{%22gcid-primary-color%22:%91%22quote_text_color%22,%22quote_text_color%22,%22quote_text_color%22,%22header_2_text_color%22%93,%22gcid-secondary-color%22:%91%22header_5_text_color%22%93}\u00bb]<\/p>\n<h2>Ensayo EMPA-KIDNEY (Estudio de la Protecci\u00f3n del Coraz\u00f3n y el Ri\u00f1\u00f3n con Empagliflozina): La empagliflozina demuestra beneficios a nivel renal y cardiovascular en pacientes con nefropat\u00eda cr\u00f3nica<\/h2>\n<h5><span>13 de abril de 2023<\/span><\/h5>\n<div class=\"summary\">\n<div class=\"summary\">\n<div class=\"summary\">\n<div class=\"summary\">\n<div class=\"summary\">\n<div class=\"summary\" style=\"text-align: left;\"><span style=\"font-size: 16px;\">En pacientes con nefropat\u00eda cr\u00f3nica (CKD) que estaban en riesgo de progresi\u00f3n de la enfermedad, el tratamiento con empagliflozina se asoci\u00f3 con un riesgo menor de empeoramiento de la nefropat\u00eda o la muerte por causas cardiovasculares en comparaci\u00f3n con el placebo.<\/span><\/div>\n<div class=\"summary\" style=\"text-align: left;\"><span style=\"font-size: 16px;\"><br \/><em>The EMPA-KIDNEY Collaborative Group; Herrington WG, Staplin N, Wanner C, et al. Empagliflozin in patients with chronic kidney disease. N Engl J Med 2022; doi: 10.1056\/NEJMoa2204233. <\/em><\/span><\/div>\n<\/div>\n<\/div>\n<div class=\"authors\">\n<table border=\"0\" width=\"100%\" cellspacing=\"1\" cellpadding=\"3\" bgcolor=\"#CCCCCC\">\n<tbody>\n<tr valign=\"middle\">\n<td colspan=\"2\" bgcolor=\"#FFFFFF\"><strong>RESUMEN DEL ESTUDIO<\/strong><\/td>\n<\/tr>\n<tr valign=\"middle\">\n<td bgcolor=\"#E9E9E9\" width=\"17%\"><strong>Objetivo<\/strong><\/td>\n<td align=\"left\" bgcolor=\"#FFFFFF\" width=\"83%\">Investigar el efecto del tratamiento con empagliflozina una vez al d\u00eda en la evoluci\u00f3n de la nefropat\u00eda y la enfermedad cardiovascular en pacientes con CKD<\/td>\n<\/tr>\n<tr valign=\"middle\">\n<td bgcolor=\"#E9E9E9\"><strong>Dise\u00f1o del estudio<\/strong><\/td>\n<td align=\"left\" bgcolor=\"#FFFFFF\">EMPA-KIDNEY fue un ensayo cl\u00ednico internacional, aleatorizado, de grupos paralelos, doble ciego, controlado con placebo.<\/td>\n<\/tr>\n<tr valign=\"middle\">\n<td valign=\"top\" bgcolor=\"#E9E9E9\"><strong>Poblaci\u00f3n del estudio<\/strong><\/td>\n<td align=\"left\" bgcolor=\"#FFFFFF\">Adultos (con o sin diabetes) con una tasa de filtraci\u00f3n glomerular estimada (eGFR, calculada con el uso de la f\u00f3rmula de c\u00e1lculo glomerular del grupo de trabajo CKD-EPI) ajustada por edad, al menos 20 y &lt;45 ml\/min\/1,73 m2 independientemente del nivel de albuminuria; o con una eGFR de al menos 45 y &lt;90 ml\/min\/1,73 m2 con una relaci\u00f3n de alb\u00famina urinaria a creatinina \u2265200 durante la selecci\u00f3n. Los pacientes deb\u00edan estar recibiendo una dosis cl\u00ednicamente apropiada de un monof\u00e1rmaco inhibidor del sistema renina-angiotensina (SRA), pero pod\u00edan incluirse si un investigador consideraba que el inhibidor del SRA no estaba indicado o no ser\u00eda tolerado. Los criterios de exclusi\u00f3n m\u00e1s importantes eran la nefropat\u00eda poliqu\u00edstica o el trasplante renal.<\/td>\n<\/tr>\n<tr valign=\"middle\">\n<td bgcolor=\"#E9E9E9\"><strong>Principales variables del estudio<\/strong><\/td>\n<td align=\"left\" bgcolor=\"#FFFFFF\">\u2022 Resultado principal: primera manifestaci\u00f3n de la evoluci\u00f3n de la nefropat\u00eda o muerte por causas cardiovasculares. La evoluci\u00f3n de la nefropat\u00eda se defini\u00f3 como nefropat\u00eda terminal (el inicio de di\u00e1lisis de mantenimiento o la recepci\u00f3n de un trasplante renal), una disminuci\u00f3n sostenida de la eGFR a menos de 10 ml\/min\/ 1,73 m2, una disminuci\u00f3n desde el momento basal de la eGFR \u226540 % o la muerte por causas renales.<br \/>\u2022 Resultados secundarios claves preespecificados: un compuesto de hospitalizaci\u00f3n por insuficiencia card\u00edaca o muerte por causas cardiovasculares, hospitalizaci\u00f3n por cualquier causa y muerte por cualquier causa.<\/td>\n<\/tr>\n<tr valign=\"middle\">\n<td bgcolor=\"#E9E9E9\"><strong>M\u00e9todos<\/strong><\/td>\n<td align=\"left\" bgcolor=\"#FFFFFF\">Los pacientes elegibles que completaron al menos 6 semanas de la fase de preinclusi\u00f3n (placebo) se aleatorizaron para recibir el tratamiento con empagliflozina (10 mg una vez al d\u00eda) o la dosis equivalente de placebo. Se evalu\u00f3 a los pacientes en visitas de seguimiento para determinar el estado renal (tratamiento con di\u00e1lisis o recepci\u00f3n de un trasplante de ri\u00f1\u00f3n), el cumplimiento del tratamiento asignado en el ensayo, la medicaci\u00f3n simult\u00e1nea, los signos vitales, la seguridad de los an\u00e1lisis laboratorio y los acontecimientos adversos.<\/td>\n<\/tr>\n<\/tbody>\n<\/table>\n<\/div>\n<div class=\"authors\"><em><\/em><\/div>\n<div class=\"authors\"><em><\/em><\/div>\n<div class=\"authors\"><em><\/em><\/div>\n<div class=\"authors\"><em><\/em><\/div>\n<\/div>\n<\/div>\n<div class=\"authors\"><\/div>\n<div class=\"authors\"><\/div>\n<\/div>\n<div><\/div>\n<div><strong>RESULTADOS<\/strong><\/div>\n<div><\/div>\n<div>\n<table border=\"0\" width=\"100%\" cellspacing=\"1\" cellpadding=\"3\" bgcolor=\"#CCCCCC\" style=\"width: 80.666%;\">\n<tbody>\n<tr valign=\"middle\">\n<td bgcolor=\"#FFFFFF\" width=\"553\" style=\"width: 99.0268%;\">\n<p>De 8184 pacientes inscritos en la fase de preinclusi\u00f3n, se aleatorizaron posteriormente 6609 al tratamiento con empagliflozina (n = 3304) o placebo (n = 3305). Los dos grupos eran similares en las caracter\u00edsticas basales (edad promedio 63,8 a\u00f1os, 33 % mujeres, 46 % con diabetes) y en gran medida representativos de los pacientes con CKD en riesgo de empeoramiento de la enfermedad. En l\u00edneas generales, m\u00e1s de un tercio (34,5 %) ten\u00eda una eGFR &lt;30 ml\/min\/ 1,73 m2.<\/p>\n<p>El estudio se interrumpi\u00f3 el 7 de marzo de 2022 debido al cumplimiento de las reglas preespecificadas (explicadas antes) y el per\u00edodo de seguimiento se complet\u00f3 el 5 de julio. En general, la mediana de duraci\u00f3n del tratamiento fue de 2,0 a\u00f1os (amplitud intercuart\u00edlica 1,5 a 2,4 a\u00f1os).<\/p>\n<p>El tratamiento con empagliflozina estuvo asociado con un riesgo significativamente menor (del 28 %) de empeoramiento de la nefropat\u00eda o la muerte por causas cardiovasculares en comparaci\u00f3n con el placebo. La hospitalizaci\u00f3n por cualquier causa tambi\u00e9n fue significativamente inferior en el grupo con empagliflozina en comparaci\u00f3n con el grupo que recibi\u00f3<br \/>placebo (en un 14 %, p = 0,003) (Tabla 1). Los an\u00e1lisis de subgrupos demostraron que el efecto del tratamiento con empagliflozina fue sistem\u00e1tico independientemente de la presencia de diabetes o la eGFR en el momento de la aleatorizaci\u00f3n.<\/p>\n<p><strong>Tabla 1. Efecto de la empagliflozina en los resultados primarios y secundarios claves preespecificados <\/strong><\/p>\n<table class=\"study-table\">\n<tbody>\n<tr>\n<td width=\"110\">Resultado, n (%)<\/td>\n<td width=\"110\">Empagliflozina<\/td>\n<td width=\"110\">Placebo<\/td>\n<td width=\"133\">Cociente de riesgo (IC 95 %)<\/td>\n<td width=\"86\">Valor p<\/td>\n<\/tr>\n<tr>\n<td width=\"110\">Primaria<\/td>\n<td width=\"110\">432 (13.1)<\/td>\n<td width=\"110\">558 (16.9)<\/td>\n<td width=\"133\">0.72 (0.64-0.82)<\/td>\n<td width=\"86\">&lt;0.001<\/td>\n<\/tr>\n<tr>\n<td width=\"110\">Secundario clave<\/td>\n<td width=\"110\"><\/td>\n<td width=\"110\"><\/td>\n<td width=\"133\"><\/td>\n<td width=\"86\"><\/td>\n<\/tr>\n<tr>\n<td width=\"110\">Hospitalizaci\u00f3n por insuficiencia card\u00edaca o muerte por causas cardiovasculares<\/td>\n<td width=\"110\">131 (4.0)<\/td>\n<td width=\"110\">152 (4.6)<\/td>\n<td width=\"133\">0.84 (0.67-1.07)<\/td>\n<td width=\"86\">0.15<\/td>\n<\/tr>\n<tr>\n<td width=\"110\">Hospitalizaci\u00f3n por cualquier causa<\/td>\n<td width=\"110\">&#8211;<\/td>\n<td width=\"110\">&#8211;<\/td>\n<td width=\"133\">0.86 (0.78-0.95)<\/td>\n<td width=\"86\">0.003<\/td>\n<\/tr>\n<tr>\n<td width=\"110\">Muerte por cualquier causa<\/td>\n<td width=\"110\">148 (4.5)<\/td>\n<td width=\"110\">167 (5.1)<\/td>\n<td width=\"133\">0.87 (0.70-1.08)<\/td>\n<td width=\"86\">0.21<\/td>\n<\/tr>\n<\/tbody>\n<\/table>\n<\/td>\n<\/tr>\n<tr valign=\"middle\">\n<td align=\"left\" bgcolor=\"#FFFFFF\" style=\"width: 99.0268%;\"><strong>Conclusiones del autor<\/strong><br \/>Entre una amplia variedad de pacientes con CKD que estaban en riesgo de empeoramiento de la enfermedad, el tratamiento con empagliflozina llev\u00f3 a un menor riesgo de progresi\u00f3n de la nefropat\u00eda o la muerte por causas cardiovasculares en comparaci\u00f3n con el placebo.<\/td>\n<\/tr>\n<\/tbody>\n<\/table>\n<div>\n<p style=\"text-align: left;\"><strong>COMENTARIO<\/strong><\/p>\n<p style=\"text-align: left;\">El ensayo EMPA-KIDNEY a\u00f1ade indicios de los beneficios renales y cardiovasculares de los inhibidores del cotransportador de sodio-glucosa 2 (SGLT2) en pacientes con CKD con o sin diabetes. El estudio incluy\u00f3 una amplia variedad de pacientes, un 54 % sin diabetes, un 28 % con una eGFR &lt;30ml\/min\/1,73m2 y un 48% con una relaci\u00f3n de alb\u00famina a creatinina &lt;300mg\/g. Por tanto, la poblaci\u00f3n de pacientes de este ensayo llena vac\u00edos importantes en los datos probatorios de los ensayos CREDENCE (Evaluaci\u00f3n Cl\u00ednica de la Canagliflozina y los Episodios Renales en la Diabetes y la Nefropat\u00eda Confirmada) y DAPA-CKD (La Deapagliflozina y la Prevenci\u00f3n de Resultados Adversos en la Nefropat\u00eda Cr\u00f3nica).<\/p>\n<p style=\"text-align: left;\">A pesar de un \u00edndice m\u00e1s bajo que el anticipado de los episodios cardiovasculares (59 y 69 muertes cardiovasculares en los grupos activo y placebo) debido a la interrupci\u00f3n temprana del ensayo por reglas preespecificadas y apropiadas, el ensayo igualmente demostr\u00f3 una reducci\u00f3n del 16 % en la muerte cardiovascular. Por cierto, los cocientes de riesgos de complicaciones cardiovasculares fueron concordantes con la totalidad de los datos hasta la fecha informados en un metan\u00e1lisis reciente (3). Los datos de seguridad muestran que la empagliflozina fue bien tolerada en esta poblaci\u00f3n de pacientes, sin aumento de la hiperpotasemia, infecciones graves en las v\u00edas urinarias ni lesi\u00f3n renal aguda.<br \/>La consistencia de los resultados del estudio se ve fortalecida por las dimensiones del universo del estudio, los amplios criterios de admisi\u00f3n y el alto cumplimiento del tratamiento del estudio. En conjunto, los tres estudios engloban el espectro de CKD que se observa en la pr\u00e1ctica cl\u00ednica, hasta una eGFR de 20ml\/min\/1,73m. Conjuntamente, la totalidad de los datos refuerza las recomendaciones de los lineamientos para el uso de los inhibidores de SGLT2 como tratamiento fundamental para reducir las consecuencias cardiovasculares y el riesgo de empeoramiento de la nefropat\u00eda en los pacientes con CKD independientemente de la presencia o no de diabetes o el nivel de funci\u00f3n renal.<\/p>\n<\/div>\n<table border=\"0\" width=\"100%\" cellspacing=\"1\" cellpadding=\"3\" bgcolor=\"#CCCCCC\">\n<tbody>\n<tr style=\"text-align: left;\">\n<td valign=\"top\" bgcolor=\"#E9E9E9\" width=\"13%\"><strong>Referencias<\/strong><\/td>\n<td valign=\"top\" bgcolor=\"#FFFFFF\" width=\"87%\">1. Perkovic V, Jardine MJ, Neal B, et al. CREDENCE Trial Investigators. Canagliflozin and renal outcomes in type 2 diabetes and nephropathy. N Engl J Med 2019;380:2295-306.<br \/>2. Heerspink HJL, Stef\u00e1nsson BV, Correa-Rotter R, et al. DAPA-CKD Trial Committees and Investigators. Dapagliflozin in patients with chronic kidney disease. N Engl J Med 2020;383:1436\u201346.<br \/>3. The Nuffield Department of Population Health Renal Studies Group and the SGLT2 inhibitor Meta-Analysis Cardio-Renal Trialists\u2019 Consortium. Impact of diabetes on the effects of sodium glucose co-transporter-2 inhibitors on kidney outcomes: collaborative meta-analysis of large placebo-controlled trials. Lancet 2022; 400:1788-801.<\/td>\n<\/tr>\n<tr>\n<td valign=\"top\" bgcolor=\"#E9E9E9\" style=\"text-align: left;\"><strong>Palabras claves<\/strong><\/td>\n<td valign=\"top\" bgcolor=\"#FFFFFF\" style=\"text-align: left;\">chronic kidney disease; kidney disease progression; cardiovascular death; sodium glucose co-transporter-2 inhibitors; empagliflozin<\/td>\n<\/tr>\n<\/tbody>\n<\/table>\n<p style=\"text-align: left;\"><strong><\/strong><\/p>\n<p style=\"text-align: left;\"><strong><\/strong><\/p>\n<p style=\"text-align: left;\"><strong><\/strong><\/p>\n<p style=\"text-align: left;\">\n<\/div>\n<p>[\/et_pb_text][\/et_pb_column][\/et_pb_row][\/et_pb_section]<\/p>\n","protected":false},"excerpt":{"rendered":"<p>Ensayo EMPA-KIDNEY (Estudio de la Protecci\u00f3n del Coraz\u00f3n y el Ri\u00f1\u00f3n con Empagliflozina): La empagliflozina demuestra beneficios a nivel renal y cardiovascular en pacientes con nefropat\u00eda cr\u00f3nica 13 de abril de 2023 En pacientes con nefropat\u00eda cr\u00f3nica (CKD) que estaban en riesgo de progresi\u00f3n de la enfermedad, el tratamiento con empagliflozina se asoci\u00f3 con un [&hellip;]<\/p>\n","protected":false},"author":258497325,"featured_media":0,"parent":0,"menu_order":0,"comment_status":"closed","ping_status":"closed","template":"","meta":{"_et_pb_use_builder":"on","_et_pb_old_content":"","_et_gb_content_width":"","_crdt_document":"","footnotes":""},"class_list":["post-252743","page","type-page","status-publish","hentry"],"yoast_head":"<!-- This site is optimized with the Yoast SEO plugin v27.6 - https:\/\/yoast.com\/product\/yoast-seo-wordpress\/ -->\n<title>Hito - Ensayo EMPA-KIDNEY - R3I<\/title>\n<meta name=\"robots\" content=\"index, follow, max-snippet:-1, max-image-preview:large, max-video-preview:-1\" \/>\n<link rel=\"canonical\" href=\"https:\/\/r3i.org\/es\/hito-ensayo-empa-kidney\/\" \/>\n<meta property=\"og:locale\" content=\"es_ES\" \/>\n<meta property=\"og:type\" content=\"article\" \/>\n<meta property=\"og:title\" content=\"Hito - Ensayo EMPA-KIDNEY - R3I\" \/>\n<meta property=\"og:description\" content=\"Ensayo EMPA-KIDNEY (Estudio de la Protecci\u00f3n del Coraz\u00f3n y el Ri\u00f1\u00f3n con Empagliflozina): La empagliflozina demuestra beneficios a nivel renal y cardiovascular en pacientes con nefropat\u00eda cr\u00f3nica 13 de abril de 2023 En pacientes con nefropat\u00eda cr\u00f3nica (CKD) que estaban en riesgo de progresi\u00f3n de la enfermedad, el tratamiento con empagliflozina se asoci\u00f3 con un [&hellip;]\" \/>\n<meta property=\"og:url\" content=\"https:\/\/r3i.org\/es\/hito-ensayo-empa-kidney\/\" \/>\n<meta property=\"og:site_name\" content=\"R3I\" \/>\n<meta property=\"article:modified_time\" content=\"2025-02-15T18:53:08+00:00\" \/>\n<meta name=\"twitter:card\" content=\"summary_large_image\" \/>\n<meta name=\"twitter:label1\" content=\"Tiempo de lectura\" \/>\n\t<meta name=\"twitter:data1\" content=\"7 minutos\" \/>\n<script type=\"application\/ld+json\" class=\"yoast-schema-graph\">{\"@context\":\"https:\\\/\\\/schema.org\",\"@graph\":[{\"@type\":\"WebPage\",\"@id\":\"https:\\\/\\\/r3i.org\\\/es\\\/hito-ensayo-empa-kidney\\\/\",\"url\":\"https:\\\/\\\/r3i.org\\\/es\\\/hito-ensayo-empa-kidney\\\/\",\"name\":\"Hito - Ensayo EMPA-KIDNEY - R3I\",\"isPartOf\":{\"@id\":\"https:\\\/\\\/r3i.org\\\/es\\\/#website\"},\"datePublished\":\"2025-01-21T12:18:21+00:00\",\"dateModified\":\"2025-02-15T18:53:08+00:00\",\"breadcrumb\":{\"@id\":\"https:\\\/\\\/r3i.org\\\/es\\\/hito-ensayo-empa-kidney\\\/#breadcrumb\"},\"inLanguage\":\"es\",\"potentialAction\":[{\"@type\":\"ReadAction\",\"target\":[\"https:\\\/\\\/r3i.org\\\/es\\\/hito-ensayo-empa-kidney\\\/\"]}]},{\"@type\":\"BreadcrumbList\",\"@id\":\"https:\\\/\\\/r3i.org\\\/es\\\/hito-ensayo-empa-kidney\\\/#breadcrumb\",\"itemListElement\":[{\"@type\":\"ListItem\",\"position\":1,\"name\":\"Home\",\"item\":\"https:\\\/\\\/r3i.org\\\/es\\\/\"},{\"@type\":\"ListItem\",\"position\":2,\"name\":\"Hito &#8211; Ensayo EMPA-KIDNEY\"}]},{\"@type\":\"WebSite\",\"@id\":\"https:\\\/\\\/r3i.org\\\/es\\\/#website\",\"url\":\"https:\\\/\\\/r3i.org\\\/es\\\/\",\"name\":\"R3I\",\"description\":\"Residual Risk Reduction Initiative\",\"publisher\":{\"@id\":\"https:\\\/\\\/r3i.org\\\/es\\\/#organization\"},\"potentialAction\":[{\"@type\":\"SearchAction\",\"target\":{\"@type\":\"EntryPoint\",\"urlTemplate\":\"https:\\\/\\\/r3i.org\\\/es\\\/?s={search_term_string}\"},\"query-input\":{\"@type\":\"PropertyValueSpecification\",\"valueRequired\":true,\"valueName\":\"search_term_string\"}}],\"inLanguage\":\"es\"},{\"@type\":\"Organization\",\"@id\":\"https:\\\/\\\/r3i.org\\\/es\\\/#organization\",\"name\":\"R3I\",\"url\":\"https:\\\/\\\/r3i.org\\\/es\\\/\",\"logo\":{\"@type\":\"ImageObject\",\"inLanguage\":\"es\",\"@id\":\"https:\\\/\\\/r3i.org\\\/es\\\/#\\\/schema\\\/logo\\\/image\\\/\",\"url\":\"https:\\\/\\\/i0.wp.com\\\/r3i.org\\\/wp-content\\\/uploads\\\/2024\\\/11\\\/r3i-logo-transp-1.png?fit=1601%2C834&ssl=1\",\"contentUrl\":\"https:\\\/\\\/i0.wp.com\\\/r3i.org\\\/wp-content\\\/uploads\\\/2024\\\/11\\\/r3i-logo-transp-1.png?fit=1601%2C834&ssl=1\",\"width\":1601,\"height\":834,\"caption\":\"R3I\"},\"image\":{\"@id\":\"https:\\\/\\\/r3i.org\\\/es\\\/#\\\/schema\\\/logo\\\/image\\\/\"}}]}<\/script>\n<!-- \/ Yoast SEO plugin. -->","yoast_head_json":{"title":"Hito - Ensayo EMPA-KIDNEY - R3I","robots":{"index":"index","follow":"follow","max-snippet":"max-snippet:-1","max-image-preview":"max-image-preview:large","max-video-preview":"max-video-preview:-1"},"canonical":"https:\/\/r3i.org\/es\/hito-ensayo-empa-kidney\/","og_locale":"es_ES","og_type":"article","og_title":"Hito - Ensayo EMPA-KIDNEY - R3I","og_description":"Ensayo EMPA-KIDNEY (Estudio de la Protecci\u00f3n del Coraz\u00f3n y el Ri\u00f1\u00f3n con Empagliflozina): La empagliflozina demuestra beneficios a nivel renal y cardiovascular en pacientes con nefropat\u00eda cr\u00f3nica 13 de abril de 2023 En pacientes con nefropat\u00eda cr\u00f3nica (CKD) que estaban en riesgo de progresi\u00f3n de la enfermedad, el tratamiento con empagliflozina se asoci\u00f3 con un [&hellip;]","og_url":"https:\/\/r3i.org\/es\/hito-ensayo-empa-kidney\/","og_site_name":"R3I","article_modified_time":"2025-02-15T18:53:08+00:00","twitter_card":"summary_large_image","twitter_misc":{"Tiempo de lectura":"7 minutos"},"schema":{"@context":"https:\/\/schema.org","@graph":[{"@type":"WebPage","@id":"https:\/\/r3i.org\/es\/hito-ensayo-empa-kidney\/","url":"https:\/\/r3i.org\/es\/hito-ensayo-empa-kidney\/","name":"Hito - Ensayo EMPA-KIDNEY - R3I","isPartOf":{"@id":"https:\/\/r3i.org\/es\/#website"},"datePublished":"2025-01-21T12:18:21+00:00","dateModified":"2025-02-15T18:53:08+00:00","breadcrumb":{"@id":"https:\/\/r3i.org\/es\/hito-ensayo-empa-kidney\/#breadcrumb"},"inLanguage":"es","potentialAction":[{"@type":"ReadAction","target":["https:\/\/r3i.org\/es\/hito-ensayo-empa-kidney\/"]}]},{"@type":"BreadcrumbList","@id":"https:\/\/r3i.org\/es\/hito-ensayo-empa-kidney\/#breadcrumb","itemListElement":[{"@type":"ListItem","position":1,"name":"Home","item":"https:\/\/r3i.org\/es\/"},{"@type":"ListItem","position":2,"name":"Hito &#8211; Ensayo EMPA-KIDNEY"}]},{"@type":"WebSite","@id":"https:\/\/r3i.org\/es\/#website","url":"https:\/\/r3i.org\/es\/","name":"R3I","description":"Residual Risk Reduction Initiative","publisher":{"@id":"https:\/\/r3i.org\/es\/#organization"},"potentialAction":[{"@type":"SearchAction","target":{"@type":"EntryPoint","urlTemplate":"https:\/\/r3i.org\/es\/?s={search_term_string}"},"query-input":{"@type":"PropertyValueSpecification","valueRequired":true,"valueName":"search_term_string"}}],"inLanguage":"es"},{"@type":"Organization","@id":"https:\/\/r3i.org\/es\/#organization","name":"R3I","url":"https:\/\/r3i.org\/es\/","logo":{"@type":"ImageObject","inLanguage":"es","@id":"https:\/\/r3i.org\/es\/#\/schema\/logo\/image\/","url":"https:\/\/i0.wp.com\/r3i.org\/wp-content\/uploads\/2024\/11\/r3i-logo-transp-1.png?fit=1601%2C834&ssl=1","contentUrl":"https:\/\/i0.wp.com\/r3i.org\/wp-content\/uploads\/2024\/11\/r3i-logo-transp-1.png?fit=1601%2C834&ssl=1","width":1601,"height":834,"caption":"R3I"},"image":{"@id":"https:\/\/r3i.org\/es\/#\/schema\/logo\/image\/"}}]}},"jetpack_likes_enabled":true,"jetpack_sharing_enabled":true,"jetpack_shortlink":"https:\/\/wp.me\/Pgbfv2-13Kv","jetpack-related-posts":[],"_links":{"self":[{"href":"https:\/\/r3i.org\/es\/wp-json\/wp\/v2\/pages\/252743","targetHints":{"allow":["GET"]}}],"collection":[{"href":"https:\/\/r3i.org\/es\/wp-json\/wp\/v2\/pages"}],"about":[{"href":"https:\/\/r3i.org\/es\/wp-json\/wp\/v2\/types\/page"}],"author":[{"embeddable":true,"href":"https:\/\/r3i.org\/es\/wp-json\/wp\/v2\/users\/258497325"}],"replies":[{"embeddable":true,"href":"https:\/\/r3i.org\/es\/wp-json\/wp\/v2\/comments?post=252743"}],"version-history":[{"count":3,"href":"https:\/\/r3i.org\/es\/wp-json\/wp\/v2\/pages\/252743\/revisions"}],"predecessor-version":[{"id":253651,"href":"https:\/\/r3i.org\/es\/wp-json\/wp\/v2\/pages\/252743\/revisions\/253651"}],"wp:attachment":[{"href":"https:\/\/r3i.org\/es\/wp-json\/wp\/v2\/media?parent=252743"}],"curies":[{"name":"wp","href":"https:\/\/api.w.org\/{rel}","templated":true}]}}