{"id":252719,"date":"2025-01-21T23:09:26","date_gmt":"2025-01-21T22:09:26","guid":{"rendered":"https:\/\/r3i.org\/focus-trigliceridos-y-riesgo-de-mortalidad-en-la-diabetes\/"},"modified":"2025-02-18T16:53:47","modified_gmt":"2025-02-18T15:53:47","slug":"focus-trigliceridos-y-riesgo-de-mortalidad-en-la-diabetes","status":"publish","type":"page","link":"https:\/\/r3i.org\/es\/focus-trigliceridos-y-riesgo-de-mortalidad-en-la-diabetes\/","title":{"rendered":"Focus &#8211; Triglic\u00e9ridos y riesgo de mortalidad en la diabetes"},"content":{"rendered":"<p>[et_pb_section fb_built=\u00bb1&#8243; _builder_version=\u00bb4.27.4&#8243; _module_preset=\u00bbdefault\u00bb custom_padding=\u00bb1px|||||\u00bb global_colors_info=\u00bb{}\u00bb][et_pb_row _builder_version=\u00bb4.27.4&#8243; _module_preset=\u00bbdefault\u00bb global_colors_info=\u00bb{}\u00bb][et_pb_column type=\u00bb4_4&#8243; _builder_version=\u00bb4.27.4&#8243; _module_preset=\u00bbdefault\u00bb global_colors_info=\u00bb{}\u00bb][et_pb_text _builder_version=\u00bb4.27.4&#8243; _module_preset=\u00bbdefault\u00bb header_2_text_color=\u00bbgcid-primary-color\u00bb header_5_text_color=\u00bbgcid-secondary-color\u00bb text_orientation=\u00bbcenter\u00bb width=\u00bb99%\u00bb custom_margin=\u00bb|-147px||||\u00bb custom_padding=\u00bb|0px||||\u00bb global_colors_info=\u00bb{%22gcid-primary-color%22:%91%22quote_text_color%22,%22quote_text_color%22,%22quote_text_color%22,%22header_2_text_color%22%93,%22gcid-secondary-color%22:%91%22header_5_text_color%22%93}\u00bb]<\/p>\n<h2>Triglic\u00e9ridos y riesgo de mortalidad en la diabetes<\/h2>\n<h5 style=\"text-align: center;\"><span>21 de febrero de 2022<\/span><\/h5>\n<div class=\"summary\" style=\"text-align: left;\">Este informe de la Encuesta Nacional de Examen de Salud y Nutrici\u00f3n (NHANES) mostr\u00f3 que un valor m\u00e1s elevado de triglic\u00e9ridos en ayunas estaba asociado con un riesgo mayor de muerte relacionada con la diabetes.<\/div>\n<div class=\"authors\" style=\"text-align: left;\"><em>Wadstr\u00f6m BN, Wang Y. Higher fasting triglyceride predicts higher risks of diabetes mortality in US adults. Lipids in Health and Disease 2021;20:181.<\/em><\/div>\n<p><b>RESUMEN DEL ESTUDIO<\/b><\/p>\n<table border=\"0\" width=\"100%\" cellspacing=\"1\" cellpadding=\"3\" bgcolor=\"#CCCCCC\">\n<tbody>\n<tr valign=\"middle\">\n<td bgcolor=\"#E9E9E9\" width=\"17%\"><strong>Objetivo:<\/strong><\/td>\n<td align=\"left\" bgcolor=\"#FFFFFF\" width=\"83%\"><span>Investigar la relaci\u00f3n de los triglic\u00e9ridos (TG) en ayunas con la mortalidad por diabetes.<\/span><\/td>\n<\/tr>\n<tr valign=\"middle\">\n<td bgcolor=\"#E9E9E9\"><strong>Dise\u00f1o del estudio:<\/strong><\/td>\n<td align=\"left\" bgcolor=\"#FFFFFF\"><span>An\u00e1lisis de cohorte de los datos de NHANES (1988-2014).<\/span><\/td>\n<\/tr>\n<tr valign=\"middle\">\n<td valign=\"top\" bgcolor=\"#E9E9E9\"><strong>Poblaci\u00f3n del estudio:<\/strong><\/td>\n<td align=\"left\" bgcolor=\"#FFFFFF\"><span>Unas 27.067 personas (22.909 sin diabetes y 3673 con diabetes) con una edad media de 49 a\u00f1os y datos de TG en ayunas incluidas en NHANES III (1988-2014) y NHANES IV (1999-2014).<\/span><\/td>\n<\/tr>\n<tr valign=\"middle\">\n<td bgcolor=\"#E9E9E9\"><strong><span>Variables principales del estudio:<\/span>:<\/strong><\/td>\n<td align=\"left\" bgcolor=\"#FFFFFF\"><span>La mortalidad relacionada con la diabetes, es decir, que la diabetes se haya indicado como una causa subyacente de muerte. La diabetes se defini\u00f3 como glucosa plasm\u00e1tica en ayunas \u2265126 mg\/dl o HbA1c \u22656,5 %, personas que est\u00e9n en tratamiento con f\u00e1rmacos hipoglucemiantes o con diagn\u00f3stico informado por ellas mismas.<\/span><\/td>\n<\/tr>\n<tr valign=\"middle\">\n<td bgcolor=\"#E9E9E9\"><strong>M\u00e9todos:<\/strong><\/td>\n<td align=\"left\" bgcolor=\"#FFFFFF\"><span>Se usaron los modelos de riesgos proporcionales de Cox para calcular los cocientes de riesgos (HR) y los intervalos de confianza (IC) de los TG en la mortalidad por diabetes. El modelo se ajust\u00f3 por edad, sexo, origen \u00e9tnico, obesidad, \u00edndice de pobreza\/ingresos, educaci\u00f3n, actividad f\u00edsica, consumo de alcohol, tabaquismo, per\u00edodo de la encuesta, hipercolesterolemia, hipertensi\u00f3n, diabetes y antecedentes familiares de diabetes.<\/span><\/td>\n<\/tr>\n<\/tbody>\n<\/table>\n<p style=\"text-align: center;\"><strong>RESULTADOS<\/strong><\/p>\n<table border=\"0\" width=\"100%\" cellspacing=\"1\" cellpadding=\"3\" bgcolor=\"#CCCCCC\">\n<tbody>\n<tr valign=\"middle\"><\/tr>\n<tr valign=\"middle\">\n<td align=\"left\" bgcolor=\"#FFFFFF\">\n<p>Durante 319.758 personas-a\u00f1os de seguimiento (media de seguimiento de 12,0 a\u00f1os), 582 participantes murieron por diabetes. Un aumento de 1 unidad logar\u00edtmica natural en los TG se relacion\u00f3 con un riesgo 40 % mayor de mortalidad por diabetes; esta relaci\u00f3n era evidente en las personas con y sin diabetes en el momento basal (Tabla 1). En comparaci\u00f3n con las personas con TG en el quintil m\u00e1s bajo, las personas con valores de TG en el quintil m\u00e1s alto ten\u00edan un riesgo un 85 % mayor de muerte por diabetes (HR, 1,85; IC 95 %, 1,25\u20132,73; p = 0,002).<\/p>\n<p><strong>Tabla 1<\/strong>. Relaci\u00f3n de los TG con la mortalidad por diabetes<\/p>\n<table class=\"study-table\">\n<tbody>\n<tr>\n<td>\n<p>&nbsp;<\/p>\n<\/td>\n<td>\n<p>N<\/p>\n<\/td>\n<td>\n<p>HR (intervalo de confianza 95 %)<\/p>\n<\/td>\n<td>\n<p>Valor de p<\/p>\n<\/td>\n<\/tr>\n<tr>\n<td>\n<p>Todas las personas<\/p>\n<\/td>\n<td>\n<p>26,582<\/p>\n<\/td>\n<td>\n<p>1.40 (1.20\u20131.64)<\/p>\n<\/td>\n<td>\n<p>&lt;0.001<\/p>\n<\/td>\n<\/tr>\n<tr>\n<td>\n<p>Personas sin diabetes<\/p>\n<\/td>\n<td>\n<p>22,909<\/p>\n<\/td>\n<td>\n<p>1.45 (1.09\u20131.92)<\/p>\n<\/td>\n<td>\n<p>0.011<\/p>\n<\/td>\n<\/tr>\n<tr>\n<td>\n<p>Personas con diabetes<\/p>\n<\/td>\n<td>\n<p>3,673<\/p>\n<\/td>\n<td>\n<p>1.32 (1.09\u20131.58)<\/p>\n<\/td>\n<td>\n<p>0.004<\/p>\n<\/td>\n<\/tr>\n<\/tbody>\n<\/table>\n<\/td>\n<\/tr>\n<tr valign=\"middle\">\n<td bgcolor=\"#E9E9E9\"><\/td>\n<\/tr>\n<\/tbody>\n<\/table>\n<table border=\"0\" width=\"100%\" cellspacing=\"1\" cellpadding=\"3\" bgcolor=\"#CCCCCC\">\n<tbody>\n<tr valign=\"middle\">\n<td bgcolor=\"#E9E9E9\"><strong>Conclusiones del autor::<\/strong><\/td>\n<td align=\"left\" bgcolor=\"#FFFFFF\"><span>Este estudio demostr\u00f3 que los TG en ayunas m\u00e1s elevados estaban relacionados con un mayor riesgo de mortalidad por diabetes. Es probable que se deban controlar de manera habitual los TG en las consultas para la evaluaci\u00f3n de riesgos por diabetes.<\/span><\/td>\n<\/tr>\n<\/tbody>\n<\/table>\n<div>\n<p><strong>COMENTARIO<\/strong><\/p>\n<p style=\"text-align: left;\">En 2019, la diabetes fue la novena causa principal de muerte en todo el mundo (1). Durante los \u00faltimos 20 a\u00f1os, la mortalidad relacionada con la diabetes ha aumentado en m\u00e1s del 70 %, con un aumento a\u00fan mayor en los hombres (2). La carga de la enfermedad se observar\u00e1 cada vez m\u00e1s en los pa\u00edses con ingresos m\u00e1s bajos y medios, en paralelo con las tendencias de aumento de la prevalencia de la diabetes en estas regiones. Por lo tanto, es crucial la identificaci\u00f3n de factores modificables relacionados con el pron\u00f3stico de diabetes para modificar la mortalidad por diabetes.<\/p>\n<p style=\"text-align: left;\">El informe actual de NHANES aporta informaci\u00f3n importante. Los TG elevados, predominantes en las personas con diabetes tipo 2, normalmente en combinaci\u00f3n con una concentraci\u00f3n baja en plasma de colesterol de lipoprote\u00edna de alta densidad (dislipidemia aterog\u00e9nica) (3), est\u00e1n asociados con un mayor riesgo de mortalidad por diabetes. Estos hallazgos se ven confirmados por el tama\u00f1o de la cohorte, el dise\u00f1o prospectivo del estudio y el ajuste por factores de confusi\u00f3n en el an\u00e1lisis. No obstante, los autores reconocen que el estudio no presenta informaci\u00f3n relacionada con el o los mecanismos subyacentes de esta asociaci\u00f3n. En conjunto, los resultados de este an\u00e1lisis dan una mayor importancia al abordaje terap\u00e9utico de los TG elevados en el tratamiento habitual de los pacientes diab\u00e9ticos.<\/p>\n<\/div>\n<table border=\"0\" width=\"100%\" cellspacing=\"1\" cellpadding=\"3\" bgcolor=\"#CCCCCC\">\n<tbody>\n<tr>\n<td valign=\"top\" bgcolor=\"#E9E9E9\" width=\"13%\"><strong>Referencias<\/strong><\/td>\n<td valign=\"top\" bgcolor=\"#FFFFFF\" width=\"87%\"><span>1. World Health Organization. Diabetes. Key facts. 10 November 2021. <a href=\"https:\/\/www.who.int\/news-room\/fact-sheets\/detail\/diabetes\" rel=\"nofollow\">https:\/\/www.who.int\/news-room\/fact-sheets\/detail\/diabetes<\/a><\/span><br \/><span>2. World Health Organization. The top 10 causes of death. 9 December 2020. <a href=\"https:\/\/www.who.int\/news-room\/fact-sheets\/detail\/the-top-10-causes-of-death\" rel=\"nofollow\">https:\/\/www.who.int\/news-room\/fact-sheets\/detail\/the-top-10-causes-of-death<\/a><\/span><br \/><span>3. Halcox JP, Banegas JR, Roy C, et al. Prevalence and treatment of atherogenic dyslipidemia in the primary prevention of cardiovascular disease in Europe: EURIKA, a cross-sectional observational study. BMC Cardiovasc Disord 17, 160 (2017).<\/span><\/td>\n<\/tr>\n<tr>\n<td valign=\"top\" bgcolor=\"#E9E9E9\"><strong>Palabras claves<\/strong><\/td>\n<td valign=\"top\" bgcolor=\"#FFFFFF\">triglic\u00e9ridos, diabetes, mortalidad por diabetes; NHANES<\/td>\n<\/tr>\n<\/tbody>\n<\/table>\n<p>[\/et_pb_text][\/et_pb_column][\/et_pb_row][\/et_pb_section]<\/p>\n","protected":false},"excerpt":{"rendered":"<p>Triglic\u00e9ridos y riesgo de mortalidad en la diabetes 21 de febrero de 2022 Este informe de la Encuesta Nacional de Examen de Salud y Nutrici\u00f3n (NHANES) mostr\u00f3 que un valor m\u00e1s elevado de triglic\u00e9ridos en ayunas estaba asociado con un riesgo mayor de muerte relacionada con la diabetes. Wadstr\u00f6m BN, Wang Y. Higher fasting triglyceride [&hellip;]<\/p>\n","protected":false},"author":258497325,"featured_media":0,"parent":0,"menu_order":0,"comment_status":"closed","ping_status":"closed","template":"","meta":{"_et_pb_use_builder":"on","_et_pb_old_content":"","_et_gb_content_width":"","_crdt_document":"","jetpack_post_was_ever_published":true,"footnotes":""},"class_list":["post-252719","page","type-page","status-publish","hentry"],"yoast_head":"<!-- This site is optimized with the Yoast SEO plugin v27.3 - https:\/\/yoast.com\/product\/yoast-seo-wordpress\/ -->\n<title>Focus - Triglic\u00e9ridos y riesgo de mortalidad en la diabetes - R3I<\/title>\n<meta name=\"robots\" content=\"index, follow, max-snippet:-1, max-image-preview:large, max-video-preview:-1\" \/>\n<link rel=\"canonical\" href=\"https:\/\/r3i.org\/es\/focus-trigliceridos-y-riesgo-de-mortalidad-en-la-diabetes\/\" \/>\n<meta property=\"og:locale\" content=\"es_ES\" \/>\n<meta property=\"og:type\" content=\"article\" \/>\n<meta property=\"og:title\" content=\"Focus - Triglic\u00e9ridos y riesgo de mortalidad en la diabetes - R3I\" \/>\n<meta property=\"og:description\" content=\"Triglic\u00e9ridos y riesgo de mortalidad en la diabetes 21 de febrero de 2022 Este informe de la Encuesta Nacional de Examen de Salud y Nutrici\u00f3n (NHANES) mostr\u00f3 que un valor m\u00e1s elevado de triglic\u00e9ridos en ayunas estaba asociado con un riesgo mayor de muerte relacionada con la diabetes. Wadstr\u00f6m BN, Wang Y. Higher fasting triglyceride [&hellip;]\" \/>\n<meta property=\"og:url\" content=\"https:\/\/r3i.org\/es\/focus-trigliceridos-y-riesgo-de-mortalidad-en-la-diabetes\/\" \/>\n<meta property=\"og:site_name\" content=\"R3I\" \/>\n<meta property=\"article:modified_time\" content=\"2025-02-18T15:53:47+00:00\" \/>\n<meta name=\"twitter:card\" content=\"summary_large_image\" \/>\n<meta name=\"twitter:label1\" content=\"Tiempo de lectura\" \/>\n\t<meta name=\"twitter:data1\" content=\"4 minutos\" \/>\n<script type=\"application\/ld+json\" class=\"yoast-schema-graph\">{\"@context\":\"https:\\\/\\\/schema.org\",\"@graph\":[{\"@type\":\"WebPage\",\"@id\":\"https:\\\/\\\/r3i.org\\\/es\\\/focus-trigliceridos-y-riesgo-de-mortalidad-en-la-diabetes\\\/\",\"url\":\"https:\\\/\\\/r3i.org\\\/es\\\/focus-trigliceridos-y-riesgo-de-mortalidad-en-la-diabetes\\\/\",\"name\":\"Focus - Triglic\u00e9ridos y riesgo de mortalidad en la diabetes - R3I\",\"isPartOf\":{\"@id\":\"https:\\\/\\\/r3i.org\\\/es\\\/#website\"},\"datePublished\":\"2025-01-21T22:09:26+00:00\",\"dateModified\":\"2025-02-18T15:53:47+00:00\",\"breadcrumb\":{\"@id\":\"https:\\\/\\\/r3i.org\\\/es\\\/focus-trigliceridos-y-riesgo-de-mortalidad-en-la-diabetes\\\/#breadcrumb\"},\"inLanguage\":\"es\",\"potentialAction\":[{\"@type\":\"ReadAction\",\"target\":[\"https:\\\/\\\/r3i.org\\\/es\\\/focus-trigliceridos-y-riesgo-de-mortalidad-en-la-diabetes\\\/\"]}]},{\"@type\":\"BreadcrumbList\",\"@id\":\"https:\\\/\\\/r3i.org\\\/es\\\/focus-trigliceridos-y-riesgo-de-mortalidad-en-la-diabetes\\\/#breadcrumb\",\"itemListElement\":[{\"@type\":\"ListItem\",\"position\":1,\"name\":\"Home\",\"item\":\"https:\\\/\\\/r3i.org\\\/es\\\/\"},{\"@type\":\"ListItem\",\"position\":2,\"name\":\"Focus &#8211; Triglic\u00e9ridos y riesgo de mortalidad en la diabetes\"}]},{\"@type\":\"WebSite\",\"@id\":\"https:\\\/\\\/r3i.org\\\/es\\\/#website\",\"url\":\"https:\\\/\\\/r3i.org\\\/es\\\/\",\"name\":\"R3I\",\"description\":\"Residual Risk Reduction Initiative\",\"publisher\":{\"@id\":\"https:\\\/\\\/r3i.org\\\/es\\\/#organization\"},\"potentialAction\":[{\"@type\":\"SearchAction\",\"target\":{\"@type\":\"EntryPoint\",\"urlTemplate\":\"https:\\\/\\\/r3i.org\\\/es\\\/?s={search_term_string}\"},\"query-input\":{\"@type\":\"PropertyValueSpecification\",\"valueRequired\":true,\"valueName\":\"search_term_string\"}}],\"inLanguage\":\"es\"},{\"@type\":\"Organization\",\"@id\":\"https:\\\/\\\/r3i.org\\\/es\\\/#organization\",\"name\":\"R3I\",\"url\":\"https:\\\/\\\/r3i.org\\\/es\\\/\",\"logo\":{\"@type\":\"ImageObject\",\"inLanguage\":\"es\",\"@id\":\"https:\\\/\\\/r3i.org\\\/es\\\/#\\\/schema\\\/logo\\\/image\\\/\",\"url\":\"https:\\\/\\\/i0.wp.com\\\/r3i.org\\\/wp-content\\\/uploads\\\/2024\\\/11\\\/r3i-logo-transp-1.png?fit=1601%2C834&ssl=1\",\"contentUrl\":\"https:\\\/\\\/i0.wp.com\\\/r3i.org\\\/wp-content\\\/uploads\\\/2024\\\/11\\\/r3i-logo-transp-1.png?fit=1601%2C834&ssl=1\",\"width\":1601,\"height\":834,\"caption\":\"R3I\"},\"image\":{\"@id\":\"https:\\\/\\\/r3i.org\\\/es\\\/#\\\/schema\\\/logo\\\/image\\\/\"}}]}<\/script>\n<!-- \/ Yoast SEO plugin. -->","yoast_head_json":{"title":"Focus - Triglic\u00e9ridos y riesgo de mortalidad en la diabetes - R3I","robots":{"index":"index","follow":"follow","max-snippet":"max-snippet:-1","max-image-preview":"max-image-preview:large","max-video-preview":"max-video-preview:-1"},"canonical":"https:\/\/r3i.org\/es\/focus-trigliceridos-y-riesgo-de-mortalidad-en-la-diabetes\/","og_locale":"es_ES","og_type":"article","og_title":"Focus - Triglic\u00e9ridos y riesgo de mortalidad en la diabetes - R3I","og_description":"Triglic\u00e9ridos y riesgo de mortalidad en la diabetes 21 de febrero de 2022 Este informe de la Encuesta Nacional de Examen de Salud y Nutrici\u00f3n (NHANES) mostr\u00f3 que un valor m\u00e1s elevado de triglic\u00e9ridos en ayunas estaba asociado con un riesgo mayor de muerte relacionada con la diabetes. Wadstr\u00f6m BN, Wang Y. Higher fasting triglyceride [&hellip;]","og_url":"https:\/\/r3i.org\/es\/focus-trigliceridos-y-riesgo-de-mortalidad-en-la-diabetes\/","og_site_name":"R3I","article_modified_time":"2025-02-18T15:53:47+00:00","twitter_card":"summary_large_image","twitter_misc":{"Tiempo de lectura":"4 minutos"},"schema":{"@context":"https:\/\/schema.org","@graph":[{"@type":"WebPage","@id":"https:\/\/r3i.org\/es\/focus-trigliceridos-y-riesgo-de-mortalidad-en-la-diabetes\/","url":"https:\/\/r3i.org\/es\/focus-trigliceridos-y-riesgo-de-mortalidad-en-la-diabetes\/","name":"Focus - Triglic\u00e9ridos y riesgo de mortalidad en la diabetes - R3I","isPartOf":{"@id":"https:\/\/r3i.org\/es\/#website"},"datePublished":"2025-01-21T22:09:26+00:00","dateModified":"2025-02-18T15:53:47+00:00","breadcrumb":{"@id":"https:\/\/r3i.org\/es\/focus-trigliceridos-y-riesgo-de-mortalidad-en-la-diabetes\/#breadcrumb"},"inLanguage":"es","potentialAction":[{"@type":"ReadAction","target":["https:\/\/r3i.org\/es\/focus-trigliceridos-y-riesgo-de-mortalidad-en-la-diabetes\/"]}]},{"@type":"BreadcrumbList","@id":"https:\/\/r3i.org\/es\/focus-trigliceridos-y-riesgo-de-mortalidad-en-la-diabetes\/#breadcrumb","itemListElement":[{"@type":"ListItem","position":1,"name":"Home","item":"https:\/\/r3i.org\/es\/"},{"@type":"ListItem","position":2,"name":"Focus &#8211; Triglic\u00e9ridos y riesgo de mortalidad en la diabetes"}]},{"@type":"WebSite","@id":"https:\/\/r3i.org\/es\/#website","url":"https:\/\/r3i.org\/es\/","name":"R3I","description":"Residual Risk Reduction Initiative","publisher":{"@id":"https:\/\/r3i.org\/es\/#organization"},"potentialAction":[{"@type":"SearchAction","target":{"@type":"EntryPoint","urlTemplate":"https:\/\/r3i.org\/es\/?s={search_term_string}"},"query-input":{"@type":"PropertyValueSpecification","valueRequired":true,"valueName":"search_term_string"}}],"inLanguage":"es"},{"@type":"Organization","@id":"https:\/\/r3i.org\/es\/#organization","name":"R3I","url":"https:\/\/r3i.org\/es\/","logo":{"@type":"ImageObject","inLanguage":"es","@id":"https:\/\/r3i.org\/es\/#\/schema\/logo\/image\/","url":"https:\/\/i0.wp.com\/r3i.org\/wp-content\/uploads\/2024\/11\/r3i-logo-transp-1.png?fit=1601%2C834&ssl=1","contentUrl":"https:\/\/i0.wp.com\/r3i.org\/wp-content\/uploads\/2024\/11\/r3i-logo-transp-1.png?fit=1601%2C834&ssl=1","width":1601,"height":834,"caption":"R3I"},"image":{"@id":"https:\/\/r3i.org\/es\/#\/schema\/logo\/image\/"}}]}},"jetpack_likes_enabled":true,"jetpack_sharing_enabled":true,"jetpack_shortlink":"https:\/\/wp.me\/Pgbfv2-13K7","jetpack-related-posts":[],"_links":{"self":[{"href":"https:\/\/r3i.org\/es\/wp-json\/wp\/v2\/pages\/252719","targetHints":{"allow":["GET"]}}],"collection":[{"href":"https:\/\/r3i.org\/es\/wp-json\/wp\/v2\/pages"}],"about":[{"href":"https:\/\/r3i.org\/es\/wp-json\/wp\/v2\/types\/page"}],"author":[{"embeddable":true,"href":"https:\/\/r3i.org\/es\/wp-json\/wp\/v2\/users\/258497325"}],"replies":[{"embeddable":true,"href":"https:\/\/r3i.org\/es\/wp-json\/wp\/v2\/comments?post=252719"}],"version-history":[{"count":4,"href":"https:\/\/r3i.org\/es\/wp-json\/wp\/v2\/pages\/252719\/revisions"}],"predecessor-version":[{"id":254847,"href":"https:\/\/r3i.org\/es\/wp-json\/wp\/v2\/pages\/252719\/revisions\/254847"}],"wp:attachment":[{"href":"https:\/\/r3i.org\/es\/wp-json\/wp\/v2\/media?parent=252719"}],"curies":[{"name":"wp","href":"https:\/\/api.w.org\/{rel}","templated":true}]}}