{"id":252716,"date":"2025-01-31T15:38:53","date_gmt":"2025-01-31T14:38:53","guid":{"rendered":"https:\/\/r3i.org\/enfoque-centrarse-en-el-colesterol-remanente-para-reducir-el-riesgo-residual-de-ictus\/"},"modified":"2025-02-16T23:06:43","modified_gmt":"2025-02-16T22:06:43","slug":"enfoque-centrarse-en-el-colesterol-remanente-para-reducir-el-riesgo-residual-de-ictus","status":"publish","type":"page","link":"https:\/\/r3i.org\/es\/enfoque-centrarse-en-el-colesterol-remanente-para-reducir-el-riesgo-residual-de-ictus\/","title":{"rendered":"Enfoque &#8211; Centrarse en el colesterol remanente para reducir el riesgo residual de ictus"},"content":{"rendered":"<p>[et_pb_section fb_built=\u00bb1&#8243; _builder_version=\u00bb4.27.4&#8243; _module_preset=\u00bbdefault\u00bb custom_padding=\u00bb1px|||||\u00bb global_colors_info=\u00bb{}\u00bb][et_pb_row _builder_version=\u00bb4.27.4&#8243; _module_preset=\u00bbdefault\u00bb global_colors_info=\u00bb{}\u00bb][et_pb_column type=\u00bb4_4&#8243; _builder_version=\u00bb4.27.4&#8243; _module_preset=\u00bbdefault\u00bb global_colors_info=\u00bb{}\u00bb][et_pb_text _builder_version=\u00bb4.27.4&#8243; _module_preset=\u00bbdefault\u00bb header_2_text_color=\u00bbgcid-primary-color\u00bb header_5_text_color=\u00bbgcid-secondary-color\u00bb text_orientation=\u00bbcenter\u00bb width=\u00bb99%\u00bb custom_margin=\u00bb|-147px||||\u00bb custom_padding=\u00bb|0px||||\u00bb global_colors_info=\u00bb{%22gcid-primary-color%22:%91%22quote_text_color%22,%22quote_text_color%22,%22quote_text_color%22,%22header_2_text_color%22%93,%22gcid-secondary-color%22:%91%22header_5_text_color%22%93}\u00bb]<\/p>\n<h2>Actuar sobre el colesterol remanente para reducir el riesgo residual de accidente cerebrovascular<\/h2>\n<h5><span>Septiembre 2024<\/span><\/h5>\n<p>En este estudio prospectivo de cohortes, el colesterol remanente elevado con colesterol de lipoprote\u00edna de baja densidad controlado confirieron un riesgo mayor de accidente cerebrovascular, en particular de accidente cerebrovascular isqu\u00e9mico. Estos resultados respaldan que se act\u00fae sobre el colesterol remanente para reducir el riesgo residual elevado de accidente cerebrovascular isqu\u00e9mico.<\/p>\n<p><em>Han M, Huang K, Shen C, et al. Discordant high remnant cholesterol with LDL-C increases the risk of stroke: A Chinese Prospective Cohort Study. Stroke 2024;55:2066-74.<\/em><\/p>\n<p><b>RESUMEN DEL ESTUDIO<\/b><\/p>\n<table border=\"0\" width=\"100%\" cellspacing=\"1\" cellpadding=\"3\" bgcolor=\"#CCCCCC\">\n<tbody>\n<tr valign=\"middle\">\n<td bgcolor=\"#E9E9E9\" width=\"17%\"><strong>Objetivo:<\/strong><\/td>\n<td align=\"left\" bgcolor=\"#FFFFFF\" width=\"83%\">Analizar las asociaciones del colesterol remanente y el colesterol remanente alto discordante con colesterol de lipoprote\u00edna de baja densidad (C-LDL) con el accidente cerebrovascular, el accidente cerebrovascular isqu\u00e9mico y el accidente cerebrovascular hemorr\u00e1gico. .<\/td>\n<\/tr>\n<tr valign=\"middle\">\n<td bgcolor=\"#E9E9E9\"><strong>Dise\u00f1o del estudio:<\/strong><\/td>\n<td align=\"left\" bgcolor=\"#FFFFFF\">Estudio prospectivo de cohortes con el uso de an\u00e1lisis de discordancia<\/td>\n<\/tr>\n<tr valign=\"middle\">\n<td valign=\"top\" bgcolor=\"#E9E9E9\"><strong>Poblaci\u00f3n del estudio:<\/strong><\/td>\n<td align=\"left\" bgcolor=\"#FFFFFF\">Se inscribi\u00f3 a un total de 113 448 personas en tres cohortes del proyecto China-PAR (Predicci\u00f3n del Riesgo de Enfermedad Cardiovascular Ateroscler\u00f3tica en China), de las cuales 98 967 (edad media 51.4 a\u00f1os, 40.5% hombres) fueron elegibles para el an\u00e1lisis final.<\/td>\n<\/tr>\n<tr valign=\"middle\">\n<td bgcolor=\"#E9E9E9\"><strong>Principales variables de estudio:<\/strong><\/td>\n<td align=\"left\" bgcolor=\"#FFFFFF\">Accidente cerebrovascular de nuevo diagn\u00f3stico, accidente cerebrovascular isqu\u00e9mico y accidente cerebrovascular hemorr\u00e1gico<br \/>Colesterol remanente, calculado como colesterol no HDL menos C-LDL.<\/td>\n<\/tr>\n<tr valign=\"middle\">\n<td bgcolor=\"#E9E9E9\"><strong>M\u00e9todos:<\/strong><\/td>\n<td align=\"left\" bgcolor=\"#FFFFFF\">Las categor\u00edas concordante\/discordante de colesterol remanente en comparaci\u00f3n con C-LDL se basaron en valores de corte de 130 mg\/dl para el C-LDL y el percentil equivalente (32.5 mg\/dl) para el colesterol remanente. Se usaron los modelos de Cox para estimar los cocientes de riesgo y los intervalos de confianza (IC) del 95% para el accidente cerebrovascular de nuevo diagn\u00f3stico.<\/td>\n<\/tr>\n<\/tbody>\n<\/table>\n<p style=\"text-align: center;\"><strong>RESULTADOS<\/strong><\/p>\n<div><\/div>\n<div>\n<table width=\"641\" style=\"font-weight: 400;\">\n<tbody>\n<tr>\n<td width=\"574\">\n<p><span>Durante un seguimiento de 728\u00a0776 personas-a\u00f1os, se produjeron 2859 accidentes cerebrovasculares, que incluyeron 1811 casos de accidente cerebrovascular isqu\u00e9mico y 849 casos de accidente cerebrovascular hemorr\u00e1gico. <\/span><\/p>\n<p><span>\u00a0<\/span><\/p>\n<p><span>En total, el colesterol remanente se asoci\u00f3 positivamente con el accidente cerebrovascular (cociente de riesgo ajustado 1.06, IC 95%, 1.02-1.10) y el accidente cerebrovascular isqu\u00e9mico (cociente de riesgo ajustado 1.09, IC 95%, 1.04-1.13), pero no con el accidente cerebrovascular hemorr\u00e1gico (cociente de riesgo ajustado 0.95, IC 95%, 0.88\u20131.03). En comparaci\u00f3n con las personas con valores de C-LDL bajos\/colesterol remanente bajos (grupo de referencia), quienes ten\u00edan C-LDL bajo y colesterol remanente alto ten\u00edan un riesgo mayor de accidente cerebrovascular y accidente cerebrovascular isqu\u00e9mico, mientras que no se observ\u00f3 un aumento del riesgo entre las personas con niveles altos de LDL-C y colesterol remanente bajo. (<strong>Tabla 1<\/strong>).<\/span><\/p>\n<p style=\"text-align: center;\"><span>\u00a0<\/span><\/p>\n<p style=\"text-align: center;\"><strong><span>Tabla 1. Riesgo de accidente cerebrovascular y accidente cerebrovascular isqu\u00e9mico seg\u00fan la categor\u00eda colesterol remanente\/C-LDL<\/span><\/strong><\/p>\n<table>\n<tbody>\n<tr>\n<td rowspan=\"2\" width=\"204\">\n<p><span>Categor\u00eda<\/span><\/p>\n<\/td>\n<td colspan=\"2\" width=\"367\">\n<p><span>Cociente de riesgo (IC 95\u00a0%)<\/span><\/p>\n<\/td>\n<\/tr>\n<tr>\n<td width=\"184\">\n<p><span>Accidente cerebrovascular<\/span><\/p>\n<\/td>\n<td width=\"184\">\n<p><span>Accidente cerebrovascular isqu\u00e9mico<\/span><\/p>\n<\/td>\n<\/tr>\n<tr>\n<td width=\"204\">\n<p><span>Colesterol remanente alto\/C-LDL bajo<\/span><\/p>\n<\/td>\n<td width=\"184\">\n<p><span>1.15 (1.02-1.30)<\/span><\/p>\n<\/td>\n<td width=\"184\">\n<p><span>1.19 (1.03-1.38)<\/span><\/p>\n<\/td>\n<\/tr>\n<tr>\n<td width=\"204\">\n<p><span>C-LDL alto\/colesterol remanente bajo<\/span><\/p>\n<\/td>\n<td width=\"184\">\n<p><span>1.07 (0.95-1.20)<\/span><\/p>\n<\/td>\n<td width=\"184\">\n<p><span>1.09 (0.94-1.25)<\/span><\/p>\n<\/td>\n<\/tr>\n<\/tbody>\n<\/table>\n<\/td>\n<\/tr>\n<\/tbody>\n<\/table>\n<div>\n<p><strong><\/strong><\/p>\n<table border=\"0\" width=\"100%\" cellspacing=\"1\" cellpadding=\"3\" bgcolor=\"#CCCCCC\">\n<tbody>\n<tr valign=\"middle\">\n<td bgcolor=\"#E9E9E9\"><strong>Conclusiones del autor:<\/strong><\/td>\n<td align=\"left\" bgcolor=\"#FFFFFF\">l colesterol remanente m\u00e1s elevado estaba asociado con mayores riesgos de accidente cerebrovascular y accidente cerebrovascular isqu\u00e9mico, pero no de accidente cerebrovascular hemorr\u00e1gico. El colesterol remanente alto discordante \u2014aunque no el C-LDL alto discordante\u2014 confer\u00eda mayores riesgos de accidente cerebrovascular y accidente cerebrovascular isqu\u00e9mico. Nuestros resultados fundamentan la disminuci\u00f3n del colesterol remanente mediante intervenciones para reducir el riesgo residual de accidente cerebrovascular isqu\u00e9mico.<\/td>\n<\/tr>\n<\/tbody>\n<\/table>\n<div>\n<p><strong>COMENTARIO<\/strong><\/p>\n<p style=\"font-weight: 400;\"><span>Estudios previos han demostrado las relaciones entre una concentraci\u00f3n elevada de colesterol remanente y el riesgo de cardiopat\u00eda isqu\u00e9mica y accidente cerebrovascular isqu\u00e9mico (1,2). Los datos de m\u00e1s de 100\u00a0000 personas del Estudio de la Poblaci\u00f3n General de Copenhague demostraron que las concentraciones gradualmente m\u00e1s altas de colesterol remanente estaban asociadas con un riesgo gradualmente m\u00e1s alto de accidente cerebrovascular isqu\u00e9mico (3). Sin embargo, no se sabe con certeza si estos resultados pueden aplicarse a otras etnias, en particular personas de China que tienen valores de C-\u2011LDL m\u00e1s bajos, pero mayor incidencia de accidente cerebrovascular que las poblaciones occidentales (4). Este estudio prospectivo de cohortes de grandes dimensiones proporciona perspectivas importantes ante esta cuesti\u00f3n, demostrando que el colesterol remanente ten\u00eda una relaci\u00f3n positiva con el riesgo de accidente cerebrovascular, en particular el accidente cerebrovascular isqu\u00e9mico, pero no con el accidente cerebrovascular hemorr\u00e1gico en la poblaci\u00f3n china. <\/span><span>\u00a0<\/span><\/p>\n<p style=\"font-weight: 400;\"><span>El estudio tambi\u00e9n responde otra pregunta relacionada con el riesgo residual de accidente cerebrovascular entre las personas de China con valores de C-LDL controlados. Los an\u00e1lisis de discordancia demostraron que las personas con valores de colesterol remanente altos y valores de C-LDL &lt;130 mg\/dl ten\u00edan un mayor riesgo de accidente cerebrovascular y accidente cerebrovascular isqu\u00e9mico (en un 15% y un 19%, respectivamente) que aquellos con valores bajos de cada par\u00e1metro lip\u00eddico. En comparaci\u00f3n, el riesgo no se elevaba significativamente entre las personas con valores de C-LDL &gt;130 mg\/dl y concentraci\u00f3n baja de colesterol remanente (<strong>Tabla 1<\/strong>). Estos resultados se alinean con los resultados del Estudio Prospectivo de Cohortes de Kailuan, un estudio de una comunidad de 96\u00a0769 personas (mediana de edad 51.6 a\u00f1os, 79% hombres), en el cual el an\u00e1lisis de discordancia demostr\u00f3 que un valor de colesterol remanente elevado discordante con concentraci\u00f3n de C-LDL controlada estaba asociado con un riesgo mayor de enfermedad cardiovascular, infarto de miocardio y accidente cerebrovascular (5). <\/span><span>\u00a0<\/span><\/p>\n<p style=\"font-weight: 400;\"><span>Las fortalezas del presente estudio son el gran tama\u00f1o de la muestra, la duraci\u00f3n prolongada del seguimiento y el n\u00famero adecuado de casos de accidente cerebrovascular y de subtipos de accidente cerebrovascular. No obstante, los autores observan que se calcul\u00f3 el colesterol remanente, con la posibilidad de una clasificaci\u00f3n err\u00f3nea de las personas con valores de C-LDL bajos. En conclusi\u00f3n, estos resultados respaldan que la concentraci\u00f3n elevada de colesterol remanente contribuye al riesgo residual de accidente cerebrovascular isqu\u00e9mico en la poblaci\u00f3n china y proporciona fundamentos para un abordaje terap\u00e9utico para reducir este riesgo.\u00a0\u00a0 <\/span><\/p>\n<\/div>\n<table border=\"0\" width=\"100%\" cellspacing=\"1\" cellpadding=\"3\" bgcolor=\"#CCCCCC\">\n<tbody>\n<tr>\n<td valign=\"top\" bgcolor=\"#E9E9E9\" width=\"13%\"><strong>Referencias<\/strong><\/td>\n<td valign=\"top\" bgcolor=\"#FFFFFF\" width=\"87%\">1. Langsted A, Madsen CM, Nordestgaard BG. Contribution of remnant cholesterol to cardiovascular risk. J Intern Med 2020;288:116-27.<br \/>2. Varbo A, Benn M, Tybj\u00e6rg-Hansen A, et al. Remnant cholesterol as a causal risk factor for ischemic heart disease. J Am Coll Cardiol 2013;61:427-36.<br \/>3. Varbo A, Nordestgaard BG. Remnant cholesterol and risk of ischemic stroke in 112,512 individuals from the general population. Ann Neurol 2019;85:550-9. <br \/>4. Tsai C-F, Thomas B, Sudlow CLM. Epidemiology of stroke and its subtypes in Chinese vs white populations: a systematic review. Neurology 2013;81:264\u2013272. <br \/>5. Zhang Y, Wu S, Tian X, et al. Discordance between remnant cholesterol and low-density lipoprotein cholesterol predicts cardiovascular disease: the Kailuan Prospective Cohort Study. Hellenic J Cardiol 2024;doi: 10.1016\/j.hjc.2024.05.002.<\/td>\n<\/tr>\n<tr>\n<td valign=\"top\" bgcolor=\"#E9E9E9\"><strong>Palabras claves<\/strong><\/td>\n<td valign=\"top\" bgcolor=\"#FFFFFF\">\n<div><span lang=\"es-419\">accidente cerebrovascular isqu\u00e9mico; poblaci\u00f3n china; riesgo residual; an\u00e1lisis de discordancia<\/span><\/div>\n<div><\/div>\n<\/td>\n<\/tr>\n<\/tbody>\n<\/table>\n<\/div>\n<\/div>\n<p>[\/et_pb_text][\/et_pb_column][\/et_pb_row][\/et_pb_section]<\/p>\n","protected":false},"excerpt":{"rendered":"<p>Actuar sobre el colesterol remanente para reducir el riesgo residual de accidente cerebrovascular Septiembre 2024 En este estudio prospectivo de cohortes, el colesterol remanente elevado con colesterol de lipoprote\u00edna de baja densidad controlado confirieron un riesgo mayor de accidente cerebrovascular, en particular de accidente cerebrovascular isqu\u00e9mico. Estos resultados respaldan que se act\u00fae sobre el colesterol [&hellip;]<\/p>\n","protected":false},"author":258497325,"featured_media":0,"parent":0,"menu_order":0,"comment_status":"closed","ping_status":"closed","template":"","meta":{"_et_pb_use_builder":"on","_et_pb_old_content":"","_et_gb_content_width":"","_crdt_document":"","footnotes":""},"class_list":["post-252716","page","type-page","status-publish","hentry"],"yoast_head":"<!-- This site is optimized with the Yoast SEO plugin v27.5 - https:\/\/yoast.com\/product\/yoast-seo-wordpress\/ -->\n<title>Enfoque - Centrarse en el colesterol remanente para reducir el riesgo residual de ictus - R3I<\/title>\n<meta name=\"robots\" content=\"index, follow, max-snippet:-1, max-image-preview:large, max-video-preview:-1\" \/>\n<link rel=\"canonical\" href=\"https:\/\/r3i.org\/es\/enfoque-centrarse-en-el-colesterol-remanente-para-reducir-el-riesgo-residual-de-ictus\/\" \/>\n<meta property=\"og:locale\" content=\"es_ES\" \/>\n<meta property=\"og:type\" content=\"article\" \/>\n<meta property=\"og:title\" content=\"Enfoque - Centrarse en el colesterol remanente para reducir el riesgo residual de ictus - R3I\" \/>\n<meta property=\"og:description\" content=\"Actuar sobre el colesterol remanente para reducir el riesgo residual de accidente cerebrovascular Septiembre 2024 En este estudio prospectivo de cohortes, el colesterol remanente elevado con colesterol de lipoprote\u00edna de baja densidad controlado confirieron un riesgo mayor de accidente cerebrovascular, en particular de accidente cerebrovascular isqu\u00e9mico. Estos resultados respaldan que se act\u00fae sobre el colesterol [&hellip;]\" \/>\n<meta property=\"og:url\" content=\"https:\/\/r3i.org\/es\/enfoque-centrarse-en-el-colesterol-remanente-para-reducir-el-riesgo-residual-de-ictus\/\" \/>\n<meta property=\"og:site_name\" content=\"R3I\" \/>\n<meta property=\"article:modified_time\" content=\"2025-02-16T22:06:43+00:00\" \/>\n<meta name=\"twitter:card\" content=\"summary_large_image\" \/>\n<meta name=\"twitter:label1\" content=\"Tiempo de lectura\" \/>\n\t<meta name=\"twitter:data1\" content=\"6 minutos\" \/>\n<script type=\"application\/ld+json\" class=\"yoast-schema-graph\">{\"@context\":\"https:\\\/\\\/schema.org\",\"@graph\":[{\"@type\":\"WebPage\",\"@id\":\"https:\\\/\\\/r3i.org\\\/es\\\/enfoque-centrarse-en-el-colesterol-remanente-para-reducir-el-riesgo-residual-de-ictus\\\/\",\"url\":\"https:\\\/\\\/r3i.org\\\/es\\\/enfoque-centrarse-en-el-colesterol-remanente-para-reducir-el-riesgo-residual-de-ictus\\\/\",\"name\":\"Enfoque - Centrarse en el colesterol remanente para reducir el riesgo residual de ictus - R3I\",\"isPartOf\":{\"@id\":\"https:\\\/\\\/r3i.org\\\/es\\\/#website\"},\"datePublished\":\"2025-01-31T14:38:53+00:00\",\"dateModified\":\"2025-02-16T22:06:43+00:00\",\"breadcrumb\":{\"@id\":\"https:\\\/\\\/r3i.org\\\/es\\\/enfoque-centrarse-en-el-colesterol-remanente-para-reducir-el-riesgo-residual-de-ictus\\\/#breadcrumb\"},\"inLanguage\":\"es\",\"potentialAction\":[{\"@type\":\"ReadAction\",\"target\":[\"https:\\\/\\\/r3i.org\\\/es\\\/enfoque-centrarse-en-el-colesterol-remanente-para-reducir-el-riesgo-residual-de-ictus\\\/\"]}]},{\"@type\":\"BreadcrumbList\",\"@id\":\"https:\\\/\\\/r3i.org\\\/es\\\/enfoque-centrarse-en-el-colesterol-remanente-para-reducir-el-riesgo-residual-de-ictus\\\/#breadcrumb\",\"itemListElement\":[{\"@type\":\"ListItem\",\"position\":1,\"name\":\"Home\",\"item\":\"https:\\\/\\\/r3i.org\\\/es\\\/\"},{\"@type\":\"ListItem\",\"position\":2,\"name\":\"Enfoque &#8211; Centrarse en el colesterol remanente para reducir el riesgo residual de ictus\"}]},{\"@type\":\"WebSite\",\"@id\":\"https:\\\/\\\/r3i.org\\\/es\\\/#website\",\"url\":\"https:\\\/\\\/r3i.org\\\/es\\\/\",\"name\":\"R3I\",\"description\":\"Residual Risk Reduction Initiative\",\"publisher\":{\"@id\":\"https:\\\/\\\/r3i.org\\\/es\\\/#organization\"},\"potentialAction\":[{\"@type\":\"SearchAction\",\"target\":{\"@type\":\"EntryPoint\",\"urlTemplate\":\"https:\\\/\\\/r3i.org\\\/es\\\/?s={search_term_string}\"},\"query-input\":{\"@type\":\"PropertyValueSpecification\",\"valueRequired\":true,\"valueName\":\"search_term_string\"}}],\"inLanguage\":\"es\"},{\"@type\":\"Organization\",\"@id\":\"https:\\\/\\\/r3i.org\\\/es\\\/#organization\",\"name\":\"R3I\",\"url\":\"https:\\\/\\\/r3i.org\\\/es\\\/\",\"logo\":{\"@type\":\"ImageObject\",\"inLanguage\":\"es\",\"@id\":\"https:\\\/\\\/r3i.org\\\/es\\\/#\\\/schema\\\/logo\\\/image\\\/\",\"url\":\"https:\\\/\\\/i0.wp.com\\\/r3i.org\\\/wp-content\\\/uploads\\\/2024\\\/11\\\/r3i-logo-transp-1.png?fit=1601%2C834&ssl=1\",\"contentUrl\":\"https:\\\/\\\/i0.wp.com\\\/r3i.org\\\/wp-content\\\/uploads\\\/2024\\\/11\\\/r3i-logo-transp-1.png?fit=1601%2C834&ssl=1\",\"width\":1601,\"height\":834,\"caption\":\"R3I\"},\"image\":{\"@id\":\"https:\\\/\\\/r3i.org\\\/es\\\/#\\\/schema\\\/logo\\\/image\\\/\"}}]}<\/script>\n<!-- \/ Yoast SEO plugin. -->","yoast_head_json":{"title":"Enfoque - Centrarse en el colesterol remanente para reducir el riesgo residual de ictus - R3I","robots":{"index":"index","follow":"follow","max-snippet":"max-snippet:-1","max-image-preview":"max-image-preview:large","max-video-preview":"max-video-preview:-1"},"canonical":"https:\/\/r3i.org\/es\/enfoque-centrarse-en-el-colesterol-remanente-para-reducir-el-riesgo-residual-de-ictus\/","og_locale":"es_ES","og_type":"article","og_title":"Enfoque - Centrarse en el colesterol remanente para reducir el riesgo residual de ictus - R3I","og_description":"Actuar sobre el colesterol remanente para reducir el riesgo residual de accidente cerebrovascular Septiembre 2024 En este estudio prospectivo de cohortes, el colesterol remanente elevado con colesterol de lipoprote\u00edna de baja densidad controlado confirieron un riesgo mayor de accidente cerebrovascular, en particular de accidente cerebrovascular isqu\u00e9mico. Estos resultados respaldan que se act\u00fae sobre el colesterol [&hellip;]","og_url":"https:\/\/r3i.org\/es\/enfoque-centrarse-en-el-colesterol-remanente-para-reducir-el-riesgo-residual-de-ictus\/","og_site_name":"R3I","article_modified_time":"2025-02-16T22:06:43+00:00","twitter_card":"summary_large_image","twitter_misc":{"Tiempo de lectura":"6 minutos"},"schema":{"@context":"https:\/\/schema.org","@graph":[{"@type":"WebPage","@id":"https:\/\/r3i.org\/es\/enfoque-centrarse-en-el-colesterol-remanente-para-reducir-el-riesgo-residual-de-ictus\/","url":"https:\/\/r3i.org\/es\/enfoque-centrarse-en-el-colesterol-remanente-para-reducir-el-riesgo-residual-de-ictus\/","name":"Enfoque - Centrarse en el colesterol remanente para reducir el riesgo residual de ictus - R3I","isPartOf":{"@id":"https:\/\/r3i.org\/es\/#website"},"datePublished":"2025-01-31T14:38:53+00:00","dateModified":"2025-02-16T22:06:43+00:00","breadcrumb":{"@id":"https:\/\/r3i.org\/es\/enfoque-centrarse-en-el-colesterol-remanente-para-reducir-el-riesgo-residual-de-ictus\/#breadcrumb"},"inLanguage":"es","potentialAction":[{"@type":"ReadAction","target":["https:\/\/r3i.org\/es\/enfoque-centrarse-en-el-colesterol-remanente-para-reducir-el-riesgo-residual-de-ictus\/"]}]},{"@type":"BreadcrumbList","@id":"https:\/\/r3i.org\/es\/enfoque-centrarse-en-el-colesterol-remanente-para-reducir-el-riesgo-residual-de-ictus\/#breadcrumb","itemListElement":[{"@type":"ListItem","position":1,"name":"Home","item":"https:\/\/r3i.org\/es\/"},{"@type":"ListItem","position":2,"name":"Enfoque &#8211; Centrarse en el colesterol remanente para reducir el riesgo residual de ictus"}]},{"@type":"WebSite","@id":"https:\/\/r3i.org\/es\/#website","url":"https:\/\/r3i.org\/es\/","name":"R3I","description":"Residual Risk Reduction Initiative","publisher":{"@id":"https:\/\/r3i.org\/es\/#organization"},"potentialAction":[{"@type":"SearchAction","target":{"@type":"EntryPoint","urlTemplate":"https:\/\/r3i.org\/es\/?s={search_term_string}"},"query-input":{"@type":"PropertyValueSpecification","valueRequired":true,"valueName":"search_term_string"}}],"inLanguage":"es"},{"@type":"Organization","@id":"https:\/\/r3i.org\/es\/#organization","name":"R3I","url":"https:\/\/r3i.org\/es\/","logo":{"@type":"ImageObject","inLanguage":"es","@id":"https:\/\/r3i.org\/es\/#\/schema\/logo\/image\/","url":"https:\/\/i0.wp.com\/r3i.org\/wp-content\/uploads\/2024\/11\/r3i-logo-transp-1.png?fit=1601%2C834&ssl=1","contentUrl":"https:\/\/i0.wp.com\/r3i.org\/wp-content\/uploads\/2024\/11\/r3i-logo-transp-1.png?fit=1601%2C834&ssl=1","width":1601,"height":834,"caption":"R3I"},"image":{"@id":"https:\/\/r3i.org\/es\/#\/schema\/logo\/image\/"}}]}},"jetpack_likes_enabled":true,"jetpack_sharing_enabled":true,"jetpack_shortlink":"https:\/\/wp.me\/Pgbfv2-13K4","jetpack-related-posts":[],"_links":{"self":[{"href":"https:\/\/r3i.org\/es\/wp-json\/wp\/v2\/pages\/252716","targetHints":{"allow":["GET"]}}],"collection":[{"href":"https:\/\/r3i.org\/es\/wp-json\/wp\/v2\/pages"}],"about":[{"href":"https:\/\/r3i.org\/es\/wp-json\/wp\/v2\/types\/page"}],"author":[{"embeddable":true,"href":"https:\/\/r3i.org\/es\/wp-json\/wp\/v2\/users\/258497325"}],"replies":[{"embeddable":true,"href":"https:\/\/r3i.org\/es\/wp-json\/wp\/v2\/comments?post=252716"}],"version-history":[{"count":4,"href":"https:\/\/r3i.org\/es\/wp-json\/wp\/v2\/pages\/252716\/revisions"}],"predecessor-version":[{"id":254537,"href":"https:\/\/r3i.org\/es\/wp-json\/wp\/v2\/pages\/252716\/revisions\/254537"}],"wp:attachment":[{"href":"https:\/\/r3i.org\/es\/wp-json\/wp\/v2\/media?parent=252716"}],"curies":[{"name":"wp","href":"https:\/\/api.w.org\/{rel}","templated":true}]}}