{"id":252712,"date":"2025-01-25T15:45:15","date_gmt":"2025-01-25T14:45:15","guid":{"rendered":"https:\/\/r3i.org\/enfoque-colesterol-remanente-y-riesgo-de-ictus-isquemico\/"},"modified":"2025-02-05T21:39:03","modified_gmt":"2025-02-05T20:39:03","slug":"enfoque-colesterol-remanente-y-riesgo-de-ictus-isquemico","status":"publish","type":"page","link":"https:\/\/r3i.org\/es\/enfoque-colesterol-remanente-y-riesgo-de-ictus-isquemico\/","title":{"rendered":"Enfoque &#8211; Colesterol remanente y riesgo de ictus isqu\u00e9mico"},"content":{"rendered":"<p>[et_pb_section fb_built=\u00bb1&#8243; _builder_version=\u00bb4.27.4&#8243; _module_preset=\u00bbdefault\u00bb custom_padding=\u00bb1px|||||\u00bb global_colors_info=\u00bb{}\u00bb][et_pb_row _builder_version=\u00bb4.27.4&#8243; _module_preset=\u00bbdefault\u00bb global_colors_info=\u00bb{}\u00bb][et_pb_column type=\u00bb4_4&#8243; _builder_version=\u00bb4.27.4&#8243; _module_preset=\u00bbdefault\u00bb global_colors_info=\u00bb{}\u00bb][et_pb_text _builder_version=\u00bb4.27.4&#8243; _module_preset=\u00bbdefault\u00bb header_2_text_color=\u00bbgcid-primary-color\u00bb header_5_text_color=\u00bbgcid-secondary-color\u00bb text_orientation=\u00bbcenter\u00bb width=\u00bb99%\u00bb custom_margin=\u00bb|-147px||||\u00bb custom_padding=\u00bb|0px||||\u00bb hover_enabled=\u00bb0&#8243; global_colors_info=\u00bb{%22gcid-primary-color%22:%91%22quote_text_color%22,%22quote_text_color%22,%22quote_text_color%22,%22header_2_text_color%22%93,%22gcid-secondary-color%22:%91%22header_5_text_color%22%93}\u00bb sticky_enabled=\u00bb0&#8243;]<\/p>\n<h2>Enfoque &#8211; <span>Colesterol remanente y riesgo de ictus isqu\u00e9mico<\/span><\/h2>\n<h5><span>19 de julio de 2019<\/span><\/h5>\n<p><span>Los niveles elevados de colesterol remanente se asociaron a un mayor riesgo de ictus isqu\u00e9mico, seg\u00fan este informe del Estudio de la Poblaci\u00f3n General de Copenhague.<\/span><\/p>\n<p><span>Varbo A, Nordestgaard BG. Colesterol remanente y riesgo de ictus isqu\u00e9mico en 112.512 individuos de la poblaci\u00f3n general. Ann Neurol 2019;85:550-9.  <\/span><\/p>\n<p><b>RESUMEN DEL ESTUDIO<\/b><\/p>\n<table border=\"0\" width=\"100%\" cellspacing=\"1\" cellpadding=\"3\" bgcolor=\"#CCCCCC\">\n<tbody>\n<tr valign=\"middle\">\n<td bgcolor=\"#E9E9E9\" width=\"17%\"><strong>Objetivo:<\/strong><\/td>\n<td align=\"left\" bgcolor=\"#FFFFFF\" width=\"83%\">Investigar si las concentraciones elevadas de colesterol remanente se asocian a un mayor riesgo de ictus isqu\u00e9mico en la poblaci\u00f3n general.<\/td>\n<\/tr>\n<tr valign=\"middle\">\n<td bgcolor=\"#E9E9E9\"><strong>Dise\u00f1o del estudio:<\/strong><\/td>\n<td align=\"left\" bgcolor=\"#FFFFFF\">Estudio de asociaci\u00f3n prospectivo y observacional con datos del Estudio de la Poblaci\u00f3n General de Copenhague durante un seguimiento de 14 a\u00f1os. Los resultados se validaron utilizando datos del Estudio del Coraz\u00f3n de la Ciudad de Copenhague durante un seguimiento de 26 a\u00f1os. <\/td>\n<\/tr>\n<tr valign=\"middle\">\n<td valign=\"top\" bgcolor=\"#E9E9E9\"><strong>Poblaci\u00f3n del estudio:<\/strong><\/td>\n<td align=\"left\" bgcolor=\"#FFFFFF\">El Estudio de la Poblaci\u00f3n General de Copenhague incluy\u00f3 a 102.964 individuos con informaci\u00f3n sobre el colesterol remanente al inicio del estudio en 2003-2015. El Estudio del Coraz\u00f3n de la Ciudad de Copenhague se valid\u00f3 en 9.548 individuos reclutados entre 1991 y 1994. <\/td>\n<\/tr>\n<tr valign=\"middle\">\n<td bgcolor=\"#E9E9E9\"><strong>Variables de eficacia:<\/strong><\/td>\n<td align=\"left\" bgcolor=\"#FFFFFF\">\n<p>&#8211; Accidente cerebrovascular isqu\u00e9mico, definido como los c\u00f3digos 431-438 de la Clasificaci\u00f3n Internacional de Enfermedades [ICD]-8; los c\u00f3digos I61-I68 y G45 de la CIE-10. Estos datos se recogieron del Registro nacional dan\u00e9s de causas de muerte y del Registro nacional dan\u00e9s de pacientes entre 1976 y abril de 2018, y fueron validados de forma independiente por dos cl\u00ednicos. <\/p>\n<p>&#8211; Colesterol remanente, calculado a partir de un perfil lip\u00eddico est\u00e1ndar en ayunas como: Colesterol total &#8211; (colesterol LDL + colesterol HDL).<\/p>\n<\/td>\n<\/tr>\n<tr valign=\"middle\">\n<td bgcolor=\"#E9E9E9\"><strong>M\u00e9todos:<\/strong><\/td>\n<td align=\"left\" bgcolor=\"#FFFFFF\">Los cocientes de riesgos se estimaron mediante modelos de regresi\u00f3n de riesgos proporcionales de Cox. Se realiz\u00f3 un ajuste multivariable por edad, sexo, hipertensi\u00f3n, tratamiento hipolipemiante, tabaquismo y fibrilaci\u00f3n auricular. Los cocientes de riesgos y los intervalos de confianza (IC) se corrigieron para el sesgo de diluci\u00f3n de la regresi\u00f3n utilizando mediciones del colesterol remanente de 4.400 individuos sin tratamiento hipolipemiante con ex\u00e1menes de 1991-1994 y 2001-2003 en el Copenhagen City Heart Study.  <\/td>\n<\/tr>\n<\/tbody>\n<\/table>\n<p style=\"text-align: center;\"><strong>RESULTADOS<\/strong><\/p>\n<div>\n<p>&#8211; Durante el periodo de seguimiento de 14 a\u00f1os, se produjeron 2.488 accidentes cerebrovasculares isqu\u00e9micos verificados.<\/p>\n<p>&#8211; Las concentraciones de colesterol remanente cada vez m\u00e1s elevadas se asociaron con un riesgo de ictus isqu\u00e9mico cada vez mayor. Por cada 1 mmol\/L (39 mg\/dL) m\u00e1s de colesterol remanente se produc\u00eda un aumento del 43% (IC del 95%: 23-67%) del riesgo de ictus isqu\u00e9mico. Se obtuvieron resultados similares en el an\u00e1lisis de validaci\u00f3n con datos del Copenhagen City Heart Study.  <\/p>\n<p>&#8211; En comparaci\u00f3n con los individuos con niveles bajos de colesterol remanente (&lt;0,5 mmol\/L o 19 mg\/dL), un nivel de colesterol remanente \u22651,5 mmol\/L (58 mg\/dL) se asoci\u00f3 con un riesgo 1,99 (IC 95%: 1,49-2,67) mayor de ictus isqu\u00e9mico.<\/p>\n<p>&nbsp;<\/p>\n<table border=\"0\" width=\"100%\" cellspacing=\"1\" cellpadding=\"3\" bgcolor=\"#CCCCCC\">\n<tbody>\n<tr valign=\"middle\">\n<td bgcolor=\"#E9E9E9\"><strong>Conclusi\u00f3n:<\/strong><\/td>\n<td align=\"left\" bgcolor=\"#FFFFFF\">Los individuos con concentraciones elevadas de colesterol remanente ten\u00edan un mayor riesgo de ictus isqu\u00e9mico. Estos resultados indican que son necesarios ensayos cl\u00ednicos aleatorizados sobre la reducci\u00f3n del colesterol remanente en individuos con concentraciones elevadas, con el objetivo de prevenir los ictus isqu\u00e9micos. <\/td>\n<\/tr>\n<\/tbody>\n<\/table>\n<div>\n<p><strong>COMENTARIO<\/strong><\/p>\n<p>Los niveles elevados de colesterol remanente, es decir, el contenido de colesterol de las lipoprote\u00ednas remanentes ricas en triglic\u00e9ridos, se asocian causalmente con un mayor riesgo de cardiopat\u00eda isqu\u00e9mica y mortalidad.1-4 Sin embargo, se ha debatido si los niveles elevados de colesterol remanente tambi\u00e9n se asocian con un mayor riesgo de ictus isqu\u00e9mico.5 Se sabe que las estatinas reducen el riesgo de ictus isqu\u00e9mico, y aunque su efecto predominante es la reducci\u00f3n del colesterol de lipoprote\u00ednas de baja densidad, tambi\u00e9n reducen los triglic\u00e9ridos y el colesterol remanente.6 Por lo tanto, al menos parte del beneficio de las estatinas sobre el ictus isqu\u00e9mico puede estar mediado por la reducci\u00f3n del colesterol remanente.  <\/p>\n<p>Este estudio observacional, en el que participaron m\u00e1s de 100.000 individuos del Estudio de la Poblaci\u00f3n General de Copenhague, demostr\u00f3 que unas concentraciones de colesterol remanente escalonadas m\u00e1s altas se asociaban a un riesgo escalonado m\u00e1s alto de ictus isqu\u00e9mico. Los individuos con niveles de colesterol remanente \u22651,5 mmol\/L (58 mg\/dL) ten\u00edan casi 2 veces m\u00e1s riesgo de ictus isqu\u00e9mico que los que ten\u00edan niveles bajos (&lt;0,5 mmol\/L (19 mg\/dL). Aunque el gran n\u00famero de individuos incluidos en este estudio refuerza la solidez de estos resultados, tambi\u00e9n es importante tener en cuenta la falta de informaci\u00f3n sobre los subtipos de ictus isqu\u00e9mico, as\u00ed como el dise\u00f1o observacional del estudio, que impide sacar conclusiones sobre la causalidad.  <\/p>\n<p>Aun teniendo en cuenta estas advertencias, el mensaje para llevar a casa es que este estudio apoya una asociaci\u00f3n proporcional entre los niveles altos de colesterol remanente y el riesgo de ictus isqu\u00e9mico. Estos resultados auguran la realizaci\u00f3n de grandes ensayos aleatorizados que comprueben si la reducci\u00f3n de los niveles elevados de colesterol remanente se traduce en una reducci\u00f3n del riesgo de ictus isqu\u00e9mico. <\/p>\n<\/div>\n<table border=\"0\" width=\"100%\" cellspacing=\"1\" cellpadding=\"3\" bgcolor=\"#CCCCCC\">\n<tbody>\n<tr>\n<td valign=\"top\" bgcolor=\"#E9E9E9\" width=\"13%\"><strong>Referencias<\/strong><\/td>\n<td valign=\"top\" bgcolor=\"#FFFFFF\" width=\"87%\">\n<p>1. Varbo A, Benn M, Tybj\u00e6rg-Hansen A et al. El colesterol remanente como factor de riesgo causal de cardiopat\u00eda isqu\u00e9mica. J Am Coll Cardiol 2013;61:427-36.  <\/p>\n<p>2. Joshi PH, Khokhar AA, Massaro JM et al. Colesterol de lipoprote\u00ednas remanentes y cardiopat\u00eda coronaria incidente: Los estudios de cohortes Jackson Heart y Framingham Offspring. J Am Heart Assoc 2016;5(5). pii: e002765. doi: 10.1161\/JAHA.115.002765.    <\/p>\n<p>3. Jepsen AM, Langsted A, Varbo A et al. El aumento del colesterol remanente explica parte del riesgo residual de mortalidad por todas las causas en 5414 pacientes con cardiopat\u00eda isqu\u00e9mica. Clin Chem 2016;62:593-604.  <\/p>\n<p>4. Varbo A, Freiberg JJ, Nordestgaard BG. Colesterol remanente e infarto de miocardio en individuos con peso normal, sobrepeso y obesidad del Estudio de la Poblaci\u00f3n General de Copenhague. Clin Chem 2018;64:219-23.  <\/p>\n<p>5. Collins R, Reith C, Emberson J et al. Interpretaci\u00f3n de las pruebas sobre la eficacia y seguridad del tratamiento con estatinas. Lancet 2016;388: 2532-61.  <\/p>\n<p>6. Varbo A, Nordestgaard BG. Lipoprote\u00ednas remanentes. Curr Opin Lipidol 2017;28:300-7.  <\/p>\n<\/td>\n<\/tr>\n<tr>\n<td valign=\"top\" bgcolor=\"#E9E9E9\"><strong>Palabras clave<\/strong><\/td>\n<td valign=\"top\" bgcolor=\"#FFFFFF\">colesterol remanente; ictus isqu\u00e9mico; Estudio de la Poblaci\u00f3n General de Copenhague<\/td>\n<\/tr>\n<\/tbody>\n<\/table>\n<\/div>\n<p>[\/et_pb_text][\/et_pb_column][\/et_pb_row][\/et_pb_section]<\/p>\n","protected":false},"excerpt":{"rendered":"<p>Enfoque &#8211; Colesterol remanente y riesgo de ictus isqu\u00e9mico 19 de julio de 2019 Los niveles elevados de colesterol remanente se asociaron a un mayor riesgo de ictus isqu\u00e9mico, seg\u00fan este informe del Estudio de la Poblaci\u00f3n General de Copenhague. Varbo A, Nordestgaard BG. Colesterol remanente y riesgo de ictus isqu\u00e9mico en 112.512 individuos de [&hellip;]<\/p>\n","protected":false},"author":258497325,"featured_media":0,"parent":0,"menu_order":0,"comment_status":"closed","ping_status":"closed","template":"","meta":{"_et_pb_use_builder":"on","_et_pb_old_content":"","_et_gb_content_width":"","_crdt_document":"","jetpack_post_was_ever_published":true,"footnotes":""},"class_list":["post-252712","page","type-page","status-publish","hentry"],"yoast_head":"<!-- This site is optimized with the Yoast SEO plugin v27.3 - https:\/\/yoast.com\/product\/yoast-seo-wordpress\/ -->\n<title>Enfoque - Colesterol remanente y riesgo de ictus isqu\u00e9mico - R3I<\/title>\n<meta name=\"robots\" content=\"index, follow, max-snippet:-1, max-image-preview:large, max-video-preview:-1\" \/>\n<link rel=\"canonical\" href=\"https:\/\/r3i.org\/es\/enfoque-colesterol-remanente-y-riesgo-de-ictus-isquemico\/\" \/>\n<meta property=\"og:locale\" content=\"es_ES\" \/>\n<meta property=\"og:type\" content=\"article\" \/>\n<meta property=\"og:title\" content=\"Enfoque - Colesterol remanente y riesgo de ictus isqu\u00e9mico - R3I\" \/>\n<meta property=\"og:description\" content=\"Enfoque - Colesterol remanente y riesgo de ictus isqu\u00e9mico 19 de julio de 2019 Los niveles elevados de colesterol remanente se asociaron a un mayor riesgo de ictus isqu\u00e9mico, seg\u00fan este informe del Estudio de la Poblaci\u00f3n General de Copenhague. Varbo A, Nordestgaard BG. Colesterol remanente y riesgo de ictus isqu\u00e9mico en 112.512 individuos de [&hellip;]\" \/>\n<meta property=\"og:url\" content=\"https:\/\/r3i.org\/es\/enfoque-colesterol-remanente-y-riesgo-de-ictus-isquemico\/\" \/>\n<meta property=\"og:site_name\" content=\"R3I\" \/>\n<meta property=\"article:modified_time\" content=\"2025-02-05T20:39:03+00:00\" \/>\n<meta name=\"twitter:card\" content=\"summary_large_image\" \/>\n<meta name=\"twitter:label1\" content=\"Tiempo de lectura\" \/>\n\t<meta name=\"twitter:data1\" content=\"6 minutos\" \/>\n<script type=\"application\/ld+json\" class=\"yoast-schema-graph\">{\"@context\":\"https:\\\/\\\/schema.org\",\"@graph\":[{\"@type\":\"WebPage\",\"@id\":\"https:\\\/\\\/r3i.org\\\/es\\\/enfoque-colesterol-remanente-y-riesgo-de-ictus-isquemico\\\/\",\"url\":\"https:\\\/\\\/r3i.org\\\/es\\\/enfoque-colesterol-remanente-y-riesgo-de-ictus-isquemico\\\/\",\"name\":\"Enfoque - Colesterol remanente y riesgo de ictus isqu\u00e9mico - R3I\",\"isPartOf\":{\"@id\":\"https:\\\/\\\/r3i.org\\\/es\\\/#website\"},\"datePublished\":\"2025-01-25T14:45:15+00:00\",\"dateModified\":\"2025-02-05T20:39:03+00:00\",\"breadcrumb\":{\"@id\":\"https:\\\/\\\/r3i.org\\\/es\\\/enfoque-colesterol-remanente-y-riesgo-de-ictus-isquemico\\\/#breadcrumb\"},\"inLanguage\":\"es\",\"potentialAction\":[{\"@type\":\"ReadAction\",\"target\":[\"https:\\\/\\\/r3i.org\\\/es\\\/enfoque-colesterol-remanente-y-riesgo-de-ictus-isquemico\\\/\"]}]},{\"@type\":\"BreadcrumbList\",\"@id\":\"https:\\\/\\\/r3i.org\\\/es\\\/enfoque-colesterol-remanente-y-riesgo-de-ictus-isquemico\\\/#breadcrumb\",\"itemListElement\":[{\"@type\":\"ListItem\",\"position\":1,\"name\":\"Home\",\"item\":\"https:\\\/\\\/r3i.org\\\/es\\\/\"},{\"@type\":\"ListItem\",\"position\":2,\"name\":\"Enfoque &#8211; Colesterol remanente y riesgo de ictus isqu\u00e9mico\"}]},{\"@type\":\"WebSite\",\"@id\":\"https:\\\/\\\/r3i.org\\\/es\\\/#website\",\"url\":\"https:\\\/\\\/r3i.org\\\/es\\\/\",\"name\":\"R3I\",\"description\":\"Residual Risk Reduction Initiative\",\"publisher\":{\"@id\":\"https:\\\/\\\/r3i.org\\\/es\\\/#organization\"},\"potentialAction\":[{\"@type\":\"SearchAction\",\"target\":{\"@type\":\"EntryPoint\",\"urlTemplate\":\"https:\\\/\\\/r3i.org\\\/es\\\/?s={search_term_string}\"},\"query-input\":{\"@type\":\"PropertyValueSpecification\",\"valueRequired\":true,\"valueName\":\"search_term_string\"}}],\"inLanguage\":\"es\"},{\"@type\":\"Organization\",\"@id\":\"https:\\\/\\\/r3i.org\\\/es\\\/#organization\",\"name\":\"R3I\",\"url\":\"https:\\\/\\\/r3i.org\\\/es\\\/\",\"logo\":{\"@type\":\"ImageObject\",\"inLanguage\":\"es\",\"@id\":\"https:\\\/\\\/r3i.org\\\/es\\\/#\\\/schema\\\/logo\\\/image\\\/\",\"url\":\"https:\\\/\\\/i0.wp.com\\\/r3i.org\\\/wp-content\\\/uploads\\\/2024\\\/11\\\/r3i-logo-transp-1.png?fit=1601%2C834&ssl=1\",\"contentUrl\":\"https:\\\/\\\/i0.wp.com\\\/r3i.org\\\/wp-content\\\/uploads\\\/2024\\\/11\\\/r3i-logo-transp-1.png?fit=1601%2C834&ssl=1\",\"width\":1601,\"height\":834,\"caption\":\"R3I\"},\"image\":{\"@id\":\"https:\\\/\\\/r3i.org\\\/es\\\/#\\\/schema\\\/logo\\\/image\\\/\"}}]}<\/script>\n<!-- \/ Yoast SEO plugin. -->","yoast_head_json":{"title":"Enfoque - Colesterol remanente y riesgo de ictus isqu\u00e9mico - R3I","robots":{"index":"index","follow":"follow","max-snippet":"max-snippet:-1","max-image-preview":"max-image-preview:large","max-video-preview":"max-video-preview:-1"},"canonical":"https:\/\/r3i.org\/es\/enfoque-colesterol-remanente-y-riesgo-de-ictus-isquemico\/","og_locale":"es_ES","og_type":"article","og_title":"Enfoque - Colesterol remanente y riesgo de ictus isqu\u00e9mico - R3I","og_description":"Enfoque - Colesterol remanente y riesgo de ictus isqu\u00e9mico 19 de julio de 2019 Los niveles elevados de colesterol remanente se asociaron a un mayor riesgo de ictus isqu\u00e9mico, seg\u00fan este informe del Estudio de la Poblaci\u00f3n General de Copenhague. Varbo A, Nordestgaard BG. Colesterol remanente y riesgo de ictus isqu\u00e9mico en 112.512 individuos de [&hellip;]","og_url":"https:\/\/r3i.org\/es\/enfoque-colesterol-remanente-y-riesgo-de-ictus-isquemico\/","og_site_name":"R3I","article_modified_time":"2025-02-05T20:39:03+00:00","twitter_card":"summary_large_image","twitter_misc":{"Tiempo de lectura":"6 minutos"},"schema":{"@context":"https:\/\/schema.org","@graph":[{"@type":"WebPage","@id":"https:\/\/r3i.org\/es\/enfoque-colesterol-remanente-y-riesgo-de-ictus-isquemico\/","url":"https:\/\/r3i.org\/es\/enfoque-colesterol-remanente-y-riesgo-de-ictus-isquemico\/","name":"Enfoque - Colesterol remanente y riesgo de ictus isqu\u00e9mico - R3I","isPartOf":{"@id":"https:\/\/r3i.org\/es\/#website"},"datePublished":"2025-01-25T14:45:15+00:00","dateModified":"2025-02-05T20:39:03+00:00","breadcrumb":{"@id":"https:\/\/r3i.org\/es\/enfoque-colesterol-remanente-y-riesgo-de-ictus-isquemico\/#breadcrumb"},"inLanguage":"es","potentialAction":[{"@type":"ReadAction","target":["https:\/\/r3i.org\/es\/enfoque-colesterol-remanente-y-riesgo-de-ictus-isquemico\/"]}]},{"@type":"BreadcrumbList","@id":"https:\/\/r3i.org\/es\/enfoque-colesterol-remanente-y-riesgo-de-ictus-isquemico\/#breadcrumb","itemListElement":[{"@type":"ListItem","position":1,"name":"Home","item":"https:\/\/r3i.org\/es\/"},{"@type":"ListItem","position":2,"name":"Enfoque &#8211; Colesterol remanente y riesgo de ictus isqu\u00e9mico"}]},{"@type":"WebSite","@id":"https:\/\/r3i.org\/es\/#website","url":"https:\/\/r3i.org\/es\/","name":"R3I","description":"Residual Risk Reduction Initiative","publisher":{"@id":"https:\/\/r3i.org\/es\/#organization"},"potentialAction":[{"@type":"SearchAction","target":{"@type":"EntryPoint","urlTemplate":"https:\/\/r3i.org\/es\/?s={search_term_string}"},"query-input":{"@type":"PropertyValueSpecification","valueRequired":true,"valueName":"search_term_string"}}],"inLanguage":"es"},{"@type":"Organization","@id":"https:\/\/r3i.org\/es\/#organization","name":"R3I","url":"https:\/\/r3i.org\/es\/","logo":{"@type":"ImageObject","inLanguage":"es","@id":"https:\/\/r3i.org\/es\/#\/schema\/logo\/image\/","url":"https:\/\/i0.wp.com\/r3i.org\/wp-content\/uploads\/2024\/11\/r3i-logo-transp-1.png?fit=1601%2C834&ssl=1","contentUrl":"https:\/\/i0.wp.com\/r3i.org\/wp-content\/uploads\/2024\/11\/r3i-logo-transp-1.png?fit=1601%2C834&ssl=1","width":1601,"height":834,"caption":"R3I"},"image":{"@id":"https:\/\/r3i.org\/es\/#\/schema\/logo\/image\/"}}]}},"jetpack_likes_enabled":true,"jetpack_sharing_enabled":true,"jetpack_shortlink":"https:\/\/wp.me\/Pgbfv2-13K0","jetpack-related-posts":[],"_links":{"self":[{"href":"https:\/\/r3i.org\/es\/wp-json\/wp\/v2\/pages\/252712","targetHints":{"allow":["GET"]}}],"collection":[{"href":"https:\/\/r3i.org\/es\/wp-json\/wp\/v2\/pages"}],"about":[{"href":"https:\/\/r3i.org\/es\/wp-json\/wp\/v2\/types\/page"}],"author":[{"embeddable":true,"href":"https:\/\/r3i.org\/es\/wp-json\/wp\/v2\/users\/258497325"}],"replies":[{"embeddable":true,"href":"https:\/\/r3i.org\/es\/wp-json\/wp\/v2\/comments?post=252712"}],"version-history":[{"count":2,"href":"https:\/\/r3i.org\/es\/wp-json\/wp\/v2\/pages\/252712\/revisions"}],"predecessor-version":[{"id":252730,"href":"https:\/\/r3i.org\/es\/wp-json\/wp\/v2\/pages\/252712\/revisions\/252730"}],"wp:attachment":[{"href":"https:\/\/r3i.org\/es\/wp-json\/wp\/v2\/media?parent=252712"}],"curies":[{"name":"wp","href":"https:\/\/api.w.org\/{rel}","templated":true}]}}