{"id":252704,"date":"2025-01-21T23:25:49","date_gmt":"2025-01-21T22:25:49","guid":{"rendered":"https:\/\/r3i.org\/focus-estudio-pesa-los-trigliceridos-elevados-se-asocian-a-la-aterosclerosis-subclinica\/"},"modified":"2025-02-18T18:42:10","modified_gmt":"2025-02-18T17:42:10","slug":"focus-estudio-pesa-los-trigliceridos-elevados-se-asocian-a-la-aterosclerosis-subclinica","status":"publish","type":"page","link":"https:\/\/r3i.org\/es\/focus-estudio-pesa-los-trigliceridos-elevados-se-asocian-a-la-aterosclerosis-subclinica\/","title":{"rendered":"Focus &#8211; Estudio PESA: los triglic\u00e9ridos elevados se asocian a la aterosclerosis subcl\u00ednica"},"content":{"rendered":"<p>[et_pb_section fb_built=\u00bb1&#8243; _builder_version=\u00bb4.27.4&#8243; _module_preset=\u00bbdefault\u00bb custom_padding=\u00bb1px|||||\u00bb global_colors_info=\u00bb{}\u00bb][et_pb_row _builder_version=\u00bb4.27.4&#8243; _module_preset=\u00bbdefault\u00bb global_colors_info=\u00bb{}\u00bb][et_pb_column type=\u00bb4_4&#8243; _builder_version=\u00bb4.27.4&#8243; _module_preset=\u00bbdefault\u00bb global_colors_info=\u00bb{}\u00bb][et_pb_text _builder_version=\u00bb4.27.4&#8243; _module_preset=\u00bbdefault\u00bb header_2_text_color=\u00bbgcid-primary-color\u00bb header_5_text_color=\u00bbgcid-secondary-color\u00bb text_orientation=\u00bbcenter\u00bb width=\u00bb99%\u00bb custom_margin=\u00bb|-147px||||\u00bb custom_padding=\u00bb|0px||||\u00bb global_colors_info=\u00bb{%22gcid-primary-color%22:%91%22quote_text_color%22,%22quote_text_color%22,%22quote_text_color%22,%22header_2_text_color%22%93,%22gcid-secondary-color%22:%91%22header_5_text_color%22%93}\u00bb]<\/p>\n<h2 style=\"text-align: center;\">Estudio PESA: triglic\u00e9ridos elevados asociados con la aterosclerosis subcl\u00ednica<\/h2>\n<h5 style=\"text-align: center;\"><span>7 de septiembre de 2021<\/span><\/h5>\n<div class=\"summary\" style=\"text-align: left;\">En este informe de PESA (acr\u00f3nimo en ingl\u00e9s de progresi\u00f3n de la aterosclerosis subcl\u00ednica temprana), los niveles de triglic\u00e9ridos (TG) \u2265150 mg\/dl (\u22651,7 mmol\/l) se vincularon con la aterosclerosis subcl\u00ednica, incluso cuando los niveles de colesterol de lipoprote\u00edna de baja densidad (C-LDL) eran normales.<\/div>\n<div class=\"authors\" style=\"text-align: left;\"><em>Raposeiras-Roubin S, Rossell\u00f3 X, Oliva B et al. Triglycerides and residual atherosclerotic risk. J Am Coll Cardiol 2021;22: 3031 \u2013 41.<\/em><\/div>\n<p><b>RESUMEN DEL ESTUDIO<\/b><\/p>\n<table border=\"0\" width=\"100%\" cellspacing=\"1\" cellpadding=\"3\" bgcolor=\"#CCCCCC\">\n<tbody>\n<tr valign=\"middle\">\n<td bgcolor=\"#E9E9E9\" width=\"17%\"><strong>Objetivo:<\/strong><\/td>\n<td align=\"left\" bgcolor=\"#FFFFFF\" width=\"83%\"><span>Investigar la asociaci\u00f3n entre los niveles de TG s\u00e9ricos y la aterosclerosis temprana y la inflamaci\u00f3n vascular en personas sanas.<\/span><\/td>\n<\/tr>\n<tr valign=\"middle\">\n<td bgcolor=\"#E9E9E9\"><strong>Dise\u00f1o del estudio:<\/strong><\/td>\n<td align=\"left\" bgcolor=\"#FFFFFF\"><span>PESA es un estudio de cohorte observacional, longitudinal y prospectivo para evaluar los determinantes de la aterosclerosis y su progresi\u00f3n.<\/span><\/td>\n<\/tr>\n<tr valign=\"middle\">\n<td valign=\"top\" bgcolor=\"#E9E9E9\"><strong>Poblaci\u00f3n del estudio:<\/strong><\/td>\n<td align=\"left\" bgcolor=\"#FFFFFF\"><span>En este an\u00e1lisis se incluyeron 3754 personas de mediana edad (promedio de edad 45,5 a\u00f1os, 61 % hombres) con riesgo cardiovascular bajo (85 %) a moderado reclutados entre junio de 2010 y febrero de 2014. El promedio del C-LDL era de 133 mg\/dl: 27,8 % de las personas ten\u00eda niveles dentro de los m\u00e1rgenes normales definidos por los lineamientos de &lt;100 y &lt;116 mg\/dl para el riesgo cardiovascular moderado y bajo respectivamente. El promedio de TG s\u00e9ricos era de 92,2 mg\/dl; el 10,5 % ten\u00eda TG \u2265150 mg\/dl.<\/span><\/td>\n<\/tr>\n<tr valign=\"middle\">\n<td bgcolor=\"#E9E9E9\"><strong>Variables principales del estudio:<\/strong><\/td>\n<td align=\"left\" bgcolor=\"#FFFFFF\"><span> TG s\u00e9ricos, estratificados en \u2265150 mg\/dl y &lt;150 mg\/dl (o bien &lt;100 mg\/dl o 100 a 149 mg\/dl).<\/span><br \/><span>\u2022 Presencia de placas ateroscler\u00f3ticas subcl\u00ednicas, evaluadas mediante ecograf\u00eda vascular en dos dimensiones (2D)<\/span><br \/><span>\u2022 Puntuaci\u00f3n de calcio en las arterias coronarias (CACS), determinada mediante tomograf\u00eda computada<\/span><br \/><span>\u2022 Inflamaci\u00f3n vascular, evaluada mediante tomograf\u00eda por emisi\u00f3n de positrones (PET) h\u00edbrida con fluorodesoxiglucosa con fl\u00faor-18 (18F-FDG)<\/span><\/td>\n<\/tr>\n<tr valign=\"middle\">\n<td bgcolor=\"#E9E9E9\"><strong>M\u00e9todos:<\/strong><\/td>\n<td align=\"left\" bgcolor=\"#FFFFFF\"><span>Se utilizaron modelos ajustados de regresi\u00f3n para evaluar la relaci\u00f3n entre los TG y la cantidad de territorios ateroscler\u00f3ticos no coronarios. La asociaci\u00f3n entre TG e inflamaci\u00f3n vascular se evalu\u00f3 mediante regresi\u00f3n log\u00edstica.<\/span><\/td>\n<\/tr>\n<\/tbody>\n<\/table>\n<p style=\"text-align: center;\"><strong>RESULTADOS<\/strong><\/p>\n<p>Se produjo un aumento gradual de la prevalencia de placas ateroscler\u00f3ticas subcl\u00ednicas con un aumento de la categor\u00eda TG (Tabla).<\/p>\n<p><strong>Tabla. Prevalencia de la aterosclerosis subcl\u00ednica (%) por categor\u00eda de TG<\/strong><\/p>\n<table class=\"study-table\">\n<tbody>\n<tr>\n<td width=\"131\">\n<p>&nbsp;<\/p>\n<\/td>\n<td width=\"121\">\n<p><strong>&lt;100 mg\/dl<\/strong><\/p>\n<p><strong>(n\u00a0=\u00a02580)<\/strong><\/p>\n<\/td>\n<td width=\"143\">\n<p><strong>100-149 mg\/dl<\/strong><\/p>\n<p><strong>(n\u00a0=\u00a0781)<\/strong><\/p>\n<\/td>\n<td width=\"143\">\n<p><strong>\u2265150 mg\/dl<\/strong><\/p>\n<p><strong>(n\u00a0=\u00a0393)<\/strong><\/p>\n<\/td>\n<\/tr>\n<tr>\n<td width=\"131\">\n<p>Aterosclerosis subcl\u00ednica (%)<\/p>\n<\/td>\n<td width=\"121\">\n<p>52,5<\/p>\n<\/td>\n<td width=\"143\">\n<p>68,8<\/p>\n<\/td>\n<td width=\"143\">\n<p>73,0<\/p>\n<\/td>\n<\/tr>\n<tr>\n<td width=\"131\">\n<p>\u00a0 1 territorio<\/p>\n<p>\u00a0 2 territorios<\/p>\n<p>\u00a0 \u22653 territorios<\/p>\n<\/td>\n<td width=\"121\">\n<p>47,5<\/p>\n<p>22,9<\/p>\n<p>29,6<\/p>\n<\/td>\n<td width=\"143\">\n<p>31,2<\/p>\n<p>23,8<\/p>\n<p>45,0<\/p>\n<\/td>\n<td width=\"143\">\n<p>27,0<\/p>\n<p>19,8<\/p>\n<p>53,2<\/p>\n<\/td>\n<\/tr>\n<tr>\n<td width=\"131\">\n<p>Aterosclerosis subcl\u00ednica<\/p>\n<p>Odds ratio (IC 95\u00a0%)<\/p>\n<\/td>\n<td width=\"121\">\n<p>Referencia<\/p>\n<\/td>\n<td width=\"143\">\n<p>1,16 (0,98-1,36)<\/p>\n<p>p\u00a0=\u00a00,074<\/p>\n<\/td>\n<td width=\"143\">\n<p>1,35 (1,08-1,68)<\/p>\n<p>p\u00a0=\u00a00,003<\/p>\n<\/td>\n<\/tr>\n<\/tbody>\n<\/table>\n<p>IC intervalo de confianza<\/p>\n<p style=\"text-align: left;\">En comparaci\u00f3n con las personas con TG &lt;100 mg\/dl, aquellas con TG \u2265150 mg\/dl ten\u00edan una prevalencia mayor de aterosclerosis no coronaria (odds ratio 1,35, IC 95\u00a0%: 1,08 a 1,68; p\u00a0= 0,008). Este v\u00ednculo fue evidente independientemente de la concentraci\u00f3n de C-LDL: odds ratio 1,42, IC 95\u00a0%: 1,11 a 1,80 en las personas con C-LDL alto y 1,85, IC 95\u00a0%, 1,08 a 3,18 en aquellas con niveles de C-LDL normales o bajos.<\/p>\n<p style=\"text-align: left;\"><span>Las personas con TG \u2265150 mg\/dl tambi\u00e9n ten\u00edan un riesgo doblemente elevado de captaci\u00f3n arterial de <\/span><sup>18<\/sup><span>F-FDG (odds ratio ajustado 2,09, IC 95\u00a0%, 1,29 a 3,40; p = 0,003) en comparaci\u00f3n con aquellas con TG &lt;100 mg\/dl. No se observ\u00f3 relaci\u00f3n entre los TG y la CACS.<\/span><\/p>\n<table border=\"0\" width=\"100%\" cellspacing=\"1\" cellpadding=\"3\" bgcolor=\"#CCCCCC\">\n<tbody>\n<tr valign=\"middle\">\n<td bgcolor=\"#E9E9E9\"><strong>Conclusiones del autor:<\/strong><\/td>\n<td align=\"left\" bgcolor=\"#FFFFFF\"><span>En las personas con riesgo cardiovascular bajo a moderado, la hipertrigliceridemia se asoci\u00f3 con la aterosclerosis subcl\u00ednica y la inflamaci\u00f3n vascular, incluso en los participantes con niveles de C-LDL normales.<\/span><\/td>\n<\/tr>\n<\/tbody>\n<\/table>\n<div>\n<p><strong>COMENTARIO<\/strong><\/p>\n<p style=\"text-align: left;\">Hay un c\u00famulo de datos que confirma el rol de los TG elevados (un criterio de valoraci\u00f3n indirecto de las lipoprote\u00ednas ricas en triglic\u00e9ridos y su carga de colesterol) en el trayecto causal para la aterosclerosis (1,2). No obstante, contin\u00faa siendo incierto el nivel al cual los TG elevados adquieren trascendencia cl\u00ednica. El estudio actual ten\u00eda el objetivo de brindar apreciaciones sobre esta cuesti\u00f3n mediante la investigaci\u00f3n de la asociaci\u00f3n de los TG con la aterosclerosis subcl\u00ednica y la inflamaci\u00f3n vascular como marcadores tempranos de los episodios cardiovasculares en personas con riesgo moderado a bajo. La cohorte de PESA utilizada en este informe fue apropiada, dado que la mayor\u00eda (85 %) de las personas ten\u00edan un riesgo cardiovascular bajo.<\/p>\n<p style=\"text-align: left;\">Los resultados de este estudio muestran que ya con TG en 100-149 mg\/dl hay indicios del aumento de la prevalencia de la aterosclerosis subcl\u00ednica en esta cohorte con riesgo m\u00e1s bajo. En el caso de las personas con TG \u2265150 mg\/dl, esta asociaci\u00f3n era significativa, tanto para todas las placas ateroscler\u00f3ticas como las placas no coronarias (aumento del 35 % en la prevalencia en comparaci\u00f3n con las personas con TG &lt;100 mg\/dl, p &lt; 0,001). Adem\u00e1s, esta asociaci\u00f3n estaba presente incluso en las personas con niveles de C-LDL \u00abnormales\u00bb, seg\u00fan las metas recomendadas por los lineamientos (3). Los niveles de TG s\u00e9ricos tambi\u00e9n estuvieron vinculados con la inflamaci\u00f3n arterial general y con las placas ateroscler\u00f3ticas inflamadas, precursoras del riesgo cardiovascular. Aunque estos resultados no demuestran causalidad, tienden a apoyar la premisa de que las estrategias terap\u00e9uticas centradas en reducir los niveles de TG, incluso en las personas con riesgo moderado a bajo con niveles de C-LDL normales, puede mejorar la prevenci\u00f3n de la enfermedad cardiovascular.<\/p>\n<p style=\"text-align: left;\">Los resultados de este estudio tambi\u00e9n son pertinentes para las consideraciones relacionadas con la \u00abmeta\u00bb para el tratamiento de disminuci\u00f3n de TG. Actualmente, los lineamientos sobre dislipidemia de la Sociedad Europea de Cardiolog\u00eda\/la Sociedad Europea de Aterosclerosis aconsejan un nivel de TG &lt;150 mg\/dl (&lt;1,7 mmol\/l), pero no recomiendan metas de TG debido a que datos de estudios de resultados cardiovasculares son insuficientes. En el caso de los pacientes con riesgo alto a muy alto con niveles de TG &gt;200 mg\/dl (2,3 mmol\/l), se recomienda el tratamiento con estatinas si la intervenci\u00f3n en el modo de vida es inadecuada (3).<\/p>\n<p style=\"text-align: left;\">En conjunto, estos resultados del estudio PESA tienen importancia para la revisi\u00f3n del nivel en el cual se debe hacer una intervenci\u00f3n terap\u00e9utica que act\u00fae sobre los TG. En el caso de las personas con menor riesgo con TG elevados, esto puede ser \u00fatil para retrasar la progresi\u00f3n de la enfermedad cardiovascular subcl\u00ednica, incluso si los niveles de C-LDL son normales. Adem\u00e1s, entre las personas con riesgo m\u00e1s alto, actuar sobre los TG \u2265150 mg\/dl puede reducir el riesgo residual de episodios cardiovasculares en un contexto de niveles de C-LDL bien controlados. Los resultados del ensayo PROMINENT con pemafibrato proporcionar\u00e1n apreciaciones cr\u00edticas (4).<\/p>\n<\/div>\n<table border=\"0\" width=\"100%\" cellspacing=\"1\" cellpadding=\"3\" bgcolor=\"#CCCCCC\">\n<tbody>\n<tr>\n<td valign=\"top\" bgcolor=\"#E9E9E9\" width=\"13%\"><strong>Referencias<\/strong><\/td>\n<td valign=\"top\" bgcolor=\"#FFFFFF\" width=\"87%\">1. Nordestgaard BG. Triglyceride-rich lipoproteins and atherosclerotic cardiovascular disease: new insights from epidemiology, genetics, and biology. Circ Res 2016;118:547\u201363.<br \/>2. Sandesara PB, Virani SS, Fazio S, Shapiro MD. The forgotten lipids: triglycerides, remnant cholesterol, and atherosclerotic cardiovascular disease risk. Endocr Rev 2019;40:537-57.<br \/>3. Mach F, Baigent C, Catapano AL, et al. 2019 ESC\/EAS Guidelines for the management of dyslipidaemias: lipid modification to reduce cardiovascular risk. Eur Heart J 2020;41:111-88.<br \/>4. Pradhan AD, Paynter NP, Everett BM, et al. Rationale and design of the Pemafibrate to Reduce Cardiovascular Outcomes by Reducing Triglycerides in Patients with Diabetes (PROMINENT) study. Am Heart J 2018;206:80-93.<\/td>\n<\/tr>\n<tr>\n<td valign=\"top\" bgcolor=\"#E9E9E9\"><strong>Palabras claves<\/strong><\/td>\n<td valign=\"top\" bgcolor=\"#FFFFFF\">colesterol remanente; ensayo directo; riesgo cardiovascular; PROMINENT<\/td>\n<\/tr>\n<\/tbody>\n<\/table>\n<p>[\/et_pb_text][\/et_pb_column][\/et_pb_row][\/et_pb_section]<\/p>\n","protected":false},"excerpt":{"rendered":"<p>Estudio PESA: triglic\u00e9ridos elevados asociados con la aterosclerosis subcl\u00ednica 7 de septiembre de 2021 En este informe de PESA (acr\u00f3nimo en ingl\u00e9s de progresi\u00f3n de la aterosclerosis subcl\u00ednica temprana), los niveles de triglic\u00e9ridos (TG) \u2265150 mg\/dl (\u22651,7 mmol\/l) se vincularon con la aterosclerosis subcl\u00ednica, incluso cuando los niveles de colesterol de lipoprote\u00edna de baja densidad [&hellip;]<\/p>\n","protected":false},"author":258497325,"featured_media":0,"parent":0,"menu_order":0,"comment_status":"closed","ping_status":"closed","template":"","meta":{"_et_pb_use_builder":"on","_et_pb_old_content":"","_et_gb_content_width":"","_crdt_document":"","footnotes":""},"class_list":["post-252704","page","type-page","status-publish","hentry"],"yoast_head":"<!-- This site is optimized with the Yoast SEO plugin v27.5 - https:\/\/yoast.com\/product\/yoast-seo-wordpress\/ -->\n<title>Focus - Estudio PESA: los triglic\u00e9ridos elevados se asocian a la aterosclerosis subcl\u00ednica - R3I<\/title>\n<meta name=\"robots\" content=\"index, follow, max-snippet:-1, max-image-preview:large, max-video-preview:-1\" \/>\n<link rel=\"canonical\" href=\"https:\/\/r3i.org\/es\/focus-estudio-pesa-los-trigliceridos-elevados-se-asocian-a-la-aterosclerosis-subclinica\/\" \/>\n<meta property=\"og:locale\" content=\"es_ES\" \/>\n<meta property=\"og:type\" content=\"article\" \/>\n<meta property=\"og:title\" content=\"Focus - Estudio PESA: los triglic\u00e9ridos elevados se asocian a la aterosclerosis subcl\u00ednica - R3I\" \/>\n<meta property=\"og:description\" content=\"Estudio PESA: triglic\u00e9ridos elevados asociados con la aterosclerosis subcl\u00ednica 7 de septiembre de 2021 En este informe de PESA (acr\u00f3nimo en ingl\u00e9s de progresi\u00f3n de la aterosclerosis subcl\u00ednica temprana), los niveles de triglic\u00e9ridos (TG) \u2265150 mg\/dl (\u22651,7 mmol\/l) se vincularon con la aterosclerosis subcl\u00ednica, incluso cuando los niveles de colesterol de lipoprote\u00edna de baja densidad [&hellip;]\" \/>\n<meta property=\"og:url\" content=\"https:\/\/r3i.org\/es\/focus-estudio-pesa-los-trigliceridos-elevados-se-asocian-a-la-aterosclerosis-subclinica\/\" \/>\n<meta property=\"og:site_name\" content=\"R3I\" \/>\n<meta property=\"article:modified_time\" content=\"2025-02-18T17:42:10+00:00\" \/>\n<meta name=\"twitter:card\" content=\"summary_large_image\" \/>\n<meta name=\"twitter:label1\" content=\"Tiempo de lectura\" \/>\n\t<meta name=\"twitter:data1\" content=\"6 minutos\" \/>\n<script type=\"application\/ld+json\" class=\"yoast-schema-graph\">{\"@context\":\"https:\\\/\\\/schema.org\",\"@graph\":[{\"@type\":\"WebPage\",\"@id\":\"https:\\\/\\\/r3i.org\\\/es\\\/focus-estudio-pesa-los-trigliceridos-elevados-se-asocian-a-la-aterosclerosis-subclinica\\\/\",\"url\":\"https:\\\/\\\/r3i.org\\\/es\\\/focus-estudio-pesa-los-trigliceridos-elevados-se-asocian-a-la-aterosclerosis-subclinica\\\/\",\"name\":\"Focus - Estudio PESA: los triglic\u00e9ridos elevados se asocian a la aterosclerosis subcl\u00ednica - R3I\",\"isPartOf\":{\"@id\":\"https:\\\/\\\/r3i.org\\\/es\\\/#website\"},\"datePublished\":\"2025-01-21T22:25:49+00:00\",\"dateModified\":\"2025-02-18T17:42:10+00:00\",\"breadcrumb\":{\"@id\":\"https:\\\/\\\/r3i.org\\\/es\\\/focus-estudio-pesa-los-trigliceridos-elevados-se-asocian-a-la-aterosclerosis-subclinica\\\/#breadcrumb\"},\"inLanguage\":\"es\",\"potentialAction\":[{\"@type\":\"ReadAction\",\"target\":[\"https:\\\/\\\/r3i.org\\\/es\\\/focus-estudio-pesa-los-trigliceridos-elevados-se-asocian-a-la-aterosclerosis-subclinica\\\/\"]}]},{\"@type\":\"BreadcrumbList\",\"@id\":\"https:\\\/\\\/r3i.org\\\/es\\\/focus-estudio-pesa-los-trigliceridos-elevados-se-asocian-a-la-aterosclerosis-subclinica\\\/#breadcrumb\",\"itemListElement\":[{\"@type\":\"ListItem\",\"position\":1,\"name\":\"Home\",\"item\":\"https:\\\/\\\/r3i.org\\\/es\\\/\"},{\"@type\":\"ListItem\",\"position\":2,\"name\":\"Focus &#8211; Estudio PESA: los triglic\u00e9ridos elevados se asocian a la aterosclerosis subcl\u00ednica\"}]},{\"@type\":\"WebSite\",\"@id\":\"https:\\\/\\\/r3i.org\\\/es\\\/#website\",\"url\":\"https:\\\/\\\/r3i.org\\\/es\\\/\",\"name\":\"R3I\",\"description\":\"Residual Risk Reduction Initiative\",\"publisher\":{\"@id\":\"https:\\\/\\\/r3i.org\\\/es\\\/#organization\"},\"potentialAction\":[{\"@type\":\"SearchAction\",\"target\":{\"@type\":\"EntryPoint\",\"urlTemplate\":\"https:\\\/\\\/r3i.org\\\/es\\\/?s={search_term_string}\"},\"query-input\":{\"@type\":\"PropertyValueSpecification\",\"valueRequired\":true,\"valueName\":\"search_term_string\"}}],\"inLanguage\":\"es\"},{\"@type\":\"Organization\",\"@id\":\"https:\\\/\\\/r3i.org\\\/es\\\/#organization\",\"name\":\"R3I\",\"url\":\"https:\\\/\\\/r3i.org\\\/es\\\/\",\"logo\":{\"@type\":\"ImageObject\",\"inLanguage\":\"es\",\"@id\":\"https:\\\/\\\/r3i.org\\\/es\\\/#\\\/schema\\\/logo\\\/image\\\/\",\"url\":\"https:\\\/\\\/i0.wp.com\\\/r3i.org\\\/wp-content\\\/uploads\\\/2024\\\/11\\\/r3i-logo-transp-1.png?fit=1601%2C834&ssl=1\",\"contentUrl\":\"https:\\\/\\\/i0.wp.com\\\/r3i.org\\\/wp-content\\\/uploads\\\/2024\\\/11\\\/r3i-logo-transp-1.png?fit=1601%2C834&ssl=1\",\"width\":1601,\"height\":834,\"caption\":\"R3I\"},\"image\":{\"@id\":\"https:\\\/\\\/r3i.org\\\/es\\\/#\\\/schema\\\/logo\\\/image\\\/\"}}]}<\/script>\n<!-- \/ Yoast SEO plugin. -->","yoast_head_json":{"title":"Focus - Estudio PESA: los triglic\u00e9ridos elevados se asocian a la aterosclerosis subcl\u00ednica - R3I","robots":{"index":"index","follow":"follow","max-snippet":"max-snippet:-1","max-image-preview":"max-image-preview:large","max-video-preview":"max-video-preview:-1"},"canonical":"https:\/\/r3i.org\/es\/focus-estudio-pesa-los-trigliceridos-elevados-se-asocian-a-la-aterosclerosis-subclinica\/","og_locale":"es_ES","og_type":"article","og_title":"Focus - Estudio PESA: los triglic\u00e9ridos elevados se asocian a la aterosclerosis subcl\u00ednica - R3I","og_description":"Estudio PESA: triglic\u00e9ridos elevados asociados con la aterosclerosis subcl\u00ednica 7 de septiembre de 2021 En este informe de PESA (acr\u00f3nimo en ingl\u00e9s de progresi\u00f3n de la aterosclerosis subcl\u00ednica temprana), los niveles de triglic\u00e9ridos (TG) \u2265150 mg\/dl (\u22651,7 mmol\/l) se vincularon con la aterosclerosis subcl\u00ednica, incluso cuando los niveles de colesterol de lipoprote\u00edna de baja densidad [&hellip;]","og_url":"https:\/\/r3i.org\/es\/focus-estudio-pesa-los-trigliceridos-elevados-se-asocian-a-la-aterosclerosis-subclinica\/","og_site_name":"R3I","article_modified_time":"2025-02-18T17:42:10+00:00","twitter_card":"summary_large_image","twitter_misc":{"Tiempo de lectura":"6 minutos"},"schema":{"@context":"https:\/\/schema.org","@graph":[{"@type":"WebPage","@id":"https:\/\/r3i.org\/es\/focus-estudio-pesa-los-trigliceridos-elevados-se-asocian-a-la-aterosclerosis-subclinica\/","url":"https:\/\/r3i.org\/es\/focus-estudio-pesa-los-trigliceridos-elevados-se-asocian-a-la-aterosclerosis-subclinica\/","name":"Focus - Estudio PESA: los triglic\u00e9ridos elevados se asocian a la aterosclerosis subcl\u00ednica - R3I","isPartOf":{"@id":"https:\/\/r3i.org\/es\/#website"},"datePublished":"2025-01-21T22:25:49+00:00","dateModified":"2025-02-18T17:42:10+00:00","breadcrumb":{"@id":"https:\/\/r3i.org\/es\/focus-estudio-pesa-los-trigliceridos-elevados-se-asocian-a-la-aterosclerosis-subclinica\/#breadcrumb"},"inLanguage":"es","potentialAction":[{"@type":"ReadAction","target":["https:\/\/r3i.org\/es\/focus-estudio-pesa-los-trigliceridos-elevados-se-asocian-a-la-aterosclerosis-subclinica\/"]}]},{"@type":"BreadcrumbList","@id":"https:\/\/r3i.org\/es\/focus-estudio-pesa-los-trigliceridos-elevados-se-asocian-a-la-aterosclerosis-subclinica\/#breadcrumb","itemListElement":[{"@type":"ListItem","position":1,"name":"Home","item":"https:\/\/r3i.org\/es\/"},{"@type":"ListItem","position":2,"name":"Focus &#8211; Estudio PESA: los triglic\u00e9ridos elevados se asocian a la aterosclerosis subcl\u00ednica"}]},{"@type":"WebSite","@id":"https:\/\/r3i.org\/es\/#website","url":"https:\/\/r3i.org\/es\/","name":"R3I","description":"Residual Risk Reduction Initiative","publisher":{"@id":"https:\/\/r3i.org\/es\/#organization"},"potentialAction":[{"@type":"SearchAction","target":{"@type":"EntryPoint","urlTemplate":"https:\/\/r3i.org\/es\/?s={search_term_string}"},"query-input":{"@type":"PropertyValueSpecification","valueRequired":true,"valueName":"search_term_string"}}],"inLanguage":"es"},{"@type":"Organization","@id":"https:\/\/r3i.org\/es\/#organization","name":"R3I","url":"https:\/\/r3i.org\/es\/","logo":{"@type":"ImageObject","inLanguage":"es","@id":"https:\/\/r3i.org\/es\/#\/schema\/logo\/image\/","url":"https:\/\/i0.wp.com\/r3i.org\/wp-content\/uploads\/2024\/11\/r3i-logo-transp-1.png?fit=1601%2C834&ssl=1","contentUrl":"https:\/\/i0.wp.com\/r3i.org\/wp-content\/uploads\/2024\/11\/r3i-logo-transp-1.png?fit=1601%2C834&ssl=1","width":1601,"height":834,"caption":"R3I"},"image":{"@id":"https:\/\/r3i.org\/es\/#\/schema\/logo\/image\/"}}]}},"jetpack_likes_enabled":true,"jetpack_sharing_enabled":true,"jetpack_shortlink":"https:\/\/wp.me\/Pgbfv2-13JS","jetpack-related-posts":[],"_links":{"self":[{"href":"https:\/\/r3i.org\/es\/wp-json\/wp\/v2\/pages\/252704","targetHints":{"allow":["GET"]}}],"collection":[{"href":"https:\/\/r3i.org\/es\/wp-json\/wp\/v2\/pages"}],"about":[{"href":"https:\/\/r3i.org\/es\/wp-json\/wp\/v2\/types\/page"}],"author":[{"embeddable":true,"href":"https:\/\/r3i.org\/es\/wp-json\/wp\/v2\/users\/258497325"}],"replies":[{"embeddable":true,"href":"https:\/\/r3i.org\/es\/wp-json\/wp\/v2\/comments?post=252704"}],"version-history":[{"count":4,"href":"https:\/\/r3i.org\/es\/wp-json\/wp\/v2\/pages\/252704\/revisions"}],"predecessor-version":[{"id":254858,"href":"https:\/\/r3i.org\/es\/wp-json\/wp\/v2\/pages\/252704\/revisions\/254858"}],"wp:attachment":[{"href":"https:\/\/r3i.org\/es\/wp-json\/wp\/v2\/media?parent=252704"}],"curies":[{"name":"wp","href":"https:\/\/api.w.org\/{rel}","templated":true}]}}