{"id":252695,"date":"2025-01-25T16:07:18","date_gmt":"2025-01-25T15:07:18","guid":{"rendered":"https:\/\/r3i.org\/enfoque-mas-pruebas-que-relacionan-los-restos-con-las-enfermedades-cardiovasculares\/"},"modified":"2025-02-05T21:40:40","modified_gmt":"2025-02-05T20:40:40","slug":"enfoque-mas-pruebas-que-relacionan-los-restos-con-las-enfermedades-cardiovasculares","status":"publish","type":"page","link":"https:\/\/r3i.org\/es\/enfoque-mas-pruebas-que-relacionan-los-restos-con-las-enfermedades-cardiovasculares\/","title":{"rendered":"Enfoque &#8211; M\u00e1s pruebas que relacionan los restos con las enfermedades cardiovasculares"},"content":{"rendered":"<p>[et_pb_section fb_built=\u00bb1&#8243; _builder_version=\u00bb4.27.4&#8243; _module_preset=\u00bbdefault\u00bb custom_padding=\u00bb1px|||||\u00bb global_colors_info=\u00bb{}\u00bb][et_pb_row _builder_version=\u00bb4.27.4&#8243; _module_preset=\u00bbdefault\u00bb global_colors_info=\u00bb{}\u00bb][et_pb_column type=\u00bb4_4&#8243; _builder_version=\u00bb4.27.4&#8243; _module_preset=\u00bbdefault\u00bb global_colors_info=\u00bb{}\u00bb][et_pb_text _builder_version=\u00bb4.27.4&#8243; _module_preset=\u00bbdefault\u00bb header_2_text_color=\u00bbgcid-primary-color\u00bb header_5_text_color=\u00bbgcid-secondary-color\u00bb text_orientation=\u00bbcenter\u00bb width=\u00bb99%\u00bb custom_margin=\u00bb|-147px||||\u00bb custom_padding=\u00bb|0px||||\u00bb hover_enabled=\u00bb0&#8243; global_colors_info=\u00bb{%22gcid-primary-color%22:%91%22quote_text_color%22,%22quote_text_color%22,%22quote_text_color%22,%22header_2_text_color%22%93,%22gcid-secondary-color%22:%91%22header_5_text_color%22%93}\u00bb sticky_enabled=\u00bb0&#8243;]<\/p>\n<h2>Enfoque &#8211; <span>M\u00e1s pruebas que relacionan los restos con las enfermedades cardiovasculares<\/span><\/h2>\n<h5><span>6 de noviembre de 2018<\/span><\/h5>\n<p><span>Los resultados del estudio ARIC (Atherosclerosis Risk in Communities) muestran que tanto los niveles de colesterol de lipoprote\u00ednas remanentes (RLP-C) como los de triglic\u00e9ridos de lipoprote\u00ednas de baja densidad (LDL-TG) eran predictivos de la enfermedad cardiovascular y estaban asociados a las variantes APOE.<\/span><\/p>\n<p><span>Saeed A, Feofanova EV, Yu B et al. Colesterol de part\u00edculas remanentes, triglic\u00e9ridos de lipoprote\u00ednas de baja densidad y enfermedad cardiovascular incidente. J Am Coll Cardiol 2018;72:156-69.  <\/span><\/p>\n<p><b>RESUMEN DEL ESTUDIO<\/b><\/p>\n<table border=\"0\" width=\"100%\" cellspacing=\"1\" cellpadding=\"3\" bgcolor=\"#CCCCCC\">\n<tbody>\n<tr valign=\"middle\">\n<td bgcolor=\"#E9E9E9\" width=\"17%\"><strong>Objetivo:<\/strong><\/td>\n<td align=\"left\" bgcolor=\"#FFFFFF\" width=\"83%\">Investigar las asociaciones de RLP-C y LDL-TG con eventos de enfermedad cardiovascular (ECV) incidentes y variantes gen\u00e9ticas en el estudio ARIC (Atherosclerosis Risk In Communities).<\/td>\n<\/tr>\n<tr valign=\"middle\">\n<td bgcolor=\"#E9E9E9\"><strong>Dise\u00f1o del estudio:<\/strong><\/td>\n<td align=\"left\" bgcolor=\"#FFFFFF\">El ARIC es un estudio observacional prospectivo de adultos de mediana edad en EEUU.<\/td>\n<\/tr>\n<tr valign=\"middle\">\n<td valign=\"top\" bgcolor=\"#E9E9E9\"><strong>Poblaci\u00f3n del estudio:<\/strong><\/td>\n<td align=\"left\" bgcolor=\"#FFFFFF\">9.334 hombres y mujeres sin ECV prevalente al inicio del estudio.<\/td>\n<\/tr>\n<tr valign=\"middle\">\n<td bgcolor=\"#E9E9E9\"><strong>Variables de eficacia:<\/strong><\/td>\n<td align=\"left\" bgcolor=\"#FFFFFF\">\n<p>&#8211; Eventos de ECV incidentes, un criterio de valoraci\u00f3n compuesto de eventos de enfermedad coronaria (EC) e ictus isqu\u00e9mico durante un periodo de seguimiento de 16 a\u00f1os.<\/p>\n<p>&#8211; Niveles de RLP-C y LDL-TG<\/p>\n<\/td>\n<\/tr>\n<tr valign=\"middle\">\n<td bgcolor=\"#E9E9E9\"><strong>M\u00e9todos:<\/strong><\/td>\n<td align=\"left\" bgcolor=\"#FFFFFF\">\n<p>LDL-TG y RLP-C se modelaron como variables continuas y categ\u00f3ricas. Las asociaciones con los resultados de ECV se determinaron mediante el modelo de riesgos proporcionales de Cox, tras ajustar por edad, sexo y raza (Modelo 1), m\u00e1s colesterol total, colesterol de lipoprote\u00ednas de alta densidad, presi\u00f3n arterial sist\u00f3lica, uso de medicaci\u00f3n antihipertensiva, tabaquismo actual y estado diab\u00e9tico (Modelo 2), y Modelo 2 m\u00e1s triglic\u00e9ridos logar\u00edtmicos (Modelo 3). Se calcularon las curvas de supervivencia de Kaplan-Meier para los resultados de ECV seg\u00fan los cuartiles de RLP-C y LDL-TG. Para el RLP-C se definieron como 0,4-3,1 (cuartil 1), 3,2-5,9 (cuartil 2), 6,0-12,2 (cuartil 3) y 12,3-259,1 (cuartil 4) mg\/dL, y para el LDL-TG se definieron como 0,7-17,0 (cuartil 1), 17,1-22,6 (cuartil 2), 22,7-29,6 (cuartil 3) y 29,7-104,0 (cuartil 4) mg\/dL.       <\/p>\n<p>Se investigaron las asociaciones entre los niveles de LDL-TG y RLP-C y las variantes gen\u00e9ticas en LPL, LIPC, LIPG, APOC3, APOA5, ANGPTL3, ANGPTL4 y APOE mediante secuenciaci\u00f3n del exoma completo utilizando an\u00e1lisis de variante \u00fanica para las variantes comunes y pruebas de carga basadas en genes para las variantes raras.<\/p>\n<\/td>\n<\/tr>\n<\/tbody>\n<\/table>\n<p style=\"text-align: center;\"><strong>RESULTADOS<\/strong><\/p>\n<div><\/div>\n<div>\n<p>Tanto el RLP-C como el LDL-TG se asociaron con el riesgo de ECV; sin embargo, en los modelos ajustados a los factores de riesgo tradicionales, incluidos los l\u00edpidos, s\u00f3lo el LDL-TG se asoci\u00f3 con la EC y el ictus incidentes<strong>(Tabla 1)<\/strong>.<\/p>\n<p>En los an\u00e1lisis gen\u00e9ticos, una variante com\u00fan<span> <\/span><em>APOE<\/em><span> <\/span>, rs7412, ten\u00eda la asociaci\u00f3n m\u00e1s fuerte con LDL-TG y RLP-C.<\/p>\n<p>&nbsp;<\/p>\n<p><strong>Tabla 1. Asociaci\u00f3n de RLP-C y LDL-TG con los resultados de ECV (modelados como variables continuas)<\/strong><\/p>\n<table class=\"study-table\">\n<tbody>\n<tr>\n<td width=\"107\">\n<p><strong>Resultado<\/strong><\/p>\n<\/td>\n<td width=\"73\">\n<p><strong>Modelo<\/strong><\/p>\n<\/td>\n<td width=\"167\">\n<p><strong>Raz\u00f3n de riesgo (intervalo de confianza del 95%)<\/strong><\/p>\n<\/td>\n<td width=\"83\">\n<p><strong>Valor p<\/strong><\/p>\n<\/td>\n<\/tr>\n<tr>\n<td width=\"107\">\n<p><strong>RLP-C<\/strong><\/p>\n<\/td>\n<td width=\"73\">\n<p>&nbsp;<\/p>\n<\/td>\n<td width=\"167\">\n<p>&nbsp;<\/p>\n<\/td>\n<td width=\"83\">\n<p>&nbsp;<\/p>\n<\/td>\n<\/tr>\n<tr>\n<td width=\"107\">\n<p>CHD<\/p>\n<\/td>\n<td width=\"73\">\n<p>Modelo 1<\/p>\n<\/td>\n<td width=\"167\">\n<p>1.26 (1.19-1.34)<\/p>\n<\/td>\n<td width=\"83\">\n<p>&lt;0.001<\/p>\n<\/td>\n<\/tr>\n<tr>\n<td width=\"107\">\n<p>&nbsp;<\/p>\n<\/td>\n<td width=\"73\">\n<p>Modelo 2<\/p>\n<\/td>\n<td width=\"167\">\n<p>0.99 (0.92-1.06)<\/p>\n<\/td>\n<td width=\"83\">\n<p>0.73<\/p>\n<\/td>\n<\/tr>\n<tr>\n<td width=\"107\">\n<p>&nbsp;<\/p>\n<\/td>\n<td width=\"73\">\n<p>Modelo 3<\/p>\n<\/td>\n<td width=\"167\">\n<p>0.85 (0.76-0.96)<\/p>\n<\/td>\n<td width=\"83\">\n<p>0.008<\/p>\n<\/td>\n<\/tr>\n<tr>\n<td width=\"107\">\n<p>Ictus isqu\u00e9mico<\/p>\n<\/td>\n<td width=\"73\">\n<p>Modelo 1<\/p>\n<\/td>\n<td width=\"167\">\n<p>1.18 (1.07-1.30)<\/p>\n<\/td>\n<td width=\"83\">\n<p>0.001<\/p>\n<\/td>\n<\/tr>\n<tr>\n<td width=\"107\">\n<p>&nbsp;<\/p>\n<\/td>\n<td width=\"73\">\n<p>Modelo 2<\/p>\n<\/td>\n<td width=\"167\">\n<p>1.05 (0.93-1.18)<\/p>\n<\/td>\n<td width=\"83\">\n<p>0.46<\/p>\n<\/td>\n<\/tr>\n<tr>\n<td width=\"107\">\n<p>&nbsp;<\/p>\n<\/td>\n<td width=\"73\">\n<p>Modelo 3<\/p>\n<\/td>\n<td width=\"167\">\n<p>0.82 (0.68-1.01)<\/p>\n<\/td>\n<td width=\"83\">\n<p>0.058<\/p>\n<\/td>\n<\/tr>\n<tr>\n<td width=\"107\">\n<p>CVD<\/p>\n<\/td>\n<td width=\"73\">\n<p>Modelo 1<\/p>\n<\/td>\n<td width=\"167\">\n<p>1.25 (1.19-1.32)<\/p>\n<\/td>\n<td width=\"83\">\n<p>&lt;0.001<\/p>\n<\/td>\n<\/tr>\n<tr>\n<td width=\"107\">\n<p>&nbsp;<\/p>\n<\/td>\n<td width=\"73\">\n<p>Modelo 2<\/p>\n<\/td>\n<td width=\"167\">\n<p>1.00 (0.94-1.06)<\/p>\n<\/td>\n<td width=\"83\">\n<p>0.97<\/p>\n<\/td>\n<\/tr>\n<tr>\n<td width=\"107\">\n<p>&nbsp;<\/p>\n<\/td>\n<td width=\"73\">\n<p>Modelo 3<\/p>\n<\/td>\n<td width=\"167\">\n<p>0.84 (0.76-0.93)<\/p>\n<\/td>\n<td width=\"83\">\n<p>0.001<\/p>\n<\/td>\n<\/tr>\n<tr>\n<td width=\"107\">\n<p><strong>LDL-TG<\/strong><\/p>\n<\/td>\n<td width=\"73\">\n<p>&nbsp;<\/p>\n<\/td>\n<td width=\"167\">\n<p>&nbsp;<\/p>\n<\/td>\n<td width=\"83\">\n<p>&nbsp;<\/p>\n<\/td>\n<\/tr>\n<tr>\n<td width=\"107\">\n<p>CHD<\/p>\n<\/td>\n<td width=\"73\">\n<p>Modelo 1<\/p>\n<\/td>\n<td width=\"167\">\n<p>1.97 (1.73-2.24)<\/p>\n<\/td>\n<td width=\"83\">\n<p>&lt;0.001<\/p>\n<\/td>\n<\/tr>\n<tr>\n<td width=\"107\">\n<p>&nbsp;<\/p>\n<\/td>\n<td width=\"73\">\n<p>Modelo 2<\/p>\n<\/td>\n<td width=\"167\">\n<p>1.28 (1.10-1.50)<\/p>\n<\/td>\n<td width=\"83\">\n<p>0.002<\/p>\n<\/td>\n<\/tr>\n<tr>\n<td width=\"107\">\n<p>&nbsp;<\/p>\n<\/td>\n<td width=\"73\">\n<p>Modelo 3<\/p>\n<\/td>\n<td width=\"167\">\n<p>1.27 (1.07-1.50)<\/p>\n<\/td>\n<td width=\"83\">\n<p>0.006<\/p>\n<\/td>\n<\/tr>\n<tr>\n<td width=\"107\">\n<p>Ictus isqu\u00e9mico<\/p>\n<\/td>\n<td width=\"73\">\n<p>Modelo 1<\/p>\n<\/td>\n<td width=\"167\">\n<p>1.64 (1.32-2.04)<\/p>\n<\/td>\n<td width=\"83\">\n<p>&lt;0.001<\/p>\n<\/td>\n<\/tr>\n<tr>\n<td width=\"107\">\n<p>&nbsp;<\/p>\n<\/td>\n<td width=\"73\">\n<p>Modelo 2<\/p>\n<\/td>\n<td width=\"167\">\n<p>1.47 (1.13-1.92)<\/p>\n<\/td>\n<td width=\"83\">\n<p>0.005<\/p>\n<\/td>\n<\/tr>\n<tr>\n<td width=\"107\">\n<p>&nbsp;<\/p>\n<\/td>\n<td width=\"73\">\n<p>Modelo 3<\/p>\n<\/td>\n<td width=\"167\">\n<p>1.36 (1.01-1.82)<\/p>\n<\/td>\n<td width=\"83\">\n<p>0.040<\/p>\n<\/td>\n<\/tr>\n<tr>\n<td width=\"107\">\n<p>CVD<\/p>\n<\/td>\n<td width=\"73\">\n<p>Modelo 1<\/p>\n<\/td>\n<td width=\"167\">\n<p>1.94 (1.73-2.17<\/p>\n<\/td>\n<td width=\"83\">\n<p>&lt;0.001<\/p>\n<\/td>\n<\/tr>\n<tr>\n<td width=\"107\">\n<p>&nbsp;<\/p>\n<\/td>\n<td width=\"73\">\n<p>Modelo 2<\/p>\n<\/td>\n<td width=\"167\">\n<p>1.35 (1.17-1.55)<\/p>\n<\/td>\n<td width=\"83\">\n<p>&lt;0.001<\/p>\n<\/td>\n<\/tr>\n<tr>\n<td width=\"107\">\n<p>&nbsp;<\/p>\n<\/td>\n<td width=\"73\">\n<p>Modelo 3<\/p>\n<\/td>\n<td width=\"167\">\n<p>1.31 (1.13-1.53)<\/p>\n<\/td>\n<td width=\"83\">\n<p>&lt;0.001<\/p>\n<\/td>\n<\/tr>\n<\/tbody>\n<\/table>\n<div>\n<p><strong><\/strong><\/p>\n<table border=\"0\" width=\"100%\" cellspacing=\"1\" cellpadding=\"3\" bgcolor=\"#CCCCCC\">\n<tbody>\n<tr valign=\"middle\">\n<td bgcolor=\"#E9E9E9\"><strong>Conclusi\u00f3n de los autores:<\/strong><\/td>\n<td align=\"left\" bgcolor=\"#FFFFFF\">Los niveles de RLP-C y LDL-TG eran predictivos de ECV y estaban asociados a las variantes APOE. La LDL-TG puede representar un marcador del metabolismo disfuncional de las lipoprote\u00ednas remanentes asociado a un mayor riesgo de ECV. Es necesario seguir investigando para determinar si la LDL-TG desempe\u00f1a un papel causal en la ECV y puede ser un objetivo terap\u00e9utico.  <\/td>\n<\/tr>\n<\/tbody>\n<\/table>\n<div>\n<p><strong>COMENTARIO<\/strong><\/p>\n<p>La asociaci\u00f3n de los TG con el riesgo cardiovascular est\u00e1 reconocida desde hace mucho tiempo.1,2 Sin embargo, los TG no son m\u00e1s que sustitutos de las lipoprote\u00ednas ricas en TG y de sus remanentes.3,4 Y ahora hay pruebas s\u00f3lidas, aportadas en gran medida por estudios gen\u00e9ticos, de que estas part\u00edculas intermedias y residuales del metabolismo de los TG, sobre todo las lipoprote\u00ednas remanentes, est\u00e1n asociadas con el riesgo cardiovascular.5-7 Sin embargo, unos TG elevados tambi\u00e9n pueden dar lugar a un enriquecimiento en TG de las LDL, como resultado de la transferencia de TG de los quilomicrones y las lipoprote\u00ednas de muy baja densidad (VLDL) a las LDL, mediada por la prote\u00edna de transferencia de \u00e9steres de colesterol, a cambio de \u00e9steres de colesterol de las LDL. Hasta ahora no se hab\u00eda estudiado si un n\u00famero elevado de LDL enriquecidas en TG se asociaba tambi\u00e9n a un mayor riesgo cardiovascular. <\/p>\n<p>Los resultados de este an\u00e1lisis del estudio ARIC sugieren que \u00e9ste es el caso, mostrando una asociaci\u00f3n entre los niveles de LDL-TG y el riesgo cardiovascular Adem\u00e1s, los datos del estudio indican diferencias en la asociaci\u00f3n de RLP-C o LDL-TG con el riesgo de futuros acontecimientos cardiovasculares. Mientras que ambas medidas de lipoprote\u00ednas se asociaron con acontecimientos cardiovasculares incidentes, esta asociaci\u00f3n s\u00f3lo se mantuvo para la LDL-TG tras el ajuste por factores de riesgo tradicionales, incluidos los l\u00edpidos. Sobre la base de estos resultados, los autores sugieren que la inclusi\u00f3n de la LDL-TG puede ser \u00fatil para la evaluaci\u00f3n del riesgo en un contexto de prevenci\u00f3n primaria, ya que proporciona informaci\u00f3n adicional m\u00e1s all\u00e1 de los factores de riesgo tradicionales y los niveles de l\u00edpidos. Los hallazgos tambi\u00e9n justifican la consideraci\u00f3n de la LDL-TG como posible diana terap\u00e9utica para la intervenci\u00f3n, ya sea con el uso de tratamientos que aumenten el aclaramiento mediado por el receptor de LDL (p. ej., estatinas, ezetimiba, inhibidores de la proprote\u00edna convertasa subtilisina\/kexina tipo 9), o los que aumenten el aclaramiento de lipoprote\u00ednas ricas en TG mediante la inhibici\u00f3n de la apolipoprote\u00edna C-III, la inactivaci\u00f3n de la ANGPTL3 o la activaci\u00f3n de la lipoprote\u00edna lipasa. Sin embargo, a\u00fan es necesario corroborar la asociaci\u00f3n de LDL-TG con los acontecimientos cardiovasculares incidentes en otros estudios.    <\/p>\n<\/div>\n<table border=\"0\" width=\"100%\" cellspacing=\"1\" cellpadding=\"3\" bgcolor=\"#CCCCCC\">\n<tbody>\n<tr>\n<td valign=\"top\" bgcolor=\"#E9E9E9\" width=\"13%\"><strong>Referencias<\/strong><\/td>\n<td valign=\"top\" bgcolor=\"#FFFFFF\" width=\"87%\">\n<p>1. Sarwar N, Danesh J, Eiriksdottir G et al. Los triglic\u00e9ridos y el riesgo de cardiopat\u00eda coronaria: 10.158 casos incidentes entre 262.525 participantes en 29 estudios prospectivos occidentales. Circulation 2007;115:450-8.  <\/p>\n<p>2. Austin MA, McKnight B, Edwards KL et al. Mortalidad por enfermedad cardiovascular en formas familiares de hipertrigliceridemia: un estudio prospectivo de 20 a\u00f1os. Circulation 2000;101:2777-82.  <\/p>\n<p>3. Nordestgaard BG. Lipoprote\u00ednas ricas en triglic\u00e9ridos y enfermedad cardiovascular ateroscler\u00f3tica. Nuevas perspectivas desde la epidemiolog\u00eda, la gen\u00e9tica y la biolog\u00eda. Circ Res 2016;118:547-63.   <\/p>\n<p>4. Varbo A, Benn M, Nordestgaard BG. El colesterol remanente como causa de cardiopat\u00eda isqu\u00e9mica: pruebas, definici\u00f3n, medici\u00f3n, aterogenicidad, pacientes de alto riesgo y tratamiento actual y futuro. Pharmacol Ther 2014;141:358-67.  <\/p>\n<p>5. Varbo A, Nordestgaard BG. Colesterol remanente y lipoprote\u00ednas ricas en triglic\u00e9ridos en la progresi\u00f3n de la aterosclerosis y la enfermedad cardiovascular. Arterioscler Thromb Vasc Biol 2016;36:2133-5.  <\/p>\n<p>6. Varbo A, Benn M, Tybjaerg-Hansen A et al. El colesterol remanente como factor de riesgo causal de cardiopat\u00eda isqu\u00e9mica. J Am Coll Cardiol 2013;61:427-36.  <\/p>\n<p>7. Joshi PH, Khokhar AA, Massaro JM, et al. Colesterol de lipoprote\u00ednas remanentes y cardiopat\u00eda coronaria incidente: estudios de cohortes Jackson Heart y Framingham Offspring. J Am Heart Assoc 2016;5:e002765.  <\/p>\n<\/td>\n<\/tr>\n<tr>\n<td valign=\"top\" bgcolor=\"#E9E9E9\"><strong>Palabras clave<\/strong><\/td>\n<td valign=\"top\" bgcolor=\"#FFFFFF\">colesterol de lipoprote\u00ednas remanentes; triglic\u00e9ridos; enfermedad cardiovascular; estudio ARIC<\/td>\n<\/tr>\n<\/tbody>\n<\/table>\n<\/div>\n<\/div>\n<p>[\/et_pb_text][\/et_pb_column][\/et_pb_row][\/et_pb_section]<\/p>\n","protected":false},"excerpt":{"rendered":"<p>Enfoque &#8211; M\u00e1s pruebas que relacionan los restos con las enfermedades cardiovasculares 6 de noviembre de 2018 Los resultados del estudio ARIC (Atherosclerosis Risk in Communities) muestran que tanto los niveles de colesterol de lipoprote\u00ednas remanentes (RLP-C) como los de triglic\u00e9ridos de lipoprote\u00ednas de baja densidad (LDL-TG) eran predictivos de la enfermedad cardiovascular y estaban [&hellip;]<\/p>\n","protected":false},"author":258497325,"featured_media":0,"parent":0,"menu_order":0,"comment_status":"closed","ping_status":"closed","template":"","meta":{"_et_pb_use_builder":"on","_et_pb_old_content":"","_et_gb_content_width":"","_crdt_document":"","footnotes":""},"class_list":["post-252695","page","type-page","status-publish","hentry"],"yoast_head":"<!-- This site is optimized with the Yoast SEO plugin v27.4 - https:\/\/yoast.com\/product\/yoast-seo-wordpress\/ -->\n<title>Enfoque - M\u00e1s pruebas que relacionan los restos con las enfermedades cardiovasculares - R3I<\/title>\n<meta name=\"robots\" content=\"index, follow, max-snippet:-1, max-image-preview:large, max-video-preview:-1\" \/>\n<link rel=\"canonical\" href=\"https:\/\/r3i.org\/es\/enfoque-mas-pruebas-que-relacionan-los-restos-con-las-enfermedades-cardiovasculares\/\" \/>\n<meta property=\"og:locale\" content=\"es_ES\" \/>\n<meta property=\"og:type\" content=\"article\" \/>\n<meta property=\"og:title\" content=\"Enfoque - M\u00e1s pruebas que relacionan los restos con las enfermedades cardiovasculares - R3I\" \/>\n<meta property=\"og:description\" content=\"Enfoque - M\u00e1s pruebas que relacionan los restos con las enfermedades cardiovasculares 6 de noviembre de 2018 Los resultados del estudio ARIC (Atherosclerosis Risk in Communities) muestran que tanto los niveles de colesterol de lipoprote\u00ednas remanentes (RLP-C) como los de triglic\u00e9ridos de lipoprote\u00ednas de baja densidad (LDL-TG) eran predictivos de la enfermedad cardiovascular y estaban [&hellip;]\" \/>\n<meta property=\"og:url\" content=\"https:\/\/r3i.org\/es\/enfoque-mas-pruebas-que-relacionan-los-restos-con-las-enfermedades-cardiovasculares\/\" \/>\n<meta property=\"og:site_name\" content=\"R3I\" \/>\n<meta property=\"article:modified_time\" content=\"2025-02-05T20:40:40+00:00\" \/>\n<meta name=\"twitter:card\" content=\"summary_large_image\" \/>\n<meta name=\"twitter:label1\" content=\"Tiempo de lectura\" \/>\n\t<meta name=\"twitter:data1\" content=\"7 minutos\" \/>\n<script type=\"application\/ld+json\" class=\"yoast-schema-graph\">{\"@context\":\"https:\\\/\\\/schema.org\",\"@graph\":[{\"@type\":\"WebPage\",\"@id\":\"https:\\\/\\\/r3i.org\\\/es\\\/enfoque-mas-pruebas-que-relacionan-los-restos-con-las-enfermedades-cardiovasculares\\\/\",\"url\":\"https:\\\/\\\/r3i.org\\\/es\\\/enfoque-mas-pruebas-que-relacionan-los-restos-con-las-enfermedades-cardiovasculares\\\/\",\"name\":\"Enfoque - M\u00e1s pruebas que relacionan los restos con las enfermedades cardiovasculares - R3I\",\"isPartOf\":{\"@id\":\"https:\\\/\\\/r3i.org\\\/es\\\/#website\"},\"datePublished\":\"2025-01-25T15:07:18+00:00\",\"dateModified\":\"2025-02-05T20:40:40+00:00\",\"breadcrumb\":{\"@id\":\"https:\\\/\\\/r3i.org\\\/es\\\/enfoque-mas-pruebas-que-relacionan-los-restos-con-las-enfermedades-cardiovasculares\\\/#breadcrumb\"},\"inLanguage\":\"es\",\"potentialAction\":[{\"@type\":\"ReadAction\",\"target\":[\"https:\\\/\\\/r3i.org\\\/es\\\/enfoque-mas-pruebas-que-relacionan-los-restos-con-las-enfermedades-cardiovasculares\\\/\"]}]},{\"@type\":\"BreadcrumbList\",\"@id\":\"https:\\\/\\\/r3i.org\\\/es\\\/enfoque-mas-pruebas-que-relacionan-los-restos-con-las-enfermedades-cardiovasculares\\\/#breadcrumb\",\"itemListElement\":[{\"@type\":\"ListItem\",\"position\":1,\"name\":\"Home\",\"item\":\"https:\\\/\\\/r3i.org\\\/es\\\/\"},{\"@type\":\"ListItem\",\"position\":2,\"name\":\"Enfoque &#8211; M\u00e1s pruebas que relacionan los restos con las enfermedades cardiovasculares\"}]},{\"@type\":\"WebSite\",\"@id\":\"https:\\\/\\\/r3i.org\\\/es\\\/#website\",\"url\":\"https:\\\/\\\/r3i.org\\\/es\\\/\",\"name\":\"R3I\",\"description\":\"Residual Risk Reduction Initiative\",\"publisher\":{\"@id\":\"https:\\\/\\\/r3i.org\\\/es\\\/#organization\"},\"potentialAction\":[{\"@type\":\"SearchAction\",\"target\":{\"@type\":\"EntryPoint\",\"urlTemplate\":\"https:\\\/\\\/r3i.org\\\/es\\\/?s={search_term_string}\"},\"query-input\":{\"@type\":\"PropertyValueSpecification\",\"valueRequired\":true,\"valueName\":\"search_term_string\"}}],\"inLanguage\":\"es\"},{\"@type\":\"Organization\",\"@id\":\"https:\\\/\\\/r3i.org\\\/es\\\/#organization\",\"name\":\"R3I\",\"url\":\"https:\\\/\\\/r3i.org\\\/es\\\/\",\"logo\":{\"@type\":\"ImageObject\",\"inLanguage\":\"es\",\"@id\":\"https:\\\/\\\/r3i.org\\\/es\\\/#\\\/schema\\\/logo\\\/image\\\/\",\"url\":\"https:\\\/\\\/i0.wp.com\\\/r3i.org\\\/wp-content\\\/uploads\\\/2024\\\/11\\\/r3i-logo-transp-1.png?fit=1601%2C834&ssl=1\",\"contentUrl\":\"https:\\\/\\\/i0.wp.com\\\/r3i.org\\\/wp-content\\\/uploads\\\/2024\\\/11\\\/r3i-logo-transp-1.png?fit=1601%2C834&ssl=1\",\"width\":1601,\"height\":834,\"caption\":\"R3I\"},\"image\":{\"@id\":\"https:\\\/\\\/r3i.org\\\/es\\\/#\\\/schema\\\/logo\\\/image\\\/\"}}]}<\/script>\n<!-- \/ Yoast SEO plugin. -->","yoast_head_json":{"title":"Enfoque - M\u00e1s pruebas que relacionan los restos con las enfermedades cardiovasculares - R3I","robots":{"index":"index","follow":"follow","max-snippet":"max-snippet:-1","max-image-preview":"max-image-preview:large","max-video-preview":"max-video-preview:-1"},"canonical":"https:\/\/r3i.org\/es\/enfoque-mas-pruebas-que-relacionan-los-restos-con-las-enfermedades-cardiovasculares\/","og_locale":"es_ES","og_type":"article","og_title":"Enfoque - M\u00e1s pruebas que relacionan los restos con las enfermedades cardiovasculares - R3I","og_description":"Enfoque - M\u00e1s pruebas que relacionan los restos con las enfermedades cardiovasculares 6 de noviembre de 2018 Los resultados del estudio ARIC (Atherosclerosis Risk in Communities) muestran que tanto los niveles de colesterol de lipoprote\u00ednas remanentes (RLP-C) como los de triglic\u00e9ridos de lipoprote\u00ednas de baja densidad (LDL-TG) eran predictivos de la enfermedad cardiovascular y estaban [&hellip;]","og_url":"https:\/\/r3i.org\/es\/enfoque-mas-pruebas-que-relacionan-los-restos-con-las-enfermedades-cardiovasculares\/","og_site_name":"R3I","article_modified_time":"2025-02-05T20:40:40+00:00","twitter_card":"summary_large_image","twitter_misc":{"Tiempo de lectura":"7 minutos"},"schema":{"@context":"https:\/\/schema.org","@graph":[{"@type":"WebPage","@id":"https:\/\/r3i.org\/es\/enfoque-mas-pruebas-que-relacionan-los-restos-con-las-enfermedades-cardiovasculares\/","url":"https:\/\/r3i.org\/es\/enfoque-mas-pruebas-que-relacionan-los-restos-con-las-enfermedades-cardiovasculares\/","name":"Enfoque - M\u00e1s pruebas que relacionan los restos con las enfermedades cardiovasculares - R3I","isPartOf":{"@id":"https:\/\/r3i.org\/es\/#website"},"datePublished":"2025-01-25T15:07:18+00:00","dateModified":"2025-02-05T20:40:40+00:00","breadcrumb":{"@id":"https:\/\/r3i.org\/es\/enfoque-mas-pruebas-que-relacionan-los-restos-con-las-enfermedades-cardiovasculares\/#breadcrumb"},"inLanguage":"es","potentialAction":[{"@type":"ReadAction","target":["https:\/\/r3i.org\/es\/enfoque-mas-pruebas-que-relacionan-los-restos-con-las-enfermedades-cardiovasculares\/"]}]},{"@type":"BreadcrumbList","@id":"https:\/\/r3i.org\/es\/enfoque-mas-pruebas-que-relacionan-los-restos-con-las-enfermedades-cardiovasculares\/#breadcrumb","itemListElement":[{"@type":"ListItem","position":1,"name":"Home","item":"https:\/\/r3i.org\/es\/"},{"@type":"ListItem","position":2,"name":"Enfoque &#8211; M\u00e1s pruebas que relacionan los restos con las enfermedades cardiovasculares"}]},{"@type":"WebSite","@id":"https:\/\/r3i.org\/es\/#website","url":"https:\/\/r3i.org\/es\/","name":"R3I","description":"Residual Risk Reduction Initiative","publisher":{"@id":"https:\/\/r3i.org\/es\/#organization"},"potentialAction":[{"@type":"SearchAction","target":{"@type":"EntryPoint","urlTemplate":"https:\/\/r3i.org\/es\/?s={search_term_string}"},"query-input":{"@type":"PropertyValueSpecification","valueRequired":true,"valueName":"search_term_string"}}],"inLanguage":"es"},{"@type":"Organization","@id":"https:\/\/r3i.org\/es\/#organization","name":"R3I","url":"https:\/\/r3i.org\/es\/","logo":{"@type":"ImageObject","inLanguage":"es","@id":"https:\/\/r3i.org\/es\/#\/schema\/logo\/image\/","url":"https:\/\/i0.wp.com\/r3i.org\/wp-content\/uploads\/2024\/11\/r3i-logo-transp-1.png?fit=1601%2C834&ssl=1","contentUrl":"https:\/\/i0.wp.com\/r3i.org\/wp-content\/uploads\/2024\/11\/r3i-logo-transp-1.png?fit=1601%2C834&ssl=1","width":1601,"height":834,"caption":"R3I"},"image":{"@id":"https:\/\/r3i.org\/es\/#\/schema\/logo\/image\/"}}]}},"jetpack_likes_enabled":true,"jetpack_sharing_enabled":true,"jetpack_shortlink":"https:\/\/wp.me\/Pgbfv2-13JJ","jetpack-related-posts":[],"_links":{"self":[{"href":"https:\/\/r3i.org\/es\/wp-json\/wp\/v2\/pages\/252695","targetHints":{"allow":["GET"]}}],"collection":[{"href":"https:\/\/r3i.org\/es\/wp-json\/wp\/v2\/pages"}],"about":[{"href":"https:\/\/r3i.org\/es\/wp-json\/wp\/v2\/types\/page"}],"author":[{"embeddable":true,"href":"https:\/\/r3i.org\/es\/wp-json\/wp\/v2\/users\/258497325"}],"replies":[{"embeddable":true,"href":"https:\/\/r3i.org\/es\/wp-json\/wp\/v2\/comments?post=252695"}],"version-history":[{"count":2,"href":"https:\/\/r3i.org\/es\/wp-json\/wp\/v2\/pages\/252695\/revisions"}],"predecessor-version":[{"id":252733,"href":"https:\/\/r3i.org\/es\/wp-json\/wp\/v2\/pages\/252695\/revisions\/252733"}],"wp:attachment":[{"href":"https:\/\/r3i.org\/es\/wp-json\/wp\/v2\/media?parent=252695"}],"curies":[{"name":"wp","href":"https:\/\/api.w.org\/{rel}","templated":true}]}}