{"id":252693,"date":"2025-01-25T14:11:28","date_gmt":"2025-01-25T13:11:28","guid":{"rendered":"https:\/\/r3i.org\/focus-metaanalisis-asociacion-entre-la-disminucion-de-los-trigliceridos-y-la-reduccion-del-riesgo-cardiovascular\/"},"modified":"2025-02-05T21:44:07","modified_gmt":"2025-02-05T20:44:07","slug":"focus-metaanalisis-asociacion-entre-la-disminucion-de-los-trigliceridos-y-la-reduccion-del-riesgo-cardiovascular","status":"publish","type":"page","link":"https:\/\/r3i.org\/es\/focus-metaanalisis-asociacion-entre-la-disminucion-de-los-trigliceridos-y-la-reduccion-del-riesgo-cardiovascular\/","title":{"rendered":"Focus &#8211; Metaan\u00e1lisis: Asociaci\u00f3n entre la disminuci\u00f3n de los triglic\u00e9ridos y la reducci\u00f3n del riesgo cardiovascular"},"content":{"rendered":"<p>[et_pb_section fb_built=\u00bb1&#8243; _builder_version=\u00bb4.27.4&#8243; _module_preset=\u00bbdefault\u00bb custom_padding=\u00bb1px|||||\u00bb global_colors_info=\u00bb{}\u00bb][et_pb_row _builder_version=\u00bb4.27.4&#8243; _module_preset=\u00bbdefault\u00bb global_colors_info=\u00bb{}\u00bb][et_pb_column type=\u00bb4_4&#8243; _builder_version=\u00bb4.27.4&#8243; _module_preset=\u00bbdefault\u00bb global_colors_info=\u00bb{}\u00bb][et_pb_text _builder_version=\u00bb4.27.4&#8243; _module_preset=\u00bbdefault\u00bb header_2_text_color=\u00bbgcid-primary-color\u00bb header_5_text_color=\u00bbgcid-secondary-color\u00bb text_orientation=\u00bbcenter\u00bb width=\u00bb99%\u00bb custom_margin=\u00bb|-147px||||\u00bb custom_padding=\u00bb|0px||||\u00bb hover_enabled=\u00bb0&#8243; global_colors_info=\u00bb{%22gcid-primary-color%22:%91%22quote_text_color%22,%22quote_text_color%22,%22quote_text_color%22,%22header_2_text_color%22%93,%22gcid-secondary-color%22:%91%22header_5_text_color%22%93}\u00bb sticky_enabled=\u00bb0&#8243;]<\/p>\n<h2>Focus &#8211; <span>Metaan\u00e1lisis: Asociaci\u00f3n entre la disminuci\u00f3n de los triglic\u00e9ridos y la reducci\u00f3n del riesgo cardiovascular<\/span><\/h2>\n<h5><span>19 de marzo de 2020<\/span><\/h5>\n<p><span>En los ensayos controlados aleatorizados, la reducci\u00f3n de los triglic\u00e9ridos se asocia a un menor riesgo de acontecimientos vasculares importantes, incluso tras el ajuste por la reducci\u00f3n del colesterol de lipoprote\u00ednas de baja densidad (LDL-C).<\/span><\/p>\n<p><span>Marston NA, Giugliano RP, Im KA, et al. Asociaci\u00f3n entre la disminuci\u00f3n de los triglic\u00e9ridos y la reducci\u00f3n del riesgo cardiovascular en m\u00faltiples clases terap\u00e9uticas hipolipemiantes. Una revisi\u00f3n sistem\u00e1tica y un an\u00e1lisis de metarregresi\u00f3n de ensayos controlados aleatorizados. Circulation 2019;140:1308-17.   <\/span><\/p>\n<p><b>RESUMEN DEL ESTUDIO<\/b><\/p>\n<table border=\"0\" width=\"100%\" cellspacing=\"1\" cellpadding=\"3\" bgcolor=\"#CCCCCC\">\n<tbody>\n<tr valign=\"middle\">\n<td bgcolor=\"#E9E9E9\" width=\"17%\"><strong>Objetivo:<\/strong><\/td>\n<td align=\"left\" bgcolor=\"#FFFFFF\" width=\"83%\">Investigar la asociaci\u00f3n entre la magnitud de la reducci\u00f3n del colesterol de lipoprote\u00ednas de no alta densidad (colesterol no HDL), el colesterol LDL o los triglic\u00e9ridos (TG) y la reducci\u00f3n de los principales acontecimientos vasculares en los ensayos de fibratos, niacina y \u00e1cidos grasos omega-3 marinos, as\u00ed como de estatinas (referencia).<\/td>\n<\/tr>\n<tr valign=\"middle\">\n<td bgcolor=\"#E9E9E9\"><strong>Dise\u00f1o del estudio:<\/strong><\/td>\n<td align=\"left\" bgcolor=\"#FFFFFF\">Revisi\u00f3n sistem\u00e1tica y an\u00e1lisis de metarregresi\u00f3n a nivel de ensayo. Los criterios clave de inclusi\u00f3n fueron un ensayo controlado aleatorio que informara de eventos vasculares graves. <\/td>\n<\/tr>\n<tr valign=\"middle\">\n<td valign=\"top\" bgcolor=\"#E9E9E9\"><strong>Poblaci\u00f3n del estudio:<\/strong><\/td>\n<td align=\"left\" bgcolor=\"#FFFFFF\">En total, hab\u00eda 197.270 sujetos en 24 ensayos de tratamiento sin estatinas para reducir los TG (9 ensayos de fibrato, 3 ensayos de niacina y 13 ensayos de \u00e1cidos grasos omega-3; un ensayo ten\u00eda brazos experimentales de fibrato y niacina) con 25.218 acontecimientos vasculares graves durante una mediana de seguimiento de 43,8 a\u00f1os. Estos sujetos ten\u00edan una edad media de 63 a\u00f1os y un nivel basal medio de TG de 163 mg\/dL (mediana, 151 mg\/dL; intervalo intercuart\u00edlico, 143-165 mg\/dL). Estos datos se compararon con los de 177.088 sujetos de 25 ensayos de tratamiento con estatinas, con 20.962 eventos vasculares graves.  <\/td>\n<\/tr>\n<tr valign=\"middle\">\n<td bgcolor=\"#E9E9E9\"><strong>Resultado del estudio:<\/strong><\/td>\n<td align=\"left\" bgcolor=\"#FFFFFF\">El resultado primario fue el cociente de riesgos (CR) de acontecimientos vasculares graves asociado a las reducciones absolutas de los par\u00e1metros lip\u00eddicos.<\/td>\n<\/tr>\n<tr valign=\"middle\">\n<td bgcolor=\"#E9E9E9\"><strong>M\u00e9todos:<\/strong><\/td>\n<td align=\"left\" bgcolor=\"#FFFFFF\">El estudio incorpor\u00f3 dos an\u00e1lisis clave. En el primer an\u00e1lisis, se estableci\u00f3 la asociaci\u00f3n entre la reducci\u00f3n absoluta del C no-HDL (definida como la diferencia en el nivel de C no-HDL alcanzado entre los 2 brazos de tratamiento) y el RR de acontecimientos vasculares mayores. Posteriormente, para determinar la contribuci\u00f3n del LDL-C y los TG, se evalu\u00f3 la asociaci\u00f3n entre la reducci\u00f3n del LDL-C y los TG y el RR de acontecimientos vasculares mayores.  <\/td>\n<\/tr>\n<\/tbody>\n<\/table>\n<p style=\"text-align: center;\"><strong>RESULTADOS<\/strong><\/p>\n<table width=\"640\">\n<tbody>\n<tr>\n<td width=\"513\">\n<p>Las principales conclusiones se resumen a continuaci\u00f3n y en la Tabla 1.<\/p>\n<ul>\n<li>La reducci\u00f3n del C no-HDL se asoci\u00f3 fuertemente con un menor riesgo de eventos vasculares mayores, independientemente de la clase de f\u00e1rmaco hipolipemiante.<\/li>\n<li>La reducci\u00f3n de los TG se asoci\u00f3 a un menor riesgo de acontecimientos cardiovasculares, pero en menor medida por cantidad absoluta de reducci\u00f3n que con el LDL-C.<\/li>\n<li>Cada 1 g\/d de \u00e1cido eicosapentaenoico se asoci\u00f3 con una reducci\u00f3n del riesgo relativo del 7% en los acontecimientos vasculares mayores (0,93 [IC 95%, 0,91-0,95]; p&lt;0,0001). No hubo asociaci\u00f3n significativa entre la dosis de \u00e1cido docosahexaenoico y la reducci\u00f3n del riesgo relativo de acontecimientos vasculares mayores. Los beneficios de las dosis altas de \u00e1cido eicosapentaenoico parecen superar sus efectos hipolipemiantes.  <\/li>\n<\/ul>\n<p>&nbsp;<\/p>\n<p><strong>Tabla 1. Riesgo relativo por 1 mmol\/L en los par\u00e1metros lip\u00eddicos<\/strong><\/p>\n<\/td>\n<\/tr>\n<\/tbody>\n<\/table>\n<div>\n<table class=\"study-table\">\n<tbody>\n<tr>\n<td width=\"142\">\n<p><strong>Par\u00e1metro lip\u00eddico<\/strong><\/p>\n<\/td>\n<td width=\"246\">\n<p><strong>RR (intervalo de confianza del 95%) por 1 mmol\/L de reducci\u00f3n<\/strong><\/p>\n<\/td>\n<td width=\"124\">\n<p><strong>Valor p<\/strong><\/p>\n<\/td>\n<\/tr>\n<tr>\n<td width=\"142\">\n<p>No-HDL-C<\/p>\n<\/td>\n<td width=\"246\">\n<p>0,79 (0,76-0,82); 0,78 por 40 mg\/dL<\/p>\n<\/td>\n<td width=\"124\">\n<p>&lt;0.0001<\/p>\n<\/td>\n<\/tr>\n<tr>\n<td width=\"142\">\n<p>LDL-C<\/p>\n<\/td>\n<td width=\"246\">\n<p>0,80 (0,76-0,85); 0,79 por 40 mg\/dL<\/p>\n<\/td>\n<td width=\"124\">\n<p>&lt;0.0001<\/p>\n<\/td>\n<\/tr>\n<tr>\n<td width=\"142\">\n<p>TG<\/p>\n<\/td>\n<td width=\"246\">\n<p>0,84 (0,75-0,94); 0,92 por 40 mg\/dL<\/p>\n<\/td>\n<td width=\"124\">\n<p>0.0026<\/p>\n<\/td>\n<\/tr>\n<tr>\n<td width=\"142\">\n<p>Sin REDUCE-IT<\/p>\n<\/td>\n<td width=\"246\">\n<p>&nbsp;<\/p>\n<\/td>\n<td width=\"124\">\n<p>&nbsp;<\/p>\n<\/td>\n<\/tr>\n<tr>\n<td width=\"142\">\n<p>LDL-C<\/p>\n<\/td>\n<td width=\"246\">\n<p>0,79 (0,76-0,83); 0,78 por 40 mg\/dL<\/p>\n<\/td>\n<td width=\"124\">\n<p>&lt;0.0001<\/p>\n<\/td>\n<\/tr>\n<tr>\n<td width=\"142\">\n<p>TG<\/p>\n<\/td>\n<td width=\"246\">\n<p>0,91 (0,81-1,006); 0,96 por 40 mg\/dL<\/p>\n<\/td>\n<td width=\"124\">\n<p>&nbsp;<\/p>\n<\/td>\n<\/tr>\n<\/tbody>\n<\/table>\n<\/div>\n<div>\n<div>\n<div>\n<div>\n<div>\n<p>&nbsp;<\/p>\n<table border=\"0\" width=\"100%\" cellspacing=\"1\" cellpadding=\"3\" bgcolor=\"#CCCCCC\">\n<tbody>\n<tr valign=\"middle\">\n<td bgcolor=\"#E9E9E9\"><strong>Conclusi\u00f3n:<\/strong><\/td>\n<td align=\"left\" bgcolor=\"#FFFFFF\">En los ensayos controlados aleatorizados, la disminuci\u00f3n de los TG se asocia a un menor riesgo de eventos vasculares mayores, incluso tras el ajuste por la disminuci\u00f3n del LDL-C, aunque el efecto es menor que el del LDL-C y se aten\u00faa cuando se excluye el REDUCE-IT. Adem\u00e1s, los beneficios de los \u00e1cidos grasos omega-3 de origen marino, en particular el \u00e1cido eicosapentaenoico en dosis altas, parecen superar sus efectos hipolipemiantes. <\/td>\n<\/tr>\n<\/tbody>\n<\/table>\n<div>\n<p><strong>COMENTARIO<\/strong><\/p>\n<p>Las pruebas procedentes de estudios observacionales, an\u00e1lisis gen\u00e9ticos y estudios de aleatorizaci\u00f3n mendeliana apoyan una asociaci\u00f3n causal entre los TG y el riesgo de enfermedad cardiovascular ateroscler\u00f3tica (ECVA).1 Sin embargo, los datos procedentes de ensayos cl\u00ednicos de terapias que reducen los TG, incluidos los fibratos, la niacina y los \u00e1cidos grasos omega-3, han sido menos definitivos. Aunque el estudio REDUCE-IT demostr\u00f3 una reducci\u00f3n significativa del 25% de los episodios cardiovasculares graves con dosis altas de \u00e1cido eicosapentaenoico en pacientes tratados con estatinas con un riesgo alto o muy alto de ASCVD, el beneficio observado no se equipar\u00f3 con la magnitud de la reducci\u00f3n de los TG, lo que implica la participaci\u00f3n de efectos pleiotr\u00f3picos.11,12 As\u00ed pues, la totalidad de las pruebas de los ensayos cl\u00ednicos sigue dejando incertidumbre en cuanto al beneficio cl\u00ednico de la reducci\u00f3n de los TG, especialmente cuando se compara con el de la reducci\u00f3n del LDL-C.  <\/p>\n<p>El an\u00e1lisis actual pretend\u00eda investigar esta cuesti\u00f3n, utilizando como medida de referencia el C no-HDL, una medida de la carga total de colesterol de las lipoprote\u00ednas aterog\u00e9nicas, incluidas las LDL (en C-LDL) y las lipoprote\u00ednas de muy baja densidad (VLDL, en TG). La reducci\u00f3n de TG se asoci\u00f3 a un menor riesgo de eventos vasculares, aunque el efecto fue menor que el mostrado para la reducci\u00f3n de LDL-C, y se atenu\u00f3 cuando se excluy\u00f3 REDUCE-IT del an\u00e1lisis. <\/p>\n<p>  Para los m\u00e9dicos, este an\u00e1lisis contiene importantes mensajes para llevar a casa. En primer lugar, y en consonancia con hallazgos anteriores,13 la reducci\u00f3n del C no-HDL est\u00e1 fuertemente asociada a un menor riesgo de acontecimientos vasculares graves (en un 21% por cada 1 mmol\/L de reducci\u00f3n en el informe actual), y esto fue coherente independientemente de la clase de tratamiento hipolipemiante. En segundo lugar, la reducci\u00f3n de los TG se asocia a un menor riesgo de acontecimientos vasculares, aunque la magnitud fue menor que la observada con la reducci\u00f3n del LDL-C. En tercer lugar, la raz\u00f3n por la que los estudios de resultados anteriores de los tratamientos hipolipemiantes de los TG (distintos del REDUCE-IT) no mostraron una reducci\u00f3n significativa de los acontecimientos vasculares fue que la magnitud de la reducci\u00f3n del C no-HDL fue insuficiente, normalmente porque las poblaciones de pacientes no ten\u00edan unos TG basales elevados. En conjunto, estos hallazgos son instructivos para los ensayos cl\u00ednicos de nuevos agentes que reducen los TG. Siempre que los ensayos cl\u00ednicos se realicen en el grupo de pacientes adecuado (es decir, con TG basales elevados), los pr\u00f3ximos 2-3 a\u00f1os proporcionar\u00e1n, sin duda, informaci\u00f3n clave para resolver las incertidumbres persistentes sobre el beneficio cl\u00ednico de la disminuci\u00f3n de los TG para reducir el riesgo vascular residual.     <\/p>\n<\/div>\n<table border=\"0\" width=\"100%\" cellspacing=\"1\" cellpadding=\"3\" bgcolor=\"#CCCCCC\">\n<tbody>\n<tr>\n<td valign=\"top\" bgcolor=\"#E9E9E9\" width=\"13%\"><strong>Referencias<\/strong><\/td>\n<td valign=\"top\" bgcolor=\"#FFFFFF\" width=\"87%\">\n<p>1. Nordestgaard BG, Varbo A. Triglic\u00e9ridos y enfermedad cardiovascular. Lancet 2014;384:626-35. <\/p>\n<p>2. Rubins HB, Robins SJ, Collins D, et al. Gemfibrozil para la prevenci\u00f3n secundaria de la cardiopat\u00eda coronaria en hombres con niveles bajos de colesterol de lipoprote\u00ednas de alta densidad: Veterans Affairs High-Density Lipoprotein Cholesterol Intervention Study Group. N Engl J Med 1999;341:410-8.  <\/p>\n<p>3. Estudio de prevenci\u00f3n del infarto con bezafibrato. Prevenci\u00f3n secundaria mediante el aumento del colesterol HDL y la reducci\u00f3n de los triglic\u00e9ridos en pacientes con enfermedad arterial coronaria. Circulation 2000;102:21-7.  <\/p>\n<p>4. Ginsberg HN, Elam MB, Lovato LC, et al; Grupo de Estudio ACCORD. Efectos de la terapia lip\u00eddica combinada en la diabetes mellitus tipo 2. N Engl J Med 2010;362:1563-74.  <\/p>\n<p>5. Frick MH, Elo O, Haapa K, et al. Helsinki Heart Study: primary-prevention trial with gemfibrozil in middle-aged men with dyslipidemia: safety of treatment, changes in risk factors, and incidence of coronary heart disease. N Engl J Med. 1987;317:1237-45.  <\/p>\n<p>6. Keech A, Simes RJ, Barter P, et al; Investigadores del estudio FIELD. Efectos del tratamiento a largo plazo con fenofibrato sobre los acontecimientos cardiovasculares en 9795 personas con diabetes mellitus tipo 2 (estudio FIELD): ensayo controlado aleatorizado. Lancet 2005;366:1849-61.  <\/p>\n<p>7. Boden WE, Probstfield JL, Anderson T, et al; Investigadores AIM-HIGH. Niacina en pacientes con niveles bajos de colesterol HDL que reciben tratamiento intensivo con estatinas. N Engl J Med. 2011;365:2255-67.  <\/p>\n<p>8. Landray MJ, Haynes R, Hopewell JC, et al; Grupo de Colaboraci\u00f3n HPS2-THRIVE. Efectos de la niacina de liberaci\u00f3n prolongada con laropiprant en pacientes de alto riesgo. N Engl J Med 2014;371:203-12.  <\/p>\n<p>9. Kromhout D, Giltay EJ, Geleijnse JM; Alpha Omega Trial Group. n-3 Fatty acids and cardiovascular events after myocardial infarction. N Engl J Med. 2010;363:2015-26.  <\/p>\n<p>10. Bosch J, Gerstein HC, Dagenais GR, et al; ORIGIN Trial Investigators. n-3 Fatty acids and cardiovascular outcomes in patients with dysglycemia. N Engl J Med 2012;367:309-18.  <\/p>\n<p>11. Bhatt DL, Steg PG, Miller M, et al. Reducci\u00f3n del riesgo cardiovascular con icosapent et\u00edlico para la hipertrigliceridemia. N Engl J Med 2019;380:11-22.  <\/p>\n<p>12. Laufs U, Parhofer KG, Ginsberg HN, Hegele RA. Revisi\u00f3n cl\u00ednica sobre los triglic\u00e9ridos. Eur Heart J 2020;41:99-109c.  <\/p>\n<p>13. Brunner FJ, Waldeyer C, Ojeda F, et al. Aplicaci\u00f3n del colesterol no-HDL para la estratificaci\u00f3n del riesgo cardiovascular basado en la poblaci\u00f3n: resultados del Consorcio Multinacional de Riesgo Cardiovascular. Lancet 2019;394:2173-83.  <\/p>\n<\/td>\n<\/tr>\n<tr>\n<td valign=\"top\" bgcolor=\"#E9E9E9\"><strong>Palabras clave<\/strong><\/td>\n<td valign=\"top\" bgcolor=\"#FFFFFF\">triglic\u00e9ridos; riesgo cardiovascular; C no-HDL; metaan\u00e1lisis<\/td>\n<\/tr>\n<\/tbody>\n<\/table>\n<p>&nbsp;<\/p>\n<p>&nbsp;<\/p>\n<\/div>\n<\/div>\n<\/div>\n<\/div>\n<\/div>\n<p>[\/et_pb_text][\/et_pb_column][\/et_pb_row][\/et_pb_section]<\/p>\n","protected":false},"excerpt":{"rendered":"<p>Focus &#8211; Metaan\u00e1lisis: Asociaci\u00f3n entre la disminuci\u00f3n de los triglic\u00e9ridos y la reducci\u00f3n del riesgo cardiovascular 19 de marzo de 2020 En los ensayos controlados aleatorizados, la reducci\u00f3n de los triglic\u00e9ridos se asocia a un menor riesgo de acontecimientos vasculares importantes, incluso tras el ajuste por la reducci\u00f3n del colesterol de lipoprote\u00ednas de baja densidad [&hellip;]<\/p>\n","protected":false},"author":258497325,"featured_media":0,"parent":0,"menu_order":0,"comment_status":"closed","ping_status":"closed","template":"","meta":{"_et_pb_use_builder":"on","_et_pb_old_content":"","_et_gb_content_width":"","_crdt_document":"","jetpack_post_was_ever_published":true,"footnotes":""},"class_list":["post-252693","page","type-page","status-publish","hentry"],"yoast_head":"<!-- This site is optimized with the Yoast SEO plugin v27.2 - https:\/\/yoast.com\/product\/yoast-seo-wordpress\/ -->\n<title>Focus - Metaan\u00e1lisis: Asociaci\u00f3n entre la disminuci\u00f3n de los triglic\u00e9ridos y la reducci\u00f3n del riesgo cardiovascular - R3I<\/title>\n<meta name=\"robots\" content=\"index, follow, max-snippet:-1, max-image-preview:large, max-video-preview:-1\" \/>\n<link rel=\"canonical\" href=\"https:\/\/r3i.org\/es\/focus-metaanalisis-asociacion-entre-la-disminucion-de-los-trigliceridos-y-la-reduccion-del-riesgo-cardiovascular\/\" \/>\n<meta property=\"og:locale\" content=\"es_ES\" \/>\n<meta property=\"og:type\" content=\"article\" \/>\n<meta property=\"og:title\" content=\"Focus - Metaan\u00e1lisis: Asociaci\u00f3n entre la disminuci\u00f3n de los triglic\u00e9ridos y la reducci\u00f3n del riesgo cardiovascular - R3I\" \/>\n<meta property=\"og:description\" content=\"Focus - Metaan\u00e1lisis: Asociaci\u00f3n entre la disminuci\u00f3n de los triglic\u00e9ridos y la reducci\u00f3n del riesgo cardiovascular 19 de marzo de 2020 En los ensayos controlados aleatorizados, la reducci\u00f3n de los triglic\u00e9ridos se asocia a un menor riesgo de acontecimientos vasculares importantes, incluso tras el ajuste por la reducci\u00f3n del colesterol de lipoprote\u00ednas de baja densidad [&hellip;]\" \/>\n<meta property=\"og:url\" content=\"https:\/\/r3i.org\/es\/focus-metaanalisis-asociacion-entre-la-disminucion-de-los-trigliceridos-y-la-reduccion-del-riesgo-cardiovascular\/\" \/>\n<meta property=\"og:site_name\" content=\"R3I\" \/>\n<meta property=\"article:modified_time\" content=\"2025-02-05T20:44:07+00:00\" \/>\n<meta name=\"twitter:card\" content=\"summary_large_image\" \/>\n<meta name=\"twitter:label1\" content=\"Tiempo de lectura\" \/>\n\t<meta name=\"twitter:data1\" content=\"8 minutos\" \/>\n<script type=\"application\/ld+json\" class=\"yoast-schema-graph\">{\"@context\":\"https:\/\/schema.org\",\"@graph\":[{\"@type\":\"WebPage\",\"@id\":\"https:\/\/r3i.org\/es\/focus-metaanalisis-asociacion-entre-la-disminucion-de-los-trigliceridos-y-la-reduccion-del-riesgo-cardiovascular\/\",\"url\":\"https:\/\/r3i.org\/es\/focus-metaanalisis-asociacion-entre-la-disminucion-de-los-trigliceridos-y-la-reduccion-del-riesgo-cardiovascular\/\",\"name\":\"Focus - Metaan\u00e1lisis: Asociaci\u00f3n entre la disminuci\u00f3n de los triglic\u00e9ridos y la reducci\u00f3n del riesgo cardiovascular - R3I\",\"isPartOf\":{\"@id\":\"https:\/\/r3i.org\/es\/#website\"},\"datePublished\":\"2025-01-25T13:11:28+00:00\",\"dateModified\":\"2025-02-05T20:44:07+00:00\",\"breadcrumb\":{\"@id\":\"https:\/\/r3i.org\/es\/focus-metaanalisis-asociacion-entre-la-disminucion-de-los-trigliceridos-y-la-reduccion-del-riesgo-cardiovascular\/#breadcrumb\"},\"inLanguage\":\"es\",\"potentialAction\":[{\"@type\":\"ReadAction\",\"target\":[\"https:\/\/r3i.org\/es\/focus-metaanalisis-asociacion-entre-la-disminucion-de-los-trigliceridos-y-la-reduccion-del-riesgo-cardiovascular\/\"]}]},{\"@type\":\"BreadcrumbList\",\"@id\":\"https:\/\/r3i.org\/es\/focus-metaanalisis-asociacion-entre-la-disminucion-de-los-trigliceridos-y-la-reduccion-del-riesgo-cardiovascular\/#breadcrumb\",\"itemListElement\":[{\"@type\":\"ListItem\",\"position\":1,\"name\":\"Home\",\"item\":\"https:\/\/r3i.org\/es\/\"},{\"@type\":\"ListItem\",\"position\":2,\"name\":\"Focus &#8211; Metaan\u00e1lisis: Asociaci\u00f3n entre la disminuci\u00f3n de los triglic\u00e9ridos y la reducci\u00f3n del riesgo cardiovascular\"}]},{\"@type\":\"WebSite\",\"@id\":\"https:\/\/r3i.org\/es\/#website\",\"url\":\"https:\/\/r3i.org\/es\/\",\"name\":\"R3I\",\"description\":\"Residual Risk Reduction Initiative\",\"publisher\":{\"@id\":\"https:\/\/r3i.org\/es\/#organization\"},\"potentialAction\":[{\"@type\":\"SearchAction\",\"target\":{\"@type\":\"EntryPoint\",\"urlTemplate\":\"https:\/\/r3i.org\/es\/?s={search_term_string}\"},\"query-input\":{\"@type\":\"PropertyValueSpecification\",\"valueRequired\":true,\"valueName\":\"search_term_string\"}}],\"inLanguage\":\"es\"},{\"@type\":\"Organization\",\"@id\":\"https:\/\/r3i.org\/es\/#organization\",\"name\":\"R3I\",\"url\":\"https:\/\/r3i.org\/es\/\",\"logo\":{\"@type\":\"ImageObject\",\"inLanguage\":\"es\",\"@id\":\"https:\/\/r3i.org\/es\/#\/schema\/logo\/image\/\",\"url\":\"https:\/\/i0.wp.com\/r3i.org\/wp-content\/uploads\/2024\/11\/r3i-logo-transp-1.png?fit=1601%2C834&ssl=1\",\"contentUrl\":\"https:\/\/i0.wp.com\/r3i.org\/wp-content\/uploads\/2024\/11\/r3i-logo-transp-1.png?fit=1601%2C834&ssl=1\",\"width\":1601,\"height\":834,\"caption\":\"R3I\"},\"image\":{\"@id\":\"https:\/\/r3i.org\/es\/#\/schema\/logo\/image\/\"}}]}<\/script>\n<!-- \/ Yoast SEO plugin. -->","yoast_head_json":{"title":"Focus - Metaan\u00e1lisis: Asociaci\u00f3n entre la disminuci\u00f3n de los triglic\u00e9ridos y la reducci\u00f3n del riesgo cardiovascular - R3I","robots":{"index":"index","follow":"follow","max-snippet":"max-snippet:-1","max-image-preview":"max-image-preview:large","max-video-preview":"max-video-preview:-1"},"canonical":"https:\/\/r3i.org\/es\/focus-metaanalisis-asociacion-entre-la-disminucion-de-los-trigliceridos-y-la-reduccion-del-riesgo-cardiovascular\/","og_locale":"es_ES","og_type":"article","og_title":"Focus - Metaan\u00e1lisis: Asociaci\u00f3n entre la disminuci\u00f3n de los triglic\u00e9ridos y la reducci\u00f3n del riesgo cardiovascular - R3I","og_description":"Focus - Metaan\u00e1lisis: Asociaci\u00f3n entre la disminuci\u00f3n de los triglic\u00e9ridos y la reducci\u00f3n del riesgo cardiovascular 19 de marzo de 2020 En los ensayos controlados aleatorizados, la reducci\u00f3n de los triglic\u00e9ridos se asocia a un menor riesgo de acontecimientos vasculares importantes, incluso tras el ajuste por la reducci\u00f3n del colesterol de lipoprote\u00ednas de baja densidad [&hellip;]","og_url":"https:\/\/r3i.org\/es\/focus-metaanalisis-asociacion-entre-la-disminucion-de-los-trigliceridos-y-la-reduccion-del-riesgo-cardiovascular\/","og_site_name":"R3I","article_modified_time":"2025-02-05T20:44:07+00:00","twitter_card":"summary_large_image","twitter_misc":{"Tiempo de lectura":"8 minutos"},"schema":{"@context":"https:\/\/schema.org","@graph":[{"@type":"WebPage","@id":"https:\/\/r3i.org\/es\/focus-metaanalisis-asociacion-entre-la-disminucion-de-los-trigliceridos-y-la-reduccion-del-riesgo-cardiovascular\/","url":"https:\/\/r3i.org\/es\/focus-metaanalisis-asociacion-entre-la-disminucion-de-los-trigliceridos-y-la-reduccion-del-riesgo-cardiovascular\/","name":"Focus - Metaan\u00e1lisis: Asociaci\u00f3n entre la disminuci\u00f3n de los triglic\u00e9ridos y la reducci\u00f3n del riesgo cardiovascular - R3I","isPartOf":{"@id":"https:\/\/r3i.org\/es\/#website"},"datePublished":"2025-01-25T13:11:28+00:00","dateModified":"2025-02-05T20:44:07+00:00","breadcrumb":{"@id":"https:\/\/r3i.org\/es\/focus-metaanalisis-asociacion-entre-la-disminucion-de-los-trigliceridos-y-la-reduccion-del-riesgo-cardiovascular\/#breadcrumb"},"inLanguage":"es","potentialAction":[{"@type":"ReadAction","target":["https:\/\/r3i.org\/es\/focus-metaanalisis-asociacion-entre-la-disminucion-de-los-trigliceridos-y-la-reduccion-del-riesgo-cardiovascular\/"]}]},{"@type":"BreadcrumbList","@id":"https:\/\/r3i.org\/es\/focus-metaanalisis-asociacion-entre-la-disminucion-de-los-trigliceridos-y-la-reduccion-del-riesgo-cardiovascular\/#breadcrumb","itemListElement":[{"@type":"ListItem","position":1,"name":"Home","item":"https:\/\/r3i.org\/es\/"},{"@type":"ListItem","position":2,"name":"Focus &#8211; Metaan\u00e1lisis: Asociaci\u00f3n entre la disminuci\u00f3n de los triglic\u00e9ridos y la reducci\u00f3n del riesgo cardiovascular"}]},{"@type":"WebSite","@id":"https:\/\/r3i.org\/es\/#website","url":"https:\/\/r3i.org\/es\/","name":"R3I","description":"Residual Risk Reduction Initiative","publisher":{"@id":"https:\/\/r3i.org\/es\/#organization"},"potentialAction":[{"@type":"SearchAction","target":{"@type":"EntryPoint","urlTemplate":"https:\/\/r3i.org\/es\/?s={search_term_string}"},"query-input":{"@type":"PropertyValueSpecification","valueRequired":true,"valueName":"search_term_string"}}],"inLanguage":"es"},{"@type":"Organization","@id":"https:\/\/r3i.org\/es\/#organization","name":"R3I","url":"https:\/\/r3i.org\/es\/","logo":{"@type":"ImageObject","inLanguage":"es","@id":"https:\/\/r3i.org\/es\/#\/schema\/logo\/image\/","url":"https:\/\/i0.wp.com\/r3i.org\/wp-content\/uploads\/2024\/11\/r3i-logo-transp-1.png?fit=1601%2C834&ssl=1","contentUrl":"https:\/\/i0.wp.com\/r3i.org\/wp-content\/uploads\/2024\/11\/r3i-logo-transp-1.png?fit=1601%2C834&ssl=1","width":1601,"height":834,"caption":"R3I"},"image":{"@id":"https:\/\/r3i.org\/es\/#\/schema\/logo\/image\/"}}]}},"jetpack_likes_enabled":true,"jetpack_sharing_enabled":true,"jetpack_shortlink":"https:\/\/wp.me\/Pgbfv2-13JH","jetpack-related-posts":[],"_links":{"self":[{"href":"https:\/\/r3i.org\/es\/wp-json\/wp\/v2\/pages\/252693","targetHints":{"allow":["GET"]}}],"collection":[{"href":"https:\/\/r3i.org\/es\/wp-json\/wp\/v2\/pages"}],"about":[{"href":"https:\/\/r3i.org\/es\/wp-json\/wp\/v2\/types\/page"}],"author":[{"embeddable":true,"href":"https:\/\/r3i.org\/es\/wp-json\/wp\/v2\/users\/258497325"}],"replies":[{"embeddable":true,"href":"https:\/\/r3i.org\/es\/wp-json\/wp\/v2\/comments?post=252693"}],"version-history":[{"count":2,"href":"https:\/\/r3i.org\/es\/wp-json\/wp\/v2\/pages\/252693\/revisions"}],"predecessor-version":[{"id":252724,"href":"https:\/\/r3i.org\/es\/wp-json\/wp\/v2\/pages\/252693\/revisions\/252724"}],"wp:attachment":[{"href":"https:\/\/r3i.org\/es\/wp-json\/wp\/v2\/media?parent=252693"}],"curies":[{"name":"wp","href":"https:\/\/api.w.org\/{rel}","templated":true}]}}