{"id":252685,"date":"2025-01-21T22:40:48","date_gmt":"2025-01-21T21:40:48","guid":{"rendered":"https:\/\/r3i.org\/focus-control-lipidico-en-pacientes-de-alto-riesgo-las-mujeres-siguen-por-detras-de-los-hombres\/"},"modified":"2025-02-18T15:55:10","modified_gmt":"2025-02-18T14:55:10","slug":"focus-control-lipidico-en-pacientes-de-alto-riesgo-las-mujeres-siguen-por-detras-de-los-hombres","status":"publish","type":"page","link":"https:\/\/r3i.org\/es\/focus-control-lipidico-en-pacientes-de-alto-riesgo-las-mujeres-siguen-por-detras-de-los-hombres\/","title":{"rendered":"Focus &#8211; Control lip\u00eddico en pacientes de alto riesgo: las mujeres siguen por detr\u00e1s de los hombres"},"content":{"rendered":"<p>[et_pb_section fb_built=\u00bb1&#8243; _builder_version=\u00bb4.27.4&#8243; _module_preset=\u00bbdefault\u00bb custom_padding=\u00bb1px|||||\u00bb global_colors_info=\u00bb{}\u00bb][et_pb_row _builder_version=\u00bb4.27.4&#8243; _module_preset=\u00bbdefault\u00bb global_colors_info=\u00bb{}\u00bb][et_pb_column type=\u00bb4_4&#8243; _builder_version=\u00bb4.27.4&#8243; _module_preset=\u00bbdefault\u00bb global_colors_info=\u00bb{}\u00bb][et_pb_text _builder_version=\u00bb4.27.4&#8243; _module_preset=\u00bbdefault\u00bb header_2_text_color=\u00bbgcid-primary-color\u00bb header_5_text_color=\u00bbgcid-secondary-color\u00bb text_orientation=\u00bbcenter\u00bb width=\u00bb99%\u00bb custom_margin=\u00bb|-147px||||\u00bb custom_padding=\u00bb|0px||||\u00bb global_colors_info=\u00bb{%22gcid-primary-color%22:%91%22quote_text_color%22,%22quote_text_color%22,%22quote_text_color%22,%22header_2_text_color%22%93,%22gcid-secondary-color%22:%91%22header_5_text_color%22%93}\u00bb]<\/p>\n<h2>Control lip\u00eddico en pacientes de alto riesgo: las mujeres siguen por detr\u00e1s de los hombres<\/h2>\n<h5 style=\"text-align: left;\"><span>6 de julio de 2023<\/span><\/h5>\n<div class=\"summary\" style=\"text-align: left;\">Aunque los datos de la Encuesta Nacional de Salud y Nutrici\u00f3n (NHANES) de Estados Unidos para los a\u00f1os 2001-2018 mostraron una tendencia hacia la mejora del control lip\u00eddico entre las personas que superaron un accidente cerebrovascular o un infarto del miocardio (IM), las mujeres siguen teniendo un control lip\u00eddico m\u00e1s deficiente que los hombres.<\/div>\n<div class=\"summary\" style=\"text-align: left;\"><\/div>\n<div class=\"summary\" style=\"text-align: left;\"><\/div>\n<div class=\"summary\" style=\"text-align: left;\"><\/div>\n<div class=\"authors\" style=\"text-align: left;\"><em>Dong W, Yang Z. Trends in lipid profile and lipid control among survivors of stroke or myocardial infarction among US adults, 2001\u20132018. Front Endocrinol 2023;14:1128878<\/em><\/div>\n<p><b>RESUMEN DEL ESTUDIO<\/b><\/p>\n<table border=\"0\" width=\"100%\" cellspacing=\"1\" cellpadding=\"3\" bgcolor=\"#CCCCCC\">\n<tbody>\n<tr valign=\"middle\">\n<td bgcolor=\"#E9E9E9\" width=\"17%\"><strong>Objetivo:<\/strong><\/td>\n<td align=\"left\" bgcolor=\"#FFFFFF\" width=\"83%\"><span>Investigar el cambio en el perfil lip\u00eddico y el control lip\u00eddico entre las personas que superaron un accidente cerebrovascular o un IM entre adultos estadounidenses entre 2001 y 2018.<\/span><\/td>\n<\/tr>\n<tr valign=\"middle\">\n<td bgcolor=\"#E9E9E9\"><strong>Dise\u00f1o del estudio:<\/strong><\/td>\n<td align=\"left\" bgcolor=\"#FFFFFF\">An\u00e1lisis de la base de datos NHANES 2001-2018<\/td>\n<\/tr>\n<tr valign=\"middle\">\n<td valign=\"top\" bgcolor=\"#E9E9E9\"><strong>Poblaci\u00f3n del estudio:<\/strong><\/td>\n<td align=\"left\" bgcolor=\"#FFFFFF\">Personas que superaron un accidente cerebrovascular\/IM de la poblaci\u00f3n de NHANES de al menos 18 a\u00f1os de edad.<\/td>\n<\/tr>\n<tr valign=\"middle\">\n<td bgcolor=\"#E9E9E9\"><strong>Resultados del estudio:<\/strong><\/td>\n<td align=\"left\" bgcolor=\"#FFFFFF\"><span>\u2022 Niveles de l\u00edpidos del colesterol total, colesterol de lipoprote\u00edna de alta densidad (C-HDL), colesterol de lipoprote\u00edna de baja densidad (C-LDL) y triglic\u00e9ridos.<\/span><\/td>\n<\/tr>\n<tr valign=\"middle\">\n<td bgcolor=\"#E9E9E9\"><strong>M\u00e9todos:<\/strong><\/td>\n<td align=\"left\" bgcolor=\"#FFFFFF\"><span>Se presentaron los datos como porcentajes ponderados de la encuesta (cualitativos) o promedios (datos continuos) con un intervalo de confianza (IC) del 95 %. Los datos de los triglic\u00e9ridos se sometieron a transformaci\u00f3n logar\u00edtmica. Las tendencias generales del \u00edndice de la concentraci\u00f3n lip\u00eddica y el control lip\u00eddico en el tiempo se evaluaron usando un an\u00e1lisis de regresi\u00f3n lineal general y transversal para el cambio en el control lip\u00eddico en los subgrupos por sexo y raza.<\/span><\/td>\n<\/tr>\n<\/tbody>\n<\/table>\n<p style=\"text-align: center;\"><strong>RESULTADOS<\/strong><\/p>\n<p><strong> <\/strong><\/p>\n<p><strong><\/strong><\/p>\n<table border=\"0\" width=\"100%\" cellspacing=\"1\" cellpadding=\"3\" bgcolor=\"#CCCCCC\">\n<tbody>\n<tr valign=\"middle\">\n<td bgcolor=\"#E9E9E9\"><strong>Resultados:<\/strong><\/td>\n<td align=\"left\" bgcolor=\"#FFFFFF\"><span>Se incluyeron en el an\u00e1lisis 3736 personas que sufrieron un accidente cerebrovascular\/IM (edad promedio 65.0 a\u00f1os, 54 % hombres, 74 % blancos no hispanos). El porcentaje de personas que informaron tomar medicamentos para la dislipidemia aument\u00f3 del 36.1 % en 2001 a 2002 al 57.1 % en 2017 al 2018. Con la excepci\u00f3n del C-HDL, hubo una tendencia decreciente en los niveles lip\u00eddicos entre 2001-2002 y 2017-2018. El control lip\u00eddico general (definido como colesterol total \u2264 200 mg\/dl) mejor\u00f3 del 56.2 % (intervalo de confianza del 95 %, 43.9 % a 67.7 %) en 2001-2002 al 73.2 % (64.8 % a 80.2 %) en 2017-2018. Sin embargo, las mujeres que superaron un accidente cerebrovascular\/IM ten\u00edan m\u00e1s posibilidades de tener un control lip\u00eddico m\u00e1s deficiente; el odds ratio (indicativo de un \u00edndice mayor de control lip\u00eddico deficiente) para las mujeres en comparaci\u00f3n con los hombres fue de 2.7 en 2001-2004 y 1.4 en 2015-2016.<\/span><\/td>\n<\/tr>\n<tr valign=\"middle\">\n<td bgcolor=\"#E9E9E9\"><strong><span>Conclusiones del autor<\/span>:<\/strong><\/td>\n<td align=\"left\" bgcolor=\"#FFFFFF\"><span>En este estudio transversal, observamos que las concentraciones de l\u00edpidos disminuyeron en las personas que superaron un accidente cerebrovascular o IM. Dichas personas mejoraron el control lip\u00eddico, no obstante, se observ\u00f3 heterogeneidad por sexo y raza.<\/span><\/td>\n<\/tr>\n<\/tbody>\n<\/table>\n<div>\n<p><strong>COMENTARIO<\/strong><\/p>\n<p><span>Este informe de NHANES es positivo en l\u00edneas generales, dado que demuestra que el control lip\u00eddico ha mejorado en los \u00faltimos 18 a\u00f1os, en concordancia con otros informes, y refleja el impacto de los lineamientos cl\u00ednicos actualizados para el manejo de los l\u00edpidos (1,2). Sin embargo, la noticia preocupante es que la mejora en el control lip\u00eddico (definida en t\u00e9rminos de las concentraciones de colesterol total) entre las mujeres ha quedado atr\u00e1s con respecto a los hombres. Se han informado resultados similares previamente (3), lo que reafirma que las mujeres de alto riesgo tienen un manejo m\u00e1s deficiente de la dislipidemia que los hombres, en gran medida porque es menos probable que reciban el tratamiento recomendado por los lineamientos, como la estatina de alta intensidad (4,5). Por tanto, entre las personas que han padecido un episodio cardiovascular, las mujeres reciben un infratratamiento, y por lo tanto es m\u00e1s probable que tengan un riesgo cardiovascular residual m\u00e1s alto que los hombres.<\/span><\/p>\n<\/div>\n<table border=\"0\" width=\"100%\" cellspacing=\"1\" cellpadding=\"3\" bgcolor=\"#CCCCCC\">\n<tbody>\n<tr>\n<td valign=\"top\" bgcolor=\"#E9E9E9\" width=\"13%\"><strong>Referencias<\/strong><\/td>\n<td valign=\"top\" bgcolor=\"#FFFFFF\" width=\"87%\">1. Grundy SM, Stone NJ, Bailey AL, et al. 2018 AHA\/ACC\/AACVPR\/AAPA\/ABC\/ACPM\/ADA\/AGS\/APhA\/ASPC\/NLA\/PCNA guideline on the management of blood cholesterol: a report of the American College of Cardiology\/American Heart Association Task Force on clinical practice guidelines. Circulation 2019; 139: e1082-e1143.<br \/>2. Mach F, Baigent C, Catapano AL, et al. 2019 ESC\/EAS Guidelines for the management of dyslipidaemias: lipid modification to reduce cardiovascular risk. Eur Heart J 2020;41:111-188.<br \/>3. Peters SAE, Muntner P, Woodward M. Sex differences in the prevalence of, and trends in, cardiovascular risk factors, treatment, and control in the United States, 2001 to 2016. Circulation 2019;139:1025-1035.<br \/>4. Peters SAE, Colantonio LD, Zhao H, et al. Sex differences in high-intensity statin use following myocardial infarction in the United States. J Am Coll Cardiol 2018;71:1729-1737.<br \/>5. Rosenson RS, Farkouh ME, Mefford M et al. Trends in use of high-intensity statin therapy after myocardial infarction, 2011 to 2014. J Am Coll Cardiol 2017;69:2696-2706.<\/td>\n<\/tr>\n<tr>\n<td valign=\"top\" bgcolor=\"#E9E9E9\"><strong>Palabras claves<\/strong><\/td>\n<td valign=\"top\" bgcolor=\"#FFFFFF\"><span>NHANES data; trends in lipid control; women versus men<\/span><\/td>\n<\/tr>\n<\/tbody>\n<\/table>\n<p>[\/et_pb_text][\/et_pb_column][\/et_pb_row][\/et_pb_section]<\/p>\n","protected":false},"excerpt":{"rendered":"<p>Control lip\u00eddico en pacientes de alto riesgo: las mujeres siguen por detr\u00e1s de los hombres 6 de julio de 2023 Aunque los datos de la Encuesta Nacional de Salud y Nutrici\u00f3n (NHANES) de Estados Unidos para los a\u00f1os 2001-2018 mostraron una tendencia hacia la mejora del control lip\u00eddico entre las personas que superaron un accidente [&hellip;]<\/p>\n","protected":false},"author":258497325,"featured_media":0,"parent":0,"menu_order":0,"comment_status":"closed","ping_status":"closed","template":"","meta":{"_et_pb_use_builder":"on","_et_pb_old_content":"","_et_gb_content_width":"","_crdt_document":"","jetpack_post_was_ever_published":true,"footnotes":""},"class_list":["post-252685","page","type-page","status-publish","hentry"],"yoast_head":"<!-- This site is optimized with the Yoast SEO plugin v27.3 - https:\/\/yoast.com\/product\/yoast-seo-wordpress\/ -->\n<title>Focus - Control lip\u00eddico en pacientes de alto riesgo: las mujeres siguen por detr\u00e1s de los hombres - R3I<\/title>\n<meta name=\"robots\" content=\"index, follow, max-snippet:-1, max-image-preview:large, max-video-preview:-1\" \/>\n<link rel=\"canonical\" href=\"https:\/\/r3i.org\/es\/focus-control-lipidico-en-pacientes-de-alto-riesgo-las-mujeres-siguen-por-detras-de-los-hombres\/\" \/>\n<meta property=\"og:locale\" content=\"es_ES\" \/>\n<meta property=\"og:type\" content=\"article\" \/>\n<meta property=\"og:title\" content=\"Focus - Control lip\u00eddico en pacientes de alto riesgo: las mujeres siguen por detr\u00e1s de los hombres - R3I\" \/>\n<meta property=\"og:description\" content=\"Control lip\u00eddico en pacientes de alto riesgo: las mujeres siguen por detr\u00e1s de los hombres 6 de julio de 2023 Aunque los datos de la Encuesta Nacional de Salud y Nutrici\u00f3n (NHANES) de Estados Unidos para los a\u00f1os 2001-2018 mostraron una tendencia hacia la mejora del control lip\u00eddico entre las personas que superaron un accidente [&hellip;]\" \/>\n<meta property=\"og:url\" content=\"https:\/\/r3i.org\/es\/focus-control-lipidico-en-pacientes-de-alto-riesgo-las-mujeres-siguen-por-detras-de-los-hombres\/\" \/>\n<meta property=\"og:site_name\" content=\"R3I\" \/>\n<meta property=\"article:modified_time\" content=\"2025-02-18T14:55:10+00:00\" \/>\n<meta name=\"twitter:card\" content=\"summary_large_image\" \/>\n<meta name=\"twitter:label1\" content=\"Tiempo de lectura\" \/>\n\t<meta name=\"twitter:data1\" content=\"4 minutos\" \/>\n<script type=\"application\/ld+json\" class=\"yoast-schema-graph\">{\"@context\":\"https:\\\/\\\/schema.org\",\"@graph\":[{\"@type\":\"WebPage\",\"@id\":\"https:\\\/\\\/r3i.org\\\/es\\\/focus-control-lipidico-en-pacientes-de-alto-riesgo-las-mujeres-siguen-por-detras-de-los-hombres\\\/\",\"url\":\"https:\\\/\\\/r3i.org\\\/es\\\/focus-control-lipidico-en-pacientes-de-alto-riesgo-las-mujeres-siguen-por-detras-de-los-hombres\\\/\",\"name\":\"Focus - Control lip\u00eddico en pacientes de alto riesgo: las mujeres siguen por detr\u00e1s de los hombres - R3I\",\"isPartOf\":{\"@id\":\"https:\\\/\\\/r3i.org\\\/es\\\/#website\"},\"datePublished\":\"2025-01-21T21:40:48+00:00\",\"dateModified\":\"2025-02-18T14:55:10+00:00\",\"breadcrumb\":{\"@id\":\"https:\\\/\\\/r3i.org\\\/es\\\/focus-control-lipidico-en-pacientes-de-alto-riesgo-las-mujeres-siguen-por-detras-de-los-hombres\\\/#breadcrumb\"},\"inLanguage\":\"es\",\"potentialAction\":[{\"@type\":\"ReadAction\",\"target\":[\"https:\\\/\\\/r3i.org\\\/es\\\/focus-control-lipidico-en-pacientes-de-alto-riesgo-las-mujeres-siguen-por-detras-de-los-hombres\\\/\"]}]},{\"@type\":\"BreadcrumbList\",\"@id\":\"https:\\\/\\\/r3i.org\\\/es\\\/focus-control-lipidico-en-pacientes-de-alto-riesgo-las-mujeres-siguen-por-detras-de-los-hombres\\\/#breadcrumb\",\"itemListElement\":[{\"@type\":\"ListItem\",\"position\":1,\"name\":\"Home\",\"item\":\"https:\\\/\\\/r3i.org\\\/es\\\/\"},{\"@type\":\"ListItem\",\"position\":2,\"name\":\"Focus &#8211; Control lip\u00eddico en pacientes de alto riesgo: las mujeres siguen por detr\u00e1s de los hombres\"}]},{\"@type\":\"WebSite\",\"@id\":\"https:\\\/\\\/r3i.org\\\/es\\\/#website\",\"url\":\"https:\\\/\\\/r3i.org\\\/es\\\/\",\"name\":\"R3I\",\"description\":\"Residual Risk Reduction Initiative\",\"publisher\":{\"@id\":\"https:\\\/\\\/r3i.org\\\/es\\\/#organization\"},\"potentialAction\":[{\"@type\":\"SearchAction\",\"target\":{\"@type\":\"EntryPoint\",\"urlTemplate\":\"https:\\\/\\\/r3i.org\\\/es\\\/?s={search_term_string}\"},\"query-input\":{\"@type\":\"PropertyValueSpecification\",\"valueRequired\":true,\"valueName\":\"search_term_string\"}}],\"inLanguage\":\"es\"},{\"@type\":\"Organization\",\"@id\":\"https:\\\/\\\/r3i.org\\\/es\\\/#organization\",\"name\":\"R3I\",\"url\":\"https:\\\/\\\/r3i.org\\\/es\\\/\",\"logo\":{\"@type\":\"ImageObject\",\"inLanguage\":\"es\",\"@id\":\"https:\\\/\\\/r3i.org\\\/es\\\/#\\\/schema\\\/logo\\\/image\\\/\",\"url\":\"https:\\\/\\\/i0.wp.com\\\/r3i.org\\\/wp-content\\\/uploads\\\/2024\\\/11\\\/r3i-logo-transp-1.png?fit=1601%2C834&ssl=1\",\"contentUrl\":\"https:\\\/\\\/i0.wp.com\\\/r3i.org\\\/wp-content\\\/uploads\\\/2024\\\/11\\\/r3i-logo-transp-1.png?fit=1601%2C834&ssl=1\",\"width\":1601,\"height\":834,\"caption\":\"R3I\"},\"image\":{\"@id\":\"https:\\\/\\\/r3i.org\\\/es\\\/#\\\/schema\\\/logo\\\/image\\\/\"}}]}<\/script>\n<!-- \/ Yoast SEO plugin. -->","yoast_head_json":{"title":"Focus - Control lip\u00eddico en pacientes de alto riesgo: las mujeres siguen por detr\u00e1s de los hombres - R3I","robots":{"index":"index","follow":"follow","max-snippet":"max-snippet:-1","max-image-preview":"max-image-preview:large","max-video-preview":"max-video-preview:-1"},"canonical":"https:\/\/r3i.org\/es\/focus-control-lipidico-en-pacientes-de-alto-riesgo-las-mujeres-siguen-por-detras-de-los-hombres\/","og_locale":"es_ES","og_type":"article","og_title":"Focus - Control lip\u00eddico en pacientes de alto riesgo: las mujeres siguen por detr\u00e1s de los hombres - R3I","og_description":"Control lip\u00eddico en pacientes de alto riesgo: las mujeres siguen por detr\u00e1s de los hombres 6 de julio de 2023 Aunque los datos de la Encuesta Nacional de Salud y Nutrici\u00f3n (NHANES) de Estados Unidos para los a\u00f1os 2001-2018 mostraron una tendencia hacia la mejora del control lip\u00eddico entre las personas que superaron un accidente [&hellip;]","og_url":"https:\/\/r3i.org\/es\/focus-control-lipidico-en-pacientes-de-alto-riesgo-las-mujeres-siguen-por-detras-de-los-hombres\/","og_site_name":"R3I","article_modified_time":"2025-02-18T14:55:10+00:00","twitter_card":"summary_large_image","twitter_misc":{"Tiempo de lectura":"4 minutos"},"schema":{"@context":"https:\/\/schema.org","@graph":[{"@type":"WebPage","@id":"https:\/\/r3i.org\/es\/focus-control-lipidico-en-pacientes-de-alto-riesgo-las-mujeres-siguen-por-detras-de-los-hombres\/","url":"https:\/\/r3i.org\/es\/focus-control-lipidico-en-pacientes-de-alto-riesgo-las-mujeres-siguen-por-detras-de-los-hombres\/","name":"Focus - Control lip\u00eddico en pacientes de alto riesgo: las mujeres siguen por detr\u00e1s de los hombres - R3I","isPartOf":{"@id":"https:\/\/r3i.org\/es\/#website"},"datePublished":"2025-01-21T21:40:48+00:00","dateModified":"2025-02-18T14:55:10+00:00","breadcrumb":{"@id":"https:\/\/r3i.org\/es\/focus-control-lipidico-en-pacientes-de-alto-riesgo-las-mujeres-siguen-por-detras-de-los-hombres\/#breadcrumb"},"inLanguage":"es","potentialAction":[{"@type":"ReadAction","target":["https:\/\/r3i.org\/es\/focus-control-lipidico-en-pacientes-de-alto-riesgo-las-mujeres-siguen-por-detras-de-los-hombres\/"]}]},{"@type":"BreadcrumbList","@id":"https:\/\/r3i.org\/es\/focus-control-lipidico-en-pacientes-de-alto-riesgo-las-mujeres-siguen-por-detras-de-los-hombres\/#breadcrumb","itemListElement":[{"@type":"ListItem","position":1,"name":"Home","item":"https:\/\/r3i.org\/es\/"},{"@type":"ListItem","position":2,"name":"Focus &#8211; Control lip\u00eddico en pacientes de alto riesgo: las mujeres siguen por detr\u00e1s de los hombres"}]},{"@type":"WebSite","@id":"https:\/\/r3i.org\/es\/#website","url":"https:\/\/r3i.org\/es\/","name":"R3I","description":"Residual Risk Reduction Initiative","publisher":{"@id":"https:\/\/r3i.org\/es\/#organization"},"potentialAction":[{"@type":"SearchAction","target":{"@type":"EntryPoint","urlTemplate":"https:\/\/r3i.org\/es\/?s={search_term_string}"},"query-input":{"@type":"PropertyValueSpecification","valueRequired":true,"valueName":"search_term_string"}}],"inLanguage":"es"},{"@type":"Organization","@id":"https:\/\/r3i.org\/es\/#organization","name":"R3I","url":"https:\/\/r3i.org\/es\/","logo":{"@type":"ImageObject","inLanguage":"es","@id":"https:\/\/r3i.org\/es\/#\/schema\/logo\/image\/","url":"https:\/\/i0.wp.com\/r3i.org\/wp-content\/uploads\/2024\/11\/r3i-logo-transp-1.png?fit=1601%2C834&ssl=1","contentUrl":"https:\/\/i0.wp.com\/r3i.org\/wp-content\/uploads\/2024\/11\/r3i-logo-transp-1.png?fit=1601%2C834&ssl=1","width":1601,"height":834,"caption":"R3I"},"image":{"@id":"https:\/\/r3i.org\/es\/#\/schema\/logo\/image\/"}}]}},"jetpack_likes_enabled":true,"jetpack_sharing_enabled":true,"jetpack_shortlink":"https:\/\/wp.me\/Pgbfv2-13Jz","jetpack-related-posts":[],"_links":{"self":[{"href":"https:\/\/r3i.org\/es\/wp-json\/wp\/v2\/pages\/252685","targetHints":{"allow":["GET"]}}],"collection":[{"href":"https:\/\/r3i.org\/es\/wp-json\/wp\/v2\/pages"}],"about":[{"href":"https:\/\/r3i.org\/es\/wp-json\/wp\/v2\/types\/page"}],"author":[{"embeddable":true,"href":"https:\/\/r3i.org\/es\/wp-json\/wp\/v2\/users\/258497325"}],"replies":[{"embeddable":true,"href":"https:\/\/r3i.org\/es\/wp-json\/wp\/v2\/comments?post=252685"}],"version-history":[{"count":5,"href":"https:\/\/r3i.org\/es\/wp-json\/wp\/v2\/pages\/252685\/revisions"}],"predecessor-version":[{"id":254825,"href":"https:\/\/r3i.org\/es\/wp-json\/wp\/v2\/pages\/252685\/revisions\/254825"}],"wp:attachment":[{"href":"https:\/\/r3i.org\/es\/wp-json\/wp\/v2\/media?parent=252685"}],"curies":[{"name":"wp","href":"https:\/\/api.w.org\/{rel}","templated":true}]}}