{"id":252666,"date":"2025-01-21T22:45:01","date_gmt":"2025-01-21T21:45:01","guid":{"rendered":"https:\/\/r3i.org\/enfoque-trigliceridos-elevados-un-identificador-prevalente-de-alto-riesgo-cardiovascular\/"},"modified":"2025-02-18T16:03:02","modified_gmt":"2025-02-18T15:03:02","slug":"enfoque-trigliceridos-elevados-un-identificador-prevalente-de-alto-riesgo-cardiovascular","status":"publish","type":"page","link":"https:\/\/r3i.org\/es\/enfoque-trigliceridos-elevados-un-identificador-prevalente-de-alto-riesgo-cardiovascular\/","title":{"rendered":"Enfoque &#8211; Triglic\u00e9ridos elevados, un identificador prevalente de alto riesgo cardiovascular"},"content":{"rendered":"<p>[et_pb_section fb_built=\u00bb1&#8243; _builder_version=\u00bb4.27.4&#8243; _module_preset=\u00bbdefault\u00bb custom_padding=\u00bb1px|||||\u00bb global_colors_info=\u00bb{}\u00bb][et_pb_row _builder_version=\u00bb4.27.4&#8243; _module_preset=\u00bbdefault\u00bb global_colors_info=\u00bb{}\u00bb][et_pb_column type=\u00bb4_4&#8243; _builder_version=\u00bb4.27.4&#8243; _module_preset=\u00bbdefault\u00bb global_colors_info=\u00bb{}\u00bb][et_pb_text _builder_version=\u00bb4.27.4&#8243; _module_preset=\u00bbdefault\u00bb header_2_text_color=\u00bbgcid-primary-color\u00bb header_5_text_color=\u00bbgcid-secondary-color\u00bb text_orientation=\u00bbcenter\u00bb width=\u00bb99%\u00bb custom_margin=\u00bb|-147px||||\u00bb custom_padding=\u00bb|0px||||\u00bb global_colors_info=\u00bb{%22gcid-primary-color%22:%91%22quote_text_color%22,%22quote_text_color%22,%22quote_text_color%22,%22header_2_text_color%22%93,%22gcid-secondary-color%22:%91%22header_5_text_color%22%93}\u00bb]<\/p>\n<h2>Triglic\u00e9ridos elevados, un identificador preponderante de alto riesgo cardiovascular<\/h2>\n<h5><span>13 de abril de 2023<\/span><\/h5>\n<div class=\"summary\" style=\"text-align: left;\">En un amplio estudio de cohorte que incluy\u00f3 a casi 400 000 veteranos, los triglic\u00e9ridos (TG) elevados ayudaron a identificar a las personas con enfermedad cardiovascular confirmada o solo con diabetes con un alto riesgo cardiovascular residual.<\/div>\n<div class=\"summary\" style=\"text-align: left;\"><\/div>\n<div class=\"authors\" style=\"text-align: left;\"><em>Leatherman S, Ferguson R, Hau C, et al. Increased residual cardiovascular risk in U.S. veterans with moderately elevated baseline triglycerides and well-controlled LDL-C levels on statins. Front Cardiovasc Med 2022; 9:982815. doi: 10.3389\/fcvm.2022.982815<\/em><\/div>\n<p style=\"text-align: left;\"><b>RESUMEN DEL ESTUDIO<\/b><\/p>\n<table border=\"0\" width=\"100%\" cellspacing=\"1\" cellpadding=\"3\" bgcolor=\"#CCCCCC\">\n<tbody>\n<tr valign=\"middle\">\n<td bgcolor=\"#E9E9E9\" width=\"17%\"><strong>Objetivo<\/strong><\/td>\n<td align=\"left\" bgcolor=\"#FFFFFF\" width=\"83%\"><span>Investigar el riesgo cardiovascular residual entre las personas con un nivel de colesterol de lipoprote\u00edna de baja densidad (C-LDL) controlado adecuadamente con estatina y niveles de TG elevados en el momento basal (1,7-5,6 mmol\/l o 150\u2013499 mg\/dl) en comparaci\u00f3n con las personas con niveles de TG normales (&lt;1,7 mmol\/l o 150 mg\/dl).<\/span><\/td>\n<\/tr>\n<tr valign=\"middle\">\n<td bgcolor=\"#E9E9E9\"><strong>Dise\u00f1o del estudio<\/strong><\/td>\n<td align=\"left\" bgcolor=\"#FFFFFF\"><span>Estudio de cohorte retrospectivo observacional<\/span><\/td>\n<\/tr>\n<tr valign=\"middle\">\n<td valign=\"top\" bgcolor=\"#E9E9E9\"><strong>Poblaci\u00f3n del estudio<\/strong><\/td>\n<td align=\"left\" bgcolor=\"#FFFFFF\"><span>Personas en la base de datos de historias cl\u00ednicas electr\u00f3nicas de Veteran Affairs (VA) de Estados Unidos, de 18 a\u00f1os o m\u00e1s, y que ten\u00edan valores de C-LDL bien controlados (entre 1,0 y 2,6 mmol\/l o 40\u2013100 mg\/dl) y al menos una medici\u00f3n de TG en 2010. Las personas objeto del estudio no hab\u00edan recibido tratamiento para la disminuci\u00f3n de TG.<\/span><\/td>\n<\/tr>\n<tr valign=\"middle\">\n<td bgcolor=\"#E9E9E9\"><strong>Resultados del estudio<\/strong><\/td>\n<td align=\"left\" bgcolor=\"#FFFFFF\"><span>\u2022 Episodios cardiovasculares graves (MACE): un compuesto de infarto del miocardio (IM) no mortal, accidente cerebrovascular no mortal, angina inestable, revascularizaci\u00f3n coronaria y muerte cardiovascular<\/span><\/td>\n<\/tr>\n<tr valign=\"middle\">\n<td bgcolor=\"#E9E9E9\"><strong>M\u00e9todos<\/strong><\/td>\n<td align=\"left\" bgcolor=\"#FFFFFF\"><span>Se estratific\u00f3 a los participantes en tres grupos de riesgo: (1) sin diabetes y sin episodio cardiovascular previo, (2) con diabetes y sin episodio cardiovascular previo y (3) con episodio cardiovascular previo. Se analizaron los datos en \u00edndices de episodios sin clasificar, cocientes de tasas y cocientes de tasas de episodios, ajustados por edad, sexo, presi\u00f3n sangu\u00ednea sist\u00f3lica, tasa de filtraci\u00f3n glomerular estimada y peso.<\/span><\/td>\n<\/tr>\n<\/tbody>\n<\/table>\n<p style=\"text-align: center;\"><strong>RESULTADOS<\/strong><\/p>\n<p>La cohorte incluy\u00f3 a 396 189 personas que nunca hab\u00edan recibido tratamiento para bajar la concentraci\u00f3n de TG, de las cuales 109 195 (28 %) ten\u00edan TG elevados. Las personas con TG elevados eran m\u00e1s j\u00f3venes (edad promedio 73 en comparaci\u00f3n con 77 a\u00f1os), ten\u00edan un \u00edndice de masa corporal m\u00e1s elevado (IMC, 31,3 versus 28,3 kg\/m2), presi\u00f3n sangu\u00ednea, colesterol total, C-LDL y hemoglobina A1c (7,2 versus 6,7%) m\u00e1s elevados en el momento basal que aquellas con TG m\u00e1s bajos.<\/p>\n<p>En total, los TG elevados estaban asociados con un aumento del 5 % en la incidencia de MACE (cociente de tasa ajustada 1,05, intervalo de confianza [IC] 95 %, 1,03 a 1,06). Cuando se excluy\u00f3 la muerte cardiovascular del endpoint, los TG elevados estaban asociados con un aumento del 16 % de la incidencia de MACE (cociente de tasa 1,16, IC 95 %, 1,13 a 1,18). La relaci\u00f3n entre los valores de TG y el desenlace de MACE no difiri\u00f3 por raza o intensidad de la estatina. Los cocientes de tasa ajustados de cada uno de estos tres grupos de riesgo se resumen a continuaci\u00f3n (Tabla 1).<\/p>\n<p><strong>Tabla 1. Cociente de tasa ajustado para MACE y MACE no mortal estratificados por grupo de riesgo<\/strong><\/p>\n<table class=\"study-table\">\n<tbody>\n<tr>\n<td width=\"131\">\n<p>&nbsp;<\/p>\n<\/td>\n<td width=\"131\">\n<p>Sin CVD previa ni diabetes <br \/>(n = 119 756)<\/p>\n<\/td>\n<td width=\"131\">\n<p>Sin CVD previa con diabetes <br \/>(n = 83 546)<\/p>\n<\/td>\n<td width=\"131\">\n<p>CVD previa <br \/>(n = 192 887)<\/p>\n<\/td>\n<\/tr>\n<tr>\n<td width=\"131\">\n<p>MACE, n (%)<\/p>\n<p>TG elevado<\/p>\n<p>TG normal<\/p>\n<\/td>\n<td width=\"131\">\n<p>&nbsp;<\/p>\n<p>3,514 (13.1%)<\/p>\n<p>12,189 (13.1%)<\/p>\n<\/td>\n<td width=\"131\">\n<p>&nbsp;<\/p>\n<p>4,150 (14.9%)<\/p>\n<p>7,894 (14.2%)<\/p>\n<\/td>\n<td width=\"131\">\n<p>&nbsp;<\/p>\n<p>14,516 (26.6%)<\/p>\n<p>34,679 (25.1%)<\/p>\n<\/td>\n<\/tr>\n<tr>\n<td width=\"131\">\n<p>MACE, cociente de tasa ajustado* <br \/>(IC 95%)<\/p>\n<\/td>\n<td width=\"131\">\n<p>0.98 (0.94, 1.01)<\/p>\n<\/td>\n<td width=\"131\">\n<p>1.05 (1.01, 1.09)<\/p>\n<\/td>\n<td width=\"131\">\n<p>1.05 (1.03, 1.07)<\/p>\n<\/td>\n<\/tr>\n<tr>\n<td width=\"131\">\n<p>MACE no mortal, cociente de tasa ajustado* <br \/>(IC 95%)<\/p>\n<\/td>\n<td width=\"131\">\n<p>1.07 (1.00, 1.15)<\/p>\n<\/td>\n<td width=\"131\">\n<p>1.20 (1.12, 1.27)<\/p>\n<\/td>\n<td width=\"131\">\n<p>1.15 (1.11, 1.18)<\/p>\n<\/td>\n<\/tr>\n<\/tbody>\n<\/table>\n<p>* El cociente de tasas se bas\u00f3 en un modelo lineal generalizado con errores de la distribuci\u00f3n de Poisson, basados en la primera manifestaci\u00f3n del episodio y ajustados por edad, sexo, presi\u00f3n sangu\u00ednea sist\u00f3lica, tasa de filtraci\u00f3n glomerular estimada y peso. CVD enfermedad cardiovascular<\/p>\n<table border=\"0\" width=\"100%\" cellspacing=\"1\" cellpadding=\"3\" bgcolor=\"#CCCCCC\">\n<tbody>\n<tr valign=\"middle\">\n<td bgcolor=\"#E9E9E9\"><strong>Conclusi\u00f3ns del autor<\/strong><\/td>\n<td bgcolor=\"#FFFFFF\" width=\"540\"><span>Subjects with elevated TG levels and well-controlled LDL-C on statins showed a modest increase in cardiovascular events compared to those with normal TG. Elevated TG levels were associated with increased cardiovascular events in patients with established cardiovascular disease and with diabetes only, suggesting that elevated TG levels are associated with a similar degree of residual risk in high-risk primary prevention and secondary prevention settings.<\/span><\/td>\n<\/tr>\n<\/tbody>\n<\/table>\n<div>\n<p><strong>COMENTARIO<\/strong><\/p>\n<p style=\"text-align: left;\">En este amplio estudio observacional con participantes con niveles de C-LDL bien controlados con una estatina, la hipertrigliceridemia moderadamente elevada fue predominante, y afectaba a m\u00e1s de una de cada cuatro personas. Se identific\u00f3 que las personas con este tipo de dislipidemia, con prevenci\u00f3n secundaria y con diabetes, ten\u00edan un riesgo alto de episodios cardiovasculares (recurrentes). Estos resultados son concordantes con un conjunto cada vez m\u00e1s grande de datos que respalda que las concentraciones elevadas de lipoprote\u00ednas ricas en TG (de las cuales los TG son un marcador sustituto) son un factor de riesgo cardiovascular y un factor contribuyente importante en el riesgo cardiovascular residual (1,2).<\/p>\n<p style=\"text-align: left;\">Los estudios prospectivos m\u00e1s importantes (3-5) se han planteado si actuar selectivamente sobre los TG elevados en dichas personas con alto riesgo reduce el riesgo cardiovascular residual. Hasta la fecha, solo uno de estos ensayos \u2014REDUCE-IT, con etilo de icosapento en dosis elevada\u2014 ha demostrado un beneficio cl\u00ednico significativo en los resultados cardiovasculares (3). Es objeto de pol\u00e9mica el motivo por el cual otros estudios no demostraron mejoras en los resultados cardiovasculares a pesar de disminuir los TG en plasma. Las explicaciones propuestas incluyen la naturaleza y la dosis de los \u00e1cidos grasos omega-3, el nivel de cumplimiento del tratamiento (STRENGTH) (4) y el mecanismo de acci\u00f3n potencial para reducir los TG en plasma (PROMINENT) (5). Por tanto, contin\u00faa la b\u00fasqueda de agentes novedosos que disminuyan las lipoprote\u00ednas ricas en TG y el colesterol remanente y reduzcan el riesgo cardiovascular residual. Las inferencias de estos ensayos sugieren que puede ser necesario actuar sobre la producci\u00f3n de lipoprote\u00edna de muy baja densidad, la formaci\u00f3n de remanentes y las v\u00edas de eliminaci\u00f3n de la lipoprote\u00edna rica en TG para apreciar un beneficio cl\u00ednico sustancial en los pacientes de alto riesgo con valores de C-LDL bien controlados. Entre los candidatos probables, la elaboraci\u00f3n de inhibidores novedosos de la apolipoprote\u00edna CIII y de ANGPTL3 (prote\u00edna similar a la angiopoyetina 3) ha atra\u00eddo mucho inter\u00e9s (6); se espera la comprobaci\u00f3n de los beneficios a trav\u00e9s de estudios prospectivos importantes.<\/p>\n<\/div>\n<table border=\"0\" width=\"100%\" cellspacing=\"1\" cellpadding=\"3\" bgcolor=\"#CCCCCC\">\n<tbody>\n<tr>\n<td valign=\"top\" bgcolor=\"#E9E9E9\" width=\"13%\"><strong>Referencias<\/strong><\/td>\n<td valign=\"top\" bgcolor=\"#FFFFFF\" width=\"87%\">1. Nordestgaard BG. Triglyceride-rich lipoproteins and atherosclerotic cardiovascular disease: new insights from epidemiology, genetics, and biology. Circ Res 2016;118:547-63.<br \/>2. Ginsberg HN, Packard CJ, Chapman MJ, et al. Triglyceride-rich lipoproteins and their remnants: metabolic insights, role in atherosclerotic cardiovascular disease, and emerging therapeutic strategies-a consensus statement from the European Atherosclerosis Society. Eur Heart J 2021;42:4791-806.<br \/>3. Bhatt DL, Steg PG, Miller M, et al. Cardiovascular risk reduction with icosapent ethyl for hypertriglyceridemia. N Engl J Med 2019;380:11-22.<br \/>4. Nicholls SJ, Lincoff AM, Garcia M, et al. Effect of high-dose omega-3 fatty acids vs corn oil on major adverse cardiovascular events in patients at high cardiovascular risk: the STRENGTH randomized clinical trial. JAMA 2020;324:2268-80.<br \/>5. Pradhan AD, Glynn RJ, Fruchart JC, et al. Triglyceride lowering with pemafibrate to reduce cardiovascular risk. New Engl J Med 2022; DOI: 10.1056\/NEJMoa2210645.<br \/>6. Ginsberg HN, Goldberg IJ. Broadening the scope of dyslipidemia therapy by targeting APOC3 and ANGPTL3 (Angiopoietin-Like Protein 3). Arterioscler Thromb Vasc Biol 2022; doi: 10.1161\/ATVBAHA.122.317966.<\/td>\n<\/tr>\n<tr>\n<td valign=\"top\" bgcolor=\"#E9E9E9\"><strong>Palabras claves<\/strong><\/td>\n<td valign=\"top\" bgcolor=\"#FFFFFF\"><span>triglycerides, residual cardiovascular risk, cohort study<\/span><\/td>\n<\/tr>\n<\/tbody>\n<\/table>\n<p>[\/et_pb_text][\/et_pb_column][\/et_pb_row][\/et_pb_section]<\/p>\n","protected":false},"excerpt":{"rendered":"<p>Triglic\u00e9ridos elevados, un identificador preponderante de alto riesgo cardiovascular 13 de abril de 2023 En un amplio estudio de cohorte que incluy\u00f3 a casi 400 000 veteranos, los triglic\u00e9ridos (TG) elevados ayudaron a identificar a las personas con enfermedad cardiovascular confirmada o solo con diabetes con un alto riesgo cardiovascular residual. Leatherman S, Ferguson R, [&hellip;]<\/p>\n","protected":false},"author":258497325,"featured_media":0,"parent":0,"menu_order":0,"comment_status":"closed","ping_status":"closed","template":"","meta":{"_et_pb_use_builder":"on","_et_pb_old_content":"","_et_gb_content_width":"","_crdt_document":"","jetpack_post_was_ever_published":true,"footnotes":""},"class_list":["post-252666","page","type-page","status-publish","hentry"],"yoast_head":"<!-- This site is optimized with the Yoast SEO plugin v27.3 - https:\/\/yoast.com\/product\/yoast-seo-wordpress\/ -->\n<title>Enfoque - Triglic\u00e9ridos elevados, un identificador prevalente de alto riesgo cardiovascular - R3I<\/title>\n<meta name=\"robots\" content=\"index, follow, max-snippet:-1, max-image-preview:large, max-video-preview:-1\" \/>\n<link rel=\"canonical\" href=\"https:\/\/r3i.org\/es\/enfoque-trigliceridos-elevados-un-identificador-prevalente-de-alto-riesgo-cardiovascular\/\" \/>\n<meta property=\"og:locale\" content=\"es_ES\" \/>\n<meta property=\"og:type\" content=\"article\" \/>\n<meta property=\"og:title\" content=\"Enfoque - Triglic\u00e9ridos elevados, un identificador prevalente de alto riesgo cardiovascular - R3I\" \/>\n<meta property=\"og:description\" content=\"Triglic\u00e9ridos elevados, un identificador preponderante de alto riesgo cardiovascular 13 de abril de 2023 En un amplio estudio de cohorte que incluy\u00f3 a casi 400 000 veteranos, los triglic\u00e9ridos (TG) elevados ayudaron a identificar a las personas con enfermedad cardiovascular confirmada o solo con diabetes con un alto riesgo cardiovascular residual. Leatherman S, Ferguson R, [&hellip;]\" \/>\n<meta property=\"og:url\" content=\"https:\/\/r3i.org\/es\/enfoque-trigliceridos-elevados-un-identificador-prevalente-de-alto-riesgo-cardiovascular\/\" \/>\n<meta property=\"og:site_name\" content=\"R3I\" \/>\n<meta property=\"article:modified_time\" content=\"2025-02-18T15:03:02+00:00\" \/>\n<meta name=\"twitter:card\" content=\"summary_large_image\" \/>\n<meta name=\"twitter:label1\" content=\"Tiempo de lectura\" \/>\n\t<meta name=\"twitter:data1\" content=\"6 minutos\" \/>\n<script type=\"application\/ld+json\" class=\"yoast-schema-graph\">{\"@context\":\"https:\\\/\\\/schema.org\",\"@graph\":[{\"@type\":\"WebPage\",\"@id\":\"https:\\\/\\\/r3i.org\\\/es\\\/enfoque-trigliceridos-elevados-un-identificador-prevalente-de-alto-riesgo-cardiovascular\\\/\",\"url\":\"https:\\\/\\\/r3i.org\\\/es\\\/enfoque-trigliceridos-elevados-un-identificador-prevalente-de-alto-riesgo-cardiovascular\\\/\",\"name\":\"Enfoque - Triglic\u00e9ridos elevados, un identificador prevalente de alto riesgo cardiovascular - R3I\",\"isPartOf\":{\"@id\":\"https:\\\/\\\/r3i.org\\\/es\\\/#website\"},\"datePublished\":\"2025-01-21T21:45:01+00:00\",\"dateModified\":\"2025-02-18T15:03:02+00:00\",\"breadcrumb\":{\"@id\":\"https:\\\/\\\/r3i.org\\\/es\\\/enfoque-trigliceridos-elevados-un-identificador-prevalente-de-alto-riesgo-cardiovascular\\\/#breadcrumb\"},\"inLanguage\":\"es\",\"potentialAction\":[{\"@type\":\"ReadAction\",\"target\":[\"https:\\\/\\\/r3i.org\\\/es\\\/enfoque-trigliceridos-elevados-un-identificador-prevalente-de-alto-riesgo-cardiovascular\\\/\"]}]},{\"@type\":\"BreadcrumbList\",\"@id\":\"https:\\\/\\\/r3i.org\\\/es\\\/enfoque-trigliceridos-elevados-un-identificador-prevalente-de-alto-riesgo-cardiovascular\\\/#breadcrumb\",\"itemListElement\":[{\"@type\":\"ListItem\",\"position\":1,\"name\":\"Home\",\"item\":\"https:\\\/\\\/r3i.org\\\/es\\\/\"},{\"@type\":\"ListItem\",\"position\":2,\"name\":\"Enfoque &#8211; Triglic\u00e9ridos elevados, un identificador prevalente de alto riesgo cardiovascular\"}]},{\"@type\":\"WebSite\",\"@id\":\"https:\\\/\\\/r3i.org\\\/es\\\/#website\",\"url\":\"https:\\\/\\\/r3i.org\\\/es\\\/\",\"name\":\"R3I\",\"description\":\"Residual Risk Reduction Initiative\",\"publisher\":{\"@id\":\"https:\\\/\\\/r3i.org\\\/es\\\/#organization\"},\"potentialAction\":[{\"@type\":\"SearchAction\",\"target\":{\"@type\":\"EntryPoint\",\"urlTemplate\":\"https:\\\/\\\/r3i.org\\\/es\\\/?s={search_term_string}\"},\"query-input\":{\"@type\":\"PropertyValueSpecification\",\"valueRequired\":true,\"valueName\":\"search_term_string\"}}],\"inLanguage\":\"es\"},{\"@type\":\"Organization\",\"@id\":\"https:\\\/\\\/r3i.org\\\/es\\\/#organization\",\"name\":\"R3I\",\"url\":\"https:\\\/\\\/r3i.org\\\/es\\\/\",\"logo\":{\"@type\":\"ImageObject\",\"inLanguage\":\"es\",\"@id\":\"https:\\\/\\\/r3i.org\\\/es\\\/#\\\/schema\\\/logo\\\/image\\\/\",\"url\":\"https:\\\/\\\/i0.wp.com\\\/r3i.org\\\/wp-content\\\/uploads\\\/2024\\\/11\\\/r3i-logo-transp-1.png?fit=1601%2C834&ssl=1\",\"contentUrl\":\"https:\\\/\\\/i0.wp.com\\\/r3i.org\\\/wp-content\\\/uploads\\\/2024\\\/11\\\/r3i-logo-transp-1.png?fit=1601%2C834&ssl=1\",\"width\":1601,\"height\":834,\"caption\":\"R3I\"},\"image\":{\"@id\":\"https:\\\/\\\/r3i.org\\\/es\\\/#\\\/schema\\\/logo\\\/image\\\/\"}}]}<\/script>\n<!-- \/ Yoast SEO plugin. -->","yoast_head_json":{"title":"Enfoque - Triglic\u00e9ridos elevados, un identificador prevalente de alto riesgo cardiovascular - R3I","robots":{"index":"index","follow":"follow","max-snippet":"max-snippet:-1","max-image-preview":"max-image-preview:large","max-video-preview":"max-video-preview:-1"},"canonical":"https:\/\/r3i.org\/es\/enfoque-trigliceridos-elevados-un-identificador-prevalente-de-alto-riesgo-cardiovascular\/","og_locale":"es_ES","og_type":"article","og_title":"Enfoque - Triglic\u00e9ridos elevados, un identificador prevalente de alto riesgo cardiovascular - R3I","og_description":"Triglic\u00e9ridos elevados, un identificador preponderante de alto riesgo cardiovascular 13 de abril de 2023 En un amplio estudio de cohorte que incluy\u00f3 a casi 400 000 veteranos, los triglic\u00e9ridos (TG) elevados ayudaron a identificar a las personas con enfermedad cardiovascular confirmada o solo con diabetes con un alto riesgo cardiovascular residual. Leatherman S, Ferguson R, [&hellip;]","og_url":"https:\/\/r3i.org\/es\/enfoque-trigliceridos-elevados-un-identificador-prevalente-de-alto-riesgo-cardiovascular\/","og_site_name":"R3I","article_modified_time":"2025-02-18T15:03:02+00:00","twitter_card":"summary_large_image","twitter_misc":{"Tiempo de lectura":"6 minutos"},"schema":{"@context":"https:\/\/schema.org","@graph":[{"@type":"WebPage","@id":"https:\/\/r3i.org\/es\/enfoque-trigliceridos-elevados-un-identificador-prevalente-de-alto-riesgo-cardiovascular\/","url":"https:\/\/r3i.org\/es\/enfoque-trigliceridos-elevados-un-identificador-prevalente-de-alto-riesgo-cardiovascular\/","name":"Enfoque - Triglic\u00e9ridos elevados, un identificador prevalente de alto riesgo cardiovascular - R3I","isPartOf":{"@id":"https:\/\/r3i.org\/es\/#website"},"datePublished":"2025-01-21T21:45:01+00:00","dateModified":"2025-02-18T15:03:02+00:00","breadcrumb":{"@id":"https:\/\/r3i.org\/es\/enfoque-trigliceridos-elevados-un-identificador-prevalente-de-alto-riesgo-cardiovascular\/#breadcrumb"},"inLanguage":"es","potentialAction":[{"@type":"ReadAction","target":["https:\/\/r3i.org\/es\/enfoque-trigliceridos-elevados-un-identificador-prevalente-de-alto-riesgo-cardiovascular\/"]}]},{"@type":"BreadcrumbList","@id":"https:\/\/r3i.org\/es\/enfoque-trigliceridos-elevados-un-identificador-prevalente-de-alto-riesgo-cardiovascular\/#breadcrumb","itemListElement":[{"@type":"ListItem","position":1,"name":"Home","item":"https:\/\/r3i.org\/es\/"},{"@type":"ListItem","position":2,"name":"Enfoque &#8211; Triglic\u00e9ridos elevados, un identificador prevalente de alto riesgo cardiovascular"}]},{"@type":"WebSite","@id":"https:\/\/r3i.org\/es\/#website","url":"https:\/\/r3i.org\/es\/","name":"R3I","description":"Residual Risk Reduction Initiative","publisher":{"@id":"https:\/\/r3i.org\/es\/#organization"},"potentialAction":[{"@type":"SearchAction","target":{"@type":"EntryPoint","urlTemplate":"https:\/\/r3i.org\/es\/?s={search_term_string}"},"query-input":{"@type":"PropertyValueSpecification","valueRequired":true,"valueName":"search_term_string"}}],"inLanguage":"es"},{"@type":"Organization","@id":"https:\/\/r3i.org\/es\/#organization","name":"R3I","url":"https:\/\/r3i.org\/es\/","logo":{"@type":"ImageObject","inLanguage":"es","@id":"https:\/\/r3i.org\/es\/#\/schema\/logo\/image\/","url":"https:\/\/i0.wp.com\/r3i.org\/wp-content\/uploads\/2024\/11\/r3i-logo-transp-1.png?fit=1601%2C834&ssl=1","contentUrl":"https:\/\/i0.wp.com\/r3i.org\/wp-content\/uploads\/2024\/11\/r3i-logo-transp-1.png?fit=1601%2C834&ssl=1","width":1601,"height":834,"caption":"R3I"},"image":{"@id":"https:\/\/r3i.org\/es\/#\/schema\/logo\/image\/"}}]}},"jetpack_likes_enabled":true,"jetpack_sharing_enabled":true,"jetpack_shortlink":"https:\/\/wp.me\/Pgbfv2-13Jg","jetpack-related-posts":[],"_links":{"self":[{"href":"https:\/\/r3i.org\/es\/wp-json\/wp\/v2\/pages\/252666","targetHints":{"allow":["GET"]}}],"collection":[{"href":"https:\/\/r3i.org\/es\/wp-json\/wp\/v2\/pages"}],"about":[{"href":"https:\/\/r3i.org\/es\/wp-json\/wp\/v2\/types\/page"}],"author":[{"embeddable":true,"href":"https:\/\/r3i.org\/es\/wp-json\/wp\/v2\/users\/258497325"}],"replies":[{"embeddable":true,"href":"https:\/\/r3i.org\/es\/wp-json\/wp\/v2\/comments?post=252666"}],"version-history":[{"count":4,"href":"https:\/\/r3i.org\/es\/wp-json\/wp\/v2\/pages\/252666\/revisions"}],"predecessor-version":[{"id":254829,"href":"https:\/\/r3i.org\/es\/wp-json\/wp\/v2\/pages\/252666\/revisions\/254829"}],"wp:attachment":[{"href":"https:\/\/r3i.org\/es\/wp-json\/wp\/v2\/media?parent=252666"}],"curies":[{"name":"wp","href":"https:\/\/api.w.org\/{rel}","templated":true}]}}