{"id":252658,"date":"2025-01-21T19:03:31","date_gmt":"2025-01-21T18:03:31","guid":{"rendered":"https:\/\/r3i.org\/enfoque-enfermedad-microvascular-comorbida-en-pacientes-con-arteriopatia-periferica-un-problema-creciente\/"},"modified":"2025-02-17T00:25:46","modified_gmt":"2025-02-16T23:25:46","slug":"enfoque-enfermedad-microvascular-comorbida-en-pacientes-con-arteriopatia-periferica-un-problema-creciente","status":"publish","type":"page","link":"https:\/\/r3i.org\/es\/enfoque-enfermedad-microvascular-comorbida-en-pacientes-con-arteriopatia-periferica-un-problema-creciente\/","title":{"rendered":"Enfoque &#8211; Enfermedad microvascular com\u00f3rbida en pacientes con arteriopat\u00eda perif\u00e9rica: un problema creciente"},"content":{"rendered":"<p>[et_pb_section fb_built=\u00bb1&#8243; _builder_version=\u00bb4.27.4&#8243; _module_preset=\u00bbdefault\u00bb custom_padding=\u00bb1px|||||\u00bb global_colors_info=\u00bb{}\u00bb][et_pb_row _builder_version=\u00bb4.27.4&#8243; _module_preset=\u00bbdefault\u00bb global_colors_info=\u00bb{}\u00bb custom_padding=\u00bb38px|||||\u00bb][et_pb_column type=\u00bb4_4&#8243; _builder_version=\u00bb4.27.4&#8243; _module_preset=\u00bbdefault\u00bb global_colors_info=\u00bb{}\u00bb][et_pb_text _builder_version=\u00bb4.27.4&#8243; _module_preset=\u00bbdefault\u00bb header_2_text_color=\u00bbgcid-primary-color\u00bb header_5_text_color=\u00bbgcid-secondary-color\u00bb text_orientation=\u00bbcenter\u00bb width=\u00bb99%\u00bb custom_margin=\u00bb|-147px||||\u00bb custom_padding=\u00bb|0px||||\u00bb global_colors_info=\u00bb{%22gcid-primary-color%22:%91%22quote_text_color%22,%22quote_text_color%22,%22quote_text_color%22,%22header_2_text_color%22%93,%22gcid-secondary-color%22:%91%22header_5_text_color%22%93}\u00bb]<\/p>\n<p style=\"font-weight: 400;\"><strong><em>Enfoque en el riesgo macrovascular y microvascular<\/em><\/strong><\/p>\n<h2>Enfermedad microvascular concomitante en pacientes con arteriopat\u00eda perif\u00e9rica: un problema en aumento<\/h2>\n<h5><span>12 de marzo de 2024<\/span><\/h5>\n<p style=\"text-align: left;\">Seg\u00fan datos de m\u00e1s de 33 millones de hospitalizaciones en Estados Unidos, m\u00e1s del 25 % de los pacientes ingresados con arteriopat\u00eda perif\u00e9rica (PAD) ten\u00edan enfermedad microvascular concomitante. Este grupo ten\u00eda un riesgo mayor de episodios cardiovasculares y en las extremidades graves.<br \/>Grubman S, Algara M, Smolderen KG, et al. Examining outcomes in patients admitted with comorbid peripheral artery disease and microvascular disease. J Am Heart Assoc 2024;13:e030710.<\/p>\n<p><b>RESUMEN DEL ESTUDIO<\/b><\/p>\n<table border=\"0\" width=\"100%\" cellspacing=\"1\" cellpadding=\"3\" bgcolor=\"#CCCCCC\">\n<tbody>\n<tr valign=\"middle\">\n<td bgcolor=\"#E9E9E9\" width=\"17%\"><strong>Objetivo:<\/strong><\/td>\n<td align=\"left\" bgcolor=\"#FFFFFF\" width=\"83%\">Caracterizar a los pacientes con arteriopat\u00eda perif\u00e9rica (PAD) y enfermedad microvascular y determinar el efecto de estas comorbilidades en los resultados cardiovasculares y en las extremidades.<\/td>\n<\/tr>\n<tr valign=\"middle\">\n<td bgcolor=\"#E9E9E9\"><strong>Dise\u00f1o del estudio:<\/strong><\/td>\n<td align=\"left\" bgcolor=\"#FFFFFF\">Datos observacionales extra\u00eddos de los ingresos hospitalarios de la Base Nacional de Datos de Reingresos Hospitalarios de Estados Unidos. <\/p>\n<\/td>\n<\/tr>\n<tr valign=\"middle\">\n<td valign=\"top\" bgcolor=\"#E9E9E9\"><strong>Poblaci\u00f3n del estudio:<\/strong><\/td>\n<td align=\"left\" bgcolor=\"#FFFFFF\">Adultos (\u226518 a\u00f1os) hospitalizados con PAD o enfermedad microvascular (2011-2018). Se excluyeron las personas con causas no ateroscler\u00f3ticas de lesi\u00f3n en las piernas.<\/td>\n<\/tr>\n<tr valign=\"middle\">\n<td bgcolor=\"#E9E9E9\"><strong>Resultados del estudio:<\/strong><\/td>\n<td align=\"left\" bgcolor=\"#FFFFFF\">Principal: amputaciones mayores y menores, episodios cardiovasculares graves (MACE), mortalidad por todas las causas en el hospital y reingreso hospitalario. Se defini\u00f3 a las amputaciones como mayores a las amputaciones por encima de la articulaci\u00f3n del tobillo y como menores a las producidas en este nivel o por debajo. Se defini\u00f3 a MACE como uno o m\u00e1s de los siguientes episodios: Infarto de miocardio (IM) con elevaci\u00f3n del segmento ST, IM sin elevaci\u00f3n del segmento ST o accidente cerebrovascular isqu\u00e9mico. Se consideraron los reingresos hospitalarios por cualquier causa dentro del lapso de 1 a\u00f1o calendario o hasta la muerte. <br \/>Secundarios: procedimiento de revascularizaci\u00f3n de las extremidades inferiores endovascular o quir\u00fargico, mediana de la duraci\u00f3n de la internaci\u00f3n y costos asociados con el \u00edndice de hospitalizaci\u00f3n. <\/td>\n<\/tr>\n<tr valign=\"middle\">\n<td bgcolor=\"#E9E9E9\"><strong>M\u00e9todos:<\/strong><\/td>\n<td align=\"left\" bgcolor=\"#FFFFFF\">Se categoriz\u00f3 a los pacientes de la siguiente manera: 1) diagnosticados solo con PAD, 2) diagnosticados solo con enfermedad microvascular o 3) diagnosticados con ambas afecciones. Se utiliz\u00f3 la regresi\u00f3n log\u00edstica m\u00faltiple para evaluar las asociaciones entre los grupos de enfermedad y las amputaciones mayores, las amputaciones menores, MACE y la mortalidad en el hospital. Se ajustaron los modelos por datos sociodemogr\u00e1ficos y enfermedades concomitantes, incluida la hipertensi\u00f3n, la valvulopat\u00eda, la diabetes, la enfermedad de las arterias coronarias, la insuficiencia card\u00edaca, la neumopat\u00eda cr\u00f3nica, la insuficiencia renal, la anemia, el hipotiroidismo, la obesidad, el tabaquismo, la dislipidemia y la depresi\u00f3n. Se us\u00f3 un modelo de riesgos proporcionales de Cox para evaluar la asociaci\u00f3n entre riesgo de reingreso hospitalario a 1 a\u00f1o y grupo de enfermedad.<\/td>\n<\/tr>\n<\/tbody>\n<\/table>\n<p style=\"text-align: center;\"><strong>RESULTADOS<br \/><\/strong><\/p>\n<table width=\"626\" style=\"font-weight: 400;\">\n<tbody>\n<tr>\n<td width=\"529\">\n<p><span>Se analizaron datos de 33,972,772 hospitalizaciones (53\u00a0%), ~9.1 millones de ellas solo con PAD, 21.3 millones solo con enfermedad microvascular y 3.6 millones con ambas afecciones.\u00a0 La mediana de edad para las tres cohortes iba de los 72.9 a\u00f1os (cohorte solo con PAD) y los 67.5 a\u00f1os (cohorte solo con enfermedad microvascular). En comparaci\u00f3n con los pacientes solo con PAD, aquellos que ten\u00edan PAD y enfermedad microvascular ten\u00edan \u00edndices 2 veces m\u00e1s altos de diabetes (riesgo relativo [RR] 2.1) e insuficiencia renal (RR 2.5), adem\u00e1s de riesgos m\u00e1s elevados de anemia y obesidad. <\/span><\/p>\n<p><span>\u00a0<\/span><\/p>\n<p><span>Los pacientes que ten\u00edan PAD y enfermedad microvascular ten\u00edan \u00edndices m\u00e1s elevados de amputaci\u00f3n mayor o menor en comparaci\u00f3n con quienes solo ten\u00edan PAD (RR 1.8 y 3.0) o que solo ten\u00edan enfermedad microvascular (RR 25.2 y 11.5), adem\u00e1s de un riesgo mayor de MACE en comparaci\u00f3n con la enfermedad microvascular solamente (10.6\u00a0% <em>versus<\/em> 7.4\u00a0%) (<strong>Tabla 1<\/strong>). La mortalidad en el hospital no difiri\u00f3 sustancialmente entre los tres grupos. Los \u00edndices de revascularizaci\u00f3n quir\u00fargica o endovascular eran m\u00e1s altos en los grupos con PAD sola o con ambas afecciones en comparaci\u00f3n con quienes ten\u00edan enfermedad microvascular (11.2\u00a0%, 8.8\u00a0% y 0.3\u00a0%, respectivamente). <\/span><\/p>\n<p><span>\u00a0<\/span><\/p>\n<p style=\"text-align: center;\"><strong><span>Tabla 1. Resultados estratificados por cohorte.<\/span><\/strong><\/p>\n<table>\n<tbody>\n<tr>\n<td width=\"131\">\n<p><span>Episodio, n (%)<\/span><\/p>\n<\/td>\n<td width=\"131\">\n<p><span>Solo PAD<\/span><\/p>\n<p><span>n\u00a0=\u00a09,133,257<\/span><\/p>\n<\/td>\n<td width=\"131\">\n<p><span>Solo enfermedad microvascular<\/span><\/p>\n<p><span>n\u00a0=\u00a021,270,667<\/span><\/p>\n<\/td>\n<td width=\"131\">\n<p><span>Ambas afecciones<\/span><\/p>\n<p><span>n\u00a0=\u00a03,568,848<\/span><\/p>\n<\/td>\n<\/tr>\n<tr>\n<td width=\"131\">\n<p><span>Amputaci\u00f3n mayor<\/span><\/p>\n<\/td>\n<td width=\"131\">\n<p><span>235183 (2,6)<\/span><\/p>\n<\/td>\n<td width=\"131\">\n<p><span>38235 (0,2)<\/span><\/p>\n<\/td>\n<td width=\"131\">\n<p><span>162009 (4,5)<\/span><\/p>\n<\/td>\n<\/tr>\n<tr>\n<td width=\"131\">\n<p><span>Amputaci\u00f3n menor<\/span><\/p>\n<\/td>\n<td width=\"131\">\n<p><span>223241 (2.4)<\/span><\/p>\n<\/td>\n<td width=\"131\">\n<p><span>135477 (0.6)<\/span><\/p>\n<\/td>\n<td width=\"131\">\n<p><span>262930 (7.4)<\/span><\/p>\n<\/td>\n<\/tr>\n<tr>\n<td width=\"131\">\n<p><span>MACE<\/span><\/p>\n<\/td>\n<td width=\"131\">\n<p><span>902192 (9.9)<\/span><\/p>\n<\/td>\n<td width=\"131\">\n<p><span>1584635 (7.4)<\/span><\/p>\n<\/td>\n<td width=\"131\">\n<p><span>379912 (10.6)<\/span><\/p>\n<\/td>\n<\/tr>\n<tr>\n<td width=\"131\">\n<p><span>Mortalidad en el hospital<\/span><\/p>\n<\/td>\n<td width=\"131\">\n<p><span>368142 (4.0)<\/span><\/p>\n<\/td>\n<td width=\"131\">\n<p><span>694932 (3.3)<\/span><\/p>\n<\/td>\n<td width=\"131\">\n<p><span>130858 (3.7)<\/span><\/p>\n<\/td>\n<\/tr>\n<\/tbody>\n<\/table>\n<\/td>\n<\/tr>\n<tr>\n<td width=\"529\">\n<p><span>Incluso despu\u00e9s del ajuste por las caracter\u00edsticas de cada paciente y hospital, el diagn\u00f3stico de enfermedad microvascular con PAD en comparaci\u00f3n con solo PAD estaba m\u00e1s fuertemente vinculado a amputaciones mayores y menores, MACE, mortalidad en el hospital y riesgo de reingreso hospitalario ajustado en 1 a\u00f1o (<strong>Tabla 2<\/strong>). <\/span><\/p>\n<p style=\"text-align: center;\"><strong><span>Tabla 2. Odds ratio ajustado (intervalo de confianza 95\u00a0%) para los resultados adversos.<\/span><\/strong><\/p>\n<table width=\"550\">\n<tbody>\n<tr>\n<td width=\"130\">\n<p><span>\u00a0<\/span><\/p>\n<\/td>\n<td width=\"105\">\n<p><span>Amputaci\u00f3n mayor<\/span><\/p>\n<\/td>\n<td width=\"105\">\n<p><span>Amputaci\u00f3n menor<\/span><\/p>\n<\/td>\n<td width=\"105\">\n<p><span>MACE<\/span><\/p>\n<\/td>\n<td width=\"83\">\n<p><span>Mortalidad en el hospital<\/span><\/p>\n<\/td>\n<td width=\"22\">\n<p>&nbsp;<\/p>\n<\/td>\n<\/tr>\n<tr>\n<td colspan=\"2\" width=\"235\">\n<p><span>Solo PAD (referencia)<\/span><\/p>\n<\/td>\n<td width=\"105\">\n<p><span>\u00a0<\/span><\/p>\n<\/td>\n<td width=\"105\">\n<p><span>\u00a0<\/span><\/p>\n<\/td>\n<td colspan=\"2\" width=\"105\">\n<p><span>\u00a0<\/span><\/p>\n<\/td>\n<\/tr>\n<tr>\n<td width=\"130\">\n<p><span>Solo enfermedad microvascular<\/span><\/p>\n<\/td>\n<td width=\"105\">\n<p><span>0.05 (0.05)<\/span><\/p>\n<\/td>\n<td width=\"105\">\n<p><span>0.15 <\/span><\/p>\n<p><span>(0.14-0.15)<\/span><\/p>\n<\/td>\n<td width=\"105\">\n<p><span>0.66 <\/span><\/p>\n<p><span>(0.61-0.70)<\/span><\/p>\n<\/td>\n<td width=\"83\">\n<p><span>0.73<\/span><\/p>\n<p><span>(0.73-0.74)<\/span><\/p>\n<\/td>\n<td width=\"22\">\n<p>&nbsp;<\/p>\n<\/td>\n<\/tr>\n<tr>\n<td width=\"130\">\n<p><span>Ambas afecciones<\/span><\/p>\n<\/td>\n<td width=\"105\">\n<p><span>1.30 <\/span><\/p>\n<p><span>(1.28-1.32)<\/span><\/p>\n<\/td>\n<td width=\"105\">\n<p><span>2.15 <\/span><\/p>\n<p><span>(2.12-2.18)<\/span><\/p>\n<\/td>\n<td width=\"105\">\n<p><span>1.04 <\/span><\/p>\n<p><span>(1.03-1.04)<\/span><\/p>\n<\/td>\n<td width=\"83\">\n<p><span>1.07<\/span><\/p>\n<p><span>(1.05-1.09)<\/span><\/p>\n<\/td>\n<td width=\"22\">\n<p>&nbsp;<\/p>\n<\/td>\n<\/tr>\n<\/tbody>\n<\/table>\n<\/td>\n<\/tr>\n<\/tbody>\n<\/table>\n<table class=\"study-table\">\n<tbody>\n<tr>\n<td width=\"130\"><\/td>\n<td width=\"105\"><\/td>\n<td width=\"105\"><\/td>\n<td width=\"105\"><\/td>\n<td width=\"83\"><\/td>\n<td width=\"22\">\n<p>&nbsp;<\/p>\n<\/td>\n<\/tr>\n<\/tbody>\n<\/table>\n<p>&nbsp;<\/p>\n<table border=\"0\" width=\"100%\" cellspacing=\"1\" cellpadding=\"3\" bgcolor=\"#CCCCCC\">\n<tbody>\n<tr>\n<td bgcolor=\"#E9E9E9\">\n<div><b><span lang=\"ES\">Conclusiones del autor<\/span><\/b><\/div>\n<div><\/div>\n<\/td>\n<td>\n<p>La enfermedad microvascular concomitante est\u00e1 presente en una cantidad amplia y creciente de pacientes con PAD y est\u00e1 relacionada con un mayor riesgo de resultados adversos.<\/p>\n<\/td>\n<\/tr>\n<\/tbody>\n<\/table>\n<div>\n<p><strong>COMENTARIO<\/strong><\/p>\n<p style=\"text-align: left;\">La arteriopat\u00eda perif\u00e9rica es la tercera enfermedad cardiovascular en importancia, afecta a m\u00e1s de 200 millones de personas en todo el mundo (1) y se espera que aumente en el futuro con el envejecimiento de la poblaci\u00f3n mundial. La PAD est\u00e1 asociada con un aumento del riesgo de los procesos patol\u00f3gicos cardiovasculares y la mortalidad, adem\u00e1s de las amputaciones de las extremidades inferiores (1,2). Tanto la enfermedad macrovascular como la microvascular est\u00e1n implicadas en la fisiopatolog\u00eda de la PAD (1,3).<\/p>\n<p style=\"text-align: left;\">Este estudio resalta la prevalencia de la enfermedad microvascular en pacientes ingresados en el hospital con PAD, con m\u00e1s de un cuarto de ellos con enfermedad microvascular concomitante. Estas personas tambi\u00e9n ten\u00edan un riesgo m\u00e1s elevado de amputaci\u00f3n mayor y menor, MACE y mortalidad en el hospital que aquellos con PAD sin enfermedad microvascular. Adem\u00e1s, el estudio tambi\u00e9n muestra que el ingreso hospitalario anual por PAD en Estados Unidos aument\u00f3 en m\u00e1s del 30 % durante el periodo 2011-2018, con una magnitud de aumento similar para las personas con PAD y enfermedad microvascular concomitantes; el \u00faltimo grupo tambi\u00e9n tuvo un aumento en las amputaciones mayores y menores en comparaci\u00f3n con el grupo que solo ten\u00eda PAD.<\/p>\n<p style=\"text-align: left;\">Aunque el estudio tiene limitaciones inherentes por su dise\u00f1o retrospectivo y observacional, adem\u00e1s de los inconvenientes para la recopilaci\u00f3n de la enfermedad microvascular en los c\u00f3digos diagn\u00f3sticos, tambi\u00e9n tiene implicaciones cl\u00ednicas importantes. Dado el aumento del riesgo de episodios adversos tanto cardiovasculares como en las extremidades asociados con la PAD y la enfermedad microvascular concomitantes, existe una necesidad de mayor \u00e9nfasis en la detecci\u00f3n y el tratamiento de la enfermedad microvascular, adem\u00e1s de los factores de riesgo establecidos, entre los pacientes con PAD. Por \u00faltimo, el estudio resalta la necesidad de mayores investigaciones de los mecanismos que conducen a una mayor comorbilidad y mortalidad de este grupo de pacientes. <\/p>\n<\/div>\n<table border=\"0\" width=\"100%\" cellspacing=\"1\" cellpadding=\"3\" bgcolor=\"#CCCCCC\">\n<tbody>\n<tr>\n<td valign=\"top\" bgcolor=\"#E9E9E9\" width=\"13%\"><strong>Referencias<\/strong><\/td>\n<td valign=\"top\" bgcolor=\"#FFFFFF\" width=\"87%\">1. Fowkes FGR, Rudan D, Rudan I, et al. Comparison of global estimates of prevalence and risk factors for peripheral artery disease in 2000 and 2010: a systematic review and analysis. Lancet 2013;382:1329-40.<br \/>2. Anand SS, Caron F, Eikelboom JW, et al. Major adverse limb events and mortality in patients with peripheral artery disease: the COMPASS trial. J Am Coll Cardiol 2018;71:2306\u201315. <br \/>3. Feuer DS, Handberg EM, Mehrad B, et al. Microvascular dysfunction as a systemic disease: a review of the evidence. Am J Med 2022;135:1059\u201310.<\/td>\n<\/tr>\n<tr>\n<td valign=\"top\" bgcolor=\"#E9E9E9\"><strong>Palabras claves<\/strong><\/td>\n<td valign=\"top\" bgcolor=\"#FFFFFF\">arteriopat\u00eda perif\u00e9rica; enfermedad microvascular; amputaci\u00f3n; episodios cardiovasculares<\/td>\n<\/tr>\n<\/tbody>\n<\/table>\n<p>[\/et_pb_text][\/et_pb_column][\/et_pb_row][\/et_pb_section]<\/p>\n","protected":false},"excerpt":{"rendered":"<p>Enfoque en el riesgo macrovascular y microvascular Enfermedad microvascular concomitante en pacientes con arteriopat\u00eda perif\u00e9rica: un problema en aumento 12 de marzo de 2024 Seg\u00fan datos de m\u00e1s de 33 millones de hospitalizaciones en Estados Unidos, m\u00e1s del 25 % de los pacientes ingresados con arteriopat\u00eda perif\u00e9rica (PAD) ten\u00edan enfermedad microvascular concomitante. Este grupo ten\u00eda [&hellip;]<\/p>\n","protected":false},"author":258497325,"featured_media":0,"parent":0,"menu_order":0,"comment_status":"closed","ping_status":"closed","template":"","meta":{"_et_pb_use_builder":"on","_et_pb_old_content":"","_et_gb_content_width":"","_crdt_document":"","jetpack_post_was_ever_published":true,"footnotes":""},"class_list":["post-252658","page","type-page","status-publish","hentry"],"yoast_head":"<!-- This site is optimized with the Yoast SEO plugin v27.3 - https:\/\/yoast.com\/product\/yoast-seo-wordpress\/ -->\n<title>Enfoque - Enfermedad microvascular com\u00f3rbida en pacientes con arteriopat\u00eda perif\u00e9rica: un problema creciente - R3I<\/title>\n<meta name=\"robots\" content=\"index, follow, max-snippet:-1, max-image-preview:large, max-video-preview:-1\" \/>\n<link rel=\"canonical\" href=\"https:\/\/r3i.org\/es\/enfoque-enfermedad-microvascular-comorbida-en-pacientes-con-arteriopatia-periferica-un-problema-creciente\/\" \/>\n<meta property=\"og:locale\" content=\"es_ES\" \/>\n<meta property=\"og:type\" content=\"article\" \/>\n<meta property=\"og:title\" content=\"Enfoque - Enfermedad microvascular com\u00f3rbida en pacientes con arteriopat\u00eda perif\u00e9rica: un problema creciente - R3I\" \/>\n<meta property=\"og:description\" content=\"Enfoque en el riesgo macrovascular y microvascular Enfermedad microvascular concomitante en pacientes con arteriopat\u00eda perif\u00e9rica: un problema en aumento 12 de marzo de 2024 Seg\u00fan datos de m\u00e1s de 33 millones de hospitalizaciones en Estados Unidos, m\u00e1s del 25 % de los pacientes ingresados con arteriopat\u00eda perif\u00e9rica (PAD) ten\u00edan enfermedad microvascular concomitante. Este grupo ten\u00eda [&hellip;]\" \/>\n<meta property=\"og:url\" content=\"https:\/\/r3i.org\/es\/enfoque-enfermedad-microvascular-comorbida-en-pacientes-con-arteriopatia-periferica-un-problema-creciente\/\" \/>\n<meta property=\"og:site_name\" content=\"R3I\" \/>\n<meta property=\"article:modified_time\" content=\"2025-02-16T23:25:46+00:00\" \/>\n<meta name=\"twitter:card\" content=\"summary_large_image\" \/>\n<meta name=\"twitter:label1\" content=\"Tiempo de lectura\" \/>\n\t<meta name=\"twitter:data1\" content=\"7 minutos\" \/>\n<script type=\"application\/ld+json\" class=\"yoast-schema-graph\">{\"@context\":\"https:\\\/\\\/schema.org\",\"@graph\":[{\"@type\":\"WebPage\",\"@id\":\"https:\\\/\\\/r3i.org\\\/es\\\/enfoque-enfermedad-microvascular-comorbida-en-pacientes-con-arteriopatia-periferica-un-problema-creciente\\\/\",\"url\":\"https:\\\/\\\/r3i.org\\\/es\\\/enfoque-enfermedad-microvascular-comorbida-en-pacientes-con-arteriopatia-periferica-un-problema-creciente\\\/\",\"name\":\"Enfoque - Enfermedad microvascular com\u00f3rbida en pacientes con arteriopat\u00eda perif\u00e9rica: un problema creciente - R3I\",\"isPartOf\":{\"@id\":\"https:\\\/\\\/r3i.org\\\/es\\\/#website\"},\"datePublished\":\"2025-01-21T18:03:31+00:00\",\"dateModified\":\"2025-02-16T23:25:46+00:00\",\"breadcrumb\":{\"@id\":\"https:\\\/\\\/r3i.org\\\/es\\\/enfoque-enfermedad-microvascular-comorbida-en-pacientes-con-arteriopatia-periferica-un-problema-creciente\\\/#breadcrumb\"},\"inLanguage\":\"es\",\"potentialAction\":[{\"@type\":\"ReadAction\",\"target\":[\"https:\\\/\\\/r3i.org\\\/es\\\/enfoque-enfermedad-microvascular-comorbida-en-pacientes-con-arteriopatia-periferica-un-problema-creciente\\\/\"]}]},{\"@type\":\"BreadcrumbList\",\"@id\":\"https:\\\/\\\/r3i.org\\\/es\\\/enfoque-enfermedad-microvascular-comorbida-en-pacientes-con-arteriopatia-periferica-un-problema-creciente\\\/#breadcrumb\",\"itemListElement\":[{\"@type\":\"ListItem\",\"position\":1,\"name\":\"Home\",\"item\":\"https:\\\/\\\/r3i.org\\\/es\\\/\"},{\"@type\":\"ListItem\",\"position\":2,\"name\":\"Enfoque &#8211; Enfermedad microvascular com\u00f3rbida en pacientes con arteriopat\u00eda perif\u00e9rica: un problema creciente\"}]},{\"@type\":\"WebSite\",\"@id\":\"https:\\\/\\\/r3i.org\\\/es\\\/#website\",\"url\":\"https:\\\/\\\/r3i.org\\\/es\\\/\",\"name\":\"R3I\",\"description\":\"Residual Risk Reduction Initiative\",\"publisher\":{\"@id\":\"https:\\\/\\\/r3i.org\\\/es\\\/#organization\"},\"potentialAction\":[{\"@type\":\"SearchAction\",\"target\":{\"@type\":\"EntryPoint\",\"urlTemplate\":\"https:\\\/\\\/r3i.org\\\/es\\\/?s={search_term_string}\"},\"query-input\":{\"@type\":\"PropertyValueSpecification\",\"valueRequired\":true,\"valueName\":\"search_term_string\"}}],\"inLanguage\":\"es\"},{\"@type\":\"Organization\",\"@id\":\"https:\\\/\\\/r3i.org\\\/es\\\/#organization\",\"name\":\"R3I\",\"url\":\"https:\\\/\\\/r3i.org\\\/es\\\/\",\"logo\":{\"@type\":\"ImageObject\",\"inLanguage\":\"es\",\"@id\":\"https:\\\/\\\/r3i.org\\\/es\\\/#\\\/schema\\\/logo\\\/image\\\/\",\"url\":\"https:\\\/\\\/i0.wp.com\\\/r3i.org\\\/wp-content\\\/uploads\\\/2024\\\/11\\\/r3i-logo-transp-1.png?fit=1601%2C834&ssl=1\",\"contentUrl\":\"https:\\\/\\\/i0.wp.com\\\/r3i.org\\\/wp-content\\\/uploads\\\/2024\\\/11\\\/r3i-logo-transp-1.png?fit=1601%2C834&ssl=1\",\"width\":1601,\"height\":834,\"caption\":\"R3I\"},\"image\":{\"@id\":\"https:\\\/\\\/r3i.org\\\/es\\\/#\\\/schema\\\/logo\\\/image\\\/\"}}]}<\/script>\n<!-- \/ Yoast SEO plugin. -->","yoast_head_json":{"title":"Enfoque - Enfermedad microvascular com\u00f3rbida en pacientes con arteriopat\u00eda perif\u00e9rica: un problema creciente - R3I","robots":{"index":"index","follow":"follow","max-snippet":"max-snippet:-1","max-image-preview":"max-image-preview:large","max-video-preview":"max-video-preview:-1"},"canonical":"https:\/\/r3i.org\/es\/enfoque-enfermedad-microvascular-comorbida-en-pacientes-con-arteriopatia-periferica-un-problema-creciente\/","og_locale":"es_ES","og_type":"article","og_title":"Enfoque - Enfermedad microvascular com\u00f3rbida en pacientes con arteriopat\u00eda perif\u00e9rica: un problema creciente - R3I","og_description":"Enfoque en el riesgo macrovascular y microvascular Enfermedad microvascular concomitante en pacientes con arteriopat\u00eda perif\u00e9rica: un problema en aumento 12 de marzo de 2024 Seg\u00fan datos de m\u00e1s de 33 millones de hospitalizaciones en Estados Unidos, m\u00e1s del 25 % de los pacientes ingresados con arteriopat\u00eda perif\u00e9rica (PAD) ten\u00edan enfermedad microvascular concomitante. Este grupo ten\u00eda [&hellip;]","og_url":"https:\/\/r3i.org\/es\/enfoque-enfermedad-microvascular-comorbida-en-pacientes-con-arteriopatia-periferica-un-problema-creciente\/","og_site_name":"R3I","article_modified_time":"2025-02-16T23:25:46+00:00","twitter_card":"summary_large_image","twitter_misc":{"Tiempo de lectura":"7 minutos"},"schema":{"@context":"https:\/\/schema.org","@graph":[{"@type":"WebPage","@id":"https:\/\/r3i.org\/es\/enfoque-enfermedad-microvascular-comorbida-en-pacientes-con-arteriopatia-periferica-un-problema-creciente\/","url":"https:\/\/r3i.org\/es\/enfoque-enfermedad-microvascular-comorbida-en-pacientes-con-arteriopatia-periferica-un-problema-creciente\/","name":"Enfoque - Enfermedad microvascular com\u00f3rbida en pacientes con arteriopat\u00eda perif\u00e9rica: un problema creciente - R3I","isPartOf":{"@id":"https:\/\/r3i.org\/es\/#website"},"datePublished":"2025-01-21T18:03:31+00:00","dateModified":"2025-02-16T23:25:46+00:00","breadcrumb":{"@id":"https:\/\/r3i.org\/es\/enfoque-enfermedad-microvascular-comorbida-en-pacientes-con-arteriopatia-periferica-un-problema-creciente\/#breadcrumb"},"inLanguage":"es","potentialAction":[{"@type":"ReadAction","target":["https:\/\/r3i.org\/es\/enfoque-enfermedad-microvascular-comorbida-en-pacientes-con-arteriopatia-periferica-un-problema-creciente\/"]}]},{"@type":"BreadcrumbList","@id":"https:\/\/r3i.org\/es\/enfoque-enfermedad-microvascular-comorbida-en-pacientes-con-arteriopatia-periferica-un-problema-creciente\/#breadcrumb","itemListElement":[{"@type":"ListItem","position":1,"name":"Home","item":"https:\/\/r3i.org\/es\/"},{"@type":"ListItem","position":2,"name":"Enfoque &#8211; Enfermedad microvascular com\u00f3rbida en pacientes con arteriopat\u00eda perif\u00e9rica: un problema creciente"}]},{"@type":"WebSite","@id":"https:\/\/r3i.org\/es\/#website","url":"https:\/\/r3i.org\/es\/","name":"R3I","description":"Residual Risk Reduction Initiative","publisher":{"@id":"https:\/\/r3i.org\/es\/#organization"},"potentialAction":[{"@type":"SearchAction","target":{"@type":"EntryPoint","urlTemplate":"https:\/\/r3i.org\/es\/?s={search_term_string}"},"query-input":{"@type":"PropertyValueSpecification","valueRequired":true,"valueName":"search_term_string"}}],"inLanguage":"es"},{"@type":"Organization","@id":"https:\/\/r3i.org\/es\/#organization","name":"R3I","url":"https:\/\/r3i.org\/es\/","logo":{"@type":"ImageObject","inLanguage":"es","@id":"https:\/\/r3i.org\/es\/#\/schema\/logo\/image\/","url":"https:\/\/i0.wp.com\/r3i.org\/wp-content\/uploads\/2024\/11\/r3i-logo-transp-1.png?fit=1601%2C834&ssl=1","contentUrl":"https:\/\/i0.wp.com\/r3i.org\/wp-content\/uploads\/2024\/11\/r3i-logo-transp-1.png?fit=1601%2C834&ssl=1","width":1601,"height":834,"caption":"R3I"},"image":{"@id":"https:\/\/r3i.org\/es\/#\/schema\/logo\/image\/"}}]}},"jetpack_likes_enabled":true,"jetpack_sharing_enabled":true,"jetpack_shortlink":"https:\/\/wp.me\/Pgbfv2-13J8","jetpack-related-posts":[],"_links":{"self":[{"href":"https:\/\/r3i.org\/es\/wp-json\/wp\/v2\/pages\/252658","targetHints":{"allow":["GET"]}}],"collection":[{"href":"https:\/\/r3i.org\/es\/wp-json\/wp\/v2\/pages"}],"about":[{"href":"https:\/\/r3i.org\/es\/wp-json\/wp\/v2\/types\/page"}],"author":[{"embeddable":true,"href":"https:\/\/r3i.org\/es\/wp-json\/wp\/v2\/users\/258497325"}],"replies":[{"embeddable":true,"href":"https:\/\/r3i.org\/es\/wp-json\/wp\/v2\/comments?post=252658"}],"version-history":[{"count":4,"href":"https:\/\/r3i.org\/es\/wp-json\/wp\/v2\/pages\/252658\/revisions"}],"predecessor-version":[{"id":254759,"href":"https:\/\/r3i.org\/es\/wp-json\/wp\/v2\/pages\/252658\/revisions\/254759"}],"wp:attachment":[{"href":"https:\/\/r3i.org\/es\/wp-json\/wp\/v2\/media?parent=252658"}],"curies":[{"name":"wp","href":"https:\/\/api.w.org\/{rel}","templated":true}]}}